{"id":9498,"date":"2022-11-15T11:28:56","date_gmt":"2022-11-15T16:28:56","guid":{"rendered":"https:\/\/www.able2.org\/soiree-dans-les-maritimes-accueil\/whos-coming\/"},"modified":"2026-04-14T20:20:47","modified_gmt":"2026-04-15T00:20:47","slug":"sdlm-qui-assiste","status":"publish","type":"page","link":"https:\/\/www.able2.org\/fr\/soiree-dans-les-maritimes-accueil\/sdlm-qui-assiste\/","title":{"rendered":"Qui assistera \u00e0 la SdlM26 ?"},"content":{"rendered":"<div class=\"wp-block-image\">\n<figure class=\"aligncenter size-full\"><img loading=\"lazy\" decoding=\"async\" width=\"1500\" height=\"300\" src=\"https:\/\/www.able2.org\/wp-content\/uploads\/2024\/08\/EiTM-WebBanners-edit.jpg\" alt=\"\" class=\"wp-image-19044\" srcset=\"https:\/\/www.able2.org\/wp-content\/uploads\/2024\/08\/EiTM-WebBanners-edit.jpg 1500w, https:\/\/www.able2.org\/wp-content\/uploads\/2024\/08\/EiTM-WebBanners-edit-300x60.jpg 300w, https:\/\/www.able2.org\/wp-content\/uploads\/2024\/08\/EiTM-WebBanners-edit-1024x205.jpg 1024w, https:\/\/www.able2.org\/wp-content\/uploads\/2024\/08\/EiTM-WebBanners-edit-768x154.jpg 768w\" sizes=\"(max-width: 1500px) 100vw, 1500px\" \/><\/figure><\/div>\n\n\n<div style=\"height:20px\" aria-hidden=\"true\" class=\"wp-block-spacer\"><\/div>\n\n\n\n<p><strong>Les billets et les tables pour l&rsquo;\u00e9dition 2026 sont en vente d\u00e8s maintenant.<\/strong><\/p>\n\n\n\n<p><em>Liste mise \u00e0 jour au 14 avril 2026<\/em><\/p>\n\n\n\n<h2 class=\"wp-block-heading\"><span class=\"has-inline-color has-vivid-red-color\"><strong>Participants corporatifs de la Soir\u00e9e dans les Maritimes de 2026:<\/strong><\/span><\/h2>\n\n\n\n<p><\/p>\n\n\n\n<ul>\n<li><a href=\"https:\/\/www.aircanada.com\/ca\/en\/aco\/home\/plan\/accessibility.html#\/\"><strong>Air Canada<\/strong><\/a><\/li>\n\n\n\n<li><a href=\"https:\/\/www.ariescontracting.com\/\" target=\"_blank\" rel=\"noreferrer noopener\"><strong>Aries Contracting Inc.<\/strong><\/a><\/li>\n\n\n\n<li><strong><a href=\"https:\/\/www.belden.com\/\" target=\"_blank\" rel=\"noreferrer noopener\">Belden<\/a><\/strong><\/li>\n\n\n\n<li><a href=\"https:\/\/www.hilton.com\/en\/hotels\/yowapgi-hilton-garden-inn-ottawa-airport\/\"><strong>Bona Hospitality &#8211; Hilton Garden Inn Ottawa<\/strong><\/a><\/li>\n\n\n\n<li><a href=\"https:\/\/www.blg.com\/en\" target=\"_blank\" rel=\"noreferrer noopener\"><strong>Borden Ladner Gervais LLP<\/strong><\/a><\/li>\n\n\n\n<li><a href=\"https:\/\/www.bflcanada.ca\/\"><strong>BFL Canada Risk and Insurance Services I<\/strong><\/a><a href=\"https:\/\/www.bflcanada.ca\/\" target=\"_blank\" rel=\"noreferrer noopener\"><strong>nc<\/strong><\/a><\/li>\n\n\n\n<li><strong><a href=\"https:\/\/www.buttcon.com\/\">Buttcon<\/a> <\/strong><\/li>\n\n\n\n<li><a href=\"https:\/\/www.cifinancial.com\/ci-gam\/ca\/en\/index.html\"><strong>CI Global Asset Management<\/strong><\/a><\/li>\n\n\n\n<li><strong><a href=\"https:\/\/www.bellmedia.ca\/upfront\/ctv\/\" target=\"_blank\" rel=\"noreferrer noopener\">CTV and Bell Media<\/a><\/strong><\/li>\n\n\n\n<li><a href=\"https:\/\/www.dkl.com\/\"><strong>Data Kinetics<\/strong><\/a><\/li>\n\n\n\n<li><a href=\"https:\/\/eazybenefits.com\/\"><strong>EazyBenefits<\/strong><\/a><\/li>\n\n\n\n<li><a href=\"http:\/\/www.ehlaw.ca\"><strong>Emond Harnden LLP<\/strong><\/a><\/li>\n\n\n\n<li><a href=\"https:\/\/www.enterprisemobility.ca\/\"><strong>Enterprise Mobility<\/strong><\/a><\/li>\n\n\n\n<li><a href=\"https:\/\/www.fci.ca\/\" target=\"_blank\" rel=\"noreferrer noopener\"><strong>FCi<\/strong><\/a><\/li>\n\n\n\n<li><a href=\"https:\/\/gowlingwlg.com\/en\"><strong>Gowling WLG<\/strong><\/a><\/li>\n\n\n\n<li><a href=\"https:\/\/nesbittburns.bmo.com\/Rick.Hughes\/\"><strong>Hughes &amp; Annis Wealth<\/strong><\/a><\/li>\n\n\n\n<li><a href=\"https:\/\/investia.ca\/\"><strong>Investia Financial Services Inc.<\/strong><\/a><\/li>\n\n\n\n<li><a href=\"https:\/\/www.lumentum.com\/en\"><strong>Lumentum<\/strong><\/a><\/li>\n\n\n\n<li><a href=\"https:\/\/ca.rbcwealthmanagement.com\/web\/menard.kinkaid\/\"><strong>Menard Kinkaid Private Wealth<\/strong><\/a><\/li>\n\n\n\n<li><a href=\"https:\/\/www.nlgc.com\/\"><strong>Nautical Lands Management Corporation<\/strong><\/a><\/li>\n\n\n\n<li><a href=\"https:\/\/www.oakviewcapitalinc.com\/\"><strong>Oakview Capital Inc.<\/strong><\/a><\/li>\n\n\n\n<li><a href=\"https:\/\/obj.ca\/\"><strong>Ottawa Business Journal<\/strong><\/a><\/li>\n\n\n\n<li><a href=\"https:\/\/www.thepwhl.com\/en\/teams\/ottawa-charge\"><strong>Ottawa Charge &#8211; Stephanie Markowski<\/strong><\/a><\/li>\n\n\n\n<li><a href=\"http:\/\/www.ottawapa.ca\"><strong>Ottawa Police Association<\/strong><\/a><\/li>\n\n\n\n<li><a href=\"https:\/\/www.tdplace.ca\/oseg\/\"><strong>Ottawa Sports and Entertainment Group<\/strong><\/a><\/li>\n\n\n\n<li><a href=\"http:\/\/polaramp.com\"><strong>Polar Asset Management Partners<\/strong><\/a><\/li>\n\n\n\n<li><a href=\"https:\/\/www.profab.ca\/en\/\"><strong>Pro-Fab Ontario<\/strong><\/a><\/li>\n\n\n\n<li><strong><a href=\"https:\/\/ca.rbcwealthmanagement.com\/web\/189.branch\/\" target=\"_blank\" rel=\"noreferrer noopener\">RBC Dominion Securities Ottawa Preston Branch<\/a><\/strong><\/li>\n\n\n\n<li><a href=\"https:\/\/www.rbcgam.com\/en\/ca\/?type=Individual+Investors&amp;redirected=true&amp;disclaimer\"><strong>RBC Global Asset Management Inc.<\/strong><\/a><\/li>\n\n\n\n<li><a href=\"https:\/\/rpia.ca\/\"><strong>RPIA<\/strong><\/a><\/li>\n\n\n\n<li><a href=\"https:\/\/www.salvagelonghouse.com\/\"><strong>Salvaje Longhouse<\/strong><\/a><\/li>\n\n\n\n<li><a href=\"https:\/\/sequencemarketing.ca\/\"><strong>Sequence Marketing<\/strong><\/a><\/li>\n\n\n\n<li><a href=\"http:\/\/www.smithandwestcpa.com\"><strong>Smith &amp; West CPA<\/strong><\/a><\/li>\n\n\n\n<li><a href=\"https:\/\/strategycorp.com\/\"><strong>StrategyCorp Inc.<\/strong><\/a><\/li>\n\n\n\n<li><a href=\"https:\/\/thearterycommunityroasters.com\/\"><strong>The Artery Community Roasters<\/strong><\/a><\/li>\n\n\n\n<li><a href=\"https:\/\/theattaingroup.com\/\"><strong>The Attain Group<\/strong><\/a><\/li>\n\n\n\n<li><a href=\"https:\/\/www.urbandalecorporation.com\/\"><strong>Urbandale Corporation<\/strong><\/a><\/li>\n\n\n\n<li><a href=\"https:\/\/www.wcpd.com\/wcpd-foundation\/\"><strong>WCPD Foundation<\/strong><\/a><\/li>\n<\/ul>\n\n\n\n<div style=\"height:20px\" aria-hidden=\"true\" class=\"wp-block-spacer\"><\/div>\n\n\n\n<div class=\"wp-block-buttons is-layout-flex wp-block-buttons-is-layout-flex\">\n<div class=\"wp-block-button is-style-fill\"><a class=\"wp-block-button__link has-white-color has-luminous-vivid-amber-background-color has-text-color has-background has-link-color wp-element-button\" href=\"https:\/\/events.myconferencesuite.com\/eveninginthemaritimes2026\/reg\/landing\" style=\"border-radius:0px\"><strong>AJOUTEZ VOTRE NOM \u00c0 CETTE LISTE<\/strong><\/a><\/div>\n<\/div>\n\n\n\n<div style=\"height:20px\" aria-hidden=\"true\" class=\"wp-block-spacer\"><\/div>\n\n\n\n<h2 class=\"wp-block-heading has-text-color\" style=\"color:#00b9c6\"><strong><span style=\"color: #00b9c6;\" class=\"has-inline-color\"><span style=\"color:#00b9c6\" class=\"has-inline-color\"><span style=\"color:#00b9c6\" class=\"has-inline-color\"><span style=\"color:#00b9c6\" class=\"has-inline-color\"><span style=\"color:#00b9c6\" class=\"has-inline-color\"><span style=\"color:#00b9c6\" class=\"has-inline-color\"><span style=\"color:#00b9c6\" class=\"has-inline-color\">Pour en savoir davantage sur la Soir\u00e9e dans les Maritimes<\/span><\/span><\/span> <\/span><\/span><\/span>  <\/span> <\/strong><\/h2>\n\n\n\n<div style=\"height:20px\" aria-hidden=\"true\" class=\"wp-block-spacer\"><\/div>\n\n\n\n<div class=\"wp-block-buttons is-layout-flex wp-block-buttons-is-layout-flex\">\n<div class=\"wp-block-button\"><a class=\"wp-block-button__link has-white-color has-vivid-red-background-color has-text-color has-background no-border-radius wp-element-button\" href=\"https:\/\/www.able2.org\/fr\/soiree-dans-les-maritimes-accueil\/\"><strong>Accueil<\/strong><\/a><\/div>\n\n\n\n<div class=\"wp-block-button\"><a class=\"wp-block-button__link has-black-color has-text-color has-background no-border-radius wp-element-button\" href=\"https:\/\/www.able2.org\/fr\/soiree-dans-les-maritimes-accueil\/sdlm-billets-tables\/\" style=\"background-color:#00b9c6\"><strong>Billets &amp; Tables<\/strong><\/a><\/div>\n\n\n\n<div class=\"wp-block-button\"><a class=\"wp-block-button__link has-white-color has-vivid-red-background-color has-text-color has-background no-border-radius wp-element-button\" href=\"https:\/\/www.able2.org\/fr\/soiree-dans-les-maritimes-accueil\/sdlm-commanditaires\/\"><strong>Commanditaires<\/strong><\/a><\/div>\n\n\n\n<div class=\"wp-block-button\"><a class=\"wp-block-button__link has-black-color has-text-color has-background no-border-radius wp-element-button\" href=\"https:\/\/www.able2.org\/fr\/soiree-dans-les-maritimes-accueil\/sdlm-contactez-nous\/\" style=\"background-color:#00b9c6\"><strong>Contactez-nous<\/strong><\/a><\/div>\n\n\n\n<div class=\"wp-block-button\"><a class=\"wp-block-button__link has-white-color has-vivid-red-background-color has-text-color has-background no-border-radius wp-element-button\" href=\"https:\/\/www.able2.org\/fr\/soiree-dans-les-maritimes-accueil\/sdlm-la-cause\/\"><strong><strong>La Cause<\/strong><\/strong><\/a><\/div>\n\n\n\n<div class=\"wp-block-button\"><a class=\"wp-block-button__link has-black-color has-text-color has-background no-border-radius wp-element-button\" href=\"https:\/\/www.able2.org\/fr\/soiree-dans-les-maritimes-accueil\/sdlm-qui-assiste\/\" style=\"background-color:#00b9c6\"><strong><strong>Qui assiste?<\/strong><\/strong><\/a><\/div>\n\n\n\n<div class=\"wp-block-button\"><a class=\"wp-block-button__link has-white-color has-vivid-red-background-color has-text-color has-background no-border-radius wp-element-button\" href=\"https:\/\/www.able2.org\/fr\/soiree-dans-les-maritimes-accueil\/sdlm-cercle-des-contributeurs\/sdlm-encan-en-direct\/\"><strong>Encan en direct<\/strong><\/a><\/div>\n\n\n\n<div class=\"wp-block-button\"><a class=\"wp-block-button__link has-black-color has-text-color has-background no-border-radius wp-element-button\" href=\"https:\/\/www.able2.org\/fr\/soiree-dans-les-maritimes-accueil\/sdlm-cercle-des-contributeurs\/sdlm-encan-silencieux\/\" style=\"background-color:#00b9c6\"><strong><strong>Encan silencieux<\/strong><\/strong><\/a><\/div>\n\n\n\n<div class=\"wp-block-button\"><a class=\"wp-block-button__link has-white-color has-vivid-red-background-color has-text-color has-background no-border-radius wp-element-button\" href=\"https:\/\/www.able2.org\/fr\/soiree-dans-les-maritimes-accueil\/sdlm-cercle-des-contributeurs\/sdlm-tombola-5050-sur-les-creatures-marines\/\"><strong>Tombola 50\/50 sur les cr\u00e9atures marines<\/strong><\/a><\/div>\n\n\n\n<div class=\"wp-block-button\"><a class=\"wp-block-button__link has-black-color has-text-color has-background no-border-radius wp-element-button\" href=\"https:\/\/www.able2.org\/fr\/soiree-dans-les-maritimes-accueil\/sdlm-cercle-des-contributeurs\/\" style=\"background-color:#00b9c6\"><strong>Cercles des contributeurs<\/strong><\/a><\/div>\n\n\n\n<div class=\"wp-block-button\"><a class=\"wp-block-button__link has-white-color has-vivid-red-background-color has-text-color has-background no-border-radius wp-element-button\" href=\"https:\/\/www.able2.org\/fr\/soiree-dans-les-maritimes-accueil\/sdlm-lexperience-des-maritimes\/\"><strong>L&rsquo;exp\u00e9rience des Maritimes<\/strong><\/a><\/div>\n\n\n\n<div class=\"wp-block-button\"><a class=\"wp-block-button__link has-black-color has-text-color has-background no-border-radius wp-element-button\" href=\"https:\/\/www.able2.org\/fr\/galerie-de-photos-2025\/\" style=\"background-color:#00b9c6\"><strong><strong>Galerie de photos<\/strong> <strong>202<\/strong>5<\/strong><\/a><\/div>\n\n\n\n<div class=\"wp-block-button\"><a class=\"wp-block-button__link has-white-color has-vivid-red-background-color has-text-color has-background no-border-radius wp-element-button\" href=\"https:\/\/www.able2.org\/fr\/galerie-de-photos-2024\/\"><strong><strong>Galerie de photos<\/strong> <strong>202<\/strong>4<\/strong><\/a><\/div>\n\n\n\n<div class=\"wp-block-button\"><a class=\"wp-block-button__link has-black-color has-text-color has-background no-border-radius wp-element-button\" href=\"https:\/\/www.able2.org\/fr\/galerie-photos-2023\/\" style=\"background-color:#00b9c6\"> <strong>Galerie de photos 2023<\/strong> <\/a><\/div>\n\n\n\n<div class=\"wp-block-button\"><a class=\"wp-block-button__link has-white-color has-vivid-red-background-color has-text-color has-background wp-element-button\" href=\"https:\/\/www.able2.org\/fr\/soiree-dans-les-maritimes-accueil\/galeries-photos-2022\/\" style=\"border-radius:1px\"><strong>Galerie de photos<\/strong> <strong>2022<\/strong><\/a><\/div>\n\n\n\n<div class=\"wp-block-button\"><a class=\"wp-block-button__link has-black-color has-text-color has-background wp-element-button\" href=\"https:\/\/www.able2.org\/fr\/soiree-dans-les-maritimes-accueil\/sdlm-benevole-a-la-soiree-dans-les-maritimes\/\" style=\"border-radius:1px;background-color:#00b9c6\"><strong>B\u00e9n\u00e9vole chez SdlM26<\/strong><\/a><\/div>\n<\/div>\n","protected":false},"excerpt":{"rendered":"<p>Les billets et les tables pour l&rsquo;\u00e9dition 2026 sont en vente d\u00e8s maintenant. Liste mise \u00e0 jour au 14 avril 2026 Participants corporatifs de la Soir\u00e9e dans les Maritimes de 2026: Pour en savoir davantage sur la Soir\u00e9e dans les Maritimes<\/p>\n","protected":false},"author":3,"featured_media":0,"parent":8847,"menu_order":0,"comment_status":"closed","ping_status":"closed","template":"page-templates\/page-sidebar.php","meta":{"_acf_changed":false,"footnotes":""},"acf":[],"yoast_head":"<!-- This site is optimized with the Yoast SEO plugin v22.8 - https:\/\/yoast.com\/wordpress\/plugins\/seo\/ -->\n<title>Qui assistera \u00e0 la SdlM26 ? | ABLE2<\/title>\n<meta name=\"robots\" content=\"index, follow, max-snippet:-1, max-image-preview:large, max-video-preview:-1\" \/>\n<link rel=\"canonical\" href=\"https:\/\/www.able2.org\/fr\/soiree-dans-les-maritimes-accueil\/sdlm-qui-assiste\/\" \/>\n<meta property=\"og:locale\" content=\"fr_FR\" \/>\n<meta property=\"og:type\" content=\"article\" \/>\n<meta property=\"og:title\" content=\"Qui assistera \u00e0 la SdlM26 ? | ABLE2\" \/>\n<meta property=\"og:description\" content=\"Les billets et les tables pour l&rsquo;\u00e9dition 2026 sont en vente d\u00e8s maintenant. Liste mise \u00e0 jour au 14 avril 2026 Participants corporatifs de la Soir\u00e9e dans les Maritimes de 2026: Pour en savoir davantage sur la Soir\u00e9e dans les Maritimes\" \/>\n<meta property=\"og:url\" content=\"https:\/\/www.able2.org\/fr\/soiree-dans-les-maritimes-accueil\/sdlm-qui-assiste\/\" \/>\n<meta property=\"og:site_name\" content=\"ABLE2\" \/>\n<meta property=\"article:modified_time\" content=\"2026-04-15T00:20:47+00:00\" \/>\n<meta property=\"og:image\" content=\"https:\/\/www.able2.org\/wp-content\/uploads\/2024\/08\/EiTM-WebBanners-edit.jpg\" \/>\n<meta name=\"twitter:card\" content=\"summary_large_image\" \/>\n<meta name=\"twitter:label1\" content=\"Dur\u00e9e de lecture estim\u00e9e\" \/>\n\t<meta name=\"twitter:data1\" content=\"2 minutes\" \/>\n<script type=\"application\/ld+json\" class=\"yoast-schema-graph\">{\"@context\":\"https:\/\/schema.org\",\"@graph\":[{\"@type\":\"WebPage\",\"@id\":\"https:\/\/www.able2.org\/fr\/soiree-dans-les-maritimes-accueil\/sdlm-qui-assiste\/\",\"url\":\"https:\/\/www.able2.org\/fr\/soiree-dans-les-maritimes-accueil\/sdlm-qui-assiste\/\",\"name\":\"Qui assistera \u00e0 la SdlM26 ? | ABLE2\",\"isPartOf\":{\"@id\":\"https:\/\/www.able2.org\/#website\"},\"primaryImageOfPage\":{\"@id\":\"https:\/\/www.able2.org\/fr\/soiree-dans-les-maritimes-accueil\/sdlm-qui-assiste\/#primaryimage\"},\"image\":{\"@id\":\"https:\/\/www.able2.org\/fr\/soiree-dans-les-maritimes-accueil\/sdlm-qui-assiste\/#primaryimage\"},\"thumbnailUrl\":\"https:\/\/www.able2.org\/wp-content\/uploads\/2024\/08\/EiTM-WebBanners-edit.jpg\",\"datePublished\":\"2022-11-15T16:28:56+00:00\",\"dateModified\":\"2026-04-15T00:20:47+00:00\",\"breadcrumb\":{\"@id\":\"https:\/\/www.able2.org\/fr\/soiree-dans-les-maritimes-accueil\/sdlm-qui-assiste\/#breadcrumb\"},\"inLanguage\":\"fr-FR\",\"potentialAction\":[{\"@type\":\"ReadAction\",\"target\":[\"https:\/\/www.able2.org\/fr\/soiree-dans-les-maritimes-accueil\/sdlm-qui-assiste\/\"]}]},{\"@type\":\"ImageObject\",\"inLanguage\":\"fr-FR\",\"@id\":\"https:\/\/www.able2.org\/fr\/soiree-dans-les-maritimes-accueil\/sdlm-qui-assiste\/#primaryimage\",\"url\":\"https:\/\/www.able2.org\/wp-content\/uploads\/2024\/08\/EiTM-WebBanners-edit.jpg\",\"contentUrl\":\"https:\/\/www.able2.org\/wp-content\/uploads\/2024\/08\/EiTM-WebBanners-edit.jpg\"},{\"@type\":\"BreadcrumbList\",\"@id\":\"https:\/\/www.able2.org\/fr\/soiree-dans-les-maritimes-accueil\/sdlm-qui-assiste\/#breadcrumb\",\"itemListElement\":[{\"@type\":\"ListItem\",\"position\":1,\"name\":\"Home\",\"item\":\"https:\/\/www.able2.org\/fr\/accueil\/\"},{\"@type\":\"ListItem\",\"position\":2,\"name\":\"Soir\u00e9e dans les Maritimes \u2013 O\u00f9 la bonne bouffe rencontre une bonne temps pour passer un GRANDE cause!\",\"item\":\"https:\/\/www.able2.org\/fr\/soiree-dans-les-maritimes-accueil\/\"},{\"@type\":\"ListItem\",\"position\":3,\"name\":\"Qui assistera \u00e0 la SdlM26 ?\"}]},{\"@type\":\"WebSite\",\"@id\":\"https:\/\/www.able2.org\/#website\",\"url\":\"https:\/\/www.able2.org\/\",\"name\":\"ABLE2\",\"description\":\"\",\"publisher\":{\"@id\":\"https:\/\/www.able2.org\/#organization\"},\"potentialAction\":[{\"@type\":\"SearchAction\",\"target\":{\"@type\":\"EntryPoint\",\"urlTemplate\":\"https:\/\/www.able2.org\/?s={search_term_string}\"},\"query-input\":\"required name=search_term_string\"}],\"inLanguage\":\"fr-FR\"},{\"@type\":\"Organization\",\"@id\":\"https:\/\/www.able2.org\/#organization\",\"name\":\"ABLE2\",\"url\":\"https:\/\/www.able2.org\/\",\"logo\":{\"@type\":\"ImageObject\",\"inLanguage\":\"fr-FR\",\"@id\":\"https:\/\/www.able2.org\/#\/schema\/logo\/image\/\",\"url\":\"https:\/\/www.able2.org\/wp-content\/uploads\/2020\/05\/logo.png\",\"contentUrl\":\"https:\/\/www.able2.org\/wp-content\/uploads\/2020\/05\/logo.png\",\"width\":528,\"height\":137,\"caption\":\"ABLE2\"},\"image\":{\"@id\":\"https:\/\/www.able2.org\/#\/schema\/logo\/image\/\"}}]}<\/script>\n<!-- \/ Yoast SEO plugin. -->","yoast_head_json":{"title":"Qui assistera \u00e0 la SdlM26 ? | ABLE2","robots":{"index":"index","follow":"follow","max-snippet":"max-snippet:-1","max-image-preview":"max-image-preview:large","max-video-preview":"max-video-preview:-1"},"canonical":"https:\/\/www.able2.org\/fr\/soiree-dans-les-maritimes-accueil\/sdlm-qui-assiste\/","og_locale":"fr_FR","og_type":"article","og_title":"Qui assistera \u00e0 la SdlM26 ? | ABLE2","og_description":"Les billets et les tables pour l&rsquo;\u00e9dition 2026 sont en vente d\u00e8s maintenant. Liste mise \u00e0 jour au 14 avril 2026 Participants corporatifs de la Soir\u00e9e dans les Maritimes de 2026: Pour en savoir davantage sur la Soir\u00e9e dans les Maritimes","og_url":"https:\/\/www.able2.org\/fr\/soiree-dans-les-maritimes-accueil\/sdlm-qui-assiste\/","og_site_name":"ABLE2","article_modified_time":"2026-04-15T00:20:47+00:00","og_image":[{"url":"https:\/\/www.able2.org\/wp-content\/uploads\/2024\/08\/EiTM-WebBanners-edit.jpg"}],"twitter_card":"summary_large_image","twitter_misc":{"Dur\u00e9e de lecture estim\u00e9e":"2 minutes"},"schema":{"@context":"https:\/\/schema.org","@graph":[{"@type":"WebPage","@id":"https:\/\/www.able2.org\/fr\/soiree-dans-les-maritimes-accueil\/sdlm-qui-assiste\/","url":"https:\/\/www.able2.org\/fr\/soiree-dans-les-maritimes-accueil\/sdlm-qui-assiste\/","name":"Qui assistera \u00e0 la SdlM26 ? | ABLE2","isPartOf":{"@id":"https:\/\/www.able2.org\/#website"},"primaryImageOfPage":{"@id":"https:\/\/www.able2.org\/fr\/soiree-dans-les-maritimes-accueil\/sdlm-qui-assiste\/#primaryimage"},"image":{"@id":"https:\/\/www.able2.org\/fr\/soiree-dans-les-maritimes-accueil\/sdlm-qui-assiste\/#primaryimage"},"thumbnailUrl":"https:\/\/www.able2.org\/wp-content\/uploads\/2024\/08\/EiTM-WebBanners-edit.jpg","datePublished":"2022-11-15T16:28:56+00:00","dateModified":"2026-04-15T00:20:47+00:00","breadcrumb":{"@id":"https:\/\/www.able2.org\/fr\/soiree-dans-les-maritimes-accueil\/sdlm-qui-assiste\/#breadcrumb"},"inLanguage":"fr-FR","potentialAction":[{"@type":"ReadAction","target":["https:\/\/www.able2.org\/fr\/soiree-dans-les-maritimes-accueil\/sdlm-qui-assiste\/"]}]},{"@type":"ImageObject","inLanguage":"fr-FR","@id":"https:\/\/www.able2.org\/fr\/soiree-dans-les-maritimes-accueil\/sdlm-qui-assiste\/#primaryimage","url":"https:\/\/www.able2.org\/wp-content\/uploads\/2024\/08\/EiTM-WebBanners-edit.jpg","contentUrl":"https:\/\/www.able2.org\/wp-content\/uploads\/2024\/08\/EiTM-WebBanners-edit.jpg"},{"@type":"BreadcrumbList","@id":"https:\/\/www.able2.org\/fr\/soiree-dans-les-maritimes-accueil\/sdlm-qui-assiste\/#breadcrumb","itemListElement":[{"@type":"ListItem","position":1,"name":"Home","item":"https:\/\/www.able2.org\/fr\/accueil\/"},{"@type":"ListItem","position":2,"name":"Soir\u00e9e dans les Maritimes \u2013 O\u00f9 la bonne bouffe rencontre une bonne temps pour passer un GRANDE cause!","item":"https:\/\/www.able2.org\/fr\/soiree-dans-les-maritimes-accueil\/"},{"@type":"ListItem","position":3,"name":"Qui assistera \u00e0 la SdlM26 ?"}]},{"@type":"WebSite","@id":"https:\/\/www.able2.org\/#website","url":"https:\/\/www.able2.org\/","name":"ABLE2","description":"","publisher":{"@id":"https:\/\/www.able2.org\/#organization"},"potentialAction":[{"@type":"SearchAction","target":{"@type":"EntryPoint","urlTemplate":"https:\/\/www.able2.org\/?s={search_term_string}"},"query-input":"required name=search_term_string"}],"inLanguage":"fr-FR"},{"@type":"Organization","@id":"https:\/\/www.able2.org\/#organization","name":"ABLE2","url":"https:\/\/www.able2.org\/","logo":{"@type":"ImageObject","inLanguage":"fr-FR","@id":"https:\/\/www.able2.org\/#\/schema\/logo\/image\/","url":"https:\/\/www.able2.org\/wp-content\/uploads\/2020\/05\/logo.png","contentUrl":"https:\/\/www.able2.org\/wp-content\/uploads\/2020\/05\/logo.png","width":528,"height":137,"caption":"ABLE2"},"image":{"@id":"https:\/\/www.able2.org\/#\/schema\/logo\/image\/"}}]}},"_links":{"self":[{"href":"https:\/\/www.able2.org\/fr\/wp-json\/wp\/v2\/pages\/9498"}],"collection":[{"href":"https:\/\/www.able2.org\/fr\/wp-json\/wp\/v2\/pages"}],"about":[{"href":"https:\/\/www.able2.org\/fr\/wp-json\/wp\/v2\/types\/page"}],"author":[{"embeddable":true,"href":"https:\/\/www.able2.org\/fr\/wp-json\/wp\/v2\/users\/3"}],"replies":[{"embeddable":true,"href":"https:\/\/www.able2.org\/fr\/wp-json\/wp\/v2\/comments?post=9498"}],"version-history":[{"count":84,"href":"https:\/\/www.able2.org\/fr\/wp-json\/wp\/v2\/pages\/9498\/revisions"}],"predecessor-version":[{"id":23712,"href":"https:\/\/www.able2.org\/fr\/wp-json\/wp\/v2\/pages\/9498\/revisions\/23712"}],"up":[{"embeddable":true,"href":"https:\/\/www.able2.org\/fr\/wp-json\/wp\/v2\/pages\/8847"}],"wp:attachment":[{"href":"https:\/\/www.able2.org\/fr\/wp-json\/wp\/v2\/media?parent=9498"}],"curies":[{"name":"wp","href":"https:\/\/api.w.org\/{rel}","templated":true}]}}