{"id":9332,"date":"2022-11-09T14:51:57","date_gmt":"2022-11-09T19:51:57","guid":{"rendered":"https:\/\/www.able2.org\/soiree-dans-les-maritimes-accueil\/volunteer-at-evening-in-the-maritimes\/"},"modified":"2026-04-14T15:36:44","modified_gmt":"2026-04-14T19:36:44","slug":"sdlm-benevole-a-la-soiree-dans-les-maritimes","status":"publish","type":"page","link":"https:\/\/www.able2.org\/fr\/soiree-dans-les-maritimes-accueil\/sdlm-benevole-a-la-soiree-dans-les-maritimes\/","title":{"rendered":"B\u00e9n\u00e9vole \u00e0 la Soir\u00e9e dans les Maritimes"},"content":{"rendered":"\n<div style=\"height:20px\" aria-hidden=\"true\" class=\"wp-block-spacer\"><\/div>\n\n\n\n<p class=\"has-black-color has-text-color has-link-color wp-elements-cd8c4ed99fbc8480cacf39d6820bc9e4\">Le succ\u00e8s des Soir\u00e9es dans les Maritimes (SdlM) repose en grande partie sur notre \u00e9quipe de b\u00e9n\u00e9voles&nbsp;! Si vous souhaitez vous joindre \u00e0 nous, veuillez consulter les r\u00f4les et les horaires de b\u00e9n\u00e9volat disponibles, puis remplir le formulaire de manifestation d\u2019int\u00e9r\u00eat en ligne pour faire partie de l\u2019\u00e9quipe de b\u00e9n\u00e9voles de la 26e&nbsp;SdlM.<\/p>\n\n\n\n<p>Les <strong>candidatures sont ouvertes du 15 avril au 1er mai 2026<\/strong> (ou seront closes plus t\u00f4t si tous les postes sont pourvus avant la date limite).<\/p>\n\n\n\n<p>Consultez l\u2019aper\u00e7u des postes <strong><a href=\"https:\/\/www.able2.org\/wp-content\/uploads\/2026\/04\/EiTM26-Volunteer-Overview-of-Roles-Shift-Times-For-Website-EN-finalv2.pdf\" target=\"_blank\" rel=\"noreferrer noopener\">ici<\/a><\/strong>. [Disponible uniquement en anglais]\u00a0<\/p>\n\n\n\n<p><strong>REMARQUE&nbsp;:<\/strong> Les quarts de travail durent de 2,5 heures \u00e0 6 heures. Vous pouvez effectuer plus d\u2019un quart de travail. Des quarts de travail sont disponibles le soir du mercredi 13 mai 2026 et toute la journ\u00e9e et la soir\u00e9e du jeudi 14 mai 2026, jour de l\u2019\u00e9v\u00e9nement. Tous les b\u00e9n\u00e9voles travailleront sur place, \u00e0 l\u2019h\u00f4tel Westin Ottawa, situ\u00e9 au 11, promenade Colonel, \u00e0 Ottawa, pr\u00e8s du Centre Rideau, au centre-ville.<\/p>\n\n\n\n<p>Nous remercions sinc\u00e8rement toutes les personnes qui manifestent leur int\u00e9r\u00eat \u00e0 faire du b\u00e9n\u00e9volat pour les Soir\u00e9es dans les Maritimes. Le nombre de places \u00e9tant limit\u00e9, toutes les candidatures ne seront pas retenues. Selon l&rsquo;int\u00e9r\u00eat manifest\u00e9, la priorit\u00e9 sera accord\u00e9e aux b\u00e9n\u00e9voles disponibles pour plusieurs quarts de travail et\/ou ayant d\u00e9j\u00e0 particip\u00e9 aux Soir\u00e9es dans les Maritimes ou \u00e0 d&rsquo;autres \u00e9v\u00e9nements ABLE2. Tous les candidats seront inform\u00e9s du r\u00e9sultat de leur candidature, quelle que soit sa s\u00e9lection.<\/p>\n\n\n\n<div style=\"height:20px\" aria-hidden=\"true\" class=\"wp-block-spacer\"><\/div>\n\n\n\n<div class=\"wp-block-buttons is-layout-flex wp-block-buttons-is-layout-flex\">\n<div class=\"wp-block-button\"><a class=\"wp-block-button__link has-white-color has-luminous-vivid-amber-background-color has-text-color has-background has-link-color wp-element-button\" href=\"https:\/\/www.surveymonkey.com\/r\/ABLE2-eitm26-volunteer\" style=\"border-radius:0px\" target=\"_blank\" rel=\"noreferrer noopener\"><strong>Formulaire de manifestation d&rsquo;int\u00e9r\u00eat pour les b\u00e9n\u00e9voles SdlM<\/strong><\/a><\/div>\n<\/div>\n\n\n\n<div style=\"height:20px\" aria-hidden=\"true\" class=\"wp-block-spacer\"><\/div>\n\n\n\n<p><strong>Des questions sur le b\u00e9n\u00e9volat lors d&rsquo;une Soir\u00e9e dans les Maritimes&nbsp;?<\/strong><\/p>\n\n\n\n<p>Pour toute question concernant le b\u00e9n\u00e9volat \u00e0 Soir\u00e9es dans les Maritimes, veuillez contacter la coordonnatrice des b\u00e9n\u00e9voles, Bailey D\u2019Angelo, \u00e0 l\u2019adresse <a href=\"mailto:Bailey@isparkconsulting.ca\" target=\"_blank\" rel=\"noreferrer noopener\"><strong>Bailey@isparkconsulting.ca<\/strong><\/a>.<\/p>\n\n\n\n<p>Merci de votre int\u00e9r\u00eat pour le b\u00e9n\u00e9volat lors de cet \u00e9v\u00e9nement ! Nous avons h\u00e2te d&rsquo;accueillir de nouveaux b\u00e9n\u00e9voles dans notre \u00e9quipe !<\/p>\n\n\n\n<div style=\"height:17px\" aria-hidden=\"true\" class=\"wp-block-spacer\"><\/div>\n\n\n\n<h2 class=\"wp-block-heading has-text-color\" style=\"color:#00b9c6\"><span style=\"color: #00b9c6;\" class=\"has-inline-color\"><strong><span style=\"color:#00b9c6\" class=\"has-inline-color\"><span style=\"color:#00b9c6\" class=\"has-inline-color\"><span style=\"color:#00b9c6\" class=\"has-inline-color\"><span style=\"color:#00b9c6\" class=\"has-inline-color\"><span style=\"color:#00b9c6\" class=\"has-inline-color\"><span style=\"color:#00b9c6\" class=\"has-inline-color\">Pour en savoir davantage sur la Soir\u00e9e dans les Maritimes<\/span><\/span><\/span> <\/span><\/span><\/span>  <\/strong><\/span><\/h2>\n\n\n\n<div style=\"height:20px\" aria-hidden=\"true\" class=\"wp-block-spacer\"><\/div>\n\n\n\n<div class=\"wp-block-buttons is-layout-flex wp-block-buttons-is-layout-flex\">\n<div class=\"wp-block-button\"><a class=\"wp-block-button__link has-white-color has-vivid-red-background-color has-text-color has-background no-border-radius wp-element-button\" href=\"https:\/\/www.able2.org\/fr\/soiree-dans-les-maritimes-accueil\/\"><strong>Accueil<\/strong><\/a><\/div>\n\n\n\n<div class=\"wp-block-button\"><a class=\"wp-block-button__link has-black-color has-text-color has-background no-border-radius wp-element-button\" href=\"https:\/\/www.able2.org\/fr\/soiree-dans-les-maritimes-accueil\/sdlm-billets-tables\/\" style=\"background-color:#00b9c6\"><strong>Billets &amp; Tables<\/strong><\/a><\/div>\n\n\n\n<div class=\"wp-block-button\"><a class=\"wp-block-button__link has-white-color has-vivid-red-background-color has-text-color has-background no-border-radius wp-element-button\" href=\"https:\/\/www.able2.org\/fr\/soiree-dans-les-maritimes-accueil\/sdlm-commanditaires\/\"><strong>Commanditaires<\/strong><\/a><\/div>\n\n\n\n<div class=\"wp-block-button\"><a class=\"wp-block-button__link has-black-color has-text-color has-background no-border-radius wp-element-button\" href=\"https:\/\/www.able2.org\/fr\/soiree-dans-les-maritimes-accueil\/sdlm-contactez-nous\/\" style=\"background-color:#00b9c6\"><strong>Contactez-nous<\/strong><\/a><\/div>\n\n\n\n<div class=\"wp-block-button\"><a class=\"wp-block-button__link has-white-color has-vivid-red-background-color has-text-color has-background no-border-radius wp-element-button\" href=\"https:\/\/www.able2.org\/fr\/soiree-dans-les-maritimes-accueil\/sdlm-la-cause\/\"><strong><strong>La Cause<\/strong><\/strong><\/a><\/div>\n\n\n\n<div class=\"wp-block-button\"><a class=\"wp-block-button__link has-black-color has-text-color has-background no-border-radius wp-element-button\" href=\"https:\/\/www.able2.org\/fr\/soiree-dans-les-maritimes-accueil\/sdlm-qui-assiste\/\" style=\"background-color:#00b9c6\"><strong><strong>Qui assiste?<\/strong><\/strong><\/a><\/div>\n\n\n\n<div class=\"wp-block-button\"><a class=\"wp-block-button__link has-white-color has-vivid-red-background-color has-text-color has-background no-border-radius wp-element-button\" href=\"https:\/\/www.able2.org\/fr\/soiree-dans-les-maritimes-accueil\/sdlm-cercle-des-contributeurs\/sdlm-encan-en-direct\/\"><strong>Encan en direct<\/strong><\/a><\/div>\n\n\n\n<div class=\"wp-block-button\"><a class=\"wp-block-button__link has-black-color has-text-color has-background no-border-radius wp-element-button\" href=\"https:\/\/www.able2.org\/fr\/soiree-dans-les-maritimes-accueil\/sdlm-cercle-des-contributeurs\/sdlm-encan-silencieux\/\" style=\"background-color:#00b9c6\"><strong><strong>Encan silencieux<\/strong><\/strong><\/a><\/div>\n\n\n\n<div class=\"wp-block-button\"><a class=\"wp-block-button__link has-white-color has-vivid-red-background-color has-text-color has-background no-border-radius wp-element-button\" href=\"https:\/\/www.able2.org\/fr\/soiree-dans-les-maritimes-accueil\/sdlm-cercle-des-contributeurs\/sdlm-tombola-5050-sur-les-creatures-marines\/\"><strong>Tombola 50\/50 sur les cr\u00e9atures marines<\/strong><\/a><\/div>\n\n\n\n<div class=\"wp-block-button\"><a class=\"wp-block-button__link has-black-color has-text-color has-background no-border-radius wp-element-button\" href=\"https:\/\/www.able2.org\/fr\/soiree-dans-les-maritimes-accueil\/sdlm-cercle-des-contributeurs\/\" style=\"background-color:#00b9c6\"><strong>Cercles des contributeurs<\/strong><\/a><\/div>\n\n\n\n<div class=\"wp-block-button\"><a class=\"wp-block-button__link has-white-color has-vivid-red-background-color has-text-color has-background no-border-radius wp-element-button\" href=\"https:\/\/www.able2.org\/fr\/soiree-dans-les-maritimes-accueil\/sdlm-lexperience-des-maritimes\/\"><strong>L&rsquo;exp\u00e9rience des Maritimes<\/strong><\/a><\/div>\n\n\n\n<div class=\"wp-block-button\"><a class=\"wp-block-button__link has-black-color has-text-color has-background no-border-radius wp-element-button\" href=\"https:\/\/www.able2.org\/fr\/galerie-de-photos-2025\/\" style=\"background-color:#00b9c6\"><strong><strong>Galerie de photos<\/strong> <strong>202<\/strong>5<\/strong><\/a><\/div>\n\n\n\n<div class=\"wp-block-button\"><a class=\"wp-block-button__link has-white-color has-vivid-red-background-color has-text-color has-background no-border-radius wp-element-button\" href=\"https:\/\/www.able2.org\/fr\/galerie-de-photos-2024\/\"><strong><strong>Galerie de photos<\/strong> <strong>202<\/strong>4<\/strong><\/a><\/div>\n\n\n\n<div class=\"wp-block-button\"><a class=\"wp-block-button__link has-black-color has-text-color has-background no-border-radius wp-element-button\" href=\"https:\/\/www.able2.org\/fr\/galerie-photos-2023\/\" style=\"background-color:#00b9c6\"> <strong>Galerie de photos 2023<\/strong> <\/a><\/div>\n\n\n\n<div class=\"wp-block-button\"><a class=\"wp-block-button__link has-white-color has-vivid-red-background-color has-text-color has-background wp-element-button\" href=\"https:\/\/www.able2.org\/fr\/soiree-dans-les-maritimes-accueil\/galeries-photos-2022\/\" style=\"border-radius:1px\"><strong>Galerie de photos<\/strong> <strong>2022<\/strong><\/a><\/div>\n\n\n\n<div class=\"wp-block-button\"><a class=\"wp-block-button__link has-black-color has-text-color has-background wp-element-button\" href=\"https:\/\/www.able2.org\/fr\/soiree-dans-les-maritimes-accueil\/sdlm-benevole-a-la-soiree-dans-les-maritimes\/\" style=\"border-radius:1px;background-color:#00b9c6\"><strong>B\u00e9n\u00e9vole chez SdlM26<\/strong><\/a><\/div>\n<\/div>\n","protected":false},"excerpt":{"rendered":"<p>Le succ\u00e8s des Soir\u00e9es dans les Maritimes (SdlM) repose en grande partie sur notre \u00e9quipe de b\u00e9n\u00e9voles&nbsp;! Si vous souhaitez vous joindre \u00e0 nous, veuillez consulter les r\u00f4les et les horaires de b\u00e9n\u00e9volat disponibles, puis remplir le formulaire de manifestation d\u2019int\u00e9r\u00eat en ligne pour faire partie de l\u2019\u00e9quipe de b\u00e9n\u00e9voles de la 26e&nbsp;SdlM. Les candidatures [&hellip;]<\/p>\n","protected":false},"author":1,"featured_media":6883,"parent":8847,"menu_order":0,"comment_status":"closed","ping_status":"closed","template":"page-templates\/page-no_sidebar.php","meta":{"_acf_changed":false,"footnotes":""},"acf":[],"yoast_head":"<!-- This site is optimized with the Yoast SEO plugin v22.8 - https:\/\/yoast.com\/wordpress\/plugins\/seo\/ -->\n<title>B\u00e9n\u00e9vole \u00e0 la Soir\u00e9e dans les Maritimes | ABLE2<\/title>\n<meta name=\"robots\" content=\"index, follow, max-snippet:-1, max-image-preview:large, max-video-preview:-1\" \/>\n<link rel=\"canonical\" href=\"https:\/\/www.able2.org\/fr\/soiree-dans-les-maritimes-accueil\/sdlm-benevole-a-la-soiree-dans-les-maritimes\/\" \/>\n<meta property=\"og:locale\" content=\"fr_FR\" \/>\n<meta property=\"og:type\" content=\"article\" \/>\n<meta property=\"og:title\" content=\"B\u00e9n\u00e9vole \u00e0 la Soir\u00e9e dans les Maritimes | ABLE2\" \/>\n<meta property=\"og:description\" content=\"Le succ\u00e8s des Soir\u00e9es dans les Maritimes (SdlM) repose en grande partie sur notre \u00e9quipe de b\u00e9n\u00e9voles&nbsp;! Si vous souhaitez vous joindre \u00e0 nous, veuillez consulter les r\u00f4les et les horaires de b\u00e9n\u00e9volat disponibles, puis remplir le formulaire de manifestation d\u2019int\u00e9r\u00eat en ligne pour faire partie de l\u2019\u00e9quipe de b\u00e9n\u00e9voles de la 26e&nbsp;SdlM. Les candidatures [&hellip;]\" \/>\n<meta property=\"og:url\" content=\"https:\/\/www.able2.org\/fr\/soiree-dans-les-maritimes-accueil\/sdlm-benevole-a-la-soiree-dans-les-maritimes\/\" \/>\n<meta property=\"og:site_name\" content=\"ABLE2\" \/>\n<meta property=\"article:modified_time\" content=\"2026-04-14T19:36:44+00:00\" \/>\n<meta property=\"og:image\" content=\"https:\/\/www.able2.org\/wp-content\/uploads\/2022\/06\/EITM-2022-Low-Res-2896.jpg\" \/>\n\t<meta property=\"og:image:width\" content=\"1200\" \/>\n\t<meta property=\"og:image:height\" content=\"801\" \/>\n\t<meta property=\"og:image:type\" content=\"image\/jpeg\" \/>\n<meta name=\"twitter:card\" content=\"summary_large_image\" \/>\n<meta name=\"twitter:label1\" content=\"Dur\u00e9e de lecture estim\u00e9e\" \/>\n\t<meta name=\"twitter:data1\" content=\"2 minutes\" \/>\n<script type=\"application\/ld+json\" class=\"yoast-schema-graph\">{\"@context\":\"https:\/\/schema.org\",\"@graph\":[{\"@type\":\"WebPage\",\"@id\":\"https:\/\/www.able2.org\/fr\/soiree-dans-les-maritimes-accueil\/sdlm-benevole-a-la-soiree-dans-les-maritimes\/\",\"url\":\"https:\/\/www.able2.org\/fr\/soiree-dans-les-maritimes-accueil\/sdlm-benevole-a-la-soiree-dans-les-maritimes\/\",\"name\":\"B\u00e9n\u00e9vole \u00e0 la Soir\u00e9e dans les Maritimes | ABLE2\",\"isPartOf\":{\"@id\":\"https:\/\/www.able2.org\/#website\"},\"primaryImageOfPage\":{\"@id\":\"https:\/\/www.able2.org\/fr\/soiree-dans-les-maritimes-accueil\/sdlm-benevole-a-la-soiree-dans-les-maritimes\/#primaryimage\"},\"image\":{\"@id\":\"https:\/\/www.able2.org\/fr\/soiree-dans-les-maritimes-accueil\/sdlm-benevole-a-la-soiree-dans-les-maritimes\/#primaryimage\"},\"thumbnailUrl\":\"https:\/\/www.able2.org\/wp-content\/uploads\/2022\/06\/EITM-2022-Low-Res-2896.jpg\",\"datePublished\":\"2022-11-09T19:51:57+00:00\",\"dateModified\":\"2026-04-14T19:36:44+00:00\",\"breadcrumb\":{\"@id\":\"https:\/\/www.able2.org\/fr\/soiree-dans-les-maritimes-accueil\/sdlm-benevole-a-la-soiree-dans-les-maritimes\/#breadcrumb\"},\"inLanguage\":\"fr-FR\",\"potentialAction\":[{\"@type\":\"ReadAction\",\"target\":[\"https:\/\/www.able2.org\/fr\/soiree-dans-les-maritimes-accueil\/sdlm-benevole-a-la-soiree-dans-les-maritimes\/\"]}]},{\"@type\":\"ImageObject\",\"inLanguage\":\"fr-FR\",\"@id\":\"https:\/\/www.able2.org\/fr\/soiree-dans-les-maritimes-accueil\/sdlm-benevole-a-la-soiree-dans-les-maritimes\/#primaryimage\",\"url\":\"https:\/\/www.able2.org\/wp-content\/uploads\/2022\/06\/EITM-2022-Low-Res-2896.jpg\",\"contentUrl\":\"https:\/\/www.able2.org\/wp-content\/uploads\/2022\/06\/EITM-2022-Low-Res-2896.jpg\",\"width\":1200,\"height\":801},{\"@type\":\"BreadcrumbList\",\"@id\":\"https:\/\/www.able2.org\/fr\/soiree-dans-les-maritimes-accueil\/sdlm-benevole-a-la-soiree-dans-les-maritimes\/#breadcrumb\",\"itemListElement\":[{\"@type\":\"ListItem\",\"position\":1,\"name\":\"Home\",\"item\":\"https:\/\/www.able2.org\/fr\/accueil\/\"},{\"@type\":\"ListItem\",\"position\":2,\"name\":\"Soir\u00e9e dans les Maritimes \u2013 O\u00f9 la bonne bouffe rencontre une bonne temps pour passer un GRANDE cause!\",\"item\":\"https:\/\/www.able2.org\/fr\/soiree-dans-les-maritimes-accueil\/\"},{\"@type\":\"ListItem\",\"position\":3,\"name\":\"B\u00e9n\u00e9vole \u00e0 la Soir\u00e9e dans les Maritimes\"}]},{\"@type\":\"WebSite\",\"@id\":\"https:\/\/www.able2.org\/#website\",\"url\":\"https:\/\/www.able2.org\/\",\"name\":\"ABLE2\",\"description\":\"\",\"publisher\":{\"@id\":\"https:\/\/www.able2.org\/#organization\"},\"potentialAction\":[{\"@type\":\"SearchAction\",\"target\":{\"@type\":\"EntryPoint\",\"urlTemplate\":\"https:\/\/www.able2.org\/?s={search_term_string}\"},\"query-input\":\"required name=search_term_string\"}],\"inLanguage\":\"fr-FR\"},{\"@type\":\"Organization\",\"@id\":\"https:\/\/www.able2.org\/#organization\",\"name\":\"ABLE2\",\"url\":\"https:\/\/www.able2.org\/\",\"logo\":{\"@type\":\"ImageObject\",\"inLanguage\":\"fr-FR\",\"@id\":\"https:\/\/www.able2.org\/#\/schema\/logo\/image\/\",\"url\":\"https:\/\/www.able2.org\/wp-content\/uploads\/2020\/05\/logo.png\",\"contentUrl\":\"https:\/\/www.able2.org\/wp-content\/uploads\/2020\/05\/logo.png\",\"width\":528,\"height\":137,\"caption\":\"ABLE2\"},\"image\":{\"@id\":\"https:\/\/www.able2.org\/#\/schema\/logo\/image\/\"}}]}<\/script>\n<!-- \/ Yoast SEO plugin. -->","yoast_head_json":{"title":"B\u00e9n\u00e9vole \u00e0 la Soir\u00e9e dans les Maritimes | ABLE2","robots":{"index":"index","follow":"follow","max-snippet":"max-snippet:-1","max-image-preview":"max-image-preview:large","max-video-preview":"max-video-preview:-1"},"canonical":"https:\/\/www.able2.org\/fr\/soiree-dans-les-maritimes-accueil\/sdlm-benevole-a-la-soiree-dans-les-maritimes\/","og_locale":"fr_FR","og_type":"article","og_title":"B\u00e9n\u00e9vole \u00e0 la Soir\u00e9e dans les Maritimes | ABLE2","og_description":"Le succ\u00e8s des Soir\u00e9es dans les Maritimes (SdlM) repose en grande partie sur notre \u00e9quipe de b\u00e9n\u00e9voles&nbsp;! Si vous souhaitez vous joindre \u00e0 nous, veuillez consulter les r\u00f4les et les horaires de b\u00e9n\u00e9volat disponibles, puis remplir le formulaire de manifestation d\u2019int\u00e9r\u00eat en ligne pour faire partie de l\u2019\u00e9quipe de b\u00e9n\u00e9voles de la 26e&nbsp;SdlM. Les candidatures [&hellip;]","og_url":"https:\/\/www.able2.org\/fr\/soiree-dans-les-maritimes-accueil\/sdlm-benevole-a-la-soiree-dans-les-maritimes\/","og_site_name":"ABLE2","article_modified_time":"2026-04-14T19:36:44+00:00","og_image":[{"width":1200,"height":801,"url":"https:\/\/www.able2.org\/wp-content\/uploads\/2022\/06\/EITM-2022-Low-Res-2896.jpg","type":"image\/jpeg"}],"twitter_card":"summary_large_image","twitter_misc":{"Dur\u00e9e de lecture estim\u00e9e":"2 minutes"},"schema":{"@context":"https:\/\/schema.org","@graph":[{"@type":"WebPage","@id":"https:\/\/www.able2.org\/fr\/soiree-dans-les-maritimes-accueil\/sdlm-benevole-a-la-soiree-dans-les-maritimes\/","url":"https:\/\/www.able2.org\/fr\/soiree-dans-les-maritimes-accueil\/sdlm-benevole-a-la-soiree-dans-les-maritimes\/","name":"B\u00e9n\u00e9vole \u00e0 la Soir\u00e9e dans les Maritimes | ABLE2","isPartOf":{"@id":"https:\/\/www.able2.org\/#website"},"primaryImageOfPage":{"@id":"https:\/\/www.able2.org\/fr\/soiree-dans-les-maritimes-accueil\/sdlm-benevole-a-la-soiree-dans-les-maritimes\/#primaryimage"},"image":{"@id":"https:\/\/www.able2.org\/fr\/soiree-dans-les-maritimes-accueil\/sdlm-benevole-a-la-soiree-dans-les-maritimes\/#primaryimage"},"thumbnailUrl":"https:\/\/www.able2.org\/wp-content\/uploads\/2022\/06\/EITM-2022-Low-Res-2896.jpg","datePublished":"2022-11-09T19:51:57+00:00","dateModified":"2026-04-14T19:36:44+00:00","breadcrumb":{"@id":"https:\/\/www.able2.org\/fr\/soiree-dans-les-maritimes-accueil\/sdlm-benevole-a-la-soiree-dans-les-maritimes\/#breadcrumb"},"inLanguage":"fr-FR","potentialAction":[{"@type":"ReadAction","target":["https:\/\/www.able2.org\/fr\/soiree-dans-les-maritimes-accueil\/sdlm-benevole-a-la-soiree-dans-les-maritimes\/"]}]},{"@type":"ImageObject","inLanguage":"fr-FR","@id":"https:\/\/www.able2.org\/fr\/soiree-dans-les-maritimes-accueil\/sdlm-benevole-a-la-soiree-dans-les-maritimes\/#primaryimage","url":"https:\/\/www.able2.org\/wp-content\/uploads\/2022\/06\/EITM-2022-Low-Res-2896.jpg","contentUrl":"https:\/\/www.able2.org\/wp-content\/uploads\/2022\/06\/EITM-2022-Low-Res-2896.jpg","width":1200,"height":801},{"@type":"BreadcrumbList","@id":"https:\/\/www.able2.org\/fr\/soiree-dans-les-maritimes-accueil\/sdlm-benevole-a-la-soiree-dans-les-maritimes\/#breadcrumb","itemListElement":[{"@type":"ListItem","position":1,"name":"Home","item":"https:\/\/www.able2.org\/fr\/accueil\/"},{"@type":"ListItem","position":2,"name":"Soir\u00e9e dans les Maritimes \u2013 O\u00f9 la bonne bouffe rencontre une bonne temps pour passer un GRANDE cause!","item":"https:\/\/www.able2.org\/fr\/soiree-dans-les-maritimes-accueil\/"},{"@type":"ListItem","position":3,"name":"B\u00e9n\u00e9vole \u00e0 la Soir\u00e9e dans les Maritimes"}]},{"@type":"WebSite","@id":"https:\/\/www.able2.org\/#website","url":"https:\/\/www.able2.org\/","name":"ABLE2","description":"","publisher":{"@id":"https:\/\/www.able2.org\/#organization"},"potentialAction":[{"@type":"SearchAction","target":{"@type":"EntryPoint","urlTemplate":"https:\/\/www.able2.org\/?s={search_term_string}"},"query-input":"required name=search_term_string"}],"inLanguage":"fr-FR"},{"@type":"Organization","@id":"https:\/\/www.able2.org\/#organization","name":"ABLE2","url":"https:\/\/www.able2.org\/","logo":{"@type":"ImageObject","inLanguage":"fr-FR","@id":"https:\/\/www.able2.org\/#\/schema\/logo\/image\/","url":"https:\/\/www.able2.org\/wp-content\/uploads\/2020\/05\/logo.png","contentUrl":"https:\/\/www.able2.org\/wp-content\/uploads\/2020\/05\/logo.png","width":528,"height":137,"caption":"ABLE2"},"image":{"@id":"https:\/\/www.able2.org\/#\/schema\/logo\/image\/"}}]}},"_links":{"self":[{"href":"https:\/\/www.able2.org\/fr\/wp-json\/wp\/v2\/pages\/9332"}],"collection":[{"href":"https:\/\/www.able2.org\/fr\/wp-json\/wp\/v2\/pages"}],"about":[{"href":"https:\/\/www.able2.org\/fr\/wp-json\/wp\/v2\/types\/page"}],"author":[{"embeddable":true,"href":"https:\/\/www.able2.org\/fr\/wp-json\/wp\/v2\/users\/1"}],"replies":[{"embeddable":true,"href":"https:\/\/www.able2.org\/fr\/wp-json\/wp\/v2\/comments?post=9332"}],"version-history":[{"count":32,"href":"https:\/\/www.able2.org\/fr\/wp-json\/wp\/v2\/pages\/9332\/revisions"}],"predecessor-version":[{"id":23707,"href":"https:\/\/www.able2.org\/fr\/wp-json\/wp\/v2\/pages\/9332\/revisions\/23707"}],"up":[{"embeddable":true,"href":"https:\/\/www.able2.org\/fr\/wp-json\/wp\/v2\/pages\/8847"}],"wp:featuredmedia":[{"embeddable":true,"href":"https:\/\/www.able2.org\/fr\/wp-json\/wp\/v2\/media\/6883"}],"wp:attachment":[{"href":"https:\/\/www.able2.org\/fr\/wp-json\/wp\/v2\/media?parent=9332"}],"curies":[{"name":"wp","href":"https:\/\/api.w.org\/{rel}","templated":true}]}}