{"id":9267,"date":"2022-11-09T14:24:05","date_gmt":"2022-11-09T19:24:05","guid":{"rendered":"https:\/\/www.able2.org\/?page_id=9267"},"modified":"2026-03-31T13:34:10","modified_gmt":"2026-03-31T17:34:10","slug":"sdlm-encan-silencieux","status":"publish","type":"page","link":"https:\/\/www.able2.org\/fr\/soiree-dans-les-maritimes-accueil\/sdlm-cercle-des-contributeurs\/sdlm-encan-silencieux\/","title":{"rendered":"Encan silencieux SdlM"},"content":{"rendered":"<div class=\"wp-block-image\">\n<figure class=\"aligncenter size-full\"><img loading=\"lazy\" decoding=\"async\" width=\"1500\" height=\"300\" src=\"https:\/\/www.able2.org\/wp-content\/uploads\/2024\/08\/EiTM-WebBanners_Silent-1.jpg\" alt=\"\" class=\"wp-image-18824\" srcset=\"https:\/\/www.able2.org\/wp-content\/uploads\/2024\/08\/EiTM-WebBanners_Silent-1.jpg 1500w, https:\/\/www.able2.org\/wp-content\/uploads\/2024\/08\/EiTM-WebBanners_Silent-1-300x60.jpg 300w, https:\/\/www.able2.org\/wp-content\/uploads\/2024\/08\/EiTM-WebBanners_Silent-1-1024x205.jpg 1024w, https:\/\/www.able2.org\/wp-content\/uploads\/2024\/08\/EiTM-WebBanners_Silent-1-768x154.jpg 768w\" sizes=\"(max-width: 1500px) 100vw, 1500px\" \/><\/figure><\/div>\n\n\n<div style=\"height:20px\" aria-hidden=\"true\" class=\"wp-block-spacer\"><\/div>\n\n\n\n<h2 class=\"wp-block-heading\"><strong>Ench\u00e9rissez sur les articles de l&rsquo;encan silencieux<\/strong><\/h2>\n\n\n\n<p>L\u2019ench\u00e8re silencieuse de la SdlM est une favorite des fans&nbsp;! Vous n&rsquo;avez pas besoin d&rsquo;\u00eatre pr\u00e9sent \u00e0 la Soir\u00e9e dans les Maritimes pour participer \u00e0 l&rsquo;appel d&rsquo;offres. Plus de 100 objets exceptionnels seront disponibles aux ench\u00e8res via notre plateforme en ligne ou en personne lors de l&rsquo;\u00e9v\u00e9nement.<\/p>\n\n\n\n<div style=\"height:20px\" aria-hidden=\"true\" class=\"wp-block-spacer\"><\/div>\n\n\n\n<p>Si vous pr\u00e9f\u00e9rez la vente aux ench\u00e8res en direct, consultez-les&nbsp;<strong><a href=\"https:\/\/www.able2.org\/fr\/soiree-dans-les-maritimes-accueil\/sdlm-cercle-des-contributeurs\/sdlm-encan-en-direct\/\" target=\"_blank\" rel=\"noreferrer noopener\">ici<\/a><\/strong>.<\/p>\n\n\n\n<div style=\"height:20px\" aria-hidden=\"true\" class=\"wp-block-spacer\"><\/div>\n\n\n\n<h2 class=\"wp-block-heading\"><strong>Dons aux ench\u00e8res silencieuses de 2026<\/strong><\/h2>\n\n\n\n<p>Nous acceptons les dons pour l&rsquo;encan silencieux organis\u00e9 dans le cadre de l&rsquo;\u00e9v\u00e9nement Soir\u00e9e dans les Maritimes 2026. Si vous souhaitez contribuer en offrant un cadeau, une exp\u00e9rience unique, etc., veuillez contacter Jacqueline Searle \u00e0 <a href=\"mailto:jsearle@able2.org\"><strong>jsearle@able2.org<\/strong><\/a>.<\/p>\n\n\n\n<div style=\"height:20px\" aria-hidden=\"true\" class=\"wp-block-spacer\"><\/div>\n\n\n\n<h2 class=\"wp-block-heading\"><span style=\"color:#00b9c6\" class=\"has-inline-color\"><span style=\"color: #00b9c6;\" class=\"has-inline-color\"><strong>Pour en savoir davantage sur la Soir\u00e9e dans les Maritimes<\/strong><\/span><\/span><\/h2>\n\n\n\n<div style=\"height:20px\" aria-hidden=\"true\" class=\"wp-block-spacer\"><\/div>\n\n\n\n<div class=\"wp-block-buttons is-layout-flex wp-block-buttons-is-layout-flex\">\n<div class=\"wp-block-button\"><a class=\"wp-block-button__link has-white-color has-vivid-red-background-color has-text-color has-background no-border-radius wp-element-button\" href=\"https:\/\/www.able2.org\/fr\/soiree-dans-les-maritimes-accueil\/\"><strong>Accueil<\/strong><\/a><\/div>\n\n\n\n<div class=\"wp-block-button\"><a class=\"wp-block-button__link has-black-color has-text-color has-background no-border-radius wp-element-button\" href=\"https:\/\/www.able2.org\/fr\/soiree-dans-les-maritimes-accueil\/sdlm-billets-tables\/\" style=\"background-color:#00b9c6\"><strong>Billets &amp; Tables<\/strong><\/a><\/div>\n\n\n\n<div class=\"wp-block-button\"><a class=\"wp-block-button__link has-white-color has-vivid-red-background-color has-text-color has-background no-border-radius wp-element-button\" href=\"https:\/\/www.able2.org\/fr\/soiree-dans-les-maritimes-accueil\/sdlm-commanditaires\/\"><strong>Commanditaires<\/strong><\/a><\/div>\n\n\n\n<div class=\"wp-block-button\"><a class=\"wp-block-button__link has-black-color has-text-color has-background no-border-radius wp-element-button\" href=\"https:\/\/www.able2.org\/fr\/soiree-dans-les-maritimes-accueil\/sdlm-contactez-nous\/\" style=\"background-color:#00b9c6\"><strong>Contactez-nous<\/strong><\/a><\/div>\n\n\n\n<div class=\"wp-block-button\"><a class=\"wp-block-button__link has-white-color has-vivid-red-background-color has-text-color has-background no-border-radius wp-element-button\" href=\"https:\/\/www.able2.org\/fr\/soiree-dans-les-maritimes-accueil\/sdlm-la-cause\/\"><strong><strong>La Cause<\/strong><\/strong><\/a><\/div>\n\n\n\n<div class=\"wp-block-button\"><a class=\"wp-block-button__link has-black-color has-text-color has-background no-border-radius wp-element-button\" href=\"https:\/\/www.able2.org\/fr\/soiree-dans-les-maritimes-accueil\/sdlm-qui-assiste\/\" style=\"background-color:#00b9c6\"><strong><strong>Qui assiste?<\/strong><\/strong><\/a><\/div>\n\n\n\n<div class=\"wp-block-button\"><a class=\"wp-block-button__link has-white-color has-vivid-red-background-color has-text-color has-background no-border-radius wp-element-button\" href=\"https:\/\/www.able2.org\/fr\/soiree-dans-les-maritimes-accueil\/sdlm-cercle-des-contributeurs\/sdlm-encan-en-direct\/\"><strong>Encan en direct<\/strong><\/a><\/div>\n\n\n\n<div class=\"wp-block-button\"><a class=\"wp-block-button__link has-black-color has-text-color has-background no-border-radius wp-element-button\" href=\"https:\/\/www.able2.org\/fr\/soiree-dans-les-maritimes-accueil\/sdlm-cercle-des-contributeurs\/sdlm-encan-silencieux\/\" style=\"background-color:#00b9c6\"><strong><strong>Encan silencieux<\/strong><\/strong><\/a><\/div>\n\n\n\n<div class=\"wp-block-button\"><a class=\"wp-block-button__link has-white-color has-vivid-red-background-color has-text-color has-background no-border-radius wp-element-button\" href=\"https:\/\/www.able2.org\/fr\/soiree-dans-les-maritimes-accueil\/sdlm-cercle-des-contributeurs\/sdlm-tombola-5050-sur-les-creatures-marines\/\"><strong>Tombola 50\/50 sur les cr\u00e9atures marines<\/strong><\/a><\/div>\n\n\n\n<div class=\"wp-block-button\"><a class=\"wp-block-button__link has-black-color has-text-color has-background no-border-radius wp-element-button\" href=\"https:\/\/www.able2.org\/fr\/soiree-dans-les-maritimes-accueil\/sdlm-cercle-des-contributeurs\/\" style=\"background-color:#00b9c6\"><strong>Cercles des contributeurs<\/strong><\/a><\/div>\n\n\n\n<div class=\"wp-block-button\"><a class=\"wp-block-button__link has-white-color has-vivid-red-background-color has-text-color has-background no-border-radius wp-element-button\" href=\"https:\/\/www.able2.org\/fr\/soiree-dans-les-maritimes-accueil\/sdlm-lexperience-des-maritimes\/\"><strong>L&rsquo;exp\u00e9rience des Maritimes<\/strong><\/a><\/div>\n\n\n\n<div class=\"wp-block-button\"><a class=\"wp-block-button__link has-black-color has-text-color has-background no-border-radius wp-element-button\" href=\"https:\/\/www.able2.org\/fr\/galerie-de-photos-2025\/\" style=\"background-color:#00b9c6\"><strong><strong>Galerie de photos<\/strong> <strong>202<\/strong>5<\/strong><\/a><\/div>\n\n\n\n<div class=\"wp-block-button\"><a class=\"wp-block-button__link has-white-color has-vivid-red-background-color has-text-color has-background no-border-radius wp-element-button\" href=\"https:\/\/www.able2.org\/fr\/galerie-de-photos-2024\/\"><strong><strong>Galerie de photos<\/strong> <strong>202<\/strong>4<\/strong><\/a><\/div>\n\n\n\n<div class=\"wp-block-button\"><a class=\"wp-block-button__link has-black-color has-text-color has-background no-border-radius wp-element-button\" href=\"https:\/\/www.able2.org\/fr\/galerie-photos-2023\/\" style=\"background-color:#00b9c6\"> <strong>Galerie de photos 2023<\/strong> <\/a><\/div>\n\n\n\n<div class=\"wp-block-button\"><a class=\"wp-block-button__link has-white-color has-vivid-red-background-color has-text-color has-background wp-element-button\" href=\"https:\/\/www.able2.org\/fr\/soiree-dans-les-maritimes-accueil\/galeries-photos-2022\/\" style=\"border-radius:1px\"><strong>Galerie de photos<\/strong> <strong>2022<\/strong><\/a><\/div>\n\n\n\n<div class=\"wp-block-button\"><a class=\"wp-block-button__link has-black-color has-text-color has-background wp-element-button\" href=\"https:\/\/www.able2.org\/fr\/soiree-dans-les-maritimes-accueil\/sdlm-benevole-a-la-soiree-dans-les-maritimes\/\" style=\"border-radius:1px;background-color:#00b9c6\"><strong>B\u00e9n\u00e9vole chez SdlM26<\/strong><\/a><\/div>\n<\/div>\n","protected":false},"excerpt":{"rendered":"<p>Ench\u00e9rissez sur les articles de l&rsquo;encan silencieux L\u2019ench\u00e8re silencieuse de la SdlM est une favorite des fans&nbsp;! Vous n&rsquo;avez pas besoin d&rsquo;\u00eatre pr\u00e9sent \u00e0 la Soir\u00e9e dans les Maritimes pour participer \u00e0 l&rsquo;appel d&rsquo;offres. Plus de 100 objets exceptionnels seront disponibles aux ench\u00e8res via notre plateforme en ligne ou en personne lors de l&rsquo;\u00e9v\u00e9nement. Si [&hellip;]<\/p>\n","protected":false},"author":1,"featured_media":0,"parent":9114,"menu_order":0,"comment_status":"closed","ping_status":"closed","template":"page-templates\/page-sidebar.php","meta":{"_acf_changed":false,"footnotes":""},"acf":[],"yoast_head":"<!-- This site is optimized with the Yoast SEO plugin v22.8 - https:\/\/yoast.com\/wordpress\/plugins\/seo\/ -->\n<title>Encan silencieux SdlM | ABLE2<\/title>\n<meta name=\"robots\" content=\"index, follow, max-snippet:-1, max-image-preview:large, max-video-preview:-1\" \/>\n<link rel=\"canonical\" href=\"https:\/\/www.able2.org\/fr\/soiree-dans-les-maritimes-accueil\/sdlm-cercle-des-contributeurs\/sdlm-encan-silencieux\/\" \/>\n<meta property=\"og:locale\" content=\"fr_FR\" \/>\n<meta property=\"og:type\" content=\"article\" \/>\n<meta property=\"og:title\" content=\"Encan silencieux SdlM | ABLE2\" \/>\n<meta property=\"og:description\" content=\"Ench\u00e9rissez sur les articles de l&rsquo;encan silencieux L\u2019ench\u00e8re silencieuse de la SdlM est une favorite des fans&nbsp;! Vous n&rsquo;avez pas besoin d&rsquo;\u00eatre pr\u00e9sent \u00e0 la Soir\u00e9e dans les Maritimes pour participer \u00e0 l&rsquo;appel d&rsquo;offres. Plus de 100 objets exceptionnels seront disponibles aux ench\u00e8res via notre plateforme en ligne ou en personne lors de l&rsquo;\u00e9v\u00e9nement. Si [&hellip;]\" \/>\n<meta property=\"og:url\" content=\"https:\/\/www.able2.org\/fr\/soiree-dans-les-maritimes-accueil\/sdlm-cercle-des-contributeurs\/sdlm-encan-silencieux\/\" \/>\n<meta property=\"og:site_name\" content=\"ABLE2\" \/>\n<meta property=\"article:modified_time\" content=\"2026-03-31T17:34:10+00:00\" \/>\n<meta property=\"og:image\" content=\"https:\/\/www.able2.org\/wp-content\/uploads\/2024\/08\/EiTM-WebBanners_Silent-1.jpg\" \/>\n<meta name=\"twitter:card\" content=\"summary_large_image\" \/>\n<meta name=\"twitter:label1\" content=\"Dur\u00e9e de lecture estim\u00e9e\" \/>\n\t<meta name=\"twitter:data1\" content=\"1 minute\" \/>\n<script type=\"application\/ld+json\" class=\"yoast-schema-graph\">{\"@context\":\"https:\/\/schema.org\",\"@graph\":[{\"@type\":\"WebPage\",\"@id\":\"https:\/\/www.able2.org\/fr\/soiree-dans-les-maritimes-accueil\/sdlm-cercle-des-contributeurs\/sdlm-encan-silencieux\/\",\"url\":\"https:\/\/www.able2.org\/fr\/soiree-dans-les-maritimes-accueil\/sdlm-cercle-des-contributeurs\/sdlm-encan-silencieux\/\",\"name\":\"Encan silencieux SdlM | ABLE2\",\"isPartOf\":{\"@id\":\"https:\/\/www.able2.org\/#website\"},\"primaryImageOfPage\":{\"@id\":\"https:\/\/www.able2.org\/fr\/soiree-dans-les-maritimes-accueil\/sdlm-cercle-des-contributeurs\/sdlm-encan-silencieux\/#primaryimage\"},\"image\":{\"@id\":\"https:\/\/www.able2.org\/fr\/soiree-dans-les-maritimes-accueil\/sdlm-cercle-des-contributeurs\/sdlm-encan-silencieux\/#primaryimage\"},\"thumbnailUrl\":\"https:\/\/www.able2.org\/wp-content\/uploads\/2024\/08\/EiTM-WebBanners_Silent-1.jpg\",\"datePublished\":\"2022-11-09T19:24:05+00:00\",\"dateModified\":\"2026-03-31T17:34:10+00:00\",\"breadcrumb\":{\"@id\":\"https:\/\/www.able2.org\/fr\/soiree-dans-les-maritimes-accueil\/sdlm-cercle-des-contributeurs\/sdlm-encan-silencieux\/#breadcrumb\"},\"inLanguage\":\"fr-FR\",\"potentialAction\":[{\"@type\":\"ReadAction\",\"target\":[\"https:\/\/www.able2.org\/fr\/soiree-dans-les-maritimes-accueil\/sdlm-cercle-des-contributeurs\/sdlm-encan-silencieux\/\"]}]},{\"@type\":\"ImageObject\",\"inLanguage\":\"fr-FR\",\"@id\":\"https:\/\/www.able2.org\/fr\/soiree-dans-les-maritimes-accueil\/sdlm-cercle-des-contributeurs\/sdlm-encan-silencieux\/#primaryimage\",\"url\":\"https:\/\/www.able2.org\/wp-content\/uploads\/2024\/08\/EiTM-WebBanners_Silent-1.jpg\",\"contentUrl\":\"https:\/\/www.able2.org\/wp-content\/uploads\/2024\/08\/EiTM-WebBanners_Silent-1.jpg\"},{\"@type\":\"BreadcrumbList\",\"@id\":\"https:\/\/www.able2.org\/fr\/soiree-dans-les-maritimes-accueil\/sdlm-cercle-des-contributeurs\/sdlm-encan-silencieux\/#breadcrumb\",\"itemListElement\":[{\"@type\":\"ListItem\",\"position\":1,\"name\":\"Home\",\"item\":\"https:\/\/www.able2.org\/fr\/accueil\/\"},{\"@type\":\"ListItem\",\"position\":2,\"name\":\"Soir\u00e9e dans les Maritimes \u2013 O\u00f9 la bonne bouffe rencontre une bonne temps pour passer un GRANDE cause!\",\"item\":\"https:\/\/www.able2.org\/fr\/soiree-dans-les-maritimes-accueil\/\"},{\"@type\":\"ListItem\",\"position\":3,\"name\":\"Cercle des contributeurs\",\"item\":\"https:\/\/www.able2.org\/fr\/soiree-dans-les-maritimes-accueil\/sdlm-cercle-des-contributeurs\/\"},{\"@type\":\"ListItem\",\"position\":4,\"name\":\"Encan silencieux SdlM\"}]},{\"@type\":\"WebSite\",\"@id\":\"https:\/\/www.able2.org\/#website\",\"url\":\"https:\/\/www.able2.org\/\",\"name\":\"ABLE2\",\"description\":\"\",\"publisher\":{\"@id\":\"https:\/\/www.able2.org\/#organization\"},\"potentialAction\":[{\"@type\":\"SearchAction\",\"target\":{\"@type\":\"EntryPoint\",\"urlTemplate\":\"https:\/\/www.able2.org\/?s={search_term_string}\"},\"query-input\":\"required name=search_term_string\"}],\"inLanguage\":\"fr-FR\"},{\"@type\":\"Organization\",\"@id\":\"https:\/\/www.able2.org\/#organization\",\"name\":\"ABLE2\",\"url\":\"https:\/\/www.able2.org\/\",\"logo\":{\"@type\":\"ImageObject\",\"inLanguage\":\"fr-FR\",\"@id\":\"https:\/\/www.able2.org\/#\/schema\/logo\/image\/\",\"url\":\"https:\/\/www.able2.org\/wp-content\/uploads\/2020\/05\/logo.png\",\"contentUrl\":\"https:\/\/www.able2.org\/wp-content\/uploads\/2020\/05\/logo.png\",\"width\":528,\"height\":137,\"caption\":\"ABLE2\"},\"image\":{\"@id\":\"https:\/\/www.able2.org\/#\/schema\/logo\/image\/\"}}]}<\/script>\n<!-- \/ Yoast SEO plugin. -->","yoast_head_json":{"title":"Encan silencieux SdlM | ABLE2","robots":{"index":"index","follow":"follow","max-snippet":"max-snippet:-1","max-image-preview":"max-image-preview:large","max-video-preview":"max-video-preview:-1"},"canonical":"https:\/\/www.able2.org\/fr\/soiree-dans-les-maritimes-accueil\/sdlm-cercle-des-contributeurs\/sdlm-encan-silencieux\/","og_locale":"fr_FR","og_type":"article","og_title":"Encan silencieux SdlM | ABLE2","og_description":"Ench\u00e9rissez sur les articles de l&rsquo;encan silencieux L\u2019ench\u00e8re silencieuse de la SdlM est une favorite des fans&nbsp;! Vous n&rsquo;avez pas besoin d&rsquo;\u00eatre pr\u00e9sent \u00e0 la Soir\u00e9e dans les Maritimes pour participer \u00e0 l&rsquo;appel d&rsquo;offres. Plus de 100 objets exceptionnels seront disponibles aux ench\u00e8res via notre plateforme en ligne ou en personne lors de l&rsquo;\u00e9v\u00e9nement. Si [&hellip;]","og_url":"https:\/\/www.able2.org\/fr\/soiree-dans-les-maritimes-accueil\/sdlm-cercle-des-contributeurs\/sdlm-encan-silencieux\/","og_site_name":"ABLE2","article_modified_time":"2026-03-31T17:34:10+00:00","og_image":[{"url":"https:\/\/www.able2.org\/wp-content\/uploads\/2024\/08\/EiTM-WebBanners_Silent-1.jpg"}],"twitter_card":"summary_large_image","twitter_misc":{"Dur\u00e9e de lecture estim\u00e9e":"1 minute"},"schema":{"@context":"https:\/\/schema.org","@graph":[{"@type":"WebPage","@id":"https:\/\/www.able2.org\/fr\/soiree-dans-les-maritimes-accueil\/sdlm-cercle-des-contributeurs\/sdlm-encan-silencieux\/","url":"https:\/\/www.able2.org\/fr\/soiree-dans-les-maritimes-accueil\/sdlm-cercle-des-contributeurs\/sdlm-encan-silencieux\/","name":"Encan silencieux SdlM | ABLE2","isPartOf":{"@id":"https:\/\/www.able2.org\/#website"},"primaryImageOfPage":{"@id":"https:\/\/www.able2.org\/fr\/soiree-dans-les-maritimes-accueil\/sdlm-cercle-des-contributeurs\/sdlm-encan-silencieux\/#primaryimage"},"image":{"@id":"https:\/\/www.able2.org\/fr\/soiree-dans-les-maritimes-accueil\/sdlm-cercle-des-contributeurs\/sdlm-encan-silencieux\/#primaryimage"},"thumbnailUrl":"https:\/\/www.able2.org\/wp-content\/uploads\/2024\/08\/EiTM-WebBanners_Silent-1.jpg","datePublished":"2022-11-09T19:24:05+00:00","dateModified":"2026-03-31T17:34:10+00:00","breadcrumb":{"@id":"https:\/\/www.able2.org\/fr\/soiree-dans-les-maritimes-accueil\/sdlm-cercle-des-contributeurs\/sdlm-encan-silencieux\/#breadcrumb"},"inLanguage":"fr-FR","potentialAction":[{"@type":"ReadAction","target":["https:\/\/www.able2.org\/fr\/soiree-dans-les-maritimes-accueil\/sdlm-cercle-des-contributeurs\/sdlm-encan-silencieux\/"]}]},{"@type":"ImageObject","inLanguage":"fr-FR","@id":"https:\/\/www.able2.org\/fr\/soiree-dans-les-maritimes-accueil\/sdlm-cercle-des-contributeurs\/sdlm-encan-silencieux\/#primaryimage","url":"https:\/\/www.able2.org\/wp-content\/uploads\/2024\/08\/EiTM-WebBanners_Silent-1.jpg","contentUrl":"https:\/\/www.able2.org\/wp-content\/uploads\/2024\/08\/EiTM-WebBanners_Silent-1.jpg"},{"@type":"BreadcrumbList","@id":"https:\/\/www.able2.org\/fr\/soiree-dans-les-maritimes-accueil\/sdlm-cercle-des-contributeurs\/sdlm-encan-silencieux\/#breadcrumb","itemListElement":[{"@type":"ListItem","position":1,"name":"Home","item":"https:\/\/www.able2.org\/fr\/accueil\/"},{"@type":"ListItem","position":2,"name":"Soir\u00e9e dans les Maritimes \u2013 O\u00f9 la bonne bouffe rencontre une bonne temps pour passer un GRANDE cause!","item":"https:\/\/www.able2.org\/fr\/soiree-dans-les-maritimes-accueil\/"},{"@type":"ListItem","position":3,"name":"Cercle des contributeurs","item":"https:\/\/www.able2.org\/fr\/soiree-dans-les-maritimes-accueil\/sdlm-cercle-des-contributeurs\/"},{"@type":"ListItem","position":4,"name":"Encan silencieux SdlM"}]},{"@type":"WebSite","@id":"https:\/\/www.able2.org\/#website","url":"https:\/\/www.able2.org\/","name":"ABLE2","description":"","publisher":{"@id":"https:\/\/www.able2.org\/#organization"},"potentialAction":[{"@type":"SearchAction","target":{"@type":"EntryPoint","urlTemplate":"https:\/\/www.able2.org\/?s={search_term_string}"},"query-input":"required name=search_term_string"}],"inLanguage":"fr-FR"},{"@type":"Organization","@id":"https:\/\/www.able2.org\/#organization","name":"ABLE2","url":"https:\/\/www.able2.org\/","logo":{"@type":"ImageObject","inLanguage":"fr-FR","@id":"https:\/\/www.able2.org\/#\/schema\/logo\/image\/","url":"https:\/\/www.able2.org\/wp-content\/uploads\/2020\/05\/logo.png","contentUrl":"https:\/\/www.able2.org\/wp-content\/uploads\/2020\/05\/logo.png","width":528,"height":137,"caption":"ABLE2"},"image":{"@id":"https:\/\/www.able2.org\/#\/schema\/logo\/image\/"}}]}},"_links":{"self":[{"href":"https:\/\/www.able2.org\/fr\/wp-json\/wp\/v2\/pages\/9267"}],"collection":[{"href":"https:\/\/www.able2.org\/fr\/wp-json\/wp\/v2\/pages"}],"about":[{"href":"https:\/\/www.able2.org\/fr\/wp-json\/wp\/v2\/types\/page"}],"author":[{"embeddable":true,"href":"https:\/\/www.able2.org\/fr\/wp-json\/wp\/v2\/users\/1"}],"replies":[{"embeddable":true,"href":"https:\/\/www.able2.org\/fr\/wp-json\/wp\/v2\/comments?post=9267"}],"version-history":[{"count":45,"href":"https:\/\/www.able2.org\/fr\/wp-json\/wp\/v2\/pages\/9267\/revisions"}],"predecessor-version":[{"id":23635,"href":"https:\/\/www.able2.org\/fr\/wp-json\/wp\/v2\/pages\/9267\/revisions\/23635"}],"up":[{"embeddable":true,"href":"https:\/\/www.able2.org\/fr\/wp-json\/wp\/v2\/pages\/9114"}],"wp:attachment":[{"href":"https:\/\/www.able2.org\/fr\/wp-json\/wp\/v2\/media?parent=9267"}],"curies":[{"name":"wp","href":"https:\/\/api.w.org\/{rel}","templated":true}]}}