{"id":9118,"date":"2022-11-07T13:31:38","date_gmt":"2022-11-07T18:31:38","guid":{"rendered":"https:\/\/www.able2.org\/?page_id=9118"},"modified":"2025-11-27T10:36:01","modified_gmt":"2025-11-27T15:36:01","slug":"sdlm-la-cause","status":"publish","type":"page","link":"https:\/\/www.able2.org\/fr\/soiree-dans-les-maritimes-accueil\/sdlm-la-cause\/","title":{"rendered":"La Cause"},"content":{"rendered":"<div class=\"wp-block-image\">\n<figure class=\"aligncenter size-full\"><img loading=\"lazy\" decoding=\"async\" width=\"1500\" height=\"300\" src=\"https:\/\/www.able2.org\/wp-content\/uploads\/2024\/08\/EiTM-WebBanners_Cause-1.jpg\" alt=\"\" class=\"wp-image-18812\" srcset=\"https:\/\/www.able2.org\/wp-content\/uploads\/2024\/08\/EiTM-WebBanners_Cause-1.jpg 1500w, https:\/\/www.able2.org\/wp-content\/uploads\/2024\/08\/EiTM-WebBanners_Cause-1-300x60.jpg 300w, https:\/\/www.able2.org\/wp-content\/uploads\/2024\/08\/EiTM-WebBanners_Cause-1-1024x205.jpg 1024w, https:\/\/www.able2.org\/wp-content\/uploads\/2024\/08\/EiTM-WebBanners_Cause-1-768x154.jpg 768w\" sizes=\"(max-width: 1500px) 100vw, 1500px\" \/><\/figure><\/div>\n\n\n<div style=\"height:20px\" aria-hidden=\"true\" class=\"wp-block-spacer\"><\/div>\n\n\n\n<div style=\"height:20px\" aria-hidden=\"true\" class=\"wp-block-spacer\"><\/div>\n\n\n\n<h2 class=\"wp-block-heading\"><span class=\"has-inline-color has-vivid-red-color\"><strong>La cause \u2013 Am\u00e9liorer la qualit\u00e9 de vie des personnes vivant avec un <strong>handicap<\/strong> \u00e0 Ottawa<\/strong><\/span><\/h2>\n\n\n\n<div style=\"height:20px\" aria-hidden=\"true\" class=\"wp-block-spacer\"><\/div>\n\n\n\n<p>Saviez-vous que plus de 50 % des Canadiens ont un parent vivant avec une invalidit\u00e9 ? <a href=\"https:\/\/www.able2.org\/fr\/\" target=\"_blank\" rel=\"noreferrer noopener\"><strong>ABLE2<\/strong><\/a> est le centre de soutien d&rsquo;Ottawa pour les personnes vivant avec une <span class=\"has-inline-color has-black-color\">invalidit\u00e9<\/span> et leurs familles. ABLE2 offre diff\u00e9rents <a href=\"https:\/\/www.able2.org\/fr\/programmes\/\" target=\"_blank\" rel=\"noreferrer noopener\"><strong>programmes et services<\/strong><\/a> pour aider ces personnes \u00e0 vivre pleinement leur vie.<\/p>\n\n\n\n<p>Les programmes sont disponibles pour les personnes de tous \u00e2ges, quel que soit le spectre du handicap \u2013 les personnes vivant avec des probl\u00e8mes physiques, d\u00e9veloppementaux, intellectuels, de sant\u00e9 mentale, li\u00e9s \u00e0 l\u2019\u00e2ge et aux diagnostics multiples. Les programmes comprennent&nbsp;: <strong><a href=\"https:\/\/www.able2.org\/fr\/programmes\/pdpf-programme-de-protection-des-adultes-ppa\/\">Trouver un soutien au logement<\/a><\/strong>, <strong><a href=\"https:\/\/www.able2.org\/fr\/programmes\/reach-services-juridiques\/\">atteindre les services juridiques REACH<\/a><\/strong>, <strong><a href=\"https:\/\/www.able2.org\/fr\/programmes\/courtage-de-fonds\/\">le courtage de financement<\/a><\/strong>, <strong><a href=\"https:\/\/www.able2.org\/fr\/programmes\/programme-de-jumelage\/\">le programme de jumelage<\/a><\/strong> et l<strong><a href=\"https:\/\/www.able2.org\/programs\/fetal-alcohol-resource-program\/\">e programme de ressources sur l&rsquo;alcoolisation f\u0153tale<\/a><\/strong>.<\/p>\n\n\n\n<p>La Soir\u00e9e dans les Maritimes, organis\u00e9e pour la premi\u00e8re fois en 1995, a \u00e9t\u00e9 lanc\u00e9e pour amasser des fonds pour aider <a href=\"https:\/\/www.able2.org\/fr\/\"><strong>ABLE2<\/strong><\/a> \u00e0 appuyer la communaut\u00e9 de personnes vivant avec une invalidit\u00e9 afin qu\u2019elles puissent construire des vies remplies de sens et de joie.<\/p>\n\n\n\n<p>\u00c0 ce jour, la Soir\u00e9e dans les Maritimes a recueilli plus de 3 775 000 $ pour la mise en \u0153uvre des programmes et des services d&rsquo;<a href=\"https:\/\/www.able2.org\/fr\/\" target=\"_blank\" rel=\"noreferrer noopener\"><strong>ABLE2<\/strong><\/a>. Voici quelques exemples de l&rsquo;impact que ces collectes de fonds ont eu sur notre communaut\u00e9 au fil des ans :<\/p>\n\n\n\n<div style=\"height:20px\" aria-hidden=\"true\" class=\"wp-block-spacer\"><\/div>\n\n\n<div class=\"wp-block-image\">\n<figure class=\"aligncenter size-full\"><img loading=\"lazy\" decoding=\"async\" width=\"1500\" height=\"500\" src=\"https:\/\/www.able2.org\/wp-content\/uploads\/2024\/08\/EiTM-QuoteGraphicUpdates-FR-Fiaz-Web.jpg\" alt=\"\" class=\"wp-image-18625\" srcset=\"https:\/\/www.able2.org\/wp-content\/uploads\/2024\/08\/EiTM-QuoteGraphicUpdates-FR-Fiaz-Web.jpg 1500w, https:\/\/www.able2.org\/wp-content\/uploads\/2024\/08\/EiTM-QuoteGraphicUpdates-FR-Fiaz-Web-300x100.jpg 300w, https:\/\/www.able2.org\/wp-content\/uploads\/2024\/08\/EiTM-QuoteGraphicUpdates-FR-Fiaz-Web-1024x341.jpg 1024w, https:\/\/www.able2.org\/wp-content\/uploads\/2024\/08\/EiTM-QuoteGraphicUpdates-FR-Fiaz-Web-768x256.jpg 768w\" sizes=\"(max-width: 1500px) 100vw, 1500px\" \/><\/figure><\/div>\n\n\n<div style=\"height:20px\" aria-hidden=\"true\" class=\"wp-block-spacer\"><\/div>\n\n\n<div class=\"wp-block-image\">\n<figure class=\"aligncenter size-full\"><img loading=\"lazy\" decoding=\"async\" width=\"1500\" height=\"500\" src=\"https:\/\/www.able2.org\/wp-content\/uploads\/2024\/08\/EiTM-QuoteGraphicUpdates-FR-Marie-Web.jpg\" alt=\"\" class=\"wp-image-18628\" srcset=\"https:\/\/www.able2.org\/wp-content\/uploads\/2024\/08\/EiTM-QuoteGraphicUpdates-FR-Marie-Web.jpg 1500w, https:\/\/www.able2.org\/wp-content\/uploads\/2024\/08\/EiTM-QuoteGraphicUpdates-FR-Marie-Web-300x100.jpg 300w, https:\/\/www.able2.org\/wp-content\/uploads\/2024\/08\/EiTM-QuoteGraphicUpdates-FR-Marie-Web-1024x341.jpg 1024w, https:\/\/www.able2.org\/wp-content\/uploads\/2024\/08\/EiTM-QuoteGraphicUpdates-FR-Marie-Web-768x256.jpg 768w\" sizes=\"(max-width: 1500px) 100vw, 1500px\" \/><\/figure><\/div>\n\n\n<div style=\"height:20px\" aria-hidden=\"true\" class=\"wp-block-spacer\"><\/div>\n\n\n\n<h2 class=\"wp-block-heading\"><span style=\"color:#00b9c6\" class=\"has-inline-color\"><strong>Pour en savoir davantage sur la Soir\u00e9e dans les Maritimes<\/strong><\/span><\/h2>\n\n\n\n<div style=\"height:20px\" aria-hidden=\"true\" class=\"wp-block-spacer\"><\/div>\n\n\n\n<div class=\"wp-block-buttons is-layout-flex wp-block-buttons-is-layout-flex\">\n<div class=\"wp-block-button\"><a class=\"wp-block-button__link has-white-color has-vivid-red-background-color has-text-color has-background no-border-radius wp-element-button\" href=\"https:\/\/www.able2.org\/fr\/soiree-dans-les-maritimes-accueil\/\"><strong>Accueil<\/strong><\/a><\/div>\n\n\n\n<div class=\"wp-block-button\"><a class=\"wp-block-button__link has-black-color has-text-color has-background no-border-radius wp-element-button\" href=\"https:\/\/www.able2.org\/fr\/soiree-dans-les-maritimes-accueil\/sdlm-billets-tables\/\" style=\"background-color:#00b9c6\"><strong>Billets &amp; Tables<\/strong><\/a><\/div>\n\n\n\n<div class=\"wp-block-button\"><a class=\"wp-block-button__link has-white-color has-vivid-red-background-color has-text-color has-background no-border-radius wp-element-button\" href=\"https:\/\/www.able2.org\/fr\/soiree-dans-les-maritimes-accueil\/sdlm-commanditaires\/\"><strong>Commanditaires<\/strong><\/a><\/div>\n\n\n\n<div class=\"wp-block-button\"><a class=\"wp-block-button__link has-black-color has-text-color has-background no-border-radius wp-element-button\" href=\"https:\/\/www.able2.org\/fr\/soiree-dans-les-maritimes-accueil\/sdlm-contactez-nous\/\" style=\"background-color:#00b9c6\"><strong>Contactez-nous<\/strong><\/a><\/div>\n\n\n\n<div class=\"wp-block-button\"><a class=\"wp-block-button__link has-white-color has-vivid-red-background-color has-text-color has-background no-border-radius wp-element-button\" href=\"https:\/\/www.able2.org\/fr\/soiree-dans-les-maritimes-accueil\/sdlm-la-cause\/\"><strong><strong>La Cause<\/strong><\/strong><\/a><\/div>\n\n\n\n<div class=\"wp-block-button\"><a class=\"wp-block-button__link has-black-color has-text-color has-background no-border-radius wp-element-button\" href=\"https:\/\/www.able2.org\/fr\/soiree-dans-les-maritimes-accueil\/sdlm-qui-assiste\/\" style=\"background-color:#00b9c6\"><strong><strong>Qui assiste?<\/strong><\/strong><\/a><\/div>\n\n\n\n<div class=\"wp-block-button\"><a class=\"wp-block-button__link has-white-color has-vivid-red-background-color has-text-color has-background no-border-radius wp-element-button\" href=\"https:\/\/www.able2.org\/fr\/soiree-dans-les-maritimes-accueil\/sdlm-cercle-des-contributeurs\/sdlm-encan-en-direct\/\"><strong>Encan en direct<\/strong><\/a><\/div>\n\n\n\n<div class=\"wp-block-button\"><a class=\"wp-block-button__link has-black-color has-text-color has-background no-border-radius wp-element-button\" href=\"https:\/\/www.able2.org\/fr\/soiree-dans-les-maritimes-accueil\/sdlm-cercle-des-contributeurs\/sdlm-encan-silencieux\/\" style=\"background-color:#00b9c6\"><strong><strong>Encan silencieux<\/strong><\/strong><\/a><\/div>\n\n\n\n<div class=\"wp-block-button\"><a class=\"wp-block-button__link has-white-color has-vivid-red-background-color has-text-color has-background no-border-radius wp-element-button\" href=\"https:\/\/www.able2.org\/fr\/soiree-dans-les-maritimes-accueil\/sdlm-cercle-des-contributeurs\/sdlm-tombola-5050-sur-les-creatures-marines\/\"><strong>Tombola 50\/50 sur les cr\u00e9atures marines<\/strong><\/a><\/div>\n\n\n\n<div class=\"wp-block-button\"><a class=\"wp-block-button__link has-black-color has-text-color has-background no-border-radius wp-element-button\" href=\"https:\/\/www.able2.org\/fr\/soiree-dans-les-maritimes-accueil\/sdlm-cercle-des-contributeurs\/\" style=\"background-color:#00b9c6\"><strong>Cercles des contributeurs<\/strong><\/a><\/div>\n\n\n\n<div class=\"wp-block-button\"><a class=\"wp-block-button__link has-white-color has-vivid-red-background-color has-text-color has-background no-border-radius wp-element-button\" href=\"https:\/\/www.able2.org\/fr\/soiree-dans-les-maritimes-accueil\/sdlm-lexperience-des-maritimes\/\"><strong>L&rsquo;exp\u00e9rience des Maritimes<\/strong><\/a><\/div>\n\n\n\n<div class=\"wp-block-button\"><a class=\"wp-block-button__link has-black-color has-text-color has-background no-border-radius wp-element-button\" href=\"https:\/\/www.able2.org\/fr\/galerie-de-photos-2025\/\" style=\"background-color:#00b9c6\"><strong><strong>Galerie de photos<\/strong> <strong>202<\/strong>5<\/strong><\/a><\/div>\n\n\n\n<div class=\"wp-block-button\"><a class=\"wp-block-button__link has-white-color has-vivid-red-background-color has-text-color has-background no-border-radius wp-element-button\" href=\"https:\/\/www.able2.org\/fr\/galerie-de-photos-2024\/\"><strong><strong>Galerie de photos<\/strong> <strong>202<\/strong>4<\/strong><\/a><\/div>\n\n\n\n<div class=\"wp-block-button\"><a class=\"wp-block-button__link has-black-color has-text-color has-background no-border-radius wp-element-button\" href=\"https:\/\/www.able2.org\/fr\/galerie-photos-2023\/\" style=\"background-color:#00b9c6\"> <strong>Galerie de photos 2023<\/strong> <\/a><\/div>\n\n\n\n<div class=\"wp-block-button\"><a class=\"wp-block-button__link has-white-color has-vivid-red-background-color has-text-color has-background wp-element-button\" href=\"https:\/\/www.able2.org\/fr\/soiree-dans-les-maritimes-accueil\/galeries-photos-2022\/\" style=\"border-radius:1px\"><strong>Galerie de photos<\/strong> <strong>2022<\/strong><\/a><\/div>\n\n\n\n<div class=\"wp-block-button\"><a class=\"wp-block-button__link has-black-color has-text-color has-background wp-element-button\" href=\"https:\/\/www.able2.org\/fr\/soiree-dans-les-maritimes-accueil\/sdlm-benevole-a-la-soiree-dans-les-maritimes\/\" style=\"border-radius:1px;background-color:#00b9c6\"><strong>B\u00e9n\u00e9vole chez SdlM26<\/strong><\/a><\/div>\n<\/div>\n","protected":false},"excerpt":{"rendered":"<p>La cause \u2013 Am\u00e9liorer la qualit\u00e9 de vie des personnes vivant avec un handicap \u00e0 Ottawa Saviez-vous que plus de 50 % des Canadiens ont un parent vivant avec une invalidit\u00e9 ? ABLE2 est le centre de soutien d&rsquo;Ottawa pour les personnes vivant avec une invalidit\u00e9 et leurs familles. ABLE2 offre diff\u00e9rents programmes et services [&hellip;]<\/p>\n","protected":false},"author":1,"featured_media":0,"parent":8847,"menu_order":0,"comment_status":"closed","ping_status":"closed","template":"page-templates\/page-sidebar.php","meta":{"_acf_changed":false,"footnotes":""},"acf":[],"yoast_head":"<!-- This site is optimized with the Yoast SEO plugin v22.8 - https:\/\/yoast.com\/wordpress\/plugins\/seo\/ -->\n<title>La Cause | ABLE2<\/title>\n<meta name=\"robots\" content=\"index, follow, max-snippet:-1, max-image-preview:large, max-video-preview:-1\" \/>\n<link rel=\"canonical\" href=\"https:\/\/www.able2.org\/fr\/soiree-dans-les-maritimes-accueil\/sdlm-la-cause\/\" \/>\n<meta property=\"og:locale\" content=\"fr_FR\" \/>\n<meta property=\"og:type\" content=\"article\" \/>\n<meta property=\"og:title\" content=\"La Cause | ABLE2\" \/>\n<meta property=\"og:description\" content=\"La cause \u2013 Am\u00e9liorer la qualit\u00e9 de vie des personnes vivant avec un handicap \u00e0 Ottawa Saviez-vous que plus de 50 % des Canadiens ont un parent vivant avec une invalidit\u00e9 ? ABLE2 est le centre de soutien d&rsquo;Ottawa pour les personnes vivant avec une invalidit\u00e9 et leurs familles. ABLE2 offre diff\u00e9rents programmes et services [&hellip;]\" \/>\n<meta property=\"og:url\" content=\"https:\/\/www.able2.org\/fr\/soiree-dans-les-maritimes-accueil\/sdlm-la-cause\/\" \/>\n<meta property=\"og:site_name\" content=\"ABLE2\" \/>\n<meta property=\"article:modified_time\" content=\"2025-11-27T15:36:01+00:00\" \/>\n<meta property=\"og:image\" content=\"https:\/\/www.able2.org\/wp-content\/uploads\/2024\/08\/EiTM-WebBanners_Cause-1.jpg\" \/>\n<meta name=\"twitter:card\" content=\"summary_large_image\" \/>\n<meta name=\"twitter:label1\" content=\"Dur\u00e9e de lecture estim\u00e9e\" \/>\n\t<meta name=\"twitter:data1\" content=\"2 minutes\" \/>\n<script type=\"application\/ld+json\" class=\"yoast-schema-graph\">{\"@context\":\"https:\/\/schema.org\",\"@graph\":[{\"@type\":\"WebPage\",\"@id\":\"https:\/\/www.able2.org\/fr\/soiree-dans-les-maritimes-accueil\/sdlm-la-cause\/\",\"url\":\"https:\/\/www.able2.org\/fr\/soiree-dans-les-maritimes-accueil\/sdlm-la-cause\/\",\"name\":\"La Cause | ABLE2\",\"isPartOf\":{\"@id\":\"https:\/\/www.able2.org\/#website\"},\"primaryImageOfPage\":{\"@id\":\"https:\/\/www.able2.org\/fr\/soiree-dans-les-maritimes-accueil\/sdlm-la-cause\/#primaryimage\"},\"image\":{\"@id\":\"https:\/\/www.able2.org\/fr\/soiree-dans-les-maritimes-accueil\/sdlm-la-cause\/#primaryimage\"},\"thumbnailUrl\":\"https:\/\/www.able2.org\/wp-content\/uploads\/2024\/08\/EiTM-WebBanners_Cause-1.jpg\",\"datePublished\":\"2022-11-07T18:31:38+00:00\",\"dateModified\":\"2025-11-27T15:36:01+00:00\",\"breadcrumb\":{\"@id\":\"https:\/\/www.able2.org\/fr\/soiree-dans-les-maritimes-accueil\/sdlm-la-cause\/#breadcrumb\"},\"inLanguage\":\"fr-FR\",\"potentialAction\":[{\"@type\":\"ReadAction\",\"target\":[\"https:\/\/www.able2.org\/fr\/soiree-dans-les-maritimes-accueil\/sdlm-la-cause\/\"]}]},{\"@type\":\"ImageObject\",\"inLanguage\":\"fr-FR\",\"@id\":\"https:\/\/www.able2.org\/fr\/soiree-dans-les-maritimes-accueil\/sdlm-la-cause\/#primaryimage\",\"url\":\"https:\/\/www.able2.org\/wp-content\/uploads\/2024\/08\/EiTM-WebBanners_Cause-1.jpg\",\"contentUrl\":\"https:\/\/www.able2.org\/wp-content\/uploads\/2024\/08\/EiTM-WebBanners_Cause-1.jpg\"},{\"@type\":\"BreadcrumbList\",\"@id\":\"https:\/\/www.able2.org\/fr\/soiree-dans-les-maritimes-accueil\/sdlm-la-cause\/#breadcrumb\",\"itemListElement\":[{\"@type\":\"ListItem\",\"position\":1,\"name\":\"Home\",\"item\":\"https:\/\/www.able2.org\/fr\/accueil\/\"},{\"@type\":\"ListItem\",\"position\":2,\"name\":\"Soir\u00e9e dans les Maritimes \u2013 O\u00f9 la bonne bouffe rencontre une bonne temps pour passer un GRANDE cause!\",\"item\":\"https:\/\/www.able2.org\/fr\/soiree-dans-les-maritimes-accueil\/\"},{\"@type\":\"ListItem\",\"position\":3,\"name\":\"La Cause\"}]},{\"@type\":\"WebSite\",\"@id\":\"https:\/\/www.able2.org\/#website\",\"url\":\"https:\/\/www.able2.org\/\",\"name\":\"ABLE2\",\"description\":\"\",\"publisher\":{\"@id\":\"https:\/\/www.able2.org\/#organization\"},\"potentialAction\":[{\"@type\":\"SearchAction\",\"target\":{\"@type\":\"EntryPoint\",\"urlTemplate\":\"https:\/\/www.able2.org\/?s={search_term_string}\"},\"query-input\":\"required name=search_term_string\"}],\"inLanguage\":\"fr-FR\"},{\"@type\":\"Organization\",\"@id\":\"https:\/\/www.able2.org\/#organization\",\"name\":\"ABLE2\",\"url\":\"https:\/\/www.able2.org\/\",\"logo\":{\"@type\":\"ImageObject\",\"inLanguage\":\"fr-FR\",\"@id\":\"https:\/\/www.able2.org\/#\/schema\/logo\/image\/\",\"url\":\"https:\/\/www.able2.org\/wp-content\/uploads\/2020\/05\/logo.png\",\"contentUrl\":\"https:\/\/www.able2.org\/wp-content\/uploads\/2020\/05\/logo.png\",\"width\":528,\"height\":137,\"caption\":\"ABLE2\"},\"image\":{\"@id\":\"https:\/\/www.able2.org\/#\/schema\/logo\/image\/\"}}]}<\/script>\n<!-- \/ Yoast SEO plugin. -->","yoast_head_json":{"title":"La Cause | ABLE2","robots":{"index":"index","follow":"follow","max-snippet":"max-snippet:-1","max-image-preview":"max-image-preview:large","max-video-preview":"max-video-preview:-1"},"canonical":"https:\/\/www.able2.org\/fr\/soiree-dans-les-maritimes-accueil\/sdlm-la-cause\/","og_locale":"fr_FR","og_type":"article","og_title":"La Cause | ABLE2","og_description":"La cause \u2013 Am\u00e9liorer la qualit\u00e9 de vie des personnes vivant avec un handicap \u00e0 Ottawa Saviez-vous que plus de 50 % des Canadiens ont un parent vivant avec une invalidit\u00e9 ? ABLE2 est le centre de soutien d&rsquo;Ottawa pour les personnes vivant avec une invalidit\u00e9 et leurs familles. ABLE2 offre diff\u00e9rents programmes et services [&hellip;]","og_url":"https:\/\/www.able2.org\/fr\/soiree-dans-les-maritimes-accueil\/sdlm-la-cause\/","og_site_name":"ABLE2","article_modified_time":"2025-11-27T15:36:01+00:00","og_image":[{"url":"https:\/\/www.able2.org\/wp-content\/uploads\/2024\/08\/EiTM-WebBanners_Cause-1.jpg"}],"twitter_card":"summary_large_image","twitter_misc":{"Dur\u00e9e de lecture estim\u00e9e":"2 minutes"},"schema":{"@context":"https:\/\/schema.org","@graph":[{"@type":"WebPage","@id":"https:\/\/www.able2.org\/fr\/soiree-dans-les-maritimes-accueil\/sdlm-la-cause\/","url":"https:\/\/www.able2.org\/fr\/soiree-dans-les-maritimes-accueil\/sdlm-la-cause\/","name":"La Cause | ABLE2","isPartOf":{"@id":"https:\/\/www.able2.org\/#website"},"primaryImageOfPage":{"@id":"https:\/\/www.able2.org\/fr\/soiree-dans-les-maritimes-accueil\/sdlm-la-cause\/#primaryimage"},"image":{"@id":"https:\/\/www.able2.org\/fr\/soiree-dans-les-maritimes-accueil\/sdlm-la-cause\/#primaryimage"},"thumbnailUrl":"https:\/\/www.able2.org\/wp-content\/uploads\/2024\/08\/EiTM-WebBanners_Cause-1.jpg","datePublished":"2022-11-07T18:31:38+00:00","dateModified":"2025-11-27T15:36:01+00:00","breadcrumb":{"@id":"https:\/\/www.able2.org\/fr\/soiree-dans-les-maritimes-accueil\/sdlm-la-cause\/#breadcrumb"},"inLanguage":"fr-FR","potentialAction":[{"@type":"ReadAction","target":["https:\/\/www.able2.org\/fr\/soiree-dans-les-maritimes-accueil\/sdlm-la-cause\/"]}]},{"@type":"ImageObject","inLanguage":"fr-FR","@id":"https:\/\/www.able2.org\/fr\/soiree-dans-les-maritimes-accueil\/sdlm-la-cause\/#primaryimage","url":"https:\/\/www.able2.org\/wp-content\/uploads\/2024\/08\/EiTM-WebBanners_Cause-1.jpg","contentUrl":"https:\/\/www.able2.org\/wp-content\/uploads\/2024\/08\/EiTM-WebBanners_Cause-1.jpg"},{"@type":"BreadcrumbList","@id":"https:\/\/www.able2.org\/fr\/soiree-dans-les-maritimes-accueil\/sdlm-la-cause\/#breadcrumb","itemListElement":[{"@type":"ListItem","position":1,"name":"Home","item":"https:\/\/www.able2.org\/fr\/accueil\/"},{"@type":"ListItem","position":2,"name":"Soir\u00e9e dans les Maritimes \u2013 O\u00f9 la bonne bouffe rencontre une bonne temps pour passer un GRANDE cause!","item":"https:\/\/www.able2.org\/fr\/soiree-dans-les-maritimes-accueil\/"},{"@type":"ListItem","position":3,"name":"La Cause"}]},{"@type":"WebSite","@id":"https:\/\/www.able2.org\/#website","url":"https:\/\/www.able2.org\/","name":"ABLE2","description":"","publisher":{"@id":"https:\/\/www.able2.org\/#organization"},"potentialAction":[{"@type":"SearchAction","target":{"@type":"EntryPoint","urlTemplate":"https:\/\/www.able2.org\/?s={search_term_string}"},"query-input":"required name=search_term_string"}],"inLanguage":"fr-FR"},{"@type":"Organization","@id":"https:\/\/www.able2.org\/#organization","name":"ABLE2","url":"https:\/\/www.able2.org\/","logo":{"@type":"ImageObject","inLanguage":"fr-FR","@id":"https:\/\/www.able2.org\/#\/schema\/logo\/image\/","url":"https:\/\/www.able2.org\/wp-content\/uploads\/2020\/05\/logo.png","contentUrl":"https:\/\/www.able2.org\/wp-content\/uploads\/2020\/05\/logo.png","width":528,"height":137,"caption":"ABLE2"},"image":{"@id":"https:\/\/www.able2.org\/#\/schema\/logo\/image\/"}}]}},"_links":{"self":[{"href":"https:\/\/www.able2.org\/fr\/wp-json\/wp\/v2\/pages\/9118"}],"collection":[{"href":"https:\/\/www.able2.org\/fr\/wp-json\/wp\/v2\/pages"}],"about":[{"href":"https:\/\/www.able2.org\/fr\/wp-json\/wp\/v2\/types\/page"}],"author":[{"embeddable":true,"href":"https:\/\/www.able2.org\/fr\/wp-json\/wp\/v2\/users\/1"}],"replies":[{"embeddable":true,"href":"https:\/\/www.able2.org\/fr\/wp-json\/wp\/v2\/comments?post=9118"}],"version-history":[{"count":43,"href":"https:\/\/www.able2.org\/fr\/wp-json\/wp\/v2\/pages\/9118\/revisions"}],"predecessor-version":[{"id":22681,"href":"https:\/\/www.able2.org\/fr\/wp-json\/wp\/v2\/pages\/9118\/revisions\/22681"}],"up":[{"embeddable":true,"href":"https:\/\/www.able2.org\/fr\/wp-json\/wp\/v2\/pages\/8847"}],"wp:attachment":[{"href":"https:\/\/www.able2.org\/fr\/wp-json\/wp\/v2\/media?parent=9118"}],"curies":[{"name":"wp","href":"https:\/\/api.w.org\/{rel}","templated":true}]}}