{"id":9114,"date":"2022-11-07T13:30:10","date_gmt":"2022-11-07T18:30:10","guid":{"rendered":"https:\/\/www.able2.org\/?page_id=9114"},"modified":"2025-11-28T10:29:42","modified_gmt":"2025-11-28T15:29:42","slug":"sdlm-cercle-des-contributeurs","status":"publish","type":"page","link":"https:\/\/www.able2.org\/fr\/soiree-dans-les-maritimes-accueil\/sdlm-cercle-des-contributeurs\/","title":{"rendered":"Cercle des contributeurs"},"content":{"rendered":"<div class=\"wp-block-image\">\n<figure class=\"aligncenter size-full\"><img loading=\"lazy\" decoding=\"async\" width=\"1500\" height=\"300\" src=\"https:\/\/www.able2.org\/wp-content\/uploads\/2024\/08\/EiTM-WebBanners_Cont-1.jpg\" alt=\"\" class=\"wp-image-18828\" srcset=\"https:\/\/www.able2.org\/wp-content\/uploads\/2024\/08\/EiTM-WebBanners_Cont-1.jpg 1500w, https:\/\/www.able2.org\/wp-content\/uploads\/2024\/08\/EiTM-WebBanners_Cont-1-300x60.jpg 300w, https:\/\/www.able2.org\/wp-content\/uploads\/2024\/08\/EiTM-WebBanners_Cont-1-1024x205.jpg 1024w, https:\/\/www.able2.org\/wp-content\/uploads\/2024\/08\/EiTM-WebBanners_Cont-1-768x154.jpg 768w\" sizes=\"(max-width: 1500px) 100vw, 1500px\" \/><\/figure><\/div>\n\n\n<div style=\"height:20px\" aria-hidden=\"true\" class=\"wp-block-spacer\"><\/div>\n\n\n\n<p>Il existe cinq fa\u00e7ons pour les entreprises et les particuliers de participer \u00e0 la Soir\u00e9e dans les Maritimes de 2026 et de soutenir le travail d\u2019ABLE2 dans la communaut\u00e9 d\u2019Ottawa.<\/p>\n\n\n\n<div style=\"height:20px\" aria-hidden=\"true\" class=\"wp-block-spacer\"><\/div>\n\n\n\n<ul>\n<li><span class=\"has-inline-color has-vivid-red-color\"><strong><strong>Faire un don en ligne \u00e0 ABLE2<\/strong><\/strong><\/span><\/li>\n<\/ul>\n\n\n\n<div style=\"height:5px\" aria-hidden=\"true\" class=\"wp-block-spacer\"><\/div>\n\n\n<div class=\"wp-block-image\">\n<figure class=\"aligncenter size-full\"><a href=\"https:\/\/www.able2.org\/fr\/faites-un-don\/\"><img loading=\"lazy\" decoding=\"async\" width=\"1500\" height=\"300\" src=\"https:\/\/www.able2.org\/wp-content\/uploads\/2024\/08\/EiTM-WebBanners_Dono-1.jpg\" alt=\"\" class=\"wp-image-18831\" srcset=\"https:\/\/www.able2.org\/wp-content\/uploads\/2024\/08\/EiTM-WebBanners_Dono-1.jpg 1500w, https:\/\/www.able2.org\/wp-content\/uploads\/2024\/08\/EiTM-WebBanners_Dono-1-300x60.jpg 300w, https:\/\/www.able2.org\/wp-content\/uploads\/2024\/08\/EiTM-WebBanners_Dono-1-1024x205.jpg 1024w, https:\/\/www.able2.org\/wp-content\/uploads\/2024\/08\/EiTM-WebBanners_Dono-1-768x154.jpg 768w\" sizes=\"(max-width: 1500px) 100vw, 1500px\" \/><\/a><\/figure><\/div>\n\n\n<div style=\"height:20px\" aria-hidden=\"true\" class=\"wp-block-spacer\"><\/div>\n\n\n\n<ul>\n<li><span class=\"has-inline-color has-vivid-red-color\"><strong><strong>Commanditaire de la Soir\u00e9e dans les Maritimes<\/strong><\/strong><\/span><\/li>\n<\/ul>\n\n\n\n<div style=\"height:5px\" aria-hidden=\"true\" class=\"wp-block-spacer\"><\/div>\n\n\n<div class=\"wp-block-image\">\n<figure class=\"aligncenter size-full\"><a href=\"https:\/\/www.able2.org\/fr\/sdlm-opportunites-de-commanditaires\/\"><img loading=\"lazy\" decoding=\"async\" width=\"1500\" height=\"300\" src=\"https:\/\/www.able2.org\/wp-content\/uploads\/2025\/11\/EiTM-WebBanners-SponOpp-FR.jpg\" alt=\"\" class=\"wp-image-22716\" srcset=\"https:\/\/www.able2.org\/wp-content\/uploads\/2025\/11\/EiTM-WebBanners-SponOpp-FR.jpg 1500w, https:\/\/www.able2.org\/wp-content\/uploads\/2025\/11\/EiTM-WebBanners-SponOpp-FR-300x60.jpg 300w, https:\/\/www.able2.org\/wp-content\/uploads\/2025\/11\/EiTM-WebBanners-SponOpp-FR-1024x205.jpg 1024w, https:\/\/www.able2.org\/wp-content\/uploads\/2025\/11\/EiTM-WebBanners-SponOpp-FR-768x154.jpg 768w\" sizes=\"(max-width: 1500px) 100vw, 1500px\" \/><\/a><\/figure><\/div>\n\n\n<div style=\"height:20px\" aria-hidden=\"true\" class=\"wp-block-spacer\"><\/div>\n\n\n\n<ul>\n<li><strong><span class=\"has-inline-color has-vivid-red-color\"><strong>Contribuez \u00e0 notre vente aux ench\u00e8res en direct<\/strong><\/span><\/strong><\/li>\n<\/ul>\n\n\n\n<div style=\"height:5px\" aria-hidden=\"true\" class=\"wp-block-spacer\"><\/div>\n\n\n<div class=\"wp-block-image\">\n<figure class=\"aligncenter size-full\"><a href=\"https:\/\/www.able2.org\/fr\/soiree-dans-les-maritimes-accueil\/sdlm-cercle-des-contributeurs\/sdlm-encan-en-direct\/\"><img loading=\"lazy\" decoding=\"async\" width=\"1500\" height=\"300\" src=\"https:\/\/www.able2.org\/wp-content\/uploads\/2024\/08\/EiTM-WebBanners_Live-1.jpg\" alt=\"\" class=\"wp-image-18821\" srcset=\"https:\/\/www.able2.org\/wp-content\/uploads\/2024\/08\/EiTM-WebBanners_Live-1.jpg 1500w, https:\/\/www.able2.org\/wp-content\/uploads\/2024\/08\/EiTM-WebBanners_Live-1-300x60.jpg 300w, https:\/\/www.able2.org\/wp-content\/uploads\/2024\/08\/EiTM-WebBanners_Live-1-1024x205.jpg 1024w, https:\/\/www.able2.org\/wp-content\/uploads\/2024\/08\/EiTM-WebBanners_Live-1-768x154.jpg 768w\" sizes=\"(max-width: 1500px) 100vw, 1500px\" \/><\/a><\/figure><\/div>\n\n\n<div style=\"height:20px\" aria-hidden=\"true\" class=\"wp-block-spacer\"><\/div>\n\n\n\n<ul>\n<li><span class=\"has-inline-color has-vivid-red-color\"><strong>Participez \u00e0 notre tombola 50\/50 sur les cr\u00e9atures marines<\/strong><\/span><\/li>\n<\/ul>\n\n\n\n<div style=\"height:5px\" aria-hidden=\"true\" class=\"wp-block-spacer\"><\/div>\n\n\n<div class=\"wp-block-image\">\n<figure class=\"aligncenter size-full\"><a href=\"https:\/\/www.able2.org\/fr\/soiree-dans-les-maritimes-accueil\/sdlm-cercle-des-contributeurs\/sdlm-tombola-5050-sur-les-creatures-marines\/\"><img loading=\"lazy\" decoding=\"async\" width=\"1500\" height=\"300\" src=\"https:\/\/www.able2.org\/wp-content\/uploads\/2025\/11\/EiTM-WebBanners-5050-FR.jpg\" alt=\"\" class=\"wp-image-22712\" srcset=\"https:\/\/www.able2.org\/wp-content\/uploads\/2025\/11\/EiTM-WebBanners-5050-FR.jpg 1500w, https:\/\/www.able2.org\/wp-content\/uploads\/2025\/11\/EiTM-WebBanners-5050-FR-300x60.jpg 300w, https:\/\/www.able2.org\/wp-content\/uploads\/2025\/11\/EiTM-WebBanners-5050-FR-1024x205.jpg 1024w, https:\/\/www.able2.org\/wp-content\/uploads\/2025\/11\/EiTM-WebBanners-5050-FR-768x154.jpg 768w\" sizes=\"(max-width: 1500px) 100vw, 1500px\" \/><\/a><\/figure><\/div>\n\n\n<div style=\"height:20px\" aria-hidden=\"true\" class=\"wp-block-spacer\"><\/div>\n\n\n\n<ul>\n<li><strong><span class=\"has-inline-color has-vivid-red-color\">Contribuez \u00e0 l\u2019encan silencieux<\/span><\/strong><\/li>\n<\/ul>\n\n\n\n<div style=\"height:5px\" aria-hidden=\"true\" class=\"wp-block-spacer\"><\/div>\n\n\n<div class=\"wp-block-image\">\n<figure class=\"aligncenter size-full\"><a href=\"https:\/\/www.able2.org\/fr\/soiree-dans-les-maritimes-accueil\/sdlm-cercle-des-contributeurs\/sdlm-encan-silencieux\/\"><img loading=\"lazy\" decoding=\"async\" width=\"1500\" height=\"300\" src=\"https:\/\/www.able2.org\/wp-content\/uploads\/2024\/08\/EiTM-WebBanners_Silent-1.jpg\" alt=\"\" class=\"wp-image-18824\" srcset=\"https:\/\/www.able2.org\/wp-content\/uploads\/2024\/08\/EiTM-WebBanners_Silent-1.jpg 1500w, https:\/\/www.able2.org\/wp-content\/uploads\/2024\/08\/EiTM-WebBanners_Silent-1-300x60.jpg 300w, https:\/\/www.able2.org\/wp-content\/uploads\/2024\/08\/EiTM-WebBanners_Silent-1-1024x205.jpg 1024w, https:\/\/www.able2.org\/wp-content\/uploads\/2024\/08\/EiTM-WebBanners_Silent-1-768x154.jpg 768w\" sizes=\"(max-width: 1500px) 100vw, 1500px\" \/><\/a><\/figure><\/div>\n\n\n<div style=\"height:20px\" aria-hidden=\"true\" class=\"wp-block-spacer\"><\/div>\n\n\n\n<h2 class=\"wp-block-heading\"><span style=\"color:#00b9c6\" class=\"has-inline-color\"><span style=\"color:#00b9c6\" class=\"has-inline-color\"><span style=\"color:#00b9c6\" class=\"has-inline-color\"><strong>Pour en savoir davantage sur la Soir\u00e9e dans les Maritimes<\/strong><\/span><\/span><\/span><\/h2>\n\n\n\n<div style=\"height:20px\" aria-hidden=\"true\" class=\"wp-block-spacer\"><\/div>\n\n\n\n<div class=\"wp-block-buttons is-layout-flex wp-block-buttons-is-layout-flex\">\n<div class=\"wp-block-button\"><a class=\"wp-block-button__link has-white-color has-vivid-red-background-color has-text-color has-background no-border-radius wp-element-button\" href=\"https:\/\/www.able2.org\/fr\/soiree-dans-les-maritimes-accueil\/\"><strong>Accueil<\/strong><\/a><\/div>\n\n\n\n<div class=\"wp-block-button\"><a class=\"wp-block-button__link has-black-color has-text-color has-background no-border-radius wp-element-button\" href=\"https:\/\/www.able2.org\/fr\/soiree-dans-les-maritimes-accueil\/sdlm-billets-tables\/\" style=\"background-color:#00b9c6\"><strong>Billets &amp; Tables<\/strong><\/a><\/div>\n\n\n\n<div class=\"wp-block-button\"><a class=\"wp-block-button__link has-white-color has-vivid-red-background-color has-text-color has-background no-border-radius wp-element-button\" href=\"https:\/\/www.able2.org\/fr\/soiree-dans-les-maritimes-accueil\/sdlm-commanditaires\/\"><strong>Commanditaires<\/strong><\/a><\/div>\n\n\n\n<div class=\"wp-block-button\"><a class=\"wp-block-button__link has-black-color has-text-color has-background no-border-radius wp-element-button\" href=\"https:\/\/www.able2.org\/fr\/soiree-dans-les-maritimes-accueil\/sdlm-contactez-nous\/\" style=\"background-color:#00b9c6\"><strong>Contactez-nous<\/strong><\/a><\/div>\n\n\n\n<div class=\"wp-block-button\"><a class=\"wp-block-button__link has-white-color has-vivid-red-background-color has-text-color has-background no-border-radius wp-element-button\" href=\"https:\/\/www.able2.org\/fr\/soiree-dans-les-maritimes-accueil\/sdlm-la-cause\/\"><strong><strong>La Cause<\/strong><\/strong><\/a><\/div>\n\n\n\n<div class=\"wp-block-button\"><a class=\"wp-block-button__link has-black-color has-text-color has-background no-border-radius wp-element-button\" href=\"https:\/\/www.able2.org\/fr\/soiree-dans-les-maritimes-accueil\/sdlm-qui-assiste\/\" style=\"background-color:#00b9c6\"><strong><strong>Qui assiste?<\/strong><\/strong><\/a><\/div>\n\n\n\n<div class=\"wp-block-button\"><a class=\"wp-block-button__link has-white-color has-vivid-red-background-color has-text-color has-background no-border-radius wp-element-button\" href=\"https:\/\/www.able2.org\/fr\/soiree-dans-les-maritimes-accueil\/sdlm-cercle-des-contributeurs\/sdlm-encan-en-direct\/\"><strong>Encan en direct<\/strong><\/a><\/div>\n\n\n\n<div class=\"wp-block-button\"><a class=\"wp-block-button__link has-black-color has-text-color has-background no-border-radius wp-element-button\" href=\"https:\/\/www.able2.org\/fr\/soiree-dans-les-maritimes-accueil\/sdlm-cercle-des-contributeurs\/sdlm-encan-silencieux\/\" style=\"background-color:#00b9c6\"><strong><strong>Encan silencieux<\/strong><\/strong><\/a><\/div>\n\n\n\n<div class=\"wp-block-button\"><a class=\"wp-block-button__link has-white-color has-vivid-red-background-color has-text-color has-background no-border-radius wp-element-button\" href=\"https:\/\/www.able2.org\/fr\/soiree-dans-les-maritimes-accueil\/sdlm-cercle-des-contributeurs\/sdlm-tombola-5050-sur-les-creatures-marines\/\"><strong>Tombola 50\/50 sur les cr\u00e9atures marines<\/strong><\/a><\/div>\n\n\n\n<div class=\"wp-block-button\"><a class=\"wp-block-button__link has-black-color has-text-color has-background no-border-radius wp-element-button\" href=\"https:\/\/www.able2.org\/fr\/soiree-dans-les-maritimes-accueil\/sdlm-cercle-des-contributeurs\/\" style=\"background-color:#00b9c6\"><strong>Cercles des contributeurs<\/strong><\/a><\/div>\n\n\n\n<div class=\"wp-block-button\"><a class=\"wp-block-button__link has-white-color has-vivid-red-background-color has-text-color has-background no-border-radius wp-element-button\" href=\"https:\/\/www.able2.org\/fr\/soiree-dans-les-maritimes-accueil\/sdlm-lexperience-des-maritimes\/\"><strong>L&rsquo;exp\u00e9rience des Maritimes<\/strong><\/a><\/div>\n\n\n\n<div class=\"wp-block-button\"><a class=\"wp-block-button__link has-black-color has-text-color has-background no-border-radius wp-element-button\" href=\"https:\/\/www.able2.org\/fr\/galerie-de-photos-2025\/\" style=\"background-color:#00b9c6\"><strong><strong>Galerie de photos<\/strong> <strong>202<\/strong>5<\/strong><\/a><\/div>\n\n\n\n<div class=\"wp-block-button\"><a class=\"wp-block-button__link has-white-color has-vivid-red-background-color has-text-color has-background no-border-radius wp-element-button\" href=\"https:\/\/www.able2.org\/fr\/galerie-de-photos-2024\/\"><strong><strong>Galerie de photos<\/strong> <strong>202<\/strong>4<\/strong><\/a><\/div>\n\n\n\n<div class=\"wp-block-button\"><a class=\"wp-block-button__link has-black-color has-text-color has-background no-border-radius wp-element-button\" href=\"https:\/\/www.able2.org\/fr\/galerie-photos-2023\/\" style=\"background-color:#00b9c6\"> <strong>Galerie de photos 2023<\/strong> <\/a><\/div>\n\n\n\n<div class=\"wp-block-button\"><a class=\"wp-block-button__link has-white-color has-vivid-red-background-color has-text-color has-background wp-element-button\" href=\"https:\/\/www.able2.org\/fr\/soiree-dans-les-maritimes-accueil\/galeries-photos-2022\/\" style=\"border-radius:1px\"><strong>Galerie de photos<\/strong> <strong>2022<\/strong><\/a><\/div>\n\n\n\n<div class=\"wp-block-button\"><a class=\"wp-block-button__link has-black-color has-text-color has-background wp-element-button\" href=\"https:\/\/www.able2.org\/fr\/soiree-dans-les-maritimes-accueil\/sdlm-benevole-a-la-soiree-dans-les-maritimes\/\" style=\"border-radius:1px;background-color:#00b9c6\"><strong>B\u00e9n\u00e9vole chez SdlM26<\/strong><\/a><\/div>\n<\/div>\n","protected":false},"excerpt":{"rendered":"<p>Il existe cinq fa\u00e7ons pour les entreprises et les particuliers de participer \u00e0 la Soir\u00e9e dans les Maritimes de 2026 et de soutenir le travail d\u2019ABLE2 dans la communaut\u00e9 d\u2019Ottawa. Pour en savoir davantage sur la Soir\u00e9e dans les Maritimes<\/p>\n","protected":false},"author":1,"featured_media":0,"parent":8847,"menu_order":0,"comment_status":"closed","ping_status":"closed","template":"page-templates\/page-sidebar.php","meta":{"_acf_changed":false,"footnotes":""},"acf":[],"yoast_head":"<!-- This site is optimized with the Yoast SEO plugin v22.8 - https:\/\/yoast.com\/wordpress\/plugins\/seo\/ -->\n<title>Cercle des contributeurs | ABLE2<\/title>\n<meta name=\"robots\" content=\"index, follow, max-snippet:-1, max-image-preview:large, max-video-preview:-1\" \/>\n<link rel=\"canonical\" href=\"https:\/\/www.able2.org\/fr\/soiree-dans-les-maritimes-accueil\/sdlm-cercle-des-contributeurs\/\" \/>\n<meta property=\"og:locale\" content=\"fr_FR\" \/>\n<meta property=\"og:type\" content=\"article\" \/>\n<meta property=\"og:title\" content=\"Cercle des contributeurs | ABLE2\" \/>\n<meta property=\"og:description\" content=\"Il existe cinq fa\u00e7ons pour les entreprises et les particuliers de participer \u00e0 la Soir\u00e9e dans les Maritimes de 2026 et de soutenir le travail d\u2019ABLE2 dans la communaut\u00e9 d\u2019Ottawa. Pour en savoir davantage sur la Soir\u00e9e dans les Maritimes\" \/>\n<meta property=\"og:url\" content=\"https:\/\/www.able2.org\/fr\/soiree-dans-les-maritimes-accueil\/sdlm-cercle-des-contributeurs\/\" \/>\n<meta property=\"og:site_name\" content=\"ABLE2\" \/>\n<meta property=\"article:modified_time\" content=\"2025-11-28T15:29:42+00:00\" \/>\n<meta property=\"og:image\" content=\"https:\/\/www.able2.org\/wp-content\/uploads\/2024\/08\/EiTM-WebBanners_Cont-1.jpg\" \/>\n<meta name=\"twitter:card\" content=\"summary_large_image\" \/>\n<meta name=\"twitter:label1\" content=\"Dur\u00e9e de lecture estim\u00e9e\" \/>\n\t<meta name=\"twitter:data1\" content=\"2 minutes\" \/>\n<script type=\"application\/ld+json\" class=\"yoast-schema-graph\">{\"@context\":\"https:\/\/schema.org\",\"@graph\":[{\"@type\":\"WebPage\",\"@id\":\"https:\/\/www.able2.org\/fr\/soiree-dans-les-maritimes-accueil\/sdlm-cercle-des-contributeurs\/\",\"url\":\"https:\/\/www.able2.org\/fr\/soiree-dans-les-maritimes-accueil\/sdlm-cercle-des-contributeurs\/\",\"name\":\"Cercle des contributeurs | ABLE2\",\"isPartOf\":{\"@id\":\"https:\/\/www.able2.org\/#website\"},\"primaryImageOfPage\":{\"@id\":\"https:\/\/www.able2.org\/fr\/soiree-dans-les-maritimes-accueil\/sdlm-cercle-des-contributeurs\/#primaryimage\"},\"image\":{\"@id\":\"https:\/\/www.able2.org\/fr\/soiree-dans-les-maritimes-accueil\/sdlm-cercle-des-contributeurs\/#primaryimage\"},\"thumbnailUrl\":\"https:\/\/www.able2.org\/wp-content\/uploads\/2024\/08\/EiTM-WebBanners_Cont-1.jpg\",\"datePublished\":\"2022-11-07T18:30:10+00:00\",\"dateModified\":\"2025-11-28T15:29:42+00:00\",\"breadcrumb\":{\"@id\":\"https:\/\/www.able2.org\/fr\/soiree-dans-les-maritimes-accueil\/sdlm-cercle-des-contributeurs\/#breadcrumb\"},\"inLanguage\":\"fr-FR\",\"potentialAction\":[{\"@type\":\"ReadAction\",\"target\":[\"https:\/\/www.able2.org\/fr\/soiree-dans-les-maritimes-accueil\/sdlm-cercle-des-contributeurs\/\"]}]},{\"@type\":\"ImageObject\",\"inLanguage\":\"fr-FR\",\"@id\":\"https:\/\/www.able2.org\/fr\/soiree-dans-les-maritimes-accueil\/sdlm-cercle-des-contributeurs\/#primaryimage\",\"url\":\"https:\/\/www.able2.org\/wp-content\/uploads\/2024\/08\/EiTM-WebBanners_Cont-1.jpg\",\"contentUrl\":\"https:\/\/www.able2.org\/wp-content\/uploads\/2024\/08\/EiTM-WebBanners_Cont-1.jpg\"},{\"@type\":\"BreadcrumbList\",\"@id\":\"https:\/\/www.able2.org\/fr\/soiree-dans-les-maritimes-accueil\/sdlm-cercle-des-contributeurs\/#breadcrumb\",\"itemListElement\":[{\"@type\":\"ListItem\",\"position\":1,\"name\":\"Home\",\"item\":\"https:\/\/www.able2.org\/fr\/accueil\/\"},{\"@type\":\"ListItem\",\"position\":2,\"name\":\"Soir\u00e9e dans les Maritimes \u2013 O\u00f9 la bonne bouffe rencontre une bonne temps pour passer un GRANDE cause!\",\"item\":\"https:\/\/www.able2.org\/fr\/soiree-dans-les-maritimes-accueil\/\"},{\"@type\":\"ListItem\",\"position\":3,\"name\":\"Cercle des contributeurs\"}]},{\"@type\":\"WebSite\",\"@id\":\"https:\/\/www.able2.org\/#website\",\"url\":\"https:\/\/www.able2.org\/\",\"name\":\"ABLE2\",\"description\":\"\",\"publisher\":{\"@id\":\"https:\/\/www.able2.org\/#organization\"},\"potentialAction\":[{\"@type\":\"SearchAction\",\"target\":{\"@type\":\"EntryPoint\",\"urlTemplate\":\"https:\/\/www.able2.org\/?s={search_term_string}\"},\"query-input\":\"required name=search_term_string\"}],\"inLanguage\":\"fr-FR\"},{\"@type\":\"Organization\",\"@id\":\"https:\/\/www.able2.org\/#organization\",\"name\":\"ABLE2\",\"url\":\"https:\/\/www.able2.org\/\",\"logo\":{\"@type\":\"ImageObject\",\"inLanguage\":\"fr-FR\",\"@id\":\"https:\/\/www.able2.org\/#\/schema\/logo\/image\/\",\"url\":\"https:\/\/www.able2.org\/wp-content\/uploads\/2020\/05\/logo.png\",\"contentUrl\":\"https:\/\/www.able2.org\/wp-content\/uploads\/2020\/05\/logo.png\",\"width\":528,\"height\":137,\"caption\":\"ABLE2\"},\"image\":{\"@id\":\"https:\/\/www.able2.org\/#\/schema\/logo\/image\/\"}}]}<\/script>\n<!-- \/ Yoast SEO plugin. -->","yoast_head_json":{"title":"Cercle des contributeurs | ABLE2","robots":{"index":"index","follow":"follow","max-snippet":"max-snippet:-1","max-image-preview":"max-image-preview:large","max-video-preview":"max-video-preview:-1"},"canonical":"https:\/\/www.able2.org\/fr\/soiree-dans-les-maritimes-accueil\/sdlm-cercle-des-contributeurs\/","og_locale":"fr_FR","og_type":"article","og_title":"Cercle des contributeurs | ABLE2","og_description":"Il existe cinq fa\u00e7ons pour les entreprises et les particuliers de participer \u00e0 la Soir\u00e9e dans les Maritimes de 2026 et de soutenir le travail d\u2019ABLE2 dans la communaut\u00e9 d\u2019Ottawa. Pour en savoir davantage sur la Soir\u00e9e dans les Maritimes","og_url":"https:\/\/www.able2.org\/fr\/soiree-dans-les-maritimes-accueil\/sdlm-cercle-des-contributeurs\/","og_site_name":"ABLE2","article_modified_time":"2025-11-28T15:29:42+00:00","og_image":[{"url":"https:\/\/www.able2.org\/wp-content\/uploads\/2024\/08\/EiTM-WebBanners_Cont-1.jpg"}],"twitter_card":"summary_large_image","twitter_misc":{"Dur\u00e9e de lecture estim\u00e9e":"2 minutes"},"schema":{"@context":"https:\/\/schema.org","@graph":[{"@type":"WebPage","@id":"https:\/\/www.able2.org\/fr\/soiree-dans-les-maritimes-accueil\/sdlm-cercle-des-contributeurs\/","url":"https:\/\/www.able2.org\/fr\/soiree-dans-les-maritimes-accueil\/sdlm-cercle-des-contributeurs\/","name":"Cercle des contributeurs | ABLE2","isPartOf":{"@id":"https:\/\/www.able2.org\/#website"},"primaryImageOfPage":{"@id":"https:\/\/www.able2.org\/fr\/soiree-dans-les-maritimes-accueil\/sdlm-cercle-des-contributeurs\/#primaryimage"},"image":{"@id":"https:\/\/www.able2.org\/fr\/soiree-dans-les-maritimes-accueil\/sdlm-cercle-des-contributeurs\/#primaryimage"},"thumbnailUrl":"https:\/\/www.able2.org\/wp-content\/uploads\/2024\/08\/EiTM-WebBanners_Cont-1.jpg","datePublished":"2022-11-07T18:30:10+00:00","dateModified":"2025-11-28T15:29:42+00:00","breadcrumb":{"@id":"https:\/\/www.able2.org\/fr\/soiree-dans-les-maritimes-accueil\/sdlm-cercle-des-contributeurs\/#breadcrumb"},"inLanguage":"fr-FR","potentialAction":[{"@type":"ReadAction","target":["https:\/\/www.able2.org\/fr\/soiree-dans-les-maritimes-accueil\/sdlm-cercle-des-contributeurs\/"]}]},{"@type":"ImageObject","inLanguage":"fr-FR","@id":"https:\/\/www.able2.org\/fr\/soiree-dans-les-maritimes-accueil\/sdlm-cercle-des-contributeurs\/#primaryimage","url":"https:\/\/www.able2.org\/wp-content\/uploads\/2024\/08\/EiTM-WebBanners_Cont-1.jpg","contentUrl":"https:\/\/www.able2.org\/wp-content\/uploads\/2024\/08\/EiTM-WebBanners_Cont-1.jpg"},{"@type":"BreadcrumbList","@id":"https:\/\/www.able2.org\/fr\/soiree-dans-les-maritimes-accueil\/sdlm-cercle-des-contributeurs\/#breadcrumb","itemListElement":[{"@type":"ListItem","position":1,"name":"Home","item":"https:\/\/www.able2.org\/fr\/accueil\/"},{"@type":"ListItem","position":2,"name":"Soir\u00e9e dans les Maritimes \u2013 O\u00f9 la bonne bouffe rencontre une bonne temps pour passer un GRANDE cause!","item":"https:\/\/www.able2.org\/fr\/soiree-dans-les-maritimes-accueil\/"},{"@type":"ListItem","position":3,"name":"Cercle des contributeurs"}]},{"@type":"WebSite","@id":"https:\/\/www.able2.org\/#website","url":"https:\/\/www.able2.org\/","name":"ABLE2","description":"","publisher":{"@id":"https:\/\/www.able2.org\/#organization"},"potentialAction":[{"@type":"SearchAction","target":{"@type":"EntryPoint","urlTemplate":"https:\/\/www.able2.org\/?s={search_term_string}"},"query-input":"required name=search_term_string"}],"inLanguage":"fr-FR"},{"@type":"Organization","@id":"https:\/\/www.able2.org\/#organization","name":"ABLE2","url":"https:\/\/www.able2.org\/","logo":{"@type":"ImageObject","inLanguage":"fr-FR","@id":"https:\/\/www.able2.org\/#\/schema\/logo\/image\/","url":"https:\/\/www.able2.org\/wp-content\/uploads\/2020\/05\/logo.png","contentUrl":"https:\/\/www.able2.org\/wp-content\/uploads\/2020\/05\/logo.png","width":528,"height":137,"caption":"ABLE2"},"image":{"@id":"https:\/\/www.able2.org\/#\/schema\/logo\/image\/"}}]}},"_links":{"self":[{"href":"https:\/\/www.able2.org\/fr\/wp-json\/wp\/v2\/pages\/9114"}],"collection":[{"href":"https:\/\/www.able2.org\/fr\/wp-json\/wp\/v2\/pages"}],"about":[{"href":"https:\/\/www.able2.org\/fr\/wp-json\/wp\/v2\/types\/page"}],"author":[{"embeddable":true,"href":"https:\/\/www.able2.org\/fr\/wp-json\/wp\/v2\/users\/1"}],"replies":[{"embeddable":true,"href":"https:\/\/www.able2.org\/fr\/wp-json\/wp\/v2\/comments?post=9114"}],"version-history":[{"count":73,"href":"https:\/\/www.able2.org\/fr\/wp-json\/wp\/v2\/pages\/9114\/revisions"}],"predecessor-version":[{"id":22724,"href":"https:\/\/www.able2.org\/fr\/wp-json\/wp\/v2\/pages\/9114\/revisions\/22724"}],"up":[{"embeddable":true,"href":"https:\/\/www.able2.org\/fr\/wp-json\/wp\/v2\/pages\/8847"}],"wp:attachment":[{"href":"https:\/\/www.able2.org\/fr\/wp-json\/wp\/v2\/media?parent=9114"}],"curies":[{"name":"wp","href":"https:\/\/api.w.org\/{rel}","templated":true}]}}