{"id":8993,"date":"2022-10-19T15:24:33","date_gmt":"2022-10-19T19:24:33","guid":{"rendered":"https:\/\/www.able2.org\/soiree-dans-les-maritimes-accueil\/contactez-nous\/"},"modified":"2025-11-27T10:34:21","modified_gmt":"2025-11-27T15:34:21","slug":"sdlm-contactez-nous","status":"publish","type":"page","link":"https:\/\/www.able2.org\/fr\/soiree-dans-les-maritimes-accueil\/sdlm-contactez-nous\/","title":{"rendered":"Contactez-nous"},"content":{"rendered":"<div class=\"wp-block-image\">\n<figure class=\"aligncenter size-full\"><img loading=\"lazy\" decoding=\"async\" width=\"1500\" height=\"300\" src=\"https:\/\/www.able2.org\/wp-content\/uploads\/2024\/08\/EiTM-WebBanners_Contact-1.jpg\" alt=\"\" class=\"wp-image-18801\" srcset=\"https:\/\/www.able2.org\/wp-content\/uploads\/2024\/08\/EiTM-WebBanners_Contact-1.jpg 1500w, https:\/\/www.able2.org\/wp-content\/uploads\/2024\/08\/EiTM-WebBanners_Contact-1-300x60.jpg 300w, https:\/\/www.able2.org\/wp-content\/uploads\/2024\/08\/EiTM-WebBanners_Contact-1-1024x205.jpg 1024w, https:\/\/www.able2.org\/wp-content\/uploads\/2024\/08\/EiTM-WebBanners_Contact-1-768x154.jpg 768w\" sizes=\"(max-width: 1500px) 100vw, 1500px\" \/><\/figure><\/div>\n\n\n<div style=\"height:20px\" aria-hidden=\"true\" class=\"wp-block-spacer\"><\/div>\n\n\n\n<p>Veuillez <strong><a href=\"mailto:events@able2.org\">nous contacter<\/a><\/strong> pour toute question ou pour plus d&rsquo;informations sur l&rsquo;\u00e9v\u00e9nement. Notre \u00e9quipe \u00e9v\u00e9nementielle EiTM se fera un plaisir de vous aider et les membres de notre comit\u00e9 des ventes corporatives de Soir\u00e9e dans les Maritimes ont h\u00e2te de vous accueillir \u00e0 l\u2019\u00e9v\u00e9nement. Pour plus d\u2019informations sur la billetterie, <strong><a href=\"https:\/\/www.able2.org\/fr\/soiree-dans-les-maritimes-accueil\/sdlm-billets-tables\/\">cliquez ici<\/a><\/strong>.<\/p>\n\n\n\n<div style=\"height:20px\" aria-hidden=\"true\" class=\"wp-block-spacer\"><\/div>\n\n\n\n<h2 class=\"wp-block-heading\"><strong>\u00c9quipe de la Soir\u00e9e dans les Maritimes<\/strong><\/h2>\n\n\n\n<div style=\"height:20px\" aria-hidden=\"true\" class=\"wp-block-spacer\"><\/div>\n\n\n\n<p><strong>Heather Lacey<\/strong><\/p>\n\n\n\n<ul>\n<li>Directrice ex\u00e9cutive | <strong><a href=\"callto: 613-761-9522\">613-761-9522<\/a><\/strong> poste 225 |&nbsp;<a href=\"mailto:hlacey@able2.org\" target=\"_blank\" rel=\"noopener noreferrer\"><strong>hlacey@able2.org<\/strong><\/a><\/li>\n<\/ul>\n\n\n\n<p><strong>Jessica Franklin<\/strong><\/p>\n\n\n\n<ul>\n<li>Adjointe administrative | <strong><a href=\"callto: 613-761-9522\">613-761-9522<\/a><\/strong> poste. 235 | <a href=\"mailto:jfranklin@able2.org\"><strong>jfranklin@able2.org<\/strong><\/a><\/li>\n<\/ul>\n\n\n\n<p><strong>Krista Benoit<\/strong> <\/p>\n\n\n\n<ul>\n<li>Pr\u00e9sident et PDG: <a href=\"http:\/\/www.isparkconsulting.ca\"><strong>iSPARK Consulting<\/strong><\/a> |&nbsp;<a href=\"mailto:krista@isparkconsulting.ca\"><strong>krista@isparkconsulting.ca<\/strong><\/a><\/li>\n<\/ul>\n\n\n\n<p><strong><strong>Jacqueline Searle<\/strong><\/strong><\/p>\n\n\n\n<ul>\n<li>Charg\u00e9e de collecte de fonds et d&rsquo;\u00e9v\u00e9nements | <strong><a href=\"callto: 613-761-9522\">613-761-9522<\/a><\/strong> poste. 417 | <a href=\"mailto:jsearle@able2.org\" target=\"_blank\" rel=\"noreferrer noopener\"><strong>jsearle@able2.org<\/strong><\/a><\/li>\n<\/ul>\n\n\n\n<p><strong>Miranda Boyer<\/strong><\/p>\n\n\n\n<ul>\n<li>Gestionnaire de billetterie SdlM&nbsp;:<strong> <a href=\"https:\/\/www.isparkconsulting.ca\/nos-services-en-francais\/\">iSPARK Consulting<\/a><\/strong> | <a href=\"mailto:mredpath@able2.org\"><\/a><strong><a href=\"mailto:EiTMtickets@isparkconsulting.ca\" target=\"_blank\" rel=\"noreferrer noopener\">EiTMtickets@isparkconsulting.ca<\/a><\/strong><\/li>\n<\/ul>\n\n\n\n<div style=\"height:20px\" aria-hidden=\"true\" class=\"wp-block-spacer\"><\/div>\n\n\n\n<h2 class=\"wp-block-heading\"><span class=\"has-inline-color has-vivid-red-color\"><strong>Comit\u00e9 des ventes corporatives<\/strong><\/span> <span class=\"has-inline-color has-vivid-red-color\"><strong>de la Soir\u00e9e dans les Maritimes<\/strong><\/span><\/h2>\n\n\n\n<div style=\"height:20px\" aria-hidden=\"true\" class=\"wp-block-spacer\"><\/div>\n\n\n\n<ul>\n<li><strong><strong>Michael Lifshitz<\/strong><\/strong> (2026 Pr\u00e9sident d&rsquo;honneur)<\/li>\n\n\n\n<li><strong>Danielle Demark<\/strong> (2026 Pr\u00e9sident de l&rsquo;\u00e9v\u00e9nement)<\/li>\n\n\n\n<li><strong>Derrick Hanson<\/strong><\/li>\n\n\n\n<li><strong>James Bickerton<\/strong><\/li>\n\n\n\n<li><strong>Krisi Pearson<\/strong><\/li>\n<\/ul>\n\n\n\n<div style=\"height:20px\" aria-hidden=\"true\" class=\"wp-block-spacer\"><\/div>\n\n\n\n<h2 class=\"wp-block-heading has-text-color\" style=\"color:#00b9c6\"><span style=\"color: #00b9c6;\" class=\"has-inline-color\"><strong><span style=\"color:#00b9c6\" class=\"has-inline-color\"><span style=\"color:#00b9c6\" class=\"has-inline-color\"><span style=\"color:#00b9c6\" class=\"has-inline-color\"><span style=\"color:#00b9c6\" class=\"has-inline-color\"><span style=\"color:#00b9c6\" class=\"has-inline-color\"><span style=\"color:#00b9c6\" class=\"has-inline-color\">Pour en savoir davantage sur la Soir\u00e9e dans les Maritimes<\/span><\/span><\/span> <\/span><\/span><\/span>  <\/strong><\/span><\/h2>\n\n\n\n<div style=\"height:20px\" aria-hidden=\"true\" class=\"wp-block-spacer\"><\/div>\n\n\n\n<div class=\"wp-block-buttons is-layout-flex wp-block-buttons-is-layout-flex\">\n<div class=\"wp-block-button\"><a class=\"wp-block-button__link has-white-color has-vivid-red-background-color has-text-color has-background no-border-radius wp-element-button\" href=\"https:\/\/www.able2.org\/fr\/soiree-dans-les-maritimes-accueil\/\"><strong>Accueil<\/strong><\/a><\/div>\n\n\n\n<div class=\"wp-block-button\"><a class=\"wp-block-button__link has-black-color has-text-color has-background no-border-radius wp-element-button\" href=\"https:\/\/www.able2.org\/fr\/soiree-dans-les-maritimes-accueil\/sdlm-billets-tables\/\" style=\"background-color:#00b9c6\"><strong>Billets &amp; Tables<\/strong><\/a><\/div>\n\n\n\n<div class=\"wp-block-button\"><a class=\"wp-block-button__link has-white-color has-vivid-red-background-color has-text-color has-background no-border-radius wp-element-button\" href=\"https:\/\/www.able2.org\/fr\/soiree-dans-les-maritimes-accueil\/sdlm-commanditaires\/\"><strong>Commanditaires<\/strong><\/a><\/div>\n\n\n\n<div class=\"wp-block-button\"><a class=\"wp-block-button__link has-black-color has-text-color has-background no-border-radius wp-element-button\" href=\"https:\/\/www.able2.org\/fr\/soiree-dans-les-maritimes-accueil\/sdlm-contactez-nous\/\" style=\"background-color:#00b9c6\"><strong>Contactez-nous<\/strong><\/a><\/div>\n\n\n\n<div class=\"wp-block-button\"><a class=\"wp-block-button__link has-white-color has-vivid-red-background-color has-text-color has-background no-border-radius wp-element-button\" href=\"https:\/\/www.able2.org\/fr\/soiree-dans-les-maritimes-accueil\/sdlm-la-cause\/\"><strong><strong>La Cause<\/strong><\/strong><\/a><\/div>\n\n\n\n<div class=\"wp-block-button\"><a class=\"wp-block-button__link has-black-color has-text-color has-background no-border-radius wp-element-button\" href=\"https:\/\/www.able2.org\/fr\/soiree-dans-les-maritimes-accueil\/sdlm-qui-assiste\/\" style=\"background-color:#00b9c6\"><strong><strong>Qui assiste?<\/strong><\/strong><\/a><\/div>\n\n\n\n<div class=\"wp-block-button\"><a class=\"wp-block-button__link has-white-color has-vivid-red-background-color has-text-color has-background no-border-radius wp-element-button\" href=\"https:\/\/www.able2.org\/fr\/soiree-dans-les-maritimes-accueil\/sdlm-cercle-des-contributeurs\/sdlm-encan-en-direct\/\"><strong>Encan en direct<\/strong><\/a><\/div>\n\n\n\n<div class=\"wp-block-button\"><a class=\"wp-block-button__link has-black-color has-text-color has-background no-border-radius wp-element-button\" href=\"https:\/\/www.able2.org\/fr\/soiree-dans-les-maritimes-accueil\/sdlm-cercle-des-contributeurs\/sdlm-encan-silencieux\/\" style=\"background-color:#00b9c6\"><strong><strong>Encan silencieux<\/strong><\/strong><\/a><\/div>\n\n\n\n<div class=\"wp-block-button\"><a class=\"wp-block-button__link has-white-color has-vivid-red-background-color has-text-color has-background no-border-radius wp-element-button\" href=\"https:\/\/www.able2.org\/fr\/soiree-dans-les-maritimes-accueil\/sdlm-cercle-des-contributeurs\/sdlm-tombola-5050-sur-les-creatures-marines\/\"><strong>Tombola 50\/50 sur les cr\u00e9atures marines<\/strong><\/a><\/div>\n\n\n\n<div class=\"wp-block-button\"><a class=\"wp-block-button__link has-black-color has-text-color has-background no-border-radius wp-element-button\" href=\"https:\/\/www.able2.org\/fr\/soiree-dans-les-maritimes-accueil\/sdlm-cercle-des-contributeurs\/\" style=\"background-color:#00b9c6\"><strong>Cercles des contributeurs<\/strong><\/a><\/div>\n\n\n\n<div class=\"wp-block-button\"><a class=\"wp-block-button__link has-white-color has-vivid-red-background-color has-text-color has-background no-border-radius wp-element-button\" href=\"https:\/\/www.able2.org\/fr\/soiree-dans-les-maritimes-accueil\/sdlm-lexperience-des-maritimes\/\"><strong>L&rsquo;exp\u00e9rience des Maritimes<\/strong><\/a><\/div>\n\n\n\n<div class=\"wp-block-button\"><a class=\"wp-block-button__link has-black-color has-text-color has-background no-border-radius wp-element-button\" href=\"https:\/\/www.able2.org\/fr\/galerie-de-photos-2025\/\" style=\"background-color:#00b9c6\"><strong><strong>Galerie de photos<\/strong> <strong>202<\/strong>5<\/strong><\/a><\/div>\n\n\n\n<div class=\"wp-block-button\"><a class=\"wp-block-button__link has-white-color has-vivid-red-background-color has-text-color has-background no-border-radius wp-element-button\" href=\"https:\/\/www.able2.org\/fr\/galerie-de-photos-2024\/\"><strong><strong>Galerie de photos<\/strong> <strong>202<\/strong>4<\/strong><\/a><\/div>\n\n\n\n<div class=\"wp-block-button\"><a class=\"wp-block-button__link has-black-color has-text-color has-background no-border-radius wp-element-button\" href=\"https:\/\/www.able2.org\/fr\/galerie-photos-2023\/\" style=\"background-color:#00b9c6\"> <strong>Galerie de photos 2023<\/strong> <\/a><\/div>\n\n\n\n<div class=\"wp-block-button\"><a class=\"wp-block-button__link has-white-color has-vivid-red-background-color has-text-color has-background wp-element-button\" href=\"https:\/\/www.able2.org\/fr\/soiree-dans-les-maritimes-accueil\/galeries-photos-2022\/\" style=\"border-radius:1px\"><strong>Galerie de photos<\/strong> <strong>2022<\/strong><\/a><\/div>\n\n\n\n<div class=\"wp-block-button\"><a class=\"wp-block-button__link has-black-color has-text-color has-background wp-element-button\" href=\"https:\/\/www.able2.org\/fr\/soiree-dans-les-maritimes-accueil\/sdlm-benevole-a-la-soiree-dans-les-maritimes\/\" style=\"border-radius:1px;background-color:#00b9c6\"><strong>B\u00e9n\u00e9vole chez SdlM26<\/strong><\/a><\/div>\n<\/div>\n","protected":false},"excerpt":{"rendered":"<p>Veuillez nous contacter pour toute question ou pour plus d&rsquo;informations sur l&rsquo;\u00e9v\u00e9nement. Notre \u00e9quipe \u00e9v\u00e9nementielle EiTM se fera un plaisir de vous aider et les membres de notre comit\u00e9 des ventes corporatives de Soir\u00e9e dans les Maritimes ont h\u00e2te de vous accueillir \u00e0 l\u2019\u00e9v\u00e9nement. Pour plus d\u2019informations sur la billetterie, cliquez ici. \u00c9quipe de la [&hellip;]<\/p>\n","protected":false},"author":1,"featured_media":0,"parent":8847,"menu_order":0,"comment_status":"closed","ping_status":"closed","template":"page-templates\/page-sidebar.php","meta":{"_acf_changed":false,"footnotes":""},"acf":[],"yoast_head":"<!-- This site is optimized with the Yoast SEO plugin v22.8 - https:\/\/yoast.com\/wordpress\/plugins\/seo\/ -->\n<title>Contactez-nous | ABLE2<\/title>\n<meta name=\"robots\" content=\"index, follow, max-snippet:-1, max-image-preview:large, max-video-preview:-1\" \/>\n<link rel=\"canonical\" href=\"https:\/\/www.able2.org\/fr\/soiree-dans-les-maritimes-accueil\/sdlm-contactez-nous\/\" \/>\n<meta property=\"og:locale\" content=\"fr_FR\" \/>\n<meta property=\"og:type\" content=\"article\" \/>\n<meta property=\"og:title\" content=\"Contactez-nous | ABLE2\" \/>\n<meta property=\"og:description\" content=\"Veuillez nous contacter pour toute question ou pour plus d&rsquo;informations sur l&rsquo;\u00e9v\u00e9nement. Notre \u00e9quipe \u00e9v\u00e9nementielle EiTM se fera un plaisir de vous aider et les membres de notre comit\u00e9 des ventes corporatives de Soir\u00e9e dans les Maritimes ont h\u00e2te de vous accueillir \u00e0 l\u2019\u00e9v\u00e9nement. Pour plus d\u2019informations sur la billetterie, cliquez ici. \u00c9quipe de la [&hellip;]\" \/>\n<meta property=\"og:url\" content=\"https:\/\/www.able2.org\/fr\/soiree-dans-les-maritimes-accueil\/sdlm-contactez-nous\/\" \/>\n<meta property=\"og:site_name\" content=\"ABLE2\" \/>\n<meta property=\"article:modified_time\" content=\"2025-11-27T15:34:21+00:00\" \/>\n<meta property=\"og:image\" content=\"https:\/\/www.able2.org\/wp-content\/uploads\/2024\/08\/EiTM-WebBanners_Contact-1.jpg\" \/>\n<meta name=\"twitter:card\" content=\"summary_large_image\" \/>\n<meta name=\"twitter:label1\" content=\"Dur\u00e9e de lecture estim\u00e9e\" \/>\n\t<meta name=\"twitter:data1\" content=\"2 minutes\" \/>\n<script type=\"application\/ld+json\" class=\"yoast-schema-graph\">{\"@context\":\"https:\/\/schema.org\",\"@graph\":[{\"@type\":\"WebPage\",\"@id\":\"https:\/\/www.able2.org\/fr\/soiree-dans-les-maritimes-accueil\/sdlm-contactez-nous\/\",\"url\":\"https:\/\/www.able2.org\/fr\/soiree-dans-les-maritimes-accueil\/sdlm-contactez-nous\/\",\"name\":\"Contactez-nous | ABLE2\",\"isPartOf\":{\"@id\":\"https:\/\/www.able2.org\/#website\"},\"primaryImageOfPage\":{\"@id\":\"https:\/\/www.able2.org\/fr\/soiree-dans-les-maritimes-accueil\/sdlm-contactez-nous\/#primaryimage\"},\"image\":{\"@id\":\"https:\/\/www.able2.org\/fr\/soiree-dans-les-maritimes-accueil\/sdlm-contactez-nous\/#primaryimage\"},\"thumbnailUrl\":\"https:\/\/www.able2.org\/wp-content\/uploads\/2024\/08\/EiTM-WebBanners_Contact-1.jpg\",\"datePublished\":\"2022-10-19T19:24:33+00:00\",\"dateModified\":\"2025-11-27T15:34:21+00:00\",\"breadcrumb\":{\"@id\":\"https:\/\/www.able2.org\/fr\/soiree-dans-les-maritimes-accueil\/sdlm-contactez-nous\/#breadcrumb\"},\"inLanguage\":\"fr-FR\",\"potentialAction\":[{\"@type\":\"ReadAction\",\"target\":[\"https:\/\/www.able2.org\/fr\/soiree-dans-les-maritimes-accueil\/sdlm-contactez-nous\/\"]}]},{\"@type\":\"ImageObject\",\"inLanguage\":\"fr-FR\",\"@id\":\"https:\/\/www.able2.org\/fr\/soiree-dans-les-maritimes-accueil\/sdlm-contactez-nous\/#primaryimage\",\"url\":\"https:\/\/www.able2.org\/wp-content\/uploads\/2024\/08\/EiTM-WebBanners_Contact-1.jpg\",\"contentUrl\":\"https:\/\/www.able2.org\/wp-content\/uploads\/2024\/08\/EiTM-WebBanners_Contact-1.jpg\"},{\"@type\":\"BreadcrumbList\",\"@id\":\"https:\/\/www.able2.org\/fr\/soiree-dans-les-maritimes-accueil\/sdlm-contactez-nous\/#breadcrumb\",\"itemListElement\":[{\"@type\":\"ListItem\",\"position\":1,\"name\":\"Home\",\"item\":\"https:\/\/www.able2.org\/fr\/accueil\/\"},{\"@type\":\"ListItem\",\"position\":2,\"name\":\"Soir\u00e9e dans les Maritimes \u2013 O\u00f9 la bonne bouffe rencontre une bonne temps pour passer un GRANDE cause!\",\"item\":\"https:\/\/www.able2.org\/fr\/soiree-dans-les-maritimes-accueil\/\"},{\"@type\":\"ListItem\",\"position\":3,\"name\":\"Contactez-nous\"}]},{\"@type\":\"WebSite\",\"@id\":\"https:\/\/www.able2.org\/#website\",\"url\":\"https:\/\/www.able2.org\/\",\"name\":\"ABLE2\",\"description\":\"\",\"publisher\":{\"@id\":\"https:\/\/www.able2.org\/#organization\"},\"potentialAction\":[{\"@type\":\"SearchAction\",\"target\":{\"@type\":\"EntryPoint\",\"urlTemplate\":\"https:\/\/www.able2.org\/?s={search_term_string}\"},\"query-input\":\"required name=search_term_string\"}],\"inLanguage\":\"fr-FR\"},{\"@type\":\"Organization\",\"@id\":\"https:\/\/www.able2.org\/#organization\",\"name\":\"ABLE2\",\"url\":\"https:\/\/www.able2.org\/\",\"logo\":{\"@type\":\"ImageObject\",\"inLanguage\":\"fr-FR\",\"@id\":\"https:\/\/www.able2.org\/#\/schema\/logo\/image\/\",\"url\":\"https:\/\/www.able2.org\/wp-content\/uploads\/2020\/05\/logo.png\",\"contentUrl\":\"https:\/\/www.able2.org\/wp-content\/uploads\/2020\/05\/logo.png\",\"width\":528,\"height\":137,\"caption\":\"ABLE2\"},\"image\":{\"@id\":\"https:\/\/www.able2.org\/#\/schema\/logo\/image\/\"}}]}<\/script>\n<!-- \/ Yoast SEO plugin. -->","yoast_head_json":{"title":"Contactez-nous | ABLE2","robots":{"index":"index","follow":"follow","max-snippet":"max-snippet:-1","max-image-preview":"max-image-preview:large","max-video-preview":"max-video-preview:-1"},"canonical":"https:\/\/www.able2.org\/fr\/soiree-dans-les-maritimes-accueil\/sdlm-contactez-nous\/","og_locale":"fr_FR","og_type":"article","og_title":"Contactez-nous | ABLE2","og_description":"Veuillez nous contacter pour toute question ou pour plus d&rsquo;informations sur l&rsquo;\u00e9v\u00e9nement. Notre \u00e9quipe \u00e9v\u00e9nementielle EiTM se fera un plaisir de vous aider et les membres de notre comit\u00e9 des ventes corporatives de Soir\u00e9e dans les Maritimes ont h\u00e2te de vous accueillir \u00e0 l\u2019\u00e9v\u00e9nement. Pour plus d\u2019informations sur la billetterie, cliquez ici. \u00c9quipe de la [&hellip;]","og_url":"https:\/\/www.able2.org\/fr\/soiree-dans-les-maritimes-accueil\/sdlm-contactez-nous\/","og_site_name":"ABLE2","article_modified_time":"2025-11-27T15:34:21+00:00","og_image":[{"url":"https:\/\/www.able2.org\/wp-content\/uploads\/2024\/08\/EiTM-WebBanners_Contact-1.jpg"}],"twitter_card":"summary_large_image","twitter_misc":{"Dur\u00e9e de lecture estim\u00e9e":"2 minutes"},"schema":{"@context":"https:\/\/schema.org","@graph":[{"@type":"WebPage","@id":"https:\/\/www.able2.org\/fr\/soiree-dans-les-maritimes-accueil\/sdlm-contactez-nous\/","url":"https:\/\/www.able2.org\/fr\/soiree-dans-les-maritimes-accueil\/sdlm-contactez-nous\/","name":"Contactez-nous | ABLE2","isPartOf":{"@id":"https:\/\/www.able2.org\/#website"},"primaryImageOfPage":{"@id":"https:\/\/www.able2.org\/fr\/soiree-dans-les-maritimes-accueil\/sdlm-contactez-nous\/#primaryimage"},"image":{"@id":"https:\/\/www.able2.org\/fr\/soiree-dans-les-maritimes-accueil\/sdlm-contactez-nous\/#primaryimage"},"thumbnailUrl":"https:\/\/www.able2.org\/wp-content\/uploads\/2024\/08\/EiTM-WebBanners_Contact-1.jpg","datePublished":"2022-10-19T19:24:33+00:00","dateModified":"2025-11-27T15:34:21+00:00","breadcrumb":{"@id":"https:\/\/www.able2.org\/fr\/soiree-dans-les-maritimes-accueil\/sdlm-contactez-nous\/#breadcrumb"},"inLanguage":"fr-FR","potentialAction":[{"@type":"ReadAction","target":["https:\/\/www.able2.org\/fr\/soiree-dans-les-maritimes-accueil\/sdlm-contactez-nous\/"]}]},{"@type":"ImageObject","inLanguage":"fr-FR","@id":"https:\/\/www.able2.org\/fr\/soiree-dans-les-maritimes-accueil\/sdlm-contactez-nous\/#primaryimage","url":"https:\/\/www.able2.org\/wp-content\/uploads\/2024\/08\/EiTM-WebBanners_Contact-1.jpg","contentUrl":"https:\/\/www.able2.org\/wp-content\/uploads\/2024\/08\/EiTM-WebBanners_Contact-1.jpg"},{"@type":"BreadcrumbList","@id":"https:\/\/www.able2.org\/fr\/soiree-dans-les-maritimes-accueil\/sdlm-contactez-nous\/#breadcrumb","itemListElement":[{"@type":"ListItem","position":1,"name":"Home","item":"https:\/\/www.able2.org\/fr\/accueil\/"},{"@type":"ListItem","position":2,"name":"Soir\u00e9e dans les Maritimes \u2013 O\u00f9 la bonne bouffe rencontre une bonne temps pour passer un GRANDE cause!","item":"https:\/\/www.able2.org\/fr\/soiree-dans-les-maritimes-accueil\/"},{"@type":"ListItem","position":3,"name":"Contactez-nous"}]},{"@type":"WebSite","@id":"https:\/\/www.able2.org\/#website","url":"https:\/\/www.able2.org\/","name":"ABLE2","description":"","publisher":{"@id":"https:\/\/www.able2.org\/#organization"},"potentialAction":[{"@type":"SearchAction","target":{"@type":"EntryPoint","urlTemplate":"https:\/\/www.able2.org\/?s={search_term_string}"},"query-input":"required name=search_term_string"}],"inLanguage":"fr-FR"},{"@type":"Organization","@id":"https:\/\/www.able2.org\/#organization","name":"ABLE2","url":"https:\/\/www.able2.org\/","logo":{"@type":"ImageObject","inLanguage":"fr-FR","@id":"https:\/\/www.able2.org\/#\/schema\/logo\/image\/","url":"https:\/\/www.able2.org\/wp-content\/uploads\/2020\/05\/logo.png","contentUrl":"https:\/\/www.able2.org\/wp-content\/uploads\/2020\/05\/logo.png","width":528,"height":137,"caption":"ABLE2"},"image":{"@id":"https:\/\/www.able2.org\/#\/schema\/logo\/image\/"}}]}},"_links":{"self":[{"href":"https:\/\/www.able2.org\/fr\/wp-json\/wp\/v2\/pages\/8993"}],"collection":[{"href":"https:\/\/www.able2.org\/fr\/wp-json\/wp\/v2\/pages"}],"about":[{"href":"https:\/\/www.able2.org\/fr\/wp-json\/wp\/v2\/types\/page"}],"author":[{"embeddable":true,"href":"https:\/\/www.able2.org\/fr\/wp-json\/wp\/v2\/users\/1"}],"replies":[{"embeddable":true,"href":"https:\/\/www.able2.org\/fr\/wp-json\/wp\/v2\/comments?post=8993"}],"version-history":[{"count":61,"href":"https:\/\/www.able2.org\/fr\/wp-json\/wp\/v2\/pages\/8993\/revisions"}],"predecessor-version":[{"id":22679,"href":"https:\/\/www.able2.org\/fr\/wp-json\/wp\/v2\/pages\/8993\/revisions\/22679"}],"up":[{"embeddable":true,"href":"https:\/\/www.able2.org\/fr\/wp-json\/wp\/v2\/pages\/8847"}],"wp:attachment":[{"href":"https:\/\/www.able2.org\/fr\/wp-json\/wp\/v2\/media?parent=8993"}],"curies":[{"name":"wp","href":"https:\/\/api.w.org\/{rel}","templated":true}]}}