{"id":865,"date":"2020-06-04T18:25:33","date_gmt":"2020-06-04T22:25:33","guid":{"rendered":"https:\/\/www.able2.org\/faites-un-don\/faire-don-dun-vehicule\/"},"modified":"2025-03-13T12:14:41","modified_gmt":"2025-03-13T16:14:41","slug":"faire-don-dun-vehicule","status":"publish","type":"page","link":"https:\/\/www.able2.org\/fr\/faites-un-don\/faire-don-dun-vehicule\/","title":{"rendered":"Faire don d&rsquo;un v\u00e9hicule"},"content":{"rendered":"\n<figure class=\"wp-block-image size-large\"><img loading=\"lazy\" decoding=\"async\" width=\"350\" height=\"200\" src=\"https:\/\/www.able2.org\/wp-content\/uploads\/2020\/06\/donateacar.gif\" alt=\"\" class=\"wp-image-928\"\/><\/figure>\n\n\n\n<p><strong>Donate A Car Canada accepte les dons de v\u00e9hicules au profit d&rsquo;ABLE2 d\u2019Ottawa<\/strong>. Pour donner une voiture, un camion, un VR, un bateau, une motocyclette ou un autre v\u00e9hicule \u00e0 ABLE2 d\u2019Ottawa, acc\u00e9dez au site <a href=\"https:\/\/donatecar.ca\/org\/donate.php?charitypage=CitizenAdvocacy\" target=\"_blank\" rel=\"noopener noreferrer\">Web de Donate A Car<\/a>.<\/p>\n\n\n\n<p>Donate A Car offre le remorquage gratuitement dans un grand nombre de r\u00e9gions du Canada. Vous pouvez aussi remettre votre v\u00e9hicule vous-m\u00eame afin de maximiser votre don. Lorsque vous faites le don de votre v\u00e9hicule, il peut \u00eatre soit recycl\u00e9 ou vendu lors d\u2019une vente aux ench\u00e8res, selon son \u00e9tat, son \u00e2ge et l\u2019emplacement.<\/p>\n\n\n\n<p>L\u2019organisme Donate A Car Canada s\u2019occupe de tout pour faciliter votre don \u00e0 l\u2019appui d&rsquo;ABLE2 d\u2019Ottawa.<\/p>\n\n\n\n<p><strong><a href=\"https:\/\/donatecar.ca\/org\/donate.php?charitypage=CitizenAdvocacy\" target=\"_blank\" rel=\"noopener noreferrer\">FAITES UN DON MAINTENANT<\/a> <\/strong>et ABLE2 d\u2019Ottawa vous enverra un re\u00e7u aux fins de l\u2019imp\u00f4t d\u00e8s l\u2019ach\u00e8vement du don de votre v\u00e9hicule!<\/p>\n\n\n\n<p>Si vous avez des questions ou commentaires, communiquez avec nous \u00e0 <strong><a href=\"mailto:events@able2.org\" target=\"_blank\" rel=\"noreferrer noopener\">events@able2.org<\/a>.<\/strong><\/p>\n\n\n\n<div style=\"height:50px\" aria-hidden=\"true\" class=\"wp-block-spacer\"><\/div>\n\n\n    <section class=\"container sm:flex\">\n                                <article class=\"card sm:w-1\/3\">\n                <a href=\"https:\/\/www.able2.org\/fr\/faites-un-don\/\" class=\"block h-full\">\n                    <h2 class=\"card__title\">Ayez un impact durable en devenant un donateur mensuel \u2063\u2063<\/h2>\n                    <div class=\"card__img-container\">\n                        <img decoding=\"async\" src=\"https:\/\/www.able2.org\/wp-content\/uploads\/2024\/04\/2About-OurHistory-Bucket-MonthlyDonor-300x174.png\" srcset=\"https:\/\/www.able2.org\/wp-content\/uploads\/2024\/04\/2About-OurHistory-Bucket-MonthlyDonor-300x174.png 300w, https:\/\/www.able2.org\/wp-content\/uploads\/2024\/04\/2About-OurHistory-Bucket-MonthlyDonor-1024x594.png 1024w, https:\/\/www.able2.org\/wp-content\/uploads\/2024\/04\/2About-OurHistory-Bucket-MonthlyDonor-768x446.png 768w, https:\/\/www.able2.org\/wp-content\/uploads\/2024\/04\/2About-OurHistory-Bucket-MonthlyDonor.png 1329w\" sizes=\"(max-width: 640px) 100vw, 640px\" alt=\"\" class=\"card__img\">\n                    <\/div>\n                    <p class=\"card__text\">Votre don aide les personnes\u00a0 vivant avec un handicap \u00e0 acqu\u00e9rir de nouvelles<\/p>\n                <\/a>\n            <\/article>\n                                            <article class=\"card card--yellow sm:w-1\/3\">\n                <a href=\"https:\/\/www.able2.org\/fr\/nos-histoires\/\" class=\"block h-full\">\n                    <h2 class=\"card__title\">Apprenez en plus sur comment votre contribution permet de changer des vies<\/h2>\n                    <div class=\"card__img-container\">\n                        <img decoding=\"async\" src=\"https:\/\/www.able2.org\/wp-content\/uploads\/2024\/04\/1About-Bucket-History-300x174.png\" srcset=\"https:\/\/www.able2.org\/wp-content\/uploads\/2024\/04\/1About-Bucket-History-300x174.png 300w, https:\/\/www.able2.org\/wp-content\/uploads\/2024\/04\/1About-Bucket-History-1024x594.png 1024w, https:\/\/www.able2.org\/wp-content\/uploads\/2024\/04\/1About-Bucket-History-768x446.png 768w, https:\/\/www.able2.org\/wp-content\/uploads\/2024\/04\/1About-Bucket-History.png 1329w\" sizes=\"(max-width: 640px) 100vw, 640px\" alt=\"\" class=\"card__img\">\n                    <\/div>\n                    <p class=\"card__text\">Apprenez-en plus sur les histoires des utilisateurs de\u00a0 programmes, des b\u00e9n\u00e9voles et des d\u00e9fenseurs du milieu\u00a0communautaire.<\/p>\n                <\/a>\n            <\/article>\n                                            <article class=\"card sm:w-1\/3\">\n                <a href=\"https:\/\/www.able2.org\/fr\/faire-du-benevolat-avec-able2\/\" class=\"block h-full\">\n                    <h2 class=\"card__title\">B\u00e9n\u00e9vole\u2063<\/h2>\n                    <div class=\"card__img-container\">\n                        <img decoding=\"async\" src=\"https:\/\/www.able2.org\/wp-content\/uploads\/2024\/05\/DonateBucket-May2024-300x174.jpg\" srcset=\"https:\/\/www.able2.org\/wp-content\/uploads\/2024\/05\/DonateBucket-May2024-300x174.jpg 300w, https:\/\/www.able2.org\/wp-content\/uploads\/2024\/05\/DonateBucket-May2024-1024x594.jpg 1024w, https:\/\/www.able2.org\/wp-content\/uploads\/2024\/05\/DonateBucket-May2024-768x446.jpg 768w, https:\/\/www.able2.org\/wp-content\/uploads\/2024\/05\/DonateBucket-May2024.jpg 1329w\" sizes=\"(max-width: 640px) 100vw, 640px\" alt=\"\" class=\"card__img\">\n                    <\/div>\n                    <p class=\"card__text\">Lorsque vous faites du\u00a0b\u00e9n\u00e9volat, vous contribuez \u00e0\u00a0r\u00e9duire la solitude et\u00a0l\u2019isolement social v\u00e9cus par\u00a0de nombreuses personnes<\/p>\n                <\/a>\n            <\/article>\n                        <\/section>\n","protected":false},"excerpt":{"rendered":"<p>Donate A Car Canada accepte les dons de v\u00e9hicules au profit d&rsquo;ABLE2 d\u2019Ottawa. Pour donner une voiture, un camion, un VR, un bateau, une motocyclette ou un autre v\u00e9hicule \u00e0 ABLE2 d\u2019Ottawa, acc\u00e9dez au site Web de Donate A Car. Donate A Car offre le remorquage gratuitement dans un grand nombre de r\u00e9gions du Canada. [&hellip;]<\/p>\n","protected":false},"author":1,"featured_media":0,"parent":179,"menu_order":4,"comment_status":"closed","ping_status":"closed","template":"page-templates\/page-no_sidebar.php","meta":{"_acf_changed":false,"footnotes":""},"acf":[],"yoast_head":"<!-- This site is optimized with the Yoast SEO plugin v22.8 - https:\/\/yoast.com\/wordpress\/plugins\/seo\/ -->\n<title>Faire don d&#039;un v\u00e9hicule | ABLE2<\/title>\n<meta name=\"robots\" content=\"index, follow, max-snippet:-1, max-image-preview:large, max-video-preview:-1\" \/>\n<link rel=\"canonical\" href=\"https:\/\/www.able2.org\/fr\/faites-un-don\/faire-don-dun-vehicule\/\" \/>\n<meta property=\"og:locale\" content=\"fr_FR\" \/>\n<meta property=\"og:type\" content=\"article\" \/>\n<meta property=\"og:title\" content=\"Faire don d&#039;un v\u00e9hicule | ABLE2\" \/>\n<meta property=\"og:description\" content=\"Donate A Car Canada accepte les dons de v\u00e9hicules au profit d&rsquo;ABLE2 d\u2019Ottawa. Pour donner une voiture, un camion, un VR, un bateau, une motocyclette ou un autre v\u00e9hicule \u00e0 ABLE2 d\u2019Ottawa, acc\u00e9dez au site Web de Donate A Car. Donate A Car offre le remorquage gratuitement dans un grand nombre de r\u00e9gions du Canada. [&hellip;]\" \/>\n<meta property=\"og:url\" content=\"https:\/\/www.able2.org\/fr\/faites-un-don\/faire-don-dun-vehicule\/\" \/>\n<meta property=\"og:site_name\" content=\"ABLE2\" \/>\n<meta property=\"article:modified_time\" content=\"2025-03-13T16:14:41+00:00\" \/>\n<meta property=\"og:image\" content=\"https:\/\/www.able2.org\/wp-content\/uploads\/2020\/06\/donateacar.gif\" \/>\n<meta name=\"twitter:card\" content=\"summary_large_image\" \/>\n<meta name=\"twitter:label1\" content=\"Dur\u00e9e de lecture estim\u00e9e\" \/>\n\t<meta name=\"twitter:data1\" content=\"1 minute\" \/>\n<script type=\"application\/ld+json\" class=\"yoast-schema-graph\">{\"@context\":\"https:\/\/schema.org\",\"@graph\":[{\"@type\":\"WebPage\",\"@id\":\"https:\/\/www.able2.org\/fr\/faites-un-don\/faire-don-dun-vehicule\/\",\"url\":\"https:\/\/www.able2.org\/fr\/faites-un-don\/faire-don-dun-vehicule\/\",\"name\":\"Faire don d'un v\u00e9hicule | ABLE2\",\"isPartOf\":{\"@id\":\"https:\/\/www.able2.org\/#website\"},\"primaryImageOfPage\":{\"@id\":\"https:\/\/www.able2.org\/fr\/faites-un-don\/faire-don-dun-vehicule\/#primaryimage\"},\"image\":{\"@id\":\"https:\/\/www.able2.org\/fr\/faites-un-don\/faire-don-dun-vehicule\/#primaryimage\"},\"thumbnailUrl\":\"https:\/\/www.able2.org\/wp-content\/uploads\/2020\/06\/donateacar.gif\",\"datePublished\":\"2020-06-04T22:25:33+00:00\",\"dateModified\":\"2025-03-13T16:14:41+00:00\",\"breadcrumb\":{\"@id\":\"https:\/\/www.able2.org\/fr\/faites-un-don\/faire-don-dun-vehicule\/#breadcrumb\"},\"inLanguage\":\"fr-FR\",\"potentialAction\":[{\"@type\":\"ReadAction\",\"target\":[\"https:\/\/www.able2.org\/fr\/faites-un-don\/faire-don-dun-vehicule\/\"]}]},{\"@type\":\"ImageObject\",\"inLanguage\":\"fr-FR\",\"@id\":\"https:\/\/www.able2.org\/fr\/faites-un-don\/faire-don-dun-vehicule\/#primaryimage\",\"url\":\"https:\/\/www.able2.org\/wp-content\/uploads\/2020\/06\/donateacar.gif\",\"contentUrl\":\"https:\/\/www.able2.org\/wp-content\/uploads\/2020\/06\/donateacar.gif\"},{\"@type\":\"BreadcrumbList\",\"@id\":\"https:\/\/www.able2.org\/fr\/faites-un-don\/faire-don-dun-vehicule\/#breadcrumb\",\"itemListElement\":[{\"@type\":\"ListItem\",\"position\":1,\"name\":\"Home\",\"item\":\"https:\/\/www.able2.org\/fr\/accueil\/\"},{\"@type\":\"ListItem\",\"position\":2,\"name\":\"Faire don d&#8217;un v\u00e9hicule\"}]},{\"@type\":\"WebSite\",\"@id\":\"https:\/\/www.able2.org\/#website\",\"url\":\"https:\/\/www.able2.org\/\",\"name\":\"ABLE2\",\"description\":\"\",\"publisher\":{\"@id\":\"https:\/\/www.able2.org\/#organization\"},\"potentialAction\":[{\"@type\":\"SearchAction\",\"target\":{\"@type\":\"EntryPoint\",\"urlTemplate\":\"https:\/\/www.able2.org\/?s={search_term_string}\"},\"query-input\":\"required name=search_term_string\"}],\"inLanguage\":\"fr-FR\"},{\"@type\":\"Organization\",\"@id\":\"https:\/\/www.able2.org\/#organization\",\"name\":\"ABLE2\",\"url\":\"https:\/\/www.able2.org\/\",\"logo\":{\"@type\":\"ImageObject\",\"inLanguage\":\"fr-FR\",\"@id\":\"https:\/\/www.able2.org\/#\/schema\/logo\/image\/\",\"url\":\"https:\/\/www.able2.org\/wp-content\/uploads\/2020\/05\/logo.png\",\"contentUrl\":\"https:\/\/www.able2.org\/wp-content\/uploads\/2020\/05\/logo.png\",\"width\":528,\"height\":137,\"caption\":\"ABLE2\"},\"image\":{\"@id\":\"https:\/\/www.able2.org\/#\/schema\/logo\/image\/\"}}]}<\/script>\n<!-- \/ Yoast SEO plugin. -->","yoast_head_json":{"title":"Faire don d'un v\u00e9hicule | ABLE2","robots":{"index":"index","follow":"follow","max-snippet":"max-snippet:-1","max-image-preview":"max-image-preview:large","max-video-preview":"max-video-preview:-1"},"canonical":"https:\/\/www.able2.org\/fr\/faites-un-don\/faire-don-dun-vehicule\/","og_locale":"fr_FR","og_type":"article","og_title":"Faire don d'un v\u00e9hicule | ABLE2","og_description":"Donate A Car Canada accepte les dons de v\u00e9hicules au profit d&rsquo;ABLE2 d\u2019Ottawa. Pour donner une voiture, un camion, un VR, un bateau, une motocyclette ou un autre v\u00e9hicule \u00e0 ABLE2 d\u2019Ottawa, acc\u00e9dez au site Web de Donate A Car. Donate A Car offre le remorquage gratuitement dans un grand nombre de r\u00e9gions du Canada. [&hellip;]","og_url":"https:\/\/www.able2.org\/fr\/faites-un-don\/faire-don-dun-vehicule\/","og_site_name":"ABLE2","article_modified_time":"2025-03-13T16:14:41+00:00","og_image":[{"url":"https:\/\/www.able2.org\/wp-content\/uploads\/2020\/06\/donateacar.gif"}],"twitter_card":"summary_large_image","twitter_misc":{"Dur\u00e9e de lecture estim\u00e9e":"1 minute"},"schema":{"@context":"https:\/\/schema.org","@graph":[{"@type":"WebPage","@id":"https:\/\/www.able2.org\/fr\/faites-un-don\/faire-don-dun-vehicule\/","url":"https:\/\/www.able2.org\/fr\/faites-un-don\/faire-don-dun-vehicule\/","name":"Faire don d'un v\u00e9hicule | ABLE2","isPartOf":{"@id":"https:\/\/www.able2.org\/#website"},"primaryImageOfPage":{"@id":"https:\/\/www.able2.org\/fr\/faites-un-don\/faire-don-dun-vehicule\/#primaryimage"},"image":{"@id":"https:\/\/www.able2.org\/fr\/faites-un-don\/faire-don-dun-vehicule\/#primaryimage"},"thumbnailUrl":"https:\/\/www.able2.org\/wp-content\/uploads\/2020\/06\/donateacar.gif","datePublished":"2020-06-04T22:25:33+00:00","dateModified":"2025-03-13T16:14:41+00:00","breadcrumb":{"@id":"https:\/\/www.able2.org\/fr\/faites-un-don\/faire-don-dun-vehicule\/#breadcrumb"},"inLanguage":"fr-FR","potentialAction":[{"@type":"ReadAction","target":["https:\/\/www.able2.org\/fr\/faites-un-don\/faire-don-dun-vehicule\/"]}]},{"@type":"ImageObject","inLanguage":"fr-FR","@id":"https:\/\/www.able2.org\/fr\/faites-un-don\/faire-don-dun-vehicule\/#primaryimage","url":"https:\/\/www.able2.org\/wp-content\/uploads\/2020\/06\/donateacar.gif","contentUrl":"https:\/\/www.able2.org\/wp-content\/uploads\/2020\/06\/donateacar.gif"},{"@type":"BreadcrumbList","@id":"https:\/\/www.able2.org\/fr\/faites-un-don\/faire-don-dun-vehicule\/#breadcrumb","itemListElement":[{"@type":"ListItem","position":1,"name":"Home","item":"https:\/\/www.able2.org\/fr\/accueil\/"},{"@type":"ListItem","position":2,"name":"Faire don d&#8217;un v\u00e9hicule"}]},{"@type":"WebSite","@id":"https:\/\/www.able2.org\/#website","url":"https:\/\/www.able2.org\/","name":"ABLE2","description":"","publisher":{"@id":"https:\/\/www.able2.org\/#organization"},"potentialAction":[{"@type":"SearchAction","target":{"@type":"EntryPoint","urlTemplate":"https:\/\/www.able2.org\/?s={search_term_string}"},"query-input":"required name=search_term_string"}],"inLanguage":"fr-FR"},{"@type":"Organization","@id":"https:\/\/www.able2.org\/#organization","name":"ABLE2","url":"https:\/\/www.able2.org\/","logo":{"@type":"ImageObject","inLanguage":"fr-FR","@id":"https:\/\/www.able2.org\/#\/schema\/logo\/image\/","url":"https:\/\/www.able2.org\/wp-content\/uploads\/2020\/05\/logo.png","contentUrl":"https:\/\/www.able2.org\/wp-content\/uploads\/2020\/05\/logo.png","width":528,"height":137,"caption":"ABLE2"},"image":{"@id":"https:\/\/www.able2.org\/#\/schema\/logo\/image\/"}}]}},"_links":{"self":[{"href":"https:\/\/www.able2.org\/fr\/wp-json\/wp\/v2\/pages\/865"}],"collection":[{"href":"https:\/\/www.able2.org\/fr\/wp-json\/wp\/v2\/pages"}],"about":[{"href":"https:\/\/www.able2.org\/fr\/wp-json\/wp\/v2\/types\/page"}],"author":[{"embeddable":true,"href":"https:\/\/www.able2.org\/fr\/wp-json\/wp\/v2\/users\/1"}],"replies":[{"embeddable":true,"href":"https:\/\/www.able2.org\/fr\/wp-json\/wp\/v2\/comments?post=865"}],"version-history":[{"count":12,"href":"https:\/\/www.able2.org\/fr\/wp-json\/wp\/v2\/pages\/865\/revisions"}],"predecessor-version":[{"id":20865,"href":"https:\/\/www.able2.org\/fr\/wp-json\/wp\/v2\/pages\/865\/revisions\/20865"}],"up":[{"embeddable":true,"href":"https:\/\/www.able2.org\/fr\/wp-json\/wp\/v2\/pages\/179"}],"wp:attachment":[{"href":"https:\/\/www.able2.org\/fr\/wp-json\/wp\/v2\/media?parent=865"}],"curies":[{"name":"wp","href":"https:\/\/api.w.org\/{rel}","templated":true}]}}