{"id":863,"date":"2020-06-04T18:21:08","date_gmt":"2020-06-04T22:21:08","guid":{"rendered":"https:\/\/www.able2.org\/faites-un-don\/corporate-matching-gift-programs\/"},"modified":"2024-06-04T12:48:07","modified_gmt":"2024-06-04T16:48:07","slug":"corporate-matching-gift-programs","status":"publish","type":"page","link":"https:\/\/www.able2.org\/fr\/faites-un-don\/corporate-matching-gift-programs\/","title":{"rendered":"Programmes d\u2019\u00e9quivalence de dons d\u2019entreprise"},"content":{"rendered":"\n<p>Saviez-vous qu\u2019en faisant du b\u00e9n\u00e9volat avec nous, vous pourriez \u00eatre en mesure d\u2019utiliser les heures de b\u00e9n\u00e9volat dans votre milieu de travail et les convertir en un don de bienfaisance au profit de ABLE2&nbsp;? De nombreux employeurs feront des contributions de bienfaisance \u00e9quivalentes \u00e0 celles de leurs employ\u00e9s. En tant qu\u2019organisation \u00e0 but non lucratif, ABLE2 est toujours \u00e0 la recherche des moyens de financement en vue de soutenir ses programmes.&nbsp;<\/p>\n\n\n\n<h4 class=\"wp-block-heading\"><strong>UN GRAND MERCI DE LA PART DES B\u00c9N\u00c9VOLES ET DES DONATEURS DE ABLE2 QUI ONT DEMAND\u00c9 DES DONS \u00c9QUIVALENTS !<\/strong><\/h4>\n\n\n\n<p>Voici quelques entreprises qui participent&nbsp;:<\/p>\n\n\n\n<ul><li>3M <\/li><li>Canada <\/li><li>Abbott Pharmaceutical <\/li><li>Accenture Canada Holdings <\/li><li>Achievers Adobe Systems Inc <\/li><li>Alcan Inc. Aliant, Inc. <\/li><li>Allstate Financial Encompass Insurance <\/li><li>Allstate Insurance Company Alta Telecom International, Ltd. (ATI) <\/li><li>Apple Inc. <\/li><li>Asten Johnson <\/li><li>Atco <\/li><li>AT&amp;T Canada <\/li><li>Aviva Canada<\/li><\/ul>\n\n\n\n<p><strong>B<\/strong> <\/p>\n\n\n\n<ul><li>Bell Globemedia, Inc. <\/li><li>Bell Mobility <\/li><li>Best Buy <\/li><li>Blackberry <\/li><li>Black &amp; Decker Corporation, The <\/li><li>BMO Bank of Montreal <\/li><li>BMO Financial Group <\/li><li>BMO Nesbitt Burns <\/li><li>BMW Canada Inc. <\/li><li>Bowater Canada Ltd. <\/li><li>Breyers <\/li><li>Brookfield Properties Corporation<\/li><\/ul>\n\n\n\n<p><strong>C<\/strong> <\/p>\n\n\n\n<ul><li>Calumet <\/li><li>Canada RBC <\/li><li>Celanese Canada Inc. <\/li><li>Chubb Insurance Company of Canada <\/li><li>CIBA Vision Canada Inc. <\/li><li>CIBC <\/li><li>Ciena <\/li><li>Clarica <\/li><li>Claridge Investments Limited <\/li><li>Clorox Company of Canada <\/li><li>Cowan Insurance<\/li><\/ul>\n\n\n\n<p><strong>D<\/strong> <\/p>\n\n\n\n<ul><li>DaimlerChrysler Canada Inc. <\/li><li>Deutsche Bank of Canada <\/li><li>Dell <\/li><li>Deloitte <\/li><li>DiGiorno Doubleday Canada <\/li><li>Dove <\/li><li>Dow Chemical Canada, Inc. <\/li><li>Dow Pharma <\/li><li>Dymon Storage<\/li><\/ul>\n\n\n\n<p><strong>E<\/strong> <\/p>\n\n\n\n<ul><li>Enbridge <\/li><li>EnCana Corporation <\/li><li>EnCana North America <\/li><li>Ericsson Canada, Inc. <\/li><li>Ever Fresh <\/li><li>Expedia Group<\/li><\/ul>\n\n\n\n<p><strong>F<\/strong> <\/p>\n\n\n\n<ul><li>Falconbridge Limited <\/li><li>Federal Express Canada <\/li><li>Finesse <\/li><li>Ford Motor Company of Canada, Ltd.<\/li><\/ul>\n\n\n\n<p><strong>G<\/strong> <\/p>\n\n\n\n<ul><li>Gatineau Mills <\/li><li>General Foods International <\/li><li>Georgia-Pacific Canada, Inc. <\/li><li>GlaxoSmithKline <\/li><li>Globe and Mail <\/li><li>Green Shield Canada <\/li><li>Guarantee Company of North America <\/li><li>Guarantee Company of North America \u2013 Property &amp; Auto ( Ontario)<\/li><\/ul>\n\n\n\n<p><strong>H<\/strong> <\/p>\n\n\n\n<ul><li>Hewlett-Packard ( Canada) Ltd. <\/li><li>Honeywell Inc. <\/li><li>Household Financial Corporation of Canada <\/li><li>HP Canada (Gatineau, Quebec) <\/li><li>HP Canada (Kanata, ON) <\/li><li>HP Canada (Kingston, ON) <\/li><li>HP Canada (Kirkland, Quebec) <\/li><li>HP Canada (Pembroke, ON) <\/li><li>HP Canada (Quebec City) <\/li><li>HSBC Bank Canada<\/li><\/ul>\n\n\n\n<p><strong>I<\/strong> <\/p>\n\n\n\n<ul><li>Ian Martin Group <\/li><li>Imperial <\/li><li>Inco Limited <\/li><li>Ingersoll-Rand Canada Inc. <\/li><li>Intact Insurance Investors Group<\/li><\/ul>\n\n\n\n<p><strong>J<\/strong> <\/p>\n\n\n\n<ul><li>Jean Gaulin Refinery ( Quebec) <\/li><li>Jello <\/li><li>Jet-Puffed<\/li><li>Johnson Controls Ltd. <\/li><li>Josent GraftMaster <\/li><li>Juniper Networks<\/li><\/ul>\n\n\n\n<p><strong>K<\/strong> <\/p>\n\n\n\n<ul><li>Kellogg Canada Inc. <\/li><li>Kodak Canada Inc. <\/li><li>KPMG LLP <\/li><li>Kraft Canada Inc. <\/li><li>Kraft Foods North America, Inc.<\/li><\/ul>\n\n\n\n<p><strong>L<\/strong> <\/p>\n\n\n\n<ul><li>Labatt Breweries of Canada <\/li><li>League <\/li><li>Lever 2000 <\/li><li>Lumenera <\/li><\/ul>\n\n\n\n<p><strong>M<\/strong> <\/p>\n\n\n\n<ul><li>Maxwell House <\/li><li>McGraw-Hill Ryerson Limited <\/li><li>MetLife, Inc. <\/li><li>Meridian Credit Union <\/li><li>Metropolitan Life Foundation <\/li><li>Molson Companies Donations Fund <\/li><\/ul>\n\n\n\n<p><strong>N<\/strong> <\/p>\n\n\n\n<ul><li>Nabisco Brands <\/li><li>Nabisco Limited <\/li><li>National Bank of Canada <\/li><li>Novartis Animal Heath Care <\/li><li>Novartis Consumer Health <\/li><li>Novartis Pharmaceuticals Canada Inc. <\/li><\/ul>\n\n\n\n<p><strong>P<\/strong> <\/p>\n\n\n\n<ul><li>Parkland Fuel Corporation <\/li><li>Pfizer Canada <\/li><li>Pfizer Consumer Heathcare <\/li><li>Pfizer Warner-Lambert Consumer Group <\/li><li>Pilot Insurance Company <\/li><li>Procter &amp; Gamble Inc. <\/li><\/ul>\n\n\n\n<p><strong>R<\/strong> <\/p>\n\n\n\n<ul><li>Random House of Canada, Ltd. <\/li><li>RBC Financial Group <\/li><li>Reuters Canada ( Ottawa) <\/li><li>Rogers Communications <\/li><li>Rothmans Benson &amp; Hedges Inc. <\/li><li>Rothmans, Inc. <\/li><li>Royal and Sun Alliance <\/li><li>Royal Bank of Canada<\/li><\/ul>\n\n\n\n<p><strong>S<\/strong> <\/p>\n\n\n\n<ul><li>Shaw Media <\/li><li>Siemens Canada Limited <\/li><li>Sun Life Financial Assurance Company of Canada <\/li><li>Sympatico <\/li><li>Synopsis<\/li><\/ul>\n\n\n\n<p><strong>T<\/strong> <\/p>\n\n\n\n<ul><li>TD Bank <\/li><li>Telus Corporation <\/li><li>TELUS Information Services, Inc. <\/li><li>Telus Management Services, Inc. (TMSI) <\/li><li>Trip Advisor<\/li><\/ul>\n\n\n\n<p><strong>U<\/strong> <\/p>\n\n\n\n<ul><li>Ultramar Canada Inc. <\/li><li>Unilever Canada Limited<\/li><\/ul>\n\n\n\n<p><strong>X<\/strong> <\/p>\n\n\n\n<ul><li>Xerox<\/li><\/ul>\n\n\n\n<div style=\"height:20px\" aria-hidden=\"true\" class=\"wp-block-spacer\"><\/div>\n\n\n    <section class=\"container sm:flex\">\n                                <article class=\"card sm:w-1\/3\">\n                <a href=\"https:\/\/www.able2.org\/fr\/faites-un-don\/\" class=\"block h-full\">\n                    <h2 class=\"card__title\">Ayez un impact durable en devenant un donateur mensuel \u2063\u2063<\/h2>\n                    <div class=\"card__img-container\">\n                        <img decoding=\"async\" src=\"https:\/\/www.able2.org\/wp-content\/uploads\/2024\/04\/2About-OurHistory-Bucket-MonthlyDonor-300x174.png\" srcset=\"https:\/\/www.able2.org\/wp-content\/uploads\/2024\/04\/2About-OurHistory-Bucket-MonthlyDonor-300x174.png 300w, https:\/\/www.able2.org\/wp-content\/uploads\/2024\/04\/2About-OurHistory-Bucket-MonthlyDonor-1024x594.png 1024w, https:\/\/www.able2.org\/wp-content\/uploads\/2024\/04\/2About-OurHistory-Bucket-MonthlyDonor-768x446.png 768w, https:\/\/www.able2.org\/wp-content\/uploads\/2024\/04\/2About-OurHistory-Bucket-MonthlyDonor.png 1329w\" sizes=\"(max-width: 640px) 100vw, 640px\" alt=\"\" class=\"card__img\">\n                    <\/div>\n                    <p class=\"card__text\">Votre don aide les personnes\u00a0 vivant avec un handicap \u00e0 acqu\u00e9rir de nouvelles<\/p>\n                <\/a>\n            <\/article>\n                                            <article class=\"card card--yellow sm:w-1\/3\">\n                <a href=\"https:\/\/www.able2.org\/fr\/nos-histoires\/\" class=\"block h-full\">\n                    <h2 class=\"card__title\">Apprenez en plus sur comment votre contribution permet de changer des vies<\/h2>\n                    <div class=\"card__img-container\">\n                        <img decoding=\"async\" src=\"https:\/\/www.able2.org\/wp-content\/uploads\/2024\/04\/1About-Bucket-History-300x174.png\" srcset=\"https:\/\/www.able2.org\/wp-content\/uploads\/2024\/04\/1About-Bucket-History-300x174.png 300w, https:\/\/www.able2.org\/wp-content\/uploads\/2024\/04\/1About-Bucket-History-1024x594.png 1024w, https:\/\/www.able2.org\/wp-content\/uploads\/2024\/04\/1About-Bucket-History-768x446.png 768w, https:\/\/www.able2.org\/wp-content\/uploads\/2024\/04\/1About-Bucket-History.png 1329w\" sizes=\"(max-width: 640px) 100vw, 640px\" alt=\"\" class=\"card__img\">\n                    <\/div>\n                    <p class=\"card__text\">Apprenez-en plus sur les histoires des utilisateurs de\u00a0 programmes, des b\u00e9n\u00e9voles et des d\u00e9fenseurs du milieu\u00a0communautaire.<\/p>\n                <\/a>\n            <\/article>\n                                            <article class=\"card sm:w-1\/3\">\n                <a href=\"https:\/\/www.able2.org\/fr\/benevole\/\" class=\"block h-full\">\n                    <h2 class=\"card__title\">B\u00e9n\u00e9vole\u2063<\/h2>\n                    <div class=\"card__img-container\">\n                        <img decoding=\"async\" src=\"https:\/\/www.able2.org\/wp-content\/uploads\/2024\/05\/DonateBucket-May2024-300x174.jpg\" srcset=\"https:\/\/www.able2.org\/wp-content\/uploads\/2024\/05\/DonateBucket-May2024-300x174.jpg 300w, https:\/\/www.able2.org\/wp-content\/uploads\/2024\/05\/DonateBucket-May2024-1024x594.jpg 1024w, https:\/\/www.able2.org\/wp-content\/uploads\/2024\/05\/DonateBucket-May2024-768x446.jpg 768w, https:\/\/www.able2.org\/wp-content\/uploads\/2024\/05\/DonateBucket-May2024.jpg 1329w\" sizes=\"(max-width: 640px) 100vw, 640px\" alt=\"\" class=\"card__img\">\n                    <\/div>\n                    <p class=\"card__text\">Lorsque vous faites du\u00a0b\u00e9n\u00e9volat, vous contribuez \u00e0\u00a0r\u00e9duire la solitude et\u00a0l\u2019isolement social v\u00e9cus par\u00a0de nombreuses personnes<\/p>\n                <\/a>\n            <\/article>\n                        <\/section>\n","protected":false},"excerpt":{"rendered":"<p>Saviez-vous qu\u2019en faisant du b\u00e9n\u00e9volat avec nous, vous pourriez \u00eatre en mesure d\u2019utiliser les heures de b\u00e9n\u00e9volat dans votre milieu de travail et les convertir en un don de bienfaisance au profit de ABLE2&nbsp;? De nombreux employeurs feront des contributions de bienfaisance \u00e9quivalentes \u00e0 celles de leurs employ\u00e9s. En tant qu\u2019organisation \u00e0 but non lucratif, [&hellip;]<\/p>\n","protected":false},"author":1,"featured_media":0,"parent":179,"menu_order":5,"comment_status":"closed","ping_status":"closed","template":"page-templates\/page-no_sidebar.php","meta":{"_acf_changed":false,"footnotes":""},"acf":[],"yoast_head":"<!-- This site is optimized with the Yoast SEO plugin v22.8 - https:\/\/yoast.com\/wordpress\/plugins\/seo\/ -->\n<title>Programmes d\u2019\u00e9quivalence de dons d\u2019entreprise | ABLE2<\/title>\n<meta name=\"robots\" content=\"index, follow, max-snippet:-1, max-image-preview:large, max-video-preview:-1\" \/>\n<link rel=\"canonical\" href=\"https:\/\/www.able2.org\/fr\/faites-un-don\/corporate-matching-gift-programs\/\" \/>\n<meta property=\"og:locale\" content=\"fr_FR\" \/>\n<meta property=\"og:type\" content=\"article\" \/>\n<meta property=\"og:title\" content=\"Programmes d\u2019\u00e9quivalence de dons d\u2019entreprise | ABLE2\" \/>\n<meta property=\"og:description\" content=\"Saviez-vous qu\u2019en faisant du b\u00e9n\u00e9volat avec nous, vous pourriez \u00eatre en mesure d\u2019utiliser les heures de b\u00e9n\u00e9volat dans votre milieu de travail et les convertir en un don de bienfaisance au profit de ABLE2&nbsp;? De nombreux employeurs feront des contributions de bienfaisance \u00e9quivalentes \u00e0 celles de leurs employ\u00e9s. En tant qu\u2019organisation \u00e0 but non lucratif, [&hellip;]\" \/>\n<meta property=\"og:url\" content=\"https:\/\/www.able2.org\/fr\/faites-un-don\/corporate-matching-gift-programs\/\" \/>\n<meta property=\"og:site_name\" content=\"ABLE2\" \/>\n<meta property=\"article:modified_time\" content=\"2024-06-04T16:48:07+00:00\" \/>\n<meta name=\"twitter:card\" content=\"summary_large_image\" \/>\n<meta name=\"twitter:label1\" content=\"Dur\u00e9e de lecture estim\u00e9e\" \/>\n\t<meta name=\"twitter:data1\" content=\"3 minutes\" \/>\n<script type=\"application\/ld+json\" class=\"yoast-schema-graph\">{\"@context\":\"https:\/\/schema.org\",\"@graph\":[{\"@type\":\"WebPage\",\"@id\":\"https:\/\/www.able2.org\/fr\/faites-un-don\/corporate-matching-gift-programs\/\",\"url\":\"https:\/\/www.able2.org\/fr\/faites-un-don\/corporate-matching-gift-programs\/\",\"name\":\"Programmes d\u2019\u00e9quivalence de dons d\u2019entreprise | ABLE2\",\"isPartOf\":{\"@id\":\"https:\/\/www.able2.org\/#website\"},\"datePublished\":\"2020-06-04T22:21:08+00:00\",\"dateModified\":\"2024-06-04T16:48:07+00:00\",\"breadcrumb\":{\"@id\":\"https:\/\/www.able2.org\/fr\/faites-un-don\/corporate-matching-gift-programs\/#breadcrumb\"},\"inLanguage\":\"fr-FR\",\"potentialAction\":[{\"@type\":\"ReadAction\",\"target\":[\"https:\/\/www.able2.org\/fr\/faites-un-don\/corporate-matching-gift-programs\/\"]}]},{\"@type\":\"BreadcrumbList\",\"@id\":\"https:\/\/www.able2.org\/fr\/faites-un-don\/corporate-matching-gift-programs\/#breadcrumb\",\"itemListElement\":[{\"@type\":\"ListItem\",\"position\":1,\"name\":\"Home\",\"item\":\"https:\/\/www.able2.org\/fr\/accueil\/\"},{\"@type\":\"ListItem\",\"position\":2,\"name\":\"Programmes d\u2019\u00e9quivalence de dons d\u2019entreprise\"}]},{\"@type\":\"WebSite\",\"@id\":\"https:\/\/www.able2.org\/#website\",\"url\":\"https:\/\/www.able2.org\/\",\"name\":\"ABLE2\",\"description\":\"\",\"publisher\":{\"@id\":\"https:\/\/www.able2.org\/#organization\"},\"potentialAction\":[{\"@type\":\"SearchAction\",\"target\":{\"@type\":\"EntryPoint\",\"urlTemplate\":\"https:\/\/www.able2.org\/?s={search_term_string}\"},\"query-input\":\"required name=search_term_string\"}],\"inLanguage\":\"fr-FR\"},{\"@type\":\"Organization\",\"@id\":\"https:\/\/www.able2.org\/#organization\",\"name\":\"ABLE2\",\"url\":\"https:\/\/www.able2.org\/\",\"logo\":{\"@type\":\"ImageObject\",\"inLanguage\":\"fr-FR\",\"@id\":\"https:\/\/www.able2.org\/#\/schema\/logo\/image\/\",\"url\":\"https:\/\/www.able2.org\/wp-content\/uploads\/2020\/05\/logo.png\",\"contentUrl\":\"https:\/\/www.able2.org\/wp-content\/uploads\/2020\/05\/logo.png\",\"width\":528,\"height\":137,\"caption\":\"ABLE2\"},\"image\":{\"@id\":\"https:\/\/www.able2.org\/#\/schema\/logo\/image\/\"}}]}<\/script>\n<!-- \/ Yoast SEO plugin. -->","yoast_head_json":{"title":"Programmes d\u2019\u00e9quivalence de dons d\u2019entreprise | ABLE2","robots":{"index":"index","follow":"follow","max-snippet":"max-snippet:-1","max-image-preview":"max-image-preview:large","max-video-preview":"max-video-preview:-1"},"canonical":"https:\/\/www.able2.org\/fr\/faites-un-don\/corporate-matching-gift-programs\/","og_locale":"fr_FR","og_type":"article","og_title":"Programmes d\u2019\u00e9quivalence de dons d\u2019entreprise | ABLE2","og_description":"Saviez-vous qu\u2019en faisant du b\u00e9n\u00e9volat avec nous, vous pourriez \u00eatre en mesure d\u2019utiliser les heures de b\u00e9n\u00e9volat dans votre milieu de travail et les convertir en un don de bienfaisance au profit de ABLE2&nbsp;? De nombreux employeurs feront des contributions de bienfaisance \u00e9quivalentes \u00e0 celles de leurs employ\u00e9s. En tant qu\u2019organisation \u00e0 but non lucratif, [&hellip;]","og_url":"https:\/\/www.able2.org\/fr\/faites-un-don\/corporate-matching-gift-programs\/","og_site_name":"ABLE2","article_modified_time":"2024-06-04T16:48:07+00:00","twitter_card":"summary_large_image","twitter_misc":{"Dur\u00e9e de lecture estim\u00e9e":"3 minutes"},"schema":{"@context":"https:\/\/schema.org","@graph":[{"@type":"WebPage","@id":"https:\/\/www.able2.org\/fr\/faites-un-don\/corporate-matching-gift-programs\/","url":"https:\/\/www.able2.org\/fr\/faites-un-don\/corporate-matching-gift-programs\/","name":"Programmes d\u2019\u00e9quivalence de dons d\u2019entreprise | ABLE2","isPartOf":{"@id":"https:\/\/www.able2.org\/#website"},"datePublished":"2020-06-04T22:21:08+00:00","dateModified":"2024-06-04T16:48:07+00:00","breadcrumb":{"@id":"https:\/\/www.able2.org\/fr\/faites-un-don\/corporate-matching-gift-programs\/#breadcrumb"},"inLanguage":"fr-FR","potentialAction":[{"@type":"ReadAction","target":["https:\/\/www.able2.org\/fr\/faites-un-don\/corporate-matching-gift-programs\/"]}]},{"@type":"BreadcrumbList","@id":"https:\/\/www.able2.org\/fr\/faites-un-don\/corporate-matching-gift-programs\/#breadcrumb","itemListElement":[{"@type":"ListItem","position":1,"name":"Home","item":"https:\/\/www.able2.org\/fr\/accueil\/"},{"@type":"ListItem","position":2,"name":"Programmes d\u2019\u00e9quivalence de dons d\u2019entreprise"}]},{"@type":"WebSite","@id":"https:\/\/www.able2.org\/#website","url":"https:\/\/www.able2.org\/","name":"ABLE2","description":"","publisher":{"@id":"https:\/\/www.able2.org\/#organization"},"potentialAction":[{"@type":"SearchAction","target":{"@type":"EntryPoint","urlTemplate":"https:\/\/www.able2.org\/?s={search_term_string}"},"query-input":"required name=search_term_string"}],"inLanguage":"fr-FR"},{"@type":"Organization","@id":"https:\/\/www.able2.org\/#organization","name":"ABLE2","url":"https:\/\/www.able2.org\/","logo":{"@type":"ImageObject","inLanguage":"fr-FR","@id":"https:\/\/www.able2.org\/#\/schema\/logo\/image\/","url":"https:\/\/www.able2.org\/wp-content\/uploads\/2020\/05\/logo.png","contentUrl":"https:\/\/www.able2.org\/wp-content\/uploads\/2020\/05\/logo.png","width":528,"height":137,"caption":"ABLE2"},"image":{"@id":"https:\/\/www.able2.org\/#\/schema\/logo\/image\/"}}]}},"_links":{"self":[{"href":"https:\/\/www.able2.org\/fr\/wp-json\/wp\/v2\/pages\/863"}],"collection":[{"href":"https:\/\/www.able2.org\/fr\/wp-json\/wp\/v2\/pages"}],"about":[{"href":"https:\/\/www.able2.org\/fr\/wp-json\/wp\/v2\/types\/page"}],"author":[{"embeddable":true,"href":"https:\/\/www.able2.org\/fr\/wp-json\/wp\/v2\/users\/1"}],"replies":[{"embeddable":true,"href":"https:\/\/www.able2.org\/fr\/wp-json\/wp\/v2\/comments?post=863"}],"version-history":[{"count":8,"href":"https:\/\/www.able2.org\/fr\/wp-json\/wp\/v2\/pages\/863\/revisions"}],"predecessor-version":[{"id":17918,"href":"https:\/\/www.able2.org\/fr\/wp-json\/wp\/v2\/pages\/863\/revisions\/17918"}],"up":[{"embeddable":true,"href":"https:\/\/www.able2.org\/fr\/wp-json\/wp\/v2\/pages\/179"}],"wp:attachment":[{"href":"https:\/\/www.able2.org\/fr\/wp-json\/wp\/v2\/media?parent=863"}],"curies":[{"name":"wp","href":"https:\/\/api.w.org\/{rel}","templated":true}]}}