{"id":855,"date":"2020-06-04T18:18:58","date_gmt":"2020-06-04T22:18:58","guid":{"rendered":"https:\/\/www.able2.org\/faites-un-don\/membership\/"},"modified":"2026-04-09T09:47:42","modified_gmt":"2026-04-09T13:47:42","slug":"membership","status":"publish","type":"page","link":"https:\/\/www.able2.org\/fr\/faites-un-don\/membership\/","title":{"rendered":"Adh\u00e9sion"},"content":{"rendered":"\n<p>La vision d\u2019ABLE2 est de parvenir \u00e0 une communaut\u00e9 inclusive o\u00f9 chaque citoyen est per\u00e7u comme \u00e9tant capable, important et valoris\u00e9. Nous travaillons avec nos partenaires afin de fournir des outils, des choix, ainsi que des connexions pouvant permettre aux personnes vivant avec des handicaps de construire une vie significative et de joie. Croyez-vous en une communaut\u00e9 qui accueille et valorise la participation et la contribution de tous ses citoyens, y compris ceux qui vivent avec un handicap? Devenez membre d\u2019ABLE2 d\u00e8s aujourd\u2019hui! &nbsp;&nbsp;<\/p>\n\n\n\n<p>L&rsquo;adh\u00e9sion comprend *: Le droit de vote \u00e0 l&rsquo;assembl\u00e9e g\u00e9n\u00e9rale annuelle de ABLE2, ou le droit \u00e0 un vote par procuration \u00e0 l&rsquo;assembl\u00e9e g\u00e9n\u00e9rale annuelle et un avis de tous les \u00e9v\u00e9nements organis\u00e9s par ABLE2.<\/p>\n\n\n\n<p>* L&rsquo;adh\u00e9sion est faite sur une base annuelle et peut \u00eatre achet\u00e9e \u00e0 tout moment. Elle entre en vigueur \u00e0 la date d&rsquo;approbation de la demande par le Conseil d&rsquo;administration d&rsquo;ABLE2. Elle expire \u00e0 l&rsquo;assembl\u00e9e g\u00e9n\u00e9rale annuelle qui suit l&rsquo;ann\u00e9e de l\u2019acquisition de l&rsquo;adh\u00e9sion.<\/p>\n\n\n\n<h2 class=\"wp-block-heading\">CONDITONS D\u2019ADH\u00c9SION DE L\u2019ANN\u00c9E FISCALE 2026-2027<\/h2>\n\n\n\n<ul>\n<li>Alli\u00e9 b\u00e9n\u00e9vole, ami ou participant au programme de protection des adultes (PPA), courtage de fonds, et programme de ressources sur l&rsquo;alcoolisation f\u0153tale en 2026-2027 \u2013 Frais d&rsquo;adh\u00e9sion 5 $<\/li>\n<\/ul>\n\n\n\n<ul>\n<li>Membre de la famille du participant \u00e0 PPA, courtage de fonds, programme de ressources sur l&rsquo;alcoolisation f\u0153tale, membre du conseil d&rsquo;administration ou membre d&rsquo;un comit\u00e9 en 2026-2027 \u2013 Frais d&rsquo;adh\u00e9sion 25 $<\/li>\n<\/ul>\n\n\n\n<p><a href=\"https:\/\/interland3.donorperfect.net\/weblink\/weblink.aspx?name=E362751QE&amp;id=13\" target=\"_blank\" rel=\"noreferrer noopener\"><strong>Devenez membre d\u00e8s aujourd\u2019hui<\/strong><\/a><\/p>\n\n\n\n<div style=\"height:20px\" aria-hidden=\"true\" class=\"wp-block-spacer\"><\/div>\n\n\n    <section class=\"container sm:flex\">\n                                <article class=\"card sm:w-1\/3\">\n                <a href=\"https:\/\/www.able2.org\/fr\/faites-un-don\/\" class=\"block h-full\">\n                    <h2 class=\"card__title\">Ayez un impact durable en devenant un donateur mensuel \u2063\u2063<\/h2>\n                    <div class=\"card__img-container\">\n                        <img decoding=\"async\" src=\"https:\/\/www.able2.org\/wp-content\/uploads\/2024\/04\/2About-OurHistory-Bucket-MonthlyDonor-300x174.png\" srcset=\"https:\/\/www.able2.org\/wp-content\/uploads\/2024\/04\/2About-OurHistory-Bucket-MonthlyDonor-300x174.png 300w, https:\/\/www.able2.org\/wp-content\/uploads\/2024\/04\/2About-OurHistory-Bucket-MonthlyDonor-1024x594.png 1024w, https:\/\/www.able2.org\/wp-content\/uploads\/2024\/04\/2About-OurHistory-Bucket-MonthlyDonor-768x446.png 768w, https:\/\/www.able2.org\/wp-content\/uploads\/2024\/04\/2About-OurHistory-Bucket-MonthlyDonor.png 1329w\" sizes=\"(max-width: 640px) 100vw, 640px\" alt=\"\" class=\"card__img\">\n                    <\/div>\n                    <p class=\"card__text\">Votre don aide les personnes\u00a0 vivant avec un handicap \u00e0 acqu\u00e9rir de nouvelles<\/p>\n                <\/a>\n            <\/article>\n                                            <article class=\"card card--yellow sm:w-1\/3\">\n                <a href=\"https:\/\/www.able2.org\/fr\/nos-histoires\/\" class=\"block h-full\">\n                    <h2 class=\"card__title\">Apprenez en plus sur comment votre contribution permet de changer des vies<\/h2>\n                    <div class=\"card__img-container\">\n                        <img decoding=\"async\" src=\"https:\/\/www.able2.org\/wp-content\/uploads\/2024\/04\/1About-Bucket-History-300x174.png\" srcset=\"https:\/\/www.able2.org\/wp-content\/uploads\/2024\/04\/1About-Bucket-History-300x174.png 300w, https:\/\/www.able2.org\/wp-content\/uploads\/2024\/04\/1About-Bucket-History-1024x594.png 1024w, https:\/\/www.able2.org\/wp-content\/uploads\/2024\/04\/1About-Bucket-History-768x446.png 768w, https:\/\/www.able2.org\/wp-content\/uploads\/2024\/04\/1About-Bucket-History.png 1329w\" sizes=\"(max-width: 640px) 100vw, 640px\" alt=\"\" class=\"card__img\">\n                    <\/div>\n                    <p class=\"card__text\">Apprenez-en plus sur les histoires des utilisateurs de\u00a0 programmes, des b\u00e9n\u00e9voles et des d\u00e9fenseurs du milieu\u00a0communautaire.<\/p>\n                <\/a>\n            <\/article>\n                                            <article class=\"card sm:w-1\/3\">\n                <a href=\"https:\/\/www.able2.org\/fr\/benevole\/\" class=\"block h-full\">\n                    <h2 class=\"card__title\">B\u00e9n\u00e9vole\u2063<\/h2>\n                    <div class=\"card__img-container\">\n                        <img decoding=\"async\" src=\"https:\/\/www.able2.org\/wp-content\/uploads\/2024\/05\/DonateBucket-May2024-300x174.jpg\" srcset=\"https:\/\/www.able2.org\/wp-content\/uploads\/2024\/05\/DonateBucket-May2024-300x174.jpg 300w, https:\/\/www.able2.org\/wp-content\/uploads\/2024\/05\/DonateBucket-May2024-1024x594.jpg 1024w, https:\/\/www.able2.org\/wp-content\/uploads\/2024\/05\/DonateBucket-May2024-768x446.jpg 768w, https:\/\/www.able2.org\/wp-content\/uploads\/2024\/05\/DonateBucket-May2024.jpg 1329w\" sizes=\"(max-width: 640px) 100vw, 640px\" alt=\"\" class=\"card__img\">\n                    <\/div>\n                    <p class=\"card__text\">Lorsque vous faites du\u00a0b\u00e9n\u00e9volat, vous contribuez \u00e0\u00a0r\u00e9duire la solitude et\u00a0l\u2019isolement social v\u00e9cus par\u00a0de nombreuses personnes<\/p>\n                <\/a>\n            <\/article>\n                        <\/section>\n","protected":false},"excerpt":{"rendered":"<p>La vision d\u2019ABLE2 est de parvenir \u00e0 une communaut\u00e9 inclusive o\u00f9 chaque citoyen est per\u00e7u comme \u00e9tant capable, important et valoris\u00e9. Nous travaillons avec nos partenaires afin de fournir des outils, des choix, ainsi que des connexions pouvant permettre aux personnes vivant avec des handicaps de construire une vie significative et de joie. Croyez-vous en [&hellip;]<\/p>\n","protected":false},"author":1,"featured_media":0,"parent":179,"menu_order":1,"comment_status":"closed","ping_status":"closed","template":"page-templates\/page-no_sidebar.php","meta":{"_acf_changed":false,"footnotes":""},"acf":[],"yoast_head":"<!-- This site is optimized with the Yoast SEO plugin v22.8 - https:\/\/yoast.com\/wordpress\/plugins\/seo\/ -->\n<title>Adh\u00e9sion | ABLE2<\/title>\n<meta name=\"robots\" content=\"index, follow, max-snippet:-1, max-image-preview:large, max-video-preview:-1\" \/>\n<link rel=\"canonical\" href=\"https:\/\/www.able2.org\/fr\/faites-un-don\/membership\/\" \/>\n<meta property=\"og:locale\" content=\"fr_FR\" \/>\n<meta property=\"og:type\" content=\"article\" \/>\n<meta property=\"og:title\" content=\"Adh\u00e9sion | ABLE2\" \/>\n<meta property=\"og:description\" content=\"La vision d\u2019ABLE2 est de parvenir \u00e0 une communaut\u00e9 inclusive o\u00f9 chaque citoyen est per\u00e7u comme \u00e9tant capable, important et valoris\u00e9. Nous travaillons avec nos partenaires afin de fournir des outils, des choix, ainsi que des connexions pouvant permettre aux personnes vivant avec des handicaps de construire une vie significative et de joie. Croyez-vous en [&hellip;]\" \/>\n<meta property=\"og:url\" content=\"https:\/\/www.able2.org\/fr\/faites-un-don\/membership\/\" \/>\n<meta property=\"og:site_name\" content=\"ABLE2\" \/>\n<meta property=\"article:modified_time\" content=\"2026-04-09T13:47:42+00:00\" \/>\n<meta name=\"twitter:card\" content=\"summary_large_image\" \/>\n<meta name=\"twitter:label1\" content=\"Dur\u00e9e de lecture estim\u00e9e\" \/>\n\t<meta name=\"twitter:data1\" content=\"2 minutes\" \/>\n<script type=\"application\/ld+json\" class=\"yoast-schema-graph\">{\"@context\":\"https:\/\/schema.org\",\"@graph\":[{\"@type\":\"WebPage\",\"@id\":\"https:\/\/www.able2.org\/fr\/faites-un-don\/membership\/\",\"url\":\"https:\/\/www.able2.org\/fr\/faites-un-don\/membership\/\",\"name\":\"Adh\u00e9sion | ABLE2\",\"isPartOf\":{\"@id\":\"https:\/\/www.able2.org\/#website\"},\"datePublished\":\"2020-06-04T22:18:58+00:00\",\"dateModified\":\"2026-04-09T13:47:42+00:00\",\"breadcrumb\":{\"@id\":\"https:\/\/www.able2.org\/fr\/faites-un-don\/membership\/#breadcrumb\"},\"inLanguage\":\"fr-FR\",\"potentialAction\":[{\"@type\":\"ReadAction\",\"target\":[\"https:\/\/www.able2.org\/fr\/faites-un-don\/membership\/\"]}]},{\"@type\":\"BreadcrumbList\",\"@id\":\"https:\/\/www.able2.org\/fr\/faites-un-don\/membership\/#breadcrumb\",\"itemListElement\":[{\"@type\":\"ListItem\",\"position\":1,\"name\":\"Home\",\"item\":\"https:\/\/www.able2.org\/fr\/accueil\/\"},{\"@type\":\"ListItem\",\"position\":2,\"name\":\"Adh\u00e9sion\"}]},{\"@type\":\"WebSite\",\"@id\":\"https:\/\/www.able2.org\/#website\",\"url\":\"https:\/\/www.able2.org\/\",\"name\":\"ABLE2\",\"description\":\"\",\"publisher\":{\"@id\":\"https:\/\/www.able2.org\/#organization\"},\"potentialAction\":[{\"@type\":\"SearchAction\",\"target\":{\"@type\":\"EntryPoint\",\"urlTemplate\":\"https:\/\/www.able2.org\/?s={search_term_string}\"},\"query-input\":\"required name=search_term_string\"}],\"inLanguage\":\"fr-FR\"},{\"@type\":\"Organization\",\"@id\":\"https:\/\/www.able2.org\/#organization\",\"name\":\"ABLE2\",\"url\":\"https:\/\/www.able2.org\/\",\"logo\":{\"@type\":\"ImageObject\",\"inLanguage\":\"fr-FR\",\"@id\":\"https:\/\/www.able2.org\/#\/schema\/logo\/image\/\",\"url\":\"https:\/\/www.able2.org\/wp-content\/uploads\/2020\/05\/logo.png\",\"contentUrl\":\"https:\/\/www.able2.org\/wp-content\/uploads\/2020\/05\/logo.png\",\"width\":528,\"height\":137,\"caption\":\"ABLE2\"},\"image\":{\"@id\":\"https:\/\/www.able2.org\/#\/schema\/logo\/image\/\"}}]}<\/script>\n<!-- \/ Yoast SEO plugin. -->","yoast_head_json":{"title":"Adh\u00e9sion | ABLE2","robots":{"index":"index","follow":"follow","max-snippet":"max-snippet:-1","max-image-preview":"max-image-preview:large","max-video-preview":"max-video-preview:-1"},"canonical":"https:\/\/www.able2.org\/fr\/faites-un-don\/membership\/","og_locale":"fr_FR","og_type":"article","og_title":"Adh\u00e9sion | ABLE2","og_description":"La vision d\u2019ABLE2 est de parvenir \u00e0 une communaut\u00e9 inclusive o\u00f9 chaque citoyen est per\u00e7u comme \u00e9tant capable, important et valoris\u00e9. Nous travaillons avec nos partenaires afin de fournir des outils, des choix, ainsi que des connexions pouvant permettre aux personnes vivant avec des handicaps de construire une vie significative et de joie. Croyez-vous en [&hellip;]","og_url":"https:\/\/www.able2.org\/fr\/faites-un-don\/membership\/","og_site_name":"ABLE2","article_modified_time":"2026-04-09T13:47:42+00:00","twitter_card":"summary_large_image","twitter_misc":{"Dur\u00e9e de lecture estim\u00e9e":"2 minutes"},"schema":{"@context":"https:\/\/schema.org","@graph":[{"@type":"WebPage","@id":"https:\/\/www.able2.org\/fr\/faites-un-don\/membership\/","url":"https:\/\/www.able2.org\/fr\/faites-un-don\/membership\/","name":"Adh\u00e9sion | ABLE2","isPartOf":{"@id":"https:\/\/www.able2.org\/#website"},"datePublished":"2020-06-04T22:18:58+00:00","dateModified":"2026-04-09T13:47:42+00:00","breadcrumb":{"@id":"https:\/\/www.able2.org\/fr\/faites-un-don\/membership\/#breadcrumb"},"inLanguage":"fr-FR","potentialAction":[{"@type":"ReadAction","target":["https:\/\/www.able2.org\/fr\/faites-un-don\/membership\/"]}]},{"@type":"BreadcrumbList","@id":"https:\/\/www.able2.org\/fr\/faites-un-don\/membership\/#breadcrumb","itemListElement":[{"@type":"ListItem","position":1,"name":"Home","item":"https:\/\/www.able2.org\/fr\/accueil\/"},{"@type":"ListItem","position":2,"name":"Adh\u00e9sion"}]},{"@type":"WebSite","@id":"https:\/\/www.able2.org\/#website","url":"https:\/\/www.able2.org\/","name":"ABLE2","description":"","publisher":{"@id":"https:\/\/www.able2.org\/#organization"},"potentialAction":[{"@type":"SearchAction","target":{"@type":"EntryPoint","urlTemplate":"https:\/\/www.able2.org\/?s={search_term_string}"},"query-input":"required name=search_term_string"}],"inLanguage":"fr-FR"},{"@type":"Organization","@id":"https:\/\/www.able2.org\/#organization","name":"ABLE2","url":"https:\/\/www.able2.org\/","logo":{"@type":"ImageObject","inLanguage":"fr-FR","@id":"https:\/\/www.able2.org\/#\/schema\/logo\/image\/","url":"https:\/\/www.able2.org\/wp-content\/uploads\/2020\/05\/logo.png","contentUrl":"https:\/\/www.able2.org\/wp-content\/uploads\/2020\/05\/logo.png","width":528,"height":137,"caption":"ABLE2"},"image":{"@id":"https:\/\/www.able2.org\/#\/schema\/logo\/image\/"}}]}},"_links":{"self":[{"href":"https:\/\/www.able2.org\/fr\/wp-json\/wp\/v2\/pages\/855"}],"collection":[{"href":"https:\/\/www.able2.org\/fr\/wp-json\/wp\/v2\/pages"}],"about":[{"href":"https:\/\/www.able2.org\/fr\/wp-json\/wp\/v2\/types\/page"}],"author":[{"embeddable":true,"href":"https:\/\/www.able2.org\/fr\/wp-json\/wp\/v2\/users\/1"}],"replies":[{"embeddable":true,"href":"https:\/\/www.able2.org\/fr\/wp-json\/wp\/v2\/comments?post=855"}],"version-history":[{"count":25,"href":"https:\/\/www.able2.org\/fr\/wp-json\/wp\/v2\/pages\/855\/revisions"}],"predecessor-version":[{"id":23673,"href":"https:\/\/www.able2.org\/fr\/wp-json\/wp\/v2\/pages\/855\/revisions\/23673"}],"up":[{"embeddable":true,"href":"https:\/\/www.able2.org\/fr\/wp-json\/wp\/v2\/pages\/179"}],"wp:attachment":[{"href":"https:\/\/www.able2.org\/fr\/wp-json\/wp\/v2\/media?parent=855"}],"curies":[{"name":"wp","href":"https:\/\/api.w.org\/{rel}","templated":true}]}}