{"id":853,"date":"2020-06-04T18:18:14","date_gmt":"2020-06-04T22:18:14","guid":{"rendered":"https:\/\/www.able2.org\/faites-un-don\/gift-of-stock-or-securities\/"},"modified":"2024-06-04T13:00:29","modified_gmt":"2024-06-04T17:00:29","slug":"gift-of-stock-or-securities","status":"publish","type":"page","link":"https:\/\/www.able2.org\/fr\/faites-un-don\/gift-of-stock-or-securities\/","title":{"rendered":"Don d\u2019actions ou de titres"},"content":{"rendered":"\n<p>Maximisez vos dons de bienfaisance en faisant un don d\u2019actions ou de titres \u00e0 ABLE2. Votre don permettra aux personnes vivant avec des handicaps de se b\u00e2tir une vie pleine de sens et de joie, et vous recevrez en retour un re\u00e7u fiscal pour la valeur totale de vos titres ou vos fonds communs de placement admissibles. Quand vous faites un don de titres cot\u00e9s en bourse, comme des actions, des fonds communs de placement et des obligations, et que les gains en capital accumul\u00e9s sont vers\u00e9s \u00e0 ABLE2, vous b\u00e9n\u00e9ficiez de l\u2019\u00e9limination de l\u2019imp\u00f4t sur les gains en capital et du cr\u00e9dit d\u2019imp\u00f4t pour dons.<\/p>\n\n\n\n<p>Parlez-en \u00e0 votre conseiller financier ou fiscal pour savoir si c\u2019est la meilleure option pour vous. <\/p>\n\n\n\n<p>ABLE2 se fera un plaisir de travailler avec vous et vos conseillers financiers pour assurer le transfert<br>harmonieux de vos titres cot\u00e9s en bourse et la livraison rapide de votre re\u00e7u d\u2019imp\u00f4t pour don de<br>bienfaisance.<\/p>\n\n\n\n<p><strong>Avantages des donateurs et des donatrices<\/strong><\/p>\n\n\n\n<p>Le tableau suivant illustre les \u00e9conomies d\u2019imp\u00f4t que les donateurs r\u00e9alisent lorsqu\u2019ils font un don de titres, au lieu de les vendre, ou de faire don de l\u2019\u00e9quivalent en esp\u00e8ces.<\/p>\n\n\n\n<figure class=\"wp-block-table\"><table class=\"has-background\" style=\"background-color:#e6ebef\"><tbody><tr><td><\/td><td><strong>Vendez des<br>titres contre de<br>l\u2019argent<br>comptant.<br>Faites don du<br>produit apr\u00e8s<br>les imp\u00f4ts<\/strong>:<br><\/td><td><strong>Donnez<br>directement des<br>actions \u00e0 ABLE2<\/strong>:<\/td><\/tr><tr><td><strong>Co\u00fbt initial des titres<\/strong>:<br>\u2001<\/td><td>$1,000<\/td><td>$1,000<\/td><\/tr><tr><td><strong>Valeur actuelle du<br>march\u00e9<\/strong>:<br>\u2001<\/td><td>$5,000 <\/td><td>$5,000<\/td><\/tr><tr><td><strong>Gain en capital<\/strong>:<br>\u2001<\/td><td>$4,000 <\/td><td>$4,000<\/td><\/tr><tr><td><strong>Imp\u00f4t sur les gains<br>en capital<\/strong>:<br>\u2001<\/td><td>$920 <\/td><td>$0<\/td><\/tr><tr><td><strong>Montant du don<br>apr\u00e8s les imp\u00f4ts<\/strong>:<br>\u2001<\/td><td>$4,080 <\/td><td>$5,000 \u2013 ABLE2<br>obtient $920 de<br>plus!<br> \u2001 <\/td><\/tr><tr><td><strong>Votre cr\u00e9dit<br>d\u2019imp\u00f4t pour don<br>de bienfaisance<\/strong>:<br>\u2001<\/td><td>$1,876 <\/td><td>$2,300\u2014 Votre<br>cr\u00e9dit d\u2019imp\u00f4t<br>pour don de<br>bienfaisance<br>s\u2019\u00e9l\u00e8ve \u00e0 plus de<br>$424!<\/td><\/tr><\/tbody><\/table><\/figure>\n\n\n\n<p><em>Ce tableau sert uniquement d\u2019illustration.<\/em><\/p>\n\n\n\n<p><\/p>\n\n\n\n<p>Le don de titres vous aidera imm\u00e9diatement \u00e0 diminuer le montant d\u2019imp\u00f4t \u00e0 payer sur votre revenu. Ce montant peut \u00eatre report\u00e9 si votre don d\u00e9passe votre plafond annuel et s\u2019il est utilis\u00e9 au cours des cinq prochaines ann\u00e9es. <\/p>\n\n\n\n<p>Cela pourrait \u00e9galement aider \u00e0 r\u00e9duire l\u2019imp\u00f4t sur votre succession au cours de l\u2019ann\u00e9e de votre d\u00e9c\u00e8s et permettre ainsi \u00e0 une plus grande partie de votre succession d\u2019aller \u00e0 vos b\u00e9n\u00e9ficiaires.<\/p>\n\n\n\n<p><strong>La mani\u00e8re dont il fonctionne<\/strong><\/p>\n\n\n\n<p>ABLE2 travaille avec CanadaHelps pour recevoir des dons et des titres:<\/p>\n\n\n\n<script id=\"ch_cdn_embed\" type=\"text\/javascript\" src=\"https:\/\/www.canadahelps.org\/secure\/js\/cdf_embed.js\" charset=\"utf-8\" data-language=\"fr\" data-page-id=\"43897\" data-root-url=\"https:\/\/www.canadahelps.org\" data-formtype=\"4\" data-cfasync=\"false\"><\/script>\n\n\n\n<p>Pour plus de renseignements, veuillez communiquer avec <strong><a href=\"mailto:info@able2.org\">info@able2.org<\/a><\/strong> ou composez le <strong><a href=\"callto:613-761-9522\">613-761-9522<\/a><\/strong>.<\/p>\n\n\n\n<div style=\"height:20px\" aria-hidden=\"true\" class=\"wp-block-spacer\"><\/div>\n\n\n    <section class=\"container sm:flex\">\n                                <article class=\"card sm:w-1\/3\">\n                <a href=\"https:\/\/www.able2.org\/fr\/faites-un-don\/\" class=\"block h-full\">\n                    <h2 class=\"card__title\">Ayez un impact durable en devenant un donateur mensuel \u2063\u2063<\/h2>\n                    <div class=\"card__img-container\">\n                        <img decoding=\"async\" src=\"https:\/\/www.able2.org\/wp-content\/uploads\/2024\/04\/2About-OurHistory-Bucket-MonthlyDonor-300x174.png\" srcset=\"https:\/\/www.able2.org\/wp-content\/uploads\/2024\/04\/2About-OurHistory-Bucket-MonthlyDonor-300x174.png 300w, https:\/\/www.able2.org\/wp-content\/uploads\/2024\/04\/2About-OurHistory-Bucket-MonthlyDonor-1024x594.png 1024w, https:\/\/www.able2.org\/wp-content\/uploads\/2024\/04\/2About-OurHistory-Bucket-MonthlyDonor-768x446.png 768w, https:\/\/www.able2.org\/wp-content\/uploads\/2024\/04\/2About-OurHistory-Bucket-MonthlyDonor.png 1329w\" sizes=\"(max-width: 640px) 100vw, 640px\" alt=\"\" class=\"card__img\">\n                    <\/div>\n                    <p class=\"card__text\">Votre don aide les personnes\u00a0 vivant avec un handicap \u00e0 acqu\u00e9rir de nouvelles<\/p>\n                <\/a>\n            <\/article>\n                                            <article class=\"card card--yellow sm:w-1\/3\">\n                <a href=\"https:\/\/www.able2.org\/fr\/nos-histoires\/\" class=\"block h-full\">\n                    <h2 class=\"card__title\">Apprenez en plus sur comment votre contribution permet de changer des vies<\/h2>\n                    <div class=\"card__img-container\">\n                        <img decoding=\"async\" src=\"https:\/\/www.able2.org\/wp-content\/uploads\/2024\/04\/1About-Bucket-History-300x174.png\" srcset=\"https:\/\/www.able2.org\/wp-content\/uploads\/2024\/04\/1About-Bucket-History-300x174.png 300w, https:\/\/www.able2.org\/wp-content\/uploads\/2024\/04\/1About-Bucket-History-1024x594.png 1024w, https:\/\/www.able2.org\/wp-content\/uploads\/2024\/04\/1About-Bucket-History-768x446.png 768w, https:\/\/www.able2.org\/wp-content\/uploads\/2024\/04\/1About-Bucket-History.png 1329w\" sizes=\"(max-width: 640px) 100vw, 640px\" alt=\"\" class=\"card__img\">\n                    <\/div>\n                    <p class=\"card__text\">Apprenez-en plus sur les histoires des utilisateurs de\u00a0 programmes, des b\u00e9n\u00e9voles et des d\u00e9fenseurs du milieu\u00a0communautaire.<\/p>\n                <\/a>\n            <\/article>\n                                            <article class=\"card sm:w-1\/3\">\n                <a href=\"https:\/\/www.able2.org\/fr\/benevole\/\" class=\"block h-full\">\n                    <h2 class=\"card__title\">B\u00e9n\u00e9vole\u2063<\/h2>\n                    <div class=\"card__img-container\">\n                        <img decoding=\"async\" src=\"https:\/\/www.able2.org\/wp-content\/uploads\/2024\/05\/DonateBucket-May2024-300x174.jpg\" srcset=\"https:\/\/www.able2.org\/wp-content\/uploads\/2024\/05\/DonateBucket-May2024-300x174.jpg 300w, https:\/\/www.able2.org\/wp-content\/uploads\/2024\/05\/DonateBucket-May2024-1024x594.jpg 1024w, https:\/\/www.able2.org\/wp-content\/uploads\/2024\/05\/DonateBucket-May2024-768x446.jpg 768w, https:\/\/www.able2.org\/wp-content\/uploads\/2024\/05\/DonateBucket-May2024.jpg 1329w\" sizes=\"(max-width: 640px) 100vw, 640px\" alt=\"\" class=\"card__img\">\n                    <\/div>\n                    <p class=\"card__text\">Lorsque vous faites du\u00a0b\u00e9n\u00e9volat, vous contribuez \u00e0\u00a0r\u00e9duire la solitude et\u00a0l\u2019isolement social v\u00e9cus par\u00a0de nombreuses personnes<\/p>\n                <\/a>\n            <\/article>\n                        <\/section>\n","protected":false},"excerpt":{"rendered":"<p>Maximisez vos dons de bienfaisance en faisant un don d\u2019actions ou de titres \u00e0 ABLE2. Votre don permettra aux personnes vivant avec des handicaps de se b\u00e2tir une vie pleine de sens et de joie, et vous recevrez en retour un re\u00e7u fiscal pour la valeur totale de vos titres ou vos fonds communs de [&hellip;]<\/p>\n","protected":false},"author":1,"featured_media":0,"parent":179,"menu_order":3,"comment_status":"closed","ping_status":"closed","template":"page-templates\/page-no_sidebar.php","meta":{"_acf_changed":false,"footnotes":""},"acf":[],"yoast_head":"<!-- This site is optimized with the Yoast SEO plugin v22.8 - https:\/\/yoast.com\/wordpress\/plugins\/seo\/ -->\n<title>Don d\u2019actions ou de titres | ABLE2<\/title>\n<meta name=\"robots\" content=\"index, follow, max-snippet:-1, max-image-preview:large, max-video-preview:-1\" \/>\n<link rel=\"canonical\" href=\"https:\/\/www.able2.org\/fr\/faites-un-don\/gift-of-stock-or-securities\/\" \/>\n<meta property=\"og:locale\" content=\"fr_FR\" \/>\n<meta property=\"og:type\" content=\"article\" \/>\n<meta property=\"og:title\" content=\"Don d\u2019actions ou de titres | ABLE2\" \/>\n<meta property=\"og:description\" content=\"Maximisez vos dons de bienfaisance en faisant un don d\u2019actions ou de titres \u00e0 ABLE2. Votre don permettra aux personnes vivant avec des handicaps de se b\u00e2tir une vie pleine de sens et de joie, et vous recevrez en retour un re\u00e7u fiscal pour la valeur totale de vos titres ou vos fonds communs de [&hellip;]\" \/>\n<meta property=\"og:url\" content=\"https:\/\/www.able2.org\/fr\/faites-un-don\/gift-of-stock-or-securities\/\" \/>\n<meta property=\"og:site_name\" content=\"ABLE2\" \/>\n<meta property=\"article:modified_time\" content=\"2024-06-04T17:00:29+00:00\" \/>\n<meta name=\"twitter:card\" content=\"summary_large_image\" \/>\n<meta name=\"twitter:label1\" content=\"Dur\u00e9e de lecture estim\u00e9e\" \/>\n\t<meta name=\"twitter:data1\" content=\"2 minutes\" \/>\n<script type=\"application\/ld+json\" class=\"yoast-schema-graph\">{\"@context\":\"https:\/\/schema.org\",\"@graph\":[{\"@type\":\"WebPage\",\"@id\":\"https:\/\/www.able2.org\/fr\/faites-un-don\/gift-of-stock-or-securities\/\",\"url\":\"https:\/\/www.able2.org\/fr\/faites-un-don\/gift-of-stock-or-securities\/\",\"name\":\"Don d\u2019actions ou de titres | ABLE2\",\"isPartOf\":{\"@id\":\"https:\/\/www.able2.org\/#website\"},\"datePublished\":\"2020-06-04T22:18:14+00:00\",\"dateModified\":\"2024-06-04T17:00:29+00:00\",\"breadcrumb\":{\"@id\":\"https:\/\/www.able2.org\/fr\/faites-un-don\/gift-of-stock-or-securities\/#breadcrumb\"},\"inLanguage\":\"fr-FR\",\"potentialAction\":[{\"@type\":\"ReadAction\",\"target\":[\"https:\/\/www.able2.org\/fr\/faites-un-don\/gift-of-stock-or-securities\/\"]}]},{\"@type\":\"BreadcrumbList\",\"@id\":\"https:\/\/www.able2.org\/fr\/faites-un-don\/gift-of-stock-or-securities\/#breadcrumb\",\"itemListElement\":[{\"@type\":\"ListItem\",\"position\":1,\"name\":\"Home\",\"item\":\"https:\/\/www.able2.org\/fr\/accueil\/\"},{\"@type\":\"ListItem\",\"position\":2,\"name\":\"Don d\u2019actions ou de titres\"}]},{\"@type\":\"WebSite\",\"@id\":\"https:\/\/www.able2.org\/#website\",\"url\":\"https:\/\/www.able2.org\/\",\"name\":\"ABLE2\",\"description\":\"\",\"publisher\":{\"@id\":\"https:\/\/www.able2.org\/#organization\"},\"potentialAction\":[{\"@type\":\"SearchAction\",\"target\":{\"@type\":\"EntryPoint\",\"urlTemplate\":\"https:\/\/www.able2.org\/?s={search_term_string}\"},\"query-input\":\"required name=search_term_string\"}],\"inLanguage\":\"fr-FR\"},{\"@type\":\"Organization\",\"@id\":\"https:\/\/www.able2.org\/#organization\",\"name\":\"ABLE2\",\"url\":\"https:\/\/www.able2.org\/\",\"logo\":{\"@type\":\"ImageObject\",\"inLanguage\":\"fr-FR\",\"@id\":\"https:\/\/www.able2.org\/#\/schema\/logo\/image\/\",\"url\":\"https:\/\/www.able2.org\/wp-content\/uploads\/2020\/05\/logo.png\",\"contentUrl\":\"https:\/\/www.able2.org\/wp-content\/uploads\/2020\/05\/logo.png\",\"width\":528,\"height\":137,\"caption\":\"ABLE2\"},\"image\":{\"@id\":\"https:\/\/www.able2.org\/#\/schema\/logo\/image\/\"}}]}<\/script>\n<!-- \/ Yoast SEO plugin. -->","yoast_head_json":{"title":"Don d\u2019actions ou de titres | ABLE2","robots":{"index":"index","follow":"follow","max-snippet":"max-snippet:-1","max-image-preview":"max-image-preview:large","max-video-preview":"max-video-preview:-1"},"canonical":"https:\/\/www.able2.org\/fr\/faites-un-don\/gift-of-stock-or-securities\/","og_locale":"fr_FR","og_type":"article","og_title":"Don d\u2019actions ou de titres | ABLE2","og_description":"Maximisez vos dons de bienfaisance en faisant un don d\u2019actions ou de titres \u00e0 ABLE2. Votre don permettra aux personnes vivant avec des handicaps de se b\u00e2tir une vie pleine de sens et de joie, et vous recevrez en retour un re\u00e7u fiscal pour la valeur totale de vos titres ou vos fonds communs de [&hellip;]","og_url":"https:\/\/www.able2.org\/fr\/faites-un-don\/gift-of-stock-or-securities\/","og_site_name":"ABLE2","article_modified_time":"2024-06-04T17:00:29+00:00","twitter_card":"summary_large_image","twitter_misc":{"Dur\u00e9e de lecture estim\u00e9e":"2 minutes"},"schema":{"@context":"https:\/\/schema.org","@graph":[{"@type":"WebPage","@id":"https:\/\/www.able2.org\/fr\/faites-un-don\/gift-of-stock-or-securities\/","url":"https:\/\/www.able2.org\/fr\/faites-un-don\/gift-of-stock-or-securities\/","name":"Don d\u2019actions ou de titres | ABLE2","isPartOf":{"@id":"https:\/\/www.able2.org\/#website"},"datePublished":"2020-06-04T22:18:14+00:00","dateModified":"2024-06-04T17:00:29+00:00","breadcrumb":{"@id":"https:\/\/www.able2.org\/fr\/faites-un-don\/gift-of-stock-or-securities\/#breadcrumb"},"inLanguage":"fr-FR","potentialAction":[{"@type":"ReadAction","target":["https:\/\/www.able2.org\/fr\/faites-un-don\/gift-of-stock-or-securities\/"]}]},{"@type":"BreadcrumbList","@id":"https:\/\/www.able2.org\/fr\/faites-un-don\/gift-of-stock-or-securities\/#breadcrumb","itemListElement":[{"@type":"ListItem","position":1,"name":"Home","item":"https:\/\/www.able2.org\/fr\/accueil\/"},{"@type":"ListItem","position":2,"name":"Don d\u2019actions ou de titres"}]},{"@type":"WebSite","@id":"https:\/\/www.able2.org\/#website","url":"https:\/\/www.able2.org\/","name":"ABLE2","description":"","publisher":{"@id":"https:\/\/www.able2.org\/#organization"},"potentialAction":[{"@type":"SearchAction","target":{"@type":"EntryPoint","urlTemplate":"https:\/\/www.able2.org\/?s={search_term_string}"},"query-input":"required name=search_term_string"}],"inLanguage":"fr-FR"},{"@type":"Organization","@id":"https:\/\/www.able2.org\/#organization","name":"ABLE2","url":"https:\/\/www.able2.org\/","logo":{"@type":"ImageObject","inLanguage":"fr-FR","@id":"https:\/\/www.able2.org\/#\/schema\/logo\/image\/","url":"https:\/\/www.able2.org\/wp-content\/uploads\/2020\/05\/logo.png","contentUrl":"https:\/\/www.able2.org\/wp-content\/uploads\/2020\/05\/logo.png","width":528,"height":137,"caption":"ABLE2"},"image":{"@id":"https:\/\/www.able2.org\/#\/schema\/logo\/image\/"}}]}},"_links":{"self":[{"href":"https:\/\/www.able2.org\/fr\/wp-json\/wp\/v2\/pages\/853"}],"collection":[{"href":"https:\/\/www.able2.org\/fr\/wp-json\/wp\/v2\/pages"}],"about":[{"href":"https:\/\/www.able2.org\/fr\/wp-json\/wp\/v2\/types\/page"}],"author":[{"embeddable":true,"href":"https:\/\/www.able2.org\/fr\/wp-json\/wp\/v2\/users\/1"}],"replies":[{"embeddable":true,"href":"https:\/\/www.able2.org\/fr\/wp-json\/wp\/v2\/comments?post=853"}],"version-history":[{"count":27,"href":"https:\/\/www.able2.org\/fr\/wp-json\/wp\/v2\/pages\/853\/revisions"}],"predecessor-version":[{"id":17937,"href":"https:\/\/www.able2.org\/fr\/wp-json\/wp\/v2\/pages\/853\/revisions\/17937"}],"up":[{"embeddable":true,"href":"https:\/\/www.able2.org\/fr\/wp-json\/wp\/v2\/pages\/179"}],"wp:attachment":[{"href":"https:\/\/www.able2.org\/fr\/wp-json\/wp\/v2\/media?parent=853"}],"curies":[{"name":"wp","href":"https:\/\/api.w.org\/{rel}","templated":true}]}}