{"id":748,"date":"2020-06-04T14:36:42","date_gmt":"2020-06-04T18:36:42","guid":{"rendered":"https:\/\/www.able2.org\/programmes\/courtage-de-fonds\/"},"modified":"2025-08-21T10:23:56","modified_gmt":"2025-08-21T14:23:56","slug":"courtage-de-fonds","status":"publish","type":"page","link":"https:\/\/www.able2.org\/fr\/programmes\/courtage-de-fonds\/","title":{"rendered":"Courtage de fonds"},"content":{"rendered":"\n<p>La gestion des finances est une t\u00e2che n\u00e9cessaire mais stressante pour de nombreuses personnes qui n&rsquo;ont peut-\u00eatre pas assez de temps \u00e0 y consacrer. Notre programme de courtage de financement peut vous aider \u00e0 g\u00e9rer vos finances, que vous disposiez d&rsquo;argent provenant du financement Passeport, des Services sp\u00e9ciaux \u00e0 domicile ou de fonds familiaux.<\/p>\n\n\n\n<div style=\"height:25px\" aria-hidden=\"true\" class=\"wp-block-spacer\"><\/div>\n\n\n\n<p>Le courtage de financement est g\u00e9r\u00e9 conform\u00e9ment aux politiques et aux exigences l\u00e9gales de l\u2019organisme de financement. Nous suivons vos fonds et vous informons de ce qui sera ou non couvert par votre organisme de financement. Nous assumons cette t\u00e2che afin que votre famille ne soit jamais directement audit\u00e9e et nous conservons tous vos documents pour les pr\u00e9senter \u00e0 l&rsquo;organisme de financement si n\u00e9cessaire.<\/p>\n\n\n\n<div style=\"height:25px\" aria-hidden=\"true\" class=\"wp-block-spacer\"><\/div>\n\n\n\n<p><strong>Le courtage de financement couvre les \u00e9l\u00e9ments suivants&nbsp;:<\/strong><\/p>\n\n\n\n<ul>\n<li>Administrer les contrats de financement individualis\u00e9s (ex. Services sp\u00e9ciaux \u00e0 domicile, financement Passeport, subvention pour l&rsquo;autisme)<\/li>\n\n\n\n<li>Coordonner les notes de frais et suivre les factures\/re\u00e7us.<\/li>\n\n\n\n<li>Pr\u00e9parer les remises et les d\u00e9p\u00f4ts gouvernementaux.<\/li>\n\n\n\n<li>Aider les familles avec les directives comptables g\u00e9n\u00e9rales et les exigences de base.<\/li>\n<\/ul>\n\n\n\n<p><em>Des frais administratifs de 10 % sont factur\u00e9s pour le service de courtage de financement.<\/em><\/p>\n\n\n\n<div style=\"height:25px\" aria-hidden=\"true\" class=\"wp-block-spacer\"><\/div>\n\n\n\n<p><strong>Processus de courtage de financement:<\/strong><\/p>\n\n\n\n<ul>\n<li>Une entente de courtage de financement est sign\u00e9e.<\/li>\n\n\n\n<li>Vous pouvez consulter ABLE2 pour voir si vos d\u00e9penses seront couvertes par votre organisme de financement.<\/li>\n\n\n\n<li>Vous soumettrez ensuite vos demandes de remboursement et vos re\u00e7us \u00e0 ABLE2 pour remboursement.<\/li>\n\n\n\n<li>Vous pouvez demander \u00e0 ABLE2 d&rsquo;effectuer un achat ou un paiement en votre nom \u00e0 partir de votre financement.<\/li>\n<\/ul>\n\n\n\n<p>Si vous \u00eates int\u00e9ress\u00e9 par ce programme ou pour plus d&rsquo;informations, veuillez contacter <strong><a href=\"mailto:info@able2.org\">info@able2.org<\/a><\/strong> ou <strong><a href=\"callto:613-761-9522\">613-761-9522<\/a><\/strong>.<\/p>\n\n\n\n<div style=\"height:25px\" aria-hidden=\"true\" class=\"wp-block-spacer\"><\/div>\n\n\n\n<p><strong>Cette subvention est rendue possible gr\u00e2ce \u00e0 la g\u00e9n\u00e9rosit\u00e9 du Fonds Juneberry, du Fonds de la famille Brodie-Balcome, du Fonds June June Burland, du Fonds Jane et Stewart Grant, et du Fonds Donald et Dolores Langill, qui sont administr\u00e9s par la <a href=\"https:\/\/www.ocf-fco.ca\/information-sur-les-subventions\/?lang=fr\">Fondation communautaire d&rsquo;Ottawa &#8211; Subventions communautaires d&rsquo;un an<\/a>.<\/strong><\/p>\n\n\n\n<figure class=\"wp-block-image size-large is-resized\"><a href=\"https:\/\/www.ocf-fco.ca\/information-sur-les-subventions\/?lang=fr\"><img decoding=\"async\" src=\"https:\/\/www.able2.org\/wp-content\/uploads\/2024\/08\/OCF_TagVert_FR_RGB-01.png\" alt=\"\" style=\"width:401px;height:auto\"\/><\/a><\/figure>\n\n\n\n<div style=\"height:20px\" aria-hidden=\"true\" class=\"wp-block-spacer\"><\/div>\n\n\n\n<p><strong>Fondation RBC \u2013 Initiative \u00ab&nbsp;Id\u00e9es pour les gens et la plan\u00e8te&nbsp;\u00bb<\/strong><\/p>\n\n\n\n<figure class=\"wp-block-image size-full is-resized\"><a href=\"https:\/\/www.rbc.com\/notre-impact\/index.html\"><img loading=\"lazy\" decoding=\"async\" width=\"2484\" height=\"904\" src=\"https:\/\/www.able2.org\/wp-content\/uploads\/2025\/06\/RBCFND_LogoDes_H_rgbP_BiEF.jpg\" alt=\"\" class=\"wp-image-21760\" style=\"width:384px;height:auto\" srcset=\"https:\/\/www.able2.org\/wp-content\/uploads\/2025\/06\/RBCFND_LogoDes_H_rgbP_BiEF.jpg 2484w, https:\/\/www.able2.org\/wp-content\/uploads\/2025\/06\/RBCFND_LogoDes_H_rgbP_BiEF-300x109.jpg 300w, https:\/\/www.able2.org\/wp-content\/uploads\/2025\/06\/RBCFND_LogoDes_H_rgbP_BiEF-1024x373.jpg 1024w, https:\/\/www.able2.org\/wp-content\/uploads\/2025\/06\/RBCFND_LogoDes_H_rgbP_BiEF-768x279.jpg 768w, https:\/\/www.able2.org\/wp-content\/uploads\/2025\/06\/RBCFND_LogoDes_H_rgbP_BiEF-1536x559.jpg 1536w, https:\/\/www.able2.org\/wp-content\/uploads\/2025\/06\/RBCFND_LogoDes_H_rgbP_BiEF-2048x745.jpg 2048w\" sizes=\"(max-width: 2484px) 100vw, 2484px\" \/><\/a><\/figure>\n\n\n\n<div style=\"height:20px\" aria-hidden=\"true\" class=\"wp-block-spacer\"><\/div>\n\n\n\n<p><strong>Fondation CIBC \u2013 D\u00e9velopper l&rsquo;\u00e9ducation financi\u00e8re des personnes handicap<\/strong><\/p>\n\n\n\n<figure class=\"wp-block-image size-full is-resized\"><a href=\"https:\/\/www.cibc.com\/fr\/about-cibc\/corporate-responsibility\/community-and-sponsorship\/funding-guidelines.html\"><img loading=\"lazy\" decoding=\"async\" width=\"251\" height=\"164\" src=\"https:\/\/www.able2.org\/wp-content\/uploads\/2025\/07\/FR_Primary-Stacked_Logo_CMYK@2x-100.jpg\" alt=\"\" class=\"wp-image-21944\" style=\"width:359px;height:auto\"\/><\/a><\/figure>\n\n\n\n<h4 class=\"wp-block-heading\"><a href=\"https:\/\/www.able2.org\/documents-to-sign-documents-a-signer\/\">Documents \u00e0 signer<\/a><\/h4>\n\n\n\n<div style=\"height:20px\" aria-hidden=\"true\" class=\"wp-block-spacer\"><\/div>\n\n\n\n<p class=\"has-white-color has-text-color has-background has-link-color wp-elements-193cfe1a7c522328e06babbab1e553a5\" style=\"background-color:#0b183c\"><strong><strong><a href=\"http:\/\/weblink.donorperfect.com\/ABLE2RequestASpeaker\" target=\"_blank\" rel=\"noreferrer noopener\"><span style=\"color:#00b9c6\" class=\"has-inline-color\">Demander un conf\u00e9rencier<\/span><\/a><\/strong><\/strong><br>ABLE2 dispose d&rsquo;une \u00e9quipe d&rsquo;experts comp\u00e9tents sur les handicaps, leurs d\u00e9fis et leurs impacts sur les individus et leurs familles. Les organisations externes demandant des pr\u00e9sentations sur des sujets li\u00e9s au handicap, y compris les questions li\u00e9es au handicap en milieu de travail, doivent remplir notre formulaire de r\u00e9servation. Une fois le formulaire re\u00e7u, nous nous engageons \u00e0 vous r\u00e9pondre dans les cinq jours ouvrables pour discuter de votre demande. <a href=\"https:\/\/www.imakeanonlinedonation.org\/able2\/REQSPKR\/\" target=\"_blank\" rel=\"noreferrer noopener\"><\/a><strong><strong><a href=\"http:\/\/weblink.donorperfect.com\/ABLE2RequestASpeaker\" target=\"_blank\" rel=\"noreferrer noopener\"><span style=\"color:#00b9c6\" class=\"has-inline-color\">Cliquez ici pour demander un conf\u00e9rencier<\/span><\/a><\/strong><\/strong><\/p>\n\n\n\n<div style=\"height:50px\" aria-hidden=\"true\" class=\"wp-block-spacer\"><\/div>\n\n\n    <section class=\"container sm:flex\">\n                                <article class=\"card sm:w-1\/3\">\n                <a href=\"https:\/\/www.able2.org\/fr\/faites-un-don\/\" class=\"block h-full\">\n                    <h2 class=\"card__title\">Ayez un impact durable en devenant un donateur mensuel \u2063\u2063<\/h2>\n                    <div class=\"card__img-container\">\n                        <img decoding=\"async\" src=\"https:\/\/www.able2.org\/wp-content\/uploads\/2024\/04\/2About-OurHistory-Bucket-MonthlyDonor-300x174.png\" srcset=\"https:\/\/www.able2.org\/wp-content\/uploads\/2024\/04\/2About-OurHistory-Bucket-MonthlyDonor-300x174.png 300w, https:\/\/www.able2.org\/wp-content\/uploads\/2024\/04\/2About-OurHistory-Bucket-MonthlyDonor-1024x594.png 1024w, https:\/\/www.able2.org\/wp-content\/uploads\/2024\/04\/2About-OurHistory-Bucket-MonthlyDonor-768x446.png 768w, https:\/\/www.able2.org\/wp-content\/uploads\/2024\/04\/2About-OurHistory-Bucket-MonthlyDonor.png 1329w\" sizes=\"(max-width: 640px) 100vw, 640px\" alt=\"\" class=\"card__img\">\n                    <\/div>\n                    <p class=\"card__text\">Votre don aide les personnes\u00a0 vivant avec un handicap \u00e0 acqu\u00e9rir de nouvelles<\/p>\n                <\/a>\n            <\/article>\n                                            <article class=\"card card--yellow sm:w-1\/3\">\n                <a href=\"https:\/\/www.able2.org\/fr\/nos-histoires\/\" class=\"block h-full\">\n                    <h2 class=\"card__title\">Apprenez en plus sur comment votre contribution permet de changer des vies<\/h2>\n                    <div class=\"card__img-container\">\n                        <img decoding=\"async\" src=\"https:\/\/www.able2.org\/wp-content\/uploads\/2024\/04\/1About-Bucket-History-300x174.png\" srcset=\"https:\/\/www.able2.org\/wp-content\/uploads\/2024\/04\/1About-Bucket-History-300x174.png 300w, https:\/\/www.able2.org\/wp-content\/uploads\/2024\/04\/1About-Bucket-History-1024x594.png 1024w, https:\/\/www.able2.org\/wp-content\/uploads\/2024\/04\/1About-Bucket-History-768x446.png 768w, https:\/\/www.able2.org\/wp-content\/uploads\/2024\/04\/1About-Bucket-History.png 1329w\" sizes=\"(max-width: 640px) 100vw, 640px\" alt=\"\" class=\"card__img\">\n                    <\/div>\n                    <p class=\"card__text\">Apprenez-en plus sur les histoires des utilisateurs de\u00a0 programmes, des b\u00e9n\u00e9voles et des d\u00e9fenseurs du milieu\u00a0communautaire.<\/p>\n                <\/a>\n            <\/article>\n                                            <article class=\"card sm:w-1\/3\">\n                <a href=\"https:\/\/www.able2.org\/fr\/faire-du-benevolat-avec-able2\/\" class=\"block h-full\">\n                    <h2 class=\"card__title\">B\u00e9n\u00e9vole\u2063<\/h2>\n                    <div class=\"card__img-container\">\n                        <img decoding=\"async\" src=\"https:\/\/www.able2.org\/wp-content\/uploads\/2024\/05\/DonateBucket-May2024-300x174.jpg\" srcset=\"https:\/\/www.able2.org\/wp-content\/uploads\/2024\/05\/DonateBucket-May2024-300x174.jpg 300w, https:\/\/www.able2.org\/wp-content\/uploads\/2024\/05\/DonateBucket-May2024-1024x594.jpg 1024w, https:\/\/www.able2.org\/wp-content\/uploads\/2024\/05\/DonateBucket-May2024-768x446.jpg 768w, https:\/\/www.able2.org\/wp-content\/uploads\/2024\/05\/DonateBucket-May2024.jpg 1329w\" sizes=\"(max-width: 640px) 100vw, 640px\" alt=\"\" class=\"card__img\">\n                    <\/div>\n                    <p class=\"card__text\">Lorsque vous faites du\u00a0b\u00e9n\u00e9volat, vous contribuez \u00e0\u00a0r\u00e9duire la solitude et\u00a0l\u2019isolement social v\u00e9cus par\u00a0de nombreuses personnes<\/p>\n                <\/a>\n            <\/article>\n                        <\/section>\n","protected":false},"excerpt":{"rendered":"<p>La gestion des finances est une t\u00e2che n\u00e9cessaire mais stressante pour de nombreuses personnes qui n&rsquo;ont peut-\u00eatre pas assez de temps \u00e0 y consacrer. Notre programme de courtage de financement peut vous aider \u00e0 g\u00e9rer vos finances, que vous disposiez d&rsquo;argent provenant du financement Passeport, des Services sp\u00e9ciaux \u00e0 domicile ou de fonds familiaux. Le [&hellip;]<\/p>\n","protected":false},"author":1,"featured_media":0,"parent":735,"menu_order":0,"comment_status":"closed","ping_status":"closed","template":"page-templates\/page-no_sidebar.php","meta":{"_acf_changed":false,"footnotes":""},"acf":[],"yoast_head":"<!-- This site is optimized with the Yoast SEO plugin v22.8 - https:\/\/yoast.com\/wordpress\/plugins\/seo\/ -->\n<title>Courtage de fonds | ABLE2<\/title>\n<meta name=\"robots\" content=\"index, follow, max-snippet:-1, max-image-preview:large, max-video-preview:-1\" \/>\n<link rel=\"canonical\" href=\"https:\/\/www.able2.org\/fr\/programmes\/courtage-de-fonds\/\" \/>\n<meta property=\"og:locale\" content=\"fr_FR\" \/>\n<meta property=\"og:type\" content=\"article\" \/>\n<meta property=\"og:title\" content=\"Courtage de fonds | ABLE2\" \/>\n<meta property=\"og:description\" content=\"La gestion des finances est une t\u00e2che n\u00e9cessaire mais stressante pour de nombreuses personnes qui n&rsquo;ont peut-\u00eatre pas assez de temps \u00e0 y consacrer. Notre programme de courtage de financement peut vous aider \u00e0 g\u00e9rer vos finances, que vous disposiez d&rsquo;argent provenant du financement Passeport, des Services sp\u00e9ciaux \u00e0 domicile ou de fonds familiaux. Le [&hellip;]\" \/>\n<meta property=\"og:url\" content=\"https:\/\/www.able2.org\/fr\/programmes\/courtage-de-fonds\/\" \/>\n<meta property=\"og:site_name\" content=\"ABLE2\" \/>\n<meta property=\"article:modified_time\" content=\"2025-08-21T14:23:56+00:00\" \/>\n<meta property=\"og:image\" content=\"https:\/\/www.able2.org\/wp-content\/uploads\/2024\/08\/OCF_TagVert_FR_RGB-01.png\" \/>\n<meta name=\"twitter:card\" content=\"summary_large_image\" \/>\n<meta name=\"twitter:label1\" content=\"Dur\u00e9e de lecture estim\u00e9e\" \/>\n\t<meta name=\"twitter:data1\" content=\"3 minutes\" \/>\n<script type=\"application\/ld+json\" class=\"yoast-schema-graph\">{\"@context\":\"https:\/\/schema.org\",\"@graph\":[{\"@type\":\"WebPage\",\"@id\":\"https:\/\/www.able2.org\/fr\/programmes\/courtage-de-fonds\/\",\"url\":\"https:\/\/www.able2.org\/fr\/programmes\/courtage-de-fonds\/\",\"name\":\"Courtage de fonds | ABLE2\",\"isPartOf\":{\"@id\":\"https:\/\/www.able2.org\/#website\"},\"primaryImageOfPage\":{\"@id\":\"https:\/\/www.able2.org\/fr\/programmes\/courtage-de-fonds\/#primaryimage\"},\"image\":{\"@id\":\"https:\/\/www.able2.org\/fr\/programmes\/courtage-de-fonds\/#primaryimage\"},\"thumbnailUrl\":\"https:\/\/www.able2.org\/wp-content\/uploads\/2024\/08\/OCF_TagVert_FR_RGB-01.png\",\"datePublished\":\"2020-06-04T18:36:42+00:00\",\"dateModified\":\"2025-08-21T14:23:56+00:00\",\"breadcrumb\":{\"@id\":\"https:\/\/www.able2.org\/fr\/programmes\/courtage-de-fonds\/#breadcrumb\"},\"inLanguage\":\"fr-FR\",\"potentialAction\":[{\"@type\":\"ReadAction\",\"target\":[\"https:\/\/www.able2.org\/fr\/programmes\/courtage-de-fonds\/\"]}]},{\"@type\":\"ImageObject\",\"inLanguage\":\"fr-FR\",\"@id\":\"https:\/\/www.able2.org\/fr\/programmes\/courtage-de-fonds\/#primaryimage\",\"url\":\"https:\/\/www.able2.org\/wp-content\/uploads\/2024\/08\/OCF_TagVert_FR_RGB-01.png\",\"contentUrl\":\"https:\/\/www.able2.org\/wp-content\/uploads\/2024\/08\/OCF_TagVert_FR_RGB-01.png\"},{\"@type\":\"BreadcrumbList\",\"@id\":\"https:\/\/www.able2.org\/fr\/programmes\/courtage-de-fonds\/#breadcrumb\",\"itemListElement\":[{\"@type\":\"ListItem\",\"position\":1,\"name\":\"Home\",\"item\":\"https:\/\/www.able2.org\/fr\/accueil\/\"},{\"@type\":\"ListItem\",\"position\":2,\"name\":\"Programmes\",\"item\":\"https:\/\/www.able2.org\/fr\/programmes\/\"},{\"@type\":\"ListItem\",\"position\":3,\"name\":\"Courtage de fonds\"}]},{\"@type\":\"WebSite\",\"@id\":\"https:\/\/www.able2.org\/#website\",\"url\":\"https:\/\/www.able2.org\/\",\"name\":\"ABLE2\",\"description\":\"\",\"publisher\":{\"@id\":\"https:\/\/www.able2.org\/#organization\"},\"potentialAction\":[{\"@type\":\"SearchAction\",\"target\":{\"@type\":\"EntryPoint\",\"urlTemplate\":\"https:\/\/www.able2.org\/?s={search_term_string}\"},\"query-input\":\"required name=search_term_string\"}],\"inLanguage\":\"fr-FR\"},{\"@type\":\"Organization\",\"@id\":\"https:\/\/www.able2.org\/#organization\",\"name\":\"ABLE2\",\"url\":\"https:\/\/www.able2.org\/\",\"logo\":{\"@type\":\"ImageObject\",\"inLanguage\":\"fr-FR\",\"@id\":\"https:\/\/www.able2.org\/#\/schema\/logo\/image\/\",\"url\":\"https:\/\/www.able2.org\/wp-content\/uploads\/2020\/05\/logo.png\",\"contentUrl\":\"https:\/\/www.able2.org\/wp-content\/uploads\/2020\/05\/logo.png\",\"width\":528,\"height\":137,\"caption\":\"ABLE2\"},\"image\":{\"@id\":\"https:\/\/www.able2.org\/#\/schema\/logo\/image\/\"}}]}<\/script>\n<!-- \/ Yoast SEO plugin. -->","yoast_head_json":{"title":"Courtage de fonds | ABLE2","robots":{"index":"index","follow":"follow","max-snippet":"max-snippet:-1","max-image-preview":"max-image-preview:large","max-video-preview":"max-video-preview:-1"},"canonical":"https:\/\/www.able2.org\/fr\/programmes\/courtage-de-fonds\/","og_locale":"fr_FR","og_type":"article","og_title":"Courtage de fonds | ABLE2","og_description":"La gestion des finances est une t\u00e2che n\u00e9cessaire mais stressante pour de nombreuses personnes qui n&rsquo;ont peut-\u00eatre pas assez de temps \u00e0 y consacrer. Notre programme de courtage de financement peut vous aider \u00e0 g\u00e9rer vos finances, que vous disposiez d&rsquo;argent provenant du financement Passeport, des Services sp\u00e9ciaux \u00e0 domicile ou de fonds familiaux. Le [&hellip;]","og_url":"https:\/\/www.able2.org\/fr\/programmes\/courtage-de-fonds\/","og_site_name":"ABLE2","article_modified_time":"2025-08-21T14:23:56+00:00","og_image":[{"url":"https:\/\/www.able2.org\/wp-content\/uploads\/2024\/08\/OCF_TagVert_FR_RGB-01.png"}],"twitter_card":"summary_large_image","twitter_misc":{"Dur\u00e9e de lecture estim\u00e9e":"3 minutes"},"schema":{"@context":"https:\/\/schema.org","@graph":[{"@type":"WebPage","@id":"https:\/\/www.able2.org\/fr\/programmes\/courtage-de-fonds\/","url":"https:\/\/www.able2.org\/fr\/programmes\/courtage-de-fonds\/","name":"Courtage de fonds | ABLE2","isPartOf":{"@id":"https:\/\/www.able2.org\/#website"},"primaryImageOfPage":{"@id":"https:\/\/www.able2.org\/fr\/programmes\/courtage-de-fonds\/#primaryimage"},"image":{"@id":"https:\/\/www.able2.org\/fr\/programmes\/courtage-de-fonds\/#primaryimage"},"thumbnailUrl":"https:\/\/www.able2.org\/wp-content\/uploads\/2024\/08\/OCF_TagVert_FR_RGB-01.png","datePublished":"2020-06-04T18:36:42+00:00","dateModified":"2025-08-21T14:23:56+00:00","breadcrumb":{"@id":"https:\/\/www.able2.org\/fr\/programmes\/courtage-de-fonds\/#breadcrumb"},"inLanguage":"fr-FR","potentialAction":[{"@type":"ReadAction","target":["https:\/\/www.able2.org\/fr\/programmes\/courtage-de-fonds\/"]}]},{"@type":"ImageObject","inLanguage":"fr-FR","@id":"https:\/\/www.able2.org\/fr\/programmes\/courtage-de-fonds\/#primaryimage","url":"https:\/\/www.able2.org\/wp-content\/uploads\/2024\/08\/OCF_TagVert_FR_RGB-01.png","contentUrl":"https:\/\/www.able2.org\/wp-content\/uploads\/2024\/08\/OCF_TagVert_FR_RGB-01.png"},{"@type":"BreadcrumbList","@id":"https:\/\/www.able2.org\/fr\/programmes\/courtage-de-fonds\/#breadcrumb","itemListElement":[{"@type":"ListItem","position":1,"name":"Home","item":"https:\/\/www.able2.org\/fr\/accueil\/"},{"@type":"ListItem","position":2,"name":"Programmes","item":"https:\/\/www.able2.org\/fr\/programmes\/"},{"@type":"ListItem","position":3,"name":"Courtage de fonds"}]},{"@type":"WebSite","@id":"https:\/\/www.able2.org\/#website","url":"https:\/\/www.able2.org\/","name":"ABLE2","description":"","publisher":{"@id":"https:\/\/www.able2.org\/#organization"},"potentialAction":[{"@type":"SearchAction","target":{"@type":"EntryPoint","urlTemplate":"https:\/\/www.able2.org\/?s={search_term_string}"},"query-input":"required name=search_term_string"}],"inLanguage":"fr-FR"},{"@type":"Organization","@id":"https:\/\/www.able2.org\/#organization","name":"ABLE2","url":"https:\/\/www.able2.org\/","logo":{"@type":"ImageObject","inLanguage":"fr-FR","@id":"https:\/\/www.able2.org\/#\/schema\/logo\/image\/","url":"https:\/\/www.able2.org\/wp-content\/uploads\/2020\/05\/logo.png","contentUrl":"https:\/\/www.able2.org\/wp-content\/uploads\/2020\/05\/logo.png","width":528,"height":137,"caption":"ABLE2"},"image":{"@id":"https:\/\/www.able2.org\/#\/schema\/logo\/image\/"}}]}},"_links":{"self":[{"href":"https:\/\/www.able2.org\/fr\/wp-json\/wp\/v2\/pages\/748"}],"collection":[{"href":"https:\/\/www.able2.org\/fr\/wp-json\/wp\/v2\/pages"}],"about":[{"href":"https:\/\/www.able2.org\/fr\/wp-json\/wp\/v2\/types\/page"}],"author":[{"embeddable":true,"href":"https:\/\/www.able2.org\/fr\/wp-json\/wp\/v2\/users\/1"}],"replies":[{"embeddable":true,"href":"https:\/\/www.able2.org\/fr\/wp-json\/wp\/v2\/comments?post=748"}],"version-history":[{"count":24,"href":"https:\/\/www.able2.org\/fr\/wp-json\/wp\/v2\/pages\/748\/revisions"}],"predecessor-version":[{"id":22096,"href":"https:\/\/www.able2.org\/fr\/wp-json\/wp\/v2\/pages\/748\/revisions\/22096"}],"up":[{"embeddable":true,"href":"https:\/\/www.able2.org\/fr\/wp-json\/wp\/v2\/pages\/735"}],"wp:attachment":[{"href":"https:\/\/www.able2.org\/fr\/wp-json\/wp\/v2\/media?parent=748"}],"curies":[{"name":"wp","href":"https:\/\/api.w.org\/{rel}","templated":true}]}}