{"id":7326,"date":"2022-08-26T15:16:34","date_gmt":"2022-08-26T19:16:34","guid":{"rendered":"https:\/\/www.able2.org\/?page_id=7326"},"modified":"2022-09-12T16:00:09","modified_gmt":"2022-09-12T20:00:09","slug":"opportunites-de-partenariat-tsaf","status":"publish","type":"page","link":"https:\/\/www.able2.org\/fr\/opportunites-de-partenariat-tsaf\/","title":{"rendered":"Opportunit\u00e9s de partenariat"},"content":{"rendered":"\n<p><strong>Programme de partenariat au Symposium sur le TSAF 2023 &#8211; O\u00f9 les intervenants se r\u00e9unissent pour soutenir les personnes vivant avec les troubles du spectre de l&rsquo;alcoolisation f\u0153tale en vue d&rsquo;accro\u00eetre la sensibilisation et les ressources.<\/strong><\/p>\n\n\n\n<p>Les \u00e9v\u00e9nements phares d&rsquo;ABLE2 sur le TSAF comprennent le Symposium sur le TSAF 2023 (organis\u00e9 sous forme d&rsquo;\u00e9v\u00e9nement virtuel en ligne le 24 janvier 2023) et la Marche de sensibilisation au TSAF (centre-ville d&rsquo;Ottawa &#8211; 9 septembre 2023).<\/p>\n\n\n\n<p><\/p>\n\n\n\n<p><strong>Nos partenaires \u00e9v\u00e9nementiels se d\u00e9marquent! <\/strong><\/p>\n\n\n\n<p>En tant que partenaires pr\u00e9cieux, les commanditaires de la marche de sensibilisation au TSAF et du symposium sur le TSAF aident ABLE2 \u00e0 activer divers aspects des \u00e9v\u00e9nements, \u00e0 accueillir des conf\u00e9renciers et des pr\u00e9sentateurs de haut niveau qui comptent parmi les personnes les plus comp\u00e9tentes au monde et \u00e0 fournir un acc\u00e8s direct aux personnes qui interagissent quotidiennement avec les personnes vivant avec le TSAF et leurs familles.<\/p>\n\n\n\n<p><\/p>\n\n\n\n<p><strong>Opportunit\u00e9s de parrainage <\/strong><\/p>\n\n\n\n<p>Le programme de parrainage 2023 comprend des opportunit\u00e9s pour les commanditaires d&rsquo;\u00eatre int\u00e9gr\u00e9s en tant que partenaires aux \u00e9v\u00e9nements de la Marche et du Symposium.<\/p>\n\n\n\n<p><\/p>\n\n\n\n<div class=\"wp-block-buttons is-layout-flex wp-block-buttons-is-layout-flex\">\n<div class=\"wp-block-button\"><a class=\"wp-block-button__link has-vivid-red-background-color has-background no-border-radius\" href=\"https:\/\/www.able2.org\/wp-content\/uploads\/2022\/08\/Sponsorship-at-the-2023-FASD-Symposium-2023-FASD-Walk-updated-August-30-22-compressed.pdf\"><strong>Voir les opportunit\u00e9s de parrainage<\/strong><\/a><\/div>\n<\/div>\n\n\n\n<p><\/p>\n\n\n\n<p><strong>Forfaits exposants <\/strong><\/p>\n\n\n\n<p>Le salon virtuel du Symposium sur le TSAF est con\u00e7u pour offrir un point central en ligne o\u00f9 les participants au Symposium peuvent d\u00e9couvrir des produits et des services qui peuvent am\u00e9liorer ou soutenir leurs interactions et travailler avec les personnes vivant avec le TSAF et leurs familles.<\/p>\n\n\n\n<p><\/p>\n\n\n\n<div class=\"wp-block-buttons is-layout-flex wp-block-buttons-is-layout-flex\">\n<div class=\"wp-block-button\"><a class=\"wp-block-button__link has-vivid-red-background-color has-background no-border-radius\" href=\"https:\/\/www.able2.org\/wp-content\/uploads\/2022\/08\/Sponsorship-at-the-2023-FASD-Symposium-2023-FASD-Walk-updated-August-30-22-compressed.pdf\"><strong>Voir les forfaits des exposants<\/strong><\/a><\/div>\n<\/div>\n\n\n\n<p><\/p>\n\n\n\n<p><strong>Des questions sur les opportunit\u00e9s de partenariat avec les \u00e9v\u00e9nements TSAF 2023 d&rsquo;ABLE2?<\/strong><\/p>\n\n\n\n<p><\/p>\n\n\n\n<p>Planifiez un appel avec <a href=\"mailto:krista@isparkconsulting.ca\">Krista Benoit de iSPARK Consulting<\/a> (agence de parrainage travaillant pour le compte d&rsquo;ABLE2) pour discuter de vos objectifs de marketing et discuter de la fa\u00e7on dont le symposium sur le TSAF et la marche de sensibilisation au TSAF peuvent aider votre marque\/organisation \u00e0 se connecter avec la communaut\u00e9 du TSAF au Canada.<\/p>\n\n\n\n<div style=\"height:100px\" aria-hidden=\"true\" class=\"wp-block-spacer\"><\/div>\n\n\n\n<div class=\"wp-block-buttons is-layout-flex wp-block-buttons-is-layout-flex\">\n<div class=\"wp-block-button\"><a class=\"wp-block-button__link has-black-color has-text-color has-background\" href=\"https:\/\/www.able2.org\/fr\/information-pour-linscription-au-symposium-sur-le-tsaf\/\" style=\"border-radius:1px;background-color:#00b9c6\"><strong>L&rsquo;inscription &#8211; Symposium<\/strong><\/a><\/div>\n\n\n\n<div class=\"wp-block-button\"><a class=\"wp-block-button__link has-black-color has-text-color has-background\" href=\"\" style=\"border-radius:1px;background-color:#f4ac0e\" target=\"_blank\" rel=\"noreferrer noopener\"><strong>Programme &#8211; Symposium<\/strong><\/a><\/div>\n\n\n\n<div class=\"wp-block-button\"><a class=\"wp-block-button__link has-black-color has-text-color has-background\" href=\"https:\/\/www.able2.org\/fr\/fasd-symposium-whos-coming\/\" style=\"border-radius:1px;background-color:#00b9c6\"><strong>Les organisations pr\u00e9sentes<\/strong><\/a><\/div>\n<\/div>\n","protected":false},"excerpt":{"rendered":"<p>Programme de partenariat au Symposium sur le TSAF 2023 &#8211; O\u00f9 les intervenants se r\u00e9unissent pour soutenir les personnes vivant avec les troubles du spectre de l&rsquo;alcoolisation f\u0153tale en vue d&rsquo;accro\u00eetre la sensibilisation et les ressources. Les \u00e9v\u00e9nements phares d&rsquo;ABLE2 sur le TSAF comprennent le Symposium sur le TSAF 2023 (organis\u00e9 sous forme d&rsquo;\u00e9v\u00e9nement virtuel [&hellip;]<\/p>\n","protected":false},"author":1,"featured_media":0,"parent":0,"menu_order":0,"comment_status":"closed","ping_status":"closed","template":"page-templates\/page-sidebar.php","meta":{"_acf_changed":false,"footnotes":""},"acf":[],"yoast_head":"<!-- This site is optimized with the Yoast SEO plugin v22.8 - https:\/\/yoast.com\/wordpress\/plugins\/seo\/ -->\n<title>Opportunit\u00e9s de partenariat | ABLE2<\/title>\n<meta name=\"robots\" content=\"index, follow, max-snippet:-1, max-image-preview:large, max-video-preview:-1\" \/>\n<link rel=\"canonical\" href=\"https:\/\/www.able2.org\/fr\/opportunites-de-partenariat-tsaf\/\" \/>\n<meta property=\"og:locale\" content=\"fr_FR\" \/>\n<meta property=\"og:type\" content=\"article\" \/>\n<meta property=\"og:title\" content=\"Opportunit\u00e9s de partenariat | ABLE2\" \/>\n<meta property=\"og:description\" content=\"Programme de partenariat au Symposium sur le TSAF 2023 &#8211; O\u00f9 les intervenants se r\u00e9unissent pour soutenir les personnes vivant avec les troubles du spectre de l&rsquo;alcoolisation f\u0153tale en vue d&rsquo;accro\u00eetre la sensibilisation et les ressources. Les \u00e9v\u00e9nements phares d&rsquo;ABLE2 sur le TSAF comprennent le Symposium sur le TSAF 2023 (organis\u00e9 sous forme d&rsquo;\u00e9v\u00e9nement virtuel [&hellip;]\" \/>\n<meta property=\"og:url\" content=\"https:\/\/www.able2.org\/fr\/opportunites-de-partenariat-tsaf\/\" \/>\n<meta property=\"og:site_name\" content=\"ABLE2\" \/>\n<meta property=\"article:modified_time\" content=\"2022-09-12T20:00:09+00:00\" \/>\n<meta name=\"twitter:card\" content=\"summary_large_image\" \/>\n<meta name=\"twitter:label1\" content=\"Dur\u00e9e de lecture estim\u00e9e\" \/>\n\t<meta name=\"twitter:data1\" content=\"2 minutes\" \/>\n<script type=\"application\/ld+json\" class=\"yoast-schema-graph\">{\"@context\":\"https:\/\/schema.org\",\"@graph\":[{\"@type\":\"WebPage\",\"@id\":\"https:\/\/www.able2.org\/fr\/opportunites-de-partenariat-tsaf\/\",\"url\":\"https:\/\/www.able2.org\/fr\/opportunites-de-partenariat-tsaf\/\",\"name\":\"Opportunit\u00e9s de partenariat | ABLE2\",\"isPartOf\":{\"@id\":\"https:\/\/www.able2.org\/#website\"},\"datePublished\":\"2022-08-26T19:16:34+00:00\",\"dateModified\":\"2022-09-12T20:00:09+00:00\",\"breadcrumb\":{\"@id\":\"https:\/\/www.able2.org\/fr\/opportunites-de-partenariat-tsaf\/#breadcrumb\"},\"inLanguage\":\"fr-FR\",\"potentialAction\":[{\"@type\":\"ReadAction\",\"target\":[\"https:\/\/www.able2.org\/fr\/opportunites-de-partenariat-tsaf\/\"]}]},{\"@type\":\"BreadcrumbList\",\"@id\":\"https:\/\/www.able2.org\/fr\/opportunites-de-partenariat-tsaf\/#breadcrumb\",\"itemListElement\":[{\"@type\":\"ListItem\",\"position\":1,\"name\":\"Home\",\"item\":\"https:\/\/www.able2.org\/fr\/accueil\/\"},{\"@type\":\"ListItem\",\"position\":2,\"name\":\"Opportunit\u00e9s de partenariat\"}]},{\"@type\":\"WebSite\",\"@id\":\"https:\/\/www.able2.org\/#website\",\"url\":\"https:\/\/www.able2.org\/\",\"name\":\"ABLE2\",\"description\":\"\",\"publisher\":{\"@id\":\"https:\/\/www.able2.org\/#organization\"},\"potentialAction\":[{\"@type\":\"SearchAction\",\"target\":{\"@type\":\"EntryPoint\",\"urlTemplate\":\"https:\/\/www.able2.org\/?s={search_term_string}\"},\"query-input\":\"required name=search_term_string\"}],\"inLanguage\":\"fr-FR\"},{\"@type\":\"Organization\",\"@id\":\"https:\/\/www.able2.org\/#organization\",\"name\":\"ABLE2\",\"url\":\"https:\/\/www.able2.org\/\",\"logo\":{\"@type\":\"ImageObject\",\"inLanguage\":\"fr-FR\",\"@id\":\"https:\/\/www.able2.org\/#\/schema\/logo\/image\/\",\"url\":\"https:\/\/www.able2.org\/wp-content\/uploads\/2020\/05\/logo.png\",\"contentUrl\":\"https:\/\/www.able2.org\/wp-content\/uploads\/2020\/05\/logo.png\",\"width\":528,\"height\":137,\"caption\":\"ABLE2\"},\"image\":{\"@id\":\"https:\/\/www.able2.org\/#\/schema\/logo\/image\/\"}}]}<\/script>\n<!-- \/ Yoast SEO plugin. -->","yoast_head_json":{"title":"Opportunit\u00e9s de partenariat | ABLE2","robots":{"index":"index","follow":"follow","max-snippet":"max-snippet:-1","max-image-preview":"max-image-preview:large","max-video-preview":"max-video-preview:-1"},"canonical":"https:\/\/www.able2.org\/fr\/opportunites-de-partenariat-tsaf\/","og_locale":"fr_FR","og_type":"article","og_title":"Opportunit\u00e9s de partenariat | ABLE2","og_description":"Programme de partenariat au Symposium sur le TSAF 2023 &#8211; O\u00f9 les intervenants se r\u00e9unissent pour soutenir les personnes vivant avec les troubles du spectre de l&rsquo;alcoolisation f\u0153tale en vue d&rsquo;accro\u00eetre la sensibilisation et les ressources. Les \u00e9v\u00e9nements phares d&rsquo;ABLE2 sur le TSAF comprennent le Symposium sur le TSAF 2023 (organis\u00e9 sous forme d&rsquo;\u00e9v\u00e9nement virtuel [&hellip;]","og_url":"https:\/\/www.able2.org\/fr\/opportunites-de-partenariat-tsaf\/","og_site_name":"ABLE2","article_modified_time":"2022-09-12T20:00:09+00:00","twitter_card":"summary_large_image","twitter_misc":{"Dur\u00e9e de lecture estim\u00e9e":"2 minutes"},"schema":{"@context":"https:\/\/schema.org","@graph":[{"@type":"WebPage","@id":"https:\/\/www.able2.org\/fr\/opportunites-de-partenariat-tsaf\/","url":"https:\/\/www.able2.org\/fr\/opportunites-de-partenariat-tsaf\/","name":"Opportunit\u00e9s de partenariat | ABLE2","isPartOf":{"@id":"https:\/\/www.able2.org\/#website"},"datePublished":"2022-08-26T19:16:34+00:00","dateModified":"2022-09-12T20:00:09+00:00","breadcrumb":{"@id":"https:\/\/www.able2.org\/fr\/opportunites-de-partenariat-tsaf\/#breadcrumb"},"inLanguage":"fr-FR","potentialAction":[{"@type":"ReadAction","target":["https:\/\/www.able2.org\/fr\/opportunites-de-partenariat-tsaf\/"]}]},{"@type":"BreadcrumbList","@id":"https:\/\/www.able2.org\/fr\/opportunites-de-partenariat-tsaf\/#breadcrumb","itemListElement":[{"@type":"ListItem","position":1,"name":"Home","item":"https:\/\/www.able2.org\/fr\/accueil\/"},{"@type":"ListItem","position":2,"name":"Opportunit\u00e9s de partenariat"}]},{"@type":"WebSite","@id":"https:\/\/www.able2.org\/#website","url":"https:\/\/www.able2.org\/","name":"ABLE2","description":"","publisher":{"@id":"https:\/\/www.able2.org\/#organization"},"potentialAction":[{"@type":"SearchAction","target":{"@type":"EntryPoint","urlTemplate":"https:\/\/www.able2.org\/?s={search_term_string}"},"query-input":"required name=search_term_string"}],"inLanguage":"fr-FR"},{"@type":"Organization","@id":"https:\/\/www.able2.org\/#organization","name":"ABLE2","url":"https:\/\/www.able2.org\/","logo":{"@type":"ImageObject","inLanguage":"fr-FR","@id":"https:\/\/www.able2.org\/#\/schema\/logo\/image\/","url":"https:\/\/www.able2.org\/wp-content\/uploads\/2020\/05\/logo.png","contentUrl":"https:\/\/www.able2.org\/wp-content\/uploads\/2020\/05\/logo.png","width":528,"height":137,"caption":"ABLE2"},"image":{"@id":"https:\/\/www.able2.org\/#\/schema\/logo\/image\/"}}]}},"_links":{"self":[{"href":"https:\/\/www.able2.org\/fr\/wp-json\/wp\/v2\/pages\/7326"}],"collection":[{"href":"https:\/\/www.able2.org\/fr\/wp-json\/wp\/v2\/pages"}],"about":[{"href":"https:\/\/www.able2.org\/fr\/wp-json\/wp\/v2\/types\/page"}],"author":[{"embeddable":true,"href":"https:\/\/www.able2.org\/fr\/wp-json\/wp\/v2\/users\/1"}],"replies":[{"embeddable":true,"href":"https:\/\/www.able2.org\/fr\/wp-json\/wp\/v2\/comments?post=7326"}],"version-history":[{"count":22,"href":"https:\/\/www.able2.org\/fr\/wp-json\/wp\/v2\/pages\/7326\/revisions"}],"predecessor-version":[{"id":7847,"href":"https:\/\/www.able2.org\/fr\/wp-json\/wp\/v2\/pages\/7326\/revisions\/7847"}],"wp:attachment":[{"href":"https:\/\/www.able2.org\/fr\/wp-json\/wp\/v2\/media?parent=7326"}],"curies":[{"name":"wp","href":"https:\/\/api.w.org\/{rel}","templated":true}]}}