{"id":7287,"date":"2022-08-25T09:53:08","date_gmt":"2022-08-25T13:53:08","guid":{"rendered":"https:\/\/www.able2.org\/symposium-tsaf-faits-saillants-des-evenements-passes\/"},"modified":"2022-09-12T16:39:05","modified_gmt":"2022-09-12T20:39:05","slug":"symposium-tsaf-faits-saillants-des-evenements-passes","status":"publish","type":"page","link":"https:\/\/www.able2.org\/fr\/symposium-tsaf-faits-saillants-des-evenements-passes\/","title":{"rendered":"Symposium TSAF &#8211; Faits saillants des \u00e9v\u00e9nements pass\u00e9s"},"content":{"rendered":"\n<figure class=\"wp-block-gallery columns-2 is-cropped wp-block-gallery-1 is-layout-flex wp-block-gallery-is-layout-flex\"><ul class=\"blocks-gallery-grid\"><li class=\"blocks-gallery-item\"><figure><img loading=\"lazy\" decoding=\"async\" width=\"940\" height=\"788\" src=\"https:\/\/www.able2.org\/wp-content\/uploads\/2022\/03\/FASD-Symposium-Testimonial-Tanya-Brown.png\" alt=\"\" data-id=\"5966\" data-full-url=\"https:\/\/www.able2.org\/wp-content\/uploads\/2022\/03\/FASD-Symposium-Testimonial-Tanya-Brown.png\" data-link=\"https:\/\/www.able2.org\/fasd-symposium-testimonial-tanya-brown\/\" class=\"wp-image-5967\" srcset=\"https:\/\/www.able2.org\/wp-content\/uploads\/2022\/03\/FASD-Symposium-Testimonial-Tanya-Brown.png 940w, https:\/\/www.able2.org\/wp-content\/uploads\/2022\/03\/FASD-Symposium-Testimonial-Tanya-Brown-300x251.png 300w, https:\/\/www.able2.org\/wp-content\/uploads\/2022\/03\/FASD-Symposium-Testimonial-Tanya-Brown-768x644.png 768w\" sizes=\"(max-width: 940px) 100vw, 940px\" \/><\/figure><\/li><li class=\"blocks-gallery-item\"><figure><img loading=\"lazy\" decoding=\"async\" width=\"940\" height=\"788\" src=\"https:\/\/www.able2.org\/wp-content\/uploads\/2022\/03\/FASD-Symposium-Testimonial-Kim-Sillito.png\" alt=\"\" data-id=\"5964\" data-full-url=\"https:\/\/www.able2.org\/wp-content\/uploads\/2022\/03\/FASD-Symposium-Testimonial-Kim-Sillito.png\" data-link=\"https:\/\/www.able2.org\/fasd-symposium-testimonial-kim-sillito\/\" class=\"wp-image-5965\" srcset=\"https:\/\/www.able2.org\/wp-content\/uploads\/2022\/03\/FASD-Symposium-Testimonial-Kim-Sillito.png 940w, https:\/\/www.able2.org\/wp-content\/uploads\/2022\/03\/FASD-Symposium-Testimonial-Kim-Sillito-300x251.png 300w, https:\/\/www.able2.org\/wp-content\/uploads\/2022\/03\/FASD-Symposium-Testimonial-Kim-Sillito-768x644.png 768w\" sizes=\"(max-width: 940px) 100vw, 940px\" \/><\/figure><\/li><\/ul><\/figure>\n\n\n\n<p><strong>Faits saillants de 2022<\/strong><\/p>\n\n\n\n<p>L\u2019\u00e9v\u00e9nement 2022 a eu lieu virtuellement le 25 janvier dernier. L\u2019un des nombreux faits saillants de la 5<sup>\u00e8me<\/sup>&nbsp;\u00e9dition annuelle du Symposium a \u00e9t\u00e9 les histoires partag\u00e9es par les personnes ayant un TSAF et une puissante s\u00e9ance de questions et r\u00e9ponses entre les d\u00e9l\u00e9gu\u00e9s et certains conf\u00e9renciers du Symposium. Pour plus d\u2019informations au sujet du Programme de ressources sur l\u2019alcoolisation f\u0153tale,&nbsp;<a href=\"https:\/\/www.able2.org\/fr\/programmes\/programme-de-ressources-sur-lalcoolisation-foetale\/\">cliquez ici<\/a>.<\/p>\n\n\n\n<p>\u00c9coutez l\u2019entrevue de&nbsp;<a href=\"https:\/\/m365.us.vadesecure.com\/safeproxy\/v4?f=-ol46PpDWgdvJBNkg1zTUslKu_MlJxt_3S7rbdsT-Uj-f9T5pMmqUGDFGii5BQRZ&amp;i=mKYqXwiCWYnS3hi3ZpsUkHsxDRDnP8xFypJsiAsj22-FosCOIcPx8KH6o8KDwZ2TmD11lELbeOfSarFo7T1AOA&amp;k=Bkiy&amp;r=CZuBIA_TX3KgfvHfaKKjW2oZiI70Z0_yy8zt98aBfJg-UWg0TKzCcCMVTR-lpXk5&amp;s=f54280d1a8fceb19d606a80855f7530e7847bb2f70f3ce0c3443f69b8d6f316b&amp;u=https%3A%2F%2Fwww.able2.org%2Fwp-content%2Fuploads%2F2022%2F02%2FDiagnosed-with-FASD-later-in-lif-2.mp3\">Reinier deSmit<\/a>&nbsp;dans le cadre de l\u2019\u00e9mission&nbsp;<em>Ottawa Morning<\/em>&nbsp;de la Radio CBC o\u00f9 il affirme avoir re\u00e7u un diagnostic du TSAF tr\u00e8s tard dans la vie. Reinier \u00e9tait un conf\u00e9rencier au Symposium de 2022.<\/p>\n\n\n\n<p>ABLE2 tient \u00e0 remercier les 300 d\u00e9l\u00e9gu\u00e9s qui ont assist\u00e9 \u00e0 la 5<sup>\u00e8me<\/sup>&nbsp;\u00e9dition annuelle du Symposium de 2022, sans oublier nos commanditaires et nos partenaires de cet \u00e9v\u00e9nement. D\u00e9couvrez cette entrevue que Robyn Breshnahan a r\u00e9alis\u00e9e avec Reinier deSmit dans l\u2019\u00e9mission&nbsp;<em>Ottawa Morning<\/em>, faisant ressortir le parcours de Reinier en vue de l\u2019obtention d\u2019un diagnostic du TSAF. Nous vous encourageons aussi \u00e0 en savoir plus sur l\u2019incroyable histoire de Cyntoia Brown-Long, l\u2019une des conf\u00e9renciers du Symposium, en lisant son livre intitul\u00e9&nbsp;<em><a href=\"https:\/\/m365.us.vadesecure.com\/safeproxy\/v4?f=vA69b__mwOR_m-DN10GEqwsEpXzkt3MiBA3qA12ROZ8wS5Qf1dX6uVRiGzWNFfo8&amp;i=BolyNf6g57_VDVf_HYhVWOGaQlrCJ-emvr2Zhm0thIEUjAnYJhxu4fJSSECZXsNeBr1OzlA92x7pxaOcekl9fA&amp;k=ITJF&amp;r=Osgt-7caBTS7gJ_oeVCP2Qvs58WCK6Wo1E6XN1PpB3eJTsyL9YRmdHh1vJ1_0A2v&amp;s=dee0b421f71475bdac2a944a743831b20fb50e60eb9a0bacd1422f8b3a0b310c&amp;u=https%3A%2F%2Fwww.amazon.ca%2FFree-Cyntoia-Search-Redemption-American%2Fdp%2F1982141107\" target=\"_blank\" rel=\"noreferrer noopener\">Free Cyntoia: My Search for Redemption in the American Prison System<\/a><\/em>&nbsp;ou en regardant le documentaire sur Netflix qui ra<\/p>\n\n\n\n<figure class=\"wp-block-image size-large is-resized\"><img loading=\"lazy\" decoding=\"async\" src=\"https:\/\/www.able2.org\/wp-content\/uploads\/2021\/10\/ABLE2-FASD-SponsorGraphic-v2-1024x559.jpg\" alt=\"\" class=\"wp-image-5215\" width=\"768\" height=\"419\" srcset=\"https:\/\/www.able2.org\/wp-content\/uploads\/2021\/10\/ABLE2-FASD-SponsorGraphic-v2-1024x559.jpg 1024w, https:\/\/www.able2.org\/wp-content\/uploads\/2021\/10\/ABLE2-FASD-SponsorGraphic-v2-300x164.jpg 300w, https:\/\/www.able2.org\/wp-content\/uploads\/2021\/10\/ABLE2-FASD-SponsorGraphic-v2-768x419.jpg 768w, https:\/\/www.able2.org\/wp-content\/uploads\/2021\/10\/ABLE2-FASD-SponsorGraphic-v2-1536x838.jpg 1536w, https:\/\/www.able2.org\/wp-content\/uploads\/2021\/10\/ABLE2-FASD-SponsorGraphic-v2-2048x1117.jpg 2048w\" sizes=\"(max-width: 768px) 100vw, 768px\" \/><\/figure>\n\n\n\n<p><strong>Faits saillants de 2021<\/strong><\/p>\n\n\n\n<p>Le Symposium sur le TSAF a \u00e9t\u00e9 un \u00e9v\u00e9nement extraordinaire r\u00e9unissant plus de 450 participants virtuels, avec plus de 25 sessions et pr\u00e9sentations en Anglais et en Fran\u00e7ais, et 33 orateurs (qui sont pour la plupart des experts ayant une exp\u00e9rience v\u00e9cue et des professionnels qui soutiennent les personnes ayant un TSAF). Nous avons eu la chance de participer \u00e0 l\u2019\u00e9mission matinale de la Radio CBC le lundi 25 janvier. <a href=\"https:\/\/www.youtube.com\/watch?v=RYw5c6qsqy8\">\u00e9coutez ici<\/a><\/p>\n\n\n\n<div style=\"height:100px\" aria-hidden=\"true\" class=\"wp-block-spacer\"><\/div>\n\n\n\n<div class=\"wp-block-buttons is-layout-flex wp-block-buttons-is-layout-flex\">\n<div class=\"wp-block-button\"><a class=\"wp-block-button__link has-black-color has-text-color has-background\" href=\"https:\/\/www.able2.org\/fr\/evenements\/fasd-symposium\/\" style=\"border-radius:1px;background-color:#00b9c6\"><strong>En savoir plus sur le Symposium 2023<\/strong><\/a><\/div>\n<\/div>\n","protected":false},"excerpt":{"rendered":"<p>Faits saillants de 2022 L\u2019\u00e9v\u00e9nement 2022 a eu lieu virtuellement le 25 janvier dernier. L\u2019un des nombreux faits saillants de la 5\u00e8me&nbsp;\u00e9dition annuelle du Symposium a \u00e9t\u00e9 les histoires partag\u00e9es par les personnes ayant un TSAF et une puissante s\u00e9ance de questions et r\u00e9ponses entre les d\u00e9l\u00e9gu\u00e9s et certains conf\u00e9renciers du Symposium. Pour plus d\u2019informations [&hellip;]<\/p>\n","protected":false},"author":3,"featured_media":0,"parent":0,"menu_order":0,"comment_status":"closed","ping_status":"closed","template":"page-templates\/page-sidebar.php","meta":{"_acf_changed":false,"footnotes":""},"acf":[],"yoast_head":"<!-- This site is optimized with the Yoast SEO plugin v22.8 - https:\/\/yoast.com\/wordpress\/plugins\/seo\/ -->\n<title>Symposium TSAF - Faits saillants des \u00e9v\u00e9nements pass\u00e9s | ABLE2<\/title>\n<meta name=\"robots\" content=\"index, follow, max-snippet:-1, max-image-preview:large, max-video-preview:-1\" \/>\n<link rel=\"canonical\" href=\"https:\/\/www.able2.org\/fr\/symposium-tsaf-faits-saillants-des-evenements-passes\/\" \/>\n<meta property=\"og:locale\" content=\"fr_FR\" \/>\n<meta property=\"og:type\" content=\"article\" \/>\n<meta property=\"og:title\" content=\"Symposium TSAF - Faits saillants des \u00e9v\u00e9nements pass\u00e9s | ABLE2\" \/>\n<meta property=\"og:description\" content=\"Faits saillants de 2022 L\u2019\u00e9v\u00e9nement 2022 a eu lieu virtuellement le 25 janvier dernier. L\u2019un des nombreux faits saillants de la 5\u00e8me&nbsp;\u00e9dition annuelle du Symposium a \u00e9t\u00e9 les histoires partag\u00e9es par les personnes ayant un TSAF et une puissante s\u00e9ance de questions et r\u00e9ponses entre les d\u00e9l\u00e9gu\u00e9s et certains conf\u00e9renciers du Symposium. Pour plus d\u2019informations [&hellip;]\" \/>\n<meta property=\"og:url\" content=\"https:\/\/www.able2.org\/fr\/symposium-tsaf-faits-saillants-des-evenements-passes\/\" \/>\n<meta property=\"og:site_name\" content=\"ABLE2\" \/>\n<meta property=\"article:modified_time\" content=\"2022-09-12T20:39:05+00:00\" \/>\n<meta property=\"og:image\" content=\"https:\/\/www.able2.org\/wp-content\/uploads\/2022\/03\/FASD-Symposium-Testimonial-Tanya-Brown.png\" \/>\n<meta name=\"twitter:card\" content=\"summary_large_image\" \/>\n<meta name=\"twitter:label1\" content=\"Dur\u00e9e de lecture estim\u00e9e\" \/>\n\t<meta name=\"twitter:data1\" content=\"2 minutes\" \/>\n<script type=\"application\/ld+json\" class=\"yoast-schema-graph\">{\"@context\":\"https:\/\/schema.org\",\"@graph\":[{\"@type\":\"WebPage\",\"@id\":\"https:\/\/www.able2.org\/fr\/symposium-tsaf-faits-saillants-des-evenements-passes\/\",\"url\":\"https:\/\/www.able2.org\/fr\/symposium-tsaf-faits-saillants-des-evenements-passes\/\",\"name\":\"Symposium TSAF - Faits saillants des \u00e9v\u00e9nements pass\u00e9s | ABLE2\",\"isPartOf\":{\"@id\":\"https:\/\/www.able2.org\/#website\"},\"primaryImageOfPage\":{\"@id\":\"https:\/\/www.able2.org\/fr\/symposium-tsaf-faits-saillants-des-evenements-passes\/#primaryimage\"},\"image\":{\"@id\":\"https:\/\/www.able2.org\/fr\/symposium-tsaf-faits-saillants-des-evenements-passes\/#primaryimage\"},\"thumbnailUrl\":\"https:\/\/www.able2.org\/wp-content\/uploads\/2022\/03\/FASD-Symposium-Testimonial-Tanya-Brown.png\",\"datePublished\":\"2022-08-25T13:53:08+00:00\",\"dateModified\":\"2022-09-12T20:39:05+00:00\",\"breadcrumb\":{\"@id\":\"https:\/\/www.able2.org\/fr\/symposium-tsaf-faits-saillants-des-evenements-passes\/#breadcrumb\"},\"inLanguage\":\"fr-FR\",\"potentialAction\":[{\"@type\":\"ReadAction\",\"target\":[\"https:\/\/www.able2.org\/fr\/symposium-tsaf-faits-saillants-des-evenements-passes\/\"]}]},{\"@type\":\"ImageObject\",\"inLanguage\":\"fr-FR\",\"@id\":\"https:\/\/www.able2.org\/fr\/symposium-tsaf-faits-saillants-des-evenements-passes\/#primaryimage\",\"url\":\"https:\/\/www.able2.org\/wp-content\/uploads\/2022\/03\/FASD-Symposium-Testimonial-Tanya-Brown.png\",\"contentUrl\":\"https:\/\/www.able2.org\/wp-content\/uploads\/2022\/03\/FASD-Symposium-Testimonial-Tanya-Brown.png\"},{\"@type\":\"BreadcrumbList\",\"@id\":\"https:\/\/www.able2.org\/fr\/symposium-tsaf-faits-saillants-des-evenements-passes\/#breadcrumb\",\"itemListElement\":[{\"@type\":\"ListItem\",\"position\":1,\"name\":\"Home\",\"item\":\"https:\/\/www.able2.org\/fr\/accueil\/\"},{\"@type\":\"ListItem\",\"position\":2,\"name\":\"Symposium TSAF &#8211; Faits saillants des \u00e9v\u00e9nements pass\u00e9s\"}]},{\"@type\":\"WebSite\",\"@id\":\"https:\/\/www.able2.org\/#website\",\"url\":\"https:\/\/www.able2.org\/\",\"name\":\"ABLE2\",\"description\":\"\",\"publisher\":{\"@id\":\"https:\/\/www.able2.org\/#organization\"},\"potentialAction\":[{\"@type\":\"SearchAction\",\"target\":{\"@type\":\"EntryPoint\",\"urlTemplate\":\"https:\/\/www.able2.org\/?s={search_term_string}\"},\"query-input\":\"required name=search_term_string\"}],\"inLanguage\":\"fr-FR\"},{\"@type\":\"Organization\",\"@id\":\"https:\/\/www.able2.org\/#organization\",\"name\":\"ABLE2\",\"url\":\"https:\/\/www.able2.org\/\",\"logo\":{\"@type\":\"ImageObject\",\"inLanguage\":\"fr-FR\",\"@id\":\"https:\/\/www.able2.org\/#\/schema\/logo\/image\/\",\"url\":\"https:\/\/www.able2.org\/wp-content\/uploads\/2020\/05\/logo.png\",\"contentUrl\":\"https:\/\/www.able2.org\/wp-content\/uploads\/2020\/05\/logo.png\",\"width\":528,\"height\":137,\"caption\":\"ABLE2\"},\"image\":{\"@id\":\"https:\/\/www.able2.org\/#\/schema\/logo\/image\/\"}}]}<\/script>\n<!-- \/ Yoast SEO plugin. -->","yoast_head_json":{"title":"Symposium TSAF - Faits saillants des \u00e9v\u00e9nements pass\u00e9s | ABLE2","robots":{"index":"index","follow":"follow","max-snippet":"max-snippet:-1","max-image-preview":"max-image-preview:large","max-video-preview":"max-video-preview:-1"},"canonical":"https:\/\/www.able2.org\/fr\/symposium-tsaf-faits-saillants-des-evenements-passes\/","og_locale":"fr_FR","og_type":"article","og_title":"Symposium TSAF - Faits saillants des \u00e9v\u00e9nements pass\u00e9s | ABLE2","og_description":"Faits saillants de 2022 L\u2019\u00e9v\u00e9nement 2022 a eu lieu virtuellement le 25 janvier dernier. L\u2019un des nombreux faits saillants de la 5\u00e8me&nbsp;\u00e9dition annuelle du Symposium a \u00e9t\u00e9 les histoires partag\u00e9es par les personnes ayant un TSAF et une puissante s\u00e9ance de questions et r\u00e9ponses entre les d\u00e9l\u00e9gu\u00e9s et certains conf\u00e9renciers du Symposium. Pour plus d\u2019informations [&hellip;]","og_url":"https:\/\/www.able2.org\/fr\/symposium-tsaf-faits-saillants-des-evenements-passes\/","og_site_name":"ABLE2","article_modified_time":"2022-09-12T20:39:05+00:00","og_image":[{"url":"https:\/\/www.able2.org\/wp-content\/uploads\/2022\/03\/FASD-Symposium-Testimonial-Tanya-Brown.png"}],"twitter_card":"summary_large_image","twitter_misc":{"Dur\u00e9e de lecture estim\u00e9e":"2 minutes"},"schema":{"@context":"https:\/\/schema.org","@graph":[{"@type":"WebPage","@id":"https:\/\/www.able2.org\/fr\/symposium-tsaf-faits-saillants-des-evenements-passes\/","url":"https:\/\/www.able2.org\/fr\/symposium-tsaf-faits-saillants-des-evenements-passes\/","name":"Symposium TSAF - Faits saillants des \u00e9v\u00e9nements pass\u00e9s | ABLE2","isPartOf":{"@id":"https:\/\/www.able2.org\/#website"},"primaryImageOfPage":{"@id":"https:\/\/www.able2.org\/fr\/symposium-tsaf-faits-saillants-des-evenements-passes\/#primaryimage"},"image":{"@id":"https:\/\/www.able2.org\/fr\/symposium-tsaf-faits-saillants-des-evenements-passes\/#primaryimage"},"thumbnailUrl":"https:\/\/www.able2.org\/wp-content\/uploads\/2022\/03\/FASD-Symposium-Testimonial-Tanya-Brown.png","datePublished":"2022-08-25T13:53:08+00:00","dateModified":"2022-09-12T20:39:05+00:00","breadcrumb":{"@id":"https:\/\/www.able2.org\/fr\/symposium-tsaf-faits-saillants-des-evenements-passes\/#breadcrumb"},"inLanguage":"fr-FR","potentialAction":[{"@type":"ReadAction","target":["https:\/\/www.able2.org\/fr\/symposium-tsaf-faits-saillants-des-evenements-passes\/"]}]},{"@type":"ImageObject","inLanguage":"fr-FR","@id":"https:\/\/www.able2.org\/fr\/symposium-tsaf-faits-saillants-des-evenements-passes\/#primaryimage","url":"https:\/\/www.able2.org\/wp-content\/uploads\/2022\/03\/FASD-Symposium-Testimonial-Tanya-Brown.png","contentUrl":"https:\/\/www.able2.org\/wp-content\/uploads\/2022\/03\/FASD-Symposium-Testimonial-Tanya-Brown.png"},{"@type":"BreadcrumbList","@id":"https:\/\/www.able2.org\/fr\/symposium-tsaf-faits-saillants-des-evenements-passes\/#breadcrumb","itemListElement":[{"@type":"ListItem","position":1,"name":"Home","item":"https:\/\/www.able2.org\/fr\/accueil\/"},{"@type":"ListItem","position":2,"name":"Symposium TSAF &#8211; Faits saillants des \u00e9v\u00e9nements pass\u00e9s"}]},{"@type":"WebSite","@id":"https:\/\/www.able2.org\/#website","url":"https:\/\/www.able2.org\/","name":"ABLE2","description":"","publisher":{"@id":"https:\/\/www.able2.org\/#organization"},"potentialAction":[{"@type":"SearchAction","target":{"@type":"EntryPoint","urlTemplate":"https:\/\/www.able2.org\/?s={search_term_string}"},"query-input":"required name=search_term_string"}],"inLanguage":"fr-FR"},{"@type":"Organization","@id":"https:\/\/www.able2.org\/#organization","name":"ABLE2","url":"https:\/\/www.able2.org\/","logo":{"@type":"ImageObject","inLanguage":"fr-FR","@id":"https:\/\/www.able2.org\/#\/schema\/logo\/image\/","url":"https:\/\/www.able2.org\/wp-content\/uploads\/2020\/05\/logo.png","contentUrl":"https:\/\/www.able2.org\/wp-content\/uploads\/2020\/05\/logo.png","width":528,"height":137,"caption":"ABLE2"},"image":{"@id":"https:\/\/www.able2.org\/#\/schema\/logo\/image\/"}}]}},"_links":{"self":[{"href":"https:\/\/www.able2.org\/fr\/wp-json\/wp\/v2\/pages\/7287"}],"collection":[{"href":"https:\/\/www.able2.org\/fr\/wp-json\/wp\/v2\/pages"}],"about":[{"href":"https:\/\/www.able2.org\/fr\/wp-json\/wp\/v2\/types\/page"}],"author":[{"embeddable":true,"href":"https:\/\/www.able2.org\/fr\/wp-json\/wp\/v2\/users\/3"}],"replies":[{"embeddable":true,"href":"https:\/\/www.able2.org\/fr\/wp-json\/wp\/v2\/comments?post=7287"}],"version-history":[{"count":7,"href":"https:\/\/www.able2.org\/fr\/wp-json\/wp\/v2\/pages\/7287\/revisions"}],"predecessor-version":[{"id":7858,"href":"https:\/\/www.able2.org\/fr\/wp-json\/wp\/v2\/pages\/7287\/revisions\/7858"}],"wp:attachment":[{"href":"https:\/\/www.able2.org\/fr\/wp-json\/wp\/v2\/media?parent=7287"}],"curies":[{"name":"wp","href":"https:\/\/api.w.org\/{rel}","templated":true}]}}