{"id":5941,"date":"2022-02-24T16:48:40","date_gmt":"2022-02-24T21:48:40","guid":{"rendered":"https:\/\/www.able2.org\/a-propos-de-nous\/news\/"},"modified":"2026-02-25T10:33:57","modified_gmt":"2026-02-25T15:33:57","slug":"dans-les-medias","status":"publish","type":"page","link":"https:\/\/www.able2.org\/fr\/a-propos-de-nous\/dans-les-medias\/","title":{"rendered":"Dans les m\u00e9dias"},"content":{"rendered":"\n<p>Pour les demandes des m\u00e9dias, veuillez contacter Responsable des communications Emelou Porquez \u00e0 l\u2019adresse <a href=\"mailto:eporquez@able2.org\">eporquez@able2.org<\/a><\/p>\n\n\n\n<hr class=\"wp-block-separator has-css-opacity\"\/>\n\n\n\n<div style=\"height:20px\" aria-hidden=\"true\" class=\"wp-block-spacer\"><\/div>\n\n\n\n<p>[Disponible uniquement en Anglais] &nbsp;<\/p>\n\n\n\n<ul>\n<li><a href=\"https:\/\/www.cbc.ca\/news\/canada\/ottawa\/advocates-winterlude-accessible-disabilities-ottawa-9.7082026\"><strong>L\u2019accessibilit\u00e9 rel\u00e9gu\u00e9e au second plan lors du Bal de Neige cette ann\u00e9e, selon des d\u00e9fenseurs \u2013 CBC News \u2013 10 f\u00e9vrier 2026<\/strong><\/a><\/li>\n\n\n\n<li><a href=\"https:\/\/carolineinthecapital.ca\/afp-ottawa-philanthropy-awards-honour-families-youth-and-leaders-for-making-a-difference\/\"><strong>Les Prix de la philanthropie de l\u2019AFP Ottawa rendent hommage aux familles, aux jeunes et aux leaders pour leur contribution \u2013 Caroline dans la capitale \u2013 20 novembre 2025<\/strong><\/a><\/li>\n\n\n\n<li><a href=\"https:\/\/obj.ca\/gallery-afp-ottawa-philanthropy-awards-the-phils\/\"><strong>Galerie\u202f: Prix de la philanthropie de l\u2019AFP Ottawa (les Phils) : Ottawa Business Journal \u2013 20 novembre 2025<\/strong><\/a><\/li>\n\n\n\n<li><a href=\"https:\/\/capitalcurrent.ca\/improving-centretown-accessibility-frustrated-by-ignorance-attitude-and-available-funds-for-small-businesses-advocates-say\/\" target=\"_blank\" rel=\"noreferrer noopener\"><strong>L\u2019am\u00e9lioration de l\u2019accessibilit\u00e9 \u00e0 Centretown frein\u00e9e par l\u2019ignorance, les attitudes et les fonds disponibles pour les petites entreprises, selon les d\u00e9fenseurs : Capital Current \u2013 15 octobre 2025<\/strong><\/a><\/li>\n\n\n\n<li><a href=\"https:\/\/carolineinthecapital.ca\/10th-annual-diwali-awards-gala-celebrates-community-culture-and-one-very-humble-organizer\/\"><strong>10e gala annuel des prix Diwali : une c\u00e9l\u00e9bration de la communaut\u00e9, de la culture (et d\u2019une organisatrice tr\u00e8s humble) \u2013 Caroline dans la capitale, 5 octobre 2025<\/strong><\/a><\/li>\n\n\n\n<li><strong><a href=\"https:\/\/carolineinthecapital.ca\/ottawas-south-asian-community-set-to-shine-at-10th-annual-diwali-awards-gala\/\">La communaut\u00e9 sud-asiatique d\u2019Ottawa pr\u00eate \u00e0 briller lors du 10e Gala annuel des prix Diwali : Caroline dans la capitale \u2013 22 septembre 2025<\/a><\/strong><\/li>\n\n\n\n<li><strong><a href=\"https:\/\/carolineinthecapital.ca\/wcpd-hosted-evening-highlights-able2s-impact\/\">Une soir\u00e9e organis\u00e9e par WCPD met en lumi\u00e8re l\u2019impact d\u2019ABLE2 : Caroline dans la capitale \u2013 16 septembre 2025<\/a>&nbsp;<\/strong><\/li>\n\n\n\n<li><a href=\"https:\/\/obj.ca\/rto-debate-what-does-it-look-like-ottawa-charitable-sector\/\"><strong>Le grand d\u00e9bat sur le retour au bureau : \u00c0 quoi cela ressemble-t-il dans le secteur caritatif d\u2019Ottawa ?<\/strong> : <strong>Ottawa Business Journal &#8211; September 10, 2025<\/strong><\/a><\/li>\n\n\n\n<li><strong><a href=\"https:\/\/youtu.be\/m25jznN9eTA?si=STkKPeIM5Aucq_K4\">Voices 4 Ability Radio | Partenaires communautaires : ABLE2 avec la directrice g\u00e9n\u00e9rale Heather Laceyc 10 juillet 2025<\/a><\/strong><\/li>\n\n\n\n<li><strong><a href=\"https:\/\/ottawacitizen.com\/sponsored\/social-scene\/social-scene-community-builders-evening-in-the-maritimes-4\">Sc\u00e8ne sociale | B\u00e2tisseurs communautaires : Soir\u00e9e dans les Maritimes : Ottawa Citizen \u2013 2 juin 2025<\/a><\/strong><\/li>\n\n\n\n<li><strong><a href=\"https:\/\/www.ctvnews.ca\/ottawa\/video\/2025\/05\/30\/evening-in-the-maritimes\/\">Soir\u00e9e dans les Maritimes : CTV News Ottawa \u2013 30 mai 2025<\/a><\/strong><\/li>\n\n\n\n<li><strong><a href=\"https:\/\/carolineinthecapital.ca\/evening-in-the-maritimes-raises-300k-to-empower-people-with-disabilities-through-able2\/\">Soir\u00e9e dans les Maritimes r\u00e9colte 300 000 $ pour autonomiser les personnes handicap\u00e9es gr\u00e2ce \u00e0 ABLE2 : Caroline in the Capital \u2013 30 mai 2025<\/a><\/strong><\/li>\n\n\n\n<li><strong><a href=\"https:\/\/obj.ca\/gallery-evening-in-the-maritimes-raises-300k-for-ottawas-able2\/\">Soir\u00e9e dans les Maritimes r\u00e9colte 300 000 $ pour ABLE2 d&rsquo;Ottawa : Ottawa Business Journal \u2013 30 mai 2025<\/a><\/strong><\/li>\n\n\n\n<li><strong><a href=\"https:\/\/www.cbc.ca\/listen\/live-radio\/1-100-ottawa-morning\/clip\/16149376-program-matches-someone-disability-volunteer-celebrating-50-years\">Programme qui associe une personne handicap\u00e9e \u00e0 un b\u00e9n\u00e9vole c\u00e9l\u00e9brant 50 ans \u2013 CBC Ottawa Morning avec Rebecca Zandbergen \u2013 30 mai 2025<\/a><\/strong><\/li>\n\n\n\n<li><strong><a href=\"https:\/\/youtu.be\/Atjx53CB8kA?si=S7Bpxkx4kABrxKMa\">Jumelage du programme de ABLE2 Mark et Daniel : 580 CFRA Ottawa Matin de Travail avec Patricia Boal \u2013 28 mai 2025<\/a><\/strong><\/li>\n\n\n\n<li><a href=\"https:\/\/medium.com\/@talkinwithtrudeau\/interviewing-steph-markowski-of-the-pwhls-ottawa-charge-c4a09fa8a07d\"><strong>Entretien avec Steph Markowski de l&rsquo;\u00e9quipe Ottawa Charge de la PWHL sur Medium &#8211; 25 avril 2025<\/strong><\/a><\/li>\n\n\n\n<li><strong><a href=\"https:\/\/youtu.be\/eg1Z6vYz5qo\">Pr\u00e9sidente de l&rsquo;\u00e9v\u00e9nement EiTM Danielle Demark et Will Wells de The Artery Community Roasters sur CTV Morning Live &#8211; 10 avril 2025<\/a><\/strong><\/li>\n\n\n\n<li><a href=\"https:\/\/www.able2.org\/wp-content\/uploads\/2025\/05\/Newstalk-CFRA-Interview-Danielle-Demark-April-9.m4a\" target=\"_blank\" rel=\"noreferrer noopener\"><strong><strong>Pr\u00e9sidente de l&rsquo;\u00e9v\u00e9nement EiTM Danielle Demark sur 580 CFRA Newstalk &#8211; 9 avril 2025<\/strong><\/strong><\/a><\/li>\n\n\n\n<li><strong><a href=\"https:\/\/obj.ca\/op-ed-the-state-of-dei-and-why-we-must-stand-firm\/\">Article d\u2019opinion \u00ab L\u2019\u00e9tat du DEI et pourquoi nous devons rester fermes \u00bb par Heather Lacey : Ottawa Business Journal \u2013 21 f\u00e9vrier 2025<\/a><\/strong><\/li>\n\n\n\n<li><strong><a href=\"https:\/\/www.rogerstv.com\/ottawa\/show\/an-hour-to-give?video=0b41275f-4c95-44f4-b536-7538cc7a0a82\">ABLE2 sur An Hour To Give : Rogers TV \u2013 8 f\u00e9vrier 2025<\/a><\/strong><\/li>\n\n\n\n<li><strong><a href=\"https:\/\/obj.ca\/blachford-tax-law-charity-game-help-able2-ysb\/\">Le Blachford Tax Charity Game se l\u00e8ve pour aider ABLE2, YSB : Ottawa Business Journal \u2013 22 ao\u00fbt 2024<\/a><\/strong><\/li>\n\n\n\n<li><strong><a href=\"https:\/\/ottawa.ctvnews.ca\/ottawa-man-using-walker-gets-accessible-entrance-installed-in-his-apartment-building-1.6969336?__vfz=medium%3Dsharebar\">Un homme d\u2019Ottawa uti<\/a><a href=\"https:\/\/www.ctvnews.ca\/ottawa\/article\/ottawa-man-using-walker-gets-accessible-entrance-installed-in-his-apartment-building\/\">lisant un d\u00e9ambulateur fait installer une entr\u00e9e accessible dans son immeuble : CTV News \u2013 18 juillet 2024<\/a><\/strong><\/li>\n\n\n\n<li><strong><a href=\"https:\/\/obj.ca\/maritimes-reels-in-big-crowd-raises-375k-plus-for-able2\/#:~:text=Last%20night%E2%80%99s%20Evening%20in%20the%20Maritimes%20bid%20fair%20winds%20and\">Une soir\u00e9e dans les Maritimes rassemble une foule nombreuse et permet de r\u00e9colter plus de 375 000 $ pour ABLE2&nbsp;: Ottawa Business Journal \u2013 2 mai 2024<\/a><\/strong><\/li>\n\n\n\n<li><strong><a href=\"https:\/\/ottawacitizen.com\/sponsored\/social-scene\/social-scene-community-builders-evening-in-the-maritimes-3\">Sc\u00e8ne sociale | B\u00e2tisseurs communautaires : Soir\u00e9e dans les Maritimes : Ottawa Citizen \u2013 6 mai 2024<\/a><\/strong><\/li>\n\n\n\n<li><a href=\"https:\/\/www.ottawalife.com\/article\/an-evening-in-the-maritimes-the-biggest-and-fanciest-kitchen-party-in-support-of-able2\/\"><strong>\u00ab\u00a0Une soir\u00e9e dans les Maritimes : La plus grande et la plus \u00e9l\u00e9gante f\u00eate de cuisine en soutien \u00e0 ABLE2.\u00a0\u00bb &#8211; Ottawa Life Magazine, 18 mars 2024<\/strong><\/a><\/li>\n\n\n\n<li><strong><a href=\"https:\/\/youtu.be\/R8ChBkqOiHQ?si=TjDVKDOeLGxvvX3v\">D\u00e9claration de la s\u00e9natrice Petitclerc \u00e0 l&rsquo;occasion de la Journ\u00e9e internationale des personnes handicap\u00e9es dans la salle du S\u00e9nat, \u00e0 Ottawa \u2013 le 30 novembre 2023<\/a><\/strong><\/li>\n\n\n\n<li><strong><a href=\"https:\/\/obj.ca\/reach-canada-recognized-for-42-years-and-joins-able2\/\">Reach Canada reconnu pour ses 42 ann\u00e9es d&rsquo;aide aux personnes handicap\u00e9es gr\u00e2ce \u00e0 un service juridique gratuit rejoint ABLE2 : Ottawa Business Journal \u2013 29 septembre 2023<\/a><\/strong><\/li>\n\n\n\n<li><strong><a href=\"https:\/\/ottawacitizen.com\/sponsored\/social-scene\/social-scene-community-builders-evening-in-the-maritimes-2\">Sc\u00e8ne sociale | B\u00e2tisseurs communautaires : Soir\u00e9e dans les Maritimes : Ottawa Citizen \u2013 15 mai 2023<\/a><\/strong><\/li>\n\n\n\n<li><strong><a href=\"https:\/\/obj.ca\/jim-kyte-shines-in-evening-in-the-maritimes-role\/\">Le leader communautaire et d\u00e9fenseur Jim Kyte brille dans son r\u00f4le de Soir\u00e9e dans les Maritimes : Ottawa Business Journal \u2013 12 mai 2023<\/a><\/strong><\/li>\n\n\n\n<li><a href=\"https:\/\/www.thewhig.com\/news\/local-news\/we-want-families-to-be-able-to-continue-living-with-their-children-safely?fbclid=IwAR3fUeIII2OGGy_Vlp5N14mwhpcbCBCcHlx4cx4iip6WrZ6K4fMntnxdoLE\"><strong>\u201cNous voulons que les familles puissent continuer \u00e0 vivre en toute s\u00e9curit\u00e9 avec leurs enfants.\u201d &#8211; Kingston Whig Standard, 23 novembre 2022<\/strong><\/a><\/li>\n\n\n\n<li><a href=\"https:\/\/ottawa.ctvnews.ca\/video\/c2518666-able-2-charity\"><strong>Rosey Edeh, animatrice de CTV Morning Live, s&rsquo;entretient avec la directrice g\u00e9n\u00e9rale d&rsquo;ABLE2, Heather Lacey, pour discuter de la fa\u00e7on dont vous pouvez aider les personnes handicap\u00e9es : CTV Morning Live \u2013 12 septembre 2022<\/strong><\/a><\/li>\n\n\n\n<li><strong><a href=\"https:\/\/kitchissippi.com\/2022\/08\/05\/the-good-recipe-behind-able2-and-whats-ahead-this-season\/\">La \u00ab bonne recette \u00bb derri\u00e8re ABLE2 et ce qui nous attend cette saison : Kitchissippi Times \u2013 5 ao\u00fbt 2022<\/a><\/strong><\/li>\n\n\n\n<li><strong><a href=\"https:\/\/ottawa.ctvnews.ca\/video?clipId=2431209\">Soir\u00e9e dans les Maritimes : CTV News Ottawa \u2013 28 avril 2022<\/a><\/strong><\/li>\n\n\n\n<li><strong><a href=\"https:\/\/ottawacitizen.com\/sponsored\/social-scene\/social-scene-community-builders-evening-in-the-maritimes\">Sc\u00e8ne sociale | B\u00e2tisseurs communautaires : Soir\u00e9e dans les Maritimes : Ottawa Citizen \u2013 24 mai 2022<\/a><\/strong><\/li>\n\n\n\n<li><strong><a href=\"https:\/\/youtu.be\/dJ2Ag20pmiI?si=FD1ze7mtchGk5owG\">Rob Meredith, b\u00e9n\u00e9vole et d\u00e9fenseur d&rsquo;ABLE2, parle du programme de jumelage et de la Fin de semaine des courses d&rsquo;Ottawa : AMI Accessible Media Inc. \u2013 6 avril 2021<\/a><\/strong><\/li>\n\n\n\n<li><strong><a href=\"https:\/\/ottawacitizen.com\/news\/local-news\/students-with-fetal-alcohol-need-unique-tailored-supports-say-parents?\">Les \u00e9l\u00e8ves atteints de l\u2019ETCAF ont besoin de soutiens uniques et personnalis\u00e9s, disent les parents : Ottawa Citizen \u2013 27 f\u00e9vrier 2020<\/a><\/strong><\/li>\n\n\n\n<li><strong><a href=\"https:\/\/youtu.be\/oZGOWZqLggk?si=K3tzutinUtjJms3L\">Documentaire Changer des vies : AMI Accessible Media Inc. \u2013 26 juillet 2019<\/a><\/strong><\/li>\n<\/ul>\n\n\n\n<div style=\"height:20px\" aria-hidden=\"true\" class=\"wp-block-spacer\"><\/div>\n\n\n\n<h3 class=\"wp-block-heading\"><strong><span style=\"color: #00b9c6;\" class=\"has-inline-color\">Communiqu\u00e9s de presse<\/span><\/strong><\/h3>\n\n\n\n<p>[Disponible uniquement en Anglais] &nbsp;<\/p>\n\n\n\n<ul>\n<li><strong><a href=\"https:\/\/www.able2.org\/wp-content\/uploads\/2025\/06\/OTF-Grow-Grant-ABLE2-Media-Release-Final-June-11.pdf\">ABLE2 va \u00e9tendre le programme Matching Connect gr\u00e2ce \u00e0 une subvention de 347 800 $ du Fonds Trillium de l&rsquo;Ontario du gouvernement de l&rsquo;Ontario &#8211; 11 juin 2025<\/a><\/strong><\/li>\n\n\n\n<li><a href=\"https:\/\/www.able2.org\/wp-content\/uploads\/2025\/05\/EiTM25-Media-Release-May-30-2025.pdf\"><strong>Soir\u00e9e dans les Maritimes r\u00e9colte 300 000 $ pour ABLE2<\/strong> &#8211; <strong>30 mai 2025<\/strong><\/a><\/li>\n\n\n\n<li><a href=\"https:\/\/www.able2.org\/wp-content\/uploads\/2025\/05\/ABLE2-Hydro-One-Grant-Media-Release-April-2025.pdf\"><strong>ABLE2 r\u00e9fl\u00e9chit \u00e0 l&rsquo;impact d&rsquo;une subvention de 25 000 $ du Fonds communautaire Energizing Life de Hydro One &#8211; 14 avril 2025<\/strong><\/a><\/li>\n\n\n\n<li><a href=\"https:\/\/www.able2.org\/wp-content\/uploads\/2025\/05\/ABLE2-Proclamation-Day-Media-Release-Dec-4-2024.pdf\"><strong>Le maire Sutcliffe pr\u00e9sente la Journ\u00e9e de la Proclamation pour ABLE2 : Soutien aux personnes handicap\u00e9es pour son 50e anniversaire &#8211; 4 d\u00e9cembre 2024<\/strong><\/a><\/li>\n\n\n\n<li><strong><a href=\"https:\/\/www.able2.org\/wp-content\/uploads\/2024\/06\/ABLE2-OTF-Grant-Media-Release-June-12-2024.pdf\">La subvention de la Fondation Trillium de l&rsquo;Ontario soutient les employ\u00e9s handicap\u00e9s d&rsquo;ABLE2 &#8211; 12 juin 2024<\/a><\/strong><\/li>\n\n\n\n<li><strong><a href=\"https:\/\/www.able2.org\/wp-content\/uploads\/2024\/05\/EiTM-Wrap-up-Media-Release-FINAL.pdf\">R\u00e9capitulatif de l&rsquo;SdlM24 &#8211; 3 mai 2024<\/a><\/strong><\/li>\n\n\n\n<li><strong><a href=\"https:\/\/www.able2.org\/wp-content\/uploads\/2023\/09\/Reach-Beyond-Impacting-the-Future-media-release-20-Sept.docx.pdf\">Aller au-del\u00e0&nbsp;: impacter l&rsquo;avenir &#8211; 25&nbsp;septembre&nbsp;2023<\/a><\/strong><\/li>\n\n\n\n<li><strong><a href=\"https:\/\/www.able2.org\/wp-content\/uploads\/2023\/09\/23-ABLE2-FASD-September-Awareness-Month-Media-Advisory-7-September.docx.pdf\">Sensibilisation \u00e0 l&rsquo;TSAF et marche sur l&rsquo;TSAF &#8211; 25 septembre 2023<\/a><\/strong><\/li>\n\n\n\n<li><strong><a href=\"https:\/\/www.able2.org\/wp-content\/uploads\/2023\/02\/2023ABLE2ReachMediaRelease.pdf\">Reach Canada merger with ABLE2 Media Release &#8211; February 21, 2023<\/a><\/strong><\/li>\n\n\n\n<li><strong><a href=\"https:\/\/www.able2.org\/wp-content\/uploads\/2022\/09\/Resilient-Communities-Fund-Supports-ABLE2.pdf\">Ontario Trillium Foundation&rsquo;s Resilient Communities Grant Support Media Release &#8211; September 29, 2022<\/a><\/strong><\/li>\n\n\n\n<li><strong><a href=\"https:\/\/www.able2.org\/wp-content\/uploads\/2022\/02\/Media-Release-ABLE2-OTF-Final-2.pdf\">Disponible uniquement en Anglais Media Release &#8211; February 23, 2022<\/a><\/strong><\/li>\n\n\n\n<li><strong><a href=\"https:\/\/www.able2.org\/wp-content\/uploads\/2022\/02\/Media-Release-ABLE2-OTF-Final-2.pdf\">Resilient Communities Fund Grant Support Media Release &#8211; February 23, 2022<\/a><\/strong><\/li>\n<\/ul>\n\n\n\n<div style=\"height:50px\" aria-hidden=\"true\" class=\"wp-block-spacer\"><\/div>\n\n\n    <section class=\"container sm:flex\">\n                                <article class=\"card sm:w-1\/3\">\n                <a href=\"https:\/\/www.able2.org\/fr\/faites-un-don\/\" class=\"block h-full\">\n                    <h2 class=\"card__title\">Ayez un impact durable en devenant un donateur mensuel \u2063\u2063<\/h2>\n                    <div class=\"card__img-container\">\n                        <img decoding=\"async\" src=\"https:\/\/www.able2.org\/wp-content\/uploads\/2024\/04\/2About-OurHistory-Bucket-MonthlyDonor-300x174.png\" srcset=\"https:\/\/www.able2.org\/wp-content\/uploads\/2024\/04\/2About-OurHistory-Bucket-MonthlyDonor-300x174.png 300w, https:\/\/www.able2.org\/wp-content\/uploads\/2024\/04\/2About-OurHistory-Bucket-MonthlyDonor-1024x594.png 1024w, https:\/\/www.able2.org\/wp-content\/uploads\/2024\/04\/2About-OurHistory-Bucket-MonthlyDonor-768x446.png 768w, https:\/\/www.able2.org\/wp-content\/uploads\/2024\/04\/2About-OurHistory-Bucket-MonthlyDonor.png 1329w\" sizes=\"(max-width: 640px) 100vw, 640px\" alt=\"\" class=\"card__img\">\n                    <\/div>\n                    <p class=\"card__text\">Votre don aide les personnes\u00a0 vivant avec un handicap \u00e0 acqu\u00e9rir de nouvelles<\/p>\n                <\/a>\n            <\/article>\n                                            <article class=\"card card--yellow sm:w-1\/3\">\n                <a href=\"https:\/\/www.able2.org\/fr\/nos-histoires\/\" class=\"block h-full\">\n                    <h2 class=\"card__title\">Apprenez en plus sur comment votre contribution permet de changer des vies<\/h2>\n                    <div class=\"card__img-container\">\n                        <img decoding=\"async\" src=\"https:\/\/www.able2.org\/wp-content\/uploads\/2024\/04\/1About-Bucket-History-300x174.png\" srcset=\"https:\/\/www.able2.org\/wp-content\/uploads\/2024\/04\/1About-Bucket-History-300x174.png 300w, https:\/\/www.able2.org\/wp-content\/uploads\/2024\/04\/1About-Bucket-History-1024x594.png 1024w, https:\/\/www.able2.org\/wp-content\/uploads\/2024\/04\/1About-Bucket-History-768x446.png 768w, https:\/\/www.able2.org\/wp-content\/uploads\/2024\/04\/1About-Bucket-History.png 1329w\" sizes=\"(max-width: 640px) 100vw, 640px\" alt=\"\" class=\"card__img\">\n                    <\/div>\n                    <p class=\"card__text\">Apprenez-en plus sur les histoires des utilisateurs de\u00a0 programmes, des b\u00e9n\u00e9voles et des d\u00e9fenseurs du milieu\u00a0communautaire.<\/p>\n                <\/a>\n            <\/article>\n                                            <article class=\"card sm:w-1\/3\">\n                <a href=\"https:\/\/www.able2.org\/fr\/faire-du-benevolat-avec-able2\/\" class=\"block h-full\">\n                    <h2 class=\"card__title\">B\u00e9n\u00e9vole\u2063<\/h2>\n                    <div class=\"card__img-container\">\n                        <img decoding=\"async\" src=\"https:\/\/www.able2.org\/wp-content\/uploads\/2024\/05\/DonateBucket-May2024-300x174.jpg\" srcset=\"https:\/\/www.able2.org\/wp-content\/uploads\/2024\/05\/DonateBucket-May2024-300x174.jpg 300w, https:\/\/www.able2.org\/wp-content\/uploads\/2024\/05\/DonateBucket-May2024-1024x594.jpg 1024w, https:\/\/www.able2.org\/wp-content\/uploads\/2024\/05\/DonateBucket-May2024-768x446.jpg 768w, https:\/\/www.able2.org\/wp-content\/uploads\/2024\/05\/DonateBucket-May2024.jpg 1329w\" sizes=\"(max-width: 640px) 100vw, 640px\" alt=\"\" class=\"card__img\">\n                    <\/div>\n                    <p class=\"card__text\">Lorsque vous faites du\u00a0b\u00e9n\u00e9volat, vous contribuez \u00e0\u00a0r\u00e9duire la solitude et\u00a0l\u2019isolement social v\u00e9cus par\u00a0de nombreuses personnes<\/p>\n                <\/a>\n            <\/article>\n                        <\/section>\n","protected":false},"excerpt":{"rendered":"<p>Pour les demandes des m\u00e9dias, veuillez contacter Responsable des communications Emelou Porquez \u00e0 l\u2019adresse eporquez@able2.org [Disponible uniquement en Anglais] &nbsp; Communiqu\u00e9s de presse [Disponible uniquement en Anglais] &nbsp;<\/p>\n","protected":false},"author":3,"featured_media":0,"parent":3821,"menu_order":2,"comment_status":"closed","ping_status":"closed","template":"page-templates\/page-no_sidebar.php","meta":{"_acf_changed":false,"footnotes":""},"acf":[],"yoast_head":"<!-- This site is optimized with the Yoast SEO plugin v22.8 - https:\/\/yoast.com\/wordpress\/plugins\/seo\/ -->\n<title>Dans les m\u00e9dias | ABLE2<\/title>\n<meta name=\"robots\" content=\"index, follow, max-snippet:-1, max-image-preview:large, max-video-preview:-1\" \/>\n<link rel=\"canonical\" href=\"https:\/\/www.able2.org\/fr\/a-propos-de-nous\/dans-les-medias\/\" \/>\n<meta property=\"og:locale\" content=\"fr_FR\" \/>\n<meta property=\"og:type\" content=\"article\" \/>\n<meta property=\"og:title\" content=\"Dans les m\u00e9dias | ABLE2\" \/>\n<meta property=\"og:description\" content=\"Pour les demandes des m\u00e9dias, veuillez contacter Responsable des communications Emelou Porquez \u00e0 l\u2019adresse eporquez@able2.org [Disponible uniquement en Anglais] &nbsp; Communiqu\u00e9s de presse [Disponible uniquement en Anglais] &nbsp;\" \/>\n<meta property=\"og:url\" content=\"https:\/\/www.able2.org\/fr\/a-propos-de-nous\/dans-les-medias\/\" \/>\n<meta property=\"og:site_name\" content=\"ABLE2\" \/>\n<meta property=\"article:modified_time\" content=\"2026-02-25T15:33:57+00:00\" \/>\n<meta name=\"twitter:card\" content=\"summary_large_image\" \/>\n<meta name=\"twitter:label1\" content=\"Dur\u00e9e de lecture estim\u00e9e\" \/>\n\t<meta name=\"twitter:data1\" content=\"4 minutes\" \/>\n<script type=\"application\/ld+json\" class=\"yoast-schema-graph\">{\"@context\":\"https:\/\/schema.org\",\"@graph\":[{\"@type\":\"WebPage\",\"@id\":\"https:\/\/www.able2.org\/fr\/a-propos-de-nous\/dans-les-medias\/\",\"url\":\"https:\/\/www.able2.org\/fr\/a-propos-de-nous\/dans-les-medias\/\",\"name\":\"Dans les m\u00e9dias | ABLE2\",\"isPartOf\":{\"@id\":\"https:\/\/www.able2.org\/#website\"},\"datePublished\":\"2022-02-24T21:48:40+00:00\",\"dateModified\":\"2026-02-25T15:33:57+00:00\",\"breadcrumb\":{\"@id\":\"https:\/\/www.able2.org\/fr\/a-propos-de-nous\/dans-les-medias\/#breadcrumb\"},\"inLanguage\":\"fr-FR\",\"potentialAction\":[{\"@type\":\"ReadAction\",\"target\":[\"https:\/\/www.able2.org\/fr\/a-propos-de-nous\/dans-les-medias\/\"]}]},{\"@type\":\"BreadcrumbList\",\"@id\":\"https:\/\/www.able2.org\/fr\/a-propos-de-nous\/dans-les-medias\/#breadcrumb\",\"itemListElement\":[{\"@type\":\"ListItem\",\"position\":1,\"name\":\"Home\",\"item\":\"https:\/\/www.able2.org\/fr\/accueil\/\"},{\"@type\":\"ListItem\",\"position\":2,\"name\":\"\u00c0 propos de nous\",\"item\":\"https:\/\/www.able2.org\/fr\/a-propos-de-nous\/\"},{\"@type\":\"ListItem\",\"position\":3,\"name\":\"Dans les m\u00e9dias\"}]},{\"@type\":\"WebSite\",\"@id\":\"https:\/\/www.able2.org\/#website\",\"url\":\"https:\/\/www.able2.org\/\",\"name\":\"ABLE2\",\"description\":\"\",\"publisher\":{\"@id\":\"https:\/\/www.able2.org\/#organization\"},\"potentialAction\":[{\"@type\":\"SearchAction\",\"target\":{\"@type\":\"EntryPoint\",\"urlTemplate\":\"https:\/\/www.able2.org\/?s={search_term_string}\"},\"query-input\":\"required name=search_term_string\"}],\"inLanguage\":\"fr-FR\"},{\"@type\":\"Organization\",\"@id\":\"https:\/\/www.able2.org\/#organization\",\"name\":\"ABLE2\",\"url\":\"https:\/\/www.able2.org\/\",\"logo\":{\"@type\":\"ImageObject\",\"inLanguage\":\"fr-FR\",\"@id\":\"https:\/\/www.able2.org\/#\/schema\/logo\/image\/\",\"url\":\"https:\/\/www.able2.org\/wp-content\/uploads\/2020\/05\/logo.png\",\"contentUrl\":\"https:\/\/www.able2.org\/wp-content\/uploads\/2020\/05\/logo.png\",\"width\":528,\"height\":137,\"caption\":\"ABLE2\"},\"image\":{\"@id\":\"https:\/\/www.able2.org\/#\/schema\/logo\/image\/\"}}]}<\/script>\n<!-- \/ Yoast SEO plugin. -->","yoast_head_json":{"title":"Dans les m\u00e9dias | ABLE2","robots":{"index":"index","follow":"follow","max-snippet":"max-snippet:-1","max-image-preview":"max-image-preview:large","max-video-preview":"max-video-preview:-1"},"canonical":"https:\/\/www.able2.org\/fr\/a-propos-de-nous\/dans-les-medias\/","og_locale":"fr_FR","og_type":"article","og_title":"Dans les m\u00e9dias | ABLE2","og_description":"Pour les demandes des m\u00e9dias, veuillez contacter Responsable des communications Emelou Porquez \u00e0 l\u2019adresse eporquez@able2.org [Disponible uniquement en Anglais] &nbsp; Communiqu\u00e9s de presse [Disponible uniquement en Anglais] &nbsp;","og_url":"https:\/\/www.able2.org\/fr\/a-propos-de-nous\/dans-les-medias\/","og_site_name":"ABLE2","article_modified_time":"2026-02-25T15:33:57+00:00","twitter_card":"summary_large_image","twitter_misc":{"Dur\u00e9e de lecture estim\u00e9e":"4 minutes"},"schema":{"@context":"https:\/\/schema.org","@graph":[{"@type":"WebPage","@id":"https:\/\/www.able2.org\/fr\/a-propos-de-nous\/dans-les-medias\/","url":"https:\/\/www.able2.org\/fr\/a-propos-de-nous\/dans-les-medias\/","name":"Dans les m\u00e9dias | ABLE2","isPartOf":{"@id":"https:\/\/www.able2.org\/#website"},"datePublished":"2022-02-24T21:48:40+00:00","dateModified":"2026-02-25T15:33:57+00:00","breadcrumb":{"@id":"https:\/\/www.able2.org\/fr\/a-propos-de-nous\/dans-les-medias\/#breadcrumb"},"inLanguage":"fr-FR","potentialAction":[{"@type":"ReadAction","target":["https:\/\/www.able2.org\/fr\/a-propos-de-nous\/dans-les-medias\/"]}]},{"@type":"BreadcrumbList","@id":"https:\/\/www.able2.org\/fr\/a-propos-de-nous\/dans-les-medias\/#breadcrumb","itemListElement":[{"@type":"ListItem","position":1,"name":"Home","item":"https:\/\/www.able2.org\/fr\/accueil\/"},{"@type":"ListItem","position":2,"name":"\u00c0 propos de nous","item":"https:\/\/www.able2.org\/fr\/a-propos-de-nous\/"},{"@type":"ListItem","position":3,"name":"Dans les m\u00e9dias"}]},{"@type":"WebSite","@id":"https:\/\/www.able2.org\/#website","url":"https:\/\/www.able2.org\/","name":"ABLE2","description":"","publisher":{"@id":"https:\/\/www.able2.org\/#organization"},"potentialAction":[{"@type":"SearchAction","target":{"@type":"EntryPoint","urlTemplate":"https:\/\/www.able2.org\/?s={search_term_string}"},"query-input":"required name=search_term_string"}],"inLanguage":"fr-FR"},{"@type":"Organization","@id":"https:\/\/www.able2.org\/#organization","name":"ABLE2","url":"https:\/\/www.able2.org\/","logo":{"@type":"ImageObject","inLanguage":"fr-FR","@id":"https:\/\/www.able2.org\/#\/schema\/logo\/image\/","url":"https:\/\/www.able2.org\/wp-content\/uploads\/2020\/05\/logo.png","contentUrl":"https:\/\/www.able2.org\/wp-content\/uploads\/2020\/05\/logo.png","width":528,"height":137,"caption":"ABLE2"},"image":{"@id":"https:\/\/www.able2.org\/#\/schema\/logo\/image\/"}}]}},"_links":{"self":[{"href":"https:\/\/www.able2.org\/fr\/wp-json\/wp\/v2\/pages\/5941"}],"collection":[{"href":"https:\/\/www.able2.org\/fr\/wp-json\/wp\/v2\/pages"}],"about":[{"href":"https:\/\/www.able2.org\/fr\/wp-json\/wp\/v2\/types\/page"}],"author":[{"embeddable":true,"href":"https:\/\/www.able2.org\/fr\/wp-json\/wp\/v2\/users\/3"}],"replies":[{"embeddable":true,"href":"https:\/\/www.able2.org\/fr\/wp-json\/wp\/v2\/comments?post=5941"}],"version-history":[{"count":67,"href":"https:\/\/www.able2.org\/fr\/wp-json\/wp\/v2\/pages\/5941\/revisions"}],"predecessor-version":[{"id":23403,"href":"https:\/\/www.able2.org\/fr\/wp-json\/wp\/v2\/pages\/5941\/revisions\/23403"}],"up":[{"embeddable":true,"href":"https:\/\/www.able2.org\/fr\/wp-json\/wp\/v2\/pages\/3821"}],"wp:attachment":[{"href":"https:\/\/www.able2.org\/fr\/wp-json\/wp\/v2\/media?parent=5941"}],"curies":[{"name":"wp","href":"https:\/\/api.w.org\/{rel}","templated":true}]}}