{"id":49,"date":"2020-05-08T10:36:56","date_gmt":"2020-05-08T14:36:56","guid":{"rendered":"https:\/\/www.able2.org\/accueil\/"},"modified":"2026-03-23T13:24:30","modified_gmt":"2026-03-23T17:24:30","slug":"accueil","status":"publish","type":"page","link":"https:\/\/www.able2.org\/fr\/","title":{"rendered":"Accueil"},"content":{"rendered":"","protected":false},"excerpt":{"rendered":"","protected":false},"author":1,"featured_media":0,"parent":0,"menu_order":0,"comment_status":"closed","ping_status":"closed","template":"page-templates\/home.php","meta":{"_acf_changed":false,"footnotes":""},"acf":[],"yoast_head":"<!-- This site is optimized with the Yoast SEO plugin v22.8 - https:\/\/yoast.com\/wordpress\/plugins\/seo\/ -->\n<title>ABLE2 | Aptitudes Bienveillance Libert\u00e9 Engag\u00e9<\/title>\n<meta name=\"description\" content=\"Disability : Programmes de soutien \u00e0 Ottawa pour am\u00e9liorer la vie des individus et de leurs familles et permettre une plus grande participation communautaire\" \/>\n<meta name=\"robots\" content=\"index, follow, max-snippet:-1, max-image-preview:large, max-video-preview:-1\" \/>\n<link rel=\"canonical\" href=\"https:\/\/www.able2.org\/fr\/accueil\/\" \/>\n<meta property=\"og:locale\" content=\"fr_FR\" \/>\n<meta property=\"og:type\" content=\"article\" \/>\n<meta property=\"og:title\" content=\"ABLE2 | Aptitudes Bienveillance Libert\u00e9 Engag\u00e9\" \/>\n<meta property=\"og:description\" content=\"Disability : Programmes de soutien \u00e0 Ottawa pour am\u00e9liorer la vie des individus et de leurs familles et permettre une plus grande participation communautaire\" \/>\n<meta property=\"og:url\" content=\"https:\/\/www.able2.org\/fr\/accueil\/\" \/>\n<meta property=\"og:site_name\" content=\"ABLE2\" \/>\n<meta property=\"article:modified_time\" content=\"2026-03-23T17:24:30+00:00\" \/>\n<meta name=\"twitter:card\" content=\"summary_large_image\" \/>\n<script type=\"application\/ld+json\" class=\"yoast-schema-graph\">{\"@context\":\"https:\/\/schema.org\",\"@graph\":[{\"@type\":\"WebPage\",\"@id\":\"https:\/\/www.able2.org\/fr\/accueil\/\",\"url\":\"https:\/\/www.able2.org\/fr\/accueil\/\",\"name\":\"ABLE2 | Aptitudes Bienveillance Libert\u00e9 Engag\u00e9\",\"isPartOf\":{\"@id\":\"https:\/\/www.able2.org\/#website\"},\"datePublished\":\"2020-05-08T14:36:56+00:00\",\"dateModified\":\"2026-03-23T17:24:30+00:00\",\"description\":\"Disability : Programmes de soutien \u00e0 Ottawa pour am\u00e9liorer la vie des individus et de leurs familles et permettre une plus grande participation communautaire\",\"breadcrumb\":{\"@id\":\"https:\/\/www.able2.org\/fr\/accueil\/#breadcrumb\"},\"inLanguage\":\"fr-FR\",\"potentialAction\":[{\"@type\":\"ReadAction\",\"target\":[\"https:\/\/www.able2.org\/fr\/accueil\/\"]}]},{\"@type\":\"BreadcrumbList\",\"@id\":\"https:\/\/www.able2.org\/fr\/accueil\/#breadcrumb\",\"itemListElement\":[{\"@type\":\"ListItem\",\"position\":1,\"name\":\"Home\",\"item\":\"https:\/\/www.able2.org\/fr\/accueil\/\"},{\"@type\":\"ListItem\",\"position\":2,\"name\":\"Accueil\"}]},{\"@type\":\"WebSite\",\"@id\":\"https:\/\/www.able2.org\/#website\",\"url\":\"https:\/\/www.able2.org\/\",\"name\":\"ABLE2\",\"description\":\"\",\"publisher\":{\"@id\":\"https:\/\/www.able2.org\/#organization\"},\"potentialAction\":[{\"@type\":\"SearchAction\",\"target\":{\"@type\":\"EntryPoint\",\"urlTemplate\":\"https:\/\/www.able2.org\/?s={search_term_string}\"},\"query-input\":\"required name=search_term_string\"}],\"inLanguage\":\"fr-FR\"},{\"@type\":\"Organization\",\"@id\":\"https:\/\/www.able2.org\/#organization\",\"name\":\"ABLE2\",\"url\":\"https:\/\/www.able2.org\/\",\"logo\":{\"@type\":\"ImageObject\",\"inLanguage\":\"fr-FR\",\"@id\":\"https:\/\/www.able2.org\/#\/schema\/logo\/image\/\",\"url\":\"https:\/\/www.able2.org\/wp-content\/uploads\/2020\/05\/logo.png\",\"contentUrl\":\"https:\/\/www.able2.org\/wp-content\/uploads\/2020\/05\/logo.png\",\"width\":528,\"height\":137,\"caption\":\"ABLE2\"},\"image\":{\"@id\":\"https:\/\/www.able2.org\/#\/schema\/logo\/image\/\"}}]}<\/script>\n<!-- \/ Yoast SEO plugin. -->","yoast_head_json":{"title":"ABLE2 | Aptitudes Bienveillance Libert\u00e9 Engag\u00e9","description":"Disability : Programmes de soutien \u00e0 Ottawa pour am\u00e9liorer la vie des individus et de leurs familles et permettre une plus grande participation communautaire","robots":{"index":"index","follow":"follow","max-snippet":"max-snippet:-1","max-image-preview":"max-image-preview:large","max-video-preview":"max-video-preview:-1"},"canonical":"https:\/\/www.able2.org\/fr\/accueil\/","og_locale":"fr_FR","og_type":"article","og_title":"ABLE2 | Aptitudes Bienveillance Libert\u00e9 Engag\u00e9","og_description":"Disability : Programmes de soutien \u00e0 Ottawa pour am\u00e9liorer la vie des individus et de leurs familles et permettre une plus grande participation communautaire","og_url":"https:\/\/www.able2.org\/fr\/accueil\/","og_site_name":"ABLE2","article_modified_time":"2026-03-23T17:24:30+00:00","twitter_card":"summary_large_image","schema":{"@context":"https:\/\/schema.org","@graph":[{"@type":"WebPage","@id":"https:\/\/www.able2.org\/fr\/accueil\/","url":"https:\/\/www.able2.org\/fr\/accueil\/","name":"ABLE2 | Aptitudes Bienveillance Libert\u00e9 Engag\u00e9","isPartOf":{"@id":"https:\/\/www.able2.org\/#website"},"datePublished":"2020-05-08T14:36:56+00:00","dateModified":"2026-03-23T17:24:30+00:00","description":"Disability : Programmes de soutien \u00e0 Ottawa pour am\u00e9liorer la vie des individus et de leurs familles et permettre une plus grande participation communautaire","breadcrumb":{"@id":"https:\/\/www.able2.org\/fr\/accueil\/#breadcrumb"},"inLanguage":"fr-FR","potentialAction":[{"@type":"ReadAction","target":["https:\/\/www.able2.org\/fr\/accueil\/"]}]},{"@type":"BreadcrumbList","@id":"https:\/\/www.able2.org\/fr\/accueil\/#breadcrumb","itemListElement":[{"@type":"ListItem","position":1,"name":"Home","item":"https:\/\/www.able2.org\/fr\/accueil\/"},{"@type":"ListItem","position":2,"name":"Accueil"}]},{"@type":"WebSite","@id":"https:\/\/www.able2.org\/#website","url":"https:\/\/www.able2.org\/","name":"ABLE2","description":"","publisher":{"@id":"https:\/\/www.able2.org\/#organization"},"potentialAction":[{"@type":"SearchAction","target":{"@type":"EntryPoint","urlTemplate":"https:\/\/www.able2.org\/?s={search_term_string}"},"query-input":"required name=search_term_string"}],"inLanguage":"fr-FR"},{"@type":"Organization","@id":"https:\/\/www.able2.org\/#organization","name":"ABLE2","url":"https:\/\/www.able2.org\/","logo":{"@type":"ImageObject","inLanguage":"fr-FR","@id":"https:\/\/www.able2.org\/#\/schema\/logo\/image\/","url":"https:\/\/www.able2.org\/wp-content\/uploads\/2020\/05\/logo.png","contentUrl":"https:\/\/www.able2.org\/wp-content\/uploads\/2020\/05\/logo.png","width":528,"height":137,"caption":"ABLE2"},"image":{"@id":"https:\/\/www.able2.org\/#\/schema\/logo\/image\/"}}]}},"_links":{"self":[{"href":"https:\/\/www.able2.org\/fr\/wp-json\/wp\/v2\/pages\/49"}],"collection":[{"href":"https:\/\/www.able2.org\/fr\/wp-json\/wp\/v2\/pages"}],"about":[{"href":"https:\/\/www.able2.org\/fr\/wp-json\/wp\/v2\/types\/page"}],"author":[{"embeddable":true,"href":"https:\/\/www.able2.org\/fr\/wp-json\/wp\/v2\/users\/1"}],"replies":[{"embeddable":true,"href":"https:\/\/www.able2.org\/fr\/wp-json\/wp\/v2\/comments?post=49"}],"version-history":[{"count":127,"href":"https:\/\/www.able2.org\/fr\/wp-json\/wp\/v2\/pages\/49\/revisions"}],"predecessor-version":[{"id":23578,"href":"https:\/\/www.able2.org\/fr\/wp-json\/wp\/v2\/pages\/49\/revisions\/23578"}],"wp:attachment":[{"href":"https:\/\/www.able2.org\/fr\/wp-json\/wp\/v2\/media?parent=49"}],"curies":[{"name":"wp","href":"https:\/\/api.w.org\/{rel}","templated":true}]}}