{"id":279,"date":"2020-05-26T12:30:43","date_gmt":"2020-05-26T16:30:43","guid":{"rendered":"https:\/\/www.able2.org\/?page_id=279"},"modified":"2020-08-13T08:42:57","modified_gmt":"2020-08-13T12:42:57","slug":"politique-de-confidentialite","status":"publish","type":"page","link":"https:\/\/www.able2.org\/fr\/politique-de-confidentialite\/","title":{"rendered":"Politique de confidentialit\u00e9"},"content":{"rendered":"\n<p>ABLE2 s\u2019engage \u00e0 maintenir l\u2019exactitude, la confidentialit\u00e9 et la s\u00e9curit\u00e9 de vos informations personnelles. Dans le cadre de cet engagement, notre politique de confidentialit\u00e9 gouverne nos actions au niveau de la collecte, de l\u2019utilisation et de la divulgation des renseignements personnels (RP). La politique de confidentialit\u00e9 pratiqu\u00e9e \u00e0 ABLE2 respecte les lignes directrices relatives aux pratiques exemplaires de la <strong><em>Loi sur la protection des renseignements personnels et les documents \u00e9lectroniques du Canada<\/em><\/strong> (LPRPDE), ainsi que toute autre l\u00e9gislation provinciale qui s\u2019y applique.<\/p>\n\n\n\n<p>En rapport \u00e0 cette politique, ABLE2 d\u00e9finit le terme RP (renseignements personnels) comme toute information factuelle ou subjective, enregistr\u00e9e ou non, au sujet d\u2019une personne donn\u00e9e. Cela inclut toute information sous quelque forme que ce soit, telle que :<\/p>\n\n\n\n<ul><li>\u00e2ge, nom, num\u00e9ro d\u2019identification, origine ethnique ou groupe sanguin ;<\/li><li>opinions, \u00e9valuations, commentaires, statut social ou mesures disciplinaires ; et<\/li><li>dossiers d\u2019employ\u00e9s, dossiers de cr\u00e9dit, dossiers de pr\u00eats, dossiers m\u00e9dicaux, existence d\u2019un litige entre un consommateur et un commer\u00e7ant, intentions (par exemple, acqu\u00e9rir des biens ou des services, ou changer d\u2019emploi).<\/li><\/ul>\n\n\n\n<p><strong><u>Introduction<\/u><\/strong><\/p>\n\n\n\n<p>ABLE2 est responsable du maintien et de la protection des RP qui lui sont confi\u00e9s. Nous avons d\u00e9sign\u00e9 au sein de notre organisme une personne charg\u00e9e de la conformit\u00e9 de notre politique de confidentialit\u00e9.<\/p>\n\n\n\n<p><strong><u>Objectifs d\u2019identification : Les raisons pour lesquelles nous collectons des renseignements personnels<\/u><\/strong><\/p>\n\n\n\n<p>Notre objectif \u00e0 ABLE2 est d\u2019aider dans la mesure du possible les individus et leurs familles \u00e0 utiliser nos services. Nous collectons, utilisons et divulguons des renseignements personnels (RP) sur la nature de la relation que vous entretenez avec nous.<\/p>\n\n\n\n<p>De fa\u00e7on g\u00e9n\u00e9rale, nous collectons des informations pouvant nous permettre de vous fournir les renseignements et les services que vous avez sollicit\u00e9s.<\/p>\n\n\n\n<p>Le but de la collecte de vos RP vous sera expliqu\u00e9 avant ou au moment de les collecter. De plus, nous nous ferons le devoir de vous expliquer \u00e0 quoi nous avons l\u2019intention d\u2019utiliser ces informations et dans quelle mesure elles peuvent \u00eatre divulgu\u00e9es.<\/p>\n\n\n\n<p>Dans certaines circonstances, les objectifs de la collecte d\u2019informations peuvent \u00eatre clairs et le consentement peut \u00eatre implicite. Cela se produit par exemple lorsque vous nous donnez votre nom, votre adresse et vos renseignements de paiement dans le cadre des frais de services, de l\u2019achat d\u2019un billet vous permettant de participer \u00e0 un \u00e9v\u00e9nement et des dons.<\/p>\n\n\n\n<p><strong><u>Consentement<\/u><\/strong><\/p>\n\n\n\n<p>La connaissance et le consentement sont requis pour la collecte, l&rsquo;utilisation ou la divulgation des RP, sauf lorsque la loi l&rsquo;exige ou l&rsquo;autorise.<\/p>\n\n\n\n<p>ABLE2 demandera toujours votre consentement avant ou au moment de la collecte, de l&rsquo;utilisation ou de la divulgation de vos renseignements personnels, sauf lorsque cela est appropri\u00e9.<\/p>\n\n\n\n<p>Le consentement peut nous \u00eatre fourni par une autorisation \u00e9crite, verbale, \u00e9lectronique ou par l&rsquo;interm\u00e9diaire de votre repr\u00e9sentant l\u00e9gal autoris\u00e9, tel que votre tuteur ou votre avocat. Vous pouvez \u00e9galement remplir et signer l\u2019une de nos demandes d\u2019application afin de nous donner votre consentement \u00e9crit. Nous t\u00e2cherons toujours d&rsquo;utiliser un langage clair et compr\u00e9hensible lorsqu\u2019il s\u2019agit de vous demander votre permission en vue de collecter vos RP.<\/p>\n\n\n\n<p>\u00c0 l\u2019exception de certaines circonstances l\u00e9gales, vous pouvez retirer votre consentement \u00e0 tout moment en contactant notre Responsable de la confidentialit\u00e9 \u00e0 ABLE2. Cependant, votre d\u00e9cision de ne pas divulguer certains renseignements personnels peut avoir un impact sur les informations et les services que nous pouvons vous offrir.<\/p>\n\n\n\n<p><strong><u>Limites de la collecte de renseignements personnels<\/u><\/strong><\/p>\n\n\n\n<p>Les RP collect\u00e9s par ABLE2 seront limit\u00e9s \u00e0 ce qui est n\u00e9cessaire pour atteindre les objectifs pour lesquels ils sont collect\u00e9s.<\/p>\n\n\n\n<p>Avec votre consentement, ABLE2 peut collecter des RP aupr\u00e8s de vous :<\/p>\n\n\n\n<ul><li>En personne;<\/li><li>Au t\u00e9l\u00e9phone;<\/li><li>Par correspondance postale;<\/li><li>Par email;<\/li><li>Par fax simil\u00e9 ; et<\/li><li>Par Internet et d\u2019autres plateformes de m\u00e9dias sociaux utilis\u00e9s par ABLE2.<\/li><\/ul>\n\n\n\n<p><strong><u>Limites de l\u2019utilisation, de la divulgation et de la conservation des renseignements personnels<\/u><\/strong><\/p>\n\n\n\n<p>Vos RP ne peuvent \u00eatre utilis\u00e9s ou divulgu\u00e9s qu&rsquo;aux fins pour lesquelles ils ont \u00e9t\u00e9 collect\u00e9s, sauf si vous y avez consenti autrement, ou lorsque cela est requis ou autoris\u00e9 par la loi. Vos RP ne seront conserv\u00e9s que pendant la p\u00e9riode n\u00e9cessaire pour atteindre l&rsquo;objectif pour lequel ils ont \u00e9t\u00e9 collect\u00e9s ou tel que requis par la loi.<\/p>\n\n\n\n<p><br>Nous t\u00e2cherons de vous demander votre consentement si nous devons utiliser vos informations \u00e0 des fins autres que celles d\u00e9crites dans cette politique. Nous ne divulguerons vos informations \u00e0 des tiers que lorsque vous avez donn\u00e9 votre consentement ou lorsque la loi l&rsquo;exige. De plus, nous nous ferons le devoir de vous demander \u00e9galement votre consentement pour la m\u00e9thode de transmission de vos informations.<\/p>\n\n\n\n<p>L&rsquo;acc\u00e8s \u00e0 vos informations sera limit\u00e9 aux seules personnes autoris\u00e9es \u00e0 consulter, conserver ou g\u00e9rer vos informations, en raison de leurs t\u00e2ches actuelles. Vos informations seront conserv\u00e9es dans la plus stricte confidentialit\u00e9 et ne seront pas partag\u00e9es avec des personnes non autoris\u00e9es.<\/p>\n\n\n\n<p><br>Vos RP seront d\u00e9truits ou rendus anonymes une fois que nous n\u2019en aurons plus besoin \u00e0 ABLE2. Toutefois, certaines informations peuvent devoir \u00eatre conserv\u00e9es ou archiv\u00e9es ind\u00e9finiment ou archiv\u00e9es.<\/p>\n\n\n\n<p><strong><u>Pr\u00e9cision<\/u><\/strong><\/p>\n\n\n\n<p>ABLE2 s\u2019efforcera de garder vos RP aussi complets et \u00e0 jour que n\u00e9cessaires aux fins pour lesquelles ils doivent \u00eatre utilis\u00e9s.<\/p>\n\n\n\n<p>Nous vous encourageons \u00e0 informer notre Responsable de la protection de la vie priv\u00e9e de tout changement pertinent au niveau des reseignements que nous conservons \u00e0 votre sujet, tel qu&rsquo;un changement d&rsquo;adresse, de num\u00e9ro de t\u00e9l\u00e9phone, etc. Toute erriur de renseignements que nos d\u00e9tenons \u00e0 votre sujet sera corrig\u00e9e d\u00e8s que vous nous en aurez inform\u00e9.<\/p>\n\n\n\n<p><strong><u>Conservation<\/u><\/strong><\/p>\n\n\n\n<p>Les renseignements personnels seront prot\u00e9g\u00e9s par des mesures de s\u00e9curit\u00e9 adapt\u00e9es \u00e0 la sensibilit\u00e9 des informations.<\/p>\n\n\n\n<p>ABLE2 prendra toutes les pr\u00e9cautions raisonnables pour prot\u00e9ger vos RP contre toute perte, vol, utilisation non autoris\u00e9e, acc\u00e8s, divulgation ou modification.<\/p>\n\n\n\n<p>Les informations personnelles sont conserv\u00e9es \u00e0 ABLE2 au moyen d\u2019une combinaison de fichiers papier et \u00e9lectroniques et elles sont prot\u00e9g\u00e9es dans toute sorte de format. Nos classeurs sont verrouill\u00e9s et l&rsquo;acc\u00e8s aux bureaux est restreint. Notre syst\u00e8me informatique est prot\u00e9g\u00e9 par des mots de passe et est con\u00e7u de telle mani\u00e8re que seules les personnes autoris\u00e9es peuvent acc\u00e9der aux fichiers et aux bases de donn\u00e9es s\u00e9curis\u00e9s.<\/p>\n\n\n\n<p>ABLE2 utilise des services de paiement tiers qualifi\u00e9s et le site Web de l&rsquo;organisation est certifi\u00e9 et s\u00e9curis\u00e9.<\/p>\n\n\n\n<p>\u00c0 ABLE2, tous les employ\u00e9s sont tenus de garder vos RP confidentiels et ont sign\u00e9 un accord qui v\u00e9rifie leur compr\u00e9hension et leurs responsabilit\u00e9s en ce qui a trait \u00e0 la confidentialit\u00e9 des RP.<\/p>\n\n\n\n<p><strong><u>Ouverture<\/u><\/strong><\/p>\n\n\n\n<p>La politique de confidentialit\u00e9 sera disponible en format papier sur le site Internet d\u2019ABLE2.<\/p>\n\n\n\n<p>Les modifications apport\u00e9es \u00e0 cette politique seront publi\u00e9es sur notre site Internet. Ces modifications seront approuv\u00e9es par notre Conseil d\u2019administration.<\/p>\n\n\n\n<p><br>Si vous avez des questions ou des pr\u00e9occupations suppl\u00e9mentaires au sujet de nos politiques de confidentialit\u00e9 et nos pratiques relatives \u00e0 la gestion des informations personnelles, nous vous invitons \u00e0 nous contacter par t\u00e9l\u00e9phone, courrier, e-mail ou via notre site Internet, et nous r\u00e9pondrons \u00e0 vos pr\u00e9occupations au mieux de notre capacit\u00e9.<\/p>\n\n\n\n<p><strong><u>Acc\u00e8s individuel<\/u><\/strong><\/p>\n\n\n\n<p>D\u00e8s la r\u00e9ception d&rsquo;une demande \u00e9crite et d&rsquo;une preuve de droit, ABLE2 vous donnera acc\u00e8s \u00e0 vos RP conserv\u00e9s dans son bureau dans un d\u00e9lai raisonnable.<\/p>\n\n\n\n<p><br>Vous avez le droit de v\u00e9rifier \u00e0 ABLE2 l\u2019exactitude de la collecte, de l\u2019utilisation et de la divulgation de vos renseignements personnels. En outre, vous pouvez v\u00e9rifier l&rsquo;exhaustivit\u00e9 de vos RP et demander qu&rsquo;ils soient modifi\u00e9s, le cas \u00e9ch\u00e9ant. Cependant, dans certaines circonstances autoris\u00e9es par la loi, nous ne vous divulguerons pas certaines informations. Par exemple, nous ne pouvons pas divulguer des informations vous concernant lorsque d&rsquo;autres personnes \u00e9taient consult\u00e9es \u00e0 titre de r\u00e9f\u00e9rence ou s&rsquo;il existe une restriction l\u00e9gale ou de s\u00e9curit\u00e9.<\/p>\n\n\n\n<p><strong><u>Recours fourni<\/u><\/strong><\/p>\n\n\n\n<p>ABLE2 vous encourage \u00e0 contacter son Responsable de la confidentialit\u00e9 si vous avez des questions ou des demandes de renseignements concernant sa politique ou ses pratiques de confidentialit\u00e9. Nous enqu\u00eaterons et r\u00e9pondrons \u00e0 toutes vos pr\u00e9occupations li\u00e9es \u00e0 notre fa\u00e7on de traiter vos RP.<\/p>\n\n\n\n<p>Vous pouvez contacter le Responsable de la confidentialit\u00e9 par :<\/p>\n\n\n\n<p>T\u00e9l\u00e9phone: 613-761-9522<\/p>\n\n\n\n<p>TTY: 613-725-6175<\/p>\n\n\n\n<p>Fax: 613-761-9525<\/p>\n\n\n\n<p>E-mail: info@able2.org<\/p>\n\n\n\n<p>Par mail:<\/p>\n\n\n\n<p>ABLE2<\/p>\n\n\n\n<p>1 Community Place<\/p>\n\n\n\n<p>312 Parkdale Avenue<\/p>\n\n\n\n<p>Ottawa, ON, Canada<\/p>\n\n\n\n<p>K1Y 4X5<\/p>\n\n\n\n<p><em>Approuv\u00e9: juin 2020<\/em><\/p>\n","protected":false},"excerpt":{"rendered":"<p>ABLE2 s\u2019engage \u00e0 maintenir l\u2019exactitude, la confidentialit\u00e9 et la s\u00e9curit\u00e9 de vos informations personnelles. Dans le cadre de cet engagement, notre politique de confidentialit\u00e9 gouverne nos actions au niveau de la collecte, de l\u2019utilisation et de la divulgation des renseignements personnels (RP). La politique de confidentialit\u00e9 pratiqu\u00e9e \u00e0 ABLE2 respecte les lignes directrices relatives aux [&hellip;]<\/p>\n","protected":false},"author":1,"featured_media":0,"parent":0,"menu_order":0,"comment_status":"closed","ping_status":"closed","template":"page-templates\/page-sidebar.php","meta":{"_acf_changed":false,"footnotes":""},"acf":[],"yoast_head":"<!-- This site is optimized with the Yoast SEO plugin v22.8 - https:\/\/yoast.com\/wordpress\/plugins\/seo\/ -->\n<title>Politique de confidentialit\u00e9 | ABLE2<\/title>\n<meta name=\"robots\" content=\"index, follow, max-snippet:-1, max-image-preview:large, max-video-preview:-1\" \/>\n<link rel=\"canonical\" href=\"https:\/\/www.able2.org\/fr\/politique-de-confidentialite\/\" \/>\n<meta property=\"og:locale\" content=\"fr_FR\" \/>\n<meta property=\"og:type\" content=\"article\" \/>\n<meta property=\"og:title\" content=\"Politique de confidentialit\u00e9 | ABLE2\" \/>\n<meta property=\"og:description\" content=\"ABLE2 s\u2019engage \u00e0 maintenir l\u2019exactitude, la confidentialit\u00e9 et la s\u00e9curit\u00e9 de vos informations personnelles. Dans le cadre de cet engagement, notre politique de confidentialit\u00e9 gouverne nos actions au niveau de la collecte, de l\u2019utilisation et de la divulgation des renseignements personnels (RP). La politique de confidentialit\u00e9 pratiqu\u00e9e \u00e0 ABLE2 respecte les lignes directrices relatives aux [&hellip;]\" \/>\n<meta property=\"og:url\" content=\"https:\/\/www.able2.org\/fr\/politique-de-confidentialite\/\" \/>\n<meta property=\"og:site_name\" content=\"ABLE2\" \/>\n<meta property=\"article:modified_time\" content=\"2020-08-13T12:42:57+00:00\" \/>\n<meta name=\"twitter:card\" content=\"summary_large_image\" \/>\n<meta name=\"twitter:label1\" content=\"Dur\u00e9e de lecture estim\u00e9e\" \/>\n\t<meta name=\"twitter:data1\" content=\"7 minutes\" \/>\n<script type=\"application\/ld+json\" class=\"yoast-schema-graph\">{\"@context\":\"https:\/\/schema.org\",\"@graph\":[{\"@type\":\"WebPage\",\"@id\":\"https:\/\/www.able2.org\/fr\/politique-de-confidentialite\/\",\"url\":\"https:\/\/www.able2.org\/fr\/politique-de-confidentialite\/\",\"name\":\"Politique de confidentialit\u00e9 | ABLE2\",\"isPartOf\":{\"@id\":\"https:\/\/www.able2.org\/#website\"},\"datePublished\":\"2020-05-26T16:30:43+00:00\",\"dateModified\":\"2020-08-13T12:42:57+00:00\",\"breadcrumb\":{\"@id\":\"https:\/\/www.able2.org\/fr\/politique-de-confidentialite\/#breadcrumb\"},\"inLanguage\":\"fr-FR\",\"potentialAction\":[{\"@type\":\"ReadAction\",\"target\":[\"https:\/\/www.able2.org\/fr\/politique-de-confidentialite\/\"]}]},{\"@type\":\"BreadcrumbList\",\"@id\":\"https:\/\/www.able2.org\/fr\/politique-de-confidentialite\/#breadcrumb\",\"itemListElement\":[{\"@type\":\"ListItem\",\"position\":1,\"name\":\"Home\",\"item\":\"https:\/\/www.able2.org\/fr\/accueil\/\"},{\"@type\":\"ListItem\",\"position\":2,\"name\":\"Politique de confidentialit\u00e9\"}]},{\"@type\":\"WebSite\",\"@id\":\"https:\/\/www.able2.org\/#website\",\"url\":\"https:\/\/www.able2.org\/\",\"name\":\"ABLE2\",\"description\":\"\",\"publisher\":{\"@id\":\"https:\/\/www.able2.org\/#organization\"},\"potentialAction\":[{\"@type\":\"SearchAction\",\"target\":{\"@type\":\"EntryPoint\",\"urlTemplate\":\"https:\/\/www.able2.org\/?s={search_term_string}\"},\"query-input\":\"required name=search_term_string\"}],\"inLanguage\":\"fr-FR\"},{\"@type\":\"Organization\",\"@id\":\"https:\/\/www.able2.org\/#organization\",\"name\":\"ABLE2\",\"url\":\"https:\/\/www.able2.org\/\",\"logo\":{\"@type\":\"ImageObject\",\"inLanguage\":\"fr-FR\",\"@id\":\"https:\/\/www.able2.org\/#\/schema\/logo\/image\/\",\"url\":\"https:\/\/www.able2.org\/wp-content\/uploads\/2020\/05\/logo.png\",\"contentUrl\":\"https:\/\/www.able2.org\/wp-content\/uploads\/2020\/05\/logo.png\",\"width\":528,\"height\":137,\"caption\":\"ABLE2\"},\"image\":{\"@id\":\"https:\/\/www.able2.org\/#\/schema\/logo\/image\/\"}}]}<\/script>\n<!-- \/ Yoast SEO plugin. -->","yoast_head_json":{"title":"Politique de confidentialit\u00e9 | ABLE2","robots":{"index":"index","follow":"follow","max-snippet":"max-snippet:-1","max-image-preview":"max-image-preview:large","max-video-preview":"max-video-preview:-1"},"canonical":"https:\/\/www.able2.org\/fr\/politique-de-confidentialite\/","og_locale":"fr_FR","og_type":"article","og_title":"Politique de confidentialit\u00e9 | ABLE2","og_description":"ABLE2 s\u2019engage \u00e0 maintenir l\u2019exactitude, la confidentialit\u00e9 et la s\u00e9curit\u00e9 de vos informations personnelles. Dans le cadre de cet engagement, notre politique de confidentialit\u00e9 gouverne nos actions au niveau de la collecte, de l\u2019utilisation et de la divulgation des renseignements personnels (RP). La politique de confidentialit\u00e9 pratiqu\u00e9e \u00e0 ABLE2 respecte les lignes directrices relatives aux [&hellip;]","og_url":"https:\/\/www.able2.org\/fr\/politique-de-confidentialite\/","og_site_name":"ABLE2","article_modified_time":"2020-08-13T12:42:57+00:00","twitter_card":"summary_large_image","twitter_misc":{"Dur\u00e9e de lecture estim\u00e9e":"7 minutes"},"schema":{"@context":"https:\/\/schema.org","@graph":[{"@type":"WebPage","@id":"https:\/\/www.able2.org\/fr\/politique-de-confidentialite\/","url":"https:\/\/www.able2.org\/fr\/politique-de-confidentialite\/","name":"Politique de confidentialit\u00e9 | ABLE2","isPartOf":{"@id":"https:\/\/www.able2.org\/#website"},"datePublished":"2020-05-26T16:30:43+00:00","dateModified":"2020-08-13T12:42:57+00:00","breadcrumb":{"@id":"https:\/\/www.able2.org\/fr\/politique-de-confidentialite\/#breadcrumb"},"inLanguage":"fr-FR","potentialAction":[{"@type":"ReadAction","target":["https:\/\/www.able2.org\/fr\/politique-de-confidentialite\/"]}]},{"@type":"BreadcrumbList","@id":"https:\/\/www.able2.org\/fr\/politique-de-confidentialite\/#breadcrumb","itemListElement":[{"@type":"ListItem","position":1,"name":"Home","item":"https:\/\/www.able2.org\/fr\/accueil\/"},{"@type":"ListItem","position":2,"name":"Politique de confidentialit\u00e9"}]},{"@type":"WebSite","@id":"https:\/\/www.able2.org\/#website","url":"https:\/\/www.able2.org\/","name":"ABLE2","description":"","publisher":{"@id":"https:\/\/www.able2.org\/#organization"},"potentialAction":[{"@type":"SearchAction","target":{"@type":"EntryPoint","urlTemplate":"https:\/\/www.able2.org\/?s={search_term_string}"},"query-input":"required name=search_term_string"}],"inLanguage":"fr-FR"},{"@type":"Organization","@id":"https:\/\/www.able2.org\/#organization","name":"ABLE2","url":"https:\/\/www.able2.org\/","logo":{"@type":"ImageObject","inLanguage":"fr-FR","@id":"https:\/\/www.able2.org\/#\/schema\/logo\/image\/","url":"https:\/\/www.able2.org\/wp-content\/uploads\/2020\/05\/logo.png","contentUrl":"https:\/\/www.able2.org\/wp-content\/uploads\/2020\/05\/logo.png","width":528,"height":137,"caption":"ABLE2"},"image":{"@id":"https:\/\/www.able2.org\/#\/schema\/logo\/image\/"}}]}},"_links":{"self":[{"href":"https:\/\/www.able2.org\/fr\/wp-json\/wp\/v2\/pages\/279"}],"collection":[{"href":"https:\/\/www.able2.org\/fr\/wp-json\/wp\/v2\/pages"}],"about":[{"href":"https:\/\/www.able2.org\/fr\/wp-json\/wp\/v2\/types\/page"}],"author":[{"embeddable":true,"href":"https:\/\/www.able2.org\/fr\/wp-json\/wp\/v2\/users\/1"}],"replies":[{"embeddable":true,"href":"https:\/\/www.able2.org\/fr\/wp-json\/wp\/v2\/comments?post=279"}],"version-history":[{"count":5,"href":"https:\/\/www.able2.org\/fr\/wp-json\/wp\/v2\/pages\/279\/revisions"}],"predecessor-version":[{"id":1796,"href":"https:\/\/www.able2.org\/fr\/wp-json\/wp\/v2\/pages\/279\/revisions\/1796"}],"wp:attachment":[{"href":"https:\/\/www.able2.org\/fr\/wp-json\/wp\/v2\/media?parent=279"}],"curies":[{"name":"wp","href":"https:\/\/api.w.org\/{rel}","templated":true}]}}