{"id":2594,"date":"2020-10-06T11:41:50","date_gmt":"2020-10-06T15:41:50","guid":{"rendered":"https:\/\/www.able2.org\/?page_id=2594"},"modified":"2026-03-09T12:36:57","modified_gmt":"2026-03-09T16:36:57","slug":"merci-volunteering-ally-information-session","status":"publish","type":"page","link":"https:\/\/www.able2.org\/fr\/merci-volunteering-ally-information-session\/","title":{"rendered":"Merci"},"content":{"rendered":"\n<div class=\"wp-block-columns is-layout-flex wp-container-core-columns-is-layout-1 wp-block-columns-is-layout-flex\">\n<div class=\"wp-block-column is-layout-flow wp-block-column-is-layout-flow\" style=\"flex-basis:25%\"><\/div>\n\n\n\n<div class=\"wp-block-column is-layout-flow wp-block-column-is-layout-flow\" style=\"flex-basis:60%\">\n<p>Merci de votre int\u00e9r\u00eat \u00e0 faire du b\u00e9n\u00e9volat avec ABLE2 et d\u2019avoir visionn\u00e9 la s\u00e9ance d\u2019information pour les b\u00e9n\u00e9voles. Nous communiquerons avec vous sous peu par courriel pour discuter des prochaines \u00e9tapes. Veuillez surveiller votre boite de r\u00e9ception (et votre pourriel) dans l\u2019attente d\u2019un courriel de <a href=\"mailto:volunteer@able2.org\">volunteer@able2.org<\/a>.<\/p>\n\n\n\n<h3 class=\"wp-block-heading\"><strong><a href=\"https:\/\/www.able2.org\/wp-content\/uploads\/2026\/03\/Volunteer-Info-Session-Mar-2026-PDF.pdf\">Consulter notre s\u00e9ance d&rsquo;informations <strong>[Disponible en anglais]<\/strong><\/a><\/strong><\/h3>\n<\/div>\n\n\n\n<div class=\"wp-block-column is-layout-flow wp-block-column-is-layout-flow\" style=\"flex-basis:25%\"><\/div>\n<\/div>\n\n\n\n<p><\/p>\n","protected":false},"excerpt":{"rendered":"<p>Merci de votre int\u00e9r\u00eat \u00e0 faire du b\u00e9n\u00e9volat avec ABLE2 et d\u2019avoir visionn\u00e9 la s\u00e9ance d\u2019information pour les b\u00e9n\u00e9voles. Nous communiquerons avec vous sous peu par courriel pour discuter des prochaines \u00e9tapes. Veuillez surveiller votre boite de r\u00e9ception (et votre pourriel) dans l\u2019attente d\u2019un courriel de volunteer@able2.org. Consulter notre s\u00e9ance d&rsquo;informations [Disponible en anglais]<\/p>\n","protected":false},"author":1,"featured_media":0,"parent":0,"menu_order":0,"comment_status":"closed","ping_status":"closed","template":"page-templates\/page-donate.php","meta":{"_acf_changed":false,"footnotes":""},"acf":[],"yoast_head":"<!-- This site is optimized with the Yoast SEO plugin v22.8 - https:\/\/yoast.com\/wordpress\/plugins\/seo\/ -->\n<title>Merci | ABLE2<\/title>\n<meta name=\"robots\" content=\"index, follow, max-snippet:-1, max-image-preview:large, max-video-preview:-1\" \/>\n<link rel=\"canonical\" href=\"https:\/\/www.able2.org\/fr\/merci-volunteering-ally-information-session\/\" \/>\n<meta property=\"og:locale\" content=\"fr_FR\" \/>\n<meta property=\"og:type\" content=\"article\" \/>\n<meta property=\"og:title\" content=\"Merci | ABLE2\" \/>\n<meta property=\"og:description\" content=\"Merci de votre int\u00e9r\u00eat \u00e0 faire du b\u00e9n\u00e9volat avec ABLE2 et d\u2019avoir visionn\u00e9 la s\u00e9ance d\u2019information pour les b\u00e9n\u00e9voles. Nous communiquerons avec vous sous peu par courriel pour discuter des prochaines \u00e9tapes. Veuillez surveiller votre boite de r\u00e9ception (et votre pourriel) dans l\u2019attente d\u2019un courriel de volunteer@able2.org. Consulter notre s\u00e9ance d&rsquo;informations [Disponible en anglais]\" \/>\n<meta property=\"og:url\" content=\"https:\/\/www.able2.org\/fr\/merci-volunteering-ally-information-session\/\" \/>\n<meta property=\"og:site_name\" content=\"ABLE2\" \/>\n<meta property=\"article:modified_time\" content=\"2026-03-09T16:36:57+00:00\" \/>\n<meta name=\"twitter:card\" content=\"summary_large_image\" \/>\n<meta name=\"twitter:label1\" content=\"Dur\u00e9e de lecture estim\u00e9e\" \/>\n\t<meta name=\"twitter:data1\" content=\"1 minute\" \/>\n<script type=\"application\/ld+json\" class=\"yoast-schema-graph\">{\"@context\":\"https:\/\/schema.org\",\"@graph\":[{\"@type\":\"WebPage\",\"@id\":\"https:\/\/www.able2.org\/fr\/merci-volunteering-ally-information-session\/\",\"url\":\"https:\/\/www.able2.org\/fr\/merci-volunteering-ally-information-session\/\",\"name\":\"Merci | ABLE2\",\"isPartOf\":{\"@id\":\"https:\/\/www.able2.org\/#website\"},\"datePublished\":\"2020-10-06T15:41:50+00:00\",\"dateModified\":\"2026-03-09T16:36:57+00:00\",\"breadcrumb\":{\"@id\":\"https:\/\/www.able2.org\/fr\/merci-volunteering-ally-information-session\/#breadcrumb\"},\"inLanguage\":\"fr-FR\",\"potentialAction\":[{\"@type\":\"ReadAction\",\"target\":[\"https:\/\/www.able2.org\/fr\/merci-volunteering-ally-information-session\/\"]}]},{\"@type\":\"BreadcrumbList\",\"@id\":\"https:\/\/www.able2.org\/fr\/merci-volunteering-ally-information-session\/#breadcrumb\",\"itemListElement\":[{\"@type\":\"ListItem\",\"position\":1,\"name\":\"Home\",\"item\":\"https:\/\/www.able2.org\/fr\/accueil\/\"},{\"@type\":\"ListItem\",\"position\":2,\"name\":\"Merci\"}]},{\"@type\":\"WebSite\",\"@id\":\"https:\/\/www.able2.org\/#website\",\"url\":\"https:\/\/www.able2.org\/\",\"name\":\"ABLE2\",\"description\":\"\",\"publisher\":{\"@id\":\"https:\/\/www.able2.org\/#organization\"},\"potentialAction\":[{\"@type\":\"SearchAction\",\"target\":{\"@type\":\"EntryPoint\",\"urlTemplate\":\"https:\/\/www.able2.org\/?s={search_term_string}\"},\"query-input\":\"required name=search_term_string\"}],\"inLanguage\":\"fr-FR\"},{\"@type\":\"Organization\",\"@id\":\"https:\/\/www.able2.org\/#organization\",\"name\":\"ABLE2\",\"url\":\"https:\/\/www.able2.org\/\",\"logo\":{\"@type\":\"ImageObject\",\"inLanguage\":\"fr-FR\",\"@id\":\"https:\/\/www.able2.org\/#\/schema\/logo\/image\/\",\"url\":\"https:\/\/www.able2.org\/wp-content\/uploads\/2020\/05\/logo.png\",\"contentUrl\":\"https:\/\/www.able2.org\/wp-content\/uploads\/2020\/05\/logo.png\",\"width\":528,\"height\":137,\"caption\":\"ABLE2\"},\"image\":{\"@id\":\"https:\/\/www.able2.org\/#\/schema\/logo\/image\/\"}}]}<\/script>\n<!-- \/ Yoast SEO plugin. -->","yoast_head_json":{"title":"Merci | ABLE2","robots":{"index":"index","follow":"follow","max-snippet":"max-snippet:-1","max-image-preview":"max-image-preview:large","max-video-preview":"max-video-preview:-1"},"canonical":"https:\/\/www.able2.org\/fr\/merci-volunteering-ally-information-session\/","og_locale":"fr_FR","og_type":"article","og_title":"Merci | ABLE2","og_description":"Merci de votre int\u00e9r\u00eat \u00e0 faire du b\u00e9n\u00e9volat avec ABLE2 et d\u2019avoir visionn\u00e9 la s\u00e9ance d\u2019information pour les b\u00e9n\u00e9voles. Nous communiquerons avec vous sous peu par courriel pour discuter des prochaines \u00e9tapes. Veuillez surveiller votre boite de r\u00e9ception (et votre pourriel) dans l\u2019attente d\u2019un courriel de volunteer@able2.org. Consulter notre s\u00e9ance d&rsquo;informations [Disponible en anglais]","og_url":"https:\/\/www.able2.org\/fr\/merci-volunteering-ally-information-session\/","og_site_name":"ABLE2","article_modified_time":"2026-03-09T16:36:57+00:00","twitter_card":"summary_large_image","twitter_misc":{"Dur\u00e9e de lecture estim\u00e9e":"1 minute"},"schema":{"@context":"https:\/\/schema.org","@graph":[{"@type":"WebPage","@id":"https:\/\/www.able2.org\/fr\/merci-volunteering-ally-information-session\/","url":"https:\/\/www.able2.org\/fr\/merci-volunteering-ally-information-session\/","name":"Merci | ABLE2","isPartOf":{"@id":"https:\/\/www.able2.org\/#website"},"datePublished":"2020-10-06T15:41:50+00:00","dateModified":"2026-03-09T16:36:57+00:00","breadcrumb":{"@id":"https:\/\/www.able2.org\/fr\/merci-volunteering-ally-information-session\/#breadcrumb"},"inLanguage":"fr-FR","potentialAction":[{"@type":"ReadAction","target":["https:\/\/www.able2.org\/fr\/merci-volunteering-ally-information-session\/"]}]},{"@type":"BreadcrumbList","@id":"https:\/\/www.able2.org\/fr\/merci-volunteering-ally-information-session\/#breadcrumb","itemListElement":[{"@type":"ListItem","position":1,"name":"Home","item":"https:\/\/www.able2.org\/fr\/accueil\/"},{"@type":"ListItem","position":2,"name":"Merci"}]},{"@type":"WebSite","@id":"https:\/\/www.able2.org\/#website","url":"https:\/\/www.able2.org\/","name":"ABLE2","description":"","publisher":{"@id":"https:\/\/www.able2.org\/#organization"},"potentialAction":[{"@type":"SearchAction","target":{"@type":"EntryPoint","urlTemplate":"https:\/\/www.able2.org\/?s={search_term_string}"},"query-input":"required name=search_term_string"}],"inLanguage":"fr-FR"},{"@type":"Organization","@id":"https:\/\/www.able2.org\/#organization","name":"ABLE2","url":"https:\/\/www.able2.org\/","logo":{"@type":"ImageObject","inLanguage":"fr-FR","@id":"https:\/\/www.able2.org\/#\/schema\/logo\/image\/","url":"https:\/\/www.able2.org\/wp-content\/uploads\/2020\/05\/logo.png","contentUrl":"https:\/\/www.able2.org\/wp-content\/uploads\/2020\/05\/logo.png","width":528,"height":137,"caption":"ABLE2"},"image":{"@id":"https:\/\/www.able2.org\/#\/schema\/logo\/image\/"}}]}},"_links":{"self":[{"href":"https:\/\/www.able2.org\/fr\/wp-json\/wp\/v2\/pages\/2594"}],"collection":[{"href":"https:\/\/www.able2.org\/fr\/wp-json\/wp\/v2\/pages"}],"about":[{"href":"https:\/\/www.able2.org\/fr\/wp-json\/wp\/v2\/types\/page"}],"author":[{"embeddable":true,"href":"https:\/\/www.able2.org\/fr\/wp-json\/wp\/v2\/users\/1"}],"replies":[{"embeddable":true,"href":"https:\/\/www.able2.org\/fr\/wp-json\/wp\/v2\/comments?post=2594"}],"version-history":[{"count":12,"href":"https:\/\/www.able2.org\/fr\/wp-json\/wp\/v2\/pages\/2594\/revisions"}],"predecessor-version":[{"id":23434,"href":"https:\/\/www.able2.org\/fr\/wp-json\/wp\/v2\/pages\/2594\/revisions\/23434"}],"wp:attachment":[{"href":"https:\/\/www.able2.org\/fr\/wp-json\/wp\/v2\/media?parent=2594"}],"curies":[{"name":"wp","href":"https:\/\/api.w.org\/{rel}","templated":true}]}}