{"id":23442,"date":"2026-03-11T10:53:29","date_gmt":"2026-03-11T14:53:29","guid":{"rendered":"https:\/\/www.able2.org\/?page_id=23442"},"modified":"2026-03-11T15:05:41","modified_gmt":"2026-03-11T19:05:41","slug":"services-de-reference-juridique-de-benevoles","status":"publish","type":"page","link":"https:\/\/www.able2.org\/fr\/services-de-reference-juridique-de-benevoles\/","title":{"rendered":"B\u00e9n\u00e9volat sur la liste des services de r\u00e9f\u00e9rence juridique de Reach"},"content":{"rendered":"\n<p>Le service d\u2019orientation juridique Reach d\u2019ABLE2 offre aux professionnels du droit la possibilit\u00e9 de faire une diff\u00e9rence concr\u00e8te en aidant les gens \u00e0 acc\u00e9der \u00e0 la justice, \u00e0 accro\u00eetre leurs connaissances juridiques et \u00e0 exercer leurs droits dans la dignit\u00e9.<\/p>\n\n\n\n<p>En tant que b\u00e9n\u00e9vole pour le service d&rsquo;assistance juridique, vous offrirez jusqu&rsquo;\u00e0 trois heures de consultations initiales \u00e0 titre gracieux \u00e0 nos clients, une fois tous les trois mois au maximum. Cette consultation permet d&rsquo;informer les clients des options juridiques qui s&rsquo;offrent \u00e0 eux. Certains clients souhaitent simplement \u00eatre inform\u00e9s de leurs droits&nbsp;; d&rsquo;autres peuvent avoir besoin d&rsquo;une aide plus concr\u00e8te.<\/p>\n\n\n\n<p>Si le dossier est long et que vous et votre client souhaitez poursuivre la proc\u00e9dure, nous vous demandons de d\u00e9terminer les prochaines \u00e9tapes \u00e0 votre discr\u00e9tion, en expliquant les diff\u00e9rentes options \u00e0 votre client. Si vous d\u00e9cidez de traiter un dossier long \u00e0 titre gracieux, veuillez en informer notre bureau, car nous ne vous confierons aucun autre dossier pendant une p\u00e9riode de six \u00e0 douze mois.<\/p>\n\n\n\n<p>En tant que b\u00e9n\u00e9vole aupr\u00e8s du service d&rsquo;orientation juridique Reach d&rsquo;ABLE2, vous aurez l&rsquo;opportunit\u00e9 de mettre votre expertise juridique au service des personnes en situation de handicap. Vous contribuerez \u00e0 faciliter l&rsquo;acc\u00e8s \u00e0 la justice en informant vos clients sur leurs droits et les options juridiques qui s&rsquo;offrent \u00e0 eux. Cette exp\u00e9rience unique et enrichissante vous permettra de vous impliquer dans la communaut\u00e9, d&rsquo;approfondir vos connaissances sur les enjeux juridiques li\u00e9s au handicap et d&rsquo;acc\u00e9der \u00e0 un r\u00e9seau de professionnels engag\u00e9s pour l&rsquo;\u00e9quit\u00e9 et l&rsquo;inclusion.&nbsp;Pour en savoir plus sur le <strong><a href=\"https:\/\/www.able2.org\/fr\/programmes\/services-juridiques\/\">programme de services de r\u00e9f\u00e9rence juridique de Reach, cliquez ici.<\/a><\/strong><\/p>\n\n\n\n<div style=\"height:20px\" aria-hidden=\"true\" class=\"wp-block-spacer\"><\/div>\n\n\n\n<h2 class=\"wp-block-heading\"><strong><strong><strong>Comment devenir b\u00e9n\u00e9vole pour le registre juridique<\/strong><\/strong><\/strong><\/h2>\n\n\n\n<div style=\"height:20px\" aria-hidden=\"true\" class=\"wp-block-spacer\"><\/div>\n\n\n\n<div class=\"wp-block-pb-accordion-item c-accordion__item js-accordion-item no-js\" data-initially-open=\"false\" data-click-to-close=\"true\" data-auto-close=\"true\" data-scroll=\"false\" data-scroll-offset=\"0\"><h2 id=\"at-234420\" class=\"c-accordion__title js-accordion-controller\" role=\"button\">\u00c9tape no 1 \u2013 S\u00e9ance d\u2019information et candidature de b\u00e9n\u00e9vole<\/h2><div id=\"ac-234420\" class=\"c-accordion__content\">\n<p>Pour devenir b\u00e9n\u00e9vole chez ABLE2, la premi\u00e8re \u00e9tape consiste \u00e0 visionner la <strong><a href=\"https:\/\/www.able2.org\/fr\/seance-dinformation-en-ligne-pour-les-benevoles-allies\/\">s\u00e9ance d&rsquo;information en ligne destin\u00e9e aux b\u00e9n\u00e9voles<\/a><\/strong>. Cette pr\u00e9sentation vous fera d\u00e9couvrir notre organisation et vous donnera un aper\u00e7u de nos programmes.<\/p>\n\n\n\n<p>Vous remplirez ensuite votre <strong><a href=\"https:\/\/wl.donorperfect.net\/weblink\/WebLink.aspx?name=E362751QE&amp;id=47\">formulaire de candidature de b\u00e9n\u00e9vole<\/a><\/strong>, ce qui vous permettra d&rsquo;exprimer vos centres d&rsquo;int\u00e9r\u00eat. Notre coordinateur des b\u00e9n\u00e9voles vous contactera apr\u00e8s r\u00e9ception de votre candidature pour vous fournir les documents n\u00e9cessaires aux prochaines \u00e9tapes. Si vous souhaitez discuter de votre engagement en ligne ou si vous avez besoin d&rsquo;aide pour remplir votre candidature, veuillez contacter notre coordinateur des b\u00e9n\u00e9voles au <a href=\"tel:613-761-9522\"><strong>613-761-952<\/strong><\/a><strong><a href=\"tel:613-761-9522\" target=\"_blank\" rel=\"noreferrer noopener\">2<\/a><\/strong>, poste 239, ou \u00e0 l&rsquo;adresse <strong><a href=\"mailto:volunteer@able2.org\">volunteer@able2.org<\/a><\/strong>.<\/p>\n<\/div><\/div>\n\n\n\n<div class=\"wp-block-pb-accordion-item c-accordion__item js-accordion-item no-js\" data-initially-open=\"false\" data-click-to-close=\"true\" data-auto-close=\"true\" data-scroll=\"false\" data-scroll-offset=\"0\"><h2 id=\"at-234421\" class=\"c-accordion__title js-accordion-controller\" role=\"button\">\u00c9tape no 2 \u2013 Documents justificatifs et formation<\/h2><div id=\"ac-234421\" class=\"c-accordion__content\">\n<p>Apr\u00e8s avoir assist\u00e9 \u00e0 la s\u00e9ance d&rsquo;information et d\u00e9cid\u00e9 que le b\u00e9n\u00e9volat aupr\u00e8s de Reach Legal Referral Services correspond \u00e0 vos besoins, vous recevrez prochainement les coordonn\u00e9es de notre coordinateur des b\u00e9n\u00e9voles qui vous fournira les documents et les informations n\u00e9cessaires pour les prochaines \u00e9tapes, \u00e0 savoir&nbsp;:<\/p>\n\n\n\n<ul>\n<li>Remplir un <strong><a href=\"https:\/\/www.able2.org\/fr\/legal-roster-volunteer-registration-form\/\" target=\"_blank\" rel=\"noreferrer noopener\">formulaire d&rsquo;inscription au registre des avocats<\/a><\/strong><\/li>\n\n\n\n<li>Demande de <strong><a href=\"https:\/\/olbc.ottawapolice.ca\/\" target=\"_blank\" rel=\"noreferrer noopener\">v\u00e9rification des ant\u00e9c\u00e9dents policiers pour un service aupr\u00e8s du secteur vuln\u00e9rable<\/a><\/strong><\/li>\n\n\n\n<li>Participer \u00e0 une s\u00e9ance d&rsquo;orientation<\/li>\n<\/ul>\n\n\n\n<p>Tous les b\u00e9n\u00e9voles re\u00e7oivent une formation en ligne sur des sujets tels que l&rsquo;inclusion, l&rsquo;accessibilit\u00e9 et la connaissance de vos droits. Veuillez envoyer vos certificats de r\u00e9ussite \u00e0 notre coordinateur des b\u00e9n\u00e9voles avant de recevoir votre premi\u00e8re mission. Vous recevrez un lien, un nom d&rsquo;utilisateur et un mot de passe pour suivre les sessions de formation suivantes&nbsp;:<\/p>\n\n\n\n<ul>\n<li>Formation au service \u00e0 la client\u00e8le selon la LAODA (contenu condens\u00e9) (32 minutes)<\/li>\n\n\n\n<li>Comprendre les droits de la personne (\u00e9dition LAPHO) (28 minutes)<\/li>\n\n\n\n<li>Diversit\u00e9, \u00e9quit\u00e9, inclusion et appartenance (DEIB) (20 \u00e0 30 minutes chacune x 3 s\u00e9ances)<\/li>\n<\/ul>\n<\/div><\/div>\n\n\n\n<div class=\"wp-block-pb-accordion-item c-accordion__item js-accordion-item no-js\" data-initially-open=\"false\" data-click-to-close=\"true\" data-auto-close=\"true\" data-scroll=\"false\" data-scroll-offset=\"0\"><h2 id=\"at-234422\" class=\"c-accordion__title js-accordion-controller\" role=\"button\">\u00c9tape no 3 \u2013&nbsp;Avoir un impact<\/h2><div id=\"ac-234422\" class=\"c-accordion__content\">\n<p>Une fois votre candidature trait\u00e9e par notre \u00e9quipe et votre formation termin\u00e9e, nous vous ajouterons \u00e0 notre r\u00e9pertoire juridique. Pr\u00e9parez-vous \u00e0 recevoir votre premi\u00e8re recommandation&nbsp;!<\/p>\n<\/div><\/div>\n\n\n\n<div style=\"height:20px\" aria-hidden=\"true\" class=\"wp-block-spacer\"><\/div>\n\n\n\n<p><strong>Pour en savoir plus sur le <strong><a href=\"https:\/\/www.able2.org\/fr\/programmes\/services-juridiques\/\">programme de services de r\u00e9f\u00e9rence juridique de Reach, cliquez ici.<\/a><\/strong><\/strong><\/p>\n\n\n\n<p>Pour plus d&rsquo;informations sur le b\u00e9n\u00e9volat, contactez <strong><a href=\"mailto:volunteer@able2.org\">volunteer@able2.org<\/a><\/strong><\/p>\n\n\n\n<div style=\"height:50px\" aria-hidden=\"true\" class=\"wp-block-spacer\"><\/div>\n\n\n    <section class=\"container sm:flex\">\n                                <article class=\"card sm:w-1\/3\">\n                <a href=\"https:\/\/www.able2.org\/fr\/faites-un-don\/\" class=\"block h-full\">\n                    <h2 class=\"card__title\">Ayez un impact durable en devenant un donateur mensuel \u2063\u2063<\/h2>\n                    <div class=\"card__img-container\">\n                        <img decoding=\"async\" src=\"https:\/\/www.able2.org\/wp-content\/uploads\/2024\/04\/2About-OurHistory-Bucket-MonthlyDonor-300x174.png\" srcset=\"https:\/\/www.able2.org\/wp-content\/uploads\/2024\/04\/2About-OurHistory-Bucket-MonthlyDonor-300x174.png 300w, https:\/\/www.able2.org\/wp-content\/uploads\/2024\/04\/2About-OurHistory-Bucket-MonthlyDonor-1024x594.png 1024w, https:\/\/www.able2.org\/wp-content\/uploads\/2024\/04\/2About-OurHistory-Bucket-MonthlyDonor-768x446.png 768w, https:\/\/www.able2.org\/wp-content\/uploads\/2024\/04\/2About-OurHistory-Bucket-MonthlyDonor.png 1329w\" sizes=\"(max-width: 640px) 100vw, 640px\" alt=\"\" class=\"card__img\">\n                    <\/div>\n                    <p class=\"card__text\">Votre don aide les personnes\u00a0 vivant avec un handicap \u00e0 acqu\u00e9rir de nouvelles<\/p>\n                <\/a>\n            <\/article>\n                                            <article class=\"card card--yellow sm:w-1\/3\">\n                <a href=\"https:\/\/www.able2.org\/fr\/nos-histoires\/\" class=\"block h-full\">\n                    <h2 class=\"card__title\">Apprenez en plus sur comment votre contribution permet de changer des vies<\/h2>\n                    <div class=\"card__img-container\">\n                        <img decoding=\"async\" src=\"https:\/\/www.able2.org\/wp-content\/uploads\/2024\/04\/1About-Bucket-History-300x174.png\" srcset=\"https:\/\/www.able2.org\/wp-content\/uploads\/2024\/04\/1About-Bucket-History-300x174.png 300w, https:\/\/www.able2.org\/wp-content\/uploads\/2024\/04\/1About-Bucket-History-1024x594.png 1024w, https:\/\/www.able2.org\/wp-content\/uploads\/2024\/04\/1About-Bucket-History-768x446.png 768w, https:\/\/www.able2.org\/wp-content\/uploads\/2024\/04\/1About-Bucket-History.png 1329w\" sizes=\"(max-width: 640px) 100vw, 640px\" alt=\"\" class=\"card__img\">\n                    <\/div>\n                    <p class=\"card__text\">Apprenez-en plus sur les histoires des utilisateurs de\u00a0 programmes, des b\u00e9n\u00e9voles et des d\u00e9fenseurs du milieu\u00a0communautaire.<\/p>\n                <\/a>\n            <\/article>\n                                            <article class=\"card sm:w-1\/3\">\n                <a href=\"https:\/\/www.able2.org\/fr\/faire-du-benevolat-avec-able2\/\" class=\"block h-full\">\n                    <h2 class=\"card__title\">B\u00e9n\u00e9vole\u2063<\/h2>\n                    <div class=\"card__img-container\">\n                        <img decoding=\"async\" src=\"https:\/\/www.able2.org\/wp-content\/uploads\/2024\/05\/DonateBucket-May2024-300x174.jpg\" srcset=\"https:\/\/www.able2.org\/wp-content\/uploads\/2024\/05\/DonateBucket-May2024-300x174.jpg 300w, https:\/\/www.able2.org\/wp-content\/uploads\/2024\/05\/DonateBucket-May2024-1024x594.jpg 1024w, https:\/\/www.able2.org\/wp-content\/uploads\/2024\/05\/DonateBucket-May2024-768x446.jpg 768w, https:\/\/www.able2.org\/wp-content\/uploads\/2024\/05\/DonateBucket-May2024.jpg 1329w\" sizes=\"(max-width: 640px) 100vw, 640px\" alt=\"\" class=\"card__img\">\n                    <\/div>\n                    <p class=\"card__text\">Lorsque vous faites du\u00a0b\u00e9n\u00e9volat, vous contribuez \u00e0\u00a0r\u00e9duire la solitude et\u00a0l\u2019isolement social v\u00e9cus par\u00a0de nombreuses personnes<\/p>\n                <\/a>\n            <\/article>\n                        <\/section>\n","protected":false},"excerpt":{"rendered":"<p>Le service d\u2019orientation juridique Reach d\u2019ABLE2 offre aux professionnels du droit la possibilit\u00e9 de faire une diff\u00e9rence concr\u00e8te en aidant les gens \u00e0 acc\u00e9der \u00e0 la justice, \u00e0 accro\u00eetre leurs connaissances juridiques et \u00e0 exercer leurs droits dans la dignit\u00e9. En tant que b\u00e9n\u00e9vole pour le service d&rsquo;assistance juridique, vous offrirez jusqu&rsquo;\u00e0 trois heures de [&hellip;]<\/p>\n","protected":false},"author":1,"featured_media":0,"parent":0,"menu_order":0,"comment_status":"closed","ping_status":"closed","template":"page-templates\/page-no_sidebar.php","meta":{"_acf_changed":false,"footnotes":""},"acf":[],"yoast_head":"<!-- This site is optimized with the Yoast SEO plugin v22.8 - https:\/\/yoast.com\/wordpress\/plugins\/seo\/ -->\n<title>B\u00e9n\u00e9volat sur la liste des services de r\u00e9f\u00e9rence juridique de Reach | ABLE2<\/title>\n<meta name=\"robots\" content=\"index, follow, max-snippet:-1, max-image-preview:large, max-video-preview:-1\" \/>\n<link rel=\"canonical\" href=\"https:\/\/www.able2.org\/fr\/services-de-reference-juridique-de-benevoles\/\" \/>\n<meta property=\"og:locale\" content=\"fr_FR\" \/>\n<meta property=\"og:type\" content=\"article\" \/>\n<meta property=\"og:title\" content=\"B\u00e9n\u00e9volat sur la liste des services de r\u00e9f\u00e9rence juridique de Reach | ABLE2\" \/>\n<meta property=\"og:description\" content=\"Le service d\u2019orientation juridique Reach d\u2019ABLE2 offre aux professionnels du droit la possibilit\u00e9 de faire une diff\u00e9rence concr\u00e8te en aidant les gens \u00e0 acc\u00e9der \u00e0 la justice, \u00e0 accro\u00eetre leurs connaissances juridiques et \u00e0 exercer leurs droits dans la dignit\u00e9. En tant que b\u00e9n\u00e9vole pour le service d&rsquo;assistance juridique, vous offrirez jusqu&rsquo;\u00e0 trois heures de [&hellip;]\" \/>\n<meta property=\"og:url\" content=\"https:\/\/www.able2.org\/fr\/services-de-reference-juridique-de-benevoles\/\" \/>\n<meta property=\"og:site_name\" content=\"ABLE2\" \/>\n<meta property=\"article:modified_time\" content=\"2026-03-11T19:05:41+00:00\" \/>\n<meta name=\"twitter:card\" content=\"summary_large_image\" \/>\n<meta name=\"twitter:label1\" content=\"Dur\u00e9e de lecture estim\u00e9e\" \/>\n\t<meta name=\"twitter:data1\" content=\"3 minutes\" \/>\n<script type=\"application\/ld+json\" class=\"yoast-schema-graph\">{\"@context\":\"https:\/\/schema.org\",\"@graph\":[{\"@type\":\"WebPage\",\"@id\":\"https:\/\/www.able2.org\/fr\/services-de-reference-juridique-de-benevoles\/\",\"url\":\"https:\/\/www.able2.org\/fr\/services-de-reference-juridique-de-benevoles\/\",\"name\":\"B\u00e9n\u00e9volat sur la liste des services de r\u00e9f\u00e9rence juridique de Reach | ABLE2\",\"isPartOf\":{\"@id\":\"https:\/\/www.able2.org\/#website\"},\"datePublished\":\"2026-03-11T14:53:29+00:00\",\"dateModified\":\"2026-03-11T19:05:41+00:00\",\"breadcrumb\":{\"@id\":\"https:\/\/www.able2.org\/fr\/services-de-reference-juridique-de-benevoles\/#breadcrumb\"},\"inLanguage\":\"fr-FR\",\"potentialAction\":[{\"@type\":\"ReadAction\",\"target\":[\"https:\/\/www.able2.org\/fr\/services-de-reference-juridique-de-benevoles\/\"]}]},{\"@type\":\"BreadcrumbList\",\"@id\":\"https:\/\/www.able2.org\/fr\/services-de-reference-juridique-de-benevoles\/#breadcrumb\",\"itemListElement\":[{\"@type\":\"ListItem\",\"position\":1,\"name\":\"Home\",\"item\":\"https:\/\/www.able2.org\/fr\/accueil\/\"},{\"@type\":\"ListItem\",\"position\":2,\"name\":\"B\u00e9n\u00e9volat sur la liste des services de r\u00e9f\u00e9rence juridique de Reach\"}]},{\"@type\":\"WebSite\",\"@id\":\"https:\/\/www.able2.org\/#website\",\"url\":\"https:\/\/www.able2.org\/\",\"name\":\"ABLE2\",\"description\":\"\",\"publisher\":{\"@id\":\"https:\/\/www.able2.org\/#organization\"},\"potentialAction\":[{\"@type\":\"SearchAction\",\"target\":{\"@type\":\"EntryPoint\",\"urlTemplate\":\"https:\/\/www.able2.org\/?s={search_term_string}\"},\"query-input\":\"required name=search_term_string\"}],\"inLanguage\":\"fr-FR\"},{\"@type\":\"Organization\",\"@id\":\"https:\/\/www.able2.org\/#organization\",\"name\":\"ABLE2\",\"url\":\"https:\/\/www.able2.org\/\",\"logo\":{\"@type\":\"ImageObject\",\"inLanguage\":\"fr-FR\",\"@id\":\"https:\/\/www.able2.org\/#\/schema\/logo\/image\/\",\"url\":\"https:\/\/www.able2.org\/wp-content\/uploads\/2020\/05\/logo.png\",\"contentUrl\":\"https:\/\/www.able2.org\/wp-content\/uploads\/2020\/05\/logo.png\",\"width\":528,\"height\":137,\"caption\":\"ABLE2\"},\"image\":{\"@id\":\"https:\/\/www.able2.org\/#\/schema\/logo\/image\/\"}}]}<\/script>\n<!-- \/ Yoast SEO plugin. -->","yoast_head_json":{"title":"B\u00e9n\u00e9volat sur la liste des services de r\u00e9f\u00e9rence juridique de Reach | ABLE2","robots":{"index":"index","follow":"follow","max-snippet":"max-snippet:-1","max-image-preview":"max-image-preview:large","max-video-preview":"max-video-preview:-1"},"canonical":"https:\/\/www.able2.org\/fr\/services-de-reference-juridique-de-benevoles\/","og_locale":"fr_FR","og_type":"article","og_title":"B\u00e9n\u00e9volat sur la liste des services de r\u00e9f\u00e9rence juridique de Reach | ABLE2","og_description":"Le service d\u2019orientation juridique Reach d\u2019ABLE2 offre aux professionnels du droit la possibilit\u00e9 de faire une diff\u00e9rence concr\u00e8te en aidant les gens \u00e0 acc\u00e9der \u00e0 la justice, \u00e0 accro\u00eetre leurs connaissances juridiques et \u00e0 exercer leurs droits dans la dignit\u00e9. En tant que b\u00e9n\u00e9vole pour le service d&rsquo;assistance juridique, vous offrirez jusqu&rsquo;\u00e0 trois heures de [&hellip;]","og_url":"https:\/\/www.able2.org\/fr\/services-de-reference-juridique-de-benevoles\/","og_site_name":"ABLE2","article_modified_time":"2026-03-11T19:05:41+00:00","twitter_card":"summary_large_image","twitter_misc":{"Dur\u00e9e de lecture estim\u00e9e":"3 minutes"},"schema":{"@context":"https:\/\/schema.org","@graph":[{"@type":"WebPage","@id":"https:\/\/www.able2.org\/fr\/services-de-reference-juridique-de-benevoles\/","url":"https:\/\/www.able2.org\/fr\/services-de-reference-juridique-de-benevoles\/","name":"B\u00e9n\u00e9volat sur la liste des services de r\u00e9f\u00e9rence juridique de Reach | ABLE2","isPartOf":{"@id":"https:\/\/www.able2.org\/#website"},"datePublished":"2026-03-11T14:53:29+00:00","dateModified":"2026-03-11T19:05:41+00:00","breadcrumb":{"@id":"https:\/\/www.able2.org\/fr\/services-de-reference-juridique-de-benevoles\/#breadcrumb"},"inLanguage":"fr-FR","potentialAction":[{"@type":"ReadAction","target":["https:\/\/www.able2.org\/fr\/services-de-reference-juridique-de-benevoles\/"]}]},{"@type":"BreadcrumbList","@id":"https:\/\/www.able2.org\/fr\/services-de-reference-juridique-de-benevoles\/#breadcrumb","itemListElement":[{"@type":"ListItem","position":1,"name":"Home","item":"https:\/\/www.able2.org\/fr\/accueil\/"},{"@type":"ListItem","position":2,"name":"B\u00e9n\u00e9volat sur la liste des services de r\u00e9f\u00e9rence juridique de Reach"}]},{"@type":"WebSite","@id":"https:\/\/www.able2.org\/#website","url":"https:\/\/www.able2.org\/","name":"ABLE2","description":"","publisher":{"@id":"https:\/\/www.able2.org\/#organization"},"potentialAction":[{"@type":"SearchAction","target":{"@type":"EntryPoint","urlTemplate":"https:\/\/www.able2.org\/?s={search_term_string}"},"query-input":"required name=search_term_string"}],"inLanguage":"fr-FR"},{"@type":"Organization","@id":"https:\/\/www.able2.org\/#organization","name":"ABLE2","url":"https:\/\/www.able2.org\/","logo":{"@type":"ImageObject","inLanguage":"fr-FR","@id":"https:\/\/www.able2.org\/#\/schema\/logo\/image\/","url":"https:\/\/www.able2.org\/wp-content\/uploads\/2020\/05\/logo.png","contentUrl":"https:\/\/www.able2.org\/wp-content\/uploads\/2020\/05\/logo.png","width":528,"height":137,"caption":"ABLE2"},"image":{"@id":"https:\/\/www.able2.org\/#\/schema\/logo\/image\/"}}]}},"_links":{"self":[{"href":"https:\/\/www.able2.org\/fr\/wp-json\/wp\/v2\/pages\/23442"}],"collection":[{"href":"https:\/\/www.able2.org\/fr\/wp-json\/wp\/v2\/pages"}],"about":[{"href":"https:\/\/www.able2.org\/fr\/wp-json\/wp\/v2\/types\/page"}],"author":[{"embeddable":true,"href":"https:\/\/www.able2.org\/fr\/wp-json\/wp\/v2\/users\/1"}],"replies":[{"embeddable":true,"href":"https:\/\/www.able2.org\/fr\/wp-json\/wp\/v2\/comments?post=23442"}],"version-history":[{"count":8,"href":"https:\/\/www.able2.org\/fr\/wp-json\/wp\/v2\/pages\/23442\/revisions"}],"predecessor-version":[{"id":23520,"href":"https:\/\/www.able2.org\/fr\/wp-json\/wp\/v2\/pages\/23442\/revisions\/23520"}],"wp:attachment":[{"href":"https:\/\/www.able2.org\/fr\/wp-json\/wp\/v2\/media?parent=23442"}],"curies":[{"name":"wp","href":"https:\/\/api.w.org\/{rel}","templated":true}]}}