{"id":22401,"date":"2025-10-30T10:24:55","date_gmt":"2025-10-30T14:24:55","guid":{"rendered":"https:\/\/www.able2.org\/?page_id=22401"},"modified":"2025-10-30T10:33:12","modified_gmt":"2025-10-30T14:33:12","slug":"soyez-un-champion-du-quotidien","status":"publish","type":"page","link":"https:\/\/www.able2.org\/fr\/soyez-un-champion-du-quotidien\/","title":{"rendered":"Soyez un champion du quotidien"},"content":{"rendered":"\n<div class=\"wp-block-buttons is-horizontal is-content-justification-center is-layout-flex wp-container-core-buttons-is-layout-1 wp-block-buttons-is-layout-flex\">\n<div class=\"wp-block-button\"><a class=\"wp-block-button__link has-black-color has-luminous-vivid-amber-background-color has-text-color has-background no-border-radius wp-element-button\" href=\"http:\/\/weblink.donorperfect.com\/EverydayChampionsDonate\" target=\"_blank\" rel=\"noreferrer noopener\"><strong><strong>Faites un don maintenant et devenez un champion du quotidien<\/strong><\/strong><\/a><\/div>\n<\/div>\n\n\n\n<div style=\"height:20px\" aria-hidden=\"true\" class=\"wp-block-spacer\"><\/div>\n\n\n\n<p>Chaque jour, les personnes handicap\u00e9es sont confront\u00e9es \u00e0 des obstacles qui limitent leur potentiel \u00e0 mener une vie riche de sens et d&rsquo;\u00e9panouissement.<\/p>\n\n\n\n<p><strong><em>Mais des champions du quotidien comme vous ont le pouvoir de changer cela.<\/em><\/strong><\/p>\n\n\n\n<p>En faisant un don \u00e0 ABLE2, vous soutenez les transformations : de l&rsquo;isolement \u00e0 l&rsquo;inclusion, des obstacles aux perc\u00e9es, de la survie \u00e0 la prosp\u00e9rit\u00e9.<\/p>\n\n\n\n<p>D\u00e9couvrez les personnes dont la vie a \u00e9t\u00e9 transform\u00e9e parce que quelqu&rsquo;un comme vous a choisi d&rsquo;\u00eatre un Champion du quotidien.<\/p>\n\n\n\n<div style=\"height:20px\" aria-hidden=\"true\" class=\"wp-block-spacer\"><\/div>\n\n\n\n<h2 class=\"wp-block-heading\"><strong><em><strong><em>Champions du quotidien<\/em><\/strong> croit que des gens comme Mark comptent.<\/em><\/strong><\/h2>\n\n\n\n<div style=\"height:20px\" aria-hidden=\"true\" class=\"wp-block-spacer\"><\/div>\n\n\n\n<div class=\"wp-block-columns is-layout-flex wp-container-core-columns-is-layout-1 wp-block-columns-is-layout-flex\">\n<div class=\"wp-block-column is-layout-flow wp-block-column-is-layout-flow\">\n<figure class=\"wp-block-image size-large\"><img loading=\"lazy\" decoding=\"async\" width=\"1024\" height=\"1024\" src=\"https:\/\/www.able2.org\/wp-content\/uploads\/2025\/10\/Mark-E-ABLE2-50th-1-1024x1024.jpg\" alt=\"\" class=\"wp-image-22398\" srcset=\"https:\/\/www.able2.org\/wp-content\/uploads\/2025\/10\/Mark-E-ABLE2-50th-1-1024x1024.jpg 1024w, https:\/\/www.able2.org\/wp-content\/uploads\/2025\/10\/Mark-E-ABLE2-50th-1-300x300.jpg 300w, https:\/\/www.able2.org\/wp-content\/uploads\/2025\/10\/Mark-E-ABLE2-50th-1-150x150.jpg 150w, https:\/\/www.able2.org\/wp-content\/uploads\/2025\/10\/Mark-E-ABLE2-50th-1-768x768.jpg 768w, https:\/\/www.able2.org\/wp-content\/uploads\/2025\/10\/Mark-E-ABLE2-50th-1-1536x1536.jpg 1536w, https:\/\/www.able2.org\/wp-content\/uploads\/2025\/10\/Mark-E-ABLE2-50th-1-2048x2048.jpg 2048w\" sizes=\"(max-width: 1024px) 100vw, 1024px\" \/><\/figure>\n<\/div>\n\n\n\n<div class=\"wp-block-column is-layout-flow wp-block-column-is-layout-flow\">\n<p>Mark a pass\u00e9 la majeure partie de sa vie dans la solitude et l&rsquo;isolement. Lorsqu&rsquo;on lui demandait ce qu&rsquo;il comptait faire plus tard, il n&rsquo;avait pas de r\u00e9ponse claire. En rejoignant ABLE2, il a retrouv\u00e9 confiance en lui et a trouv\u00e9 une communaut\u00e9 de personnes qui croyaient en lui et le soutenaient de multiples fa\u00e7ons.<\/p>\n\n\n\n<p>Depuis, il a accompli de nombreuses choses&nbsp;: Mark a termin\u00e9 ses \u00e9tudes secondaires \u00e0 la cinquantaine, a \u00e9crit un livre autobiographique, a cr\u00e9\u00e9 son entreprise et s\u2019est m\u00eame impliqu\u00e9 dans sa communaut\u00e9 en faisant du b\u00e9n\u00e9volat dans une banque alimentaire et lors de divers \u00e9v\u00e9nements. Gr\u00e2ce \u00e0 ABLE2, il a rencontr\u00e9 son alli\u00e9 Daniel, devenu un ami fid\u00e8le et un fr\u00e8re pour lui. \u00ab&nbsp;Daniel est mon pilier au quotidien, car il choisit d\u2019\u00eatre pr\u00e9sent dans ma vie et croit en moi&nbsp;\u00bb, confie Mark.<\/p>\n\n\n\n<p><em>\u00ab\u00a0Aujourd\u2019hui, on me demande\u00a0: \u201cQue sait faire Mark\u00a0?\u201d Je souris et je r\u00e9ponds\u00a0: \u201cQue ne sais-je pas faire de ma vie\u00a0?\u201d Ma vie a chang\u00e9 gr\u00e2ce \u00e0 une communaut\u00e9 qui m\u2019a soutenu et m\u2019a donn\u00e9 le sentiment d\u2019appartenir \u00e0 un groupe. J\u2019ai rencontr\u00e9 des gens qui voyaient en moi ce que je sais faire, plut\u00f4t que ce que je ne sais pas faire\u00a0\u00bb, <\/em>confie Mark.<\/p>\n\n\n\n<p><strong>Les Champions du quotidien peuvent changer bien d&rsquo;autres vies, comme ce fut le cas pour celle de Mark. En faisant un don \u00e0 ABLE2, vous dites aux personnes handicap\u00e9es&nbsp;: \u00ab&nbsp;Vous avez votre place ici. Votre vie compte. Regardez tout ce dont vous \u00eates capables.&nbsp;\u00bb Devenez un Champion du quotidien pour d&rsquo;autres personnes comme Mark, afin qu&rsquo;elles aussi puissent se dire&nbsp;: \u00ab&nbsp;Qu&rsquo;est-ce que je ne peux pas faire de ma vie&nbsp;?&nbsp;\u00bb<\/strong><\/p>\n<\/div>\n<\/div>\n\n\n\n<div style=\"height:20px\" aria-hidden=\"true\" class=\"wp-block-spacer\"><\/div>\n\n\n\n<hr class=\"wp-block-separator has-alpha-channel-opacity\"\/>\n\n\n\n<div style=\"height:20px\" aria-hidden=\"true\" class=\"wp-block-spacer\"><\/div>\n\n\n\n<h2 class=\"wp-block-heading\"><strong><em>Les Champions du quotidien aident des personnes comme Joelle \u00e0 d\u00e9velopper leur autonomie et leur espoir.<\/em><\/strong><\/h2>\n\n\n\n<div style=\"height:20px\" aria-hidden=\"true\" class=\"wp-block-spacer\"><\/div>\n\n\n\n<div class=\"wp-block-columns is-layout-flex wp-container-core-columns-is-layout-2 wp-block-columns-is-layout-flex\">\n<div class=\"wp-block-column is-vertically-aligned-top is-layout-flow wp-block-column-is-layout-flow\">\n<figure class=\"wp-block-image size-large\"><img loading=\"lazy\" decoding=\"async\" width=\"1024\" height=\"1024\" src=\"https:\/\/www.able2.org\/wp-content\/uploads\/2025\/10\/Elderly-Hands-1024x1024.png\" alt=\"\" class=\"wp-image-22393\" srcset=\"https:\/\/www.able2.org\/wp-content\/uploads\/2025\/10\/Elderly-Hands-1024x1024.png 1024w, https:\/\/www.able2.org\/wp-content\/uploads\/2025\/10\/Elderly-Hands-300x300.png 300w, https:\/\/www.able2.org\/wp-content\/uploads\/2025\/10\/Elderly-Hands-150x150.png 150w, https:\/\/www.able2.org\/wp-content\/uploads\/2025\/10\/Elderly-Hands-768x768.png 768w, https:\/\/www.able2.org\/wp-content\/uploads\/2025\/10\/Elderly-Hands.png 1080w\" sizes=\"(max-width: 1024px) 100vw, 1024px\" \/><\/figure>\n<\/div>\n\n\n\n<div class=\"wp-block-column is-layout-flow wp-block-column-is-layout-flow\">\n<p>Joelle est inscrite sur la liste d&rsquo;attente pour un logement social depuis 2010. Malgr\u00e9 un emploi \u00e0 temps plein et une gestion autonome de ses finances, elle ne peut toujours pas se permettre un loyer de march\u00e9 avec un salaire minimum. Sa m\u00e8re, Patti, s&rsquo;inqui\u00e8te de ce qui se passera lorsqu&rsquo;elle ne pourra plus s&rsquo;occuper de Joelle, qui m\u00e9rite, comme ses s\u0153urs, de vivre de mani\u00e8re ind\u00e9pendante.<\/p>\n\n\n\n<p>Gr\u00e2ce au soutien du programme d\u2019aide au logement d\u2019ABLE2, Joelle a appris \u00e0 g\u00e9rer un budget et a acquis des comp\u00e9tences essentielles \u00e0 la vie quotidienne, mais sans acc\u00e8s \u00e0 un logement abordable, son ind\u00e9pendance reste hors de port\u00e9e.<\/p>\n\n\n\n<p><em>\u00ab Nous n\u2019avions aucune aide ni aucun soutien avant l\u2019arriv\u00e9e de Patricia, de l\u2019\u00e9quipe ABLE2. Je suis tr\u00e8s heureuse qu\u2019elle soit rest\u00e9e avec moi pendant ces deux ann\u00e9es. Je suis tr\u00e8s contente qu\u2019elle m\u2019aide \u00e0 trouver des logements et \u00e0 g\u00e9rer mon budget\u2026 elle m\u2019aide \u00e0 v\u00e9rifier si l\u2019arr\u00eat de bus est trop loin de mon travail\u2026 elle travaille vraiment dur pour moi \u00bb,<\/em> confie Joelle.<\/p>\n\n\n\n<p><strong>L\u2019association Champions du quotidien<em> croit que des gens comme Mark comptent.<\/em> donne aux personnes comme Joelle les moyens de se rapprocher de l\u2019autonomie qu\u2019elles ont si durement acquise. Votre don permettra \u00e0 davantage de personnes d\u2019acqu\u00e9rir les comp\u00e9tences, l\u2019accompagnement et les opportunit\u00e9s n\u00e9cessaires pour s\u2019\u00e9panouir et mener une vie riche de sens.<\/strong><\/p>\n<\/div>\n<\/div>\n\n\n\n<div style=\"height:20px\" aria-hidden=\"true\" class=\"wp-block-spacer\"><\/div>\n\n\n\n<hr class=\"wp-block-separator has-alpha-channel-opacity\"\/>\n\n\n\n<div style=\"height:20px\" aria-hidden=\"true\" class=\"wp-block-spacer\"><\/div>\n\n\n\n<h2 class=\"wp-block-heading\"><strong><em>Les Champions du quotidien donnent espoir et orientation aux familles comme celle d&rsquo;Alex<\/em><\/strong><\/h2>\n\n\n\n<div style=\"height:20px\" aria-hidden=\"true\" class=\"wp-block-spacer\"><\/div>\n\n\n\n<div class=\"wp-block-columns is-layout-flex wp-container-core-columns-is-layout-3 wp-block-columns-is-layout-flex\">\n<div class=\"wp-block-column is-layout-flow wp-block-column-is-layout-flow\">\n<figure class=\"wp-block-image size-large\"><img decoding=\"async\" src=\"https:\/\/www.able2.org\/wp-content\/uploads\/2024\/05\/Alex-Moisin-FARP-1024x1024.png\" alt=\"\" class=\"wp-image-18752\"\/><\/figure>\n<\/div>\n\n\n\n<div class=\"wp-block-column is-layout-flow wp-block-column-is-layout-flow\">\n<p>Lorsqu&rsquo;elle a adopt\u00e9 son fils Alex, Tracy savait qu&rsquo;il avait des besoins complexes et a commenc\u00e9 \u00e0 se renseigner sur le syndrome d&rsquo;alcoolisation f\u0153tale (SAF). Elle a trouv\u00e9 une quantit\u00e9 impressionnante d&rsquo;informations, mais aucun soutien pour les parents comme elle, qui avaient besoin d&rsquo;\u00eatre guid\u00e9s et accompagn\u00e9s pour soutenir une personne atteinte du SAF. Gr\u00e2ce au Programme de ressources sur l&rsquo;alcoolisation f\u0153tale (PRAF) d&rsquo;ABLE2, Alex et sa famille ont b\u00e9n\u00e9fici\u00e9 d&rsquo;outils et de contacts adapt\u00e9s \u00e0 leurs besoins sp\u00e9cifiques, ainsi que d&rsquo;un soutien \u00e0 domicile, au sein du syst\u00e8me \u00e9ducatif d&rsquo;Alex et aupr\u00e8s de ressources en sant\u00e9 mentale, entre autres.<\/p>\n\n\n\n<p><em>\u00ab Nous nous sentions vraiment tr\u00e8s seuls. Le programme PRAF a transform\u00e9 la vie de notre famille. ABLE2 nous a soutenus pendant des p\u00e9riodes tr\u00e8s difficiles, lorsque notre famille \u00e9tait en pleine crise. Leur aide et leur accompagnement pour s&rsquo;orienter dans des syst\u00e8mes de soutien complexes\u2026 ils ont \u00e9t\u00e9 pr\u00e9sents \u00e0 chaque \u00e9tape. Ils r\u00e9pondent aux besoins sp\u00e9cifiques de chaque enfant, et pour un parent, c&rsquo;est tout simplement inestimable \u00bb,<\/em> t\u00e9moigne Tracy.<\/p>\n\n\n\n<p><strong>L\u2019association Champions du quotidien aide les familles comme celle d\u2019Alex \u00e0 trouver espoir, conseils et le soutien n\u00e9cessaires \u00e0 leur \u00e9panouissement. En faisant un don \u00e0 ABLE2, vous contribuez \u00e0 ce qu\u2019aucun parent ne se sente seul et que chaque enfant ait la possibilit\u00e9 de r\u00e9aliser pleinement son potentiel.<\/strong><\/p>\n<\/div>\n<\/div>\n\n\n\n<hr class=\"wp-block-separator has-alpha-channel-opacity\"\/>\n\n\n\n<div style=\"height:20px\" aria-hidden=\"true\" class=\"wp-block-spacer\"><\/div>\n\n\n\n<p><strong>Ferez-vous un don aujourd&rsquo;hui et deviendrez-vous un champion du quotidien pour les personnes handicap\u00e9es&nbsp;?<\/strong><\/p>\n\n\n\n<div style=\"height:20px\" aria-hidden=\"true\" class=\"wp-block-spacer\"><\/div>\n\n\n\n<div class=\"wp-block-buttons is-horizontal is-content-justification-center is-layout-flex wp-container-core-buttons-is-layout-2 wp-block-buttons-is-layout-flex\">\n<div class=\"wp-block-button\"><a class=\"wp-block-button__link has-black-color has-luminous-vivid-amber-background-color has-text-color has-background no-border-radius wp-element-button\" href=\"http:\/\/weblink.donorperfect.com\/EverydayChampionsDonate\" target=\"_blank\" rel=\"noreferrer noopener\"><strong><strong><strong>Faites un don maintenant et devenez un champion du quotidien<\/strong><\/strong><\/strong><\/a><\/div>\n<\/div>\n\n\n\n<div style=\"height:20px\" aria-hidden=\"true\" class=\"wp-block-spacer\"><\/div>\n\n\n\n<p><strong><a href=\"https:\/\/www.able2.org\/fr\/visages-dable2\/\" target=\"_blank\" rel=\"noreferrer noopener\">D\u00e9couvrez d&rsquo;autres t\u00e9moignages sur la fa\u00e7on dont votre soutien change des vies au quotidien.<\/a><\/strong><\/p>\n\n\n\n<p><strong>Votre confiance est pr\u00e9cieuse \u00e0 nos yeux. <a href=\"https:\/\/www.able2.org\/fr\/faites-un-don\/\" target=\"_blank\" rel=\"noreferrer noopener\">D\u00e9couvrez comment vos dons sont utilis\u00e9s, comment optimiser vos cr\u00e9dits d&rsquo;imp\u00f4t pour dons de bienfaisance et comment nous prot\u00e9geons votre confiance gr\u00e2ce aux droits des donateurs ABLE2 ici.<\/a><\/strong><\/p>\n\n\n\n<div style=\"height:50px\" aria-hidden=\"true\" class=\"wp-block-spacer\"><\/div>\n\n\n    <section class=\"container sm:flex\">\n                                <article class=\"card sm:w-1\/3\">\n                <a href=\"https:\/\/www.able2.org\/fr\/faites-un-don\/\" class=\"block h-full\">\n                    <h2 class=\"card__title\">Ayez un impact durable en devenant un donateur mensuel \u2063\u2063<\/h2>\n                    <div class=\"card__img-container\">\n                        <img decoding=\"async\" src=\"https:\/\/www.able2.org\/wp-content\/uploads\/2024\/04\/2About-OurHistory-Bucket-MonthlyDonor-300x174.png\" srcset=\"https:\/\/www.able2.org\/wp-content\/uploads\/2024\/04\/2About-OurHistory-Bucket-MonthlyDonor-300x174.png 300w, https:\/\/www.able2.org\/wp-content\/uploads\/2024\/04\/2About-OurHistory-Bucket-MonthlyDonor-1024x594.png 1024w, https:\/\/www.able2.org\/wp-content\/uploads\/2024\/04\/2About-OurHistory-Bucket-MonthlyDonor-768x446.png 768w, https:\/\/www.able2.org\/wp-content\/uploads\/2024\/04\/2About-OurHistory-Bucket-MonthlyDonor.png 1329w\" sizes=\"(max-width: 640px) 100vw, 640px\" alt=\"\" class=\"card__img\">\n                    <\/div>\n                    <p class=\"card__text\">Votre don aide les personnes\u00a0 vivant avec un handicap \u00e0 acqu\u00e9rir de nouvelles<\/p>\n                <\/a>\n            <\/article>\n                                            <article class=\"card card--yellow sm:w-1\/3\">\n                <a href=\"https:\/\/www.able2.org\/fr\/nos-histoires\/\" class=\"block h-full\">\n                    <h2 class=\"card__title\">Apprenez en plus sur comment votre contribution permet de changer des vies<\/h2>\n                    <div class=\"card__img-container\">\n                        <img decoding=\"async\" src=\"https:\/\/www.able2.org\/wp-content\/uploads\/2024\/04\/1About-Bucket-History-300x174.png\" srcset=\"https:\/\/www.able2.org\/wp-content\/uploads\/2024\/04\/1About-Bucket-History-300x174.png 300w, https:\/\/www.able2.org\/wp-content\/uploads\/2024\/04\/1About-Bucket-History-1024x594.png 1024w, https:\/\/www.able2.org\/wp-content\/uploads\/2024\/04\/1About-Bucket-History-768x446.png 768w, https:\/\/www.able2.org\/wp-content\/uploads\/2024\/04\/1About-Bucket-History.png 1329w\" sizes=\"(max-width: 640px) 100vw, 640px\" alt=\"\" class=\"card__img\">\n                    <\/div>\n                    <p class=\"card__text\">Apprenez-en plus sur les histoires des utilisateurs de\u00a0 programmes, des b\u00e9n\u00e9voles et des d\u00e9fenseurs du milieu\u00a0communautaire.<\/p>\n                <\/a>\n            <\/article>\n                                            <article class=\"card sm:w-1\/3\">\n                <a href=\"https:\/\/www.able2.org\/fr\/faire-du-benevolat-avec-able2\/\" class=\"block h-full\">\n                    <h2 class=\"card__title\">B\u00e9n\u00e9vole\u2063<\/h2>\n                    <div class=\"card__img-container\">\n                        <img decoding=\"async\" src=\"https:\/\/www.able2.org\/wp-content\/uploads\/2024\/05\/DonateBucket-May2024-300x174.jpg\" srcset=\"https:\/\/www.able2.org\/wp-content\/uploads\/2024\/05\/DonateBucket-May2024-300x174.jpg 300w, https:\/\/www.able2.org\/wp-content\/uploads\/2024\/05\/DonateBucket-May2024-1024x594.jpg 1024w, https:\/\/www.able2.org\/wp-content\/uploads\/2024\/05\/DonateBucket-May2024-768x446.jpg 768w, https:\/\/www.able2.org\/wp-content\/uploads\/2024\/05\/DonateBucket-May2024.jpg 1329w\" sizes=\"(max-width: 640px) 100vw, 640px\" alt=\"\" class=\"card__img\">\n                    <\/div>\n                    <p class=\"card__text\">Lorsque vous faites du\u00a0b\u00e9n\u00e9volat, vous contribuez \u00e0\u00a0r\u00e9duire la solitude et\u00a0l\u2019isolement social v\u00e9cus par\u00a0de nombreuses personnes<\/p>\n                <\/a>\n            <\/article>\n                        <\/section>\n","protected":false},"excerpt":{"rendered":"<p>Chaque jour, les personnes handicap\u00e9es sont confront\u00e9es \u00e0 des obstacles qui limitent leur potentiel \u00e0 mener une vie riche de sens et d&rsquo;\u00e9panouissement. Mais des champions du quotidien comme vous ont le pouvoir de changer cela. En faisant un don \u00e0 ABLE2, vous soutenez les transformations : de l&rsquo;isolement \u00e0 l&rsquo;inclusion, des obstacles aux perc\u00e9es, [&hellip;]<\/p>\n","protected":false},"author":1,"featured_media":22404,"parent":0,"menu_order":0,"comment_status":"closed","ping_status":"closed","template":"page-templates\/page-no_sidebar.php","meta":{"_acf_changed":false,"footnotes":""},"acf":[],"yoast_head":"<!-- This site is optimized with the Yoast SEO plugin v22.8 - https:\/\/yoast.com\/wordpress\/plugins\/seo\/ -->\n<title>Soyez un champion du quotidien | ABLE2<\/title>\n<meta name=\"robots\" content=\"index, follow, max-snippet:-1, max-image-preview:large, max-video-preview:-1\" \/>\n<link rel=\"canonical\" href=\"https:\/\/www.able2.org\/fr\/soyez-un-champion-du-quotidien\/\" \/>\n<meta property=\"og:locale\" content=\"fr_FR\" \/>\n<meta property=\"og:type\" content=\"article\" \/>\n<meta property=\"og:title\" content=\"Soyez un champion du quotidien | ABLE2\" \/>\n<meta property=\"og:description\" content=\"Chaque jour, les personnes handicap\u00e9es sont confront\u00e9es \u00e0 des obstacles qui limitent leur potentiel \u00e0 mener une vie riche de sens et d&rsquo;\u00e9panouissement. Mais des champions du quotidien comme vous ont le pouvoir de changer cela. En faisant un don \u00e0 ABLE2, vous soutenez les transformations : de l&rsquo;isolement \u00e0 l&rsquo;inclusion, des obstacles aux perc\u00e9es, [&hellip;]\" \/>\n<meta property=\"og:url\" content=\"https:\/\/www.able2.org\/fr\/soyez-un-champion-du-quotidien\/\" \/>\n<meta property=\"og:site_name\" content=\"ABLE2\" \/>\n<meta property=\"article:modified_time\" content=\"2025-10-30T14:33:12+00:00\" \/>\n<meta property=\"og:image\" content=\"https:\/\/www.able2.org\/wp-content\/uploads\/2025\/10\/ABLE2-EverydayChampion-Slider-FR.jpg\" \/>\n\t<meta property=\"og:image:width\" content=\"1711\" \/>\n\t<meta property=\"og:image:height\" content=\"650\" \/>\n\t<meta property=\"og:image:type\" content=\"image\/jpeg\" \/>\n<meta name=\"twitter:card\" content=\"summary_large_image\" \/>\n<meta name=\"twitter:label1\" content=\"Dur\u00e9e de lecture estim\u00e9e\" \/>\n\t<meta name=\"twitter:data1\" content=\"5 minutes\" \/>\n<script type=\"application\/ld+json\" class=\"yoast-schema-graph\">{\"@context\":\"https:\/\/schema.org\",\"@graph\":[{\"@type\":\"WebPage\",\"@id\":\"https:\/\/www.able2.org\/fr\/soyez-un-champion-du-quotidien\/\",\"url\":\"https:\/\/www.able2.org\/fr\/soyez-un-champion-du-quotidien\/\",\"name\":\"Soyez un champion du quotidien | ABLE2\",\"isPartOf\":{\"@id\":\"https:\/\/www.able2.org\/#website\"},\"primaryImageOfPage\":{\"@id\":\"https:\/\/www.able2.org\/fr\/soyez-un-champion-du-quotidien\/#primaryimage\"},\"image\":{\"@id\":\"https:\/\/www.able2.org\/fr\/soyez-un-champion-du-quotidien\/#primaryimage\"},\"thumbnailUrl\":\"https:\/\/www.able2.org\/wp-content\/uploads\/2025\/10\/ABLE2-EverydayChampion-Slider-FR.jpg\",\"datePublished\":\"2025-10-30T14:24:55+00:00\",\"dateModified\":\"2025-10-30T14:33:12+00:00\",\"breadcrumb\":{\"@id\":\"https:\/\/www.able2.org\/fr\/soyez-un-champion-du-quotidien\/#breadcrumb\"},\"inLanguage\":\"fr-FR\",\"potentialAction\":[{\"@type\":\"ReadAction\",\"target\":[\"https:\/\/www.able2.org\/fr\/soyez-un-champion-du-quotidien\/\"]}]},{\"@type\":\"ImageObject\",\"inLanguage\":\"fr-FR\",\"@id\":\"https:\/\/www.able2.org\/fr\/soyez-un-champion-du-quotidien\/#primaryimage\",\"url\":\"https:\/\/www.able2.org\/wp-content\/uploads\/2025\/10\/ABLE2-EverydayChampion-Slider-FR.jpg\",\"contentUrl\":\"https:\/\/www.able2.org\/wp-content\/uploads\/2025\/10\/ABLE2-EverydayChampion-Slider-FR.jpg\",\"width\":1711,\"height\":650},{\"@type\":\"BreadcrumbList\",\"@id\":\"https:\/\/www.able2.org\/fr\/soyez-un-champion-du-quotidien\/#breadcrumb\",\"itemListElement\":[{\"@type\":\"ListItem\",\"position\":1,\"name\":\"Home\",\"item\":\"https:\/\/www.able2.org\/fr\/accueil\/\"},{\"@type\":\"ListItem\",\"position\":2,\"name\":\"Soyez un champion du quotidien\"}]},{\"@type\":\"WebSite\",\"@id\":\"https:\/\/www.able2.org\/#website\",\"url\":\"https:\/\/www.able2.org\/\",\"name\":\"ABLE2\",\"description\":\"\",\"publisher\":{\"@id\":\"https:\/\/www.able2.org\/#organization\"},\"potentialAction\":[{\"@type\":\"SearchAction\",\"target\":{\"@type\":\"EntryPoint\",\"urlTemplate\":\"https:\/\/www.able2.org\/?s={search_term_string}\"},\"query-input\":\"required name=search_term_string\"}],\"inLanguage\":\"fr-FR\"},{\"@type\":\"Organization\",\"@id\":\"https:\/\/www.able2.org\/#organization\",\"name\":\"ABLE2\",\"url\":\"https:\/\/www.able2.org\/\",\"logo\":{\"@type\":\"ImageObject\",\"inLanguage\":\"fr-FR\",\"@id\":\"https:\/\/www.able2.org\/#\/schema\/logo\/image\/\",\"url\":\"https:\/\/www.able2.org\/wp-content\/uploads\/2020\/05\/logo.png\",\"contentUrl\":\"https:\/\/www.able2.org\/wp-content\/uploads\/2020\/05\/logo.png\",\"width\":528,\"height\":137,\"caption\":\"ABLE2\"},\"image\":{\"@id\":\"https:\/\/www.able2.org\/#\/schema\/logo\/image\/\"}}]}<\/script>\n<!-- \/ Yoast SEO plugin. -->","yoast_head_json":{"title":"Soyez un champion du quotidien | ABLE2","robots":{"index":"index","follow":"follow","max-snippet":"max-snippet:-1","max-image-preview":"max-image-preview:large","max-video-preview":"max-video-preview:-1"},"canonical":"https:\/\/www.able2.org\/fr\/soyez-un-champion-du-quotidien\/","og_locale":"fr_FR","og_type":"article","og_title":"Soyez un champion du quotidien | ABLE2","og_description":"Chaque jour, les personnes handicap\u00e9es sont confront\u00e9es \u00e0 des obstacles qui limitent leur potentiel \u00e0 mener une vie riche de sens et d&rsquo;\u00e9panouissement. Mais des champions du quotidien comme vous ont le pouvoir de changer cela. En faisant un don \u00e0 ABLE2, vous soutenez les transformations : de l&rsquo;isolement \u00e0 l&rsquo;inclusion, des obstacles aux perc\u00e9es, [&hellip;]","og_url":"https:\/\/www.able2.org\/fr\/soyez-un-champion-du-quotidien\/","og_site_name":"ABLE2","article_modified_time":"2025-10-30T14:33:12+00:00","og_image":[{"width":1711,"height":650,"url":"https:\/\/www.able2.org\/wp-content\/uploads\/2025\/10\/ABLE2-EverydayChampion-Slider-FR.jpg","type":"image\/jpeg"}],"twitter_card":"summary_large_image","twitter_misc":{"Dur\u00e9e de lecture estim\u00e9e":"5 minutes"},"schema":{"@context":"https:\/\/schema.org","@graph":[{"@type":"WebPage","@id":"https:\/\/www.able2.org\/fr\/soyez-un-champion-du-quotidien\/","url":"https:\/\/www.able2.org\/fr\/soyez-un-champion-du-quotidien\/","name":"Soyez un champion du quotidien | ABLE2","isPartOf":{"@id":"https:\/\/www.able2.org\/#website"},"primaryImageOfPage":{"@id":"https:\/\/www.able2.org\/fr\/soyez-un-champion-du-quotidien\/#primaryimage"},"image":{"@id":"https:\/\/www.able2.org\/fr\/soyez-un-champion-du-quotidien\/#primaryimage"},"thumbnailUrl":"https:\/\/www.able2.org\/wp-content\/uploads\/2025\/10\/ABLE2-EverydayChampion-Slider-FR.jpg","datePublished":"2025-10-30T14:24:55+00:00","dateModified":"2025-10-30T14:33:12+00:00","breadcrumb":{"@id":"https:\/\/www.able2.org\/fr\/soyez-un-champion-du-quotidien\/#breadcrumb"},"inLanguage":"fr-FR","potentialAction":[{"@type":"ReadAction","target":["https:\/\/www.able2.org\/fr\/soyez-un-champion-du-quotidien\/"]}]},{"@type":"ImageObject","inLanguage":"fr-FR","@id":"https:\/\/www.able2.org\/fr\/soyez-un-champion-du-quotidien\/#primaryimage","url":"https:\/\/www.able2.org\/wp-content\/uploads\/2025\/10\/ABLE2-EverydayChampion-Slider-FR.jpg","contentUrl":"https:\/\/www.able2.org\/wp-content\/uploads\/2025\/10\/ABLE2-EverydayChampion-Slider-FR.jpg","width":1711,"height":650},{"@type":"BreadcrumbList","@id":"https:\/\/www.able2.org\/fr\/soyez-un-champion-du-quotidien\/#breadcrumb","itemListElement":[{"@type":"ListItem","position":1,"name":"Home","item":"https:\/\/www.able2.org\/fr\/accueil\/"},{"@type":"ListItem","position":2,"name":"Soyez un champion du quotidien"}]},{"@type":"WebSite","@id":"https:\/\/www.able2.org\/#website","url":"https:\/\/www.able2.org\/","name":"ABLE2","description":"","publisher":{"@id":"https:\/\/www.able2.org\/#organization"},"potentialAction":[{"@type":"SearchAction","target":{"@type":"EntryPoint","urlTemplate":"https:\/\/www.able2.org\/?s={search_term_string}"},"query-input":"required name=search_term_string"}],"inLanguage":"fr-FR"},{"@type":"Organization","@id":"https:\/\/www.able2.org\/#organization","name":"ABLE2","url":"https:\/\/www.able2.org\/","logo":{"@type":"ImageObject","inLanguage":"fr-FR","@id":"https:\/\/www.able2.org\/#\/schema\/logo\/image\/","url":"https:\/\/www.able2.org\/wp-content\/uploads\/2020\/05\/logo.png","contentUrl":"https:\/\/www.able2.org\/wp-content\/uploads\/2020\/05\/logo.png","width":528,"height":137,"caption":"ABLE2"},"image":{"@id":"https:\/\/www.able2.org\/#\/schema\/logo\/image\/"}}]}},"_links":{"self":[{"href":"https:\/\/www.able2.org\/fr\/wp-json\/wp\/v2\/pages\/22401"}],"collection":[{"href":"https:\/\/www.able2.org\/fr\/wp-json\/wp\/v2\/pages"}],"about":[{"href":"https:\/\/www.able2.org\/fr\/wp-json\/wp\/v2\/types\/page"}],"author":[{"embeddable":true,"href":"https:\/\/www.able2.org\/fr\/wp-json\/wp\/v2\/users\/1"}],"replies":[{"embeddable":true,"href":"https:\/\/www.able2.org\/fr\/wp-json\/wp\/v2\/comments?post=22401"}],"version-history":[{"count":7,"href":"https:\/\/www.able2.org\/fr\/wp-json\/wp\/v2\/pages\/22401\/revisions"}],"predecessor-version":[{"id":22411,"href":"https:\/\/www.able2.org\/fr\/wp-json\/wp\/v2\/pages\/22401\/revisions\/22411"}],"wp:featuredmedia":[{"embeddable":true,"href":"https:\/\/www.able2.org\/fr\/wp-json\/wp\/v2\/media\/22404"}],"wp:attachment":[{"href":"https:\/\/www.able2.org\/fr\/wp-json\/wp\/v2\/media?parent=22401"}],"curies":[{"name":"wp","href":"https:\/\/api.w.org\/{rel}","templated":true}]}}