{"id":22052,"date":"2025-08-20T12:59:58","date_gmt":"2025-08-20T16:59:58","guid":{"rendered":"https:\/\/www.able2.org\/?page_id=22052"},"modified":"2025-08-20T13:02:39","modified_gmt":"2025-08-20T17:02:39","slug":"able2-passe-a-des-operations-entierement-a-distance","status":"publish","type":"page","link":"https:\/\/www.able2.org\/fr\/able2-passe-a-des-operations-entierement-a-distance\/","title":{"rendered":"ABLE2 passe \u00e0 des op\u00e9rations enti\u00e8rement \u00e0 distance \u00e0 partir du 1er septembre 2025"},"content":{"rendered":"\n<p><strong>Le 1er septembre 2025, ABLE2\u00a0: <strong>Soutien aux personnes vivant avec des incapacit\u00e9s<\/strong> passera \u00e0 un fonctionnement \u00e0 distance.<\/strong> Ce changement nous permettra de r\u00e9duire nos frais g\u00e9n\u00e9raux et de r\u00e9investir ces ressources dans ce qui compte vraiment\u00a0: les programmes et services qui touchent directement les personnes handicap\u00e9es et leurs familles.<\/p>\n\n\n\n<p>Nous fonctionnerons <strong>enti\u00e8rement \u00e0 distance<\/strong> et n&rsquo;aurons plus de bureau physique au 312, avenue Parkdale, \u00e0 Ottawa. Notre <strong>nouvelle adresse postale<\/strong> pour les dons et les documents sera&nbsp;: <strong>1554, avenue Carling, C.P. M015, Ottawa (Ontario) K1Z 7M4.<\/strong><\/p>\n\n\n\n<p>Il s&rsquo;agit d&rsquo;une d\u00e9cision strat\u00e9gique qui refl\u00e8te l&rsquo;\u00e9volution de nos m\u00e9thodes de travail et de la mani\u00e8re dont nous pouvons optimiser notre service. En passant au t\u00e9l\u00e9travail&nbsp;:<\/p>\n\n\n\n<ul>\n<li>Nous serons en mesure de <strong>r\u00e9orienter davantage de ressources directement vers nos programmes et services essentiels en r\u00e9duisant consid\u00e9rablement nos frais g\u00e9n\u00e9raux.<\/strong><\/li>\n\n\n\n<li>Nous pouvons rencontrer des individus et des familles l\u00e0 o\u00f9 ils se trouvent, que ce soit virtuellement ou en personne dans la communaut\u00e9, augmentant <strong>ainsi notre flexibilit\u00e9<\/strong>.<\/li>\n\n\n\n<li>Nous supprimons les obstacles li\u00e9s au transport, \u00e0 la mobilit\u00e9 et \u00e0 la planification auxquels sont souvent confront\u00e9es les personnes que nous soutenons, ce qui nous permet <strong>d\u2019am\u00e9liorer l\u2019accessibilit\u00e9 et l\u2019\u00e9quit\u00e9.<\/strong><\/li>\n<\/ul>\n\n\n\n<p>Nous comprenons la n\u00e9cessit\u00e9 d&rsquo;\u00e9changer en personne et sommes toujours disponibles pour vous rencontrer. Si vous souhaitez rencontrer un membre du personnel en personne, veuillez le contacter directement, par courriel \u00e0 <strong><a href=\"mailto:info@able2.org\">info@able2.org<\/a><\/strong> ou par t\u00e9l\u00e9phone au <strong><a href=\"callto:613-761-9522\">613-761-9522<\/a><\/strong> pour organiser une rencontre dans un espace communautaire enti\u00e8rement accessible.<\/p>\n\n\n\n<p>Nous tenons \u00e0 vous rassurer&nbsp;: <strong>ABLE2 ne change pas ses activit\u00e9s, mais seulement son lieu d&rsquo;intervention.<\/strong> Nos valeurs, notre engagement et notre approche ax\u00e9e sur la communaut\u00e9 restent aussi forts que jamais. Nous sommes toujours la m\u00eame \u00e9quipe d\u00e9vou\u00e9e, proposant les m\u00eames programmes efficaces, avec la m\u00eame implication.<\/p>\n\n\n\n<p>Merci pour votre soutien continu alors que nous prenons cette mesure audacieuse pour mieux servir et autonomiser les personnes handicap\u00e9es et leurs familles.<\/p>\n\n\n\n<p>Pour toute question ou commentaire, veuillez contacter : <strong><a href=\"mailto:Hlacey@able2.org\">Hlacey@able2.org<\/a><\/strong><\/p>\n\n\n\n<div style=\"height:20px\" aria-hidden=\"true\" class=\"wp-block-spacer\"><\/div>\n\n\n\n<h2 class=\"wp-block-heading\">Questions fr\u00e9quemment pos\u00e9es<\/h2>\n\n\n\n<div style=\"height:10px\" aria-hidden=\"true\" class=\"wp-block-spacer\"><\/div>\n\n\n\n<div class=\"wp-block-pb-accordion-item c-accordion__item js-accordion-item no-js\" data-initially-open=\"false\" data-click-to-close=\"true\" data-auto-close=\"true\" data-scroll=\"false\" data-scroll-offset=\"0\"><h2 id=\"at-220520\" class=\"c-accordion__title js-accordion-controller\" role=\"button\"><strong>Pourquoi ABLE2 passe-t-il \u00e0 un mod\u00e8le distant ?<\/strong><\/h2><div id=\"ac-220520\" class=\"c-accordion__content\">\n<p>Nous effectuons actuellement une transition vers le t\u00e9l\u00e9travail afin de r\u00e9duire nos frais g\u00e9n\u00e9raux et de r\u00e9investir ces ressources dans ce qui compte vraiment&nbsp;: les programmes et services qui touchent directement les personnes handicap\u00e9es et leurs familles. Ce passage au t\u00e9l\u00e9travail nous permettra \u00e9galement d&rsquo;am\u00e9liorer l&rsquo;accessibilit\u00e9 et de servir davantage de personnes de mani\u00e8re efficace et durable. Il refl\u00e8te \u00e9galement la fa\u00e7on dont les gens pr\u00e9f\u00e8rent interagir avec nous&nbsp;: virtuellement ou dans leur communaut\u00e9, selon leurs propres conditions.<\/p>\n<\/div><\/div>\n\n\n\n<div class=\"wp-block-pb-accordion-item c-accordion__item js-accordion-item no-js\" data-initially-open=\"false\" data-click-to-close=\"true\" data-auto-close=\"true\" data-scroll=\"false\" data-scroll-offset=\"0\"><h2 id=\"at-220521\" class=\"c-accordion__title js-accordion-controller\" role=\"button\"><strong>ABLE2 offrira-t-il toujours les m\u00eames programmes et services ?<\/strong><\/h2><div id=\"ac-220521\" class=\"c-accordion__content\">\n<p>Absolument. Tous les programmes et services seront maintenus sans interruption. Ce mod\u00e8le nous permet d&rsquo;am\u00e9liorer et d&rsquo;\u00e9largir notre offre de services. Nous offrons un soutien hybride (en personne et virtuel) avec succ\u00e8s depuis des ann\u00e9es et sommes bien pr\u00e9par\u00e9s \u00e0 servir encore plus de personnes de cette mani\u00e8re.<\/p>\n<\/div><\/div>\n\n\n\n<div class=\"wp-block-pb-accordion-item c-accordion__item js-accordion-item no-js\" data-initially-open=\"false\" data-click-to-close=\"true\" data-auto-close=\"true\" data-scroll=\"false\" data-scroll-offset=\"0\"><h2 id=\"at-220522\" class=\"c-accordion__title js-accordion-controller\" role=\"button\"><strong>Comment puis-je contacter ABLE2 maintenant que le bureau est ferm\u00e9 ?<\/strong><\/h2><div id=\"ac-220522\" class=\"c-accordion__content\">\n<p>Vos coordonn\u00e9es restent inchang\u00e9es. Notre \u00e9quipe reste disponible aux heures d&rsquo;ouverture habituelles (du lundi au vendredi, de 9h \u00e0 17h) via les canaux suivants&nbsp;:<\/p>\n\n\n\n<p><strong>Email :<\/strong> <a href=\"mailto:info@able2.org\"><strong>info@able2.org<\/strong><\/a><\/p>\n\n\n\n<p><strong>T\u00e9l\u00e9phone : <\/strong><a href=\"callto:613-761-9522\"><strong>613-761-9522&nbsp;<\/strong><\/a><\/p>\n\n\n\n<p><strong>Mail :<\/strong> 1554 Carling Ave., PO Box M015, Ottawa, ON K1Z 7M4<\/p>\n\n\n\n<p><em><strong>M\u00e9dias sociaux \u2013<\/strong> ces canaux ne sont pas surveill\u00e9s 24h\/24 et 7j\/7, veuillez pr\u00e9voir un d\u00e9lai de 24 \u00e0 48 heures pour une r\u00e9ponse.<\/em><\/p>\n\n\n\n<p><strong>Facebook &#8211;<\/strong>&nbsp;<a href=\"https:\/\/www.facebook.com\/ABLE2Ott\"><strong>https:\/\/www.facebook.com\/ABLE2Ott<\/strong><\/a><\/p>\n\n\n\n<p><strong>Instagram &#8211;<\/strong> &nbsp;<a href=\"https:\/\/www.instagram.com\/able2ott\"><strong>https:\/\/www.instagram.com\/able2ott<\/strong><\/a><\/p>\n\n\n\n<p><strong>Threads &#8211;<\/strong>&nbsp;<a href=\"https:\/\/www.threads.net\/@able2ott\"><strong>https:\/\/www.threads.net\/@able2ott<\/strong><\/a><\/p>\n\n\n\n<p><strong>TikTok &#8211;<\/strong>&nbsp;<a href=\"https:\/\/www.tiktok.com\/@able2ottawa?is_from_webapp=1&amp;sender_device=pc\"><strong>https:\/\/www.tiktok.com\/@able2ottawa<\/strong><\/a><\/p>\n\n\n\n<p><strong>LinkedIn &#8211;<\/strong>&nbsp;<a href=\"https:\/\/www.linkedin.com\/company\/able2ott\/\"><strong>https:\/\/www.linkedin.com\/company\/able2ott\/<\/strong><\/a>&nbsp;(Vous pouvez \u00e9galement ajouter ABLE2 sur LinkedIn en tant qu&#8217;employeur)<\/p>\n\n\n\n<p><strong>YouTube &#8211;<\/strong>&nbsp;<a href=\"https:\/\/www.youtube.com\/channel\/UCmeH-ARShAOW5UVT3sa0xsA\"><strong>https:\/\/www.youtube.com\/channel\/UCmeH-ARShAOW5UVT3sa0xsA<\/strong><\/a><\/p>\n<\/div><\/div>\n\n\n\n<p><\/p>\n\n\n\n<div class=\"wp-block-pb-accordion-item c-accordion__item js-accordion-item no-js\" data-initially-open=\"false\" data-click-to-close=\"true\" data-auto-close=\"true\" data-scroll=\"false\" data-scroll-offset=\"0\"><h2 id=\"at-220523\" class=\"c-accordion__title js-accordion-controller\" role=\"button\"><strong>Qu\u2019advient-il des \u00e9v\u00e9nements ou des r\u00e9unions en personne&nbsp;?<\/strong><\/h2><div id=\"ac-220523\" class=\"c-accordion__content\">\n<p>Les \u00e9v\u00e9nements et r\u00e9unions en pr\u00e9sentiel font toujours partie de notre travail&nbsp;; ils seront simplement <strong>plus cibl\u00e9s et ax\u00e9s sur la communaut\u00e9.<\/strong> Si n\u00e9cessaire, nous organiserons des r\u00e9unions dans des lieux publics accessibles ou des espaces communautaires. Pour planifier une r\u00e9union en pr\u00e9sentiel, veuillez nous contacter.<\/p>\n\n\n\n<p>Si vous souhaitez rencontrer l&rsquo;un de nos collaborateurs en personne, veuillez le contacter directement, par courriel \u00e0 <a href=\"mailto:info@able2.org\"><strong>info@able2.org<\/strong><\/a> ou par t\u00e9l\u00e9phone au <strong><a href=\"callto:613-761-9522\">613-761-9522<\/a><\/strong> pour prendre rendez-vous. Nous serons ravis d&rsquo;organiser des rencontres en personne si n\u00e9cessaire.<\/p>\n<\/div><\/div>\n\n\n\n<div class=\"wp-block-pb-accordion-item c-accordion__item js-accordion-item no-js\" data-initially-open=\"false\" data-click-to-close=\"true\" data-auto-close=\"true\" data-scroll=\"false\" data-scroll-offset=\"0\"><h2 id=\"at-220524\" class=\"c-accordion__title js-accordion-controller\" role=\"button\"><strong>Comment cela affectera-t-il le personnel et les b\u00e9n\u00e9voles ?<\/strong><\/h2><div id=\"ac-220524\" class=\"c-accordion__content\">\n<p>Nos \u00e9quipes travailleront \u00e0 distance avec des modalit\u00e9s flexibles favorisant leur <strong>productivit\u00e9, leur sant\u00e9 et leur \u00e9quilibre vie professionnelle-vie priv\u00e9e.<\/strong> Les b\u00e9n\u00e9voles continueront de participer \u00e0 des <strong>activit\u00e9s virtuelles et en personne<\/strong>, en fonction des besoins du programme et de la planification de l&rsquo;\u00e9v\u00e9nement.<\/p>\n<\/div><\/div>\n\n\n\n<div class=\"wp-block-pb-accordion-item c-accordion__item js-accordion-item no-js\" data-initially-open=\"false\" data-click-to-close=\"true\" data-auto-close=\"true\" data-scroll=\"false\" data-scroll-offset=\"0\"><h2 id=\"at-220525\" class=\"c-accordion__title js-accordion-controller\" role=\"button\"><strong>ABLE2 est-il toujours bas\u00e9 \u00e0 Ottawa ?<\/strong><\/h2><div id=\"ac-220525\" class=\"c-accordion__content\">\n<p>Oui. ABLE2 reste fi\u00e8rement enracin\u00e9 \u00e0 Ottawa et profond\u00e9ment engag\u00e9 \u00e0 servir la communaut\u00e9 locale des personnes handicap\u00e9es, m\u00eame si nous augmentons notre port\u00e9e virtuelle.<\/p>\n<\/div><\/div>\n\n\n\n<div class=\"wp-block-pb-accordion-item c-accordion__item js-accordion-item no-js\" data-initially-open=\"false\" data-click-to-close=\"true\" data-auto-close=\"true\" data-scroll=\"false\" data-scroll-offset=\"0\"><h2 id=\"at-220526\" class=\"c-accordion__title js-accordion-controller\" role=\"button\"><strong>Comment puis-je rester inform\u00e9 des activit\u00e9s d\u2019ABLE2 ?<\/strong><\/h2><div id=\"ac-220526\" class=\"c-accordion__content\">\n<p>Restez inform\u00e9s gr\u00e2ce \u00e0 notre site web, nos r\u00e9seaux sociaux et notre newsletter. Inscrivez-vous ici&nbsp;: <strong><a href=\"https:\/\/lp.constantcontactpages.com\/sl\/HGNIQkH\" target=\"_blank\" rel=\"noreferrer noopener\">https:\/\/lp.constantcontactpages.com\/sl\/HGNIQkH<\/a><\/strong><\/p>\n<\/div><\/div>\n\n\n\n<div class=\"wp-block-pb-accordion-item c-accordion__item js-accordion-item no-js\" data-initially-open=\"false\" data-click-to-close=\"true\" data-auto-close=\"true\" data-scroll=\"false\" data-scroll-offset=\"0\"><h2 id=\"at-220527\" class=\"c-accordion__title js-accordion-controller\" role=\"button\"><strong>Ce changement affectera-t-il le financement ou les dons ?<\/strong><\/h2><div id=\"ac-220527\" class=\"c-accordion__content\">\n<p>Non. En fait, vos dons vont d\u00e9sormais encore plus loin. <strong>Gr\u00e2ce \u00e0 des co\u00fbts op\u00e9rationnels r\u00e9duits, une plus grande part de chaque dollar est directement consacr\u00e9e \u00e0 aider les personnes et les familles participant \u00e0 nos programmes.<\/strong> Cette mesure renforce l&rsquo;impact de chaque contribution.<\/p>\n<\/div><\/div>\n\n\n\n<div class=\"wp-block-pb-accordion-item c-accordion__item js-accordion-item no-js\" data-initially-open=\"false\" data-click-to-close=\"true\" data-auto-close=\"true\" data-scroll=\"false\" data-scroll-offset=\"0\"><h2 id=\"at-220528\" class=\"c-accordion__title js-accordion-controller\" role=\"button\"><strong>Que faire si j\u2019ai un acc\u00e8s limit\u00e9 \u00e0 la technologie ou si j\u2019ai besoin d\u2019aide pour utiliser les services virtuels d\u2019ABLE2&nbsp;?<\/strong><\/h2><div id=\"ac-220528\" class=\"c-accordion__content\">\n<p>Nous nous engageons \u00e0 ce que personne ne soit laiss\u00e9 pour compte. Si vous avez besoin d&rsquo;aide pour acc\u00e9der aux services en ligne ou pr\u00e9f\u00e9rez des alternatives comme les appels t\u00e9l\u00e9phoniques ou les documents imprim\u00e9s, contactez-nous. Nous trouverons avec vous la meilleure solution pour que vous puissiez rester connect\u00e9 et soutenu.<\/p>\n<\/div><\/div>\n","protected":false},"excerpt":{"rendered":"<p>Le 1er septembre 2025, ABLE2\u00a0: Soutien aux personnes vivant avec des incapacit\u00e9s passera \u00e0 un fonctionnement \u00e0 distance. Ce changement nous permettra de r\u00e9duire nos frais g\u00e9n\u00e9raux et de r\u00e9investir ces ressources dans ce qui compte vraiment\u00a0: les programmes et services qui touchent directement les personnes handicap\u00e9es et leurs familles. Nous fonctionnerons enti\u00e8rement \u00e0 distance [&hellip;]<\/p>\n","protected":false},"author":1,"featured_media":22059,"parent":0,"menu_order":0,"comment_status":"closed","ping_status":"closed","template":"page-templates\/page-sidebar.php","meta":{"_acf_changed":false,"footnotes":""},"acf":[],"yoast_head":"<!-- This site is optimized with the Yoast SEO plugin v22.8 - https:\/\/yoast.com\/wordpress\/plugins\/seo\/ -->\n<title>ABLE2 passe \u00e0 des op\u00e9rations enti\u00e8rement \u00e0 distance \u00e0 partir du 1er septembre 2025 | ABLE2<\/title>\n<meta name=\"robots\" content=\"index, follow, max-snippet:-1, max-image-preview:large, max-video-preview:-1\" \/>\n<link rel=\"canonical\" href=\"https:\/\/www.able2.org\/fr\/able2-passe-a-des-operations-entierement-a-distance\/\" \/>\n<meta property=\"og:locale\" content=\"fr_FR\" \/>\n<meta property=\"og:type\" content=\"article\" \/>\n<meta property=\"og:title\" content=\"ABLE2 passe \u00e0 des op\u00e9rations enti\u00e8rement \u00e0 distance \u00e0 partir du 1er septembre 2025 | ABLE2\" \/>\n<meta property=\"og:description\" content=\"Le 1er septembre 2025, ABLE2\u00a0: Soutien aux personnes vivant avec des incapacit\u00e9s passera \u00e0 un fonctionnement \u00e0 distance. Ce changement nous permettra de r\u00e9duire nos frais g\u00e9n\u00e9raux et de r\u00e9investir ces ressources dans ce qui compte vraiment\u00a0: les programmes et services qui touchent directement les personnes handicap\u00e9es et leurs familles. Nous fonctionnerons enti\u00e8rement \u00e0 distance [&hellip;]\" \/>\n<meta property=\"og:url\" content=\"https:\/\/www.able2.org\/fr\/able2-passe-a-des-operations-entierement-a-distance\/\" \/>\n<meta property=\"og:site_name\" content=\"ABLE2\" \/>\n<meta property=\"article:modified_time\" content=\"2025-08-20T17:02:39+00:00\" \/>\n<meta property=\"og:image\" content=\"https:\/\/www.able2.org\/wp-content\/uploads\/2025\/08\/ABLE2-FullyRemote-Banner-1920x1080-FR.jpg\" \/>\n\t<meta property=\"og:image:width\" content=\"1920\" \/>\n\t<meta property=\"og:image:height\" content=\"1080\" \/>\n\t<meta property=\"og:image:type\" content=\"image\/jpeg\" \/>\n<meta name=\"twitter:card\" content=\"summary_large_image\" \/>\n<meta name=\"twitter:label1\" content=\"Dur\u00e9e de lecture estim\u00e9e\" \/>\n\t<meta name=\"twitter:data1\" content=\"5 minutes\" \/>\n<script type=\"application\/ld+json\" class=\"yoast-schema-graph\">{\"@context\":\"https:\/\/schema.org\",\"@graph\":[{\"@type\":\"WebPage\",\"@id\":\"https:\/\/www.able2.org\/fr\/able2-passe-a-des-operations-entierement-a-distance\/\",\"url\":\"https:\/\/www.able2.org\/fr\/able2-passe-a-des-operations-entierement-a-distance\/\",\"name\":\"ABLE2 passe \u00e0 des op\u00e9rations enti\u00e8rement \u00e0 distance \u00e0 partir du 1er septembre 2025 | ABLE2\",\"isPartOf\":{\"@id\":\"https:\/\/www.able2.org\/#website\"},\"primaryImageOfPage\":{\"@id\":\"https:\/\/www.able2.org\/fr\/able2-passe-a-des-operations-entierement-a-distance\/#primaryimage\"},\"image\":{\"@id\":\"https:\/\/www.able2.org\/fr\/able2-passe-a-des-operations-entierement-a-distance\/#primaryimage\"},\"thumbnailUrl\":\"https:\/\/www.able2.org\/wp-content\/uploads\/2025\/08\/ABLE2-FullyRemote-Banner-1920x1080-FR.jpg\",\"datePublished\":\"2025-08-20T16:59:58+00:00\",\"dateModified\":\"2025-08-20T17:02:39+00:00\",\"breadcrumb\":{\"@id\":\"https:\/\/www.able2.org\/fr\/able2-passe-a-des-operations-entierement-a-distance\/#breadcrumb\"},\"inLanguage\":\"fr-FR\",\"potentialAction\":[{\"@type\":\"ReadAction\",\"target\":[\"https:\/\/www.able2.org\/fr\/able2-passe-a-des-operations-entierement-a-distance\/\"]}]},{\"@type\":\"ImageObject\",\"inLanguage\":\"fr-FR\",\"@id\":\"https:\/\/www.able2.org\/fr\/able2-passe-a-des-operations-entierement-a-distance\/#primaryimage\",\"url\":\"https:\/\/www.able2.org\/wp-content\/uploads\/2025\/08\/ABLE2-FullyRemote-Banner-1920x1080-FR.jpg\",\"contentUrl\":\"https:\/\/www.able2.org\/wp-content\/uploads\/2025\/08\/ABLE2-FullyRemote-Banner-1920x1080-FR.jpg\",\"width\":1920,\"height\":1080},{\"@type\":\"BreadcrumbList\",\"@id\":\"https:\/\/www.able2.org\/fr\/able2-passe-a-des-operations-entierement-a-distance\/#breadcrumb\",\"itemListElement\":[{\"@type\":\"ListItem\",\"position\":1,\"name\":\"Home\",\"item\":\"https:\/\/www.able2.org\/fr\/accueil\/\"},{\"@type\":\"ListItem\",\"position\":2,\"name\":\"ABLE2 passe \u00e0 des op\u00e9rations enti\u00e8rement \u00e0 distance \u00e0 partir du 1er septembre 2025\"}]},{\"@type\":\"WebSite\",\"@id\":\"https:\/\/www.able2.org\/#website\",\"url\":\"https:\/\/www.able2.org\/\",\"name\":\"ABLE2\",\"description\":\"\",\"publisher\":{\"@id\":\"https:\/\/www.able2.org\/#organization\"},\"potentialAction\":[{\"@type\":\"SearchAction\",\"target\":{\"@type\":\"EntryPoint\",\"urlTemplate\":\"https:\/\/www.able2.org\/?s={search_term_string}\"},\"query-input\":\"required name=search_term_string\"}],\"inLanguage\":\"fr-FR\"},{\"@type\":\"Organization\",\"@id\":\"https:\/\/www.able2.org\/#organization\",\"name\":\"ABLE2\",\"url\":\"https:\/\/www.able2.org\/\",\"logo\":{\"@type\":\"ImageObject\",\"inLanguage\":\"fr-FR\",\"@id\":\"https:\/\/www.able2.org\/#\/schema\/logo\/image\/\",\"url\":\"https:\/\/www.able2.org\/wp-content\/uploads\/2020\/05\/logo.png\",\"contentUrl\":\"https:\/\/www.able2.org\/wp-content\/uploads\/2020\/05\/logo.png\",\"width\":528,\"height\":137,\"caption\":\"ABLE2\"},\"image\":{\"@id\":\"https:\/\/www.able2.org\/#\/schema\/logo\/image\/\"}}]}<\/script>\n<!-- \/ Yoast SEO plugin. -->","yoast_head_json":{"title":"ABLE2 passe \u00e0 des op\u00e9rations enti\u00e8rement \u00e0 distance \u00e0 partir du 1er septembre 2025 | ABLE2","robots":{"index":"index","follow":"follow","max-snippet":"max-snippet:-1","max-image-preview":"max-image-preview:large","max-video-preview":"max-video-preview:-1"},"canonical":"https:\/\/www.able2.org\/fr\/able2-passe-a-des-operations-entierement-a-distance\/","og_locale":"fr_FR","og_type":"article","og_title":"ABLE2 passe \u00e0 des op\u00e9rations enti\u00e8rement \u00e0 distance \u00e0 partir du 1er septembre 2025 | ABLE2","og_description":"Le 1er septembre 2025, ABLE2\u00a0: Soutien aux personnes vivant avec des incapacit\u00e9s passera \u00e0 un fonctionnement \u00e0 distance. Ce changement nous permettra de r\u00e9duire nos frais g\u00e9n\u00e9raux et de r\u00e9investir ces ressources dans ce qui compte vraiment\u00a0: les programmes et services qui touchent directement les personnes handicap\u00e9es et leurs familles. Nous fonctionnerons enti\u00e8rement \u00e0 distance [&hellip;]","og_url":"https:\/\/www.able2.org\/fr\/able2-passe-a-des-operations-entierement-a-distance\/","og_site_name":"ABLE2","article_modified_time":"2025-08-20T17:02:39+00:00","og_image":[{"width":1920,"height":1080,"url":"https:\/\/www.able2.org\/wp-content\/uploads\/2025\/08\/ABLE2-FullyRemote-Banner-1920x1080-FR.jpg","type":"image\/jpeg"}],"twitter_card":"summary_large_image","twitter_misc":{"Dur\u00e9e de lecture estim\u00e9e":"5 minutes"},"schema":{"@context":"https:\/\/schema.org","@graph":[{"@type":"WebPage","@id":"https:\/\/www.able2.org\/fr\/able2-passe-a-des-operations-entierement-a-distance\/","url":"https:\/\/www.able2.org\/fr\/able2-passe-a-des-operations-entierement-a-distance\/","name":"ABLE2 passe \u00e0 des op\u00e9rations enti\u00e8rement \u00e0 distance \u00e0 partir du 1er septembre 2025 | ABLE2","isPartOf":{"@id":"https:\/\/www.able2.org\/#website"},"primaryImageOfPage":{"@id":"https:\/\/www.able2.org\/fr\/able2-passe-a-des-operations-entierement-a-distance\/#primaryimage"},"image":{"@id":"https:\/\/www.able2.org\/fr\/able2-passe-a-des-operations-entierement-a-distance\/#primaryimage"},"thumbnailUrl":"https:\/\/www.able2.org\/wp-content\/uploads\/2025\/08\/ABLE2-FullyRemote-Banner-1920x1080-FR.jpg","datePublished":"2025-08-20T16:59:58+00:00","dateModified":"2025-08-20T17:02:39+00:00","breadcrumb":{"@id":"https:\/\/www.able2.org\/fr\/able2-passe-a-des-operations-entierement-a-distance\/#breadcrumb"},"inLanguage":"fr-FR","potentialAction":[{"@type":"ReadAction","target":["https:\/\/www.able2.org\/fr\/able2-passe-a-des-operations-entierement-a-distance\/"]}]},{"@type":"ImageObject","inLanguage":"fr-FR","@id":"https:\/\/www.able2.org\/fr\/able2-passe-a-des-operations-entierement-a-distance\/#primaryimage","url":"https:\/\/www.able2.org\/wp-content\/uploads\/2025\/08\/ABLE2-FullyRemote-Banner-1920x1080-FR.jpg","contentUrl":"https:\/\/www.able2.org\/wp-content\/uploads\/2025\/08\/ABLE2-FullyRemote-Banner-1920x1080-FR.jpg","width":1920,"height":1080},{"@type":"BreadcrumbList","@id":"https:\/\/www.able2.org\/fr\/able2-passe-a-des-operations-entierement-a-distance\/#breadcrumb","itemListElement":[{"@type":"ListItem","position":1,"name":"Home","item":"https:\/\/www.able2.org\/fr\/accueil\/"},{"@type":"ListItem","position":2,"name":"ABLE2 passe \u00e0 des op\u00e9rations enti\u00e8rement \u00e0 distance \u00e0 partir du 1er septembre 2025"}]},{"@type":"WebSite","@id":"https:\/\/www.able2.org\/#website","url":"https:\/\/www.able2.org\/","name":"ABLE2","description":"","publisher":{"@id":"https:\/\/www.able2.org\/#organization"},"potentialAction":[{"@type":"SearchAction","target":{"@type":"EntryPoint","urlTemplate":"https:\/\/www.able2.org\/?s={search_term_string}"},"query-input":"required name=search_term_string"}],"inLanguage":"fr-FR"},{"@type":"Organization","@id":"https:\/\/www.able2.org\/#organization","name":"ABLE2","url":"https:\/\/www.able2.org\/","logo":{"@type":"ImageObject","inLanguage":"fr-FR","@id":"https:\/\/www.able2.org\/#\/schema\/logo\/image\/","url":"https:\/\/www.able2.org\/wp-content\/uploads\/2020\/05\/logo.png","contentUrl":"https:\/\/www.able2.org\/wp-content\/uploads\/2020\/05\/logo.png","width":528,"height":137,"caption":"ABLE2"},"image":{"@id":"https:\/\/www.able2.org\/#\/schema\/logo\/image\/"}}]}},"_links":{"self":[{"href":"https:\/\/www.able2.org\/fr\/wp-json\/wp\/v2\/pages\/22052"}],"collection":[{"href":"https:\/\/www.able2.org\/fr\/wp-json\/wp\/v2\/pages"}],"about":[{"href":"https:\/\/www.able2.org\/fr\/wp-json\/wp\/v2\/types\/page"}],"author":[{"embeddable":true,"href":"https:\/\/www.able2.org\/fr\/wp-json\/wp\/v2\/users\/1"}],"replies":[{"embeddable":true,"href":"https:\/\/www.able2.org\/fr\/wp-json\/wp\/v2\/comments?post=22052"}],"version-history":[{"count":3,"href":"https:\/\/www.able2.org\/fr\/wp-json\/wp\/v2\/pages\/22052\/revisions"}],"predecessor-version":[{"id":22063,"href":"https:\/\/www.able2.org\/fr\/wp-json\/wp\/v2\/pages\/22052\/revisions\/22063"}],"wp:featuredmedia":[{"embeddable":true,"href":"https:\/\/www.able2.org\/fr\/wp-json\/wp\/v2\/media\/22059"}],"wp:attachment":[{"href":"https:\/\/www.able2.org\/fr\/wp-json\/wp\/v2\/media?parent=22052"}],"curies":[{"name":"wp","href":"https:\/\/api.w.org\/{rel}","templated":true}]}}