{"id":20707,"date":"2025-03-05T11:02:30","date_gmt":"2025-03-05T16:02:30","guid":{"rendered":"https:\/\/www.able2.org\/join-our-board-of-directors\/"},"modified":"2025-03-06T13:29:08","modified_gmt":"2025-03-06T18:29:08","slug":"rejoignez-notre-conseil-dadministration","status":"publish","type":"page","link":"https:\/\/www.able2.org\/fr\/rejoignez-notre-conseil-dadministration\/","title":{"rendered":"Rejoignez notre conseil d&rsquo;administration"},"content":{"rendered":"\n<p>Vous \u00eates une personne passionn\u00e9e et d\u00e9vou\u00e9e qui souhaite s\u2019impliquer davantage dans le d\u00e9veloppement et la gouvernance d\u2019ABLE2 ? Rejoignez notre conseil d\u2019administration !<\/p>\n\n\n\n<p>En tant que membre du conseil d\u2019administration, vous jouerez un r\u00f4le crucial en guidant notre organisation et en soutenant notre mission visant \u00e0 permettre aux personnes handicap\u00e9es de r\u00e9aliser leur plein potentiel.<\/p>\n\n\n\n<div style=\"height:25px\" aria-hidden=\"true\" class=\"wp-block-spacer\"><\/div>\n\n\n\n<p><strong>Pourquoi rejoindre notre conseil d&rsquo;administration?<\/strong><\/p>\n\n\n\n<ul>\n<li><strong>Faites la diff\u00e9rence :<\/strong> Contribuez \u00e0 l\u2019orientation strat\u00e9gique et \u00e0 la gouvernance d\u2019ABLE2, en veillant \u00e0 ce que nous continuions \u00e0 fournir des services et un soutien essentiels \u00e0 notre communaut\u00e9.<\/li>\n\n\n\n<li><strong>Opportunit\u00e9 de leadership :<\/strong> utilisez vos comp\u00e9tences et votre exp\u00e9rience pour influencer un changement positif et faire avancer notre organisation.<\/li>\n\n\n\n<li><strong>Impact communautaire :<\/strong> Aidez-nous \u00e0 b\u00e2tir une communaut\u00e9 plus inclusive et solidaire pour les personnes handicap\u00e9es.<\/li>\n<\/ul>\n\n\n\n<div style=\"height:25px\" aria-hidden=\"true\" class=\"wp-block-spacer\"><\/div>\n\n\n\n<p><strong>Responsabilit\u00e9s<\/strong><\/p>\n\n\n\n<p>En tant que membre du conseil d&rsquo;administration, vous :<\/p>\n\n\n\n<ul>\n<li>Assister et participer activement aux r\u00e9unions r\u00e9guli\u00e8res du conseil d\u2019administration.<\/li>\n\n\n\n<li>Assurer une supervision strat\u00e9gique et une gouvernance.<\/li>\n\n\n\n<li>Soutenez les efforts de collecte de fonds et d\u2019engagement communautaire.<\/li>\n\n\n\n<li>Collaborer avec les autres membres du conseil d\u2019administration et le personnel pour atteindre les objectifs de l\u2019organisation.<\/li>\n<\/ul>\n\n\n\n<div style=\"height:25px\" aria-hidden=\"true\" class=\"wp-block-spacer\"><\/div>\n\n\n\n<p><strong><strong>Qualifications<\/strong><\/strong><\/p>\n\n\n\n<p>Nous recherchons des personnes qui :<\/p>\n\n\n\n<ul>\n<li>Ayez une passion pour notre mission et un engagement \u00e0 faire une diff\u00e9rence.<\/li>\n\n\n\n<li>Poss\u00e9der de l\u2019exp\u00e9rience dans des domaines tels que la gouvernance, les finances, la collecte de fonds ou l\u2019engagement communautaire.<\/li>\n\n\n\n<li>Sont pr\u00eats \u00e0 consacrer du temps et des efforts pour soutenir notre organisation.<\/li>\n<\/ul>\n\n\n\n<div style=\"height:25px\" aria-hidden=\"true\" class=\"wp-block-spacer\"><\/div>\n\n\n\n<p><strong>Comment postuler<\/strong><\/p>\n\n\n\n<p>Nous ne recrutons pas activement de membres du conseil d&rsquo;administration pour le moment. Veuillez consulter r\u00e9guli\u00e8rement cette page ou vous abonner \u00e0 notre liste de diffusion pour \u00eatre inform\u00e9 des opportunit\u00e9s futures.<\/p>\n\n\n\n<div style=\"height:50px\" aria-hidden=\"true\" class=\"wp-block-spacer\"><\/div>\n\n\n    <section class=\"container sm:flex\">\n                                <article class=\"card sm:w-1\/3\">\n                <a href=\"https:\/\/www.able2.org\/fr\/faites-un-don\/\" class=\"block h-full\">\n                    <h2 class=\"card__title\">Ayez un impact durable en devenant un donateur mensuel \u2063\u2063<\/h2>\n                    <div class=\"card__img-container\">\n                        <img decoding=\"async\" src=\"https:\/\/www.able2.org\/wp-content\/uploads\/2024\/04\/2About-OurHistory-Bucket-MonthlyDonor-300x174.png\" srcset=\"https:\/\/www.able2.org\/wp-content\/uploads\/2024\/04\/2About-OurHistory-Bucket-MonthlyDonor-300x174.png 300w, https:\/\/www.able2.org\/wp-content\/uploads\/2024\/04\/2About-OurHistory-Bucket-MonthlyDonor-1024x594.png 1024w, https:\/\/www.able2.org\/wp-content\/uploads\/2024\/04\/2About-OurHistory-Bucket-MonthlyDonor-768x446.png 768w, https:\/\/www.able2.org\/wp-content\/uploads\/2024\/04\/2About-OurHistory-Bucket-MonthlyDonor.png 1329w\" sizes=\"(max-width: 640px) 100vw, 640px\" alt=\"\" class=\"card__img\">\n                    <\/div>\n                    <p class=\"card__text\">Votre don aide les personnes\u00a0 vivant avec un handicap \u00e0 acqu\u00e9rir de nouvelles<\/p>\n                <\/a>\n            <\/article>\n                                            <article class=\"card card--yellow sm:w-1\/3\">\n                <a href=\"https:\/\/www.able2.org\/fr\/nos-histoires\/\" class=\"block h-full\">\n                    <h2 class=\"card__title\">Apprenez en plus sur comment votre contribution permet de changer des vies<\/h2>\n                    <div class=\"card__img-container\">\n                        <img decoding=\"async\" src=\"https:\/\/www.able2.org\/wp-content\/uploads\/2024\/04\/1About-Bucket-History-300x174.png\" srcset=\"https:\/\/www.able2.org\/wp-content\/uploads\/2024\/04\/1About-Bucket-History-300x174.png 300w, https:\/\/www.able2.org\/wp-content\/uploads\/2024\/04\/1About-Bucket-History-1024x594.png 1024w, https:\/\/www.able2.org\/wp-content\/uploads\/2024\/04\/1About-Bucket-History-768x446.png 768w, https:\/\/www.able2.org\/wp-content\/uploads\/2024\/04\/1About-Bucket-History.png 1329w\" sizes=\"(max-width: 640px) 100vw, 640px\" alt=\"\" class=\"card__img\">\n                    <\/div>\n                    <p class=\"card__text\">Apprenez-en plus sur les histoires des utilisateurs de\u00a0 programmes, des b\u00e9n\u00e9voles et des d\u00e9fenseurs du milieu\u00a0communautaire.<\/p>\n                <\/a>\n            <\/article>\n                                            <article class=\"card sm:w-1\/3\">\n                <a href=\"https:\/\/www.able2.org\/fr\/programmes\/\" class=\"block h-full\">\n                    <h2 class=\"card__title\">En savoir plus sur les programmes et services d&rsquo;ABLE2<\/h2>\n                    <div class=\"card__img-container\">\n                        <img decoding=\"async\" src=\"https:\/\/www.able2.org\/wp-content\/uploads\/2024\/05\/DonateBucket-May2024-300x174.jpg\" srcset=\"https:\/\/www.able2.org\/wp-content\/uploads\/2024\/05\/DonateBucket-May2024-300x174.jpg 300w, https:\/\/www.able2.org\/wp-content\/uploads\/2024\/05\/DonateBucket-May2024-1024x594.jpg 1024w, https:\/\/www.able2.org\/wp-content\/uploads\/2024\/05\/DonateBucket-May2024-768x446.jpg 768w, https:\/\/www.able2.org\/wp-content\/uploads\/2024\/05\/DonateBucket-May2024.jpg 1329w\" sizes=\"(max-width: 640px) 100vw, 640px\" alt=\"\" class=\"card__img\">\n                    <\/div>\n                    <p class=\"card__text\">Les programmes d\u2019ABLE2 canalisent le pouvoir de personnes compatissantes pour apporter de l\u2019espoir et du soutien aux personnes handicap\u00e9es de la communaut\u00e9. Pour en savoir plus sur les programmes et services d\u2019ABLE2, cliquez ici.<\/p>\n                <\/a>\n            <\/article>\n                        <\/section>\n","protected":false},"excerpt":{"rendered":"<p>Vous \u00eates une personne passionn\u00e9e et d\u00e9vou\u00e9e qui souhaite s\u2019impliquer davantage dans le d\u00e9veloppement et la gouvernance d\u2019ABLE2 ? Rejoignez notre conseil d\u2019administration ! En tant que membre du conseil d\u2019administration, vous jouerez un r\u00f4le crucial en guidant notre organisation et en soutenant notre mission visant \u00e0 permettre aux personnes handicap\u00e9es de r\u00e9aliser leur plein [&hellip;]<\/p>\n","protected":false},"author":1,"featured_media":0,"parent":0,"menu_order":0,"comment_status":"closed","ping_status":"closed","template":"page-templates\/page-no_sidebar.php","meta":{"_acf_changed":false,"footnotes":""},"acf":[],"yoast_head":"<!-- This site is optimized with the Yoast SEO plugin v22.8 - https:\/\/yoast.com\/wordpress\/plugins\/seo\/ -->\n<title>Rejoignez notre conseil d&#039;administration | ABLE2<\/title>\n<meta name=\"robots\" content=\"index, follow, max-snippet:-1, max-image-preview:large, max-video-preview:-1\" \/>\n<link rel=\"canonical\" href=\"https:\/\/www.able2.org\/fr\/rejoignez-notre-conseil-dadministration\/\" \/>\n<meta property=\"og:locale\" content=\"fr_FR\" \/>\n<meta property=\"og:type\" content=\"article\" \/>\n<meta property=\"og:title\" content=\"Rejoignez notre conseil d&#039;administration | ABLE2\" \/>\n<meta property=\"og:description\" content=\"Vous \u00eates une personne passionn\u00e9e et d\u00e9vou\u00e9e qui souhaite s\u2019impliquer davantage dans le d\u00e9veloppement et la gouvernance d\u2019ABLE2 ? Rejoignez notre conseil d\u2019administration ! En tant que membre du conseil d\u2019administration, vous jouerez un r\u00f4le crucial en guidant notre organisation et en soutenant notre mission visant \u00e0 permettre aux personnes handicap\u00e9es de r\u00e9aliser leur plein [&hellip;]\" \/>\n<meta property=\"og:url\" content=\"https:\/\/www.able2.org\/fr\/rejoignez-notre-conseil-dadministration\/\" \/>\n<meta property=\"og:site_name\" content=\"ABLE2\" \/>\n<meta property=\"article:modified_time\" content=\"2025-03-06T18:29:08+00:00\" \/>\n<meta name=\"twitter:card\" content=\"summary_large_image\" \/>\n<meta name=\"twitter:label1\" content=\"Dur\u00e9e de lecture estim\u00e9e\" \/>\n\t<meta name=\"twitter:data1\" content=\"2 minutes\" \/>\n<script type=\"application\/ld+json\" class=\"yoast-schema-graph\">{\"@context\":\"https:\/\/schema.org\",\"@graph\":[{\"@type\":\"WebPage\",\"@id\":\"https:\/\/www.able2.org\/fr\/rejoignez-notre-conseil-dadministration\/\",\"url\":\"https:\/\/www.able2.org\/fr\/rejoignez-notre-conseil-dadministration\/\",\"name\":\"Rejoignez notre conseil d'administration | ABLE2\",\"isPartOf\":{\"@id\":\"https:\/\/www.able2.org\/#website\"},\"datePublished\":\"2025-03-05T16:02:30+00:00\",\"dateModified\":\"2025-03-06T18:29:08+00:00\",\"breadcrumb\":{\"@id\":\"https:\/\/www.able2.org\/fr\/rejoignez-notre-conseil-dadministration\/#breadcrumb\"},\"inLanguage\":\"fr-FR\",\"potentialAction\":[{\"@type\":\"ReadAction\",\"target\":[\"https:\/\/www.able2.org\/fr\/rejoignez-notre-conseil-dadministration\/\"]}]},{\"@type\":\"BreadcrumbList\",\"@id\":\"https:\/\/www.able2.org\/fr\/rejoignez-notre-conseil-dadministration\/#breadcrumb\",\"itemListElement\":[{\"@type\":\"ListItem\",\"position\":1,\"name\":\"Home\",\"item\":\"https:\/\/www.able2.org\/fr\/accueil\/\"},{\"@type\":\"ListItem\",\"position\":2,\"name\":\"Rejoignez notre conseil d&#8217;administration\"}]},{\"@type\":\"WebSite\",\"@id\":\"https:\/\/www.able2.org\/#website\",\"url\":\"https:\/\/www.able2.org\/\",\"name\":\"ABLE2\",\"description\":\"\",\"publisher\":{\"@id\":\"https:\/\/www.able2.org\/#organization\"},\"potentialAction\":[{\"@type\":\"SearchAction\",\"target\":{\"@type\":\"EntryPoint\",\"urlTemplate\":\"https:\/\/www.able2.org\/?s={search_term_string}\"},\"query-input\":\"required name=search_term_string\"}],\"inLanguage\":\"fr-FR\"},{\"@type\":\"Organization\",\"@id\":\"https:\/\/www.able2.org\/#organization\",\"name\":\"ABLE2\",\"url\":\"https:\/\/www.able2.org\/\",\"logo\":{\"@type\":\"ImageObject\",\"inLanguage\":\"fr-FR\",\"@id\":\"https:\/\/www.able2.org\/#\/schema\/logo\/image\/\",\"url\":\"https:\/\/www.able2.org\/wp-content\/uploads\/2020\/05\/logo.png\",\"contentUrl\":\"https:\/\/www.able2.org\/wp-content\/uploads\/2020\/05\/logo.png\",\"width\":528,\"height\":137,\"caption\":\"ABLE2\"},\"image\":{\"@id\":\"https:\/\/www.able2.org\/#\/schema\/logo\/image\/\"}}]}<\/script>\n<!-- \/ Yoast SEO plugin. -->","yoast_head_json":{"title":"Rejoignez notre conseil d'administration | ABLE2","robots":{"index":"index","follow":"follow","max-snippet":"max-snippet:-1","max-image-preview":"max-image-preview:large","max-video-preview":"max-video-preview:-1"},"canonical":"https:\/\/www.able2.org\/fr\/rejoignez-notre-conseil-dadministration\/","og_locale":"fr_FR","og_type":"article","og_title":"Rejoignez notre conseil d'administration | ABLE2","og_description":"Vous \u00eates une personne passionn\u00e9e et d\u00e9vou\u00e9e qui souhaite s\u2019impliquer davantage dans le d\u00e9veloppement et la gouvernance d\u2019ABLE2 ? Rejoignez notre conseil d\u2019administration ! En tant que membre du conseil d\u2019administration, vous jouerez un r\u00f4le crucial en guidant notre organisation et en soutenant notre mission visant \u00e0 permettre aux personnes handicap\u00e9es de r\u00e9aliser leur plein [&hellip;]","og_url":"https:\/\/www.able2.org\/fr\/rejoignez-notre-conseil-dadministration\/","og_site_name":"ABLE2","article_modified_time":"2025-03-06T18:29:08+00:00","twitter_card":"summary_large_image","twitter_misc":{"Dur\u00e9e de lecture estim\u00e9e":"2 minutes"},"schema":{"@context":"https:\/\/schema.org","@graph":[{"@type":"WebPage","@id":"https:\/\/www.able2.org\/fr\/rejoignez-notre-conseil-dadministration\/","url":"https:\/\/www.able2.org\/fr\/rejoignez-notre-conseil-dadministration\/","name":"Rejoignez notre conseil d'administration | ABLE2","isPartOf":{"@id":"https:\/\/www.able2.org\/#website"},"datePublished":"2025-03-05T16:02:30+00:00","dateModified":"2025-03-06T18:29:08+00:00","breadcrumb":{"@id":"https:\/\/www.able2.org\/fr\/rejoignez-notre-conseil-dadministration\/#breadcrumb"},"inLanguage":"fr-FR","potentialAction":[{"@type":"ReadAction","target":["https:\/\/www.able2.org\/fr\/rejoignez-notre-conseil-dadministration\/"]}]},{"@type":"BreadcrumbList","@id":"https:\/\/www.able2.org\/fr\/rejoignez-notre-conseil-dadministration\/#breadcrumb","itemListElement":[{"@type":"ListItem","position":1,"name":"Home","item":"https:\/\/www.able2.org\/fr\/accueil\/"},{"@type":"ListItem","position":2,"name":"Rejoignez notre conseil d&#8217;administration"}]},{"@type":"WebSite","@id":"https:\/\/www.able2.org\/#website","url":"https:\/\/www.able2.org\/","name":"ABLE2","description":"","publisher":{"@id":"https:\/\/www.able2.org\/#organization"},"potentialAction":[{"@type":"SearchAction","target":{"@type":"EntryPoint","urlTemplate":"https:\/\/www.able2.org\/?s={search_term_string}"},"query-input":"required name=search_term_string"}],"inLanguage":"fr-FR"},{"@type":"Organization","@id":"https:\/\/www.able2.org\/#organization","name":"ABLE2","url":"https:\/\/www.able2.org\/","logo":{"@type":"ImageObject","inLanguage":"fr-FR","@id":"https:\/\/www.able2.org\/#\/schema\/logo\/image\/","url":"https:\/\/www.able2.org\/wp-content\/uploads\/2020\/05\/logo.png","contentUrl":"https:\/\/www.able2.org\/wp-content\/uploads\/2020\/05\/logo.png","width":528,"height":137,"caption":"ABLE2"},"image":{"@id":"https:\/\/www.able2.org\/#\/schema\/logo\/image\/"}}]}},"_links":{"self":[{"href":"https:\/\/www.able2.org\/fr\/wp-json\/wp\/v2\/pages\/20707"}],"collection":[{"href":"https:\/\/www.able2.org\/fr\/wp-json\/wp\/v2\/pages"}],"about":[{"href":"https:\/\/www.able2.org\/fr\/wp-json\/wp\/v2\/types\/page"}],"author":[{"embeddable":true,"href":"https:\/\/www.able2.org\/fr\/wp-json\/wp\/v2\/users\/1"}],"replies":[{"embeddable":true,"href":"https:\/\/www.able2.org\/fr\/wp-json\/wp\/v2\/comments?post=20707"}],"version-history":[{"count":6,"href":"https:\/\/www.able2.org\/fr\/wp-json\/wp\/v2\/pages\/20707\/revisions"}],"predecessor-version":[{"id":20844,"href":"https:\/\/www.able2.org\/fr\/wp-json\/wp\/v2\/pages\/20707\/revisions\/20844"}],"wp:attachment":[{"href":"https:\/\/www.able2.org\/fr\/wp-json\/wp\/v2\/media?parent=20707"}],"curies":[{"name":"wp","href":"https:\/\/api.w.org\/{rel}","templated":true}]}}