{"id":20615,"date":"2025-02-25T15:23:05","date_gmt":"2025-02-25T20:23:05","guid":{"rendered":"https:\/\/www.able2.org\/?page_id=20615"},"modified":"2025-03-05T14:46:16","modified_gmt":"2025-03-05T19:46:16","slug":"benevolat-lors-des-evenements-able2","status":"publish","type":"page","link":"https:\/\/www.able2.org\/fr\/benevolat-lors-des-evenements-able2\/","title":{"rendered":"B\u00e9n\u00e9volat lors des \u00e9v\u00e9nements ABLE2"},"content":{"rendered":"\n<p>\u00catre b\u00e9n\u00e9vole pour les \u00e9v\u00e9nements d&rsquo;ABLE2 est une opportunit\u00e9 fantastique d&rsquo;apporter un soutien pratique et en personne aux personnes handicap\u00e9es et de faire connaissance avec le personnel, les b\u00e9n\u00e9voles et les sympathisants d&rsquo;ABLE2. C\u2019est un excellent moyen de vous connecter avec la communaut\u00e9 et d\u2019\u00e9largir votre implication. Cette opportunit\u00e9 de b\u00e9n\u00e9volat est \u00e9ligible aux heures communautaires.<\/p>\n\n\n\n<p>Les \u00e9v\u00e9nements ABLE2 comprennent son \u00e9v\u00e9nement de collecte de fonds phare, la Soir\u00e9e dans les Maritimes en mai, le pique-nique annuel en ao\u00fbt et le d\u00eener et danse des F\u00eates en d\u00e9cembre. Consultez la <strong><a href=\"https:\/\/www.able2.org\/fr\/evenements\/\">page \u00c9v\u00e9nements<\/a><\/strong> pour nos \u00e9v\u00e9nements \u00e0 venir.<\/p>\n\n\n\n<p>En tant que b\u00e9n\u00e9vole, votre soutien est essentiel pour que les participants puissent participer aux activit\u00e9s en toute s\u00e9curit\u00e9 et de mani\u00e8re inclusive. Les t\u00e2ches varient en fonction du type d&rsquo;\u00e9v\u00e9nement et peuvent impliquer des t\u00e2ches telles que&nbsp;:<\/p>\n\n\n\n<ul>\n<li>Aide \u00e0 l&rsquo;installation et au d\u00e9montage pour l&rsquo;\u00e9v\u00e9nement<\/li>\n\n\n\n<li>Diriger les participants et fournir des informations g\u00e9n\u00e9rales<\/li>\n\n\n\n<li>Aider les participants \u00e0 acc\u00e9der et \u00e0 participer aux activit\u00e9s<\/li>\n\n\n\n<li>Servir des plats \u00e0 l&rsquo;assiette et des boissons<\/li>\n\n\n\n<li>Fournir une aide \u00e0 la pouss\u00e9e et au guidage d&rsquo;un fauteuil roulant<\/li>\n\n\n\n<li>Veiller \u00e0 ce que l\u2019accessibilit\u00e9 soit maintenue tout au long de l\u2019\u00e9v\u00e9nement<\/li>\n<\/ul>\n\n\n\n<p><strong>Exigences:<\/strong><\/p>\n\n\n\n<ul>\n<li>Une v\u00e9rification valide du travail aupr\u00e8s des personnes vuln\u00e9rables<\/li>\n\n\n\n<li>Capacit\u00e9 \u00e0 interagir avec des personnes de tous \u00e2ges et de toutes capacit\u00e9s<\/li>\n\n\n\n<li>Engagement envers les principes de diversit\u00e9, d\u2019\u00e9quit\u00e9, d\u2019inclusion et d\u2019appartenance<\/li>\n\n\n\n<li>Bilingue (anglais\/fran\u00e7ais) est appr\u00e9ci\u00e9<\/li>\n\n\n\n<li>D\u00e9sir d&rsquo;apporter un soutien aux personnes handicap\u00e9es<\/li>\n<\/ul>\n\n\n\n<div style=\"height:20px\" aria-hidden=\"true\" class=\"wp-block-spacer\"><\/div>\n\n\n\n<div class=\"wp-block-columns is-layout-flex wp-container-core-columns-is-layout-1 wp-block-columns-is-layout-flex\">\n<div class=\"wp-block-column is-layout-flow wp-block-column-is-layout-flow\" style=\"flex-basis:33.33%\">\n<figure class=\"wp-block-image size-full\"><img loading=\"lazy\" decoding=\"async\" width=\"599\" height=\"798\" src=\"https:\/\/www.able2.org\/wp-content\/uploads\/2025\/02\/image-e1740510050469.jpeg\" alt=\"\" class=\"wp-image-20611\" srcset=\"https:\/\/www.able2.org\/wp-content\/uploads\/2025\/02\/image-e1740510050469.jpeg 599w, https:\/\/www.able2.org\/wp-content\/uploads\/2025\/02\/image-e1740510050469-225x300.jpeg 225w\" sizes=\"(max-width: 599px) 100vw, 599px\" \/><\/figure>\n<\/div>\n\n\n\n<div class=\"wp-block-column is-vertically-aligned-center is-layout-flow wp-block-column-is-layout-flow\" style=\"flex-basis:66.66%\">\n<blockquote class=\"wp-block-quote is-layout-flow wp-block-quote-is-layout-flow\">\n<p><strong><em>\u00ab Je me sens bien dans le b\u00e9n\u00e9volat. Je rencontre beaucoup d\u2019amis, c\u2019est bon pour le r\u00e9seautage et cela ajoute de la valeur \u00e0 notre communaut\u00e9 et \u00e0 notre soci\u00e9t\u00e9. Faire du b\u00e9n\u00e9volat avec ABLE2 a \u00e9t\u00e9 une tr\u00e8s bonne exp\u00e9rience.<\/em><\/strong> <strong>\u00bb<\/strong><\/p>\n<cite><strong>&#8211; <em>Anisur, la plupart des heures de b\u00e9n\u00e9volat pour les \u00e9v\u00e9nements ABLE2 en 2023<\/em><\/strong><\/cite><\/blockquote>\n\n\n\n<p>Si vous \u00eates int\u00e9ress\u00e9, veuillez nous contacter par courriel \u00e0 <a href=\"mailto:volunteer@able2.org\"><strong>volunteer@able2.org<\/strong><\/a> ou par t\u00e9l\u00e9phone au <a href=\"callto:613-761-9522\"><strong>613-761-9522<\/strong><\/a>.<\/p>\n<\/div>\n<\/div>\n\n\n\n<div style=\"height:50px\" aria-hidden=\"true\" class=\"wp-block-spacer\"><\/div>\n\n\n    <section class=\"container sm:flex\">\n                                <article class=\"card sm:w-1\/3\">\n                <a href=\"https:\/\/www.able2.org\/fr\/faites-un-don\/\" class=\"block h-full\">\n                    <h2 class=\"card__title\">Ayez un impact durable en devenant un donateur mensuel \u2063\u2063<\/h2>\n                    <div class=\"card__img-container\">\n                        <img decoding=\"async\" src=\"https:\/\/www.able2.org\/wp-content\/uploads\/2024\/04\/2About-OurHistory-Bucket-MonthlyDonor-300x174.png\" srcset=\"https:\/\/www.able2.org\/wp-content\/uploads\/2024\/04\/2About-OurHistory-Bucket-MonthlyDonor-300x174.png 300w, https:\/\/www.able2.org\/wp-content\/uploads\/2024\/04\/2About-OurHistory-Bucket-MonthlyDonor-1024x594.png 1024w, https:\/\/www.able2.org\/wp-content\/uploads\/2024\/04\/2About-OurHistory-Bucket-MonthlyDonor-768x446.png 768w, https:\/\/www.able2.org\/wp-content\/uploads\/2024\/04\/2About-OurHistory-Bucket-MonthlyDonor.png 1329w\" sizes=\"(max-width: 640px) 100vw, 640px\" alt=\"\" class=\"card__img\">\n                    <\/div>\n                    <p class=\"card__text\">Votre don aide les personnes\u00a0 vivant avec un handicap \u00e0 acqu\u00e9rir de nouvelles<\/p>\n                <\/a>\n            <\/article>\n                                            <article class=\"card card--yellow sm:w-1\/3\">\n                <a href=\"https:\/\/www.able2.org\/fr\/nos-histoires\/\" class=\"block h-full\">\n                    <h2 class=\"card__title\">Apprenez en plus sur comment votre contribution permet de changer des vies<\/h2>\n                    <div class=\"card__img-container\">\n                        <img decoding=\"async\" src=\"https:\/\/www.able2.org\/wp-content\/uploads\/2024\/04\/1About-Bucket-History-300x174.png\" srcset=\"https:\/\/www.able2.org\/wp-content\/uploads\/2024\/04\/1About-Bucket-History-300x174.png 300w, https:\/\/www.able2.org\/wp-content\/uploads\/2024\/04\/1About-Bucket-History-1024x594.png 1024w, https:\/\/www.able2.org\/wp-content\/uploads\/2024\/04\/1About-Bucket-History-768x446.png 768w, https:\/\/www.able2.org\/wp-content\/uploads\/2024\/04\/1About-Bucket-History.png 1329w\" sizes=\"(max-width: 640px) 100vw, 640px\" alt=\"\" class=\"card__img\">\n                    <\/div>\n                    <p class=\"card__text\">Apprenez-en plus sur les histoires des utilisateurs de\u00a0 programmes, des b\u00e9n\u00e9voles et des d\u00e9fenseurs du milieu\u00a0communautaire.<\/p>\n                <\/a>\n            <\/article>\n                                            <article class=\"card sm:w-1\/3\">\n                <a href=\"https:\/\/www.able2.org\/fr\/faire-du-benevolat-avec-able2\/\" class=\"block h-full\">\n                    <h2 class=\"card__title\">B\u00e9n\u00e9vole\u2063<\/h2>\n                    <div class=\"card__img-container\">\n                        <img decoding=\"async\" src=\"https:\/\/www.able2.org\/wp-content\/uploads\/2024\/05\/DonateBucket-May2024-300x174.jpg\" srcset=\"https:\/\/www.able2.org\/wp-content\/uploads\/2024\/05\/DonateBucket-May2024-300x174.jpg 300w, https:\/\/www.able2.org\/wp-content\/uploads\/2024\/05\/DonateBucket-May2024-1024x594.jpg 1024w, https:\/\/www.able2.org\/wp-content\/uploads\/2024\/05\/DonateBucket-May2024-768x446.jpg 768w, https:\/\/www.able2.org\/wp-content\/uploads\/2024\/05\/DonateBucket-May2024.jpg 1329w\" sizes=\"(max-width: 640px) 100vw, 640px\" alt=\"\" class=\"card__img\">\n                    <\/div>\n                    <p class=\"card__text\">Lorsque vous faites du\u00a0b\u00e9n\u00e9volat, vous contribuez \u00e0\u00a0r\u00e9duire la solitude et\u00a0l\u2019isolement social v\u00e9cus par\u00a0de nombreuses personnes<\/p>\n                <\/a>\n            <\/article>\n                        <\/section>\n","protected":false},"excerpt":{"rendered":"<p>\u00catre b\u00e9n\u00e9vole pour les \u00e9v\u00e9nements d&rsquo;ABLE2 est une opportunit\u00e9 fantastique d&rsquo;apporter un soutien pratique et en personne aux personnes handicap\u00e9es et de faire connaissance avec le personnel, les b\u00e9n\u00e9voles et les sympathisants d&rsquo;ABLE2. C\u2019est un excellent moyen de vous connecter avec la communaut\u00e9 et d\u2019\u00e9largir votre implication. Cette opportunit\u00e9 de b\u00e9n\u00e9volat est \u00e9ligible aux heures [&hellip;]<\/p>\n","protected":false},"author":1,"featured_media":0,"parent":0,"menu_order":0,"comment_status":"closed","ping_status":"closed","template":"page-templates\/page-no_sidebar.php","meta":{"_acf_changed":false,"footnotes":""},"acf":[],"yoast_head":"<!-- This site is optimized with the Yoast SEO plugin v22.8 - https:\/\/yoast.com\/wordpress\/plugins\/seo\/ -->\n<title>B\u00e9n\u00e9volat lors des \u00e9v\u00e9nements ABLE2 | ABLE2<\/title>\n<meta name=\"robots\" content=\"index, follow, max-snippet:-1, max-image-preview:large, max-video-preview:-1\" \/>\n<link rel=\"canonical\" href=\"https:\/\/www.able2.org\/fr\/benevolat-lors-des-evenements-able2\/\" \/>\n<meta property=\"og:locale\" content=\"fr_FR\" \/>\n<meta property=\"og:type\" content=\"article\" \/>\n<meta property=\"og:title\" content=\"B\u00e9n\u00e9volat lors des \u00e9v\u00e9nements ABLE2 | ABLE2\" \/>\n<meta property=\"og:description\" content=\"\u00catre b\u00e9n\u00e9vole pour les \u00e9v\u00e9nements d&rsquo;ABLE2 est une opportunit\u00e9 fantastique d&rsquo;apporter un soutien pratique et en personne aux personnes handicap\u00e9es et de faire connaissance avec le personnel, les b\u00e9n\u00e9voles et les sympathisants d&rsquo;ABLE2. C\u2019est un excellent moyen de vous connecter avec la communaut\u00e9 et d\u2019\u00e9largir votre implication. Cette opportunit\u00e9 de b\u00e9n\u00e9volat est \u00e9ligible aux heures [&hellip;]\" \/>\n<meta property=\"og:url\" content=\"https:\/\/www.able2.org\/fr\/benevolat-lors-des-evenements-able2\/\" \/>\n<meta property=\"og:site_name\" content=\"ABLE2\" \/>\n<meta property=\"article:modified_time\" content=\"2025-03-05T19:46:16+00:00\" \/>\n<meta property=\"og:image\" content=\"https:\/\/www.able2.org\/wp-content\/uploads\/2025\/02\/image-e1740510050469.jpeg\" \/>\n<meta name=\"twitter:card\" content=\"summary_large_image\" \/>\n<meta name=\"twitter:label1\" content=\"Dur\u00e9e de lecture estim\u00e9e\" \/>\n\t<meta name=\"twitter:data1\" content=\"2 minutes\" \/>\n<script type=\"application\/ld+json\" class=\"yoast-schema-graph\">{\"@context\":\"https:\/\/schema.org\",\"@graph\":[{\"@type\":\"WebPage\",\"@id\":\"https:\/\/www.able2.org\/fr\/benevolat-lors-des-evenements-able2\/\",\"url\":\"https:\/\/www.able2.org\/fr\/benevolat-lors-des-evenements-able2\/\",\"name\":\"B\u00e9n\u00e9volat lors des \u00e9v\u00e9nements ABLE2 | ABLE2\",\"isPartOf\":{\"@id\":\"https:\/\/www.able2.org\/#website\"},\"primaryImageOfPage\":{\"@id\":\"https:\/\/www.able2.org\/fr\/benevolat-lors-des-evenements-able2\/#primaryimage\"},\"image\":{\"@id\":\"https:\/\/www.able2.org\/fr\/benevolat-lors-des-evenements-able2\/#primaryimage\"},\"thumbnailUrl\":\"https:\/\/www.able2.org\/wp-content\/uploads\/2025\/02\/image-e1740510050469.jpeg\",\"datePublished\":\"2025-02-25T20:23:05+00:00\",\"dateModified\":\"2025-03-05T19:46:16+00:00\",\"breadcrumb\":{\"@id\":\"https:\/\/www.able2.org\/fr\/benevolat-lors-des-evenements-able2\/#breadcrumb\"},\"inLanguage\":\"fr-FR\",\"potentialAction\":[{\"@type\":\"ReadAction\",\"target\":[\"https:\/\/www.able2.org\/fr\/benevolat-lors-des-evenements-able2\/\"]}]},{\"@type\":\"ImageObject\",\"inLanguage\":\"fr-FR\",\"@id\":\"https:\/\/www.able2.org\/fr\/benevolat-lors-des-evenements-able2\/#primaryimage\",\"url\":\"https:\/\/www.able2.org\/wp-content\/uploads\/2025\/02\/image-e1740510050469.jpeg\",\"contentUrl\":\"https:\/\/www.able2.org\/wp-content\/uploads\/2025\/02\/image-e1740510050469.jpeg\"},{\"@type\":\"BreadcrumbList\",\"@id\":\"https:\/\/www.able2.org\/fr\/benevolat-lors-des-evenements-able2\/#breadcrumb\",\"itemListElement\":[{\"@type\":\"ListItem\",\"position\":1,\"name\":\"Home\",\"item\":\"https:\/\/www.able2.org\/fr\/accueil\/\"},{\"@type\":\"ListItem\",\"position\":2,\"name\":\"B\u00e9n\u00e9volat lors des \u00e9v\u00e9nements ABLE2\"}]},{\"@type\":\"WebSite\",\"@id\":\"https:\/\/www.able2.org\/#website\",\"url\":\"https:\/\/www.able2.org\/\",\"name\":\"ABLE2\",\"description\":\"\",\"publisher\":{\"@id\":\"https:\/\/www.able2.org\/#organization\"},\"potentialAction\":[{\"@type\":\"SearchAction\",\"target\":{\"@type\":\"EntryPoint\",\"urlTemplate\":\"https:\/\/www.able2.org\/?s={search_term_string}\"},\"query-input\":\"required name=search_term_string\"}],\"inLanguage\":\"fr-FR\"},{\"@type\":\"Organization\",\"@id\":\"https:\/\/www.able2.org\/#organization\",\"name\":\"ABLE2\",\"url\":\"https:\/\/www.able2.org\/\",\"logo\":{\"@type\":\"ImageObject\",\"inLanguage\":\"fr-FR\",\"@id\":\"https:\/\/www.able2.org\/#\/schema\/logo\/image\/\",\"url\":\"https:\/\/www.able2.org\/wp-content\/uploads\/2020\/05\/logo.png\",\"contentUrl\":\"https:\/\/www.able2.org\/wp-content\/uploads\/2020\/05\/logo.png\",\"width\":528,\"height\":137,\"caption\":\"ABLE2\"},\"image\":{\"@id\":\"https:\/\/www.able2.org\/#\/schema\/logo\/image\/\"}}]}<\/script>\n<!-- \/ Yoast SEO plugin. -->","yoast_head_json":{"title":"B\u00e9n\u00e9volat lors des \u00e9v\u00e9nements ABLE2 | ABLE2","robots":{"index":"index","follow":"follow","max-snippet":"max-snippet:-1","max-image-preview":"max-image-preview:large","max-video-preview":"max-video-preview:-1"},"canonical":"https:\/\/www.able2.org\/fr\/benevolat-lors-des-evenements-able2\/","og_locale":"fr_FR","og_type":"article","og_title":"B\u00e9n\u00e9volat lors des \u00e9v\u00e9nements ABLE2 | ABLE2","og_description":"\u00catre b\u00e9n\u00e9vole pour les \u00e9v\u00e9nements d&rsquo;ABLE2 est une opportunit\u00e9 fantastique d&rsquo;apporter un soutien pratique et en personne aux personnes handicap\u00e9es et de faire connaissance avec le personnel, les b\u00e9n\u00e9voles et les sympathisants d&rsquo;ABLE2. C\u2019est un excellent moyen de vous connecter avec la communaut\u00e9 et d\u2019\u00e9largir votre implication. Cette opportunit\u00e9 de b\u00e9n\u00e9volat est \u00e9ligible aux heures [&hellip;]","og_url":"https:\/\/www.able2.org\/fr\/benevolat-lors-des-evenements-able2\/","og_site_name":"ABLE2","article_modified_time":"2025-03-05T19:46:16+00:00","og_image":[{"url":"https:\/\/www.able2.org\/wp-content\/uploads\/2025\/02\/image-e1740510050469.jpeg"}],"twitter_card":"summary_large_image","twitter_misc":{"Dur\u00e9e de lecture estim\u00e9e":"2 minutes"},"schema":{"@context":"https:\/\/schema.org","@graph":[{"@type":"WebPage","@id":"https:\/\/www.able2.org\/fr\/benevolat-lors-des-evenements-able2\/","url":"https:\/\/www.able2.org\/fr\/benevolat-lors-des-evenements-able2\/","name":"B\u00e9n\u00e9volat lors des \u00e9v\u00e9nements ABLE2 | ABLE2","isPartOf":{"@id":"https:\/\/www.able2.org\/#website"},"primaryImageOfPage":{"@id":"https:\/\/www.able2.org\/fr\/benevolat-lors-des-evenements-able2\/#primaryimage"},"image":{"@id":"https:\/\/www.able2.org\/fr\/benevolat-lors-des-evenements-able2\/#primaryimage"},"thumbnailUrl":"https:\/\/www.able2.org\/wp-content\/uploads\/2025\/02\/image-e1740510050469.jpeg","datePublished":"2025-02-25T20:23:05+00:00","dateModified":"2025-03-05T19:46:16+00:00","breadcrumb":{"@id":"https:\/\/www.able2.org\/fr\/benevolat-lors-des-evenements-able2\/#breadcrumb"},"inLanguage":"fr-FR","potentialAction":[{"@type":"ReadAction","target":["https:\/\/www.able2.org\/fr\/benevolat-lors-des-evenements-able2\/"]}]},{"@type":"ImageObject","inLanguage":"fr-FR","@id":"https:\/\/www.able2.org\/fr\/benevolat-lors-des-evenements-able2\/#primaryimage","url":"https:\/\/www.able2.org\/wp-content\/uploads\/2025\/02\/image-e1740510050469.jpeg","contentUrl":"https:\/\/www.able2.org\/wp-content\/uploads\/2025\/02\/image-e1740510050469.jpeg"},{"@type":"BreadcrumbList","@id":"https:\/\/www.able2.org\/fr\/benevolat-lors-des-evenements-able2\/#breadcrumb","itemListElement":[{"@type":"ListItem","position":1,"name":"Home","item":"https:\/\/www.able2.org\/fr\/accueil\/"},{"@type":"ListItem","position":2,"name":"B\u00e9n\u00e9volat lors des \u00e9v\u00e9nements ABLE2"}]},{"@type":"WebSite","@id":"https:\/\/www.able2.org\/#website","url":"https:\/\/www.able2.org\/","name":"ABLE2","description":"","publisher":{"@id":"https:\/\/www.able2.org\/#organization"},"potentialAction":[{"@type":"SearchAction","target":{"@type":"EntryPoint","urlTemplate":"https:\/\/www.able2.org\/?s={search_term_string}"},"query-input":"required name=search_term_string"}],"inLanguage":"fr-FR"},{"@type":"Organization","@id":"https:\/\/www.able2.org\/#organization","name":"ABLE2","url":"https:\/\/www.able2.org\/","logo":{"@type":"ImageObject","inLanguage":"fr-FR","@id":"https:\/\/www.able2.org\/#\/schema\/logo\/image\/","url":"https:\/\/www.able2.org\/wp-content\/uploads\/2020\/05\/logo.png","contentUrl":"https:\/\/www.able2.org\/wp-content\/uploads\/2020\/05\/logo.png","width":528,"height":137,"caption":"ABLE2"},"image":{"@id":"https:\/\/www.able2.org\/#\/schema\/logo\/image\/"}}]}},"_links":{"self":[{"href":"https:\/\/www.able2.org\/fr\/wp-json\/wp\/v2\/pages\/20615"}],"collection":[{"href":"https:\/\/www.able2.org\/fr\/wp-json\/wp\/v2\/pages"}],"about":[{"href":"https:\/\/www.able2.org\/fr\/wp-json\/wp\/v2\/types\/page"}],"author":[{"embeddable":true,"href":"https:\/\/www.able2.org\/fr\/wp-json\/wp\/v2\/users\/1"}],"replies":[{"embeddable":true,"href":"https:\/\/www.able2.org\/fr\/wp-json\/wp\/v2\/comments?post=20615"}],"version-history":[{"count":4,"href":"https:\/\/www.able2.org\/fr\/wp-json\/wp\/v2\/pages\/20615\/revisions"}],"predecessor-version":[{"id":20835,"href":"https:\/\/www.able2.org\/fr\/wp-json\/wp\/v2\/pages\/20615\/revisions\/20835"}],"wp:attachment":[{"href":"https:\/\/www.able2.org\/fr\/wp-json\/wp\/v2\/media?parent=20615"}],"curies":[{"name":"wp","href":"https:\/\/api.w.org\/{rel}","templated":true}]}}