{"id":20608,"date":"2025-02-25T15:21:09","date_gmt":"2025-02-25T20:21:09","guid":{"rendered":"https:\/\/www.able2.org\/?page_id=20608"},"modified":"2025-03-05T14:42:03","modified_gmt":"2025-03-05T19:42:03","slug":"reach-student","status":"publish","type":"page","link":"https:\/\/www.able2.org\/fr\/reach-student\/","title":{"rendered":"\u00c9tudiant b\u00e9n\u00e9vole juridique aupr\u00e8s du programme de services de r\u00e9f\u00e9rence juridique Reach"},"content":{"rendered":"\n<p>L\u2019\u00e9quipe d\u2019\u00e9tudiants b\u00e9n\u00e9voles en droit Reach Legal Referral Services (RLRS) d\u2019ABLE2 g\u00e8re toutes les demandes de r\u00e9f\u00e9rence de clients soumises en ligne ou via un appel d\u2019admission. Les \u00e9tudiants b\u00e9n\u00e9voles d\u00e9terminent qu\u2019une r\u00e9f\u00e9rence \u00e0 un professionnel du droit figurant sur notre liste est la meilleure marche \u00e0 suivre pour un client. Ils s\u2019assurent \u00e9galement que la saisine est bien adapt\u00e9e au domaine d\u2019expertise du professionnel du droit et fournissent un r\u00e9sum\u00e9 de l\u2019affaire. Ils travaillent \u00e9galement avec des professionnels du droit pour s&rsquo;assurer qu&rsquo;ils ont la capacit\u00e9 d&rsquo;accepter la r\u00e9f\u00e9rence, puis demandent au client de se connecter directement avec le professionnel du droit.<\/p>\n\n\n\n<p>Acqu\u00e9rez une exp\u00e9rience pratique, soutenez les personnes dans le besoin et travaillez en \u00e9troite collaboration avec des professionnels du droit b\u00e9n\u00e9voles du RLRS.<\/p>\n\n\n\n<p>Apprenez-en davantage sur <strong><a href=\"https:\/\/www.able2.org\/fr\/programmes\/services-juridiques\/\">les services de r\u00e9f\u00e9rence juridique Reach ici<\/a><\/strong>.<\/p>\n\n\n\n<p>Si vous \u00eates int\u00e9ress\u00e9, veuillez nous contacter par courriel \u00e0 <a href=\"mailto:volunteer@able2.org\"><strong>volunteer@able2.org<\/strong><\/a> ou par t\u00e9l\u00e9phone au <a href=\"callto:613-761-9522\"><strong>613-761-9522<\/strong><\/a>.<\/p>\n\n\n\n<div style=\"height:50px\" aria-hidden=\"true\" class=\"wp-block-spacer\"><\/div>\n\n\n    <section class=\"container sm:flex\">\n                                <article class=\"card sm:w-1\/3\">\n                <a href=\"https:\/\/www.able2.org\/fr\/faites-un-don\/\" class=\"block h-full\">\n                    <h2 class=\"card__title\">Ayez un impact durable en devenant un donateur mensuel \u2063\u2063<\/h2>\n                    <div class=\"card__img-container\">\n                        <img decoding=\"async\" src=\"https:\/\/www.able2.org\/wp-content\/uploads\/2024\/04\/2About-OurHistory-Bucket-MonthlyDonor-300x174.png\" srcset=\"https:\/\/www.able2.org\/wp-content\/uploads\/2024\/04\/2About-OurHistory-Bucket-MonthlyDonor-300x174.png 300w, https:\/\/www.able2.org\/wp-content\/uploads\/2024\/04\/2About-OurHistory-Bucket-MonthlyDonor-1024x594.png 1024w, https:\/\/www.able2.org\/wp-content\/uploads\/2024\/04\/2About-OurHistory-Bucket-MonthlyDonor-768x446.png 768w, https:\/\/www.able2.org\/wp-content\/uploads\/2024\/04\/2About-OurHistory-Bucket-MonthlyDonor.png 1329w\" sizes=\"(max-width: 640px) 100vw, 640px\" alt=\"\" class=\"card__img\">\n                    <\/div>\n                    <p class=\"card__text\">Votre don aide les personnes\u00a0 vivant avec un handicap \u00e0 acqu\u00e9rir de nouvelles<\/p>\n                <\/a>\n            <\/article>\n                                            <article class=\"card card--yellow sm:w-1\/3\">\n                <a href=\"https:\/\/www.able2.org\/fr\/nos-histoires\/\" class=\"block h-full\">\n                    <h2 class=\"card__title\">Apprenez en plus sur comment votre contribution permet de changer des vies<\/h2>\n                    <div class=\"card__img-container\">\n                        <img decoding=\"async\" src=\"https:\/\/www.able2.org\/wp-content\/uploads\/2024\/04\/1About-Bucket-History-300x174.png\" srcset=\"https:\/\/www.able2.org\/wp-content\/uploads\/2024\/04\/1About-Bucket-History-300x174.png 300w, https:\/\/www.able2.org\/wp-content\/uploads\/2024\/04\/1About-Bucket-History-1024x594.png 1024w, https:\/\/www.able2.org\/wp-content\/uploads\/2024\/04\/1About-Bucket-History-768x446.png 768w, https:\/\/www.able2.org\/wp-content\/uploads\/2024\/04\/1About-Bucket-History.png 1329w\" sizes=\"(max-width: 640px) 100vw, 640px\" alt=\"\" class=\"card__img\">\n                    <\/div>\n                    <p class=\"card__text\">Apprenez-en plus sur les histoires des utilisateurs de\u00a0 programmes, des b\u00e9n\u00e9voles et des d\u00e9fenseurs du milieu\u00a0communautaire.<\/p>\n                <\/a>\n            <\/article>\n                                            <article class=\"card sm:w-1\/3\">\n                <a href=\"https:\/\/www.able2.org\/fr\/faire-du-benevolat-avec-able2\/\" class=\"block h-full\">\n                    <h2 class=\"card__title\">B\u00e9n\u00e9vole\u2063<\/h2>\n                    <div class=\"card__img-container\">\n                        <img decoding=\"async\" src=\"https:\/\/www.able2.org\/wp-content\/uploads\/2024\/05\/DonateBucket-May2024-300x174.jpg\" srcset=\"https:\/\/www.able2.org\/wp-content\/uploads\/2024\/05\/DonateBucket-May2024-300x174.jpg 300w, https:\/\/www.able2.org\/wp-content\/uploads\/2024\/05\/DonateBucket-May2024-1024x594.jpg 1024w, https:\/\/www.able2.org\/wp-content\/uploads\/2024\/05\/DonateBucket-May2024-768x446.jpg 768w, https:\/\/www.able2.org\/wp-content\/uploads\/2024\/05\/DonateBucket-May2024.jpg 1329w\" sizes=\"(max-width: 640px) 100vw, 640px\" alt=\"\" class=\"card__img\">\n                    <\/div>\n                    <p class=\"card__text\">Lorsque vous faites du\u00a0b\u00e9n\u00e9volat, vous contribuez \u00e0\u00a0r\u00e9duire la solitude et\u00a0l\u2019isolement social v\u00e9cus par\u00a0de nombreuses personnes<\/p>\n                <\/a>\n            <\/article>\n                        <\/section>\n","protected":false},"excerpt":{"rendered":"<p>L\u2019\u00e9quipe d\u2019\u00e9tudiants b\u00e9n\u00e9voles en droit Reach Legal Referral Services (RLRS) d\u2019ABLE2 g\u00e8re toutes les demandes de r\u00e9f\u00e9rence de clients soumises en ligne ou via un appel d\u2019admission. Les \u00e9tudiants b\u00e9n\u00e9voles d\u00e9terminent qu\u2019une r\u00e9f\u00e9rence \u00e0 un professionnel du droit figurant sur notre liste est la meilleure marche \u00e0 suivre pour un client. Ils s\u2019assurent \u00e9galement que [&hellip;]<\/p>\n","protected":false},"author":1,"featured_media":0,"parent":0,"menu_order":0,"comment_status":"closed","ping_status":"closed","template":"page-templates\/page-no_sidebar.php","meta":{"_acf_changed":false,"footnotes":""},"acf":[],"yoast_head":"<!-- This site is optimized with the Yoast SEO plugin v22.8 - https:\/\/yoast.com\/wordpress\/plugins\/seo\/ -->\n<title>\u00c9tudiant b\u00e9n\u00e9vole juridique aupr\u00e8s du programme de services de r\u00e9f\u00e9rence juridique Reach | ABLE2<\/title>\n<meta name=\"robots\" content=\"index, follow, max-snippet:-1, max-image-preview:large, max-video-preview:-1\" \/>\n<link rel=\"canonical\" href=\"https:\/\/www.able2.org\/fr\/reach-student\/\" \/>\n<meta property=\"og:locale\" content=\"fr_FR\" \/>\n<meta property=\"og:type\" content=\"article\" \/>\n<meta property=\"og:title\" content=\"\u00c9tudiant b\u00e9n\u00e9vole juridique aupr\u00e8s du programme de services de r\u00e9f\u00e9rence juridique Reach | ABLE2\" \/>\n<meta property=\"og:description\" content=\"L\u2019\u00e9quipe d\u2019\u00e9tudiants b\u00e9n\u00e9voles en droit Reach Legal Referral Services (RLRS) d\u2019ABLE2 g\u00e8re toutes les demandes de r\u00e9f\u00e9rence de clients soumises en ligne ou via un appel d\u2019admission. Les \u00e9tudiants b\u00e9n\u00e9voles d\u00e9terminent qu\u2019une r\u00e9f\u00e9rence \u00e0 un professionnel du droit figurant sur notre liste est la meilleure marche \u00e0 suivre pour un client. Ils s\u2019assurent \u00e9galement que [&hellip;]\" \/>\n<meta property=\"og:url\" content=\"https:\/\/www.able2.org\/fr\/reach-student\/\" \/>\n<meta property=\"og:site_name\" content=\"ABLE2\" \/>\n<meta property=\"article:modified_time\" content=\"2025-03-05T19:42:03+00:00\" \/>\n<meta name=\"twitter:card\" content=\"summary_large_image\" \/>\n<meta name=\"twitter:label1\" content=\"Dur\u00e9e de lecture estim\u00e9e\" \/>\n\t<meta name=\"twitter:data1\" content=\"1 minute\" \/>\n<script type=\"application\/ld+json\" class=\"yoast-schema-graph\">{\"@context\":\"https:\/\/schema.org\",\"@graph\":[{\"@type\":\"WebPage\",\"@id\":\"https:\/\/www.able2.org\/fr\/reach-student\/\",\"url\":\"https:\/\/www.able2.org\/fr\/reach-student\/\",\"name\":\"\u00c9tudiant b\u00e9n\u00e9vole juridique aupr\u00e8s du programme de services de r\u00e9f\u00e9rence juridique Reach | ABLE2\",\"isPartOf\":{\"@id\":\"https:\/\/www.able2.org\/#website\"},\"datePublished\":\"2025-02-25T20:21:09+00:00\",\"dateModified\":\"2025-03-05T19:42:03+00:00\",\"breadcrumb\":{\"@id\":\"https:\/\/www.able2.org\/fr\/reach-student\/#breadcrumb\"},\"inLanguage\":\"fr-FR\",\"potentialAction\":[{\"@type\":\"ReadAction\",\"target\":[\"https:\/\/www.able2.org\/fr\/reach-student\/\"]}]},{\"@type\":\"BreadcrumbList\",\"@id\":\"https:\/\/www.able2.org\/fr\/reach-student\/#breadcrumb\",\"itemListElement\":[{\"@type\":\"ListItem\",\"position\":1,\"name\":\"Home\",\"item\":\"https:\/\/www.able2.org\/fr\/accueil\/\"},{\"@type\":\"ListItem\",\"position\":2,\"name\":\"\u00c9tudiant b\u00e9n\u00e9vole juridique aupr\u00e8s du programme de services de r\u00e9f\u00e9rence juridique Reach\"}]},{\"@type\":\"WebSite\",\"@id\":\"https:\/\/www.able2.org\/#website\",\"url\":\"https:\/\/www.able2.org\/\",\"name\":\"ABLE2\",\"description\":\"\",\"publisher\":{\"@id\":\"https:\/\/www.able2.org\/#organization\"},\"potentialAction\":[{\"@type\":\"SearchAction\",\"target\":{\"@type\":\"EntryPoint\",\"urlTemplate\":\"https:\/\/www.able2.org\/?s={search_term_string}\"},\"query-input\":\"required name=search_term_string\"}],\"inLanguage\":\"fr-FR\"},{\"@type\":\"Organization\",\"@id\":\"https:\/\/www.able2.org\/#organization\",\"name\":\"ABLE2\",\"url\":\"https:\/\/www.able2.org\/\",\"logo\":{\"@type\":\"ImageObject\",\"inLanguage\":\"fr-FR\",\"@id\":\"https:\/\/www.able2.org\/#\/schema\/logo\/image\/\",\"url\":\"https:\/\/www.able2.org\/wp-content\/uploads\/2020\/05\/logo.png\",\"contentUrl\":\"https:\/\/www.able2.org\/wp-content\/uploads\/2020\/05\/logo.png\",\"width\":528,\"height\":137,\"caption\":\"ABLE2\"},\"image\":{\"@id\":\"https:\/\/www.able2.org\/#\/schema\/logo\/image\/\"}}]}<\/script>\n<!-- \/ Yoast SEO plugin. -->","yoast_head_json":{"title":"\u00c9tudiant b\u00e9n\u00e9vole juridique aupr\u00e8s du programme de services de r\u00e9f\u00e9rence juridique Reach | ABLE2","robots":{"index":"index","follow":"follow","max-snippet":"max-snippet:-1","max-image-preview":"max-image-preview:large","max-video-preview":"max-video-preview:-1"},"canonical":"https:\/\/www.able2.org\/fr\/reach-student\/","og_locale":"fr_FR","og_type":"article","og_title":"\u00c9tudiant b\u00e9n\u00e9vole juridique aupr\u00e8s du programme de services de r\u00e9f\u00e9rence juridique Reach | ABLE2","og_description":"L\u2019\u00e9quipe d\u2019\u00e9tudiants b\u00e9n\u00e9voles en droit Reach Legal Referral Services (RLRS) d\u2019ABLE2 g\u00e8re toutes les demandes de r\u00e9f\u00e9rence de clients soumises en ligne ou via un appel d\u2019admission. Les \u00e9tudiants b\u00e9n\u00e9voles d\u00e9terminent qu\u2019une r\u00e9f\u00e9rence \u00e0 un professionnel du droit figurant sur notre liste est la meilleure marche \u00e0 suivre pour un client. Ils s\u2019assurent \u00e9galement que [&hellip;]","og_url":"https:\/\/www.able2.org\/fr\/reach-student\/","og_site_name":"ABLE2","article_modified_time":"2025-03-05T19:42:03+00:00","twitter_card":"summary_large_image","twitter_misc":{"Dur\u00e9e de lecture estim\u00e9e":"1 minute"},"schema":{"@context":"https:\/\/schema.org","@graph":[{"@type":"WebPage","@id":"https:\/\/www.able2.org\/fr\/reach-student\/","url":"https:\/\/www.able2.org\/fr\/reach-student\/","name":"\u00c9tudiant b\u00e9n\u00e9vole juridique aupr\u00e8s du programme de services de r\u00e9f\u00e9rence juridique Reach | ABLE2","isPartOf":{"@id":"https:\/\/www.able2.org\/#website"},"datePublished":"2025-02-25T20:21:09+00:00","dateModified":"2025-03-05T19:42:03+00:00","breadcrumb":{"@id":"https:\/\/www.able2.org\/fr\/reach-student\/#breadcrumb"},"inLanguage":"fr-FR","potentialAction":[{"@type":"ReadAction","target":["https:\/\/www.able2.org\/fr\/reach-student\/"]}]},{"@type":"BreadcrumbList","@id":"https:\/\/www.able2.org\/fr\/reach-student\/#breadcrumb","itemListElement":[{"@type":"ListItem","position":1,"name":"Home","item":"https:\/\/www.able2.org\/fr\/accueil\/"},{"@type":"ListItem","position":2,"name":"\u00c9tudiant b\u00e9n\u00e9vole juridique aupr\u00e8s du programme de services de r\u00e9f\u00e9rence juridique Reach"}]},{"@type":"WebSite","@id":"https:\/\/www.able2.org\/#website","url":"https:\/\/www.able2.org\/","name":"ABLE2","description":"","publisher":{"@id":"https:\/\/www.able2.org\/#organization"},"potentialAction":[{"@type":"SearchAction","target":{"@type":"EntryPoint","urlTemplate":"https:\/\/www.able2.org\/?s={search_term_string}"},"query-input":"required name=search_term_string"}],"inLanguage":"fr-FR"},{"@type":"Organization","@id":"https:\/\/www.able2.org\/#organization","name":"ABLE2","url":"https:\/\/www.able2.org\/","logo":{"@type":"ImageObject","inLanguage":"fr-FR","@id":"https:\/\/www.able2.org\/#\/schema\/logo\/image\/","url":"https:\/\/www.able2.org\/wp-content\/uploads\/2020\/05\/logo.png","contentUrl":"https:\/\/www.able2.org\/wp-content\/uploads\/2020\/05\/logo.png","width":528,"height":137,"caption":"ABLE2"},"image":{"@id":"https:\/\/www.able2.org\/#\/schema\/logo\/image\/"}}]}},"_links":{"self":[{"href":"https:\/\/www.able2.org\/fr\/wp-json\/wp\/v2\/pages\/20608"}],"collection":[{"href":"https:\/\/www.able2.org\/fr\/wp-json\/wp\/v2\/pages"}],"about":[{"href":"https:\/\/www.able2.org\/fr\/wp-json\/wp\/v2\/types\/page"}],"author":[{"embeddable":true,"href":"https:\/\/www.able2.org\/fr\/wp-json\/wp\/v2\/users\/1"}],"replies":[{"embeddable":true,"href":"https:\/\/www.able2.org\/fr\/wp-json\/wp\/v2\/comments?post=20608"}],"version-history":[{"count":5,"href":"https:\/\/www.able2.org\/fr\/wp-json\/wp\/v2\/pages\/20608\/revisions"}],"predecessor-version":[{"id":20831,"href":"https:\/\/www.able2.org\/fr\/wp-json\/wp\/v2\/pages\/20608\/revisions\/20831"}],"wp:attachment":[{"href":"https:\/\/www.able2.org\/fr\/wp-json\/wp\/v2\/media?parent=20608"}],"curies":[{"name":"wp","href":"https:\/\/api.w.org\/{rel}","templated":true}]}}