{"id":20596,"date":"2025-02-25T15:12:14","date_gmt":"2025-02-25T20:12:14","guid":{"rendered":"https:\/\/www.able2.org\/?page_id=20596"},"modified":"2025-02-25T15:13:24","modified_gmt":"2025-02-25T20:13:24","slug":"benevolat-aupres-du-cac","status":"publish","type":"page","link":"https:\/\/www.able2.org\/fr\/benevolat-aupres-du-cac\/","title":{"rendered":"B\u00e9n\u00e9volat aupr\u00e8s du Comit\u00e9 consultatif des consommateurs (CAC)"},"content":{"rendered":"\n<p>Le Comit\u00e9 consultatif des consommateurs (CAC) est un groupe de b\u00e9n\u00e9voles ayant une exp\u00e9rience v\u00e9cue qui a \u00e9t\u00e9 d\u00e9velopp\u00e9 pour fournir des commentaires au conseil d&rsquo;administration d&rsquo;ABLE2 et pour repr\u00e9senter les int\u00e9r\u00eats des personnes handicap\u00e9es. Le comit\u00e9 s\u2019engage \u00e9galement dans des opportunit\u00e9s permettant \u00e0 ses membres de s\u2019impliquer dans le travail de plaidoyer d\u2019ABLE2.<\/p>\n\n\n\n<p>Devenir membre du CAC donne aux personnes handicap\u00e9es la possibilit\u00e9 d\u2019avoir un impact sur la communaut\u00e9, en fournissant leurs id\u00e9es et leur point de vue sur les programmes et initiatives d\u2019ABLE2.<\/p>\n\n\n\n<p>Envoyez un e-mail \u00e0 <a href=\"mailto:volunteer@able2.org\"><strong>volunteer@able2.org<\/strong><\/a> pour vous inscrire ou recevoir plus d&rsquo;informations.<\/p>\n\n\n\n<div style=\"height:20px\" aria-hidden=\"true\" class=\"wp-block-spacer\"><\/div>\n\n\n    <section class=\"container sm:flex\">\n                                <article class=\"card sm:w-1\/3\">\n                <a href=\"https:\/\/www.able2.org\/fr\/faites-un-don\/\" class=\"block h-full\">\n                    <h2 class=\"card__title\">Ayez un impact durable en devenant un donateur mensuel \u2063\u2063<\/h2>\n                    <div class=\"card__img-container\">\n                        <img decoding=\"async\" src=\"https:\/\/www.able2.org\/wp-content\/uploads\/2024\/04\/2About-OurHistory-Bucket-MonthlyDonor-300x174.png\" srcset=\"https:\/\/www.able2.org\/wp-content\/uploads\/2024\/04\/2About-OurHistory-Bucket-MonthlyDonor-300x174.png 300w, https:\/\/www.able2.org\/wp-content\/uploads\/2024\/04\/2About-OurHistory-Bucket-MonthlyDonor-1024x594.png 1024w, https:\/\/www.able2.org\/wp-content\/uploads\/2024\/04\/2About-OurHistory-Bucket-MonthlyDonor-768x446.png 768w, https:\/\/www.able2.org\/wp-content\/uploads\/2024\/04\/2About-OurHistory-Bucket-MonthlyDonor.png 1329w\" sizes=\"(max-width: 640px) 100vw, 640px\" alt=\"\" class=\"card__img\">\n                    <\/div>\n                    <p class=\"card__text\">Votre don aide les personnes\u00a0 vivant avec un handicap \u00e0 acqu\u00e9rir de nouvelles<\/p>\n                <\/a>\n            <\/article>\n                                            <article class=\"card card--yellow sm:w-1\/3\">\n                <a href=\"https:\/\/www.able2.org\/fr\/nos-histoires\/\" class=\"block h-full\">\n                    <h2 class=\"card__title\">Apprenez en plus sur comment votre contribution permet de changer des vies<\/h2>\n                    <div class=\"card__img-container\">\n                        <img decoding=\"async\" src=\"https:\/\/www.able2.org\/wp-content\/uploads\/2024\/04\/1About-Bucket-History-300x174.png\" srcset=\"https:\/\/www.able2.org\/wp-content\/uploads\/2024\/04\/1About-Bucket-History-300x174.png 300w, https:\/\/www.able2.org\/wp-content\/uploads\/2024\/04\/1About-Bucket-History-1024x594.png 1024w, https:\/\/www.able2.org\/wp-content\/uploads\/2024\/04\/1About-Bucket-History-768x446.png 768w, https:\/\/www.able2.org\/wp-content\/uploads\/2024\/04\/1About-Bucket-History.png 1329w\" sizes=\"(max-width: 640px) 100vw, 640px\" alt=\"\" class=\"card__img\">\n                    <\/div>\n                    <p class=\"card__text\">Apprenez-en plus sur les histoires des utilisateurs de\u00a0 programmes, des b\u00e9n\u00e9voles et des d\u00e9fenseurs du milieu\u00a0communautaire.<\/p>\n                <\/a>\n            <\/article>\n                                            <article class=\"card sm:w-1\/3\">\n                <a href=\"https:\/\/www.able2.org\/fr\/benevole\/\" class=\"block h-full\">\n                    <h2 class=\"card__title\">B\u00e9n\u00e9vole\u2063<\/h2>\n                    <div class=\"card__img-container\">\n                        <img decoding=\"async\" src=\"https:\/\/www.able2.org\/wp-content\/uploads\/2024\/05\/DonateBucket-May2024-300x174.jpg\" srcset=\"https:\/\/www.able2.org\/wp-content\/uploads\/2024\/05\/DonateBucket-May2024-300x174.jpg 300w, https:\/\/www.able2.org\/wp-content\/uploads\/2024\/05\/DonateBucket-May2024-1024x594.jpg 1024w, https:\/\/www.able2.org\/wp-content\/uploads\/2024\/05\/DonateBucket-May2024-768x446.jpg 768w, https:\/\/www.able2.org\/wp-content\/uploads\/2024\/05\/DonateBucket-May2024.jpg 1329w\" sizes=\"(max-width: 640px) 100vw, 640px\" alt=\"\" class=\"card__img\">\n                    <\/div>\n                    <p class=\"card__text\">Lorsque vous faites du\u00a0b\u00e9n\u00e9volat, vous contribuez \u00e0\u00a0r\u00e9duire la solitude et\u00a0l\u2019isolement social v\u00e9cus par\u00a0de nombreuses personnes<\/p>\n                <\/a>\n            <\/article>\n                        <\/section>\n","protected":false},"excerpt":{"rendered":"<p>Le Comit\u00e9 consultatif des consommateurs (CAC) est un groupe de b\u00e9n\u00e9voles ayant une exp\u00e9rience v\u00e9cue qui a \u00e9t\u00e9 d\u00e9velopp\u00e9 pour fournir des commentaires au conseil d&rsquo;administration d&rsquo;ABLE2 et pour repr\u00e9senter les int\u00e9r\u00eats des personnes handicap\u00e9es. Le comit\u00e9 s\u2019engage \u00e9galement dans des opportunit\u00e9s permettant \u00e0 ses membres de s\u2019impliquer dans le travail de plaidoyer d\u2019ABLE2. Devenir [&hellip;]<\/p>\n","protected":false},"author":1,"featured_media":0,"parent":0,"menu_order":0,"comment_status":"closed","ping_status":"closed","template":"page-templates\/page-no_sidebar.php","meta":{"_acf_changed":false,"footnotes":""},"acf":[],"yoast_head":"<!-- This site is optimized with the Yoast SEO plugin v22.8 - https:\/\/yoast.com\/wordpress\/plugins\/seo\/ -->\n<title>B\u00e9n\u00e9volat aupr\u00e8s du Comit\u00e9 consultatif des consommateurs (CAC) | ABLE2<\/title>\n<meta name=\"robots\" content=\"index, follow, max-snippet:-1, max-image-preview:large, max-video-preview:-1\" \/>\n<link rel=\"canonical\" href=\"https:\/\/www.able2.org\/fr\/benevolat-aupres-du-cac\/\" \/>\n<meta property=\"og:locale\" content=\"fr_FR\" \/>\n<meta property=\"og:type\" content=\"article\" \/>\n<meta property=\"og:title\" content=\"B\u00e9n\u00e9volat aupr\u00e8s du Comit\u00e9 consultatif des consommateurs (CAC) | ABLE2\" \/>\n<meta property=\"og:description\" content=\"Le Comit\u00e9 consultatif des consommateurs (CAC) est un groupe de b\u00e9n\u00e9voles ayant une exp\u00e9rience v\u00e9cue qui a \u00e9t\u00e9 d\u00e9velopp\u00e9 pour fournir des commentaires au conseil d&rsquo;administration d&rsquo;ABLE2 et pour repr\u00e9senter les int\u00e9r\u00eats des personnes handicap\u00e9es. Le comit\u00e9 s\u2019engage \u00e9galement dans des opportunit\u00e9s permettant \u00e0 ses membres de s\u2019impliquer dans le travail de plaidoyer d\u2019ABLE2. Devenir [&hellip;]\" \/>\n<meta property=\"og:url\" content=\"https:\/\/www.able2.org\/fr\/benevolat-aupres-du-cac\/\" \/>\n<meta property=\"og:site_name\" content=\"ABLE2\" \/>\n<meta property=\"article:modified_time\" content=\"2025-02-25T20:13:24+00:00\" \/>\n<meta name=\"twitter:card\" content=\"summary_large_image\" \/>\n<meta name=\"twitter:label1\" content=\"Dur\u00e9e de lecture estim\u00e9e\" \/>\n\t<meta name=\"twitter:data1\" content=\"1 minute\" \/>\n<script type=\"application\/ld+json\" class=\"yoast-schema-graph\">{\"@context\":\"https:\/\/schema.org\",\"@graph\":[{\"@type\":\"WebPage\",\"@id\":\"https:\/\/www.able2.org\/fr\/benevolat-aupres-du-cac\/\",\"url\":\"https:\/\/www.able2.org\/fr\/benevolat-aupres-du-cac\/\",\"name\":\"B\u00e9n\u00e9volat aupr\u00e8s du Comit\u00e9 consultatif des consommateurs (CAC) | ABLE2\",\"isPartOf\":{\"@id\":\"https:\/\/www.able2.org\/#website\"},\"datePublished\":\"2025-02-25T20:12:14+00:00\",\"dateModified\":\"2025-02-25T20:13:24+00:00\",\"breadcrumb\":{\"@id\":\"https:\/\/www.able2.org\/fr\/benevolat-aupres-du-cac\/#breadcrumb\"},\"inLanguage\":\"fr-FR\",\"potentialAction\":[{\"@type\":\"ReadAction\",\"target\":[\"https:\/\/www.able2.org\/fr\/benevolat-aupres-du-cac\/\"]}]},{\"@type\":\"BreadcrumbList\",\"@id\":\"https:\/\/www.able2.org\/fr\/benevolat-aupres-du-cac\/#breadcrumb\",\"itemListElement\":[{\"@type\":\"ListItem\",\"position\":1,\"name\":\"Home\",\"item\":\"https:\/\/www.able2.org\/fr\/accueil\/\"},{\"@type\":\"ListItem\",\"position\":2,\"name\":\"B\u00e9n\u00e9volat aupr\u00e8s du Comit\u00e9 consultatif des consommateurs (CAC)\"}]},{\"@type\":\"WebSite\",\"@id\":\"https:\/\/www.able2.org\/#website\",\"url\":\"https:\/\/www.able2.org\/\",\"name\":\"ABLE2\",\"description\":\"\",\"publisher\":{\"@id\":\"https:\/\/www.able2.org\/#organization\"},\"potentialAction\":[{\"@type\":\"SearchAction\",\"target\":{\"@type\":\"EntryPoint\",\"urlTemplate\":\"https:\/\/www.able2.org\/?s={search_term_string}\"},\"query-input\":\"required name=search_term_string\"}],\"inLanguage\":\"fr-FR\"},{\"@type\":\"Organization\",\"@id\":\"https:\/\/www.able2.org\/#organization\",\"name\":\"ABLE2\",\"url\":\"https:\/\/www.able2.org\/\",\"logo\":{\"@type\":\"ImageObject\",\"inLanguage\":\"fr-FR\",\"@id\":\"https:\/\/www.able2.org\/#\/schema\/logo\/image\/\",\"url\":\"https:\/\/www.able2.org\/wp-content\/uploads\/2020\/05\/logo.png\",\"contentUrl\":\"https:\/\/www.able2.org\/wp-content\/uploads\/2020\/05\/logo.png\",\"width\":528,\"height\":137,\"caption\":\"ABLE2\"},\"image\":{\"@id\":\"https:\/\/www.able2.org\/#\/schema\/logo\/image\/\"}}]}<\/script>\n<!-- \/ Yoast SEO plugin. -->","yoast_head_json":{"title":"B\u00e9n\u00e9volat aupr\u00e8s du Comit\u00e9 consultatif des consommateurs (CAC) | ABLE2","robots":{"index":"index","follow":"follow","max-snippet":"max-snippet:-1","max-image-preview":"max-image-preview:large","max-video-preview":"max-video-preview:-1"},"canonical":"https:\/\/www.able2.org\/fr\/benevolat-aupres-du-cac\/","og_locale":"fr_FR","og_type":"article","og_title":"B\u00e9n\u00e9volat aupr\u00e8s du Comit\u00e9 consultatif des consommateurs (CAC) | ABLE2","og_description":"Le Comit\u00e9 consultatif des consommateurs (CAC) est un groupe de b\u00e9n\u00e9voles ayant une exp\u00e9rience v\u00e9cue qui a \u00e9t\u00e9 d\u00e9velopp\u00e9 pour fournir des commentaires au conseil d&rsquo;administration d&rsquo;ABLE2 et pour repr\u00e9senter les int\u00e9r\u00eats des personnes handicap\u00e9es. Le comit\u00e9 s\u2019engage \u00e9galement dans des opportunit\u00e9s permettant \u00e0 ses membres de s\u2019impliquer dans le travail de plaidoyer d\u2019ABLE2. Devenir [&hellip;]","og_url":"https:\/\/www.able2.org\/fr\/benevolat-aupres-du-cac\/","og_site_name":"ABLE2","article_modified_time":"2025-02-25T20:13:24+00:00","twitter_card":"summary_large_image","twitter_misc":{"Dur\u00e9e de lecture estim\u00e9e":"1 minute"},"schema":{"@context":"https:\/\/schema.org","@graph":[{"@type":"WebPage","@id":"https:\/\/www.able2.org\/fr\/benevolat-aupres-du-cac\/","url":"https:\/\/www.able2.org\/fr\/benevolat-aupres-du-cac\/","name":"B\u00e9n\u00e9volat aupr\u00e8s du Comit\u00e9 consultatif des consommateurs (CAC) | ABLE2","isPartOf":{"@id":"https:\/\/www.able2.org\/#website"},"datePublished":"2025-02-25T20:12:14+00:00","dateModified":"2025-02-25T20:13:24+00:00","breadcrumb":{"@id":"https:\/\/www.able2.org\/fr\/benevolat-aupres-du-cac\/#breadcrumb"},"inLanguage":"fr-FR","potentialAction":[{"@type":"ReadAction","target":["https:\/\/www.able2.org\/fr\/benevolat-aupres-du-cac\/"]}]},{"@type":"BreadcrumbList","@id":"https:\/\/www.able2.org\/fr\/benevolat-aupres-du-cac\/#breadcrumb","itemListElement":[{"@type":"ListItem","position":1,"name":"Home","item":"https:\/\/www.able2.org\/fr\/accueil\/"},{"@type":"ListItem","position":2,"name":"B\u00e9n\u00e9volat aupr\u00e8s du Comit\u00e9 consultatif des consommateurs (CAC)"}]},{"@type":"WebSite","@id":"https:\/\/www.able2.org\/#website","url":"https:\/\/www.able2.org\/","name":"ABLE2","description":"","publisher":{"@id":"https:\/\/www.able2.org\/#organization"},"potentialAction":[{"@type":"SearchAction","target":{"@type":"EntryPoint","urlTemplate":"https:\/\/www.able2.org\/?s={search_term_string}"},"query-input":"required name=search_term_string"}],"inLanguage":"fr-FR"},{"@type":"Organization","@id":"https:\/\/www.able2.org\/#organization","name":"ABLE2","url":"https:\/\/www.able2.org\/","logo":{"@type":"ImageObject","inLanguage":"fr-FR","@id":"https:\/\/www.able2.org\/#\/schema\/logo\/image\/","url":"https:\/\/www.able2.org\/wp-content\/uploads\/2020\/05\/logo.png","contentUrl":"https:\/\/www.able2.org\/wp-content\/uploads\/2020\/05\/logo.png","width":528,"height":137,"caption":"ABLE2"},"image":{"@id":"https:\/\/www.able2.org\/#\/schema\/logo\/image\/"}}]}},"_links":{"self":[{"href":"https:\/\/www.able2.org\/fr\/wp-json\/wp\/v2\/pages\/20596"}],"collection":[{"href":"https:\/\/www.able2.org\/fr\/wp-json\/wp\/v2\/pages"}],"about":[{"href":"https:\/\/www.able2.org\/fr\/wp-json\/wp\/v2\/types\/page"}],"author":[{"embeddable":true,"href":"https:\/\/www.able2.org\/fr\/wp-json\/wp\/v2\/users\/1"}],"replies":[{"embeddable":true,"href":"https:\/\/www.able2.org\/fr\/wp-json\/wp\/v2\/comments?post=20596"}],"version-history":[{"count":5,"href":"https:\/\/www.able2.org\/fr\/wp-json\/wp\/v2\/pages\/20596\/revisions"}],"predecessor-version":[{"id":20636,"href":"https:\/\/www.able2.org\/fr\/wp-json\/wp\/v2\/pages\/20596\/revisions\/20636"}],"wp:attachment":[{"href":"https:\/\/www.able2.org\/fr\/wp-json\/wp\/v2\/media?parent=20596"}],"curies":[{"name":"wp","href":"https:\/\/api.w.org\/{rel}","templated":true}]}}