{"id":20591,"date":"2025-02-25T15:08:37","date_gmt":"2025-02-25T20:08:37","guid":{"rendered":"https:\/\/www.able2.org\/?page_id=20591"},"modified":"2026-03-11T12:04:51","modified_gmt":"2026-03-11T16:04:51","slug":"connect-friendly-callers","status":"publish","type":"page","link":"https:\/\/www.able2.org\/fr\/connect-friendly-callers\/","title":{"rendered":"B\u00e9n\u00e9volat aupr\u00e8s du programme Connect Friendly Callers"},"content":{"rendered":"\n<p>Le programme \u00ab&nbsp;Connect Friendly Callers&nbsp;\u00bb d\u2019ABLE2 offre aux b\u00e9n\u00e9voles une occasion unique de nouer des amiti\u00e9s individuelles avec des personnes en situation de handicap. Gr\u00e2ce \u00e0 des \u00e9changes r\u00e9guliers par t\u00e9l\u00e9phone, vid\u00e9o ou autres moyens de communication en ligne, les b\u00e9n\u00e9voles peuvent apporter compagnie, soutien social et un lien authentique qui contribue \u00e0 r\u00e9duire l\u2019isolement et la solitude, et \u00e0 favoriser un sentiment d\u2019appartenance, m\u00eame \u00e0 distance.<\/p>\n\n\n\n<div style=\"height:20px\" aria-hidden=\"true\" class=\"wp-block-spacer\"><\/div>\n\n\n\n<h2 class=\"wp-block-heading\"><strong>Pourquoi faire du b\u00e9n\u00e9volat en tant qu\u2019Alli\u00e9 dans le programme Matching Connect\u202f?<\/strong><\/h2>\n\n\n\n<div style=\"height:20px\" aria-hidden=\"true\" class=\"wp-block-spacer\"><\/div>\n\n\n\n<ul>\n<li><strong>Flexible et \u00e0 distance<\/strong>&nbsp;: Connectez-vous via la plateforme en ligne de votre choix (par texto, appels t\u00e9l\u00e9phoniques, appels vid\u00e9o ou r\u00e9seaux sociaux).<\/li>\n\n\n\n<li><strong>Inclusif<\/strong>&nbsp;: Id\u00e9al pour les b\u00e9n\u00e9voles qui pr\u00e9f\u00e8rent les interactions virtuelles ou qui ont une disponibilit\u00e9 limit\u00e9e pour des activit\u00e9s en personne.<\/li>\n\n\n\n<li><strong><strong>Ayant un impact significatif<\/strong><\/strong>&nbsp;: \u00catre Alli\u00e9 dans le programme Matching Connect, c\u2019est simplement cr\u00e9er une amiti\u00e9. En vous connectant avec une personne en qu\u00eate de lien social, vous offrez un soutien significatif par un simple appel t\u00e9l\u00e9phonique ou vid\u00e9o. De nombreux b\u00e9n\u00e9voles t\u00e9moignent avoir non seulement gagn\u00e9 un nouvel ami, mais aussi acquis une nouvelle perspective sur la vie \u2014 et pour certains, cette exp\u00e9rience a \u00e9t\u00e9 v\u00e9ritablement transformative.<\/li>\n<\/ul>\n\n\n\n<div style=\"height:20px\" aria-hidden=\"true\" class=\"wp-block-spacer\"><\/div>\n\n\n\n<p>Avec plus de 80 personnes en situation de handicap en attente d\u2019un jumelage, le programme Matching Connect offre une alternative plus imm\u00e9diate et accessible aux jumelages traditionnels en personne. Ce programme est particuli\u00e8rement b\u00e9n\u00e9fique pour les participants confront\u00e9s \u00e0 des obstacles li\u00e9s \u00e0 la mobilit\u00e9, \u00e0 la sant\u00e9 ou \u00e0 la situation financi\u00e8re, qui rendent les interactions en personne difficiles.<\/p>\n\n\n\n<div style=\"height:20px\" aria-hidden=\"true\" class=\"wp-block-spacer\"><\/div>\n\n\n\n<h2 class=\"wp-block-heading\"><strong>Comment devenir un Alli\u00e9 Connect<\/strong><\/h2>\n\n\n\n<div style=\"height:20px\" aria-hidden=\"true\" class=\"wp-block-spacer\"><\/div>\n\n\n\n<p>Nous recherchons des alli\u00e9s qui :<\/p>\n\n\n\n<ul>\n<li>Avoir 18 ans ou plus.<\/li>\n\n\n\n<li>R\u00e9sider \u00e0 Ottawa ou dans les environs.<\/li>\n\n\n\n<li>Peut faire l&rsquo;objet d&rsquo;une v\u00e9rification de secteur vuln\u00e9rable.<\/li>\n<\/ul>\n\n\n\n<div style=\"height:20px\" aria-hidden=\"true\" class=\"wp-block-spacer\"><\/div>\n\n\n\n<p>En devenant Alli\u00e9(e), vous suivrez un processus d&rsquo;int\u00e9gration pour vous assurer, \u00e0 vous et \u00e0 votre ami(e), la meilleure association possible. Nous vous fournirons toutes les informations n\u00e9cessaires et vous b\u00e9n\u00e9ficierez d&rsquo;une formation et d&rsquo;un soutien continu pour vous permettre, \u00e0 vous et \u00e0 votre ami(e), de vivre une exp\u00e9rience enrichissante et significative. Notre \u00e9quipe vous accompagnera \u00e0 chaque \u00e9tape. Cliquez sur les titres ci-dessous pour en savoir plus sur ce que nous vous proposons.<\/p>\n\n\n\n<div style=\"height:20px\" aria-hidden=\"true\" class=\"wp-block-spacer\"><\/div>\n\n\n\n<div class=\"wp-block-pb-accordion-item c-accordion__item js-accordion-item no-js\" data-initially-open=\"false\" data-click-to-close=\"true\" data-auto-close=\"true\" data-scroll=\"false\" data-scroll-offset=\"0\"><h2 id=\"at-205910\" class=\"c-accordion__title js-accordion-controller\" role=\"button\">\u00c9tape No 1 &#8211; S\u00e9ance d&rsquo;information et formulaire de candidature pour les b\u00e9n\u00e9voles<\/h2><div id=\"ac-205910\" class=\"c-accordion__content\">\n<p>La premi\u00e8re \u00e9tape pour devenir b\u00e9n\u00e9vole au sein du Programme de jumelage est de visionner la <strong><a href=\"https:\/\/www.able2.org\/fr\/seance-dinformation-en-ligne-pour-les-benevoles-allies\/\">s\u00e9ance d&rsquo;information en ligne destin\u00e9e aux b\u00e9n\u00e9voles<\/a><\/strong>. Cette pr\u00e9sentation vous fera d\u00e9couvrir notre organisation et vous donnera un aper\u00e7u de notre programme.<\/p>\n\n\n\n<p>Vous remplirez ensuite votre <strong><a href=\"https:\/\/wl.donorperfect.net\/weblink\/WebLink.aspx?name=E362751QE&amp;id=47\">formulaire de candidature<\/a><\/strong>, ce qui vous permettra d&rsquo;exprimer vos centres d&rsquo;int\u00e9r\u00eat en mati\u00e8re de b\u00e9n\u00e9volat. Notre coordinateur des b\u00e9n\u00e9voles vous contactera par la suite pour vous fournir les documents n\u00e9cessaires aux prochaines \u00e9tapes.<\/p>\n\n\n\n<p>Si vous souhaitez \u00e9changer virtuellement sur votre engagement ou si vous avez besoin d&rsquo;aide pour remplir votre candidature, veuillez contacter notre coordinateur des b\u00e9n\u00e9voles au <strong><a href=\"callto:613-761-9522\">613-761-9522<\/a><\/strong>, <strong>poste 239<\/strong>, ou par courriel \u00e0 <strong><a href=\"mailto:volunteer@able2.org\" target=\"_blank\" rel=\"noreferrer noopener\">volunteer@able2.org<\/a><\/strong>.<\/p>\n<\/div><\/div>\n\n\n\n<div class=\"wp-block-pb-accordion-item c-accordion__item js-accordion-item no-js\" data-initially-open=\"false\" data-click-to-close=\"true\" data-auto-close=\"true\" data-scroll=\"false\" data-scroll-offset=\"0\"><h2 id=\"at-205911\" class=\"c-accordion__title js-accordion-controller\" role=\"button\">\u00c9tape No 2 &#8211; Formulaire s\u00e9ance de recruitment<\/h2><div id=\"ac-205911\" class=\"c-accordion__content\">\n<p>Apr\u00e8s avoir visionn\u00e9 la s\u00e9ance d&rsquo;information et d\u00e9cid\u00e9 que le programme de jumelage correspond bien \u00e0 vos int\u00e9r\u00eats et besoins en mati\u00e8re de b\u00e9n\u00e9volat, vous recevrez prochainement la communication de notre coordonnateur des b\u00e9n\u00e9voles qui vous fournira les documents et les informations n\u00e9cessaires pour les prochaines \u00e9tapes, \u00e0 savoir&nbsp;:<\/p>\n\n\n\n<ul>\n<li>Veuillez remplir un questionnaire d&rsquo;alli\u00e9 afin que nous puissions mieux conna\u00eetre vos go\u00fbts, vos aversions, vos exp\u00e9riences et vos capacit\u00e9s.<\/li>\n\n\n\n<li>Examiner un dossier d\u2019information sur le programme de jumelage et fournir un soutien concret en tant qu\u2019alli\u00e9<\/li>\n\n\n\n<li>Demande de <strong><a href=\"https:\/\/olbc.ottawapolice.ca\/ops_create_login\">v\u00e9rification des ant\u00e9c\u00e9dents policiers pour un service aupr\u00e8s du secteur vuln\u00e9rable<\/a><\/strong><\/li>\n\n\n\n<li>Inscription \u00e0 une session d&rsquo;int\u00e9gration<\/li>\n<\/ul>\n\n\n\n<p>Une fois vos formulaires de candidature d\u00fbment remplis re\u00e7us, vous serez invit\u00e9(e) \u00e0 participer \u00e0 une session d&rsquo;int\u00e9gration afin de vous pr\u00e9parer \u00e0 votre r\u00f4le d&rsquo;alli\u00e9(e). Cette formation de 2 \u00e0 3 heures abordera les points suivants&nbsp;:<\/p>\n\n\n\n<ul>\n<li>Ce que vous pouvez attendre de nous, votre ami, et ce que nous attendons de vous.<\/li>\n\n\n\n<li>L\u2019impact qu\u2019une amiti\u00e9 intentionnelle peut avoir sur une personne handicap\u00e9e.<\/li>\n\n\n\n<li>Apprendre \u00e0 conna\u00eetre les diff\u00e9rents handicaps et comment apporter un soutien inclusif et sans jugement<\/li>\n\n\n\n<li>Comment fixer des limites, naviguer dans la r\u00e9solution cr\u00e9ative de probl\u00e8mes et surmonter les obstacles<\/li>\n\n\n\n<li>Les d\u00e9fis courants et les diff\u00e9rentes sources d&rsquo;aide et de soutien \u00e0 votre disposition en tant que b\u00e9n\u00e9vole<\/li>\n\n\n\n<li>Les joies d&rsquo;\u00eatre un alli\u00e9 et toutes les fa\u00e7ons dont vous pouvez esp\u00e9rer enrichir votre vie et celle de votre ami.<\/li>\n\n\n\n<li>In addition,&nbsp;you will have the&nbsp;opportunity to meet other new Allies and ABLE2 staff to learn and share ideas together.&nbsp;<\/li>\n<\/ul>\n<\/div><\/div>\n\n\n\n<div class=\"wp-block-pb-accordion-item c-accordion__item js-accordion-item no-js\" data-initially-open=\"false\" data-click-to-close=\"true\" data-auto-close=\"true\" data-scroll=\"false\" data-scroll-offset=\"0\"><h2 id=\"at-205912\" class=\"c-accordion__title js-accordion-controller\" role=\"button\">\u00c9tape No 3 &#8211; Conversation d&rsquo;apprentissage<\/h2><div id=\"ac-205912\" class=\"c-accordion__content\">\n<p>L&rsquo;\u00e9tape suivante consiste en un entretien virtuel individuel d&rsquo;environ 90 \u00e0 120 minutes avec un membre de l&rsquo;\u00e9quipe. Nous apprendrons \u00e0 mieux vous conna\u00eetre, ainsi que votre personnalit\u00e9, vos loisirs et vos centres d&rsquo;int\u00e9r\u00eat, afin de trouver le programme qui vous correspond le mieux.<\/p>\n\n\n\n<p>Suite \u00e0 votre entretien p\u00e9dagogique, nous contacterons vos r\u00e9f\u00e9rences. Veuillez les informer de notre venue.<\/p>\n<\/div><\/div>\n\n\n\n<div class=\"wp-block-pb-accordion-item c-accordion__item js-accordion-item no-js\" data-initially-open=\"false\" data-click-to-close=\"true\" data-auto-close=\"true\" data-scroll=\"false\" data-scroll-offset=\"0\"><h2 id=\"at-205913\" class=\"c-accordion__title js-accordion-controller\" role=\"button\">\u00c9tape No 4 &#8211; Pr\u00e9sentation de potentiels amis<\/h2><div id=\"ac-205913\" class=\"c-accordion__content\">\n<p>Vous serez invit\u00e9 par un travailleur social \u00e0 une r\u00e9union d&rsquo;une heure au cours de laquelle plusieurs personnes susceptibles de vous parrainer vous seront pr\u00e9sent\u00e9es. Vous participerez au choix de la personne en situation de handicap avec laquelle vous souhaitez \u00eatre jumel\u00e9.<\/p>\n<\/div><\/div>\n\n\n\n<div class=\"wp-block-pb-accordion-item c-accordion__item js-accordion-item no-js\" data-initially-open=\"false\" data-click-to-close=\"true\" data-auto-close=\"true\" data-scroll=\"false\" data-scroll-offset=\"0\"><h2 id=\"at-205914\" class=\"c-accordion__title js-accordion-controller\" role=\"button\">\u00c9tape No 5 &#8211; Formation addionnelle  confirmation d&rsquo;information<\/h2><div id=\"ac-205914\" class=\"c-accordion__content\">\n<p>Tous les b\u00e9n\u00e9voles re\u00e7oivent une formation en ligne sur des sujets tels que l&rsquo;inclusion, l&rsquo;accessibilit\u00e9 et la connaissance de vos droits. Veuillez envoyer vos certificats de r\u00e9ussite \u00e0 votre r\u00e9f\u00e9rent avant votre premi\u00e8re rencontre. Vous recevrez un lien, un nom d&rsquo;utilisateur et un mot de passe pour suivre les sessions de formation suivantes&nbsp;:<\/p>\n\n\n\n<ul>\n<li>Formation au service \u00e0 la client\u00e8le selon la LAODA (contenu condens\u00e9) (32 minutes)<\/li>\n\n\n\n<li>Comprendre les droits de la personne (\u00e9dition LAPHO) (28 minutes)<\/li>\n\n\n\n<li>Diversit\u00e9, \u00e9quit\u00e9, inclusion et appartenance (DEIB) (20 \u00e0 30 minutes chacune x 3 s\u00e9ances)<\/li>\n<\/ul>\n\n\n\n<p>Avant la s\u00e9ance d&rsquo;int\u00e9gration, les politiques suivantes vous seront remises et il vous sera demand\u00e9 de les lire et de les signer avant votre premi\u00e8re r\u00e9union de jumelage&nbsp;:<\/p>\n\n\n\n<ul>\n<li>Sant\u00e9 et s\u00e9curit\u00e9<\/li>\n\n\n\n<li>Violence et harc\u00e8lement<\/li>\n<\/ul>\n<\/div><\/div>\n\n\n\n<div class=\"wp-block-pb-accordion-item c-accordion__item js-accordion-item no-js\" data-initially-open=\"false\" data-click-to-close=\"true\" data-auto-close=\"true\" data-scroll=\"false\" data-scroll-offset=\"0\"><h2 id=\"at-205915\" class=\"c-accordion__title js-accordion-controller\" role=\"button\">\u00c9tape No 6 &#8211; R\u00e9union de jumelage<\/h2><div id=\"ac-205915\" class=\"c-accordion__content\">\n<p>Votre intervenant facilitera la premi\u00e8re rencontre entre vous et votre ami potentiel. Apr\u00e8s cette premi\u00e8re rencontre, il vous contactera tous les deux pour savoir si vous \u00eates satisfaits de poursuivre cette collaboration. Si vous l&rsquo;\u00eates tous les deux, vous pourrez alors commencer \u00e0 faire des activit\u00e9s amusantes ensemble&nbsp;!<\/p>\n<\/div><\/div>\n\n\n\n<div style=\"height:20px\" aria-hidden=\"true\" class=\"wp-block-spacer\"><\/div>\n\n\n\n<p>Pour plus d&rsquo;informations sur le b\u00e9n\u00e9volat, contactez <strong><a href=\"mailto:volunteer@able2.org\">volunteer@able2.org<\/a><\/strong><\/p>\n\n\n\n<div style=\"height:50px\" aria-hidden=\"true\" class=\"wp-block-spacer\"><\/div>\n\n\n    <section class=\"container sm:flex\">\n                                <article class=\"card sm:w-1\/3\">\n                <a href=\"https:\/\/www.able2.org\/fr\/faites-un-don\/\" class=\"block h-full\">\n                    <h2 class=\"card__title\">Ayez un impact durable en devenant un donateur mensuel \u2063\u2063<\/h2>\n                    <div class=\"card__img-container\">\n                        <img decoding=\"async\" src=\"https:\/\/www.able2.org\/wp-content\/uploads\/2024\/04\/2About-OurHistory-Bucket-MonthlyDonor-300x174.png\" srcset=\"https:\/\/www.able2.org\/wp-content\/uploads\/2024\/04\/2About-OurHistory-Bucket-MonthlyDonor-300x174.png 300w, https:\/\/www.able2.org\/wp-content\/uploads\/2024\/04\/2About-OurHistory-Bucket-MonthlyDonor-1024x594.png 1024w, https:\/\/www.able2.org\/wp-content\/uploads\/2024\/04\/2About-OurHistory-Bucket-MonthlyDonor-768x446.png 768w, https:\/\/www.able2.org\/wp-content\/uploads\/2024\/04\/2About-OurHistory-Bucket-MonthlyDonor.png 1329w\" sizes=\"(max-width: 640px) 100vw, 640px\" alt=\"\" class=\"card__img\">\n                    <\/div>\n                    <p class=\"card__text\">Votre don aide les personnes\u00a0 vivant avec un handicap \u00e0 acqu\u00e9rir de nouvelles<\/p>\n                <\/a>\n            <\/article>\n                                            <article class=\"card card--yellow sm:w-1\/3\">\n                <a href=\"https:\/\/www.able2.org\/fr\/nos-histoires\/\" class=\"block h-full\">\n                    <h2 class=\"card__title\">Apprenez en plus sur comment votre contribution permet de changer des vies<\/h2>\n                    <div class=\"card__img-container\">\n                        <img decoding=\"async\" src=\"https:\/\/www.able2.org\/wp-content\/uploads\/2024\/04\/1About-Bucket-History-300x174.png\" srcset=\"https:\/\/www.able2.org\/wp-content\/uploads\/2024\/04\/1About-Bucket-History-300x174.png 300w, https:\/\/www.able2.org\/wp-content\/uploads\/2024\/04\/1About-Bucket-History-1024x594.png 1024w, https:\/\/www.able2.org\/wp-content\/uploads\/2024\/04\/1About-Bucket-History-768x446.png 768w, https:\/\/www.able2.org\/wp-content\/uploads\/2024\/04\/1About-Bucket-History.png 1329w\" sizes=\"(max-width: 640px) 100vw, 640px\" alt=\"\" class=\"card__img\">\n                    <\/div>\n                    <p class=\"card__text\">Apprenez-en plus sur les histoires des utilisateurs de\u00a0 programmes, des b\u00e9n\u00e9voles et des d\u00e9fenseurs du milieu\u00a0communautaire.<\/p>\n                <\/a>\n            <\/article>\n                                            <article class=\"card sm:w-1\/3\">\n                <a href=\"https:\/\/www.able2.org\/fr\/faire-du-benevolat-avec-able2\/\" class=\"block h-full\">\n                    <h2 class=\"card__title\">B\u00e9n\u00e9vole\u2063<\/h2>\n                    <div class=\"card__img-container\">\n                        <img decoding=\"async\" src=\"https:\/\/www.able2.org\/wp-content\/uploads\/2024\/05\/DonateBucket-May2024-300x174.jpg\" srcset=\"https:\/\/www.able2.org\/wp-content\/uploads\/2024\/05\/DonateBucket-May2024-300x174.jpg 300w, https:\/\/www.able2.org\/wp-content\/uploads\/2024\/05\/DonateBucket-May2024-1024x594.jpg 1024w, https:\/\/www.able2.org\/wp-content\/uploads\/2024\/05\/DonateBucket-May2024-768x446.jpg 768w, https:\/\/www.able2.org\/wp-content\/uploads\/2024\/05\/DonateBucket-May2024.jpg 1329w\" sizes=\"(max-width: 640px) 100vw, 640px\" alt=\"\" class=\"card__img\">\n                    <\/div>\n                    <p class=\"card__text\">Lorsque vous faites du\u00a0b\u00e9n\u00e9volat, vous contribuez \u00e0\u00a0r\u00e9duire la solitude et\u00a0l\u2019isolement social v\u00e9cus par\u00a0de nombreuses personnes<\/p>\n                <\/a>\n            <\/article>\n                        <\/section>\n","protected":false},"excerpt":{"rendered":"<p>Le programme \u00ab&nbsp;Connect Friendly Callers&nbsp;\u00bb d\u2019ABLE2 offre aux b\u00e9n\u00e9voles une occasion unique de nouer des amiti\u00e9s individuelles avec des personnes en situation de handicap. Gr\u00e2ce \u00e0 des \u00e9changes r\u00e9guliers par t\u00e9l\u00e9phone, vid\u00e9o ou autres moyens de communication en ligne, les b\u00e9n\u00e9voles peuvent apporter compagnie, soutien social et un lien authentique qui contribue \u00e0 r\u00e9duire l\u2019isolement [&hellip;]<\/p>\n","protected":false},"author":1,"featured_media":0,"parent":0,"menu_order":0,"comment_status":"closed","ping_status":"closed","template":"page-templates\/page-no_sidebar.php","meta":{"_acf_changed":false,"footnotes":""},"acf":[],"yoast_head":"<!-- This site is optimized with the Yoast SEO plugin v22.8 - https:\/\/yoast.com\/wordpress\/plugins\/seo\/ -->\n<title>B\u00e9n\u00e9volat aupr\u00e8s du programme Connect Friendly Callers | ABLE2<\/title>\n<meta name=\"robots\" content=\"index, follow, max-snippet:-1, max-image-preview:large, max-video-preview:-1\" \/>\n<link rel=\"canonical\" href=\"https:\/\/www.able2.org\/fr\/connect-friendly-callers\/\" \/>\n<meta property=\"og:locale\" content=\"fr_FR\" \/>\n<meta property=\"og:type\" content=\"article\" \/>\n<meta property=\"og:title\" content=\"B\u00e9n\u00e9volat aupr\u00e8s du programme Connect Friendly Callers | ABLE2\" \/>\n<meta property=\"og:description\" content=\"Le programme \u00ab&nbsp;Connect Friendly Callers&nbsp;\u00bb d\u2019ABLE2 offre aux b\u00e9n\u00e9voles une occasion unique de nouer des amiti\u00e9s individuelles avec des personnes en situation de handicap. Gr\u00e2ce \u00e0 des \u00e9changes r\u00e9guliers par t\u00e9l\u00e9phone, vid\u00e9o ou autres moyens de communication en ligne, les b\u00e9n\u00e9voles peuvent apporter compagnie, soutien social et un lien authentique qui contribue \u00e0 r\u00e9duire l\u2019isolement [&hellip;]\" \/>\n<meta property=\"og:url\" content=\"https:\/\/www.able2.org\/fr\/connect-friendly-callers\/\" \/>\n<meta property=\"og:site_name\" content=\"ABLE2\" \/>\n<meta property=\"article:modified_time\" content=\"2026-03-11T16:04:51+00:00\" \/>\n<meta name=\"twitter:card\" content=\"summary_large_image\" \/>\n<meta name=\"twitter:label1\" content=\"Dur\u00e9e de lecture estim\u00e9e\" \/>\n\t<meta name=\"twitter:data1\" content=\"5 minutes\" \/>\n<script type=\"application\/ld+json\" class=\"yoast-schema-graph\">{\"@context\":\"https:\/\/schema.org\",\"@graph\":[{\"@type\":\"WebPage\",\"@id\":\"https:\/\/www.able2.org\/fr\/connect-friendly-callers\/\",\"url\":\"https:\/\/www.able2.org\/fr\/connect-friendly-callers\/\",\"name\":\"B\u00e9n\u00e9volat aupr\u00e8s du programme Connect Friendly Callers | ABLE2\",\"isPartOf\":{\"@id\":\"https:\/\/www.able2.org\/#website\"},\"datePublished\":\"2025-02-25T20:08:37+00:00\",\"dateModified\":\"2026-03-11T16:04:51+00:00\",\"breadcrumb\":{\"@id\":\"https:\/\/www.able2.org\/fr\/connect-friendly-callers\/#breadcrumb\"},\"inLanguage\":\"fr-FR\",\"potentialAction\":[{\"@type\":\"ReadAction\",\"target\":[\"https:\/\/www.able2.org\/fr\/connect-friendly-callers\/\"]}]},{\"@type\":\"BreadcrumbList\",\"@id\":\"https:\/\/www.able2.org\/fr\/connect-friendly-callers\/#breadcrumb\",\"itemListElement\":[{\"@type\":\"ListItem\",\"position\":1,\"name\":\"Home\",\"item\":\"https:\/\/www.able2.org\/fr\/accueil\/\"},{\"@type\":\"ListItem\",\"position\":2,\"name\":\"B\u00e9n\u00e9volat aupr\u00e8s du programme Connect Friendly Callers\"}]},{\"@type\":\"WebSite\",\"@id\":\"https:\/\/www.able2.org\/#website\",\"url\":\"https:\/\/www.able2.org\/\",\"name\":\"ABLE2\",\"description\":\"\",\"publisher\":{\"@id\":\"https:\/\/www.able2.org\/#organization\"},\"potentialAction\":[{\"@type\":\"SearchAction\",\"target\":{\"@type\":\"EntryPoint\",\"urlTemplate\":\"https:\/\/www.able2.org\/?s={search_term_string}\"},\"query-input\":\"required name=search_term_string\"}],\"inLanguage\":\"fr-FR\"},{\"@type\":\"Organization\",\"@id\":\"https:\/\/www.able2.org\/#organization\",\"name\":\"ABLE2\",\"url\":\"https:\/\/www.able2.org\/\",\"logo\":{\"@type\":\"ImageObject\",\"inLanguage\":\"fr-FR\",\"@id\":\"https:\/\/www.able2.org\/#\/schema\/logo\/image\/\",\"url\":\"https:\/\/www.able2.org\/wp-content\/uploads\/2020\/05\/logo.png\",\"contentUrl\":\"https:\/\/www.able2.org\/wp-content\/uploads\/2020\/05\/logo.png\",\"width\":528,\"height\":137,\"caption\":\"ABLE2\"},\"image\":{\"@id\":\"https:\/\/www.able2.org\/#\/schema\/logo\/image\/\"}}]}<\/script>\n<!-- \/ Yoast SEO plugin. -->","yoast_head_json":{"title":"B\u00e9n\u00e9volat aupr\u00e8s du programme Connect Friendly Callers | ABLE2","robots":{"index":"index","follow":"follow","max-snippet":"max-snippet:-1","max-image-preview":"max-image-preview:large","max-video-preview":"max-video-preview:-1"},"canonical":"https:\/\/www.able2.org\/fr\/connect-friendly-callers\/","og_locale":"fr_FR","og_type":"article","og_title":"B\u00e9n\u00e9volat aupr\u00e8s du programme Connect Friendly Callers | ABLE2","og_description":"Le programme \u00ab&nbsp;Connect Friendly Callers&nbsp;\u00bb d\u2019ABLE2 offre aux b\u00e9n\u00e9voles une occasion unique de nouer des amiti\u00e9s individuelles avec des personnes en situation de handicap. Gr\u00e2ce \u00e0 des \u00e9changes r\u00e9guliers par t\u00e9l\u00e9phone, vid\u00e9o ou autres moyens de communication en ligne, les b\u00e9n\u00e9voles peuvent apporter compagnie, soutien social et un lien authentique qui contribue \u00e0 r\u00e9duire l\u2019isolement [&hellip;]","og_url":"https:\/\/www.able2.org\/fr\/connect-friendly-callers\/","og_site_name":"ABLE2","article_modified_time":"2026-03-11T16:04:51+00:00","twitter_card":"summary_large_image","twitter_misc":{"Dur\u00e9e de lecture estim\u00e9e":"5 minutes"},"schema":{"@context":"https:\/\/schema.org","@graph":[{"@type":"WebPage","@id":"https:\/\/www.able2.org\/fr\/connect-friendly-callers\/","url":"https:\/\/www.able2.org\/fr\/connect-friendly-callers\/","name":"B\u00e9n\u00e9volat aupr\u00e8s du programme Connect Friendly Callers | ABLE2","isPartOf":{"@id":"https:\/\/www.able2.org\/#website"},"datePublished":"2025-02-25T20:08:37+00:00","dateModified":"2026-03-11T16:04:51+00:00","breadcrumb":{"@id":"https:\/\/www.able2.org\/fr\/connect-friendly-callers\/#breadcrumb"},"inLanguage":"fr-FR","potentialAction":[{"@type":"ReadAction","target":["https:\/\/www.able2.org\/fr\/connect-friendly-callers\/"]}]},{"@type":"BreadcrumbList","@id":"https:\/\/www.able2.org\/fr\/connect-friendly-callers\/#breadcrumb","itemListElement":[{"@type":"ListItem","position":1,"name":"Home","item":"https:\/\/www.able2.org\/fr\/accueil\/"},{"@type":"ListItem","position":2,"name":"B\u00e9n\u00e9volat aupr\u00e8s du programme Connect Friendly Callers"}]},{"@type":"WebSite","@id":"https:\/\/www.able2.org\/#website","url":"https:\/\/www.able2.org\/","name":"ABLE2","description":"","publisher":{"@id":"https:\/\/www.able2.org\/#organization"},"potentialAction":[{"@type":"SearchAction","target":{"@type":"EntryPoint","urlTemplate":"https:\/\/www.able2.org\/?s={search_term_string}"},"query-input":"required name=search_term_string"}],"inLanguage":"fr-FR"},{"@type":"Organization","@id":"https:\/\/www.able2.org\/#organization","name":"ABLE2","url":"https:\/\/www.able2.org\/","logo":{"@type":"ImageObject","inLanguage":"fr-FR","@id":"https:\/\/www.able2.org\/#\/schema\/logo\/image\/","url":"https:\/\/www.able2.org\/wp-content\/uploads\/2020\/05\/logo.png","contentUrl":"https:\/\/www.able2.org\/wp-content\/uploads\/2020\/05\/logo.png","width":528,"height":137,"caption":"ABLE2"},"image":{"@id":"https:\/\/www.able2.org\/#\/schema\/logo\/image\/"}}]}},"_links":{"self":[{"href":"https:\/\/www.able2.org\/fr\/wp-json\/wp\/v2\/pages\/20591"}],"collection":[{"href":"https:\/\/www.able2.org\/fr\/wp-json\/wp\/v2\/pages"}],"about":[{"href":"https:\/\/www.able2.org\/fr\/wp-json\/wp\/v2\/types\/page"}],"author":[{"embeddable":true,"href":"https:\/\/www.able2.org\/fr\/wp-json\/wp\/v2\/users\/1"}],"replies":[{"embeddable":true,"href":"https:\/\/www.able2.org\/fr\/wp-json\/wp\/v2\/comments?post=20591"}],"version-history":[{"count":8,"href":"https:\/\/www.able2.org\/fr\/wp-json\/wp\/v2\/pages\/20591\/revisions"}],"predecessor-version":[{"id":23508,"href":"https:\/\/www.able2.org\/fr\/wp-json\/wp\/v2\/pages\/20591\/revisions\/23508"}],"wp:attachment":[{"href":"https:\/\/www.able2.org\/fr\/wp-json\/wp\/v2\/media?parent=20591"}],"curies":[{"name":"wp","href":"https:\/\/api.w.org\/{rel}","templated":true}]}}