{"id":182,"date":"2020-05-14T12:47:29","date_gmt":"2020-05-14T16:47:29","guid":{"rendered":"https:\/\/www.able2.org\/more-ways-you-can-help-fr\/planned-giving-fr\/"},"modified":"2024-10-28T11:07:58","modified_gmt":"2024-10-28T15:07:58","slug":"donnez-par-votre-testament","status":"publish","type":"page","link":"https:\/\/www.able2.org\/fr\/faites-un-don\/donnez-par-votre-testament\/","title":{"rendered":"Donnez par votre testament"},"content":{"rendered":"\n<p>Le fait d\u2019organiser un don de bienfaisance dans votre testament pour ABLE2 est l\u2019un des moyens les plus simples et les plus puissants de soutenir les personnes vivant avec des handicaps et leurs familles. Lorsque vous envisagez de faire un don dans votre testament, votre don vous aidera \u00e0 relever les d\u00e9fis uniques que la vie avec un handicap apporte souvent. Les dons planifi\u00e9s constituent une excellente occasion d\u2019assurer un soutien continu \u00e0 un organisme de bienfaisance ou \u00e0 une cause en laquelle vous croyez en faisant un legs dans votre testament. En incluant un don \u00e0 ABLE2 dans votre plan successoral, vous pouvez contribuer \u00e0 r\u00e9aliser un avenir o\u00f9 tous les citoyens sont valoris\u00e9s et accueillis dans une communaut\u00e9 inclusive.<\/p>\n\n\n\n<p>Si vous envisagez de laisser un legs \u00e0 ABLE2, nous serions ravis d\u2019en entendre parler. S&rsquo;il vous pla\u00eet laissez-nous reconna\u00eetre votre g\u00e9n\u00e9rosit\u00e9. Contactez Heather Lacey \u00e0 <strong><a href=\"mailto:hlacey@able2.org\">hlacey@able2.org<\/a><\/strong>.<\/p>\n\n\n\n<p><strong>ABLE2 est un organisme de bienfaisance enregistr\u00e9 aupr\u00e8s de l&rsquo;Agence du revenu du Canada, num\u00e9ro d&rsquo;enregistrement d&rsquo;organisme de bienfaisance 13036 2817 RR0001.<\/strong><\/p>\n\n\n\n<div style=\"height:32px\" aria-hidden=\"true\" class=\"wp-block-spacer\"><\/div>\n\n\n\n<h3 class=\"wp-block-heading has-text-color has-link-color wp-elements-e4838fabe0f36879726b38d183155507\" style=\"color:#00b9c6\">Esp\u00e9rez-vous quitter le monde dans un meilleur \u00e9tat que celui o\u00f9 vous l&rsquo;avez trouv\u00e9?<\/h3>\n\n\n\n<h3 class=\"wp-block-heading has-text-color has-link-color wp-elements-9aa2796ba112dcf01258a78a00f839a3\" style=\"color:#00b9c6\"><mark style=\"background-color:rgba(0, 0, 0, 0);color:#01b8c5\" class=\"has-inline-color\">Vous pouvez faire une diff<\/mark>\u00e9rence dans la vie des personnes vivant avec des handicaps<\/h3>\n\n\n\n<h3 class=\"wp-block-heading has-text-color has-link-color wp-elements-bcbd8edb2f3ed720f9780237c2780bfb\" style=\"color:#00b9c6\">Vous pouvez faire un don planifi\u00e9 de nombreuses fa\u00e7ons:<\/h3>\n\n\n\n<div style=\"height:32px\" aria-hidden=\"true\" class=\"wp-block-spacer\"><\/div>\n\n\n\n<div class=\"wp-block-pb-accordion-item c-accordion__item js-accordion-item no-js\" data-initially-open=\"false\" data-click-to-close=\"true\" data-auto-close=\"true\" data-scroll=\"false\" data-scroll-offset=\"0\"><h2 id=\"at-1820\" class=\"c-accordion__title js-accordion-controller\" role=\"button\">LEGS TESTAMENTAIRES DE BIENFAISANCE<\/h2><div id=\"ac-1820\" class=\"c-accordion__content\">\n<p>En faisant un don testamentaire dans votre testament, vous avez l\u2019opportunit\u00e9 d\u2019effectuer une contribution de bienfaisance qui pourrait ne pas \u00eatre possible de votre vivant et de r\u00e9duire ainsi l&rsquo;imp\u00f4t \u00e0 payer sur votre succession.<\/p>\n<\/div><\/div>\n\n\n\n<div class=\"wp-block-pb-accordion-item c-accordion__item js-accordion-item no-js\" data-initially-open=\"false\" data-click-to-close=\"true\" data-auto-close=\"true\" data-scroll=\"false\" data-scroll-offset=\"0\"><h2 id=\"at-1821\" class=\"c-accordion__title js-accordion-controller\" role=\"button\">ASSURANCE-VIE<\/h2><div id=\"ac-1821\" class=\"c-accordion__content\">\n<p>De nombreux Canadiens poss\u00e8dent une assurance-vie qui leur permet d\u2019accumuler des fonds \u00e0 l\u2019abri de l\u2019imp\u00f4t en offrant aux h\u00e9ritiers un acc\u00e8s rapide aux ressources financi\u00e8res. Un don d\u2019assurance-vie est de nature attrayante si le donateur, \u00e2g\u00e9 de moins de 50 ans et en bonne sant\u00e9, souhaite effectuer une importante contribution pour une d\u00e9pense financi\u00e8re relativement petite et si sa famille n\u2019a plus besoin du produit de son assurance. \n<\/p>\n\n\n\n<p>Pour plus d\u2019information, veuillez communiquer avec votre agent d\u2019assurance, votre comptable ou votre conseiller financier. <\/p>\n<\/div><\/div>\n\n\n\n<div class=\"wp-block-pb-accordion-item c-accordion__item js-accordion-item no-js\" data-initially-open=\"false\" data-click-to-close=\"true\" data-auto-close=\"true\" data-scroll=\"false\" data-scroll-offset=\"0\"><h2 id=\"at-1822\" class=\"c-accordion__title js-accordion-controller\" role=\"button\">R\u00c9GIMES ENREGISTR\u00c9S<\/h2><div id=\"ac-1822\" class=\"c-accordion__content\">\n<p>De nombreux Canadiens poss\u00e8dent des \u00e9conomies dans des r\u00e9gimes enregistr\u00e9s d\u2019\u00e9pargne-retraite (REER). Toutefois, les REER et les FERR (fonds enregistr\u00e9s de revenu de retraite) cr\u00e9ent souvent des obligations fiscales importantes durant l&rsquo;ann\u00e9e du d\u00e9c\u00e8s, car le montant total du r\u00e9gime est inclus dans votre revenu annuel. En faisant un don de la totalit\u00e9 ou d&rsquo;un pourcentage de votre REER ou FERR \u00e0 ABLE2 Ottawa \u00e0 votre d\u00e9c\u00e8s vous aurez l\u2019opportunit\u00e9 de r\u00e9duire les imp\u00f4ts \u00e0 payer par votre succession.<\/p>\n\n\n\n<p>Pour en savoir plus sur la fa\u00e7on de profiter pleinement des dons de r\u00e9gimes enregistr\u00e9s REER et FERR, veuillez communiquer avec votre agent d\u2019assurance, votre comptable ou votre conseiller financier.<\/p>\n<\/div><\/div>\n\n\n\n<div class=\"wp-block-pb-accordion-item c-accordion__item js-accordion-item no-js\" data-initially-open=\"false\" data-click-to-close=\"true\" data-auto-close=\"true\" data-scroll=\"false\" data-scroll-offset=\"0\"><h2 id=\"at-1823\" class=\"c-accordion__title js-accordion-controller\" role=\"button\">RENTES DE BIENFAISANCE<\/h2><div id=\"ac-1823\" class=\"c-accordion__content\">\n<p>Une rente de bienfaisance peut b\u00e9n\u00e9ficier \u00e0 la fois au donateur et \u00e0 ABLE2 Ottawa. Selon l\u2019\u00e2ge du donateur, cette rente lui permet d\u2019\u00e9conomiser de l\u2019imp\u00f4t, de b\u00e9n\u00e9ficier d\u2019un revenu garanti \u00e0 vie et d\u2019offrir un cadeau aujourd\u2019hui.<\/p>\n\n\n\n<p>Pour en savoir plus au sujet des rentes de bienfaisance, veuillez communiquer avec votre agent d\u2019assurance, votre comptable ou votre conseiller financier.<\/p>\n<\/div><\/div>\n\n\n\n<div class=\"wp-block-pb-accordion-item c-accordion__item js-accordion-item no-js\" data-initially-open=\"false\" data-click-to-close=\"true\" data-auto-close=\"true\" data-scroll=\"false\" data-scroll-offset=\"0\"><h2 id=\"at-1824\" class=\"c-accordion__title js-accordion-controller\" role=\"button\">DONS D\u2019INT\u00c9R\u00caTS R\u00c9SIDUELS<\/h2><div id=\"ac-1824\" class=\"c-accordion__content\">\n<p>Les dons d\u2019int\u00e9r\u00eats r\u00e9siduels se r\u00e9f\u00e8rent \u00e0 un arrangement selon lequel une propri\u00e9t\u00e9, telle qu\u2019une maison ou une ferme, est irr\u00e9vocablement c\u00e9d\u00e9e \u00e0 ABLE2 Ottawa. Une fois que la propri\u00e9t\u00e9 a \u00e9t\u00e9 irr\u00e9vocablement transf\u00e9r\u00e9e \u00e0 ABLE2 Ottawa, vous avez droit \u00e0 un re\u00e7u d\u2019imp\u00f4t pour la valeur actuelle de l\u2019int\u00e9r\u00eat r\u00e9siduel. Ce re\u00e7u d\u2019imp\u00f4t est bas\u00e9 sur la formule de l\u2019Agence de revenu du Canada. Vous conservez ensuite l\u2019utilisation de la propri\u00e9t\u00e9 pour votre vie ou pour une p\u00e9riode pr\u00e9d\u00e9termin\u00e9e. ABLE2 Ottawa est libre ensuite d\u2019utiliser la propri\u00e9t\u00e9 ou de la vendre apr\u00e8s la p\u00e9riode sp\u00e9cifi\u00e9e ou \u00e0 la suite du d\u00e9c\u00e8s du donateur. Pour en savoir plus, veuillez communiquer avec votre comptable ou votre conseiller financier.  <\/p>\n<\/div><\/div>\n\n\n\n<div class=\"wp-block-pb-accordion-item c-accordion__item js-accordion-item no-js\" data-initially-open=\"false\" data-click-to-close=\"true\" data-auto-close=\"true\" data-scroll=\"false\" data-scroll-offset=\"0\"><h2 id=\"at-1825\" class=\"c-accordion__title js-accordion-controller\" role=\"button\">FIDUCIE R\u00c9SIDUELLE DE BIENFAISANCE<\/h2><div id=\"ac-1825\" class=\"c-accordion__content\">\n<p>Une fiducie r\u00e9siduelle de bienfaisance est un moyen de faire des dons \u00e0 ABLE2 Ottawa par le biais d\u2019un accord de fiducie. Elle peut \u00eatre \u00e9tablie par des contributions, des s\u00e9curit\u00e9s d\u2019actions, des fonds communs de placement ou des biens immobiliers \u00e0 un fiduciaire qui les garde et les administre. Vous pouvez choisir une fiducie r\u00e9siduelle de bienfaisance parce que vous avez une propri\u00e9t\u00e9 ou un actif quelconque que vous aimeriez \u00e9ventuellement nous donner, alors que vous avez besoin du revenu qu\u2019elle vous procure ou que vous ne souhaitez pas vous s\u00e9parer de votre possession pour le moment.\n\nPour en savoir plus, veuillez communiquer avec votre comptable ou votre conseiller financier.<\/p>\n<\/div><\/div>\n\n\n\n<div class=\"wp-block-pb-accordion-item c-accordion__item js-accordion-item no-js\" data-initially-open=\"false\" data-click-to-close=\"true\" data-auto-close=\"true\" data-scroll=\"false\" data-scroll-offset=\"0\"><h2 id=\"at-1826\" class=\"c-accordion__title js-accordion-controller\" role=\"button\">FONDS DE DOTATION<\/h2><div id=\"ac-1826\" class=\"c-accordion__content\">\n<p>Un fonds nomm\u00e9 ou dot\u00e9 est un fonds \u00e0 long terme. Les revenus de placement du fonds peuvent \u00eatre utilis\u00e9s \u00e0 une fin d\u00e9sign\u00e9e habituellement par le donateur. ABLE2 Ottawa pourrait utiliser chaque ann\u00e9e des fonds de dotation en vue de r\u00e9pondre \u00e0 de nombreux besoins de recherche et de programme. Ces fonds peuvent \u00eatre \u00e9tablis pour honorer la m\u00e9moire d\u2019un donateur, d\u2019un membre de la famille ou d\u2019un \u00eatre cher. Ils repr\u00e9sentent tr\u00e8s souvent un hommage continuel et une histoire personnelle ou une r\u00e9alisation. \n<\/p>\n\n\n\n<p>Pour en savoir plus, veuillez communiquer avec votre comptable ou votre conseiller financier.<\/p>\n<\/div><\/div>\n\n\n\n<div style=\"height:20px\" aria-hidden=\"true\" class=\"wp-block-spacer\"><\/div>\n\n\n    <section class=\"container sm:flex\">\n                                <article class=\"card sm:w-1\/3\">\n                <a href=\"https:\/\/www.able2.org\/fr\/faites-un-don\/\" class=\"block h-full\">\n                    <h2 class=\"card__title\">EN SAVOIR PLUS SUR LE CHANGEMENT QUE VOTRE SOUTIEN OP\u00c8RE DANS LES VIES<\/h2>\n                    <div class=\"card__img-container\">\n                        <img decoding=\"async\" src=\"https:\/\/www.able2.org\/wp-content\/uploads\/2024\/04\/2About-OurHistory-Bucket-MonthlyDonor-300x174.png\" srcset=\"https:\/\/www.able2.org\/wp-content\/uploads\/2024\/04\/2About-OurHistory-Bucket-MonthlyDonor-300x174.png 300w, https:\/\/www.able2.org\/wp-content\/uploads\/2024\/04\/2About-OurHistory-Bucket-MonthlyDonor-1024x594.png 1024w, https:\/\/www.able2.org\/wp-content\/uploads\/2024\/04\/2About-OurHistory-Bucket-MonthlyDonor-768x446.png 768w, https:\/\/www.able2.org\/wp-content\/uploads\/2024\/04\/2About-OurHistory-Bucket-MonthlyDonor.png 1329w\" sizes=\"(max-width: 640px) 100vw, 640px\" alt=\"\" class=\"card__img\">\n                    <\/div>\n                    <p class=\"card__text\">Votre don aide les personnes vivant avec un handicap \u00e0 acqu\u00e9rir de nouvelles<\/p>\n                <\/a>\n            <\/article>\n                                            <article class=\"card card--yellow sm:w-1\/3\">\n                <a href=\"https:\/\/www.able2.org\/fr\/nos-histoires\/\" class=\"block h-full\">\n                    <h2 class=\"card__title\">Apprenez en plus sur comment votre contribution permet de changer des vies<\/h2>\n                    <div class=\"card__img-container\">\n                        <img decoding=\"async\" src=\"https:\/\/www.able2.org\/wp-content\/uploads\/2024\/04\/1About-Bucket-History-300x174.png\" srcset=\"https:\/\/www.able2.org\/wp-content\/uploads\/2024\/04\/1About-Bucket-History-300x174.png 300w, https:\/\/www.able2.org\/wp-content\/uploads\/2024\/04\/1About-Bucket-History-1024x594.png 1024w, https:\/\/www.able2.org\/wp-content\/uploads\/2024\/04\/1About-Bucket-History-768x446.png 768w, https:\/\/www.able2.org\/wp-content\/uploads\/2024\/04\/1About-Bucket-History.png 1329w\" sizes=\"(max-width: 640px) 100vw, 640px\" alt=\"\" class=\"card__img\">\n                    <\/div>\n                    <p class=\"card__text\">Apprenez-en plus sur les histoires des utilisateurs de\u00a0 programmes, des b\u00e9n\u00e9voles et des d\u00e9fenseurs du milieu\u00a0communautaire.<\/p>\n                <\/a>\n            <\/article>\n                                            <article class=\"card sm:w-1\/3\">\n                <a href=\"https:\/\/www.able2.org\/fr\/benevole\/\" class=\"block h-full\">\n                    <h2 class=\"card__title\">B\u00e9n\u00e9vole\u2063<\/h2>\n                    <div class=\"card__img-container\">\n                        <img decoding=\"async\" src=\"https:\/\/www.able2.org\/wp-content\/uploads\/2024\/05\/DonateBucket-May2024-300x174.jpg\" srcset=\"https:\/\/www.able2.org\/wp-content\/uploads\/2024\/05\/DonateBucket-May2024-300x174.jpg 300w, https:\/\/www.able2.org\/wp-content\/uploads\/2024\/05\/DonateBucket-May2024-1024x594.jpg 1024w, https:\/\/www.able2.org\/wp-content\/uploads\/2024\/05\/DonateBucket-May2024-768x446.jpg 768w, https:\/\/www.able2.org\/wp-content\/uploads\/2024\/05\/DonateBucket-May2024.jpg 1329w\" sizes=\"(max-width: 640px) 100vw, 640px\" alt=\"\" class=\"card__img\">\n                    <\/div>\n                    <p class=\"card__text\">Lorsque vous faites du\u00a0b\u00e9n\u00e9volat, vous contribuez \u00e0\u00a0r\u00e9duire la solitude et\u00a0l\u2019isolement social v\u00e9cus par\u00a0de nombreuses personnes<\/p>\n                <\/a>\n            <\/article>\n                        <\/section>\n","protected":false},"excerpt":{"rendered":"<p>Le fait d\u2019organiser un don de bienfaisance dans votre testament pour ABLE2 est l\u2019un des moyens les plus simples et les plus puissants de soutenir les personnes vivant avec des handicaps et leurs familles. Lorsque vous envisagez de faire un don dans votre testament, votre don vous aidera \u00e0 relever les d\u00e9fis uniques que la [&hellip;]<\/p>\n","protected":false},"author":1,"featured_media":0,"parent":179,"menu_order":2,"comment_status":"closed","ping_status":"closed","template":"page-templates\/page-no_sidebar.php","meta":{"_acf_changed":false,"footnotes":""},"acf":[],"yoast_head":"<!-- This site is optimized with the Yoast SEO plugin v22.8 - https:\/\/yoast.com\/wordpress\/plugins\/seo\/ -->\n<title>Donnez par votre testament | ABLE2<\/title>\n<meta name=\"robots\" content=\"index, follow, max-snippet:-1, max-image-preview:large, max-video-preview:-1\" \/>\n<link rel=\"canonical\" href=\"https:\/\/www.able2.org\/fr\/faites-un-don\/donnez-par-votre-testament\/\" \/>\n<meta property=\"og:locale\" content=\"fr_FR\" \/>\n<meta property=\"og:type\" content=\"article\" \/>\n<meta property=\"og:title\" content=\"Donnez par votre testament | ABLE2\" \/>\n<meta property=\"og:description\" content=\"Le fait d\u2019organiser un don de bienfaisance dans votre testament pour ABLE2 est l\u2019un des moyens les plus simples et les plus puissants de soutenir les personnes vivant avec des handicaps et leurs familles. Lorsque vous envisagez de faire un don dans votre testament, votre don vous aidera \u00e0 relever les d\u00e9fis uniques que la [&hellip;]\" \/>\n<meta property=\"og:url\" content=\"https:\/\/www.able2.org\/fr\/faites-un-don\/donnez-par-votre-testament\/\" \/>\n<meta property=\"og:site_name\" content=\"ABLE2\" \/>\n<meta property=\"article:modified_time\" content=\"2024-10-28T15:07:58+00:00\" \/>\n<meta name=\"twitter:card\" content=\"summary_large_image\" \/>\n<meta name=\"twitter:label1\" content=\"Dur\u00e9e de lecture estim\u00e9e\" \/>\n\t<meta name=\"twitter:data1\" content=\"4 minutes\" \/>\n<script type=\"application\/ld+json\" class=\"yoast-schema-graph\">{\"@context\":\"https:\/\/schema.org\",\"@graph\":[{\"@type\":\"WebPage\",\"@id\":\"https:\/\/www.able2.org\/fr\/faites-un-don\/donnez-par-votre-testament\/\",\"url\":\"https:\/\/www.able2.org\/fr\/faites-un-don\/donnez-par-votre-testament\/\",\"name\":\"Donnez par votre testament | ABLE2\",\"isPartOf\":{\"@id\":\"https:\/\/www.able2.org\/#website\"},\"datePublished\":\"2020-05-14T16:47:29+00:00\",\"dateModified\":\"2024-10-28T15:07:58+00:00\",\"breadcrumb\":{\"@id\":\"https:\/\/www.able2.org\/fr\/faites-un-don\/donnez-par-votre-testament\/#breadcrumb\"},\"inLanguage\":\"fr-FR\",\"potentialAction\":[{\"@type\":\"ReadAction\",\"target\":[\"https:\/\/www.able2.org\/fr\/faites-un-don\/donnez-par-votre-testament\/\"]}]},{\"@type\":\"BreadcrumbList\",\"@id\":\"https:\/\/www.able2.org\/fr\/faites-un-don\/donnez-par-votre-testament\/#breadcrumb\",\"itemListElement\":[{\"@type\":\"ListItem\",\"position\":1,\"name\":\"Home\",\"item\":\"https:\/\/www.able2.org\/fr\/accueil\/\"},{\"@type\":\"ListItem\",\"position\":2,\"name\":\"Donnez par votre testament\"}]},{\"@type\":\"WebSite\",\"@id\":\"https:\/\/www.able2.org\/#website\",\"url\":\"https:\/\/www.able2.org\/\",\"name\":\"ABLE2\",\"description\":\"\",\"publisher\":{\"@id\":\"https:\/\/www.able2.org\/#organization\"},\"potentialAction\":[{\"@type\":\"SearchAction\",\"target\":{\"@type\":\"EntryPoint\",\"urlTemplate\":\"https:\/\/www.able2.org\/?s={search_term_string}\"},\"query-input\":\"required name=search_term_string\"}],\"inLanguage\":\"fr-FR\"},{\"@type\":\"Organization\",\"@id\":\"https:\/\/www.able2.org\/#organization\",\"name\":\"ABLE2\",\"url\":\"https:\/\/www.able2.org\/\",\"logo\":{\"@type\":\"ImageObject\",\"inLanguage\":\"fr-FR\",\"@id\":\"https:\/\/www.able2.org\/#\/schema\/logo\/image\/\",\"url\":\"https:\/\/www.able2.org\/wp-content\/uploads\/2020\/05\/logo.png\",\"contentUrl\":\"https:\/\/www.able2.org\/wp-content\/uploads\/2020\/05\/logo.png\",\"width\":528,\"height\":137,\"caption\":\"ABLE2\"},\"image\":{\"@id\":\"https:\/\/www.able2.org\/#\/schema\/logo\/image\/\"}}]}<\/script>\n<!-- \/ Yoast SEO plugin. -->","yoast_head_json":{"title":"Donnez par votre testament | ABLE2","robots":{"index":"index","follow":"follow","max-snippet":"max-snippet:-1","max-image-preview":"max-image-preview:large","max-video-preview":"max-video-preview:-1"},"canonical":"https:\/\/www.able2.org\/fr\/faites-un-don\/donnez-par-votre-testament\/","og_locale":"fr_FR","og_type":"article","og_title":"Donnez par votre testament | ABLE2","og_description":"Le fait d\u2019organiser un don de bienfaisance dans votre testament pour ABLE2 est l\u2019un des moyens les plus simples et les plus puissants de soutenir les personnes vivant avec des handicaps et leurs familles. Lorsque vous envisagez de faire un don dans votre testament, votre don vous aidera \u00e0 relever les d\u00e9fis uniques que la [&hellip;]","og_url":"https:\/\/www.able2.org\/fr\/faites-un-don\/donnez-par-votre-testament\/","og_site_name":"ABLE2","article_modified_time":"2024-10-28T15:07:58+00:00","twitter_card":"summary_large_image","twitter_misc":{"Dur\u00e9e de lecture estim\u00e9e":"4 minutes"},"schema":{"@context":"https:\/\/schema.org","@graph":[{"@type":"WebPage","@id":"https:\/\/www.able2.org\/fr\/faites-un-don\/donnez-par-votre-testament\/","url":"https:\/\/www.able2.org\/fr\/faites-un-don\/donnez-par-votre-testament\/","name":"Donnez par votre testament | ABLE2","isPartOf":{"@id":"https:\/\/www.able2.org\/#website"},"datePublished":"2020-05-14T16:47:29+00:00","dateModified":"2024-10-28T15:07:58+00:00","breadcrumb":{"@id":"https:\/\/www.able2.org\/fr\/faites-un-don\/donnez-par-votre-testament\/#breadcrumb"},"inLanguage":"fr-FR","potentialAction":[{"@type":"ReadAction","target":["https:\/\/www.able2.org\/fr\/faites-un-don\/donnez-par-votre-testament\/"]}]},{"@type":"BreadcrumbList","@id":"https:\/\/www.able2.org\/fr\/faites-un-don\/donnez-par-votre-testament\/#breadcrumb","itemListElement":[{"@type":"ListItem","position":1,"name":"Home","item":"https:\/\/www.able2.org\/fr\/accueil\/"},{"@type":"ListItem","position":2,"name":"Donnez par votre testament"}]},{"@type":"WebSite","@id":"https:\/\/www.able2.org\/#website","url":"https:\/\/www.able2.org\/","name":"ABLE2","description":"","publisher":{"@id":"https:\/\/www.able2.org\/#organization"},"potentialAction":[{"@type":"SearchAction","target":{"@type":"EntryPoint","urlTemplate":"https:\/\/www.able2.org\/?s={search_term_string}"},"query-input":"required name=search_term_string"}],"inLanguage":"fr-FR"},{"@type":"Organization","@id":"https:\/\/www.able2.org\/#organization","name":"ABLE2","url":"https:\/\/www.able2.org\/","logo":{"@type":"ImageObject","inLanguage":"fr-FR","@id":"https:\/\/www.able2.org\/#\/schema\/logo\/image\/","url":"https:\/\/www.able2.org\/wp-content\/uploads\/2020\/05\/logo.png","contentUrl":"https:\/\/www.able2.org\/wp-content\/uploads\/2020\/05\/logo.png","width":528,"height":137,"caption":"ABLE2"},"image":{"@id":"https:\/\/www.able2.org\/#\/schema\/logo\/image\/"}}]}},"_links":{"self":[{"href":"https:\/\/www.able2.org\/fr\/wp-json\/wp\/v2\/pages\/182"}],"collection":[{"href":"https:\/\/www.able2.org\/fr\/wp-json\/wp\/v2\/pages"}],"about":[{"href":"https:\/\/www.able2.org\/fr\/wp-json\/wp\/v2\/types\/page"}],"author":[{"embeddable":true,"href":"https:\/\/www.able2.org\/fr\/wp-json\/wp\/v2\/users\/1"}],"replies":[{"embeddable":true,"href":"https:\/\/www.able2.org\/fr\/wp-json\/wp\/v2\/comments?post=182"}],"version-history":[{"count":19,"href":"https:\/\/www.able2.org\/fr\/wp-json\/wp\/v2\/pages\/182\/revisions"}],"predecessor-version":[{"id":19511,"href":"https:\/\/www.able2.org\/fr\/wp-json\/wp\/v2\/pages\/182\/revisions\/19511"}],"up":[{"embeddable":true,"href":"https:\/\/www.able2.org\/fr\/wp-json\/wp\/v2\/pages\/179"}],"wp:attachment":[{"href":"https:\/\/www.able2.org\/fr\/wp-json\/wp\/v2\/media?parent=182"}],"curies":[{"name":"wp","href":"https:\/\/api.w.org\/{rel}","templated":true}]}}