{"id":179,"date":"2020-05-14T11:11:19","date_gmt":"2020-05-14T15:11:19","guid":{"rendered":"https:\/\/www.able2.org\/more-ways-you-can-help-fr\/"},"modified":"2024-11-08T10:00:22","modified_gmt":"2024-11-08T15:00:22","slug":"faites-un-don","status":"publish","type":"page","link":"https:\/\/www.able2.org\/fr\/faites-un-don\/","title":{"rendered":""},"content":{"rendered":"\n<h1 class=\"wp-block-heading has-white-color has-text-color has-link-color has-small-font-size wp-elements-1dbab54490cbf9dcfb53dd3ba57a0df4\">Faites un don aujourd&rsquo;hui \/ Donnez mainte<\/h1>\n\n\n\n<h1 class=\"wp-block-heading has-white-color has-text-color has-link-color has-small-font-size wp-elements-8119def6aa4197d6f8bb5b47d340f397\">nant<\/h1>\n\n\n\n<div class=\"wp-block-pb-accordion-item c-accordion__item js-accordion-item no-js\" data-initially-open=\"false\" data-click-to-close=\"true\" data-auto-close=\"true\" data-scroll=\"false\" data-scroll-offset=\"0\"><h2 id=\"at-1790\" class=\"c-accordion__title js-accordion-controller\" role=\"button\"><strong><strong>Comment vos dons sont utilis\u00e9s<\/strong><br><a href=\"https:\/\/storage.3.basecamp.com\/4020308\/blobs\/bb861e42-8109-11ef-8193-22f4a2db5490\/download\/ABLE2-Breakdown-2023-Oct2024.png\" target=\"_blank\" rel=\"noreferrer noopener\"><\/a><\/strong><\/h2><div id=\"ac-1790\" class=\"c-accordion__content\"><div class=\"wp-block-image\">\n<figure class=\"aligncenter size-full\"><img loading=\"lazy\" decoding=\"async\" width=\"800\" height=\"600\" src=\"https:\/\/www.able2.org\/wp-content\/uploads\/2024\/10\/ABLE2-Breakdown-2023-Oct2024-FR.jpg\" alt=\"\" class=\"wp-image-19496\" srcset=\"https:\/\/www.able2.org\/wp-content\/uploads\/2024\/10\/ABLE2-Breakdown-2023-Oct2024-FR.jpg 800w, https:\/\/www.able2.org\/wp-content\/uploads\/2024\/10\/ABLE2-Breakdown-2023-Oct2024-FR-300x225.jpg 300w, https:\/\/www.able2.org\/wp-content\/uploads\/2024\/10\/ABLE2-Breakdown-2023-Oct2024-FR-768x576.jpg 768w\" sizes=\"(max-width: 800px) 100vw, 800px\" \/><\/figure><\/div>\n\n\n<div style=\"height:20px\" aria-hidden=\"true\" class=\"wp-block-spacer\"><\/div>\n\n\n\n<p>Pour chaque dollar donn\u00e9,&nbsp;<strong>0,88&nbsp;$ va directement \u00e0 des programmes et services<\/strong> qui changent la vie&nbsp;pour les personnes de tous \u00e2ges, quel que soit le spectre du handicap et leurs familles, tandis que 0,12&nbsp;$ finance les frais de fonctionnement essentiels tels que l&rsquo;administration, les locaux de bureau et les fournitures.<\/p>\n\n\n\n<div style=\"height:19px\" aria-hidden=\"true\" class=\"wp-block-spacer\"><\/div>\n\n\n\n<p><strong>Votre don :<\/strong><\/p>\n\n\n\n<ul>\n<li><strong>\u00c9tablit des liens significatifs :<\/strong>&nbsp;Le&nbsp;<strong><a href=\"https:\/\/www.able2.org\/fr\/programmes\/programme-de-jumelage\/\">Programme de jumelage<\/a><\/strong>&nbsp;cr\u00e9e des amiti\u00e9s intentionnelles pour les personnes ayant des handicaps, favorisant la confiance et le soutien mutuels.<\/li>\n\n\n\n<li><strong>Assure la Justice :&nbsp;<\/strong><a href=\"https:\/\/www.able2.org\/fr\/programmes\/services-juridiques\/\"><strong>Les Services de r\u00e9f\u00e9rence juridique<\/strong>&nbsp;<\/a>mettent en relation les individus avec des professionnels du droit pour acc\u00e9der \u00e0 la justice, d\u00e9fendre leurs droits et naviguer dans le syst\u00e8me juridique.<\/li>\n\n\n\n<li><strong>Soutient les familles :&nbsp;<\/strong>Le&nbsp;<strong><a href=\"https:\/\/www.able2.org\/fr\/programmes\/programme-de-ressources-sur-lalcoolisation-foetale\/\">Programme de ressources sur l\u2019alcoolisation f\u0153tale (FARP)<\/a><\/strong>&nbsp;offre du soutien, des ressources et de la navigation communautaire sur mesure pour les familles et les enfants touch\u00e9s par l&rsquo;ensemble des troubles caus\u00e9s par l&rsquo;alcoolisation f\u0153tale (TSAF).<\/li>\n\n\n\n<li><strong>Facilite l&rsquo;ind\u00e9pendance et la croissance&nbsp;:<\/strong>&nbsp;le&nbsp;<strong><a href=\"https:\/\/www.able2.org\/fr\/programmes\/pdpf-programme-de-protection-des-adultes-ppa\/\">programme de protection des adultes (PPA)<\/a><\/strong>&nbsp;aide les individus \u00e0 trouver un logement accessible et abordable.<\/li>\n\n\n\n<li><strong>Augmente la stabilit\u00e9 financi\u00e8re :<\/strong> Le&nbsp;<strong><a href=\"https:\/\/www.able2.org\/fr\/programmes\/courtage-de-fonds\/\">Courtage de fonds<\/a><\/strong>&nbsp;aide \u00e0 g\u00e9rer les exigences de financement et de documentation et \u00e0 augmenter la capacit\u00e9 financi\u00e8re des individus et de leurs familles.<\/li>\n<\/ul>\n\n\n\n<div style=\"height:15px\" aria-hidden=\"true\" class=\"wp-block-spacer\"><\/div>\n\n\n\n<p>En faisant un don, vous contribuez \u00e0 r\u00e9duire les obstacles, permettant aux personnes vivant avec des handicaps de vivre une vie \u00e9panouie et de participer en tant que membres actifs de la communaut\u00e9.<\/p>\n\n\n\n<div style=\"height:20px\" aria-hidden=\"true\" class=\"wp-block-spacer\"><\/div>\n\n\n\n<h3 class=\"wp-block-heading\"><strong>D\u2019o\u00f9 vient notre financement&nbsp;:<\/strong><\/h3>\n\n\n\n<p><strong>Dons individuels&nbsp;:<\/strong> La g\u00e9n\u00e9rosit\u00e9 de nos donateurs am\u00e9liore notre capacit\u00e9 \u00e0 soutenir davantage de personnes vivant avec des handicaps et leurs familles.<\/p>\n\n\n\n<p><strong>Financement gouvernemental, fondations et subventions, donateurs corporatifs&nbsp;:<\/strong>&nbsp;ces sources assurent la stabilit\u00e9 dans la prestation de nos programmes et services.<\/p>\n\n\n\n<p><strong>Dotations et autres sources&nbsp;:&nbsp;<\/strong>Les investissements \u00e0 long terme, les adh\u00e9sions, les \u00e9v\u00e9nements de collecte de fonds tels que la&nbsp;<strong><a href=\"https:\/\/www.able2.org\/fr\/soiree-dans-les-maritimes-accueil\/\">Soir\u00e9e dans les Maritimes<\/a><\/strong>&nbsp;et les dons en nature fournissent un soutien continu \u00e0 notre mission.<\/p>\n\n\n\n<div style=\"height:15px\" aria-hidden=\"true\" class=\"wp-block-spacer\"><\/div>\n\n\n\n<p>Trouvez des rapports d\u00e9taill\u00e9s sur les \u00e9tats financiers d&rsquo;ABLE2 dans nos&nbsp;<strong><a href=\"https:\/\/www.able2.org\/fr\/rapport-annuel\/\">rapports annuels ici<\/a><\/strong>.<\/p>\n\n\n\n<div style=\"height:19px\" aria-hidden=\"true\" class=\"wp-block-spacer\"><\/div>\n<\/div><\/div>\n\n\n\n<div class=\"wp-block-pb-accordion-item c-accordion__item js-accordion-item no-js\" data-initially-open=\"false\" data-click-to-close=\"true\" data-auto-close=\"true\" data-scroll=\"false\" data-scroll-offset=\"0\"><h2 id=\"at-1791\" class=\"c-accordion__title js-accordion-controller\" role=\"button\"><strong><strong><strong>Impact de vos dons<\/strong><\/strong><br><a href=\"https:\/\/storage.3.basecamp.com\/4020308\/blobs\/bb861e42-8109-11ef-8193-22f4a2db5490\/download\/ABLE2-Breakdown-2023-Oct2024.png\" target=\"_blank\" rel=\"noreferrer noopener\"><\/a><\/strong><\/h2><div id=\"ac-1791\" class=\"c-accordion__content\">\n<p>D\u00e9couvrez comment vos contributions font une diff\u00e9rence tangible \u00e0 travers les histoires de nos utilisateurs de services, de nos b\u00e9n\u00e9voles et de nos champions communautaires.&nbsp;<strong><a href=\"https:\/\/www.able2.org\/fr\/visages-dable2\/\">Lisez nos histoires d\u2019impact ici<\/a><\/strong>.<\/p>\n<\/div><\/div>\n\n\n\n<div class=\"wp-block-pb-accordion-item c-accordion__item js-accordion-item no-js\" data-initially-open=\"false\" data-click-to-close=\"true\" data-auto-close=\"true\" data-scroll=\"false\" data-scroll-offset=\"0\"><h2 id=\"at-1792\" class=\"c-accordion__title js-accordion-controller\" role=\"button\"><strong>Comment tirer le meilleur profit de vos cr\u00e9dits d\u2019imp\u00f4t pour don de bienfaisance<\/strong><\/h2><div id=\"ac-1792\" class=\"c-accordion__content\">\n<p><strong>Les cr\u00e9dits d\u2019imp\u00f4t provinciaux et f\u00e9d\u00e9raux s\u2019additionnent&nbsp;&nbsp;<\/strong><\/p>\n\n\n\n<p>Quand vous faites un don \u00e0 ABLE2, non seulement vous donnez aux personnes vivant avec un handicap les moyens de construire une vie pleine de sens et de joie, mais vous pouvez \u00e9galement demander des&nbsp; cr\u00e9dits d\u2019imp\u00f4t pour don de bienfaisance et recevoir des incitatifs fiscaux des gouvernements f\u00e9d\u00e9ral et&nbsp;provinciaux. ABLE2 vous enverra vos re\u00e7us de don et vous pourrez recevoir jusqu&rsquo;\u00e0 49 % en retour gr\u00e2ce aux d\u00e9ductions fiscales caritatives.<\/p>\n\n\n\n<p><strong>Reporter les dons ant\u00e9rieurs afin d\u2019obtenir un cr\u00e9dit d\u2019imp\u00f4t plus important&nbsp;&nbsp;<\/strong><\/p>\n\n\n\n<p>Quand vous faites un don d\u00e9passant $200, vous pouvez le reporter et le r\u00e9clamer dans votre d\u00e9claration&nbsp; de revenus durant l\u2019une des cinq prochaines ann\u00e9es. Cette flexibilit\u00e9 signifie que la partie report\u00e9e non&nbsp; r\u00e9clam\u00e9e peut donner droit \u00e0 une d\u00e9duction fiscale plus importante \u00e0 l\u2019avenir.&nbsp;<\/p>\n\n\n\n<p><strong>Transf\u00e9rez vos cr\u00e9dits de don \u00e0 votre \u00e9poux ou votre conjoint de fait&nbsp;&nbsp;<\/strong><\/p>\n\n\n\n<p>Le cr\u00e9dit d\u2019imp\u00f4t pour don est un cr\u00e9dit d\u2019imp\u00f4t non remboursable, ce qui signifie qu\u2019il faut tout d\u2019abord&nbsp; demander d\u2019autres cr\u00e9dits d\u2019imp\u00f4t afin de ramener votre imp\u00f4t \u00e0 payer \u00e0 z\u00e9ro. Si vous ne pouvez pas&nbsp; d\u00e9duire le montant de votre don dans votre d\u00e9claration de revenus, regroupez vos dons avec ceux de&nbsp; votre partenaire pour obtenir un cr\u00e9dit d\u2019imp\u00f4t plus important dans sa d\u00e9claration de revenus.&nbsp;<\/p>\n\n\n\n<p><strong>Pour plus d\u2019information au sujet de la r\u00e9ception de votre re\u00e7u fiscal pour don de bienfaisance, veuillez&nbsp; envoyer un courriel \u00e0 l\u2019adresse <a href=\"mailto:info@able2.org\">info@able2.org<\/a><\/strong>.<\/p>\n<\/div><\/div>\n\n\n\n<div class=\"wp-block-pb-accordion-item c-accordion__item js-accordion-item no-js\" data-initially-open=\"false\" data-click-to-close=\"true\" data-auto-close=\"true\" data-scroll=\"false\" data-scroll-offset=\"0\"><h2 id=\"at-1793\" class=\"c-accordion__title js-accordion-controller\" role=\"button\"><strong>Les droits des donateurs et des donatrices d\u2019ABLE2<\/strong><\/h2><div id=\"ac-1793\" class=\"c-accordion__content\">\n<p><strong>Les donateurs et les donatrices d\u2019ABLE2 Ottawa ont les droits suivants:<\/strong><\/p>\n\n\n\n<p>\u00catre inform\u00e9s de la mission de l\u2019organisme, de la fa\u00e7on dont l\u2019organisme entend utiliser les<br>ressources qui lui sont confi\u00e9es et de sa capacit\u00e9 \u00e0 utiliser efficacement les dons aux fins<br>pr\u00e9vues.<\/p>\n\n\n\n<ul>\n<li>\u00catre inform\u00e9s de la mission de l\u2019organisme, de la fa\u00e7on dont l\u2019organisme entend utiliser les ressources qui lui sont confi\u00e9es et de sa capacit\u00e9 \u00e0 utiliser efficacement les dons aux fins pr\u00e9vues.<\/li>\n\n\n\n<li>Avoir acc\u00e8s aux plus r\u00e9cents \u00e9tats financiers de l\u2019organisme.<\/li>\n\n\n\n<li>Avoir l\u2019assurance que leurs dons seront utilis\u00e9s aux fins pour lesquelles ils \u00e9taient confi\u00e9s.<\/li>\n\n\n\n<li>Recevoir une reconnaissance appropri\u00e9e.<\/li>\n\n\n\n<li>Avoir l\u2019assurance que les informations relatives \u00e0 leur don sont trait\u00e9es dans le respect et la confidentialit\u00e9 selon les mesures pr\u00e9vues par la loi.<\/li>\n\n\n\n<li>S\u2019attendre \u00e0 ce que toutes les relations avec les personnes repr\u00e9sentant des organisations d\u2019int\u00e9r\u00eat pour le donateur soient effectu\u00e9es de fa\u00e7on professionnelle.<\/li>\n\n\n\n<li>\u00catre en mesure de savoir si les personnes qui sollicitent des dons au nom de l\u2019organisme sont des b\u00e9n\u00e9voles, des employ\u00e9es ou des gens engag\u00e9s par ABLE2.<\/li>\n\n\n\n<li>Avoir la possibilit\u00e9 de faire enlever leurs noms des listes de diffusion que l\u2019organisme se propose de partager avec le public.<\/li>\n\n\n\n<li>Se sentir libres de poser des questions au moment de faire un don et de recevoir des r\u00e9ponses rapides, v\u00e9ridiques et franches.<\/li>\n<\/ul>\n\n\n\n<p><\/p>\n\n\n\n<p><strong>Si vous avez des questions en tant que donateurs et donatrices, veuillez communiquer avec<strong> nous \u00e0 l\u2019adresse<\/strong> <a href=\"mailto:info@able2.org\">info@able2.org<\/a><\/strong><\/p>\n<\/div><\/div>\n\n\n\n<div style=\"height:20px\" aria-hidden=\"true\" class=\"wp-block-spacer\"><\/div>\n\n\n\n<h1 class=\"wp-block-heading has-text-align-center\">Comment soutenir notre travail<\/h1>\n\n\n\n<div style=\"height:20px\" aria-hidden=\"true\" class=\"wp-block-spacer\"><\/div>\n","protected":false},"excerpt":{"rendered":"<p>Faites un don aujourd&rsquo;hui \/ Donnez mainte nant Comment soutenir notre travail<\/p>\n","protected":false},"author":1,"featured_media":0,"parent":0,"menu_order":0,"comment_status":"closed","ping_status":"closed","template":"page-templates\/page-donate.php","meta":{"_acf_changed":false,"footnotes":""},"acf":[],"yoast_head":"<!-- This site is optimized with the Yoast SEO plugin v22.8 - https:\/\/yoast.com\/wordpress\/plugins\/seo\/ -->\n<title>Donnez maintenant \/ Faites un don aujourd&#039;hui | ABLE2<\/title>\n<meta name=\"description\" content=\"Quand vous faites un don \u00e0 ABLE2, non seulement vous donnez aux personnes vivant avec un handicap les moyens de construire une vie pleine de sens et de joie, mais vous pouvez \u00e9galement demander des\u00a0 cr\u00e9dits d\u2019imp\u00f4t pour don de bienfaisance et recevoir des incitatifs fiscaux des gouvernements f\u00e9d\u00e9ral et\u00a0provinciaux.\" \/>\n<meta name=\"robots\" content=\"index, follow, max-snippet:-1, max-image-preview:large, max-video-preview:-1\" \/>\n<link rel=\"canonical\" href=\"https:\/\/www.able2.org\/fr\/faites-un-don\/\" \/>\n<meta property=\"og:locale\" content=\"fr_FR\" \/>\n<meta property=\"og:type\" content=\"article\" \/>\n<meta property=\"og:title\" content=\"Donnez maintenant \/ Faites un don aujourd&#039;hui | ABLE2\" \/>\n<meta property=\"og:description\" content=\"Quand vous faites un don \u00e0 ABLE2, non seulement vous donnez aux personnes vivant avec un handicap les moyens de construire une vie pleine de sens et de joie, mais vous pouvez \u00e9galement demander des\u00a0 cr\u00e9dits d\u2019imp\u00f4t pour don de bienfaisance et recevoir des incitatifs fiscaux des gouvernements f\u00e9d\u00e9ral et\u00a0provinciaux.\" \/>\n<meta property=\"og:url\" content=\"https:\/\/www.able2.org\/fr\/faites-un-don\/\" \/>\n<meta property=\"og:site_name\" content=\"ABLE2\" \/>\n<meta property=\"article:modified_time\" content=\"2024-11-08T15:00:22+00:00\" \/>\n<meta property=\"og:image\" content=\"https:\/\/www.able2.org\/wp-content\/uploads\/2024\/10\/ABLE2-Breakdown-2023-Oct2024-FR.jpg\" \/>\n<meta name=\"twitter:card\" content=\"summary_large_image\" \/>\n<meta name=\"twitter:label1\" content=\"Dur\u00e9e de lecture estim\u00e9e\" \/>\n\t<meta name=\"twitter:data1\" content=\"5 minutes\" \/>\n<script type=\"application\/ld+json\" class=\"yoast-schema-graph\">{\"@context\":\"https:\/\/schema.org\",\"@graph\":[{\"@type\":\"WebPage\",\"@id\":\"https:\/\/www.able2.org\/fr\/faites-un-don\/\",\"url\":\"https:\/\/www.able2.org\/fr\/faites-un-don\/\",\"name\":\"Donnez maintenant \/ Faites un don aujourd'hui | ABLE2\",\"isPartOf\":{\"@id\":\"https:\/\/www.able2.org\/#website\"},\"primaryImageOfPage\":{\"@id\":\"https:\/\/www.able2.org\/fr\/faites-un-don\/#primaryimage\"},\"image\":{\"@id\":\"https:\/\/www.able2.org\/fr\/faites-un-don\/#primaryimage\"},\"thumbnailUrl\":\"https:\/\/www.able2.org\/wp-content\/uploads\/2024\/10\/ABLE2-Breakdown-2023-Oct2024-FR.jpg\",\"datePublished\":\"2020-05-14T15:11:19+00:00\",\"dateModified\":\"2024-11-08T15:00:22+00:00\",\"description\":\"Quand vous faites un don \u00e0 ABLE2, non seulement vous donnez aux personnes vivant avec un handicap les moyens de construire une vie pleine de sens et de joie, mais vous pouvez \u00e9galement demander des\u00a0 cr\u00e9dits d\u2019imp\u00f4t pour don de bienfaisance et recevoir des incitatifs fiscaux des gouvernements f\u00e9d\u00e9ral et\u00a0provinciaux.\",\"inLanguage\":\"fr-FR\",\"potentialAction\":[{\"@type\":\"ReadAction\",\"target\":[\"https:\/\/www.able2.org\/fr\/faites-un-don\/\"]}]},{\"@type\":\"ImageObject\",\"inLanguage\":\"fr-FR\",\"@id\":\"https:\/\/www.able2.org\/fr\/faites-un-don\/#primaryimage\",\"url\":\"https:\/\/www.able2.org\/wp-content\/uploads\/2024\/10\/ABLE2-Breakdown-2023-Oct2024-FR.jpg\",\"contentUrl\":\"https:\/\/www.able2.org\/wp-content\/uploads\/2024\/10\/ABLE2-Breakdown-2023-Oct2024-FR.jpg\"},{\"@type\":\"WebSite\",\"@id\":\"https:\/\/www.able2.org\/#website\",\"url\":\"https:\/\/www.able2.org\/\",\"name\":\"ABLE2\",\"description\":\"\",\"publisher\":{\"@id\":\"https:\/\/www.able2.org\/#organization\"},\"potentialAction\":[{\"@type\":\"SearchAction\",\"target\":{\"@type\":\"EntryPoint\",\"urlTemplate\":\"https:\/\/www.able2.org\/?s={search_term_string}\"},\"query-input\":\"required name=search_term_string\"}],\"inLanguage\":\"fr-FR\"},{\"@type\":\"Organization\",\"@id\":\"https:\/\/www.able2.org\/#organization\",\"name\":\"ABLE2\",\"url\":\"https:\/\/www.able2.org\/\",\"logo\":{\"@type\":\"ImageObject\",\"inLanguage\":\"fr-FR\",\"@id\":\"https:\/\/www.able2.org\/#\/schema\/logo\/image\/\",\"url\":\"https:\/\/www.able2.org\/wp-content\/uploads\/2020\/05\/logo.png\",\"contentUrl\":\"https:\/\/www.able2.org\/wp-content\/uploads\/2020\/05\/logo.png\",\"width\":528,\"height\":137,\"caption\":\"ABLE2\"},\"image\":{\"@id\":\"https:\/\/www.able2.org\/#\/schema\/logo\/image\/\"}}]}<\/script>\n<!-- \/ Yoast SEO plugin. -->","yoast_head_json":{"title":"Donnez maintenant \/ Faites un don aujourd'hui | ABLE2","description":"Quand vous faites un don \u00e0 ABLE2, non seulement vous donnez aux personnes vivant avec un handicap les moyens de construire une vie pleine de sens et de joie, mais vous pouvez \u00e9galement demander des\u00a0 cr\u00e9dits d\u2019imp\u00f4t pour don de bienfaisance et recevoir des incitatifs fiscaux des gouvernements f\u00e9d\u00e9ral et\u00a0provinciaux.","robots":{"index":"index","follow":"follow","max-snippet":"max-snippet:-1","max-image-preview":"max-image-preview:large","max-video-preview":"max-video-preview:-1"},"canonical":"https:\/\/www.able2.org\/fr\/faites-un-don\/","og_locale":"fr_FR","og_type":"article","og_title":"Donnez maintenant \/ Faites un don aujourd'hui | ABLE2","og_description":"Quand vous faites un don \u00e0 ABLE2, non seulement vous donnez aux personnes vivant avec un handicap les moyens de construire une vie pleine de sens et de joie, mais vous pouvez \u00e9galement demander des\u00a0 cr\u00e9dits d\u2019imp\u00f4t pour don de bienfaisance et recevoir des incitatifs fiscaux des gouvernements f\u00e9d\u00e9ral et\u00a0provinciaux.","og_url":"https:\/\/www.able2.org\/fr\/faites-un-don\/","og_site_name":"ABLE2","article_modified_time":"2024-11-08T15:00:22+00:00","og_image":[{"url":"https:\/\/www.able2.org\/wp-content\/uploads\/2024\/10\/ABLE2-Breakdown-2023-Oct2024-FR.jpg"}],"twitter_card":"summary_large_image","twitter_misc":{"Dur\u00e9e de lecture estim\u00e9e":"5 minutes"},"schema":{"@context":"https:\/\/schema.org","@graph":[{"@type":"WebPage","@id":"https:\/\/www.able2.org\/fr\/faites-un-don\/","url":"https:\/\/www.able2.org\/fr\/faites-un-don\/","name":"Donnez maintenant \/ Faites un don aujourd'hui | ABLE2","isPartOf":{"@id":"https:\/\/www.able2.org\/#website"},"primaryImageOfPage":{"@id":"https:\/\/www.able2.org\/fr\/faites-un-don\/#primaryimage"},"image":{"@id":"https:\/\/www.able2.org\/fr\/faites-un-don\/#primaryimage"},"thumbnailUrl":"https:\/\/www.able2.org\/wp-content\/uploads\/2024\/10\/ABLE2-Breakdown-2023-Oct2024-FR.jpg","datePublished":"2020-05-14T15:11:19+00:00","dateModified":"2024-11-08T15:00:22+00:00","description":"Quand vous faites un don \u00e0 ABLE2, non seulement vous donnez aux personnes vivant avec un handicap les moyens de construire une vie pleine de sens et de joie, mais vous pouvez \u00e9galement demander des\u00a0 cr\u00e9dits d\u2019imp\u00f4t pour don de bienfaisance et recevoir des incitatifs fiscaux des gouvernements f\u00e9d\u00e9ral et\u00a0provinciaux.","inLanguage":"fr-FR","potentialAction":[{"@type":"ReadAction","target":["https:\/\/www.able2.org\/fr\/faites-un-don\/"]}]},{"@type":"ImageObject","inLanguage":"fr-FR","@id":"https:\/\/www.able2.org\/fr\/faites-un-don\/#primaryimage","url":"https:\/\/www.able2.org\/wp-content\/uploads\/2024\/10\/ABLE2-Breakdown-2023-Oct2024-FR.jpg","contentUrl":"https:\/\/www.able2.org\/wp-content\/uploads\/2024\/10\/ABLE2-Breakdown-2023-Oct2024-FR.jpg"},{"@type":"WebSite","@id":"https:\/\/www.able2.org\/#website","url":"https:\/\/www.able2.org\/","name":"ABLE2","description":"","publisher":{"@id":"https:\/\/www.able2.org\/#organization"},"potentialAction":[{"@type":"SearchAction","target":{"@type":"EntryPoint","urlTemplate":"https:\/\/www.able2.org\/?s={search_term_string}"},"query-input":"required name=search_term_string"}],"inLanguage":"fr-FR"},{"@type":"Organization","@id":"https:\/\/www.able2.org\/#organization","name":"ABLE2","url":"https:\/\/www.able2.org\/","logo":{"@type":"ImageObject","inLanguage":"fr-FR","@id":"https:\/\/www.able2.org\/#\/schema\/logo\/image\/","url":"https:\/\/www.able2.org\/wp-content\/uploads\/2020\/05\/logo.png","contentUrl":"https:\/\/www.able2.org\/wp-content\/uploads\/2020\/05\/logo.png","width":528,"height":137,"caption":"ABLE2"},"image":{"@id":"https:\/\/www.able2.org\/#\/schema\/logo\/image\/"}}]}},"_links":{"self":[{"href":"https:\/\/www.able2.org\/fr\/wp-json\/wp\/v2\/pages\/179"}],"collection":[{"href":"https:\/\/www.able2.org\/fr\/wp-json\/wp\/v2\/pages"}],"about":[{"href":"https:\/\/www.able2.org\/fr\/wp-json\/wp\/v2\/types\/page"}],"author":[{"embeddable":true,"href":"https:\/\/www.able2.org\/fr\/wp-json\/wp\/v2\/users\/1"}],"replies":[{"embeddable":true,"href":"https:\/\/www.able2.org\/fr\/wp-json\/wp\/v2\/comments?post=179"}],"version-history":[{"count":46,"href":"https:\/\/www.able2.org\/fr\/wp-json\/wp\/v2\/pages\/179\/revisions"}],"predecessor-version":[{"id":19731,"href":"https:\/\/www.able2.org\/fr\/wp-json\/wp\/v2\/pages\/179\/revisions\/19731"}],"wp:attachment":[{"href":"https:\/\/www.able2.org\/fr\/wp-json\/wp\/v2\/media?parent=179"}],"curies":[{"name":"wp","href":"https:\/\/api.w.org\/{rel}","templated":true}]}}