{"id":1758,"date":"2020-06-29T12:55:37","date_gmt":"2020-06-29T16:55:37","guid":{"rendered":"https:\/\/www.able2.org\/media\/"},"modified":"2021-07-09T14:40:44","modified_gmt":"2021-07-09T18:40:44","slug":"media","status":"publish","type":"page","link":"https:\/\/www.able2.org\/fr\/media\/","title":{"rendered":"M\u00e9dias"},"content":{"rendered":"\n<p>Pour obtenir des r\u00e9ponses \u00e0 leurs questions sur le TSAF ou pour demander une entrevue, les membres des m\u00e9dias sont pri\u00e9s de contacter <a href=\"mailto:mredpath@able2.org\" target=\"_blank\" aria-label=\"undefined (opens in a new tab)\" rel=\"noreferrer noopener\">mredpath@able2.org<\/a> ou de composer le 613-761-9522 poste 222.<\/p>\n\n\n\n<figure class=\"wp-block-image size-large\"><img loading=\"lazy\" decoding=\"async\" width=\"200\" height=\"200\" src=\"https:\/\/www.able2.org\/wp-content\/uploads\/2020\/07\/toolkit-icon-teal.png\" alt=\"\" class=\"wp-image-1501\"\/><\/figure>\n\n\n\n<h3 class=\"wp-block-heading\"><strong>T<\/strong><strong>rousse d\u2019outils des m\u00e9dias<\/strong><\/h3>\n\n\n\n<p><u><a href=\"https:\/\/www.able2.org\/wp-content\/uploads\/2021\/06\/FASD-FAQs-French-June2021-1.pdf\" target=\"_blank\" aria-label=\"undefined (opens in a new tab)\" rel=\"noreferrer noopener\">Questions et r\u00e9ponses sur le TSAF (PDF)<\/a><\/u> &nbsp;<\/p>\n\n\n\n<p><u><a href=\"https:\/\/www.able2.org\/wp-content\/uploads\/2021\/07\/FASD-Facts-French-June2021SM.pdf\">Les faits sur le trouble de l\u2019alcoolisation f\u0153tale (TSAF) (PDF)<\/a><\/u><\/p>\n\n\n\n<p><a href=\"https:\/\/www.able2.org\/wp-content\/uploads\/2020\/08\/Small-A2-FASDWalkLogo-FR-Web-1080.png\" target=\"_blank\" aria-label=\"undefined (opens in a new tab)\" rel=\"noreferrer noopener\"><u>Version&nbsp;1 du logo de l\u2019\u00e9v\u00e9nement (JPG)<\/u><\/a><\/p>\n\n\n\n<p><a href=\"https:\/\/www.able2.org\/wp-content\/uploads\/2020\/08\/A2-FASDWalkLogo-FR-REV-Web-1080.png\" target=\"_blank\" aria-label=\"undefined (opens in a new tab)\" rel=\"noreferrer noopener\"><u>Version&nbsp;2 du logo de l\u2019\u00e9v\u00e9nement (JPG)<\/u><\/a><\/p>\n","protected":false},"excerpt":{"rendered":"<p>Pour obtenir des r\u00e9ponses \u00e0 leurs questions sur le TSAF ou pour demander une entrevue, les membres des m\u00e9dias sont pri\u00e9s de contacter mredpath@able2.org ou de composer le 613-761-9522 poste 222. Trousse d\u2019outils des m\u00e9dias Questions et r\u00e9ponses sur le TSAF (PDF) &nbsp; Les faits sur le trouble de l\u2019alcoolisation f\u0153tale (TSAF) (PDF) Version&nbsp;1 du [&hellip;]<\/p>\n","protected":false},"author":1,"featured_media":0,"parent":0,"menu_order":0,"comment_status":"closed","ping_status":"closed","template":"page-templates\/page-sidebar.php","meta":{"_acf_changed":false,"footnotes":""},"acf":[],"yoast_head":"<!-- This site is optimized with the Yoast SEO plugin v22.8 - https:\/\/yoast.com\/wordpress\/plugins\/seo\/ -->\n<title>M\u00e9dias | ABLE2<\/title>\n<meta name=\"robots\" content=\"index, follow, max-snippet:-1, max-image-preview:large, max-video-preview:-1\" \/>\n<link rel=\"canonical\" href=\"https:\/\/www.able2.org\/fr\/media\/\" \/>\n<meta property=\"og:locale\" content=\"fr_FR\" \/>\n<meta property=\"og:type\" content=\"article\" \/>\n<meta property=\"og:title\" content=\"M\u00e9dias | ABLE2\" \/>\n<meta property=\"og:description\" content=\"Pour obtenir des r\u00e9ponses \u00e0 leurs questions sur le TSAF ou pour demander une entrevue, les membres des m\u00e9dias sont pri\u00e9s de contacter mredpath@able2.org ou de composer le 613-761-9522 poste 222. Trousse d\u2019outils des m\u00e9dias Questions et r\u00e9ponses sur le TSAF (PDF) &nbsp; Les faits sur le trouble de l\u2019alcoolisation f\u0153tale (TSAF) (PDF) Version&nbsp;1 du [&hellip;]\" \/>\n<meta property=\"og:url\" content=\"https:\/\/www.able2.org\/fr\/media\/\" \/>\n<meta property=\"og:site_name\" content=\"ABLE2\" \/>\n<meta property=\"article:modified_time\" content=\"2021-07-09T18:40:44+00:00\" \/>\n<meta property=\"og:image\" content=\"https:\/\/www.able2.org\/wp-content\/uploads\/2020\/07\/toolkit-icon-teal.png\" \/>\n<meta name=\"twitter:card\" content=\"summary_large_image\" \/>\n<script type=\"application\/ld+json\" class=\"yoast-schema-graph\">{\"@context\":\"https:\/\/schema.org\",\"@graph\":[{\"@type\":\"WebPage\",\"@id\":\"https:\/\/www.able2.org\/fr\/media\/\",\"url\":\"https:\/\/www.able2.org\/fr\/media\/\",\"name\":\"M\u00e9dias | ABLE2\",\"isPartOf\":{\"@id\":\"https:\/\/www.able2.org\/#website\"},\"primaryImageOfPage\":{\"@id\":\"https:\/\/www.able2.org\/fr\/media\/#primaryimage\"},\"image\":{\"@id\":\"https:\/\/www.able2.org\/fr\/media\/#primaryimage\"},\"thumbnailUrl\":\"https:\/\/www.able2.org\/wp-content\/uploads\/2020\/07\/toolkit-icon-teal.png\",\"datePublished\":\"2020-06-29T16:55:37+00:00\",\"dateModified\":\"2021-07-09T18:40:44+00:00\",\"breadcrumb\":{\"@id\":\"https:\/\/www.able2.org\/fr\/media\/#breadcrumb\"},\"inLanguage\":\"fr-FR\",\"potentialAction\":[{\"@type\":\"ReadAction\",\"target\":[\"https:\/\/www.able2.org\/fr\/media\/\"]}]},{\"@type\":\"ImageObject\",\"inLanguage\":\"fr-FR\",\"@id\":\"https:\/\/www.able2.org\/fr\/media\/#primaryimage\",\"url\":\"https:\/\/www.able2.org\/wp-content\/uploads\/2020\/07\/toolkit-icon-teal.png\",\"contentUrl\":\"https:\/\/www.able2.org\/wp-content\/uploads\/2020\/07\/toolkit-icon-teal.png\"},{\"@type\":\"BreadcrumbList\",\"@id\":\"https:\/\/www.able2.org\/fr\/media\/#breadcrumb\",\"itemListElement\":[{\"@type\":\"ListItem\",\"position\":1,\"name\":\"Home\",\"item\":\"https:\/\/www.able2.org\/fr\/accueil\/\"},{\"@type\":\"ListItem\",\"position\":2,\"name\":\"M\u00e9dias\"}]},{\"@type\":\"WebSite\",\"@id\":\"https:\/\/www.able2.org\/#website\",\"url\":\"https:\/\/www.able2.org\/\",\"name\":\"ABLE2\",\"description\":\"\",\"publisher\":{\"@id\":\"https:\/\/www.able2.org\/#organization\"},\"potentialAction\":[{\"@type\":\"SearchAction\",\"target\":{\"@type\":\"EntryPoint\",\"urlTemplate\":\"https:\/\/www.able2.org\/?s={search_term_string}\"},\"query-input\":\"required name=search_term_string\"}],\"inLanguage\":\"fr-FR\"},{\"@type\":\"Organization\",\"@id\":\"https:\/\/www.able2.org\/#organization\",\"name\":\"ABLE2\",\"url\":\"https:\/\/www.able2.org\/\",\"logo\":{\"@type\":\"ImageObject\",\"inLanguage\":\"fr-FR\",\"@id\":\"https:\/\/www.able2.org\/#\/schema\/logo\/image\/\",\"url\":\"https:\/\/www.able2.org\/wp-content\/uploads\/2020\/05\/logo.png\",\"contentUrl\":\"https:\/\/www.able2.org\/wp-content\/uploads\/2020\/05\/logo.png\",\"width\":528,\"height\":137,\"caption\":\"ABLE2\"},\"image\":{\"@id\":\"https:\/\/www.able2.org\/#\/schema\/logo\/image\/\"}}]}<\/script>\n<!-- \/ Yoast SEO plugin. -->","yoast_head_json":{"title":"M\u00e9dias | ABLE2","robots":{"index":"index","follow":"follow","max-snippet":"max-snippet:-1","max-image-preview":"max-image-preview:large","max-video-preview":"max-video-preview:-1"},"canonical":"https:\/\/www.able2.org\/fr\/media\/","og_locale":"fr_FR","og_type":"article","og_title":"M\u00e9dias | ABLE2","og_description":"Pour obtenir des r\u00e9ponses \u00e0 leurs questions sur le TSAF ou pour demander une entrevue, les membres des m\u00e9dias sont pri\u00e9s de contacter mredpath@able2.org ou de composer le 613-761-9522 poste 222. Trousse d\u2019outils des m\u00e9dias Questions et r\u00e9ponses sur le TSAF (PDF) &nbsp; Les faits sur le trouble de l\u2019alcoolisation f\u0153tale (TSAF) (PDF) Version&nbsp;1 du [&hellip;]","og_url":"https:\/\/www.able2.org\/fr\/media\/","og_site_name":"ABLE2","article_modified_time":"2021-07-09T18:40:44+00:00","og_image":[{"url":"https:\/\/www.able2.org\/wp-content\/uploads\/2020\/07\/toolkit-icon-teal.png"}],"twitter_card":"summary_large_image","schema":{"@context":"https:\/\/schema.org","@graph":[{"@type":"WebPage","@id":"https:\/\/www.able2.org\/fr\/media\/","url":"https:\/\/www.able2.org\/fr\/media\/","name":"M\u00e9dias | ABLE2","isPartOf":{"@id":"https:\/\/www.able2.org\/#website"},"primaryImageOfPage":{"@id":"https:\/\/www.able2.org\/fr\/media\/#primaryimage"},"image":{"@id":"https:\/\/www.able2.org\/fr\/media\/#primaryimage"},"thumbnailUrl":"https:\/\/www.able2.org\/wp-content\/uploads\/2020\/07\/toolkit-icon-teal.png","datePublished":"2020-06-29T16:55:37+00:00","dateModified":"2021-07-09T18:40:44+00:00","breadcrumb":{"@id":"https:\/\/www.able2.org\/fr\/media\/#breadcrumb"},"inLanguage":"fr-FR","potentialAction":[{"@type":"ReadAction","target":["https:\/\/www.able2.org\/fr\/media\/"]}]},{"@type":"ImageObject","inLanguage":"fr-FR","@id":"https:\/\/www.able2.org\/fr\/media\/#primaryimage","url":"https:\/\/www.able2.org\/wp-content\/uploads\/2020\/07\/toolkit-icon-teal.png","contentUrl":"https:\/\/www.able2.org\/wp-content\/uploads\/2020\/07\/toolkit-icon-teal.png"},{"@type":"BreadcrumbList","@id":"https:\/\/www.able2.org\/fr\/media\/#breadcrumb","itemListElement":[{"@type":"ListItem","position":1,"name":"Home","item":"https:\/\/www.able2.org\/fr\/accueil\/"},{"@type":"ListItem","position":2,"name":"M\u00e9dias"}]},{"@type":"WebSite","@id":"https:\/\/www.able2.org\/#website","url":"https:\/\/www.able2.org\/","name":"ABLE2","description":"","publisher":{"@id":"https:\/\/www.able2.org\/#organization"},"potentialAction":[{"@type":"SearchAction","target":{"@type":"EntryPoint","urlTemplate":"https:\/\/www.able2.org\/?s={search_term_string}"},"query-input":"required name=search_term_string"}],"inLanguage":"fr-FR"},{"@type":"Organization","@id":"https:\/\/www.able2.org\/#organization","name":"ABLE2","url":"https:\/\/www.able2.org\/","logo":{"@type":"ImageObject","inLanguage":"fr-FR","@id":"https:\/\/www.able2.org\/#\/schema\/logo\/image\/","url":"https:\/\/www.able2.org\/wp-content\/uploads\/2020\/05\/logo.png","contentUrl":"https:\/\/www.able2.org\/wp-content\/uploads\/2020\/05\/logo.png","width":528,"height":137,"caption":"ABLE2"},"image":{"@id":"https:\/\/www.able2.org\/#\/schema\/logo\/image\/"}}]}},"_links":{"self":[{"href":"https:\/\/www.able2.org\/fr\/wp-json\/wp\/v2\/pages\/1758"}],"collection":[{"href":"https:\/\/www.able2.org\/fr\/wp-json\/wp\/v2\/pages"}],"about":[{"href":"https:\/\/www.able2.org\/fr\/wp-json\/wp\/v2\/types\/page"}],"author":[{"embeddable":true,"href":"https:\/\/www.able2.org\/fr\/wp-json\/wp\/v2\/users\/1"}],"replies":[{"embeddable":true,"href":"https:\/\/www.able2.org\/fr\/wp-json\/wp\/v2\/comments?post=1758"}],"version-history":[{"count":8,"href":"https:\/\/www.able2.org\/fr\/wp-json\/wp\/v2\/pages\/1758\/revisions"}],"predecessor-version":[{"id":4091,"href":"https:\/\/www.able2.org\/fr\/wp-json\/wp\/v2\/pages\/1758\/revisions\/4091"}],"wp:attachment":[{"href":"https:\/\/www.able2.org\/fr\/wp-json\/wp\/v2\/media?parent=1758"}],"curies":[{"name":"wp","href":"https:\/\/api.w.org\/{rel}","templated":true}]}}