{"id":1724,"date":"2020-08-06T19:00:33","date_gmt":"2020-08-06T23:00:33","guid":{"rendered":"https:\/\/www.able2.org\/trousse-doutils-des-participants\/"},"modified":"2021-07-14T11:20:37","modified_gmt":"2021-07-14T15:20:37","slug":"trousse-doutils-des-participants","status":"publish","type":"page","link":"https:\/\/www.able2.org\/fr\/trousse-doutils-des-participants\/","title":{"rendered":"Trousse d\u2019outils des participants"},"content":{"rendered":"\n<p>T\u00e9l\u00e9chargez ces graphiques gratuits pour mettre votre pr\u00e9sence en valeur sur les r\u00e9seaux sociaux et les plateformes num\u00e9riques. Faites conna\u00eetre vos intentions de participer \u00e0 la Marche!<\/p>\n\n\n\n<figure class=\"wp-block-image size-large\"><img loading=\"lazy\" decoding=\"async\" width=\"200\" height=\"200\" src=\"https:\/\/www.able2.org\/wp-content\/uploads\/2020\/07\/toolkit-icon-red.png\" alt=\"\" class=\"wp-image-1462\"\/><\/figure>\n\n\n\n<p><strong>Graphiques pour les m\u00e9dias sociaux \u2013 Promotion avant l\u2019\u00e9v\u00e9nement<\/strong><\/p>\n\n\n\n<p><a href=\"https:\/\/www.able2.org\/wp-content\/uploads\/2021\/07\/FASD-Social-Badges-2021-fr.png\">Story Instagram \u2013 Je participe \u00e0 la marche de sensibilisation TSAF<\/a><\/p>\n\n\n\n<p><a href=\"https:\/\/www.able2.org\/wp-content\/uploads\/2021\/07\/FASD-Social-Badges-2021-fr.png\">Fil Instagram \u2013 Je participe \u00e0 la marche de sensibilisation TSAF<\/a><\/p>\n\n\n\n<p><a href=\"https:\/\/www.able2.org\/wp-content\/uploads\/2021\/07\/FASD-Social-Badges-2021-fr2.png\">Publication Facebook \u2013 Je participe \u00e0 la marche de sensibilisation TSAF<\/a><\/p>\n\n\n\n<p><a href=\"https:\/\/www.able2.org\/wp-content\/uploads\/2021\/07\/FASD-Social-Badges-2021-fr.png\">Twitter \u2013 Je participe \u00e0 la marche de sensibilisation TSAF<\/a><\/p>\n\n\n\n<p><strong>Graphiques pour les m\u00e9dias sociaux \u2013 P<\/strong><strong>romotion apr\u00e8s l\u2019\u00e9v\u00e9nement<\/strong><\/p>\n\n\n\n<p>Vous pouvez ajouter un filtre ou un cadre pour d\u00e9corer votre photo de profil. Disponible uniquement en Anglais.<\/p>\n\n\n\n<p><a href=\"https:\/\/www.able2.org\/wp-content\/uploads\/2021\/06\/FASD-Social-Badges-20214.png\" target=\"_blank\" aria-label=\"undefined (opens in a new tab)\" rel=\"noreferrer noopener\">Cadre de story Instagram \u2013 J\u2019ai march\u00e9 0,9&nbsp;km pour repr\u00e9senter 9&nbsp;mois de grossesse sans alcool!<\/a><\/p>\n\n\n\n<p><a href=\"https:\/\/www.able2.org\/wp-content\/uploads\/2021\/06\/FASD-Social-Badges-20214.png\" target=\"_blank\" aria-label=\"undefined (opens in a new tab)\" rel=\"noreferrer noopener\">Cadre de fil Instagram \u2013 J\u2019ai march\u00e9 0,9&nbsp;km pour repr\u00e9senter 9&nbsp;mois de grossesse sans alcool!<\/a><\/p>\n\n\n\n<p><a aria-label=\"undefined (opens in a new tab)\" href=\"https:\/\/www.able2.org\/wp-content\/uploads\/2021\/06\/FASD-Social-Badges-20213.png\" target=\"_blank\" rel=\"noreferrer noopener\">Publication Facebook \u2013 J\u2019ai march\u00e9 0,9\u00a0km pour repr\u00e9senter 9\u00a0mois de grossesse sans alcool!<\/a><\/p>\n\n\n\n<p><a href=\"https:\/\/www.able2.org\/wp-content\/uploads\/2021\/06\/FASD-Social-Badges-20213.png\" target=\"_blank\" aria-label=\"undefined (opens in a new tab)\" rel=\"noreferrer noopener\">Twitter \u2013 J\u2019ai march\u00e9 0,9&nbsp;km pour repr\u00e9senter 9&nbsp;mois de grossesse sans alcool!<\/a><\/p>\n\n\n\n<p>Ressources<\/p>\n\n\n\n<p><a href=\"https:\/\/www.able2.org\/wp-content\/uploads\/2021\/06\/FASD-FAQs-French-June2021-1.pdf\" target=\"_blank\" aria-label=\"undefined (opens in a new tab)\" rel=\"noreferrer noopener\">Questions et r\u00e9ponses sur le TSAF<\/a><\/p>\n\n\n\n<p><a href=\"https:\/\/www.able2.org\/wp-content\/uploads\/2021\/07\/FASD-Facts-French-June2021SM.pdf\">Les faits sur le TSAF<\/a><\/p>\n\n\n\n<p>Autre<\/p>\n\n\n\n<p><a href=\"https:\/\/www.able2.org\/wp-content\/uploads\/2021\/07\/20210616AdvocacyLetterFrench.docx\">Exemple de lettre (MS Word)<\/a><\/p>\n","protected":false},"excerpt":{"rendered":"<p>T\u00e9l\u00e9chargez ces graphiques gratuits pour mettre votre pr\u00e9sence en valeur sur les r\u00e9seaux sociaux et les plateformes num\u00e9riques. Faites conna\u00eetre vos intentions de participer \u00e0 la Marche! Graphiques pour les m\u00e9dias sociaux \u2013 Promotion avant l\u2019\u00e9v\u00e9nement Story Instagram \u2013 Je participe \u00e0 la marche de sensibilisation TSAF Fil Instagram \u2013 Je participe \u00e0 la marche [&hellip;]<\/p>\n","protected":false},"author":3,"featured_media":0,"parent":0,"menu_order":0,"comment_status":"closed","ping_status":"closed","template":"page-templates\/page-sidebar.php","meta":{"_acf_changed":false,"footnotes":""},"acf":[],"yoast_head":"<!-- This site is optimized with the Yoast SEO plugin v22.8 - https:\/\/yoast.com\/wordpress\/plugins\/seo\/ -->\n<title>Trousse d\u2019outils des participants | ABLE2<\/title>\n<meta name=\"robots\" content=\"index, follow, max-snippet:-1, max-image-preview:large, max-video-preview:-1\" \/>\n<link rel=\"canonical\" href=\"https:\/\/www.able2.org\/fr\/trousse-doutils-des-participants\/\" \/>\n<meta property=\"og:locale\" content=\"fr_FR\" \/>\n<meta property=\"og:type\" content=\"article\" \/>\n<meta property=\"og:title\" content=\"Trousse d\u2019outils des participants | ABLE2\" \/>\n<meta property=\"og:description\" content=\"T\u00e9l\u00e9chargez ces graphiques gratuits pour mettre votre pr\u00e9sence en valeur sur les r\u00e9seaux sociaux et les plateformes num\u00e9riques. Faites conna\u00eetre vos intentions de participer \u00e0 la Marche! Graphiques pour les m\u00e9dias sociaux \u2013 Promotion avant l\u2019\u00e9v\u00e9nement Story Instagram \u2013 Je participe \u00e0 la marche de sensibilisation TSAF Fil Instagram \u2013 Je participe \u00e0 la marche [&hellip;]\" \/>\n<meta property=\"og:url\" content=\"https:\/\/www.able2.org\/fr\/trousse-doutils-des-participants\/\" \/>\n<meta property=\"og:site_name\" content=\"ABLE2\" \/>\n<meta property=\"article:modified_time\" content=\"2021-07-14T15:20:37+00:00\" \/>\n<meta property=\"og:image\" content=\"https:\/\/www.able2.org\/wp-content\/uploads\/2020\/07\/toolkit-icon-red.png\" \/>\n<meta name=\"twitter:card\" content=\"summary_large_image\" \/>\n<meta name=\"twitter:label1\" content=\"Dur\u00e9e de lecture estim\u00e9e\" \/>\n\t<meta name=\"twitter:data1\" content=\"1 minute\" \/>\n<script type=\"application\/ld+json\" class=\"yoast-schema-graph\">{\"@context\":\"https:\/\/schema.org\",\"@graph\":[{\"@type\":\"WebPage\",\"@id\":\"https:\/\/www.able2.org\/fr\/trousse-doutils-des-participants\/\",\"url\":\"https:\/\/www.able2.org\/fr\/trousse-doutils-des-participants\/\",\"name\":\"Trousse d\u2019outils des participants | ABLE2\",\"isPartOf\":{\"@id\":\"https:\/\/www.able2.org\/#website\"},\"primaryImageOfPage\":{\"@id\":\"https:\/\/www.able2.org\/fr\/trousse-doutils-des-participants\/#primaryimage\"},\"image\":{\"@id\":\"https:\/\/www.able2.org\/fr\/trousse-doutils-des-participants\/#primaryimage\"},\"thumbnailUrl\":\"https:\/\/www.able2.org\/wp-content\/uploads\/2020\/07\/toolkit-icon-red.png\",\"datePublished\":\"2020-08-06T23:00:33+00:00\",\"dateModified\":\"2021-07-14T15:20:37+00:00\",\"breadcrumb\":{\"@id\":\"https:\/\/www.able2.org\/fr\/trousse-doutils-des-participants\/#breadcrumb\"},\"inLanguage\":\"fr-FR\",\"potentialAction\":[{\"@type\":\"ReadAction\",\"target\":[\"https:\/\/www.able2.org\/fr\/trousse-doutils-des-participants\/\"]}]},{\"@type\":\"ImageObject\",\"inLanguage\":\"fr-FR\",\"@id\":\"https:\/\/www.able2.org\/fr\/trousse-doutils-des-participants\/#primaryimage\",\"url\":\"https:\/\/www.able2.org\/wp-content\/uploads\/2020\/07\/toolkit-icon-red.png\",\"contentUrl\":\"https:\/\/www.able2.org\/wp-content\/uploads\/2020\/07\/toolkit-icon-red.png\"},{\"@type\":\"BreadcrumbList\",\"@id\":\"https:\/\/www.able2.org\/fr\/trousse-doutils-des-participants\/#breadcrumb\",\"itemListElement\":[{\"@type\":\"ListItem\",\"position\":1,\"name\":\"Home\",\"item\":\"https:\/\/www.able2.org\/fr\/accueil\/\"},{\"@type\":\"ListItem\",\"position\":2,\"name\":\"Trousse d\u2019outils des participants\"}]},{\"@type\":\"WebSite\",\"@id\":\"https:\/\/www.able2.org\/#website\",\"url\":\"https:\/\/www.able2.org\/\",\"name\":\"ABLE2\",\"description\":\"\",\"publisher\":{\"@id\":\"https:\/\/www.able2.org\/#organization\"},\"potentialAction\":[{\"@type\":\"SearchAction\",\"target\":{\"@type\":\"EntryPoint\",\"urlTemplate\":\"https:\/\/www.able2.org\/?s={search_term_string}\"},\"query-input\":\"required name=search_term_string\"}],\"inLanguage\":\"fr-FR\"},{\"@type\":\"Organization\",\"@id\":\"https:\/\/www.able2.org\/#organization\",\"name\":\"ABLE2\",\"url\":\"https:\/\/www.able2.org\/\",\"logo\":{\"@type\":\"ImageObject\",\"inLanguage\":\"fr-FR\",\"@id\":\"https:\/\/www.able2.org\/#\/schema\/logo\/image\/\",\"url\":\"https:\/\/www.able2.org\/wp-content\/uploads\/2020\/05\/logo.png\",\"contentUrl\":\"https:\/\/www.able2.org\/wp-content\/uploads\/2020\/05\/logo.png\",\"width\":528,\"height\":137,\"caption\":\"ABLE2\"},\"image\":{\"@id\":\"https:\/\/www.able2.org\/#\/schema\/logo\/image\/\"}}]}<\/script>\n<!-- \/ Yoast SEO plugin. -->","yoast_head_json":{"title":"Trousse d\u2019outils des participants | ABLE2","robots":{"index":"index","follow":"follow","max-snippet":"max-snippet:-1","max-image-preview":"max-image-preview:large","max-video-preview":"max-video-preview:-1"},"canonical":"https:\/\/www.able2.org\/fr\/trousse-doutils-des-participants\/","og_locale":"fr_FR","og_type":"article","og_title":"Trousse d\u2019outils des participants | ABLE2","og_description":"T\u00e9l\u00e9chargez ces graphiques gratuits pour mettre votre pr\u00e9sence en valeur sur les r\u00e9seaux sociaux et les plateformes num\u00e9riques. Faites conna\u00eetre vos intentions de participer \u00e0 la Marche! Graphiques pour les m\u00e9dias sociaux \u2013 Promotion avant l\u2019\u00e9v\u00e9nement Story Instagram \u2013 Je participe \u00e0 la marche de sensibilisation TSAF Fil Instagram \u2013 Je participe \u00e0 la marche [&hellip;]","og_url":"https:\/\/www.able2.org\/fr\/trousse-doutils-des-participants\/","og_site_name":"ABLE2","article_modified_time":"2021-07-14T15:20:37+00:00","og_image":[{"url":"https:\/\/www.able2.org\/wp-content\/uploads\/2020\/07\/toolkit-icon-red.png"}],"twitter_card":"summary_large_image","twitter_misc":{"Dur\u00e9e de lecture estim\u00e9e":"1 minute"},"schema":{"@context":"https:\/\/schema.org","@graph":[{"@type":"WebPage","@id":"https:\/\/www.able2.org\/fr\/trousse-doutils-des-participants\/","url":"https:\/\/www.able2.org\/fr\/trousse-doutils-des-participants\/","name":"Trousse d\u2019outils des participants | ABLE2","isPartOf":{"@id":"https:\/\/www.able2.org\/#website"},"primaryImageOfPage":{"@id":"https:\/\/www.able2.org\/fr\/trousse-doutils-des-participants\/#primaryimage"},"image":{"@id":"https:\/\/www.able2.org\/fr\/trousse-doutils-des-participants\/#primaryimage"},"thumbnailUrl":"https:\/\/www.able2.org\/wp-content\/uploads\/2020\/07\/toolkit-icon-red.png","datePublished":"2020-08-06T23:00:33+00:00","dateModified":"2021-07-14T15:20:37+00:00","breadcrumb":{"@id":"https:\/\/www.able2.org\/fr\/trousse-doutils-des-participants\/#breadcrumb"},"inLanguage":"fr-FR","potentialAction":[{"@type":"ReadAction","target":["https:\/\/www.able2.org\/fr\/trousse-doutils-des-participants\/"]}]},{"@type":"ImageObject","inLanguage":"fr-FR","@id":"https:\/\/www.able2.org\/fr\/trousse-doutils-des-participants\/#primaryimage","url":"https:\/\/www.able2.org\/wp-content\/uploads\/2020\/07\/toolkit-icon-red.png","contentUrl":"https:\/\/www.able2.org\/wp-content\/uploads\/2020\/07\/toolkit-icon-red.png"},{"@type":"BreadcrumbList","@id":"https:\/\/www.able2.org\/fr\/trousse-doutils-des-participants\/#breadcrumb","itemListElement":[{"@type":"ListItem","position":1,"name":"Home","item":"https:\/\/www.able2.org\/fr\/accueil\/"},{"@type":"ListItem","position":2,"name":"Trousse d\u2019outils des participants"}]},{"@type":"WebSite","@id":"https:\/\/www.able2.org\/#website","url":"https:\/\/www.able2.org\/","name":"ABLE2","description":"","publisher":{"@id":"https:\/\/www.able2.org\/#organization"},"potentialAction":[{"@type":"SearchAction","target":{"@type":"EntryPoint","urlTemplate":"https:\/\/www.able2.org\/?s={search_term_string}"},"query-input":"required name=search_term_string"}],"inLanguage":"fr-FR"},{"@type":"Organization","@id":"https:\/\/www.able2.org\/#organization","name":"ABLE2","url":"https:\/\/www.able2.org\/","logo":{"@type":"ImageObject","inLanguage":"fr-FR","@id":"https:\/\/www.able2.org\/#\/schema\/logo\/image\/","url":"https:\/\/www.able2.org\/wp-content\/uploads\/2020\/05\/logo.png","contentUrl":"https:\/\/www.able2.org\/wp-content\/uploads\/2020\/05\/logo.png","width":528,"height":137,"caption":"ABLE2"},"image":{"@id":"https:\/\/www.able2.org\/#\/schema\/logo\/image\/"}}]}},"_links":{"self":[{"href":"https:\/\/www.able2.org\/fr\/wp-json\/wp\/v2\/pages\/1724"}],"collection":[{"href":"https:\/\/www.able2.org\/fr\/wp-json\/wp\/v2\/pages"}],"about":[{"href":"https:\/\/www.able2.org\/fr\/wp-json\/wp\/v2\/types\/page"}],"author":[{"embeddable":true,"href":"https:\/\/www.able2.org\/fr\/wp-json\/wp\/v2\/users\/3"}],"replies":[{"embeddable":true,"href":"https:\/\/www.able2.org\/fr\/wp-json\/wp\/v2\/comments?post=1724"}],"version-history":[{"count":17,"href":"https:\/\/www.able2.org\/fr\/wp-json\/wp\/v2\/pages\/1724\/revisions"}],"predecessor-version":[{"id":4128,"href":"https:\/\/www.able2.org\/fr\/wp-json\/wp\/v2\/pages\/1724\/revisions\/4128"}],"wp:attachment":[{"href":"https:\/\/www.able2.org\/fr\/wp-json\/wp\/v2\/media?parent=1724"}],"curies":[{"name":"wp","href":"https:\/\/api.w.org\/{rel}","templated":true}]}}