{"id":16999,"date":"2024-05-23T13:52:20","date_gmt":"2024-05-23T17:52:20","guid":{"rendered":"https:\/\/www.able2.org\/?page_id=16999"},"modified":"2024-06-03T16:58:19","modified_gmt":"2024-06-03T20:58:19","slug":"webinaires-passes","status":"publish","type":"page","link":"https:\/\/www.able2.org\/fr\/webinaires-passes\/","title":{"rendered":"Webinaires pass\u00e9s"},"content":{"rendered":"\n                    <ul class=\"events sm:grid sm:gap-4 sm:grid-cols-2 md:grid-cols-3\">\n                            <li class=\"card\">\n                    <a href=\"https:\/\/www.able2.org\/fr\/evenements\/grow-comprendre-la-securite-de-la-vieillesse\/\" class=\"block h-full\">\n                        <h2 class=\"card__title\">\n                            GROW: Comprendre la s\u00e9curit\u00e9 de la vieillesse                        <\/h2>\n                        <div class=\"card__img-container hidden sm:block\">\n                            <img decoding=\"async\" src=\"https:\/\/www.able2.org\/wp-content\/uploads\/2026\/02\/GROW-Old-Age-Security-ENG.jpg\" alt=\"GROW: Comprendre la s\u00e9curit\u00e9 de la vieillesse\"\n                                class=\"card__img\">\n                        <\/div>\n                                                <p class=\"card__text text-base\">\n                            14 Avr, 2026                        <\/p>\n                    <\/a>\n                <\/li>\n                                            <li class=\"card\">\n                    <a href=\"https:\/\/www.able2.org\/fr\/evenements\/grow-prestations-dinvalidite-du-regime-de-pensions-du-canada-ce-que-vous-devez-savoir\/\" class=\"block h-full\">\n                        <h2 class=\"card__title\">\n                            GROW: Prestations d\u2019invalidit\u00e9 du R\u00e9gime de pensions du Canada : ce que vous devez savoir                        <\/h2>\n                        <div class=\"card__img-container hidden sm:block\">\n                            <img decoding=\"async\" src=\"https:\/\/www.able2.org\/wp-content\/uploads\/2026\/02\/GROW-CPP-Disability-ENG.jpg\" alt=\"GROW: Prestations d\u2019invalidit\u00e9 du R\u00e9gime de pensions du Canada : ce que vous devez savoir\"\n                                class=\"card__img\">\n                        <\/div>\n                                                <p class=\"card__text text-base\">\n                            08 Avr, 2026                        <\/p>\n                    <\/a>\n                <\/li>\n                                            <li class=\"card\">\n                    <a href=\"https:\/\/www.able2.org\/fr\/evenements\/grow-prestations-dinvalidite-du-canada-ce-que-vous-devez-savoir\/\" class=\"block h-full\">\n                        <h2 class=\"card__title\">\n                            GROW\u00a0: Prestations d\u2019invalidit\u00e9 du Canada\u00a0: ce que vous devez savoir                        <\/h2>\n                        <div class=\"card__img-container hidden sm:block\">\n                            <img decoding=\"async\" src=\"https:\/\/www.able2.org\/wp-content\/uploads\/2026\/01\/GROW-CanadaDisabilityBenefit-ENG-v2.jpg\" alt=\"GROW\u00a0: Prestations d\u2019invalidit\u00e9 du Canada\u00a0: ce que vous devez savoir\"\n                                class=\"card__img\">\n                        <\/div>\n                                                <p class=\"card__text text-base\">\n                            02 Avr, 2026                        <\/p>\n                    <\/a>\n                <\/li>\n                                            <li class=\"card\">\n                    <a href=\"https:\/\/www.able2.org\/fr\/evenements\/grow-elever-des-enfants-financierement-responsables\/\" class=\"block h-full\">\n                        <h2 class=\"card__title\">\n                            GROW: \u00c9lever des enfants financi\u00e8rement responsables                        <\/h2>\n                        <div class=\"card__img-container hidden sm:block\">\n                            <img decoding=\"async\" src=\"https:\/\/www.able2.org\/wp-content\/uploads\/2026\/02\/GROW-FinanciallyFitKids-ENG.jpg\" alt=\"GROW: \u00c9lever des enfants financi\u00e8rement responsables\"\n                                class=\"card__img\">\n                        <\/div>\n                                                <p class=\"card__text text-base\">\n                            26 Mar, 2026                        <\/p>\n                    <\/a>\n                <\/li>\n                                            <li class=\"card\">\n                    <a href=\"https:\/\/www.able2.org\/fr\/evenements\/grow-relations-et-argent\/\" class=\"block h-full\">\n                        <h2 class=\"card__title\">\n                            GROW: Relations et argent                        <\/h2>\n                        <div class=\"card__img-container hidden sm:block\">\n                            <img decoding=\"async\" src=\"https:\/\/www.able2.org\/wp-content\/uploads\/2026\/01\/GROW-RelationshipsMoney-ENG.jpg\" alt=\"GROW: Relations et argent\"\n                                class=\"card__img\">\n                        <\/div>\n                                                <p class=\"card__text text-base\">\n                            24 Mar, 2026                        <\/p>\n                    <\/a>\n                <\/li>\n                                            <li class=\"card\">\n                    <a href=\"https:\/\/www.able2.org\/fr\/evenements\/grow-comprendre-la-violence-financiere-se-proteger-et-trouver-du-soutien\/\" class=\"block h-full\">\n                        <h2 class=\"card__title\">\n                            GROW: Comprendre la violence financi\u00e8re\u00a0: se prot\u00e9ger et trouver du soutien                        <\/h2>\n                        <div class=\"card__img-container hidden sm:block\">\n                            <img decoding=\"async\" src=\"https:\/\/www.able2.org\/wp-content\/uploads\/2026\/01\/GROW-FinancialAbuse-ENG.jpg\" alt=\"GROW: Comprendre la violence financi\u00e8re\u00a0: se prot\u00e9ger et trouver du soutien\"\n                                class=\"card__img\">\n                        <\/div>\n                                                <p class=\"card__text text-base\">\n                            18 Mar, 2026                        <\/p>\n                    <\/a>\n                <\/li>\n                                            <li class=\"card\">\n                    <a href=\"https:\/\/www.able2.org\/fr\/evenements\/grow-gestion-budgetaire-101-outils-pratiques-pour-gerer-votre-argent\/\" class=\"block h-full\">\n                        <h2 class=\"card__title\">\n                            GROW: Gestion budg\u00e9taire 101\u00a0: Outils pratiques pour g\u00e9rer votre argent                        <\/h2>\n                        <div class=\"card__img-container hidden sm:block\">\n                            <img decoding=\"async\" src=\"https:\/\/www.able2.org\/wp-content\/uploads\/2026\/01\/GROW-Budgeting101-ENG-v3.jpg\" alt=\"GROW: Gestion budg\u00e9taire 101\u00a0: Outils pratiques pour g\u00e9rer votre argent\"\n                                class=\"card__img\">\n                        <\/div>\n                                                <p class=\"card__text text-base\">\n                            17 Mar, 2026                        <\/p>\n                    <\/a>\n                <\/li>\n                                            <li class=\"card\">\n                    <a href=\"https:\/\/www.able2.org\/fr\/evenements\/grow-comprendre-la-prestation-dinvalidite-pour-enfant\/\" class=\"block h-full\">\n                        <h2 class=\"card__title\">\n                            GROW\u00a0: Comprendre la prestation d\u2019invalidit\u00e9 pour enfant                        <\/h2>\n                        <div class=\"card__img-container hidden sm:block\">\n                            <img decoding=\"async\" src=\"https:\/\/www.able2.org\/wp-content\/uploads\/2026\/01\/GROW-ChildDisabilityBenefit-ENG.jpg\" alt=\"GROW\u00a0: Comprendre la prestation d\u2019invalidit\u00e9 pour enfant\"\n                                class=\"card__img\">\n                        <\/div>\n                                                <p class=\"card__text text-base\">\n                            11 Mar, 2026                        <\/p>\n                    <\/a>\n                <\/li>\n                                            <li class=\"card\">\n                    <a href=\"https:\/\/www.able2.org\/fr\/evenements\/grow-comprendre-le-credit-dimpot-pour-personnes-handicaps\/\" class=\"block h-full\">\n                        <h2 class=\"card__title\">\n                            GROW\u00a0: Comprendre le cr\u00e9dit d\u2019imp\u00f4t pour personnes handicaps                        <\/h2>\n                        <div class=\"card__img-container hidden sm:block\">\n                            <img decoding=\"async\" src=\"https:\/\/www.able2.org\/wp-content\/uploads\/2026\/01\/GROW-DisabilityTaxCred-ENG-v2.jpg\" alt=\"GROW\u00a0: Comprendre le cr\u00e9dit d\u2019imp\u00f4t pour personnes handicaps\"\n                                class=\"card__img\">\n                        <\/div>\n                                                <p class=\"card__text text-base\">\n                            04 Mar, 2026                        <\/p>\n                    <\/a>\n                <\/li>\n                                            <li class=\"card\">\n                    <a href=\"https:\/\/www.able2.org\/fr\/evenements\/grow-tsaf-101-comprendre-le-handicap-cache-et-creer-un-soutien-bienveillant-pour-les-personnes-atteintes-du-trouble-du-spectre-de-lalcoolisation-foetale\/\" class=\"block h-full\">\n                        <h2 class=\"card__title\">\n                            GROW : TSAF 101                        <\/h2>\n                        <div class=\"card__img-container hidden sm:block\">\n                            <img decoding=\"async\" src=\"https:\/\/www.able2.org\/wp-content\/uploads\/2025\/08\/GROW-FASD-FB.jpg\" alt=\"GROW : TSAF 101\"\n                                class=\"card__img\">\n                        <\/div>\n                                                <p class=\"card__text text-base\">\n                            09 Sep, 2025                        <\/p>\n                    <\/a>\n                <\/li>\n                                            <li class=\"card\">\n                    <a href=\"https:\/\/www.able2.org\/fr\/evenements\/grow-tuteurs-pour-les-personnes-vivant-avec-des-handicaps\/\" class=\"block h-full\">\n                        <h2 class=\"card__title\">\n                            GROW: Tuteurs pour les personnes vivant avec des handicaps\u00a0: Le r\u00f4le des tuteurs judiciaires, du PGT et des demandes de tutelle                        <\/h2>\n                        <div class=\"card__img-container hidden sm:block\">\n                            <img decoding=\"async\" src=\"https:\/\/www.able2.org\/wp-content\/uploads\/2024\/12\/ABLE2-GROW-Guardians-Li-Jan2025.jpg\" alt=\"GROW: Tuteurs pour les personnes vivant avec des handicaps\u00a0: Le r\u00f4le des tuteurs judiciaires, du PGT et des demandes de tutelle\"\n                                class=\"card__img\">\n                        <\/div>\n                                                <p class=\"card__text text-base\">\n                            28 Jan, 2025                        <\/p>\n                    <\/a>\n                <\/li>\n                                            <li class=\"card\">\n                    <a href=\"https:\/\/www.able2.org\/fr\/evenements\/grow-le-processus-dexpulsion-et-les-garanties-juridiques-pour-les-locataires-handicapes\/\" class=\"block h-full\">\n                        <h2 class=\"card__title\">\n                            GROW: Le processus d&rsquo;expulsion et les garanties juridiques pour les locataires handicap\u00e9s                        <\/h2>\n                        <div class=\"card__img-container hidden sm:block\">\n                            <img decoding=\"async\" src=\"https:\/\/www.able2.org\/wp-content\/uploads\/2024\/11\/ABLE2-GROW-Tenants-FB.jpg\" alt=\"GROW: Le processus d&rsquo;expulsion et les garanties juridiques pour les locataires handicap\u00e9s\"\n                                class=\"card__img\">\n                        <\/div>\n                                                <p class=\"card__text text-base\">\n                            06 D\u00e9c, 2024                        <\/p>\n                    <\/a>\n                <\/li>\n                                            <li class=\"card\">\n                    <a href=\"https:\/\/www.able2.org\/fr\/evenements\/grow-naviguer-dans-les-programmes-daide-sociale-de-lontario-posph-et-ontario-au-travail\/\" class=\"block h-full\">\n                        <h2 class=\"card__title\">\n                            GROW: Naviguer dans les programmes d&rsquo;aide sociale de l&rsquo;Ontario\u00a0: POSPH et Ontario au travail                        <\/h2>\n                        <div class=\"card__img-container hidden sm:block\">\n                            <img decoding=\"async\" src=\"https:\/\/www.able2.org\/wp-content\/uploads\/2024\/11\/ABLE2-GROW-ODSP-FB.jpg\" alt=\"GROW: Naviguer dans les programmes d&rsquo;aide sociale de l&rsquo;Ontario\u00a0: POSPH et Ontario au travail\"\n                                class=\"card__img\">\n                        <\/div>\n                                                <p class=\"card__text text-base\">\n                            04 D\u00e9c, 2024                        <\/p>\n                    <\/a>\n                <\/li>\n                                            <li class=\"card\">\n                    <a href=\"https:\/\/www.able2.org\/fr\/evenements\/grow-defense-des-droits-des-personnes-handicapees\/\" class=\"block h-full\">\n                        <h2 class=\"card__title\">\n                            GROW\u00a0: D\u00e9fense des droits des personnes handicap\u00e9es &#8211; Points de vue des juges et des arbitres                        <\/h2>\n                        <div class=\"card__img-container hidden sm:block\">\n                            <img decoding=\"async\" src=\"https:\/\/www.able2.org\/wp-content\/uploads\/2024\/10\/ABLE2-AdvocacyBannerWeb.jpg\" alt=\"GROW\u00a0: D\u00e9fense des droits des personnes handicap\u00e9es &#8211; Points de vue des juges et des arbitres\"\n                                class=\"card__img\">\n                        <\/div>\n                                                <p class=\"card__text text-base\">\n                            27 Nov, 2024                        <\/p>\n                    <\/a>\n                <\/li>\n                                            <li class=\"card\">\n                    <a href=\"https:\/\/www.able2.org\/fr\/evenements\/able2-grow-special-needs-and-disability-estates-planning-fr\/\" class=\"block h-full\">\n                        <h2 class=\"card__title\">\n                            ABLE2 Grow &#8211; Special Needs and Disability Estates Planning                        <\/h2>\n                        <div class=\"card__img-container hidden sm:block\">\n                            <img decoding=\"async\" src=\"https:\/\/www.able2.org\/wp-content\/uploads\/2023\/12\/ABLE2-GROW-EstatePlanning-FB.jpg\" alt=\"ABLE2 Grow &#8211; Special Needs and Disability Estates Planning\"\n                                class=\"card__img\">\n                        <\/div>\n                                                <p class=\"card__text text-base\">\n                            13 F\u00e9v, 2024 &#8211; 14 F\u00e9v, 2024                        <\/p>\n                    <\/a>\n                <\/li>\n                                            <li class=\"card\">\n                    <a href=\"https:\/\/www.able2.org\/fr\/evenements\/able2-grow-all-about-microboards-support-estate-planning-for-loved-ones-living-with-a-disability-fr\/\" class=\"block h-full\">\n                        <h2 class=\"card__title\">\n                            ABLE2 Grow &#8211; All About Microboards: Support &#038; Estate Planning for Loved Ones Living with a Disability                        <\/h2>\n                        <div class=\"card__img-container hidden sm:block\">\n                            <img decoding=\"async\" src=\"https:\/\/www.able2.org\/wp-content\/uploads\/2023\/12\/ABLE2-GROW-Microboards-FBWeb-1.jpg\" alt=\"ABLE2 Grow &#8211; All About Microboards: Support &#038; Estate Planning for Loved Ones Living with a Disability\"\n                                class=\"card__img\">\n                        <\/div>\n                                                <p class=\"card__text text-base\">\n                            25 Jan, 2024                        <\/p>\n                    <\/a>\n                <\/li>\n                                    <\/ul>\n    \n\n\n\n<div style=\"height:20px\" aria-hidden=\"true\" class=\"wp-block-spacer\"><\/div>\n\n\n    <section class=\"container sm:flex\">\n                                <article class=\"card sm:w-1\/3\">\n                <a href=\"https:\/\/www.able2.org\/fr\/faites-un-don\/\" class=\"block h-full\">\n                    <h2 class=\"card__title\">Ayez un impact durable en devenant un donateur mensuel \u2063\u2063<\/h2>\n                    <div class=\"card__img-container\">\n                        <img decoding=\"async\" src=\"https:\/\/www.able2.org\/wp-content\/uploads\/2024\/04\/2About-OurHistory-Bucket-MonthlyDonor-300x174.png\" srcset=\"https:\/\/www.able2.org\/wp-content\/uploads\/2024\/04\/2About-OurHistory-Bucket-MonthlyDonor-300x174.png 300w, https:\/\/www.able2.org\/wp-content\/uploads\/2024\/04\/2About-OurHistory-Bucket-MonthlyDonor-1024x594.png 1024w, https:\/\/www.able2.org\/wp-content\/uploads\/2024\/04\/2About-OurHistory-Bucket-MonthlyDonor-768x446.png 768w, https:\/\/www.able2.org\/wp-content\/uploads\/2024\/04\/2About-OurHistory-Bucket-MonthlyDonor.png 1329w\" sizes=\"(max-width: 640px) 100vw, 640px\" alt=\"\" class=\"card__img\">\n                    <\/div>\n                    <p class=\"card__text\">Votre don aide les personnes\u00a0 vivant avec un handicap \u00e0 acqu\u00e9rir de nouvelles<\/p>\n                <\/a>\n            <\/article>\n                                            <article class=\"card card--yellow sm:w-1\/3\">\n                <a href=\"https:\/\/www.able2.org\/fr\/nos-histoires\/\" class=\"block h-full\">\n                    <h2 class=\"card__title\">Apprenez en plus sur comment votre contribution permet de changer des vies<\/h2>\n                    <div class=\"card__img-container\">\n                        <img decoding=\"async\" src=\"https:\/\/www.able2.org\/wp-content\/uploads\/2024\/04\/1About-Bucket-History-300x174.png\" srcset=\"https:\/\/www.able2.org\/wp-content\/uploads\/2024\/04\/1About-Bucket-History-300x174.png 300w, https:\/\/www.able2.org\/wp-content\/uploads\/2024\/04\/1About-Bucket-History-1024x594.png 1024w, https:\/\/www.able2.org\/wp-content\/uploads\/2024\/04\/1About-Bucket-History-768x446.png 768w, https:\/\/www.able2.org\/wp-content\/uploads\/2024\/04\/1About-Bucket-History.png 1329w\" sizes=\"(max-width: 640px) 100vw, 640px\" alt=\"\" class=\"card__img\">\n                    <\/div>\n                    <p class=\"card__text\">Apprenez-en plus sur les histoires des utilisateurs de\u00a0 programmes, des b\u00e9n\u00e9voles et des d\u00e9fenseurs du milieu\u00a0communautaire.<\/p>\n                <\/a>\n            <\/article>\n                                            <article class=\"card sm:w-1\/3\">\n                <a href=\"https:\/\/www.able2.org\/fr\/benevole\/\" class=\"block h-full\">\n                    <h2 class=\"card__title\">B\u00e9n\u00e9vole\u2063<\/h2>\n                    <div class=\"card__img-container\">\n                        <img decoding=\"async\" src=\"https:\/\/www.able2.org\/wp-content\/uploads\/2024\/05\/DonateBucket-May2024-300x174.jpg\" srcset=\"https:\/\/www.able2.org\/wp-content\/uploads\/2024\/05\/DonateBucket-May2024-300x174.jpg 300w, https:\/\/www.able2.org\/wp-content\/uploads\/2024\/05\/DonateBucket-May2024-1024x594.jpg 1024w, https:\/\/www.able2.org\/wp-content\/uploads\/2024\/05\/DonateBucket-May2024-768x446.jpg 768w, https:\/\/www.able2.org\/wp-content\/uploads\/2024\/05\/DonateBucket-May2024.jpg 1329w\" sizes=\"(max-width: 640px) 100vw, 640px\" alt=\"\" class=\"card__img\">\n                    <\/div>\n                    <p class=\"card__text\">Lorsque vous faites du\u00a0b\u00e9n\u00e9volat, vous contribuez \u00e0\u00a0r\u00e9duire la solitude et\u00a0l\u2019isolement social v\u00e9cus par\u00a0de nombreuses personnes<\/p>\n                <\/a>\n            <\/article>\n                        <\/section>\n","protected":false},"excerpt":{"rendered":"","protected":false},"author":1,"featured_media":0,"parent":0,"menu_order":0,"comment_status":"closed","ping_status":"closed","template":"page-templates\/page-no_sidebar.php","meta":{"_acf_changed":false,"footnotes":""},"acf":[],"yoast_head":"<!-- This site is optimized with the Yoast SEO plugin v22.8 - https:\/\/yoast.com\/wordpress\/plugins\/seo\/ -->\n<title>Webinaires pass\u00e9s | ABLE2<\/title>\n<meta name=\"robots\" content=\"index, follow, max-snippet:-1, max-image-preview:large, max-video-preview:-1\" \/>\n<link rel=\"canonical\" href=\"https:\/\/www.able2.org\/fr\/webinaires-passes\/\" \/>\n<meta property=\"og:locale\" content=\"fr_FR\" \/>\n<meta property=\"og:type\" content=\"article\" \/>\n<meta property=\"og:title\" content=\"Webinaires pass\u00e9s | ABLE2\" \/>\n<meta property=\"og:url\" content=\"https:\/\/www.able2.org\/fr\/webinaires-passes\/\" \/>\n<meta property=\"og:site_name\" content=\"ABLE2\" \/>\n<meta property=\"article:modified_time\" content=\"2024-06-03T20:58:19+00:00\" \/>\n<meta name=\"twitter:card\" content=\"summary_large_image\" \/>\n<script type=\"application\/ld+json\" class=\"yoast-schema-graph\">{\"@context\":\"https:\/\/schema.org\",\"@graph\":[{\"@type\":\"WebPage\",\"@id\":\"https:\/\/www.able2.org\/fr\/webinaires-passes\/\",\"url\":\"https:\/\/www.able2.org\/fr\/webinaires-passes\/\",\"name\":\"Webinaires pass\u00e9s | ABLE2\",\"isPartOf\":{\"@id\":\"https:\/\/www.able2.org\/#website\"},\"datePublished\":\"2024-05-23T17:52:20+00:00\",\"dateModified\":\"2024-06-03T20:58:19+00:00\",\"breadcrumb\":{\"@id\":\"https:\/\/www.able2.org\/fr\/webinaires-passes\/#breadcrumb\"},\"inLanguage\":\"fr-FR\",\"potentialAction\":[{\"@type\":\"ReadAction\",\"target\":[\"https:\/\/www.able2.org\/fr\/webinaires-passes\/\"]}]},{\"@type\":\"BreadcrumbList\",\"@id\":\"https:\/\/www.able2.org\/fr\/webinaires-passes\/#breadcrumb\",\"itemListElement\":[{\"@type\":\"ListItem\",\"position\":1,\"name\":\"Home\",\"item\":\"https:\/\/www.able2.org\/fr\/accueil\/\"},{\"@type\":\"ListItem\",\"position\":2,\"name\":\"Webinaires pass\u00e9s\"}]},{\"@type\":\"WebSite\",\"@id\":\"https:\/\/www.able2.org\/#website\",\"url\":\"https:\/\/www.able2.org\/\",\"name\":\"ABLE2\",\"description\":\"\",\"publisher\":{\"@id\":\"https:\/\/www.able2.org\/#organization\"},\"potentialAction\":[{\"@type\":\"SearchAction\",\"target\":{\"@type\":\"EntryPoint\",\"urlTemplate\":\"https:\/\/www.able2.org\/?s={search_term_string}\"},\"query-input\":\"required name=search_term_string\"}],\"inLanguage\":\"fr-FR\"},{\"@type\":\"Organization\",\"@id\":\"https:\/\/www.able2.org\/#organization\",\"name\":\"ABLE2\",\"url\":\"https:\/\/www.able2.org\/\",\"logo\":{\"@type\":\"ImageObject\",\"inLanguage\":\"fr-FR\",\"@id\":\"https:\/\/www.able2.org\/#\/schema\/logo\/image\/\",\"url\":\"https:\/\/www.able2.org\/wp-content\/uploads\/2020\/05\/logo.png\",\"contentUrl\":\"https:\/\/www.able2.org\/wp-content\/uploads\/2020\/05\/logo.png\",\"width\":528,\"height\":137,\"caption\":\"ABLE2\"},\"image\":{\"@id\":\"https:\/\/www.able2.org\/#\/schema\/logo\/image\/\"}}]}<\/script>\n<!-- \/ Yoast SEO plugin. -->","yoast_head_json":{"title":"Webinaires pass\u00e9s | ABLE2","robots":{"index":"index","follow":"follow","max-snippet":"max-snippet:-1","max-image-preview":"max-image-preview:large","max-video-preview":"max-video-preview:-1"},"canonical":"https:\/\/www.able2.org\/fr\/webinaires-passes\/","og_locale":"fr_FR","og_type":"article","og_title":"Webinaires pass\u00e9s | ABLE2","og_url":"https:\/\/www.able2.org\/fr\/webinaires-passes\/","og_site_name":"ABLE2","article_modified_time":"2024-06-03T20:58:19+00:00","twitter_card":"summary_large_image","schema":{"@context":"https:\/\/schema.org","@graph":[{"@type":"WebPage","@id":"https:\/\/www.able2.org\/fr\/webinaires-passes\/","url":"https:\/\/www.able2.org\/fr\/webinaires-passes\/","name":"Webinaires pass\u00e9s | ABLE2","isPartOf":{"@id":"https:\/\/www.able2.org\/#website"},"datePublished":"2024-05-23T17:52:20+00:00","dateModified":"2024-06-03T20:58:19+00:00","breadcrumb":{"@id":"https:\/\/www.able2.org\/fr\/webinaires-passes\/#breadcrumb"},"inLanguage":"fr-FR","potentialAction":[{"@type":"ReadAction","target":["https:\/\/www.able2.org\/fr\/webinaires-passes\/"]}]},{"@type":"BreadcrumbList","@id":"https:\/\/www.able2.org\/fr\/webinaires-passes\/#breadcrumb","itemListElement":[{"@type":"ListItem","position":1,"name":"Home","item":"https:\/\/www.able2.org\/fr\/accueil\/"},{"@type":"ListItem","position":2,"name":"Webinaires pass\u00e9s"}]},{"@type":"WebSite","@id":"https:\/\/www.able2.org\/#website","url":"https:\/\/www.able2.org\/","name":"ABLE2","description":"","publisher":{"@id":"https:\/\/www.able2.org\/#organization"},"potentialAction":[{"@type":"SearchAction","target":{"@type":"EntryPoint","urlTemplate":"https:\/\/www.able2.org\/?s={search_term_string}"},"query-input":"required name=search_term_string"}],"inLanguage":"fr-FR"},{"@type":"Organization","@id":"https:\/\/www.able2.org\/#organization","name":"ABLE2","url":"https:\/\/www.able2.org\/","logo":{"@type":"ImageObject","inLanguage":"fr-FR","@id":"https:\/\/www.able2.org\/#\/schema\/logo\/image\/","url":"https:\/\/www.able2.org\/wp-content\/uploads\/2020\/05\/logo.png","contentUrl":"https:\/\/www.able2.org\/wp-content\/uploads\/2020\/05\/logo.png","width":528,"height":137,"caption":"ABLE2"},"image":{"@id":"https:\/\/www.able2.org\/#\/schema\/logo\/image\/"}}]}},"_links":{"self":[{"href":"https:\/\/www.able2.org\/fr\/wp-json\/wp\/v2\/pages\/16999"}],"collection":[{"href":"https:\/\/www.able2.org\/fr\/wp-json\/wp\/v2\/pages"}],"about":[{"href":"https:\/\/www.able2.org\/fr\/wp-json\/wp\/v2\/types\/page"}],"author":[{"embeddable":true,"href":"https:\/\/www.able2.org\/fr\/wp-json\/wp\/v2\/users\/1"}],"replies":[{"embeddable":true,"href":"https:\/\/www.able2.org\/fr\/wp-json\/wp\/v2\/comments?post=16999"}],"version-history":[{"count":8,"href":"https:\/\/www.able2.org\/fr\/wp-json\/wp\/v2\/pages\/16999\/revisions"}],"predecessor-version":[{"id":17849,"href":"https:\/\/www.able2.org\/fr\/wp-json\/wp\/v2\/pages\/16999\/revisions\/17849"}],"wp:attachment":[{"href":"https:\/\/www.able2.org\/fr\/wp-json\/wp\/v2\/media?parent=16999"}],"curies":[{"name":"wp","href":"https:\/\/api.w.org\/{rel}","templated":true}]}}