{"id":1695,"date":"2020-07-03T08:53:02","date_gmt":"2020-07-03T12:53:02","guid":{"rendered":"https:\/\/www.able2.org\/fasd-awareness-walk-registration\/"},"modified":"2021-09-06T20:17:53","modified_gmt":"2021-09-07T00:17:53","slug":"fasd-awareness-walk-registration","status":"publish","type":"page","link":"https:\/\/www.able2.org\/fr\/fasd-awareness-walk-registration\/","title":{"rendered":"Inscription \u00e0 la Marche de sensibilisation TSAF"},"content":{"rendered":"\n<p>La participation \u00e0 la Marche de sensibilisation TSAF de 2021 est gratuite. Vous n\u2019avez qu\u2019\u00e0 nous confirmer votre pr\u00e9sence pour r\u00e9server une place.<\/p>\n\n\n\n<p>NOTE IMPORTANTE. Nous sommes d\u00e9termin\u00e9s \u00e0 fournir un environnement s\u00fbr pendant cet \u00e9v\u00e9nement et nous respecterons les protocoles de la sant\u00e9 publique pour nous assurer de minimiser tout risque li\u00e9 \u00e0 la COVID-19. Cet \u00e9v\u00e9nement se conformera aux lignes directrices locales et provinciales en vigueur au moment o\u00f9 il aura lieu.<\/p>\n\n\n\n<p><strong>Inscrivez-vous maintenant<\/strong><\/p>\n\n\n\n<p>Notez que vous devez remplir enti\u00e8rement le formulaire et cliquer sur le bouton \u00ab&nbsp;Soumettre&nbsp;\u00bb afin de terminer votre inscription. Vous recevrez un courriel confirmant votre inscription une fois qu\u2019elle est compl\u00e9t\u00e9e. Si vous n\u2019avez pas re\u00e7u de courriel, veuillez nous contacter \u00e0 <a href=\"mailto:events@able.org\">events@able.org<\/a> afin d\u2019obtenir de l\u2019aide \u00e0 l\u2019inscription.<\/p>\n\n\n\n<div class=\"wp-block-buttons is-layout-flex wp-block-buttons-is-layout-flex\">\n<div class=\"wp-block-button\"><a class=\"wp-block-button__link has-background has-vivid-red-background-color no-border-radius\">Inscription ferm\u00e9e<\/a><\/div>\n<\/div>\n\n\n\n<p>Ces ressources et outils gratuits sont offerts aux participants \u00e0 l\u2019\u00e9v\u00e9nement et aux m\u00e9dias. Jetez-y un coup d\u2019\u0153il!<\/p>\n\n\n\n<div class=\"wp-block-buttons is-layout-flex wp-block-buttons-is-layout-flex\">\n<div class=\"wp-block-button\"><a class=\"wp-block-button__link has-text-color has-background no-border-radius\" href=\"https:\/\/www.able2.org\/fr\/trousse-doutils-des-participants\/\" style=\"background-color:#f4ac10;color:#031313\">Trousse d\u2019outils des participants<\/a><\/div>\n\n\n\n<div class=\"wp-block-button\"><a class=\"wp-block-button__link has-text-color has-background no-border-radius\" href=\"https:\/\/www.able2.org\/fr\/media\/\" style=\"background-color:#00b9c6;color:#031313\">Trousse d\u2019outils des m\u00e9dias<\/a><\/div>\n<\/div>\n\n\n\n<p>Ne manquez pas de parcourir <a href=\"https:\/\/www.able2.org\/fr\/past-events\/\">notre galerie de photos d\u2019\u00e9v\u00e9nements ant\u00e9rieurs.<\/a><\/p>\n","protected":false},"excerpt":{"rendered":"<p>La participation \u00e0 la Marche de sensibilisation TSAF de 2021 est gratuite. Vous n\u2019avez qu\u2019\u00e0 nous confirmer votre pr\u00e9sence pour r\u00e9server une place. NOTE IMPORTANTE. Nous sommes d\u00e9termin\u00e9s \u00e0 fournir un environnement s\u00fbr pendant cet \u00e9v\u00e9nement et nous respecterons les protocoles de la sant\u00e9 publique pour nous assurer de minimiser tout risque li\u00e9 \u00e0 la [&hellip;]<\/p>\n","protected":false},"author":3,"featured_media":1763,"parent":0,"menu_order":0,"comment_status":"closed","ping_status":"closed","template":"page-templates\/page-sidebar.php","meta":{"_acf_changed":false,"footnotes":""},"acf":[],"yoast_head":"<!-- This site is optimized with the Yoast SEO plugin v22.8 - https:\/\/yoast.com\/wordpress\/plugins\/seo\/ -->\n<title>Inscription \u00e0 la Marche de sensibilisation TSAF | ABLE2<\/title>\n<meta name=\"robots\" content=\"index, follow, max-snippet:-1, max-image-preview:large, max-video-preview:-1\" \/>\n<link rel=\"canonical\" href=\"https:\/\/www.able2.org\/fr\/fasd-awareness-walk-registration\/\" \/>\n<meta property=\"og:locale\" content=\"fr_FR\" \/>\n<meta property=\"og:type\" content=\"article\" \/>\n<meta property=\"og:title\" content=\"Inscription \u00e0 la Marche de sensibilisation TSAF | ABLE2\" \/>\n<meta property=\"og:description\" content=\"La participation \u00e0 la Marche de sensibilisation TSAF de 2021 est gratuite. Vous n\u2019avez qu\u2019\u00e0 nous confirmer votre pr\u00e9sence pour r\u00e9server une place. NOTE IMPORTANTE. Nous sommes d\u00e9termin\u00e9s \u00e0 fournir un environnement s\u00fbr pendant cet \u00e9v\u00e9nement et nous respecterons les protocoles de la sant\u00e9 publique pour nous assurer de minimiser tout risque li\u00e9 \u00e0 la [&hellip;]\" \/>\n<meta property=\"og:url\" content=\"https:\/\/www.able2.org\/fr\/fasd-awareness-walk-registration\/\" \/>\n<meta property=\"og:site_name\" content=\"ABLE2\" \/>\n<meta property=\"article:modified_time\" content=\"2021-09-07T00:17:53+00:00\" \/>\n<meta property=\"og:image\" content=\"https:\/\/www.able2.org\/wp-content\/uploads\/2020\/08\/Small-A2-FASDWalkLogo-FR-Web-1080.png\" \/>\n\t<meta property=\"og:image:width\" content=\"1920\" \/>\n\t<meta property=\"og:image:height\" content=\"1080\" \/>\n\t<meta property=\"og:image:type\" content=\"image\/png\" \/>\n<meta name=\"twitter:card\" content=\"summary_large_image\" \/>\n<meta name=\"twitter:label1\" content=\"Dur\u00e9e de lecture estim\u00e9e\" \/>\n\t<meta name=\"twitter:data1\" content=\"1 minute\" \/>\n<script type=\"application\/ld+json\" class=\"yoast-schema-graph\">{\"@context\":\"https:\/\/schema.org\",\"@graph\":[{\"@type\":\"WebPage\",\"@id\":\"https:\/\/www.able2.org\/fr\/fasd-awareness-walk-registration\/\",\"url\":\"https:\/\/www.able2.org\/fr\/fasd-awareness-walk-registration\/\",\"name\":\"Inscription \u00e0 la Marche de sensibilisation TSAF | ABLE2\",\"isPartOf\":{\"@id\":\"https:\/\/www.able2.org\/#website\"},\"primaryImageOfPage\":{\"@id\":\"https:\/\/www.able2.org\/fr\/fasd-awareness-walk-registration\/#primaryimage\"},\"image\":{\"@id\":\"https:\/\/www.able2.org\/fr\/fasd-awareness-walk-registration\/#primaryimage\"},\"thumbnailUrl\":\"https:\/\/www.able2.org\/wp-content\/uploads\/2020\/08\/Small-A2-FASDWalkLogo-FR-Web-1080.png\",\"datePublished\":\"2020-07-03T12:53:02+00:00\",\"dateModified\":\"2021-09-07T00:17:53+00:00\",\"breadcrumb\":{\"@id\":\"https:\/\/www.able2.org\/fr\/fasd-awareness-walk-registration\/#breadcrumb\"},\"inLanguage\":\"fr-FR\",\"potentialAction\":[{\"@type\":\"ReadAction\",\"target\":[\"https:\/\/www.able2.org\/fr\/fasd-awareness-walk-registration\/\"]}]},{\"@type\":\"ImageObject\",\"inLanguage\":\"fr-FR\",\"@id\":\"https:\/\/www.able2.org\/fr\/fasd-awareness-walk-registration\/#primaryimage\",\"url\":\"https:\/\/www.able2.org\/wp-content\/uploads\/2020\/08\/Small-A2-FASDWalkLogo-FR-Web-1080.png\",\"contentUrl\":\"https:\/\/www.able2.org\/wp-content\/uploads\/2020\/08\/Small-A2-FASDWalkLogo-FR-Web-1080.png\",\"width\":1920,\"height\":1080},{\"@type\":\"BreadcrumbList\",\"@id\":\"https:\/\/www.able2.org\/fr\/fasd-awareness-walk-registration\/#breadcrumb\",\"itemListElement\":[{\"@type\":\"ListItem\",\"position\":1,\"name\":\"Home\",\"item\":\"https:\/\/www.able2.org\/fr\/accueil\/\"},{\"@type\":\"ListItem\",\"position\":2,\"name\":\"Inscription \u00e0 la Marche de sensibilisation TSAF\"}]},{\"@type\":\"WebSite\",\"@id\":\"https:\/\/www.able2.org\/#website\",\"url\":\"https:\/\/www.able2.org\/\",\"name\":\"ABLE2\",\"description\":\"\",\"publisher\":{\"@id\":\"https:\/\/www.able2.org\/#organization\"},\"potentialAction\":[{\"@type\":\"SearchAction\",\"target\":{\"@type\":\"EntryPoint\",\"urlTemplate\":\"https:\/\/www.able2.org\/?s={search_term_string}\"},\"query-input\":\"required name=search_term_string\"}],\"inLanguage\":\"fr-FR\"},{\"@type\":\"Organization\",\"@id\":\"https:\/\/www.able2.org\/#organization\",\"name\":\"ABLE2\",\"url\":\"https:\/\/www.able2.org\/\",\"logo\":{\"@type\":\"ImageObject\",\"inLanguage\":\"fr-FR\",\"@id\":\"https:\/\/www.able2.org\/#\/schema\/logo\/image\/\",\"url\":\"https:\/\/www.able2.org\/wp-content\/uploads\/2020\/05\/logo.png\",\"contentUrl\":\"https:\/\/www.able2.org\/wp-content\/uploads\/2020\/05\/logo.png\",\"width\":528,\"height\":137,\"caption\":\"ABLE2\"},\"image\":{\"@id\":\"https:\/\/www.able2.org\/#\/schema\/logo\/image\/\"}}]}<\/script>\n<!-- \/ Yoast SEO plugin. -->","yoast_head_json":{"title":"Inscription \u00e0 la Marche de sensibilisation TSAF | ABLE2","robots":{"index":"index","follow":"follow","max-snippet":"max-snippet:-1","max-image-preview":"max-image-preview:large","max-video-preview":"max-video-preview:-1"},"canonical":"https:\/\/www.able2.org\/fr\/fasd-awareness-walk-registration\/","og_locale":"fr_FR","og_type":"article","og_title":"Inscription \u00e0 la Marche de sensibilisation TSAF | ABLE2","og_description":"La participation \u00e0 la Marche de sensibilisation TSAF de 2021 est gratuite. Vous n\u2019avez qu\u2019\u00e0 nous confirmer votre pr\u00e9sence pour r\u00e9server une place. NOTE IMPORTANTE. Nous sommes d\u00e9termin\u00e9s \u00e0 fournir un environnement s\u00fbr pendant cet \u00e9v\u00e9nement et nous respecterons les protocoles de la sant\u00e9 publique pour nous assurer de minimiser tout risque li\u00e9 \u00e0 la [&hellip;]","og_url":"https:\/\/www.able2.org\/fr\/fasd-awareness-walk-registration\/","og_site_name":"ABLE2","article_modified_time":"2021-09-07T00:17:53+00:00","og_image":[{"width":1920,"height":1080,"url":"https:\/\/www.able2.org\/wp-content\/uploads\/2020\/08\/Small-A2-FASDWalkLogo-FR-Web-1080.png","type":"image\/png"}],"twitter_card":"summary_large_image","twitter_misc":{"Dur\u00e9e de lecture estim\u00e9e":"1 minute"},"schema":{"@context":"https:\/\/schema.org","@graph":[{"@type":"WebPage","@id":"https:\/\/www.able2.org\/fr\/fasd-awareness-walk-registration\/","url":"https:\/\/www.able2.org\/fr\/fasd-awareness-walk-registration\/","name":"Inscription \u00e0 la Marche de sensibilisation TSAF | ABLE2","isPartOf":{"@id":"https:\/\/www.able2.org\/#website"},"primaryImageOfPage":{"@id":"https:\/\/www.able2.org\/fr\/fasd-awareness-walk-registration\/#primaryimage"},"image":{"@id":"https:\/\/www.able2.org\/fr\/fasd-awareness-walk-registration\/#primaryimage"},"thumbnailUrl":"https:\/\/www.able2.org\/wp-content\/uploads\/2020\/08\/Small-A2-FASDWalkLogo-FR-Web-1080.png","datePublished":"2020-07-03T12:53:02+00:00","dateModified":"2021-09-07T00:17:53+00:00","breadcrumb":{"@id":"https:\/\/www.able2.org\/fr\/fasd-awareness-walk-registration\/#breadcrumb"},"inLanguage":"fr-FR","potentialAction":[{"@type":"ReadAction","target":["https:\/\/www.able2.org\/fr\/fasd-awareness-walk-registration\/"]}]},{"@type":"ImageObject","inLanguage":"fr-FR","@id":"https:\/\/www.able2.org\/fr\/fasd-awareness-walk-registration\/#primaryimage","url":"https:\/\/www.able2.org\/wp-content\/uploads\/2020\/08\/Small-A2-FASDWalkLogo-FR-Web-1080.png","contentUrl":"https:\/\/www.able2.org\/wp-content\/uploads\/2020\/08\/Small-A2-FASDWalkLogo-FR-Web-1080.png","width":1920,"height":1080},{"@type":"BreadcrumbList","@id":"https:\/\/www.able2.org\/fr\/fasd-awareness-walk-registration\/#breadcrumb","itemListElement":[{"@type":"ListItem","position":1,"name":"Home","item":"https:\/\/www.able2.org\/fr\/accueil\/"},{"@type":"ListItem","position":2,"name":"Inscription \u00e0 la Marche de sensibilisation TSAF"}]},{"@type":"WebSite","@id":"https:\/\/www.able2.org\/#website","url":"https:\/\/www.able2.org\/","name":"ABLE2","description":"","publisher":{"@id":"https:\/\/www.able2.org\/#organization"},"potentialAction":[{"@type":"SearchAction","target":{"@type":"EntryPoint","urlTemplate":"https:\/\/www.able2.org\/?s={search_term_string}"},"query-input":"required name=search_term_string"}],"inLanguage":"fr-FR"},{"@type":"Organization","@id":"https:\/\/www.able2.org\/#organization","name":"ABLE2","url":"https:\/\/www.able2.org\/","logo":{"@type":"ImageObject","inLanguage":"fr-FR","@id":"https:\/\/www.able2.org\/#\/schema\/logo\/image\/","url":"https:\/\/www.able2.org\/wp-content\/uploads\/2020\/05\/logo.png","contentUrl":"https:\/\/www.able2.org\/wp-content\/uploads\/2020\/05\/logo.png","width":528,"height":137,"caption":"ABLE2"},"image":{"@id":"https:\/\/www.able2.org\/#\/schema\/logo\/image\/"}}]}},"_links":{"self":[{"href":"https:\/\/www.able2.org\/fr\/wp-json\/wp\/v2\/pages\/1695"}],"collection":[{"href":"https:\/\/www.able2.org\/fr\/wp-json\/wp\/v2\/pages"}],"about":[{"href":"https:\/\/www.able2.org\/fr\/wp-json\/wp\/v2\/types\/page"}],"author":[{"embeddable":true,"href":"https:\/\/www.able2.org\/fr\/wp-json\/wp\/v2\/users\/3"}],"replies":[{"embeddable":true,"href":"https:\/\/www.able2.org\/fr\/wp-json\/wp\/v2\/comments?post=1695"}],"version-history":[{"count":20,"href":"https:\/\/www.able2.org\/fr\/wp-json\/wp\/v2\/pages\/1695\/revisions"}],"predecessor-version":[{"id":4281,"href":"https:\/\/www.able2.org\/fr\/wp-json\/wp\/v2\/pages\/1695\/revisions\/4281"}],"wp:featuredmedia":[{"embeddable":true,"href":"https:\/\/www.able2.org\/fr\/wp-json\/wp\/v2\/media\/1763"}],"wp:attachment":[{"href":"https:\/\/www.able2.org\/fr\/wp-json\/wp\/v2\/media?parent=1695"}],"curies":[{"name":"wp","href":"https:\/\/api.w.org\/{rel}","templated":true}]}}