{"id":16469,"date":"2024-04-09T10:33:16","date_gmt":"2024-04-09T14:33:16","guid":{"rendered":"https:\/\/www.able2.org\/our-team\/"},"modified":"2026-03-12T16:58:55","modified_gmt":"2026-03-12T20:58:55","slug":"notre-equipe","status":"publish","type":"page","link":"https:\/\/www.able2.org\/fr\/notre-equipe\/","title":{"rendered":"Notre \u00e9quipe"},"content":{"rendered":"\n<p><\/p>\n\n\n\n<p><strong><strong>\u00c9<\/strong>quipe de direction<\/strong><\/p>\n\n\n\n<ul>\n<li>Heather Lacey, Executive Director (ext. 225)<\/li>\n\n\n\n<li>Kathleen Lee, Executive Assistant &amp; Database Manager (ext. 226)<\/li>\n\n\n\n<li>Debra Munroe, Executive Assistant (ext. 251)<\/li>\n\n\n\n<li>Helen Yu, Finance Officer (ext. 247)<\/li>\n<\/ul>\n\n\n\n<p><\/p>\n\n\n\n<p><strong><strong>D\u00e9veloppement et engagement communautaire<\/strong><\/strong><\/p>\n\n\n\n<ul>\n<li>Jessica Franklin, Development &amp; Community Engagement Administrative Assistant (ext. 235)<\/li>\n\n\n\n<li>Emelou Porquez, Communications Officer (ext. 242)<\/li>\n\n\n\n<li>Jacqueline Searle, Fundraising &amp; Events Officer (ext. 417)<\/li>\n\n\n\n<li>Cameo Ferguson, Volunteer Coordinator (ext. 239)<\/li>\n<\/ul>\n\n\n\n<p><\/p>\n\n\n\n<p><strong><strong><strong>\u00c9<\/strong>quipe des programme<\/strong><\/strong>s<\/p>\n\n\n\n<ul>\n<li>Thony Jean-Baptiste, Director of Programs (ext. 228)<\/li>\n\n\n\n<li>Michael Song, Programs Manager (ext. 231)<\/li>\n<\/ul>\n\n\n\n<p><strong>Services de r\u00e9f\u00e9rence juridique<\/strong><\/p>\n\n\n\n<ul>\n<li>Scott Mainprize, Manager, Reach Legal Referral Services <\/li>\n<\/ul>\n\n\n\n<p><strong>Programme de jumelage<\/strong><\/p>\n\n\n\n<ul>\n<li>Azra Alibhai, Social Worker (ext. 224)<\/li>\n\n\n\n<li>Lenka Stevanovic, Social Worker (ext. 223)<\/li>\n\n\n\n<li>Tyler Eisan, Matching Program Worker (ext. 218)<\/li>\n<\/ul>\n\n\n\n<p><\/p>\n\n\n\n<p><strong>Programme de ressources sur l\u2019alcoolisation f\u0153tale<\/strong> <strong>(FARP)<\/strong><\/p>\n\n\n\n<ul>\n<li>Sara Rafiei, FASD Worker (ext. 408)<\/li>\n\n\n\n<li>Courtney MacDonald, FASD Worker (ext. 248)<\/li>\n<\/ul>\n\n\n\n<p><\/p>\n\n\n\n<p><strong>Programme de protection des adultes (APSW)<\/strong><\/p>\n\n\n\n<ul>\n<li>Taylor Sachs, Planning Facilitator (ext. 255)<\/li>\n\n\n\n<li>Patricia Smith, Planning Facilitator (ext. 237)<\/li>\n<\/ul>\n\n\n\n<p><strong>Programme de cortage de fonds <\/strong><\/p>\n\n\n\n<div style=\"height:50px\" aria-hidden=\"true\" class=\"wp-block-spacer\"><\/div>\n\n\n    <section class=\"container sm:flex\">\n                                <article class=\"card sm:w-1\/3\">\n                <a href=\"https:\/\/www.able2.org\/fr\/faites-un-don\/\" class=\"block h-full\">\n                    <h2 class=\"card__title\">Ayez un impact durable en devenant un donateur mensuel \u2063\u2063<\/h2>\n                    <div class=\"card__img-container\">\n                        <img decoding=\"async\" src=\"https:\/\/www.able2.org\/wp-content\/uploads\/2024\/04\/2About-OurHistory-Bucket-MonthlyDonor-300x174.png\" srcset=\"https:\/\/www.able2.org\/wp-content\/uploads\/2024\/04\/2About-OurHistory-Bucket-MonthlyDonor-300x174.png 300w, https:\/\/www.able2.org\/wp-content\/uploads\/2024\/04\/2About-OurHistory-Bucket-MonthlyDonor-1024x594.png 1024w, https:\/\/www.able2.org\/wp-content\/uploads\/2024\/04\/2About-OurHistory-Bucket-MonthlyDonor-768x446.png 768w, https:\/\/www.able2.org\/wp-content\/uploads\/2024\/04\/2About-OurHistory-Bucket-MonthlyDonor.png 1329w\" sizes=\"(max-width: 640px) 100vw, 640px\" alt=\"\" class=\"card__img\">\n                    <\/div>\n                    <p class=\"card__text\">Votre don aide les personnes\u00a0 vivant avec un handicap \u00e0 acqu\u00e9rir de nouvelles<\/p>\n                <\/a>\n            <\/article>\n                                            <article class=\"card card--yellow sm:w-1\/3\">\n                <a href=\"https:\/\/www.able2.org\/fr\/nos-histoires\/\" class=\"block h-full\">\n                    <h2 class=\"card__title\">Apprenez en plus sur comment votre contribution permet de changer des vies<\/h2>\n                    <div class=\"card__img-container\">\n                        <img decoding=\"async\" src=\"https:\/\/www.able2.org\/wp-content\/uploads\/2024\/04\/1About-Bucket-History-300x174.png\" srcset=\"https:\/\/www.able2.org\/wp-content\/uploads\/2024\/04\/1About-Bucket-History-300x174.png 300w, https:\/\/www.able2.org\/wp-content\/uploads\/2024\/04\/1About-Bucket-History-1024x594.png 1024w, https:\/\/www.able2.org\/wp-content\/uploads\/2024\/04\/1About-Bucket-History-768x446.png 768w, https:\/\/www.able2.org\/wp-content\/uploads\/2024\/04\/1About-Bucket-History.png 1329w\" sizes=\"(max-width: 640px) 100vw, 640px\" alt=\"\" class=\"card__img\">\n                    <\/div>\n                    <p class=\"card__text\">Apprenez-en plus sur les histoires des utilisateurs de\u00a0 programmes, des b\u00e9n\u00e9voles et des d\u00e9fenseurs du milieu\u00a0communautaire.<\/p>\n                <\/a>\n            <\/article>\n                                            <article class=\"card sm:w-1\/3\">\n                <a href=\"https:\/\/www.able2.org\/fr\/faire-du-benevolat-avec-able2\/\" class=\"block h-full\">\n                    <h2 class=\"card__title\">B\u00e9n\u00e9vole\u2063<\/h2>\n                    <div class=\"card__img-container\">\n                        <img decoding=\"async\" src=\"https:\/\/www.able2.org\/wp-content\/uploads\/2024\/05\/DonateBucket-May2024-300x174.jpg\" srcset=\"https:\/\/www.able2.org\/wp-content\/uploads\/2024\/05\/DonateBucket-May2024-300x174.jpg 300w, https:\/\/www.able2.org\/wp-content\/uploads\/2024\/05\/DonateBucket-May2024-1024x594.jpg 1024w, https:\/\/www.able2.org\/wp-content\/uploads\/2024\/05\/DonateBucket-May2024-768x446.jpg 768w, https:\/\/www.able2.org\/wp-content\/uploads\/2024\/05\/DonateBucket-May2024.jpg 1329w\" sizes=\"(max-width: 640px) 100vw, 640px\" alt=\"\" class=\"card__img\">\n                    <\/div>\n                    <p class=\"card__text\">Lorsque vous faites du\u00a0b\u00e9n\u00e9volat, vous contribuez \u00e0\u00a0r\u00e9duire la solitude et\u00a0l\u2019isolement social v\u00e9cus par\u00a0de nombreuses personnes<\/p>\n                <\/a>\n            <\/article>\n                        <\/section>\n","protected":false},"excerpt":{"rendered":"<p>\u00c9quipe de direction D\u00e9veloppement et engagement communautaire \u00c9quipe des programmes Services de r\u00e9f\u00e9rence juridique Programme de jumelage Programme de ressources sur l\u2019alcoolisation f\u0153tale (FARP) Programme de protection des adultes (APSW) Programme de cortage de fonds<\/p>\n","protected":false},"author":1,"featured_media":0,"parent":0,"menu_order":0,"comment_status":"closed","ping_status":"closed","template":"page-templates\/page-no_sidebar.php","meta":{"_acf_changed":false,"footnotes":""},"acf":[],"yoast_head":"<!-- This site is optimized with the Yoast SEO plugin v22.8 - https:\/\/yoast.com\/wordpress\/plugins\/seo\/ -->\n<title>Notre \u00e9quipe | ABLE2<\/title>\n<meta name=\"robots\" content=\"index, follow, max-snippet:-1, max-image-preview:large, max-video-preview:-1\" \/>\n<link rel=\"canonical\" href=\"https:\/\/www.able2.org\/fr\/notre-equipe\/\" \/>\n<meta property=\"og:locale\" content=\"fr_FR\" \/>\n<meta property=\"og:type\" content=\"article\" \/>\n<meta property=\"og:title\" content=\"Notre \u00e9quipe | ABLE2\" \/>\n<meta property=\"og:description\" content=\"\u00c9quipe de direction D\u00e9veloppement et engagement communautaire \u00c9quipe des programmes Services de r\u00e9f\u00e9rence juridique Programme de jumelage Programme de ressources sur l\u2019alcoolisation f\u0153tale (FARP) Programme de protection des adultes (APSW) Programme de cortage de fonds\" \/>\n<meta property=\"og:url\" content=\"https:\/\/www.able2.org\/fr\/notre-equipe\/\" \/>\n<meta property=\"og:site_name\" content=\"ABLE2\" \/>\n<meta property=\"article:modified_time\" content=\"2026-03-12T20:58:55+00:00\" \/>\n<meta name=\"twitter:card\" content=\"summary_large_image\" \/>\n<meta name=\"twitter:label1\" content=\"Dur\u00e9e de lecture estim\u00e9e\" \/>\n\t<meta name=\"twitter:data1\" content=\"1 minute\" \/>\n<script type=\"application\/ld+json\" class=\"yoast-schema-graph\">{\"@context\":\"https:\/\/schema.org\",\"@graph\":[{\"@type\":\"WebPage\",\"@id\":\"https:\/\/www.able2.org\/fr\/notre-equipe\/\",\"url\":\"https:\/\/www.able2.org\/fr\/notre-equipe\/\",\"name\":\"Notre \u00e9quipe | ABLE2\",\"isPartOf\":{\"@id\":\"https:\/\/www.able2.org\/#website\"},\"datePublished\":\"2024-04-09T14:33:16+00:00\",\"dateModified\":\"2026-03-12T20:58:55+00:00\",\"breadcrumb\":{\"@id\":\"https:\/\/www.able2.org\/fr\/notre-equipe\/#breadcrumb\"},\"inLanguage\":\"fr-FR\",\"potentialAction\":[{\"@type\":\"ReadAction\",\"target\":[\"https:\/\/www.able2.org\/fr\/notre-equipe\/\"]}]},{\"@type\":\"BreadcrumbList\",\"@id\":\"https:\/\/www.able2.org\/fr\/notre-equipe\/#breadcrumb\",\"itemListElement\":[{\"@type\":\"ListItem\",\"position\":1,\"name\":\"Home\",\"item\":\"https:\/\/www.able2.org\/fr\/accueil\/\"},{\"@type\":\"ListItem\",\"position\":2,\"name\":\"Notre \u00e9quipe\"}]},{\"@type\":\"WebSite\",\"@id\":\"https:\/\/www.able2.org\/#website\",\"url\":\"https:\/\/www.able2.org\/\",\"name\":\"ABLE2\",\"description\":\"\",\"publisher\":{\"@id\":\"https:\/\/www.able2.org\/#organization\"},\"potentialAction\":[{\"@type\":\"SearchAction\",\"target\":{\"@type\":\"EntryPoint\",\"urlTemplate\":\"https:\/\/www.able2.org\/?s={search_term_string}\"},\"query-input\":\"required name=search_term_string\"}],\"inLanguage\":\"fr-FR\"},{\"@type\":\"Organization\",\"@id\":\"https:\/\/www.able2.org\/#organization\",\"name\":\"ABLE2\",\"url\":\"https:\/\/www.able2.org\/\",\"logo\":{\"@type\":\"ImageObject\",\"inLanguage\":\"fr-FR\",\"@id\":\"https:\/\/www.able2.org\/#\/schema\/logo\/image\/\",\"url\":\"https:\/\/www.able2.org\/wp-content\/uploads\/2020\/05\/logo.png\",\"contentUrl\":\"https:\/\/www.able2.org\/wp-content\/uploads\/2020\/05\/logo.png\",\"width\":528,\"height\":137,\"caption\":\"ABLE2\"},\"image\":{\"@id\":\"https:\/\/www.able2.org\/#\/schema\/logo\/image\/\"}}]}<\/script>\n<!-- \/ Yoast SEO plugin. -->","yoast_head_json":{"title":"Notre \u00e9quipe | ABLE2","robots":{"index":"index","follow":"follow","max-snippet":"max-snippet:-1","max-image-preview":"max-image-preview:large","max-video-preview":"max-video-preview:-1"},"canonical":"https:\/\/www.able2.org\/fr\/notre-equipe\/","og_locale":"fr_FR","og_type":"article","og_title":"Notre \u00e9quipe | ABLE2","og_description":"\u00c9quipe de direction D\u00e9veloppement et engagement communautaire \u00c9quipe des programmes Services de r\u00e9f\u00e9rence juridique Programme de jumelage Programme de ressources sur l\u2019alcoolisation f\u0153tale (FARP) Programme de protection des adultes (APSW) Programme de cortage de fonds","og_url":"https:\/\/www.able2.org\/fr\/notre-equipe\/","og_site_name":"ABLE2","article_modified_time":"2026-03-12T20:58:55+00:00","twitter_card":"summary_large_image","twitter_misc":{"Dur\u00e9e de lecture estim\u00e9e":"1 minute"},"schema":{"@context":"https:\/\/schema.org","@graph":[{"@type":"WebPage","@id":"https:\/\/www.able2.org\/fr\/notre-equipe\/","url":"https:\/\/www.able2.org\/fr\/notre-equipe\/","name":"Notre \u00e9quipe | ABLE2","isPartOf":{"@id":"https:\/\/www.able2.org\/#website"},"datePublished":"2024-04-09T14:33:16+00:00","dateModified":"2026-03-12T20:58:55+00:00","breadcrumb":{"@id":"https:\/\/www.able2.org\/fr\/notre-equipe\/#breadcrumb"},"inLanguage":"fr-FR","potentialAction":[{"@type":"ReadAction","target":["https:\/\/www.able2.org\/fr\/notre-equipe\/"]}]},{"@type":"BreadcrumbList","@id":"https:\/\/www.able2.org\/fr\/notre-equipe\/#breadcrumb","itemListElement":[{"@type":"ListItem","position":1,"name":"Home","item":"https:\/\/www.able2.org\/fr\/accueil\/"},{"@type":"ListItem","position":2,"name":"Notre \u00e9quipe"}]},{"@type":"WebSite","@id":"https:\/\/www.able2.org\/#website","url":"https:\/\/www.able2.org\/","name":"ABLE2","description":"","publisher":{"@id":"https:\/\/www.able2.org\/#organization"},"potentialAction":[{"@type":"SearchAction","target":{"@type":"EntryPoint","urlTemplate":"https:\/\/www.able2.org\/?s={search_term_string}"},"query-input":"required name=search_term_string"}],"inLanguage":"fr-FR"},{"@type":"Organization","@id":"https:\/\/www.able2.org\/#organization","name":"ABLE2","url":"https:\/\/www.able2.org\/","logo":{"@type":"ImageObject","inLanguage":"fr-FR","@id":"https:\/\/www.able2.org\/#\/schema\/logo\/image\/","url":"https:\/\/www.able2.org\/wp-content\/uploads\/2020\/05\/logo.png","contentUrl":"https:\/\/www.able2.org\/wp-content\/uploads\/2020\/05\/logo.png","width":528,"height":137,"caption":"ABLE2"},"image":{"@id":"https:\/\/www.able2.org\/#\/schema\/logo\/image\/"}}]}},"_links":{"self":[{"href":"https:\/\/www.able2.org\/fr\/wp-json\/wp\/v2\/pages\/16469"}],"collection":[{"href":"https:\/\/www.able2.org\/fr\/wp-json\/wp\/v2\/pages"}],"about":[{"href":"https:\/\/www.able2.org\/fr\/wp-json\/wp\/v2\/types\/page"}],"author":[{"embeddable":true,"href":"https:\/\/www.able2.org\/fr\/wp-json\/wp\/v2\/users\/1"}],"replies":[{"embeddable":true,"href":"https:\/\/www.able2.org\/fr\/wp-json\/wp\/v2\/comments?post=16469"}],"version-history":[{"count":31,"href":"https:\/\/www.able2.org\/fr\/wp-json\/wp\/v2\/pages\/16469\/revisions"}],"predecessor-version":[{"id":23523,"href":"https:\/\/www.able2.org\/fr\/wp-json\/wp\/v2\/pages\/16469\/revisions\/23523"}],"wp:attachment":[{"href":"https:\/\/www.able2.org\/fr\/wp-json\/wp\/v2\/media?parent=16469"}],"curies":[{"name":"wp","href":"https:\/\/api.w.org\/{rel}","templated":true}]}}