{"id":1627,"date":"2020-08-06T11:15:03","date_gmt":"2020-08-06T15:15:03","guid":{"rendered":"https:\/\/www.able2.org\/information-pour-linscription-au-symposium-sur-le-tsaf\/"},"modified":"2023-01-17T17:02:35","modified_gmt":"2023-01-17T22:02:35","slug":"information-pour-linscription-au-symposium-sur-le-tsaf","status":"publish","type":"page","link":"https:\/\/www.able2.org\/fr\/information-pour-linscription-au-symposium-sur-le-tsaf\/","title":{"rendered":"Information pour l\u2019inscription au Symposium sur le TSAF"},"content":{"rendered":"\n<p>Le Symposium 2023 est un \u00e9v\u00e9nement virtuel. Les participants pourront y participer en ligne (virtuellement) depuis leur domicile ou leur bureau dans toutes les r\u00e9gions du Canada et des \u00c9tats-Unis. Ils auront aussi acc\u00e8s au contenu de la conf\u00e9rence pendant une semaine apr\u00e8s la fin de l\u2019\u00e9v\u00e9nement.<\/p>\n\n\n\n<p><strong>Frais d\u2019inscription<\/strong><\/p>\n\n\n\n<ul><li>Le tarif d\u2019inscription anticip\u00e9e est de <strong>109 $ CA <\/strong>et est en vigueur entre le 6 octobre et le 9 novembre 2022.<\/li><li>Le tarif normal est de&nbsp;<strong>149 $ CA<\/strong>&nbsp;et est disponible entre le 10 novembre 2022 et le 17 janvier 2023.<\/li><\/ul>\n\n\n\n<h4 class=\"has-vivid-red-color has-text-color wp-block-heading\">Les inscriptions prennent fin le vendredi 17 janvier 2023 \u00e0 17:00 heures.<\/h4>\n\n\n\n<p>Des bourses sont disponibles pour ceux qui ont une exp\u00e9rience v\u00e9cue. Veuillez contacter Michael Song \u00e0 l\u2019adresse courriel <a href=\"mailto:msong@able2.org\">msong@able2.org<\/a> pour plus de d\u00e9tails.<\/p>\n\n\n\n<p><strong>Les composantes de l\u2019inscription :<\/strong><\/p>\n\n\n\n<p>Les participants au Symposium auront acc\u00e8s \u00e0 :<\/p>\n\n\n\n<ul><li>Des pr\u00e9sentations en direct et pr\u00e9-enregistr\u00e9es sur demande*, ateliers* et petits groupes* sous la conduite des orateurs et des conf\u00e9renciers exp\u00e9riment\u00e9s.<\/li><li>Une salle d\u2019exposition virtuelle mettant en vedette les partenaires et les commanditaires de l\u2019\u00e9v\u00e9nement.<\/li><li>Des clavardages en direct, bavardages par vid\u00e9o et d\u2019autres outils de r\u00e9seautage.<\/li><li>Une liste compl\u00e8te des participants de la conf\u00e9rence.<\/li><li>Des ressources t\u00e9l\u00e9chargeables.<\/li><li>Des sondages.<\/li><li>De l\u2019assistance du bureau d \u2019aide.<\/li><\/ul>\n\n\n\n<p>Les participants auront acc\u00e8s \u00e0 la plate-forme d\u2019\u00e9v\u00e9nement virtuel peu de jours avant la conf\u00e9rence et pourront utiliser son contenu \u00e0 toutes les heures du jour et de la nuit jusqu\u2019au 2 f\u00e9vrier 2023.<\/p>\n\n\n\n<p><strong>*Avertissement<\/strong><\/p>\n\n\n\n<p>Certaines pr\u00e9sentations diffus\u00e9es lors de cette conf\u00e9rence peuvent contenir du mat\u00e9riel pouvant provoquer des r\u00e9actions ou s\u2019av\u00e9rer traumatisant pour certains t\u00e9l\u00e9spectateurs et des histoires sur la violence r\u00e9sultant de l\u2019intersection du handicap, de la pauvret\u00e9, du racisme, du sexisme et de la discrimination.<\/p>\n\n\n\n<p>Si le visionnement de ces vid\u00e9os engendre un inconfort ou de la d\u00e9tresse psychologique, vous \u00eates pri\u00e9s de joindre l\u2019\u00e9quipe du Programme de ressources sur l\u2019alcoolisation f\u0153tale (PRAF) afin d\u2019obtenir du soutien (<a href=\"mailto:fasd@able2.org\">fasd@able2.org<\/a>\u2009; au 613-761-9522 poste&nbsp;234) ou de communiquer avec les ressources suivantes&nbsp;:&nbsp;<strong><em>Centre de d\u00e9tresse d\u2019Ottawa et la r\u00e9gion<\/em><\/strong>, au 613-238-1089 (24\/7)\u2009;&nbsp;<strong><em>Services de crises du Canada<\/em><\/strong><strong>,<\/strong>&nbsp;1&nbsp;(833)&nbsp;456-4566\u2009(sans frais, 24\/7)\u2009; Soutien par texto&nbsp;: 45645 (4 p.m.-12 a.m. heure de l\u2019Est, tous les jours).<\/p>\n\n\n\n<p>Les enfants et les jeunes peuvent appeler un conseiller de la ligne d\u2019aide&nbsp;<strong><em>Jeunesse, J\u2019\u00e9coute<\/em><\/strong>&nbsp;au 1 (800)&nbsp;668-6868. Si vous avez d\u00e9j\u00e0 un travailleur social, psychologue ou psychiatre parmi votre \u00e9quipe de soins, veuillez communiquer directement avec eux. Les salles d\u2019urgence ont un travailleur social et un psychiatre de garde si vous avez besoin d\u2019une intervention plus imm\u00e9diate.<\/p>\n\n\n\n<p><strong>Politique d\u2019inscription au Symposium de 202<\/strong>3<\/p>\n\n\n\n<p>Le Symposium sur le TSAF a \u00e9t\u00e9 con\u00e7u comme un \u00e9v\u00e9nement totalement virtuel. L\u2019\u00e9dition virtuelle du symposium aura lieu sur une plate-forme technologique num\u00e9rique d\u2019\u00e9v\u00e9nement interactif. Les d\u00e9l\u00e9gu\u00e9s pourront participer de mani\u00e8re virtuelle \u00e0 partir de leur domicile ou leur bureau.<\/p>\n\n\n\n<p><strong>Changement d\u2019inscription<\/strong><\/p>\n\n\n\n<p>Les changements d\u2019inscription seront effectu\u00e9s gratuitement jusqu\u2019\u00e0 17 heures le mardi 3 janvier 2023. Apr\u00e8s cette date, toute modification sera assujettie \u00e0 des frais de 50$ CA. Aucun changement d\u2019inscription ne sera possible apr\u00e8s le 17 janvier 2023.<\/p>\n\n\n\n<p><strong>Annulations d\u2019inscription<\/strong><\/p>\n\n\n\n<p><strong><em>Si un participant souhaite annuler son inscription<\/em><\/strong> :<\/p>\n\n\n\n<p>Il n\u2019y a pas de remboursement pour les annulations. Cependant, l\u2019inscription peut \u00eatre transf\u00e9r\u00e9e \u00e0 une autre personne sans aucune p\u00e9nalit\u00e9 financi\u00e8re, si la demande de transfert est re\u00e7ue par \u00e9crit avant 17 heures le mardi 3 janvier 2023. Apr\u00e8s cette date, tout transfert d\u2019inscription sera assujetti \u00e0 des frais de 50$ CA. Aucun transfert ne sera permis apr\u00e8s le 17 janvier 2023.<\/p>\n\n\n\n<p><strong><em>Si ABLE2 annule ou reporte l\u2019\u00e9v\u00e8nement <\/em><\/strong>:<\/p>\n\n\n\n<p>Dans le cas peu probable o\u00f9 ABLE2 annule ou reporte l\u2019\u00e9v\u00e9nement \u00e0 une date ult\u00e9rieure, tous les frais d\u2019inscription seront temporairement retenus par ABLE2 jusqu\u2019\u00e0 ce qu\u2019une nouvelle date soit annonc\u00e9e. &nbsp;<\/p>\n\n\n\n<p><strong>Paiements<\/strong><\/p>\n\n\n\n<p>Les frais doivent \u00eatre pay\u00e9s int\u00e9gralement au moyen d\u2019une carte de cr\u00e9dit pendant l\u2019inscription. Les inscriptions seront trait\u00e9es en ligne et apparaitront sur votre relev\u00e9 de carte de cr\u00e9dit sous le nom de \u2018PAYPAL Citizen Advocacy\/ABLE2\u2019. Il n\u2019y a aucune taxe sur les frais d\u2019inscription pay\u00e9s pour cet \u00e9v\u00e9nement.<\/p>\n\n\n\n<p><strong>Questions au sujet de l\u2019inscription?<\/strong><\/p>\n\n\n\n<p>Contact : <a href=\"mailto:events@able2.org\" target=\"_blank\" rel=\"noreferrer noopener\">events@able2.org<\/a><\/p>\n\n\n\n<div style=\"height:20px\" aria-hidden=\"true\" class=\"wp-block-spacer\"><\/div>\n\n\n\n<div class=\"wp-block-buttons is-layout-flex wp-block-buttons-is-layout-flex\">\n<div class=\"wp-block-button\"><a class=\"wp-block-button__link has-black-color has-text-color has-background\" href=\"https:\/\/inevent.com\/en\/FASD-1628198342\/2023FASDVirtualSymposium\/hotsite.php#about\" style=\"border-radius:1px;background-color:#00b9c6\" target=\"_blank\" rel=\"noreferrer noopener\"><strong>Programme<\/strong><\/a><\/div>\n\n\n\n<div class=\"wp-block-button\"><a class=\"wp-block-button__link has-black-color has-text-color has-background\" href=\"https:\/\/www.able2.org\/fr\/fasd-symposium-whos-coming\/\" style=\"border-radius:1px;background-color:#f4ac0e\"><strong>Les organisations pr\u00e9sentes<\/strong><\/a><\/div>\n\n\n\n<div class=\"wp-block-button\"><a class=\"wp-block-button__link has-black-color has-text-color has-background\" href=\"https:\/\/www.able2.org\/fr\/opportunites-de-partenariat-tsaf\/\" style=\"border-radius:1px;background-color:#00b9c6\"><strong>Commanditare de l&rsquo;\u00e9v\u00e9nement<\/strong><\/a><\/div>\n\n\n\n<div class=\"wp-block-button\"><a class=\"wp-block-button__link has-black-color has-text-color has-background\" href=\"https:\/\/inevent.com\/en\/FASD-1628198342\/2023FASDVirtualSymposium\/hotsite.php#about\" style=\"border-radius:1px;background-color:#f4ac0e\" target=\"_blank\" rel=\"noreferrer noopener\"><strong>Conf\u00e9renciers<\/strong><\/a><\/div>\n<\/div>\n\n\n\n<p><\/p>\n","protected":false},"excerpt":{"rendered":"<p>Le Symposium 2023 est un \u00e9v\u00e9nement virtuel. Les participants pourront y participer en ligne (virtuellement) depuis leur domicile ou leur bureau dans toutes les r\u00e9gions du Canada et des \u00c9tats-Unis. Ils auront aussi acc\u00e8s au contenu de la conf\u00e9rence pendant une semaine apr\u00e8s la fin de l\u2019\u00e9v\u00e9nement. Frais d\u2019inscription Le tarif d\u2019inscription anticip\u00e9e est de [&hellip;]<\/p>\n","protected":false},"author":3,"featured_media":4216,"parent":0,"menu_order":0,"comment_status":"closed","ping_status":"closed","template":"page-templates\/page-sidebar.php","meta":{"_acf_changed":false,"footnotes":""},"acf":[],"yoast_head":"<!-- This site is optimized with the Yoast SEO plugin v22.8 - https:\/\/yoast.com\/wordpress\/plugins\/seo\/ -->\n<title>Information pour l\u2019inscription au Symposium sur le TSAF | ABLE2<\/title>\n<meta name=\"robots\" content=\"index, follow, max-snippet:-1, max-image-preview:large, max-video-preview:-1\" \/>\n<link rel=\"canonical\" href=\"https:\/\/www.able2.org\/fr\/information-pour-linscription-au-symposium-sur-le-tsaf\/\" \/>\n<meta property=\"og:locale\" content=\"fr_FR\" \/>\n<meta property=\"og:type\" content=\"article\" \/>\n<meta property=\"og:title\" content=\"Information pour l\u2019inscription au Symposium sur le TSAF | ABLE2\" \/>\n<meta property=\"og:description\" content=\"Le Symposium 2023 est un \u00e9v\u00e9nement virtuel. Les participants pourront y participer en ligne (virtuellement) depuis leur domicile ou leur bureau dans toutes les r\u00e9gions du Canada et des \u00c9tats-Unis. Ils auront aussi acc\u00e8s au contenu de la conf\u00e9rence pendant une semaine apr\u00e8s la fin de l\u2019\u00e9v\u00e9nement. Frais d\u2019inscription Le tarif d\u2019inscription anticip\u00e9e est de [&hellip;]\" \/>\n<meta property=\"og:url\" content=\"https:\/\/www.able2.org\/fr\/information-pour-linscription-au-symposium-sur-le-tsaf\/\" \/>\n<meta property=\"og:site_name\" content=\"ABLE2\" \/>\n<meta property=\"article:modified_time\" content=\"2023-01-17T22:02:35+00:00\" \/>\n<meta property=\"og:image\" content=\"https:\/\/www.able2.org\/wp-content\/uploads\/2021\/08\/FASD-Symposium-Banner_ConstContact1024_1.jpg\" \/>\n\t<meta property=\"og:image:width\" content=\"834\" \/>\n\t<meta property=\"og:image:height\" content=\"417\" \/>\n\t<meta property=\"og:image:type\" content=\"image\/jpeg\" \/>\n<meta name=\"twitter:card\" content=\"summary_large_image\" \/>\n<meta name=\"twitter:label1\" content=\"Dur\u00e9e de lecture estim\u00e9e\" \/>\n\t<meta name=\"twitter:data1\" content=\"3 minutes\" \/>\n<script type=\"application\/ld+json\" class=\"yoast-schema-graph\">{\"@context\":\"https:\/\/schema.org\",\"@graph\":[{\"@type\":\"WebPage\",\"@id\":\"https:\/\/www.able2.org\/fr\/information-pour-linscription-au-symposium-sur-le-tsaf\/\",\"url\":\"https:\/\/www.able2.org\/fr\/information-pour-linscription-au-symposium-sur-le-tsaf\/\",\"name\":\"Information pour l\u2019inscription au Symposium sur le TSAF | ABLE2\",\"isPartOf\":{\"@id\":\"https:\/\/www.able2.org\/#website\"},\"primaryImageOfPage\":{\"@id\":\"https:\/\/www.able2.org\/fr\/information-pour-linscription-au-symposium-sur-le-tsaf\/#primaryimage\"},\"image\":{\"@id\":\"https:\/\/www.able2.org\/fr\/information-pour-linscription-au-symposium-sur-le-tsaf\/#primaryimage\"},\"thumbnailUrl\":\"https:\/\/www.able2.org\/wp-content\/uploads\/2021\/08\/FASD-Symposium-Banner_ConstContact1024_1.jpg\",\"datePublished\":\"2020-08-06T15:15:03+00:00\",\"dateModified\":\"2023-01-17T22:02:35+00:00\",\"breadcrumb\":{\"@id\":\"https:\/\/www.able2.org\/fr\/information-pour-linscription-au-symposium-sur-le-tsaf\/#breadcrumb\"},\"inLanguage\":\"fr-FR\",\"potentialAction\":[{\"@type\":\"ReadAction\",\"target\":[\"https:\/\/www.able2.org\/fr\/information-pour-linscription-au-symposium-sur-le-tsaf\/\"]}]},{\"@type\":\"ImageObject\",\"inLanguage\":\"fr-FR\",\"@id\":\"https:\/\/www.able2.org\/fr\/information-pour-linscription-au-symposium-sur-le-tsaf\/#primaryimage\",\"url\":\"https:\/\/www.able2.org\/wp-content\/uploads\/2021\/08\/FASD-Symposium-Banner_ConstContact1024_1.jpg\",\"contentUrl\":\"https:\/\/www.able2.org\/wp-content\/uploads\/2021\/08\/FASD-Symposium-Banner_ConstContact1024_1.jpg\",\"width\":834,\"height\":417,\"caption\":\"FASD Symposium TSAF\"},{\"@type\":\"BreadcrumbList\",\"@id\":\"https:\/\/www.able2.org\/fr\/information-pour-linscription-au-symposium-sur-le-tsaf\/#breadcrumb\",\"itemListElement\":[{\"@type\":\"ListItem\",\"position\":1,\"name\":\"Home\",\"item\":\"https:\/\/www.able2.org\/fr\/accueil\/\"},{\"@type\":\"ListItem\",\"position\":2,\"name\":\"Information pour l\u2019inscription au Symposium sur le TSAF\"}]},{\"@type\":\"WebSite\",\"@id\":\"https:\/\/www.able2.org\/#website\",\"url\":\"https:\/\/www.able2.org\/\",\"name\":\"ABLE2\",\"description\":\"\",\"publisher\":{\"@id\":\"https:\/\/www.able2.org\/#organization\"},\"potentialAction\":[{\"@type\":\"SearchAction\",\"target\":{\"@type\":\"EntryPoint\",\"urlTemplate\":\"https:\/\/www.able2.org\/?s={search_term_string}\"},\"query-input\":\"required name=search_term_string\"}],\"inLanguage\":\"fr-FR\"},{\"@type\":\"Organization\",\"@id\":\"https:\/\/www.able2.org\/#organization\",\"name\":\"ABLE2\",\"url\":\"https:\/\/www.able2.org\/\",\"logo\":{\"@type\":\"ImageObject\",\"inLanguage\":\"fr-FR\",\"@id\":\"https:\/\/www.able2.org\/#\/schema\/logo\/image\/\",\"url\":\"https:\/\/www.able2.org\/wp-content\/uploads\/2020\/05\/logo.png\",\"contentUrl\":\"https:\/\/www.able2.org\/wp-content\/uploads\/2020\/05\/logo.png\",\"width\":528,\"height\":137,\"caption\":\"ABLE2\"},\"image\":{\"@id\":\"https:\/\/www.able2.org\/#\/schema\/logo\/image\/\"}}]}<\/script>\n<!-- \/ Yoast SEO plugin. -->","yoast_head_json":{"title":"Information pour l\u2019inscription au Symposium sur le TSAF | ABLE2","robots":{"index":"index","follow":"follow","max-snippet":"max-snippet:-1","max-image-preview":"max-image-preview:large","max-video-preview":"max-video-preview:-1"},"canonical":"https:\/\/www.able2.org\/fr\/information-pour-linscription-au-symposium-sur-le-tsaf\/","og_locale":"fr_FR","og_type":"article","og_title":"Information pour l\u2019inscription au Symposium sur le TSAF | ABLE2","og_description":"Le Symposium 2023 est un \u00e9v\u00e9nement virtuel. Les participants pourront y participer en ligne (virtuellement) depuis leur domicile ou leur bureau dans toutes les r\u00e9gions du Canada et des \u00c9tats-Unis. Ils auront aussi acc\u00e8s au contenu de la conf\u00e9rence pendant une semaine apr\u00e8s la fin de l\u2019\u00e9v\u00e9nement. Frais d\u2019inscription Le tarif d\u2019inscription anticip\u00e9e est de [&hellip;]","og_url":"https:\/\/www.able2.org\/fr\/information-pour-linscription-au-symposium-sur-le-tsaf\/","og_site_name":"ABLE2","article_modified_time":"2023-01-17T22:02:35+00:00","og_image":[{"width":834,"height":417,"url":"https:\/\/www.able2.org\/wp-content\/uploads\/2021\/08\/FASD-Symposium-Banner_ConstContact1024_1.jpg","type":"image\/jpeg"}],"twitter_card":"summary_large_image","twitter_misc":{"Dur\u00e9e de lecture estim\u00e9e":"3 minutes"},"schema":{"@context":"https:\/\/schema.org","@graph":[{"@type":"WebPage","@id":"https:\/\/www.able2.org\/fr\/information-pour-linscription-au-symposium-sur-le-tsaf\/","url":"https:\/\/www.able2.org\/fr\/information-pour-linscription-au-symposium-sur-le-tsaf\/","name":"Information pour l\u2019inscription au Symposium sur le TSAF | ABLE2","isPartOf":{"@id":"https:\/\/www.able2.org\/#website"},"primaryImageOfPage":{"@id":"https:\/\/www.able2.org\/fr\/information-pour-linscription-au-symposium-sur-le-tsaf\/#primaryimage"},"image":{"@id":"https:\/\/www.able2.org\/fr\/information-pour-linscription-au-symposium-sur-le-tsaf\/#primaryimage"},"thumbnailUrl":"https:\/\/www.able2.org\/wp-content\/uploads\/2021\/08\/FASD-Symposium-Banner_ConstContact1024_1.jpg","datePublished":"2020-08-06T15:15:03+00:00","dateModified":"2023-01-17T22:02:35+00:00","breadcrumb":{"@id":"https:\/\/www.able2.org\/fr\/information-pour-linscription-au-symposium-sur-le-tsaf\/#breadcrumb"},"inLanguage":"fr-FR","potentialAction":[{"@type":"ReadAction","target":["https:\/\/www.able2.org\/fr\/information-pour-linscription-au-symposium-sur-le-tsaf\/"]}]},{"@type":"ImageObject","inLanguage":"fr-FR","@id":"https:\/\/www.able2.org\/fr\/information-pour-linscription-au-symposium-sur-le-tsaf\/#primaryimage","url":"https:\/\/www.able2.org\/wp-content\/uploads\/2021\/08\/FASD-Symposium-Banner_ConstContact1024_1.jpg","contentUrl":"https:\/\/www.able2.org\/wp-content\/uploads\/2021\/08\/FASD-Symposium-Banner_ConstContact1024_1.jpg","width":834,"height":417,"caption":"FASD Symposium TSAF"},{"@type":"BreadcrumbList","@id":"https:\/\/www.able2.org\/fr\/information-pour-linscription-au-symposium-sur-le-tsaf\/#breadcrumb","itemListElement":[{"@type":"ListItem","position":1,"name":"Home","item":"https:\/\/www.able2.org\/fr\/accueil\/"},{"@type":"ListItem","position":2,"name":"Information pour l\u2019inscription au Symposium sur le TSAF"}]},{"@type":"WebSite","@id":"https:\/\/www.able2.org\/#website","url":"https:\/\/www.able2.org\/","name":"ABLE2","description":"","publisher":{"@id":"https:\/\/www.able2.org\/#organization"},"potentialAction":[{"@type":"SearchAction","target":{"@type":"EntryPoint","urlTemplate":"https:\/\/www.able2.org\/?s={search_term_string}"},"query-input":"required name=search_term_string"}],"inLanguage":"fr-FR"},{"@type":"Organization","@id":"https:\/\/www.able2.org\/#organization","name":"ABLE2","url":"https:\/\/www.able2.org\/","logo":{"@type":"ImageObject","inLanguage":"fr-FR","@id":"https:\/\/www.able2.org\/#\/schema\/logo\/image\/","url":"https:\/\/www.able2.org\/wp-content\/uploads\/2020\/05\/logo.png","contentUrl":"https:\/\/www.able2.org\/wp-content\/uploads\/2020\/05\/logo.png","width":528,"height":137,"caption":"ABLE2"},"image":{"@id":"https:\/\/www.able2.org\/#\/schema\/logo\/image\/"}}]}},"_links":{"self":[{"href":"https:\/\/www.able2.org\/fr\/wp-json\/wp\/v2\/pages\/1627"}],"collection":[{"href":"https:\/\/www.able2.org\/fr\/wp-json\/wp\/v2\/pages"}],"about":[{"href":"https:\/\/www.able2.org\/fr\/wp-json\/wp\/v2\/types\/page"}],"author":[{"embeddable":true,"href":"https:\/\/www.able2.org\/fr\/wp-json\/wp\/v2\/users\/3"}],"replies":[{"embeddable":true,"href":"https:\/\/www.able2.org\/fr\/wp-json\/wp\/v2\/comments?post=1627"}],"version-history":[{"count":47,"href":"https:\/\/www.able2.org\/fr\/wp-json\/wp\/v2\/pages\/1627\/revisions"}],"predecessor-version":[{"id":10002,"href":"https:\/\/www.able2.org\/fr\/wp-json\/wp\/v2\/pages\/1627\/revisions\/10002"}],"wp:featuredmedia":[{"embeddable":true,"href":"https:\/\/www.able2.org\/fr\/wp-json\/wp\/v2\/media\/4216"}],"wp:attachment":[{"href":"https:\/\/www.able2.org\/fr\/wp-json\/wp\/v2\/media?parent=1627"}],"curies":[{"name":"wp","href":"https:\/\/api.w.org\/{rel}","templated":true}]}}