{"id":15043,"date":"2023-08-31T15:25:48","date_gmt":"2023-08-31T19:25:48","guid":{"rendered":"https:\/\/www.able2.org\/fasd-symposium\/"},"modified":"2023-08-31T15:35:45","modified_gmt":"2023-08-31T19:35:45","slug":"symposium-sur-le-tsaf","status":"publish","type":"page","link":"https:\/\/www.able2.org\/fr\/symposium-sur-le-tsaf\/","title":{"rendered":"Symposium sur le TSAF"},"content":{"rendered":"\n<p><strong>De quoi s\u2019agit-il?<\/strong><\/p>\n\n\n\n<p>Le Symposium sur l\u2019TSAF est le plus grand rassemblement annuel de toutes les personnes li\u00e9es \u00e0 la communaut\u00e9 de l\u2019TSAFF dans l\u2019Est du Canada. Cet \u00e9v\u00e9nement \u00e9ducatif interactif d&rsquo;une journ\u00e9e, dont le contenu est disponible en anglais et en fran\u00e7ais, attire plus de 400 personnes chaque ann\u00e9e.<\/p>\n\n\n\n<p><strong>Qui y assiste?<\/strong><\/p>\n\n\n\n<ul><li>Des personnes atteintes du TSAF<\/li><li>Des professionnels de la sant\u00e9<\/li><li>Des familles et soignants de personnes atteintes du TSAF<\/li><li>Des \u00e9ducateurs<\/li><li>Des professionnels du syst\u00e8me judiciaire<\/li><li>Des professionnels des services sociaux<\/li><li>Des personnes que le TSAF int\u00e9resse<\/li><\/ul>\n\n\n\n<h2 class=\"wp-block-heading\"><strong>\u00c9v\u00e9nement 2023<\/strong><\/h2>\n\n\n\n<p>6e Symposium annuel sur l\u2019ensemble des troubles caus\u00e9s par l\u2019alcoolisation f\u0153tale (TSAF) dans l\u2019Est de l\u2019Ontario<\/p>\n\n\n\n<p><strong>24 janvier 2023<\/strong><\/p>\n\n\n\n<p><strong>Th\u00e8me : Il est temps de changer<\/strong><\/p>\n\n\n\n<p>Une conf\u00e9rence virtuelle d\u2019une journ\u00e9e sur le th\u00e8me : \u00ab Il est temps de changer \u00bb. Les organisateurs de la conf\u00e9rence esp\u00e8rent rassembler des d\u00e9fenseurs et des chercheurs pour partager leurs connaissances et leurs id\u00e9es cr\u00e9atives sur la mani\u00e8re d&rsquo;effectuer des changements dans les syst\u00e8mes, d&rsquo;identifier les lacunes existantes et de sugg\u00e9rer des mesures que nous devons prendre pour soutenir les personnes (et leurs soignants) dans la communaut\u00e9 des TSAF.<\/p>\n\n\n\n<p><strong>Pourquoi devriez-vous y assister ?<\/strong><\/p>\n\n\n\n<p>Ce symposium s&rsquo;adresse \u00e0 tous ceux qui reconnaissent qu&rsquo;ils interagissent r\u00e9guli\u00e8rement avec des personnes atteintes de l&rsquo;TSAF \u2013 au travail, \u00e0 l&rsquo;\u00e9cole, \u00e0 la maison et dans la communaut\u00e9 \u2013 et qui souhaitent obtenir des conseils sur les strat\u00e9gies permettant d&rsquo;am\u00e9liorer ces interactions. Si vous souhaitez en savoir plus sur la fa\u00e7on de soutenir les personnes atteintes de l&rsquo;TSAF, si vous avez besoin de soutien vous-m\u00eame ou si vous souhaitez apprendre des autres, le Symposium sur l&rsquo;TSAF est fait pour vous.<\/p>\n\n\n\n<p>Cette conf\u00e9rence est con\u00e7ue non seulement pour fournir des outils pour travailler avec des personnes atteintes de troubles du spectre de l&rsquo;alcoolisation f\u0153tale, mais offrira \u00e9galement un apprentissage approfondi \u00e0 ceux qui travaillent dans les domaines de l&rsquo;\u00e9ducation, de la sant\u00e9, de la sant\u00e9 mentale, du d\u00e9veloppement de l&rsquo;enfant, de l&rsquo;application de la loi, des services correctionnels, de la protection de l&rsquo;enfance et secteurs des services sociaux.<\/p>\n\n\n\n<p>Nous avons tous un r\u00f4le \u00e0 jouer pour sensibiliser davantage aux effets de l\u2019alcool sur les b\u00e9b\u00e9s \u00e0 na\u00eetre et pour soutenir les personnes atteintes de l\u2019TSAF et leurs familles. L\u2019TSAF touche environ 1,5 million de Canadiens \u2013 Il n\u2019existe aucune quantit\u00e9 s\u00e9curitaire, aucun type s\u00e9curitaire et aucun moment s\u00e9curitaire pour boire de l\u2019alcool pendant la grossesse.<\/p>\n\n\n\n<div style=\"height:20px\" aria-hidden=\"true\" class=\"wp-block-spacer\"><\/div>\n\n\n\n<div class=\"wp-block-buttons is-layout-flex wp-block-buttons-is-layout-flex\">\n<div class=\"wp-block-button\"><a class=\"wp-block-button__link has-black-color has-text-color has-background\" href=\"https:\/\/inevent.com\/en\/FASD-1628198342\/2023FASDVirtualSymposium\/hotsite.php#about\" style=\"border-radius:1px;background-color:#00b9c6\" target=\"_blank\" rel=\"noreferrer noopener\"><strong>Calendrier<\/strong><\/a><\/div>\n\n\n\n<div class=\"wp-block-button\"><a class=\"wp-block-button__link has-black-color has-text-color has-background\" href=\"https:\/\/inevent.com\/en\/FASD-1628198342\/2023FASDVirtualSymposium\/hotsite.php#about\" style=\"border-radius:1px;background-color:#f4ac0e\" target=\"_blank\" rel=\"noreferrer noopener\"><strong>Haut-parleurs<\/strong><\/a><\/div>\n\n\n\n<div class=\"wp-block-button\"><a class=\"wp-block-button__link has-black-color has-text-color has-background\" href=\"https:\/\/www.able2.org\/fr\/opportunites-de-partenariat-tsaf\/\" style=\"border-radius:1px;background-color:#00b9c6\"><strong> Parrainage d&rsquo;\u00e9v\u00e9nements<\/strong><\/a><\/div>\n<\/div>\n\n\n\n<div style=\"height:20px\" aria-hidden=\"true\" class=\"wp-block-spacer\"><\/div>\n\n\n\n<div class=\"wp-block-buttons is-layout-flex wp-block-buttons-is-layout-flex\">\n<div class=\"wp-block-button\"><a class=\"wp-block-button__link has-black-color has-text-color has-background\" href=\"https:\/\/www.able2.org\/fr\/fasd-symposium-whos-coming\/\" style=\"border-radius:1px;background-color:#f4ac0e\"><strong> Qui vient<\/strong><\/a><\/div>\n\n\n\n<div class=\"wp-block-button\"><a class=\"wp-block-button__link has-black-color has-text-color has-background\" href=\"https:\/\/www.able2.org\/fr\/symposium-tsaf-faits-saillants-des-evenements-passes\/\" style=\"border-radius:1px;background-color:#00bbc8\"><strong> Faits saillants des \u00e9v\u00e9nements pass\u00e9s<\/strong><\/a><\/div>\n<\/div>\n\n\n\n<p><strong> FINANC\u00c9 EN PARTIE PAR <\/strong><\/p>\n\n\n\n<div style=\"height:20px\" aria-hidden=\"true\" class=\"wp-block-spacer\"><\/div>\n\n\n\n<figure class=\"wp-block-image size-full\"><img loading=\"lazy\" decoding=\"async\" width=\"376\" height=\"124\" src=\"https:\/\/www.able2.org\/wp-content\/uploads\/2022\/08\/KBHN-Transparent-Logo.png\" alt=\"\" class=\"wp-image-7276\" srcset=\"https:\/\/www.able2.org\/wp-content\/uploads\/2022\/08\/KBHN-Transparent-Logo.png 376w, https:\/\/www.able2.org\/wp-content\/uploads\/2022\/08\/KBHN-Transparent-Logo-300x99.png 300w\" sizes=\"(max-width: 376px) 100vw, 376px\" \/><\/figure>\n\n\n\n<figure class=\"wp-block-image size-full is-resized\"><img loading=\"lazy\" decoding=\"async\" src=\"https:\/\/www.able2.org\/wp-content\/uploads\/2022\/10\/CIHR.jpg\" alt=\"\" class=\"wp-image-8721\" width=\"392\" height=\"98\" srcset=\"https:\/\/www.able2.org\/wp-content\/uploads\/2022\/10\/CIHR.jpg 522w, https:\/\/www.able2.org\/wp-content\/uploads\/2022\/10\/CIHR-300x75.jpg 300w\" sizes=\"(max-width: 392px) 100vw, 392px\" \/><\/figure>\n\n\n\n<figure class=\"wp-block-image size-large is-resized\"><img loading=\"lazy\" decoding=\"async\" src=\"https:\/\/www.able2.org\/wp-content\/uploads\/2022\/10\/2018_UnitSig_Cellular-Physiological-Sciences_Standard_Blue282RGB300-1024x237.png\" alt=\"\" class=\"wp-image-8723\" width=\"512\" height=\"119\" srcset=\"https:\/\/www.able2.org\/wp-content\/uploads\/2022\/10\/2018_UnitSig_Cellular-Physiological-Sciences_Standard_Blue282RGB300-1024x237.png 1024w, https:\/\/www.able2.org\/wp-content\/uploads\/2022\/10\/2018_UnitSig_Cellular-Physiological-Sciences_Standard_Blue282RGB300-300x69.png 300w, https:\/\/www.able2.org\/wp-content\/uploads\/2022\/10\/2018_UnitSig_Cellular-Physiological-Sciences_Standard_Blue282RGB300-768x178.png 768w, https:\/\/www.able2.org\/wp-content\/uploads\/2022\/10\/2018_UnitSig_Cellular-Physiological-Sciences_Standard_Blue282RGB300-1536x356.png 1536w, https:\/\/www.able2.org\/wp-content\/uploads\/2022\/10\/2018_UnitSig_Cellular-Physiological-Sciences_Standard_Blue282RGB300-2048x474.png 2048w\" sizes=\"(max-width: 512px) 100vw, 512px\" \/><\/figure>\n","protected":false},"excerpt":{"rendered":"<p>De quoi s\u2019agit-il? Le Symposium sur l\u2019TSAF est le plus grand rassemblement annuel de toutes les personnes li\u00e9es \u00e0 la communaut\u00e9 de l\u2019TSAFF dans l\u2019Est du Canada. Cet \u00e9v\u00e9nement \u00e9ducatif interactif d&rsquo;une journ\u00e9e, dont le contenu est disponible en anglais et en fran\u00e7ais, attire plus de 400 personnes chaque ann\u00e9e. Qui y assiste? Des personnes [&hellip;]<\/p>\n","protected":false},"author":1,"featured_media":4216,"parent":0,"menu_order":0,"comment_status":"closed","ping_status":"closed","template":"page-templates\/page-sidebar.php","meta":{"_acf_changed":false,"footnotes":""},"acf":[],"yoast_head":"<!-- This site is optimized with the Yoast SEO plugin v22.8 - https:\/\/yoast.com\/wordpress\/plugins\/seo\/ -->\n<title>Symposium sur le TSAF | ABLE2<\/title>\n<meta name=\"robots\" content=\"index, follow, max-snippet:-1, max-image-preview:large, max-video-preview:-1\" \/>\n<link rel=\"canonical\" href=\"https:\/\/www.able2.org\/fr\/symposium-sur-le-tsaf\/\" \/>\n<meta property=\"og:locale\" content=\"fr_FR\" \/>\n<meta property=\"og:type\" content=\"article\" \/>\n<meta property=\"og:title\" content=\"Symposium sur le TSAF | ABLE2\" \/>\n<meta property=\"og:description\" content=\"De quoi s\u2019agit-il? Le Symposium sur l\u2019TSAF est le plus grand rassemblement annuel de toutes les personnes li\u00e9es \u00e0 la communaut\u00e9 de l\u2019TSAFF dans l\u2019Est du Canada. Cet \u00e9v\u00e9nement \u00e9ducatif interactif d&rsquo;une journ\u00e9e, dont le contenu est disponible en anglais et en fran\u00e7ais, attire plus de 400 personnes chaque ann\u00e9e. Qui y assiste? Des personnes [&hellip;]\" \/>\n<meta property=\"og:url\" content=\"https:\/\/www.able2.org\/fr\/symposium-sur-le-tsaf\/\" \/>\n<meta property=\"og:site_name\" content=\"ABLE2\" \/>\n<meta property=\"article:modified_time\" content=\"2023-08-31T19:35:45+00:00\" \/>\n<meta property=\"og:image\" content=\"https:\/\/www.able2.org\/wp-content\/uploads\/2021\/08\/FASD-Symposium-Banner_ConstContact1024_1.jpg\" \/>\n\t<meta property=\"og:image:width\" content=\"834\" \/>\n\t<meta property=\"og:image:height\" content=\"417\" \/>\n\t<meta property=\"og:image:type\" content=\"image\/jpeg\" \/>\n<meta name=\"twitter:card\" content=\"summary_large_image\" \/>\n<meta name=\"twitter:label1\" content=\"Dur\u00e9e de lecture estim\u00e9e\" \/>\n\t<meta name=\"twitter:data1\" content=\"3 minutes\" \/>\n<script type=\"application\/ld+json\" class=\"yoast-schema-graph\">{\"@context\":\"https:\/\/schema.org\",\"@graph\":[{\"@type\":\"WebPage\",\"@id\":\"https:\/\/www.able2.org\/fr\/symposium-sur-le-tsaf\/\",\"url\":\"https:\/\/www.able2.org\/fr\/symposium-sur-le-tsaf\/\",\"name\":\"Symposium sur le TSAF | ABLE2\",\"isPartOf\":{\"@id\":\"https:\/\/www.able2.org\/#website\"},\"primaryImageOfPage\":{\"@id\":\"https:\/\/www.able2.org\/fr\/symposium-sur-le-tsaf\/#primaryimage\"},\"image\":{\"@id\":\"https:\/\/www.able2.org\/fr\/symposium-sur-le-tsaf\/#primaryimage\"},\"thumbnailUrl\":\"https:\/\/www.able2.org\/wp-content\/uploads\/2021\/08\/FASD-Symposium-Banner_ConstContact1024_1.jpg\",\"datePublished\":\"2023-08-31T19:25:48+00:00\",\"dateModified\":\"2023-08-31T19:35:45+00:00\",\"breadcrumb\":{\"@id\":\"https:\/\/www.able2.org\/fr\/symposium-sur-le-tsaf\/#breadcrumb\"},\"inLanguage\":\"fr-FR\",\"potentialAction\":[{\"@type\":\"ReadAction\",\"target\":[\"https:\/\/www.able2.org\/fr\/symposium-sur-le-tsaf\/\"]}]},{\"@type\":\"ImageObject\",\"inLanguage\":\"fr-FR\",\"@id\":\"https:\/\/www.able2.org\/fr\/symposium-sur-le-tsaf\/#primaryimage\",\"url\":\"https:\/\/www.able2.org\/wp-content\/uploads\/2021\/08\/FASD-Symposium-Banner_ConstContact1024_1.jpg\",\"contentUrl\":\"https:\/\/www.able2.org\/wp-content\/uploads\/2021\/08\/FASD-Symposium-Banner_ConstContact1024_1.jpg\",\"width\":834,\"height\":417,\"caption\":\"FASD Symposium TSAF\"},{\"@type\":\"BreadcrumbList\",\"@id\":\"https:\/\/www.able2.org\/fr\/symposium-sur-le-tsaf\/#breadcrumb\",\"itemListElement\":[{\"@type\":\"ListItem\",\"position\":1,\"name\":\"Home\",\"item\":\"https:\/\/www.able2.org\/fr\/accueil\/\"},{\"@type\":\"ListItem\",\"position\":2,\"name\":\"Symposium sur le TSAF\"}]},{\"@type\":\"WebSite\",\"@id\":\"https:\/\/www.able2.org\/#website\",\"url\":\"https:\/\/www.able2.org\/\",\"name\":\"ABLE2\",\"description\":\"\",\"publisher\":{\"@id\":\"https:\/\/www.able2.org\/#organization\"},\"potentialAction\":[{\"@type\":\"SearchAction\",\"target\":{\"@type\":\"EntryPoint\",\"urlTemplate\":\"https:\/\/www.able2.org\/?s={search_term_string}\"},\"query-input\":\"required name=search_term_string\"}],\"inLanguage\":\"fr-FR\"},{\"@type\":\"Organization\",\"@id\":\"https:\/\/www.able2.org\/#organization\",\"name\":\"ABLE2\",\"url\":\"https:\/\/www.able2.org\/\",\"logo\":{\"@type\":\"ImageObject\",\"inLanguage\":\"fr-FR\",\"@id\":\"https:\/\/www.able2.org\/#\/schema\/logo\/image\/\",\"url\":\"https:\/\/www.able2.org\/wp-content\/uploads\/2020\/05\/logo.png\",\"contentUrl\":\"https:\/\/www.able2.org\/wp-content\/uploads\/2020\/05\/logo.png\",\"width\":528,\"height\":137,\"caption\":\"ABLE2\"},\"image\":{\"@id\":\"https:\/\/www.able2.org\/#\/schema\/logo\/image\/\"}}]}<\/script>\n<!-- \/ Yoast SEO plugin. -->","yoast_head_json":{"title":"Symposium sur le TSAF | ABLE2","robots":{"index":"index","follow":"follow","max-snippet":"max-snippet:-1","max-image-preview":"max-image-preview:large","max-video-preview":"max-video-preview:-1"},"canonical":"https:\/\/www.able2.org\/fr\/symposium-sur-le-tsaf\/","og_locale":"fr_FR","og_type":"article","og_title":"Symposium sur le TSAF | ABLE2","og_description":"De quoi s\u2019agit-il? Le Symposium sur l\u2019TSAF est le plus grand rassemblement annuel de toutes les personnes li\u00e9es \u00e0 la communaut\u00e9 de l\u2019TSAFF dans l\u2019Est du Canada. Cet \u00e9v\u00e9nement \u00e9ducatif interactif d&rsquo;une journ\u00e9e, dont le contenu est disponible en anglais et en fran\u00e7ais, attire plus de 400 personnes chaque ann\u00e9e. Qui y assiste? Des personnes [&hellip;]","og_url":"https:\/\/www.able2.org\/fr\/symposium-sur-le-tsaf\/","og_site_name":"ABLE2","article_modified_time":"2023-08-31T19:35:45+00:00","og_image":[{"width":834,"height":417,"url":"https:\/\/www.able2.org\/wp-content\/uploads\/2021\/08\/FASD-Symposium-Banner_ConstContact1024_1.jpg","type":"image\/jpeg"}],"twitter_card":"summary_large_image","twitter_misc":{"Dur\u00e9e de lecture estim\u00e9e":"3 minutes"},"schema":{"@context":"https:\/\/schema.org","@graph":[{"@type":"WebPage","@id":"https:\/\/www.able2.org\/fr\/symposium-sur-le-tsaf\/","url":"https:\/\/www.able2.org\/fr\/symposium-sur-le-tsaf\/","name":"Symposium sur le TSAF | ABLE2","isPartOf":{"@id":"https:\/\/www.able2.org\/#website"},"primaryImageOfPage":{"@id":"https:\/\/www.able2.org\/fr\/symposium-sur-le-tsaf\/#primaryimage"},"image":{"@id":"https:\/\/www.able2.org\/fr\/symposium-sur-le-tsaf\/#primaryimage"},"thumbnailUrl":"https:\/\/www.able2.org\/wp-content\/uploads\/2021\/08\/FASD-Symposium-Banner_ConstContact1024_1.jpg","datePublished":"2023-08-31T19:25:48+00:00","dateModified":"2023-08-31T19:35:45+00:00","breadcrumb":{"@id":"https:\/\/www.able2.org\/fr\/symposium-sur-le-tsaf\/#breadcrumb"},"inLanguage":"fr-FR","potentialAction":[{"@type":"ReadAction","target":["https:\/\/www.able2.org\/fr\/symposium-sur-le-tsaf\/"]}]},{"@type":"ImageObject","inLanguage":"fr-FR","@id":"https:\/\/www.able2.org\/fr\/symposium-sur-le-tsaf\/#primaryimage","url":"https:\/\/www.able2.org\/wp-content\/uploads\/2021\/08\/FASD-Symposium-Banner_ConstContact1024_1.jpg","contentUrl":"https:\/\/www.able2.org\/wp-content\/uploads\/2021\/08\/FASD-Symposium-Banner_ConstContact1024_1.jpg","width":834,"height":417,"caption":"FASD Symposium TSAF"},{"@type":"BreadcrumbList","@id":"https:\/\/www.able2.org\/fr\/symposium-sur-le-tsaf\/#breadcrumb","itemListElement":[{"@type":"ListItem","position":1,"name":"Home","item":"https:\/\/www.able2.org\/fr\/accueil\/"},{"@type":"ListItem","position":2,"name":"Symposium sur le TSAF"}]},{"@type":"WebSite","@id":"https:\/\/www.able2.org\/#website","url":"https:\/\/www.able2.org\/","name":"ABLE2","description":"","publisher":{"@id":"https:\/\/www.able2.org\/#organization"},"potentialAction":[{"@type":"SearchAction","target":{"@type":"EntryPoint","urlTemplate":"https:\/\/www.able2.org\/?s={search_term_string}"},"query-input":"required name=search_term_string"}],"inLanguage":"fr-FR"},{"@type":"Organization","@id":"https:\/\/www.able2.org\/#organization","name":"ABLE2","url":"https:\/\/www.able2.org\/","logo":{"@type":"ImageObject","inLanguage":"fr-FR","@id":"https:\/\/www.able2.org\/#\/schema\/logo\/image\/","url":"https:\/\/www.able2.org\/wp-content\/uploads\/2020\/05\/logo.png","contentUrl":"https:\/\/www.able2.org\/wp-content\/uploads\/2020\/05\/logo.png","width":528,"height":137,"caption":"ABLE2"},"image":{"@id":"https:\/\/www.able2.org\/#\/schema\/logo\/image\/"}}]}},"_links":{"self":[{"href":"https:\/\/www.able2.org\/fr\/wp-json\/wp\/v2\/pages\/15043"}],"collection":[{"href":"https:\/\/www.able2.org\/fr\/wp-json\/wp\/v2\/pages"}],"about":[{"href":"https:\/\/www.able2.org\/fr\/wp-json\/wp\/v2\/types\/page"}],"author":[{"embeddable":true,"href":"https:\/\/www.able2.org\/fr\/wp-json\/wp\/v2\/users\/1"}],"replies":[{"embeddable":true,"href":"https:\/\/www.able2.org\/fr\/wp-json\/wp\/v2\/comments?post=15043"}],"version-history":[{"count":4,"href":"https:\/\/www.able2.org\/fr\/wp-json\/wp\/v2\/pages\/15043\/revisions"}],"predecessor-version":[{"id":15049,"href":"https:\/\/www.able2.org\/fr\/wp-json\/wp\/v2\/pages\/15043\/revisions\/15049"}],"wp:featuredmedia":[{"embeddable":true,"href":"https:\/\/www.able2.org\/fr\/wp-json\/wp\/v2\/media\/4216"}],"wp:attachment":[{"href":"https:\/\/www.able2.org\/fr\/wp-json\/wp\/v2\/media?parent=15043"}],"curies":[{"name":"wp","href":"https:\/\/api.w.org\/{rel}","templated":true}]}}