{"id":11248,"date":"2023-04-21T12:45:05","date_gmt":"2023-04-21T16:45:05","guid":{"rendered":"https:\/\/www.able2.org\/reach-legal-services\/"},"modified":"2025-05-05T10:31:27","modified_gmt":"2025-05-05T14:31:27","slug":"services-juridiques","status":"publish","type":"page","link":"https:\/\/www.able2.org\/fr\/programmes\/services-juridiques\/","title":{"rendered":"Services de r\u00e9f\u00e9rence juridique"},"content":{"rendered":"\n<div style=\"height:25px\" aria-hidden=\"true\" class=\"wp-block-spacer\"><\/div>\n\n\n\n<p>Les personnes vivant avec des handicaps, qui comptent parmi les plus vuln\u00e9rables sur le plan \u00e9conomique de notre communaut\u00e9, ont souvent besoin d&rsquo;aide et de conseils pour g\u00e9rer leurs droits et d&rsquo;autres questions juridiques. Rejoignez les services de r\u00e9f\u00e9rence juridique via un r\u00e9seau de plus de 200 avocats, m\u00e9diateurs et parajuristes dans les r\u00e9gions d&rsquo;Ottawa et de Champlain pour r\u00e9pondre \u00e0 ce besoin.<\/p>\n\n\n\n<p>Les clients r\u00e9f\u00e9r\u00e9s \u00e0 un professionnel du droit peuvent recevoir jusqu\u2019\u00e0 trois heures de services juridiques gratuits, confidentiels et personnels. Si un d\u00e9lai suppl\u00e9mentaire est n\u00e9cessaire, les clients et les professionnels du droit n\u00e9gocieront les conditions de repr\u00e9sentation.<\/p>\n\n\n\n<p><\/p>\n\n\n\n<blockquote class=\"wp-block-quote is-layout-flow wp-block-quote-is-layout-flow\">\n<p>\u00ab Je suis une survivante de probl\u00e8mes de sant\u00e9 mentale et j&rsquo;ai un handicap. \u00c0 deux reprises, j\u2019ai obtenu l\u2019aide des services de r\u00e9f\u00e9rence juridique Reach. \u00c0 chaque fois, j&rsquo;ai \u00e9t\u00e9 mise en relation avec un avocat d&rsquo;Ottawa, qui m&rsquo;a trait\u00e9e avec beaucoup de respect et m&rsquo;a fait prendre conscience que j&rsquo;avais des droits l\u00e9gaux. Au d\u00e9but de ces d\u00e9marches juridiques, j\u2019ai d\u00fb me demander : \u00ab Qui peut m\u2019aider ? Comme moi-m\u00eame, je n\u2019avais pas les connaissances, la clart\u00e9, la concentration, la force ou les connaissances n\u00e9cessaires pour sortir du bourbier. <strong>\u00bb<\/strong><\/p>\n<cite><strong>&#8211; Christine<\/strong><\/cite><\/blockquote>\n\n\n\n<p><\/p>\n\n\n\n<p>Les&nbsp;Services&nbsp;de r\u00e9f\u00e9rence juridique Reach acceptent uniquement les r\u00e9f\u00e9rences en ligne et par t\u00e9l\u00e9phone. Veuillez remplir le formulaire de r\u00e9f\u00e9rence en ligne ci-dessous ou contactez-nous au <strong><a href=\"callto:613-761-9522\">613-761-9522<\/a><\/strong> ext. 452 ou 453.<\/p>\n\n\n\n<div style=\"height:20px\" aria-hidden=\"true\" class=\"wp-block-spacer\"><\/div>\n\n\n\n<div class=\"wp-block-buttons is-layout-flex wp-block-buttons-is-layout-flex\">\n<div class=\"wp-block-button\"><a class=\"wp-block-button__link has-black-color has-text-color has-background no-border-radius wp-element-button\" href=\"https:\/\/docs.google.com\/forms\/d\/e\/1FAIpQLSdsqC5DpgbsMwQ9ToLHHYMoOPTsHsohdUN3FlrPOWTUbiR3PQ\/viewform\" style=\"background-color:#d56f29\" target=\"_blank\" rel=\"noreferrer noopener\"><strong>Formulaire de r\u00e9f\u00e9rence juridique<\/strong><\/a><\/div>\n\n\n\n<div class=\"wp-block-button\"><a class=\"wp-block-button__link has-black-color has-text-color has-background no-border-radius wp-element-button\" href=\"https:\/\/www.able2.org\/legal-roster-volunteer-registration-form\/\" style=\"background-color:#d56f29\"><strong>Formulaire d&rsquo;inscription des b\u00e9n\u00e9voles sur la liste juridique<\/strong><\/a><\/div>\n<\/div>\n\n\n\n<div style=\"height:20px\" aria-hidden=\"true\" class=\"wp-block-spacer\"><\/div>\n\n\n\n<h3 class=\"wp-block-heading\"><strong>Partenaires d&rsquo;entreprises et de fondations<\/strong><\/h3>\n\n\n\n<div style=\"height:20px\" aria-hidden=\"true\" class=\"wp-block-spacer\"><\/div>\n\n\n\n<div class=\"wp-block-columns are-vertically-aligned-top is-layout-flex wp-container-core-columns-is-layout-1 wp-block-columns-is-layout-flex\">\n<div class=\"wp-block-column is-vertically-aligned-top is-layout-flow wp-block-column-is-layout-flow\"><div class=\"wp-block-image\">\n<figure class=\"aligncenter size-full is-resized\"><a href=\"https:\/\/lawfoundation.on.ca\/\"><img loading=\"lazy\" decoding=\"async\" width=\"200\" height=\"92\" src=\"https:\/\/www.able2.org\/wp-content\/uploads\/2023\/12\/lawfoundation.on_.calogo-fr.png\" alt=\"\" class=\"wp-image-16055\" style=\"width:254px;height:auto\"\/><\/a><\/figure><\/div><\/div>\n\n\n\n<div class=\"wp-block-column is-vertically-aligned-top is-layout-flow wp-block-column-is-layout-flow\"><div class=\"wp-block-image\">\n<figure class=\"aligncenter size-full is-resized\"><a href=\"https:\/\/www.ocf-fco.ca\/\"><img loading=\"lazy\" decoding=\"async\" width=\"370\" height=\"121\" src=\"https:\/\/www.able2.org\/wp-content\/uploads\/2024\/08\/OCF_TagVert_FR_RGB-01.png\" alt=\"\" class=\"wp-image-19009\" style=\"width:284px;height:auto\" srcset=\"https:\/\/www.able2.org\/wp-content\/uploads\/2024\/08\/OCF_TagVert_FR_RGB-01.png 370w, https:\/\/www.able2.org\/wp-content\/uploads\/2024\/08\/OCF_TagVert_FR_RGB-01-300x98.png 300w\" sizes=\"(max-width: 370px) 100vw, 370px\" \/><\/a><\/figure><\/div><\/div>\n\n\n\n<div class=\"wp-block-column is-vertically-aligned-top is-layout-flow wp-block-column-is-layout-flow\"><div class=\"wp-block-image\">\n<figure class=\"aligncenter size-full is-resized\"><a href=\"https:\/\/mclachlin.ca\/home\"><img decoding=\"async\" src=\"https:\/\/www.able2.org\/wp-content\/uploads\/2024\/03\/McLachlin-Fund.png\" alt=\"\" class=\"wp-image-17442\" style=\"width:240px;height:auto\"\/><\/a><\/figure><\/div>\n\n\n<div style=\"height:20px\" aria-hidden=\"true\" class=\"wp-block-spacer\"><\/div>\n\n\n\n<p class=\"has-text-align-center has-small-font-size\"><em>La tr\u00e8s honorable Beverley McLachlin Fonds d&rsquo;acc\u00e8s \u00e0 la justice<\/em><\/p>\n<\/div>\n\n\n\n<div class=\"wp-block-column is-layout-flow wp-block-column-is-layout-flow\"><div class=\"wp-block-image\">\n<figure class=\"aligncenter size-large\"><a href=\"https:\/\/www.enbridge.com\/\"><img loading=\"lazy\" decoding=\"async\" width=\"1024\" height=\"464\" src=\"https:\/\/www.able2.org\/wp-content\/uploads\/2024\/09\/Enbridge-logo-1024x464.jpg\" alt=\"\" class=\"wp-image-19096\" srcset=\"https:\/\/www.able2.org\/wp-content\/uploads\/2024\/09\/Enbridge-logo-1024x464.jpg 1024w, https:\/\/www.able2.org\/wp-content\/uploads\/2024\/09\/Enbridge-logo-300x136.jpg 300w, https:\/\/www.able2.org\/wp-content\/uploads\/2024\/09\/Enbridge-logo-768x348.jpg 768w, https:\/\/www.able2.org\/wp-content\/uploads\/2024\/09\/Enbridge-logo-1536x696.jpg 1536w, https:\/\/www.able2.org\/wp-content\/uploads\/2024\/09\/Enbridge-logo.jpg 2048w\" sizes=\"(max-width: 1024px) 100vw, 1024px\" \/><\/a><\/figure><\/div><\/div>\n<\/div>\n\n\n\n<h4 class=\"wp-block-heading\"><a href=\"https:\/\/www.able2.org\/documents-to-sign-documents-a-signer\/\">Documents \u00e0 signer<\/a><\/h4>\n\n\n\n<p><\/p>\n\n\n\n<p class=\"has-white-color has-text-color has-background has-link-color wp-elements-193cfe1a7c522328e06babbab1e553a5\" style=\"background-color:#0b183c\"><strong><strong><a href=\"http:\/\/weblink.donorperfect.com\/ABLE2RequestASpeaker\" target=\"_blank\" rel=\"noreferrer noopener\"><span style=\"color:#00b9c6\" class=\"has-inline-color\">Demander un conf\u00e9rencier<\/span><\/a><\/strong><\/strong><br>ABLE2 dispose d&rsquo;une \u00e9quipe d&rsquo;experts comp\u00e9tents sur les handicaps, leurs d\u00e9fis et leurs impacts sur les individus et leurs familles. Les organisations externes demandant des pr\u00e9sentations sur des sujets li\u00e9s au handicap, y compris les questions li\u00e9es au handicap en milieu de travail, doivent remplir notre formulaire de r\u00e9servation. Une fois le formulaire re\u00e7u, nous nous engageons \u00e0 vous r\u00e9pondre dans les cinq jours ouvrables pour discuter de votre demande. <a href=\"https:\/\/www.imakeanonlinedonation.org\/able2\/REQSPKR\/\" target=\"_blank\" rel=\"noreferrer noopener\"><\/a><strong><strong><a href=\"http:\/\/weblink.donorperfect.com\/ABLE2RequestASpeaker\" target=\"_blank\" rel=\"noreferrer noopener\"><span style=\"color:#00b9c6\" class=\"has-inline-color\">Cliquez ici pour demander un conf\u00e9rencier<\/span><\/a><\/strong><\/strong><\/p>\n\n\n\n<div style=\"height:50px\" aria-hidden=\"true\" class=\"wp-block-spacer\"><\/div>\n\n\n    <section class=\"container sm:flex\">\n                                <article class=\"card sm:w-1\/3\">\n                <a href=\"https:\/\/www.able2.org\/fr\/faites-un-don\/\" class=\"block h-full\">\n                    <h2 class=\"card__title\">Ayez un impact durable en devenant un donateur mensuel \u2063\u2063<\/h2>\n                    <div class=\"card__img-container\">\n                        <img decoding=\"async\" src=\"https:\/\/www.able2.org\/wp-content\/uploads\/2024\/04\/2About-OurHistory-Bucket-MonthlyDonor-300x174.png\" srcset=\"https:\/\/www.able2.org\/wp-content\/uploads\/2024\/04\/2About-OurHistory-Bucket-MonthlyDonor-300x174.png 300w, https:\/\/www.able2.org\/wp-content\/uploads\/2024\/04\/2About-OurHistory-Bucket-MonthlyDonor-1024x594.png 1024w, https:\/\/www.able2.org\/wp-content\/uploads\/2024\/04\/2About-OurHistory-Bucket-MonthlyDonor-768x446.png 768w, https:\/\/www.able2.org\/wp-content\/uploads\/2024\/04\/2About-OurHistory-Bucket-MonthlyDonor.png 1329w\" sizes=\"(max-width: 640px) 100vw, 640px\" alt=\"\" class=\"card__img\">\n                    <\/div>\n                    <p class=\"card__text\">Votre don aide les personnes\u00a0 vivant avec un handicap \u00e0 acqu\u00e9rir de nouvelles<\/p>\n                <\/a>\n            <\/article>\n                                            <article class=\"card card--yellow sm:w-1\/3\">\n                <a href=\"https:\/\/www.able2.org\/fr\/nos-histoires\/\" class=\"block h-full\">\n                    <h2 class=\"card__title\">Apprenez en plus sur comment votre contribution permet de changer des vies<\/h2>\n                    <div class=\"card__img-container\">\n                        <img decoding=\"async\" src=\"https:\/\/www.able2.org\/wp-content\/uploads\/2024\/04\/1About-Bucket-History-300x174.png\" srcset=\"https:\/\/www.able2.org\/wp-content\/uploads\/2024\/04\/1About-Bucket-History-300x174.png 300w, https:\/\/www.able2.org\/wp-content\/uploads\/2024\/04\/1About-Bucket-History-1024x594.png 1024w, https:\/\/www.able2.org\/wp-content\/uploads\/2024\/04\/1About-Bucket-History-768x446.png 768w, https:\/\/www.able2.org\/wp-content\/uploads\/2024\/04\/1About-Bucket-History.png 1329w\" sizes=\"(max-width: 640px) 100vw, 640px\" alt=\"\" class=\"card__img\">\n                    <\/div>\n                    <p class=\"card__text\">Apprenez-en plus sur les histoires des utilisateurs de\u00a0 programmes, des b\u00e9n\u00e9voles et des d\u00e9fenseurs du milieu\u00a0communautaire.<\/p>\n                <\/a>\n            <\/article>\n                                            <article class=\"card sm:w-1\/3\">\n                <a href=\"https:\/\/www.able2.org\/fr\/faire-du-benevolat-avec-able2\/\" class=\"block h-full\">\n                    <h2 class=\"card__title\">B\u00e9n\u00e9vole\u2063<\/h2>\n                    <div class=\"card__img-container\">\n                        <img decoding=\"async\" src=\"https:\/\/www.able2.org\/wp-content\/uploads\/2024\/05\/DonateBucket-May2024-300x174.jpg\" srcset=\"https:\/\/www.able2.org\/wp-content\/uploads\/2024\/05\/DonateBucket-May2024-300x174.jpg 300w, https:\/\/www.able2.org\/wp-content\/uploads\/2024\/05\/DonateBucket-May2024-1024x594.jpg 1024w, https:\/\/www.able2.org\/wp-content\/uploads\/2024\/05\/DonateBucket-May2024-768x446.jpg 768w, https:\/\/www.able2.org\/wp-content\/uploads\/2024\/05\/DonateBucket-May2024.jpg 1329w\" sizes=\"(max-width: 640px) 100vw, 640px\" alt=\"\" class=\"card__img\">\n                    <\/div>\n                    <p class=\"card__text\">Lorsque vous faites du\u00a0b\u00e9n\u00e9volat, vous contribuez \u00e0\u00a0r\u00e9duire la solitude et\u00a0l\u2019isolement social v\u00e9cus par\u00a0de nombreuses personnes<\/p>\n                <\/a>\n            <\/article>\n                        <\/section>\n","protected":false},"excerpt":{"rendered":"<p>Les personnes vivant avec des handicaps, qui comptent parmi les plus vuln\u00e9rables sur le plan \u00e9conomique de notre communaut\u00e9, ont souvent besoin d&rsquo;aide et de conseils pour g\u00e9rer leurs droits et d&rsquo;autres questions juridiques. Rejoignez les services de r\u00e9f\u00e9rence juridique via un r\u00e9seau de plus de 200 avocats, m\u00e9diateurs et parajuristes dans les r\u00e9gions d&rsquo;Ottawa [&hellip;]<\/p>\n","protected":false},"author":1,"featured_media":0,"parent":735,"menu_order":0,"comment_status":"closed","ping_status":"closed","template":"page-templates\/page-no_sidebar.php","meta":{"_acf_changed":false,"footnotes":""},"acf":[],"yoast_head":"<!-- This site is optimized with the Yoast SEO plugin v22.8 - https:\/\/yoast.com\/wordpress\/plugins\/seo\/ -->\n<title>Services de r\u00e9f\u00e9rence juridique | ABLE2<\/title>\n<meta name=\"robots\" content=\"index, follow, max-snippet:-1, max-image-preview:large, max-video-preview:-1\" \/>\n<link rel=\"canonical\" href=\"https:\/\/www.able2.org\/fr\/programmes\/services-juridiques\/\" \/>\n<meta property=\"og:locale\" content=\"fr_FR\" \/>\n<meta property=\"og:type\" content=\"article\" \/>\n<meta property=\"og:title\" content=\"Services de r\u00e9f\u00e9rence juridique | ABLE2\" \/>\n<meta property=\"og:description\" content=\"Les personnes vivant avec des handicaps, qui comptent parmi les plus vuln\u00e9rables sur le plan \u00e9conomique de notre communaut\u00e9, ont souvent besoin d&rsquo;aide et de conseils pour g\u00e9rer leurs droits et d&rsquo;autres questions juridiques. Rejoignez les services de r\u00e9f\u00e9rence juridique via un r\u00e9seau de plus de 200 avocats, m\u00e9diateurs et parajuristes dans les r\u00e9gions d&rsquo;Ottawa [&hellip;]\" \/>\n<meta property=\"og:url\" content=\"https:\/\/www.able2.org\/fr\/programmes\/services-juridiques\/\" \/>\n<meta property=\"og:site_name\" content=\"ABLE2\" \/>\n<meta property=\"article:modified_time\" content=\"2025-05-05T14:31:27+00:00\" \/>\n<meta property=\"og:image\" content=\"https:\/\/www.able2.org\/wp-content\/uploads\/2023\/12\/lawfoundation.on_.calogo-fr.png\" \/>\n<meta name=\"twitter:card\" content=\"summary_large_image\" \/>\n<meta name=\"twitter:label1\" content=\"Dur\u00e9e de lecture estim\u00e9e\" \/>\n\t<meta name=\"twitter:data1\" content=\"3 minutes\" \/>\n<script type=\"application\/ld+json\" class=\"yoast-schema-graph\">{\"@context\":\"https:\/\/schema.org\",\"@graph\":[{\"@type\":\"WebPage\",\"@id\":\"https:\/\/www.able2.org\/fr\/programmes\/services-juridiques\/\",\"url\":\"https:\/\/www.able2.org\/fr\/programmes\/services-juridiques\/\",\"name\":\"Services de r\u00e9f\u00e9rence juridique | ABLE2\",\"isPartOf\":{\"@id\":\"https:\/\/www.able2.org\/#website\"},\"primaryImageOfPage\":{\"@id\":\"https:\/\/www.able2.org\/fr\/programmes\/services-juridiques\/#primaryimage\"},\"image\":{\"@id\":\"https:\/\/www.able2.org\/fr\/programmes\/services-juridiques\/#primaryimage\"},\"thumbnailUrl\":\"https:\/\/www.able2.org\/wp-content\/uploads\/2023\/12\/lawfoundation.on_.calogo-fr.png\",\"datePublished\":\"2023-04-21T16:45:05+00:00\",\"dateModified\":\"2025-05-05T14:31:27+00:00\",\"breadcrumb\":{\"@id\":\"https:\/\/www.able2.org\/fr\/programmes\/services-juridiques\/#breadcrumb\"},\"inLanguage\":\"fr-FR\",\"potentialAction\":[{\"@type\":\"ReadAction\",\"target\":[\"https:\/\/www.able2.org\/fr\/programmes\/services-juridiques\/\"]}]},{\"@type\":\"ImageObject\",\"inLanguage\":\"fr-FR\",\"@id\":\"https:\/\/www.able2.org\/fr\/programmes\/services-juridiques\/#primaryimage\",\"url\":\"https:\/\/www.able2.org\/wp-content\/uploads\/2023\/12\/lawfoundation.on_.calogo-fr.png\",\"contentUrl\":\"https:\/\/www.able2.org\/wp-content\/uploads\/2023\/12\/lawfoundation.on_.calogo-fr.png\"},{\"@type\":\"BreadcrumbList\",\"@id\":\"https:\/\/www.able2.org\/fr\/programmes\/services-juridiques\/#breadcrumb\",\"itemListElement\":[{\"@type\":\"ListItem\",\"position\":1,\"name\":\"Home\",\"item\":\"https:\/\/www.able2.org\/fr\/accueil\/\"},{\"@type\":\"ListItem\",\"position\":2,\"name\":\"Programmes\",\"item\":\"https:\/\/www.able2.org\/fr\/programmes\/\"},{\"@type\":\"ListItem\",\"position\":3,\"name\":\"Services de r\u00e9f\u00e9rence juridique\"}]},{\"@type\":\"WebSite\",\"@id\":\"https:\/\/www.able2.org\/#website\",\"url\":\"https:\/\/www.able2.org\/\",\"name\":\"ABLE2\",\"description\":\"\",\"publisher\":{\"@id\":\"https:\/\/www.able2.org\/#organization\"},\"potentialAction\":[{\"@type\":\"SearchAction\",\"target\":{\"@type\":\"EntryPoint\",\"urlTemplate\":\"https:\/\/www.able2.org\/?s={search_term_string}\"},\"query-input\":\"required name=search_term_string\"}],\"inLanguage\":\"fr-FR\"},{\"@type\":\"Organization\",\"@id\":\"https:\/\/www.able2.org\/#organization\",\"name\":\"ABLE2\",\"url\":\"https:\/\/www.able2.org\/\",\"logo\":{\"@type\":\"ImageObject\",\"inLanguage\":\"fr-FR\",\"@id\":\"https:\/\/www.able2.org\/#\/schema\/logo\/image\/\",\"url\":\"https:\/\/www.able2.org\/wp-content\/uploads\/2020\/05\/logo.png\",\"contentUrl\":\"https:\/\/www.able2.org\/wp-content\/uploads\/2020\/05\/logo.png\",\"width\":528,\"height\":137,\"caption\":\"ABLE2\"},\"image\":{\"@id\":\"https:\/\/www.able2.org\/#\/schema\/logo\/image\/\"}}]}<\/script>\n<!-- \/ Yoast SEO plugin. -->","yoast_head_json":{"title":"Services de r\u00e9f\u00e9rence juridique | ABLE2","robots":{"index":"index","follow":"follow","max-snippet":"max-snippet:-1","max-image-preview":"max-image-preview:large","max-video-preview":"max-video-preview:-1"},"canonical":"https:\/\/www.able2.org\/fr\/programmes\/services-juridiques\/","og_locale":"fr_FR","og_type":"article","og_title":"Services de r\u00e9f\u00e9rence juridique | ABLE2","og_description":"Les personnes vivant avec des handicaps, qui comptent parmi les plus vuln\u00e9rables sur le plan \u00e9conomique de notre communaut\u00e9, ont souvent besoin d&rsquo;aide et de conseils pour g\u00e9rer leurs droits et d&rsquo;autres questions juridiques. Rejoignez les services de r\u00e9f\u00e9rence juridique via un r\u00e9seau de plus de 200 avocats, m\u00e9diateurs et parajuristes dans les r\u00e9gions d&rsquo;Ottawa [&hellip;]","og_url":"https:\/\/www.able2.org\/fr\/programmes\/services-juridiques\/","og_site_name":"ABLE2","article_modified_time":"2025-05-05T14:31:27+00:00","og_image":[{"url":"https:\/\/www.able2.org\/wp-content\/uploads\/2023\/12\/lawfoundation.on_.calogo-fr.png"}],"twitter_card":"summary_large_image","twitter_misc":{"Dur\u00e9e de lecture estim\u00e9e":"3 minutes"},"schema":{"@context":"https:\/\/schema.org","@graph":[{"@type":"WebPage","@id":"https:\/\/www.able2.org\/fr\/programmes\/services-juridiques\/","url":"https:\/\/www.able2.org\/fr\/programmes\/services-juridiques\/","name":"Services de r\u00e9f\u00e9rence juridique | ABLE2","isPartOf":{"@id":"https:\/\/www.able2.org\/#website"},"primaryImageOfPage":{"@id":"https:\/\/www.able2.org\/fr\/programmes\/services-juridiques\/#primaryimage"},"image":{"@id":"https:\/\/www.able2.org\/fr\/programmes\/services-juridiques\/#primaryimage"},"thumbnailUrl":"https:\/\/www.able2.org\/wp-content\/uploads\/2023\/12\/lawfoundation.on_.calogo-fr.png","datePublished":"2023-04-21T16:45:05+00:00","dateModified":"2025-05-05T14:31:27+00:00","breadcrumb":{"@id":"https:\/\/www.able2.org\/fr\/programmes\/services-juridiques\/#breadcrumb"},"inLanguage":"fr-FR","potentialAction":[{"@type":"ReadAction","target":["https:\/\/www.able2.org\/fr\/programmes\/services-juridiques\/"]}]},{"@type":"ImageObject","inLanguage":"fr-FR","@id":"https:\/\/www.able2.org\/fr\/programmes\/services-juridiques\/#primaryimage","url":"https:\/\/www.able2.org\/wp-content\/uploads\/2023\/12\/lawfoundation.on_.calogo-fr.png","contentUrl":"https:\/\/www.able2.org\/wp-content\/uploads\/2023\/12\/lawfoundation.on_.calogo-fr.png"},{"@type":"BreadcrumbList","@id":"https:\/\/www.able2.org\/fr\/programmes\/services-juridiques\/#breadcrumb","itemListElement":[{"@type":"ListItem","position":1,"name":"Home","item":"https:\/\/www.able2.org\/fr\/accueil\/"},{"@type":"ListItem","position":2,"name":"Programmes","item":"https:\/\/www.able2.org\/fr\/programmes\/"},{"@type":"ListItem","position":3,"name":"Services de r\u00e9f\u00e9rence juridique"}]},{"@type":"WebSite","@id":"https:\/\/www.able2.org\/#website","url":"https:\/\/www.able2.org\/","name":"ABLE2","description":"","publisher":{"@id":"https:\/\/www.able2.org\/#organization"},"potentialAction":[{"@type":"SearchAction","target":{"@type":"EntryPoint","urlTemplate":"https:\/\/www.able2.org\/?s={search_term_string}"},"query-input":"required name=search_term_string"}],"inLanguage":"fr-FR"},{"@type":"Organization","@id":"https:\/\/www.able2.org\/#organization","name":"ABLE2","url":"https:\/\/www.able2.org\/","logo":{"@type":"ImageObject","inLanguage":"fr-FR","@id":"https:\/\/www.able2.org\/#\/schema\/logo\/image\/","url":"https:\/\/www.able2.org\/wp-content\/uploads\/2020\/05\/logo.png","contentUrl":"https:\/\/www.able2.org\/wp-content\/uploads\/2020\/05\/logo.png","width":528,"height":137,"caption":"ABLE2"},"image":{"@id":"https:\/\/www.able2.org\/#\/schema\/logo\/image\/"}}]}},"_links":{"self":[{"href":"https:\/\/www.able2.org\/fr\/wp-json\/wp\/v2\/pages\/11248"}],"collection":[{"href":"https:\/\/www.able2.org\/fr\/wp-json\/wp\/v2\/pages"}],"about":[{"href":"https:\/\/www.able2.org\/fr\/wp-json\/wp\/v2\/types\/page"}],"author":[{"embeddable":true,"href":"https:\/\/www.able2.org\/fr\/wp-json\/wp\/v2\/users\/1"}],"replies":[{"embeddable":true,"href":"https:\/\/www.able2.org\/fr\/wp-json\/wp\/v2\/comments?post=11248"}],"version-history":[{"count":46,"href":"https:\/\/www.able2.org\/fr\/wp-json\/wp\/v2\/pages\/11248\/revisions"}],"predecessor-version":[{"id":21157,"href":"https:\/\/www.able2.org\/fr\/wp-json\/wp\/v2\/pages\/11248\/revisions\/21157"}],"up":[{"embeddable":true,"href":"https:\/\/www.able2.org\/fr\/wp-json\/wp\/v2\/pages\/735"}],"wp:attachment":[{"href":"https:\/\/www.able2.org\/fr\/wp-json\/wp\/v2\/media?parent=11248"}],"curies":[{"name":"wp","href":"https:\/\/api.w.org\/{rel}","templated":true}]}}