{"id":11052,"date":"2023-04-19T11:54:18","date_gmt":"2023-04-19T15:54:18","guid":{"rendered":"https:\/\/www.able2.org\/pdpf-adult-protective-services-investment-apsw\/"},"modified":"2025-11-25T16:13:48","modified_gmt":"2025-11-25T21:13:48","slug":"pdpf-programme-de-protection-des-adultes-ppa","status":"publish","type":"page","link":"https:\/\/www.able2.org\/fr\/programmes\/pdpf-programme-de-protection-des-adultes-ppa\/","title":{"rendered":"Programme de soutien au logement: Programme de protection des adultes (PPA)"},"content":{"rendered":"\n<p>ABLE2, en partenariat avec les Services ontariens de d\u00e9veloppement \u2013 \u200b\u200bR\u00e9gion de l&rsquo;Est (SOP-ER) et le Minist\u00e8re des Services \u00e0 l&rsquo;enfance et des Services sociaux et communautaires de l&rsquo;Ontario (MSESSC), offre un programme pour soutenir les adultes ayant une d\u00e9ficience intellectuelle qui souhaitent d\u00e9m\u00e9nager dans leur propre logement.<\/p>\n\n\n\n<p>D\u00e9m\u00e9nager chez soi est un processus envahissant et il peut \u00eatre difficile de savoir par o\u00f9 et comment commencer. Le programme PPA vous mettra en contact avec un travailleur qui travaillera avec vous pour identifier vos objectifs, \u00e9laborer un plan et surmonter tout probl\u00e8me ou obstacle.<\/p>\n\n\n\n<p>Pour commencer, vous devez contacter <strong><a href=\"https:\/\/www.sopdi.ca\/fr\/agencies\/dso-eastern\">le Service ontarien des personnes ayant une d\u00e9ficience intellectuelle<\/a><\/strong> \u2013 R\u00e9gion de l&rsquo;Est (SOPDI-ER) ou votre travailleur social du SOPDI-ER pour d\u00e9terminer votre admissibilit\u00e9 au programme.<\/p>\n\n\n\n<p><strong>Le programme PPA peut vous aider \u00e0&nbsp;:<\/strong><\/p>\n\n\n\n<ul>\n<li>Identifiez vos objectifs en mati\u00e8re de logement et \u00e9laborez un plan qui r\u00e9pond \u00e0 vos d\u00e9sirs, vos besoins, vos forces, vos domaines de soutien, l&rsquo;endroit o\u00f9 vous souhaitez vivre et \u00e0 quoi pourrait ressembler votre maison et qui vous aidera (amis, famille, professionnels et autres prestataires de services).<\/li>\n\n\n\n<li>Terminer&nbsp;votre plan et le mettre en \u0153uvre.<\/li>\n<\/ul>\n\n\n\n<p><strong>Votre travailleur PPA&nbsp;:<\/strong><\/p>\n\n\n\n<ul>\n<li>Vous rencontrera r\u00e9guli\u00e8rement.<\/li>\n\n\n\n<li>Vous fournira des informations, des r\u00e9f\u00e9rences et coordonnera les ressources communautaires.<\/li>\n\n\n\n<li>Vous aidera avec tous les obstacles ou les probl\u00e8mes que vous pourriez rencontrer.<\/li>\n\n\n\n<li>Vous fournir des informations et des r\u00e9f\u00e9rences, et coordonnera avec les ressources communautaires.<\/li>\n<\/ul>\n\n\n\n<p>Ce programme est offert dans les deux langues officielles.<\/p>\n\n\n\n<p><strong>En partenariat avec :<\/strong><\/p>\n\n\n\n<p>Service Ontario des personnes ayant une d\u00e9ficience intellectuelle \u2013 R\u00e9gion de l\u2019Est (SOPDI-ER)<\/p>\n\n\n\n<p>Minist\u00e8re des Services \u00e0 l&rsquo;enfance et des Services sociaux et communautaires de l&rsquo;Ontario (MSCESS)<\/p>\n\n\n\n<p>Pour plus d&rsquo;informations sur ce programme, veuillez contacter <strong><a href=\"mailto:pdpf@able2.org\">pdpf@able2.org<\/a><\/strong> ou appeler le <a href=\"callto:613-761-9522\"><strong>613-761-9522<\/strong><\/a>.<\/p>\n\n\n\n<div style=\"height:10px\" aria-hidden=\"true\" class=\"wp-block-spacer\"><\/div>\n\n\n\n<div class=\"wp-block-pb-accordion-item c-accordion__item js-accordion-item no-js\" data-initially-open=\"false\" data-click-to-close=\"true\" data-auto-close=\"true\" data-scroll=\"false\" data-scroll-offset=\"0\"><h2 id=\"at-110520\" class=\"c-accordion__title js-accordion-controller\" role=\"button\"><strong>Foire aux questions<\/strong><\/h2><div id=\"ac-110520\" class=\"c-accordion__content\">\n<p><strong>Qu&rsquo;est-ce qu&rsquo;un projet de logement ?<\/strong><\/p>\n\n\n\n<p>Un plan de logement est \u00e9labor\u00e9 par vous et votre intervenant PPA. Ce plan personnalis\u00e9 identifie vos objectifs en mati\u00e8re de logement et comment les atteindre. Il r\u00e9pond \u00e0 vos d\u00e9sirs, besoins, forces, domaines de soutien, o\u00f9 vous souhaitez vivre et \u00e0 quoi pourrait ressembler votre maison et qui vous aidera (amis, famille, professionnels et autres prestataires de services).<\/p>\n\n\n\n<p>Ce plan est un guide d\u2019action et peut \u00eatre modifi\u00e9 selon les besoins. Cela vous aidera \u00e0 d\u00e9terminer quand et si vous \u00eates pr\u00eat \u00e0 emm\u00e9nager dans votre propre maison. Vous contr\u00f4lez le moment o\u00f9 tout se passe avec le plan, et celui-ci peut \u00eatre mis \u00e0 jour \u00e0 mesure que les circonstances changent.<\/p>\n\n\n\n<p><strong>Je suis int\u00e9ress\u00e9, mais que se passe-t-il si je ne sais pas si je suis pr\u00eat \u00e0 d\u00e9m\u00e9nager ? Comment le saurai-je ?<\/strong><\/p>\n\n\n\n<p>Nous vous aiderons \u00e0 identifier vos besoins et vos envies.<\/p>\n\n\n\n<p><strong>Et si je souhaite d\u00e9m\u00e9nager dans quelques ann\u00e9es ?<\/strong><\/p>\n\n\n\n<p>Nous pouvons toujours vous aider en vous aidant \u00e0 identifier vos objectifs et \u00e0 \u00e9tablir un plan.<\/p>\n\n\n\n<p><strong>Comment trouver un logement ?<\/strong><\/p>\n\n\n\n<p>Votre travailleur et toute personne que vous souhaitez inclure dans votre plan peuvent vous aider \u00e0 trouver votre logement.<\/p>\n\n\n\n<p><strong>Je ne sais pas faire grand-chose par moi-m\u00eame, comment puis-je vivre seul ?<\/strong><\/p>\n\n\n\n<p>C&rsquo;est OK. Personne ne sait tout faire tout seul du premier coup. Votre travailleur peut vous aider \u00e0 d\u00e9velopper les comp\u00e9tences dont vous avez besoin pour vivre seul ou travailler avec vous pour trouver du soutien dans la communaut\u00e9 qui peut vous aider.<\/p>\n\n\n\n<p><strong>Mais je n\u2019aurai jamais les moyens de m\u2019offrir un logement \u00e0 moi \u2013 et alors ?<\/strong><\/p>\n\n\n\n<p>Votre travailleur n\u2019a pas toutes les solutions, mais en plus d\u2019\u00e9laborer un plan avec vous, il peut \u00e9galement vous aider \u00e0 trouver des ressources dans la communaut\u00e9 qui pourraient vous aider \u00e0 atteindre vos objectifs.<\/p>\n<\/div><\/div>\n\n\n\n<div style=\"height:10px\" aria-hidden=\"true\" class=\"wp-block-spacer\"><\/div>\n\n\n\n<p><strong><a href=\"https:\/\/www.able2.org\/fr\/ressources-et-recherche\/\">RESSOURCES UTILES<\/a><\/strong><\/p>\n\n\n\n<div style=\"height:50px\" aria-hidden=\"true\" class=\"wp-block-spacer\"><\/div>\n\n\n    <section class=\"container sm:flex\">\n                                <article class=\"card sm:w-1\/3\">\n                <a href=\"https:\/\/www.able2.org\/fr\/faites-un-don\/\" class=\"block h-full\">\n                    <h2 class=\"card__title\">Ayez un impact durable en devenant un donateur mensuel \u2063\u2063<\/h2>\n                    <div class=\"card__img-container\">\n                        <img decoding=\"async\" src=\"https:\/\/www.able2.org\/wp-content\/uploads\/2024\/04\/2About-OurHistory-Bucket-MonthlyDonor-300x174.png\" srcset=\"https:\/\/www.able2.org\/wp-content\/uploads\/2024\/04\/2About-OurHistory-Bucket-MonthlyDonor-300x174.png 300w, https:\/\/www.able2.org\/wp-content\/uploads\/2024\/04\/2About-OurHistory-Bucket-MonthlyDonor-1024x594.png 1024w, https:\/\/www.able2.org\/wp-content\/uploads\/2024\/04\/2About-OurHistory-Bucket-MonthlyDonor-768x446.png 768w, https:\/\/www.able2.org\/wp-content\/uploads\/2024\/04\/2About-OurHistory-Bucket-MonthlyDonor.png 1329w\" sizes=\"(max-width: 640px) 100vw, 640px\" alt=\"\" class=\"card__img\">\n                    <\/div>\n                    <p class=\"card__text\">Votre don aide les personnes\u00a0 vivant avec un handicap \u00e0 acqu\u00e9rir de nouvelles<\/p>\n                <\/a>\n            <\/article>\n                                            <article class=\"card card--yellow sm:w-1\/3\">\n                <a href=\"https:\/\/www.able2.org\/fr\/nos-histoires\/\" class=\"block h-full\">\n                    <h2 class=\"card__title\">Apprenez en plus sur comment votre contribution permet de changer des vies<\/h2>\n                    <div class=\"card__img-container\">\n                        <img decoding=\"async\" src=\"https:\/\/www.able2.org\/wp-content\/uploads\/2024\/04\/1About-Bucket-History-300x174.png\" srcset=\"https:\/\/www.able2.org\/wp-content\/uploads\/2024\/04\/1About-Bucket-History-300x174.png 300w, https:\/\/www.able2.org\/wp-content\/uploads\/2024\/04\/1About-Bucket-History-1024x594.png 1024w, https:\/\/www.able2.org\/wp-content\/uploads\/2024\/04\/1About-Bucket-History-768x446.png 768w, https:\/\/www.able2.org\/wp-content\/uploads\/2024\/04\/1About-Bucket-History.png 1329w\" sizes=\"(max-width: 640px) 100vw, 640px\" alt=\"\" class=\"card__img\">\n                    <\/div>\n                    <p class=\"card__text\">Apprenez-en plus sur les histoires des utilisateurs de\u00a0 programmes, des b\u00e9n\u00e9voles et des d\u00e9fenseurs du milieu\u00a0communautaire.<\/p>\n                <\/a>\n            <\/article>\n                                            <article class=\"card sm:w-1\/3\">\n                <a href=\"https:\/\/www.able2.org\/fr\/faire-du-benevolat-avec-able2\/\" class=\"block h-full\">\n                    <h2 class=\"card__title\">B\u00e9n\u00e9vole\u2063<\/h2>\n                    <div class=\"card__img-container\">\n                        <img decoding=\"async\" src=\"https:\/\/www.able2.org\/wp-content\/uploads\/2024\/05\/DonateBucket-May2024-300x174.jpg\" srcset=\"https:\/\/www.able2.org\/wp-content\/uploads\/2024\/05\/DonateBucket-May2024-300x174.jpg 300w, https:\/\/www.able2.org\/wp-content\/uploads\/2024\/05\/DonateBucket-May2024-1024x594.jpg 1024w, https:\/\/www.able2.org\/wp-content\/uploads\/2024\/05\/DonateBucket-May2024-768x446.jpg 768w, https:\/\/www.able2.org\/wp-content\/uploads\/2024\/05\/DonateBucket-May2024.jpg 1329w\" sizes=\"(max-width: 640px) 100vw, 640px\" alt=\"\" class=\"card__img\">\n                    <\/div>\n                    <p class=\"card__text\">Lorsque vous faites du\u00a0b\u00e9n\u00e9volat, vous contribuez \u00e0\u00a0r\u00e9duire la solitude et\u00a0l\u2019isolement social v\u00e9cus par\u00a0de nombreuses personnes<\/p>\n                <\/a>\n            <\/article>\n                        <\/section>\n","protected":false},"excerpt":{"rendered":"<p>ABLE2, en partenariat avec les Services ontariens de d\u00e9veloppement \u2013 \u200b\u200bR\u00e9gion de l&rsquo;Est (SOP-ER) et le Minist\u00e8re des Services \u00e0 l&rsquo;enfance et des Services sociaux et communautaires de l&rsquo;Ontario (MSESSC), offre un programme pour soutenir les adultes ayant une d\u00e9ficience intellectuelle qui souhaitent d\u00e9m\u00e9nager dans leur propre logement. D\u00e9m\u00e9nager chez soi est un processus envahissant [&hellip;]<\/p>\n","protected":false},"author":1,"featured_media":0,"parent":735,"menu_order":0,"comment_status":"closed","ping_status":"closed","template":"page-templates\/page-no_sidebar.php","meta":{"_acf_changed":false,"footnotes":""},"acf":[],"yoast_head":"<!-- This site is optimized with the Yoast SEO plugin v22.8 - https:\/\/yoast.com\/wordpress\/plugins\/seo\/ -->\n<title>Programme de soutien au logement: Programme de protection des adultes (PPA) | ABLE2<\/title>\n<meta name=\"robots\" content=\"index, follow, max-snippet:-1, max-image-preview:large, max-video-preview:-1\" \/>\n<link rel=\"canonical\" href=\"https:\/\/www.able2.org\/fr\/programmes\/pdpf-programme-de-protection-des-adultes-ppa\/\" \/>\n<meta property=\"og:locale\" content=\"fr_FR\" \/>\n<meta property=\"og:type\" content=\"article\" \/>\n<meta property=\"og:title\" content=\"Programme de soutien au logement: Programme de protection des adultes (PPA) | ABLE2\" \/>\n<meta property=\"og:description\" content=\"ABLE2, en partenariat avec les Services ontariens de d\u00e9veloppement \u2013 \u200b\u200bR\u00e9gion de l&rsquo;Est (SOP-ER) et le Minist\u00e8re des Services \u00e0 l&rsquo;enfance et des Services sociaux et communautaires de l&rsquo;Ontario (MSESSC), offre un programme pour soutenir les adultes ayant une d\u00e9ficience intellectuelle qui souhaitent d\u00e9m\u00e9nager dans leur propre logement. D\u00e9m\u00e9nager chez soi est un processus envahissant [&hellip;]\" \/>\n<meta property=\"og:url\" content=\"https:\/\/www.able2.org\/fr\/programmes\/pdpf-programme-de-protection-des-adultes-ppa\/\" \/>\n<meta property=\"og:site_name\" content=\"ABLE2\" \/>\n<meta property=\"article:modified_time\" content=\"2025-11-25T21:13:48+00:00\" \/>\n<meta name=\"twitter:card\" content=\"summary_large_image\" \/>\n<meta name=\"twitter:label1\" content=\"Dur\u00e9e de lecture estim\u00e9e\" \/>\n\t<meta name=\"twitter:data1\" content=\"3 minutes\" \/>\n<script type=\"application\/ld+json\" class=\"yoast-schema-graph\">{\"@context\":\"https:\/\/schema.org\",\"@graph\":[{\"@type\":\"WebPage\",\"@id\":\"https:\/\/www.able2.org\/fr\/programmes\/pdpf-programme-de-protection-des-adultes-ppa\/\",\"url\":\"https:\/\/www.able2.org\/fr\/programmes\/pdpf-programme-de-protection-des-adultes-ppa\/\",\"name\":\"Programme de soutien au logement: Programme de protection des adultes (PPA) | ABLE2\",\"isPartOf\":{\"@id\":\"https:\/\/www.able2.org\/#website\"},\"datePublished\":\"2023-04-19T15:54:18+00:00\",\"dateModified\":\"2025-11-25T21:13:48+00:00\",\"breadcrumb\":{\"@id\":\"https:\/\/www.able2.org\/fr\/programmes\/pdpf-programme-de-protection-des-adultes-ppa\/#breadcrumb\"},\"inLanguage\":\"fr-FR\",\"potentialAction\":[{\"@type\":\"ReadAction\",\"target\":[\"https:\/\/www.able2.org\/fr\/programmes\/pdpf-programme-de-protection-des-adultes-ppa\/\"]}]},{\"@type\":\"BreadcrumbList\",\"@id\":\"https:\/\/www.able2.org\/fr\/programmes\/pdpf-programme-de-protection-des-adultes-ppa\/#breadcrumb\",\"itemListElement\":[{\"@type\":\"ListItem\",\"position\":1,\"name\":\"Home\",\"item\":\"https:\/\/www.able2.org\/fr\/accueil\/\"},{\"@type\":\"ListItem\",\"position\":2,\"name\":\"Programmes\",\"item\":\"https:\/\/www.able2.org\/fr\/programmes\/\"},{\"@type\":\"ListItem\",\"position\":3,\"name\":\"Programme de soutien au logement: Programme de protection des adultes (PPA)\"}]},{\"@type\":\"WebSite\",\"@id\":\"https:\/\/www.able2.org\/#website\",\"url\":\"https:\/\/www.able2.org\/\",\"name\":\"ABLE2\",\"description\":\"\",\"publisher\":{\"@id\":\"https:\/\/www.able2.org\/#organization\"},\"potentialAction\":[{\"@type\":\"SearchAction\",\"target\":{\"@type\":\"EntryPoint\",\"urlTemplate\":\"https:\/\/www.able2.org\/?s={search_term_string}\"},\"query-input\":\"required name=search_term_string\"}],\"inLanguage\":\"fr-FR\"},{\"@type\":\"Organization\",\"@id\":\"https:\/\/www.able2.org\/#organization\",\"name\":\"ABLE2\",\"url\":\"https:\/\/www.able2.org\/\",\"logo\":{\"@type\":\"ImageObject\",\"inLanguage\":\"fr-FR\",\"@id\":\"https:\/\/www.able2.org\/#\/schema\/logo\/image\/\",\"url\":\"https:\/\/www.able2.org\/wp-content\/uploads\/2020\/05\/logo.png\",\"contentUrl\":\"https:\/\/www.able2.org\/wp-content\/uploads\/2020\/05\/logo.png\",\"width\":528,\"height\":137,\"caption\":\"ABLE2\"},\"image\":{\"@id\":\"https:\/\/www.able2.org\/#\/schema\/logo\/image\/\"}}]}<\/script>\n<!-- \/ Yoast SEO plugin. -->","yoast_head_json":{"title":"Programme de soutien au logement: Programme de protection des adultes (PPA) | ABLE2","robots":{"index":"index","follow":"follow","max-snippet":"max-snippet:-1","max-image-preview":"max-image-preview:large","max-video-preview":"max-video-preview:-1"},"canonical":"https:\/\/www.able2.org\/fr\/programmes\/pdpf-programme-de-protection-des-adultes-ppa\/","og_locale":"fr_FR","og_type":"article","og_title":"Programme de soutien au logement: Programme de protection des adultes (PPA) | ABLE2","og_description":"ABLE2, en partenariat avec les Services ontariens de d\u00e9veloppement \u2013 \u200b\u200bR\u00e9gion de l&rsquo;Est (SOP-ER) et le Minist\u00e8re des Services \u00e0 l&rsquo;enfance et des Services sociaux et communautaires de l&rsquo;Ontario (MSESSC), offre un programme pour soutenir les adultes ayant une d\u00e9ficience intellectuelle qui souhaitent d\u00e9m\u00e9nager dans leur propre logement. D\u00e9m\u00e9nager chez soi est un processus envahissant [&hellip;]","og_url":"https:\/\/www.able2.org\/fr\/programmes\/pdpf-programme-de-protection-des-adultes-ppa\/","og_site_name":"ABLE2","article_modified_time":"2025-11-25T21:13:48+00:00","twitter_card":"summary_large_image","twitter_misc":{"Dur\u00e9e de lecture estim\u00e9e":"3 minutes"},"schema":{"@context":"https:\/\/schema.org","@graph":[{"@type":"WebPage","@id":"https:\/\/www.able2.org\/fr\/programmes\/pdpf-programme-de-protection-des-adultes-ppa\/","url":"https:\/\/www.able2.org\/fr\/programmes\/pdpf-programme-de-protection-des-adultes-ppa\/","name":"Programme de soutien au logement: Programme de protection des adultes (PPA) | ABLE2","isPartOf":{"@id":"https:\/\/www.able2.org\/#website"},"datePublished":"2023-04-19T15:54:18+00:00","dateModified":"2025-11-25T21:13:48+00:00","breadcrumb":{"@id":"https:\/\/www.able2.org\/fr\/programmes\/pdpf-programme-de-protection-des-adultes-ppa\/#breadcrumb"},"inLanguage":"fr-FR","potentialAction":[{"@type":"ReadAction","target":["https:\/\/www.able2.org\/fr\/programmes\/pdpf-programme-de-protection-des-adultes-ppa\/"]}]},{"@type":"BreadcrumbList","@id":"https:\/\/www.able2.org\/fr\/programmes\/pdpf-programme-de-protection-des-adultes-ppa\/#breadcrumb","itemListElement":[{"@type":"ListItem","position":1,"name":"Home","item":"https:\/\/www.able2.org\/fr\/accueil\/"},{"@type":"ListItem","position":2,"name":"Programmes","item":"https:\/\/www.able2.org\/fr\/programmes\/"},{"@type":"ListItem","position":3,"name":"Programme de soutien au logement: Programme de protection des adultes (PPA)"}]},{"@type":"WebSite","@id":"https:\/\/www.able2.org\/#website","url":"https:\/\/www.able2.org\/","name":"ABLE2","description":"","publisher":{"@id":"https:\/\/www.able2.org\/#organization"},"potentialAction":[{"@type":"SearchAction","target":{"@type":"EntryPoint","urlTemplate":"https:\/\/www.able2.org\/?s={search_term_string}"},"query-input":"required name=search_term_string"}],"inLanguage":"fr-FR"},{"@type":"Organization","@id":"https:\/\/www.able2.org\/#organization","name":"ABLE2","url":"https:\/\/www.able2.org\/","logo":{"@type":"ImageObject","inLanguage":"fr-FR","@id":"https:\/\/www.able2.org\/#\/schema\/logo\/image\/","url":"https:\/\/www.able2.org\/wp-content\/uploads\/2020\/05\/logo.png","contentUrl":"https:\/\/www.able2.org\/wp-content\/uploads\/2020\/05\/logo.png","width":528,"height":137,"caption":"ABLE2"},"image":{"@id":"https:\/\/www.able2.org\/#\/schema\/logo\/image\/"}}]}},"_links":{"self":[{"href":"https:\/\/www.able2.org\/fr\/wp-json\/wp\/v2\/pages\/11052"}],"collection":[{"href":"https:\/\/www.able2.org\/fr\/wp-json\/wp\/v2\/pages"}],"about":[{"href":"https:\/\/www.able2.org\/fr\/wp-json\/wp\/v2\/types\/page"}],"author":[{"embeddable":true,"href":"https:\/\/www.able2.org\/fr\/wp-json\/wp\/v2\/users\/1"}],"replies":[{"embeddable":true,"href":"https:\/\/www.able2.org\/fr\/wp-json\/wp\/v2\/comments?post=11052"}],"version-history":[{"count":25,"href":"https:\/\/www.able2.org\/fr\/wp-json\/wp\/v2\/pages\/11052\/revisions"}],"predecessor-version":[{"id":22641,"href":"https:\/\/www.able2.org\/fr\/wp-json\/wp\/v2\/pages\/11052\/revisions\/22641"}],"up":[{"embeddable":true,"href":"https:\/\/www.able2.org\/fr\/wp-json\/wp\/v2\/pages\/735"}],"wp:attachment":[{"href":"https:\/\/www.able2.org\/fr\/wp-json\/wp\/v2\/media?parent=11052"}],"curies":[{"name":"wp","href":"https:\/\/api.w.org\/{rel}","templated":true}]}}