{"id":10086,"date":"2023-02-02T14:30:40","date_gmt":"2023-02-02T19:30:40","guid":{"rendered":"https:\/\/www.able2.org\/resources\/"},"modified":"2025-09-16T10:29:12","modified_gmt":"2025-09-16T14:29:12","slug":"bibliotheque-de-ressources","status":"publish","type":"page","link":"https:\/\/www.able2.org\/fr\/bibliotheque-de-ressources\/","title":{"rendered":"Biblioth\u00e8que de ressources"},"content":{"rendered":"\n<hr class=\"wp-block-separator has-css-opacity\"\/>\n\n\n\n<div style=\"height:20px\" aria-hidden=\"true\" class=\"wp-block-spacer\"><\/div>\n\n\n\n<h3 class=\"wp-block-heading\"><strong>Ressources d&rsquo;ABLE2<\/strong><\/h3>\n\n\n\n<ul>\n<li><strong><a href=\"https:\/\/youtu.be\/iXC3FTsRqw4?si=G9p_QNJHHygR4XIn\">Session d&rsquo;information du Conseil scolaire catholique d&rsquo;Ottawa sur les programmes et services d&rsquo;ABLE2<\/a>. <a href=\"https:\/\/www.able2.org\/wp-content\/uploads\/2025\/03\/Thony-Video-Transcript-ABLE2-Info-Session-for-OCSB-EN.pdf\">Transcription anglaise disponible ici<\/a>.<\/strong><\/li>\n<\/ul>\n\n\n\n<h3 class=\"wp-block-heading\"><strong>G\u00e9n\u00e9ral<\/strong><\/h3>\n\n\n\n<ul>\n<li><strong><a href=\"https:\/\/incomesecurity.org\/wp-content\/uploads\/2024\/07\/July-2024-ODSP-and-OW-rates-and-OCB.pdf\">Taux d&rsquo;OT et du POSPH et de la Prestation ontarienne pour enfants (en date de juillet 2024)<\/a><\/strong> [Disponible uniquement en Anglais]<\/li>\n\n\n\n<li><a href=\"https:\/\/www.sopdi.ca\/fr\/agencies\/dso-eastern\"><strong>Services aux personnes ayant une d\u00e9ficience intellectuelle Ontario<\/strong><\/a><\/li>\n\n\n\n<li><a href=\"https:\/\/www.ontario.ca\/fr\/page\/adultes-ayant-une-deficience-intellectuelle-en-ontario#section-2\"><strong>Minist\u00e8re des Services \u00e0 l&rsquo;enfance et des Services sociaux et communautaires : Services aux adultes ayant une d\u00e9ficience intellectuelle<\/strong><\/a><\/li>\n\n\n\n<li><a href=\"https:\/\/www.lignesante.ca\/splash.aspx\"><strong>La ligne Sant\u00e9<\/strong><\/a><\/li>\n\n\n\n<li><a href=\"https:\/\/housingregistry.ca\/fr\/\"><strong>Registre des logements sociaux d&rsquo;Ottawa<\/strong><\/a><\/li>\n\n\n\n<li><a href=\"https:\/\/pasbienottawa.ca\/\"><strong>Pas en s\u00e9curit\u00e9 \u00e0 la maison Ottawa<\/strong><\/a><\/li>\n\n\n\n<li><a href=\"https:\/\/www.dcottawa.on.ca\/?lang=fr\"><strong>Centre de d\u00e9tresse Ottawa et r\u00e9gion<\/strong><\/a><\/li>\n\n\n\n<li><a href=\"https:\/\/www.marchofdimes.ca\/fr-ca#\"><strong>Marche des dix sous<\/strong><\/a><\/li>\n\n\n\n<li><a href=\"https:\/\/scsonline.ca\/fr\/\"><strong>Coordination des services pour les personnes ayant une d\u00e9ficience intellectuelle (bilingue)<\/strong><\/a><\/li>\n\n\n\n<li><a href=\"https:\/\/www.octranspo.com\/fr\/nos-services\/transport-accessible\/formation-sur-les-deplacements\/\"><strong>Programme d&rsquo;OC Transpo<\/strong><\/a><\/li>\n\n\n\n<li><strong><a href=\"https:\/\/www.whimble.ca\/\">Whimble Ottawa<\/a><\/strong><\/li>\n<\/ul>\n\n\n\n<h3 class=\"wp-block-heading\"><strong>Planification et animation<\/strong><\/h3>\n\n\n\n<ul>\n<li><strong><a href=\"https:\/\/www.ontario.ca\/fr\/page\/lignes-directrices-du-programme-de-protection-des-adultes\">Programme des travailleurs des services de protection des adultes<\/a><\/strong><\/li>\n\n\n\n<li><strong><a href=\"https:\/\/passportfunding.ca\/fr\/\">Programme de financement du passeport<\/a><\/strong><\/li>\n\n\n\n<li><strong><a href=\"https:\/\/www.sopdi.ca\/fr\/agencies\/dso-eastern\">Services de l&rsquo;Ontario pour les personnes ayant une d\u00e9ficience intellectuelle (SOPDI) R\u00e9gion de l&rsquo;Est<\/a><\/strong><\/li>\n\n\n\n<li><strong><a href=\"https:\/\/www.sopdi.ca\/fr\/housing\/welcome-to-the-dso-housing-toolkit\">Trousse \u00e0 outils pour le logement DSO<\/a><\/strong><\/li>\n\n\n\n<li><strong><a href=\"https:\/\/cffo-ottawa.org\/guide-d%E2%80%99accompagnement\">Guide de planification du logement du CFFO<\/a><\/strong><\/li>\n\n\n\n<li><strong><a href=\"https:\/\/housingregistry.ca\/fr\/\">Registre des logements de la Ville d&rsquo;Ottawa<\/a><\/strong><\/li>\n\n\n\n<li><strong><a href=\"https:\/\/www.able2.org\/fr\/evenements\/\">S\u00fbr et s\u00e9curis\u00e9 pour les parents\/tuteurs non r\u00e9mun\u00e9r\u00e9s<\/a><\/strong><\/li>\n\n\n\n<li><strong><a href=\"https:\/\/iflibrary.ca\/\">Biblioth\u00e8que de financement individualis\u00e9e<\/a><\/strong> [Disponible uniquement en Anglais]<\/li>\n\n\n\n<li><strong><a href=\"http:\/\/www.oifn.ca\/francais\/\">R\u00e9seau ontarien de facilitation ind\u00e9pendante<\/a><\/strong><\/li>\n\n\n\n<li><strong><a href=\"https:\/\/www.ontario.ca\/fr\/document\/objectifs-de-service-msesc-services-aux-enfants-ayant-une-deficience-intellectuelle\">Minist\u00e8re des Services \u00e0 l&rsquo;enfance et des Services sociaux et communautaires Guide de planification et d&rsquo;animation autodirig\u00e9es, 2013<\/a><\/strong><\/li>\n\n\n\n<li><strong><a href=\"https:\/\/futureplanningtool.ca\/fr\/accueil\">Outil de planification interactif pour les personnes vivant en Ontario<\/a><\/strong><\/li>\n\n\n\n<li><strong><a href=\"https:\/\/inclusion.com\/\">Inclusion.com<\/a> <\/strong>[Disponible uniquement en Anglais]<\/li>\n\n\n\n<li><strong><a href=\"http:\/\/helensandersonassociates.co.uk\/ca\/\">Helen Saunderson Associ\u00e9s<\/a><\/strong> [Disponible uniquement en Anglais]<\/li>\n\n\n\n<li><strong><a href=\"https:\/\/office365.us.vadesecure.com\/safeproxy\/v3?f=GnvGO9RaEZGwRtwAiapiwc4HxIrNl4zxisuFVGu81XbEDhcUDJltRprnI6_iyz1j&amp;i=WL3KyeFi5wN_XlbyeVevWtnf4DMfdYtfblS1YNm17M3xQ5f6pgOfJaCECbcJ5hKLFjEP1c3nI4mLDrVuHOQ-vA&amp;k=HKAg&amp;r=L7g0Wyi-kRedTMkYSWmDs1ZaYuCOfuq5JeFu8LPu7Oed-ZN5jfZ4lf-Q-jB8aYpE&amp;u=http%3A%2F%2Fdaneo-raipheo.ca%2F\">DANEO-RAIPHEO<\/a><\/strong><\/li>\n\n\n\n<li><a href=\"https:\/\/www.peoplefirstofcanada.ca\/\"><strong>Les gens d&rsquo;abord du Canada<\/strong><\/a> [Disponible uniquement en Anglais]<\/li>\n\n\n\n<li><a href=\"https:\/\/www.familiesmattercoop.ca\/\"><strong>La famille compte<\/strong><\/a> [Disponible uniquement en Anglais]<\/li>\n\n\n\n<li><a href=\"https:\/\/family-alliance.com\/\"><strong>Alliance des familles de l&rsquo;Ontario<\/strong><\/a> [Disponible uniquement en Anglais]<\/li>\n\n\n\n<li><a href=\"https:\/\/www.donnathomson.com\/\"><strong>Le salon des soignants<\/strong><\/a> [Disponible uniquement en Anglais]<\/li>\n\n\n\n<li><a href=\"https:\/\/everydayordinarylife.wordpress.com\/\"><strong>Une vie ordinaire au quotidien<\/strong><\/a> [Disponible uniquement en Anglais]<\/li>\n\n\n\n<li><a href=\"https:\/\/studylib.net\/doc\/7657780\/connections--a-guide-to-transition-planning--ontario-\"><strong>Guide de transition des connexions<\/strong><\/a> [Disponible uniquement en Anglais]<\/li>\n\n\n\n<li><a href=\"https:\/\/studylib.net\/doc\/7657780\/connections--a-guide-to-transition-planning--ontario-\"><strong><strong>ConnectABILITY<\/strong><\/strong><\/a> [Disponible uniquement en Anglais]<\/li>\n\n\n\n<li><a href=\"https:\/\/www.empoweringability.org\/\"><strong>Capacit\u00e9 d&rsquo;autonomisation<\/strong><\/a> [Disponible uniquement en Anglais]<\/li>\n\n\n\n<li><strong><a href=\"https:\/\/www.planningnetwork.ca\/\">R\u00e9seau de planification<\/a><\/strong> [Disponible uniquement en Anglais]<\/li>\n\n\n\n<li><strong><a href=\"http:\/\/stories.oifn.ca\/\">Stories about Facilitation<\/a><\/strong> [Disponible uniquement en Anglais]<\/li>\n<\/ul>\n\n\n\n<h3 class=\"wp-block-heading\"><strong>Cliniques juridiques<\/strong><\/h3>\n\n\n\n<ul>\n<li><strong><a href=\"https:\/\/www.uottawa.ca\/faculte-droit\/common-law\/clinique-juridique-communautaire\">Clinique juridique communautaire de l&rsquo;Universit\u00e9 d&rsquo;Ottawa<\/a><\/strong><\/li>\n\n\n\n<li><strong><a href=\"https:\/\/servicesjuridiquesdelouest.wordpress.com\/\">Services juridiques de l&rsquo;ouest d&rsquo;Ottawa<\/a><\/strong><\/li>\n\n\n\n<li><strong><a href=\"https:\/\/www.legalaid.on.ca\/fr\/legal-clinics\/services-juridiques-communautaires-dottawa-bureau-sud\/\">Services juridiques communautaires du sud d&rsquo;Ottawa<\/a><\/strong><\/li>\n\n\n\n<li><strong><a href=\"https:\/\/cleoconnect.ca\/cleo-legal-information\/francais\/\">Services juridiques communautaires Ottawa Centre<\/a><\/strong><\/li>\n\n\n\n<li><strong><a href=\"https:\/\/www.legalaid.on.ca\/fr\/\">Bureau du droit de l&rsquo;immigration et des r\u00e9fugi\u00e9s d&rsquo;Ottawa (qui fait partie du BSLI d&rsquo;Ottawa)<\/a><\/strong><\/li>\n\n\n\n<li><strong><a href=\"https:\/\/www.cscvanier.com\/\">La Clinique juridique francophone de l&rsquo;Est d&rsquo;Ottawa (Centre de services communautaires Vanier)<\/a><\/strong><\/li>\n\n\n\n<li><strong><a href=\"https:\/\/www.facebook.com\/cda.blc\/\">Clinique de droit des affaires (uOttawa)<\/a><\/strong><\/li>\n\n\n\n<li><strong><a href=\"https:\/\/centreinfojuridique.ca\/\">Centre d&rsquo;information juridique de l&rsquo;Ontario<\/a><\/strong><\/li>\n\n\n\n<li><strong><a href=\"https:\/\/ottawa.cmha.ca\/fr\/\">Centres d&rsquo;information sur le droit de la famille (CIDF)<\/a><\/strong><\/li>\n\n\n\n<li><strong><a href=\"https:\/\/www.reach.ca\/\">Service de r\u00e9f\u00e9rence du Barreau<\/a> <\/strong>[Disponible uniquement en Anglais]<\/li>\n<\/ul>\n\n\n\n<h3 class=\"wp-block-heading\"><strong>Ressources pour les victimes<\/strong><\/h3>\n\n\n\n<ul>\n<li><strong><a href=\"https:\/\/ovs-svo.com\/fr\">Services aux victimes d&rsquo;Ottawa<\/a><\/strong><\/li>\n\n\n\n<li><strong><a href=\"https:\/\/www.ontario.ca\/fr\/page\/demandez-de-laide-en-cas-de-violence\">Ligne d&rsquo;aide aux victimes<\/a><\/strong><\/li>\n\n\n\n<li><strong><a href=\"https:\/\/www.ottawapolice.ca\/fr\/\">Unit\u00e9 d&rsquo;aide aux victimes (Police d&rsquo;Ottawa)<\/a><\/strong><\/li>\n\n\n\n<li><strong><a href=\"https:\/\/www.ontario.ca\/fr\/page\/services-aux-victimes-en-ontario\">Programme d&rsquo;aide aux victimes et aux t\u00e9moins<\/a><\/strong><\/li>\n\n\n\n<li><strong><a href=\"https:\/\/cfsottawa.ca\/fr\/\">Programme de soutien aux enfants et aux jeunes t\u00e9moins<\/a><\/strong><\/li>\n\n\n\n<li><strong><a href=\"https:\/\/www.victimesdabord.gc.ca\/\">Bureau de l&rsquo;ombudsman f\u00e9d\u00e9ral des victimes d&rsquo;actes criminels<\/a><\/strong><\/li>\n\n\n\n<li><strong><a href=\"https:\/\/crcvc.ca\/fr\/\">Centre canadien de ressources pour les victimes de crimes<\/a><\/strong><\/li>\n\n\n\n<li><strong><a href=\"https:\/\/www.ontario.ca\/fr\/page\/services-aux-victimes-en-ontario\">Office ontarien des victimes d&rsquo;actes criminels<\/a><\/strong><\/li>\n<\/ul>\n\n\n\n<div style=\"height:20px\" aria-hidden=\"true\" class=\"wp-block-spacer\"><\/div>\n\n\n\n<hr class=\"wp-block-separator has-css-opacity\"\/>\n\n\n\n<div style=\"height:20px\" aria-hidden=\"true\" class=\"wp-block-spacer\"><\/div>\n\n\n\n<h3 class=\"wp-block-heading has-black-color has-text-color\"><strong>Recherche<\/strong><\/h3>\n\n\n\n<ul>\n<li><a href=\"https:\/\/www.able2.org\/wp-content\/uploads\/2023\/08\/Neil-Squire-English.pdf\"><strong>Neil Squire 2021 Survey Results and Second Survey &#8211; Difficulties in Digital Usage and Literacy: Helping to Bridge the Digital Divide for People Living with Disabilities<\/strong><\/a> [Disponible uniquement en Anglais]<\/li>\n\n\n\n<li><strong><a href=\"https:\/\/www.able2.org\/wp-content\/uploads\/2022\/07\/PhD-CI-ABLE2-Report-compressed.pdf\">All Aboard! Re-evaluating ABLE2&rsquo;s Onboarding Process<\/a> <\/strong>[Disponible uniquement en Anglais]<\/li>\n\n\n\n<li><strong><a href=\"https:\/\/www.able2.org\/wp-content\/uploads\/2022\/06\/M._Zhang_NSCI499-Final-Written-Report.pdf\">The Fetal Alcohol Resource Program: Analysis of Supports Provided to Individuals and Families Impacted by FASD<\/a><\/strong> [Disponible uniquement en Anglais]<\/li>\n\n\n\n<li><strong><a aria-label=\"undefined (opens in a new tab)\" href=\"https:\/\/www.able2.org\/wp-content\/uploads\/2021\/10\/RAPPORT_mise-en-page_FINAL-web-compressed.pdf\" target=\"_blank\" rel=\"noreferrer noopener\">R\u00e9pondre aux d\u00e9fis de la pand\u00e9mie COVID-19 \u00e0 l\u2019intention des familles ayant des enfants affect\u00e9s par les troubles n\u00e9o-d\u00e9veloppementaux<\/a> <\/strong>[Disponible uniquement en Anglais]<\/li>\n\n\n\n<li><strong><a aria-label=\"undefined (opens in a new tab)\" href=\"https:\/\/www.able2.org\/wp-content\/uploads\/2021\/05\/FTO-Projet-pilote-E%CC%81valuation-de-programme-15-Septembre-2020.pdf\" target=\"_blank\" rel=\"noreferrer noopener\">Projet pilote de transition vers l\u2019\u00e2ge adulte de la Fondation Trillium de l\u2019Ontario \u00e0 l\u2019intention des jeunes adultes touch\u00e9s par un TSAF<\/a><\/strong><\/li>\n\n\n\n<li><strong><a aria-label=\"undefined (opens in a new tab)\" href=\"https:\/\/www.able2.org\/wp-content\/uploads\/2021\/05\/HousingTrust-Feasibility-Project-Report-Final.pdf\" target=\"_blank\" rel=\"noreferrer noopener\">Une \u00e9tude de faisabilit\u00e9 \u00e0 une fiducie de logement au profit des adultes ayant une d\u00e9ficience intellectuelle \u00e0 Ottawa-Carleton<\/a> <\/strong>[Disponible uniquement en Anglais]<\/li>\n<\/ul>\n\n\n\n<div style=\"height:50px\" aria-hidden=\"true\" class=\"wp-block-spacer\"><\/div>\n\n\n    <section class=\"container sm:flex\">\n                                <article class=\"card sm:w-1\/3\">\n                <a href=\"https:\/\/www.able2.org\/fr\/faites-un-don\/\" class=\"block h-full\">\n                    <h2 class=\"card__title\">Ayez un impact durable en devenant un donateur mensuel \u2063\u2063<\/h2>\n                    <div class=\"card__img-container\">\n                        <img decoding=\"async\" src=\"https:\/\/www.able2.org\/wp-content\/uploads\/2024\/04\/2About-OurHistory-Bucket-MonthlyDonor-300x174.png\" srcset=\"https:\/\/www.able2.org\/wp-content\/uploads\/2024\/04\/2About-OurHistory-Bucket-MonthlyDonor-300x174.png 300w, https:\/\/www.able2.org\/wp-content\/uploads\/2024\/04\/2About-OurHistory-Bucket-MonthlyDonor-1024x594.png 1024w, https:\/\/www.able2.org\/wp-content\/uploads\/2024\/04\/2About-OurHistory-Bucket-MonthlyDonor-768x446.png 768w, https:\/\/www.able2.org\/wp-content\/uploads\/2024\/04\/2About-OurHistory-Bucket-MonthlyDonor.png 1329w\" sizes=\"(max-width: 640px) 100vw, 640px\" alt=\"\" class=\"card__img\">\n                    <\/div>\n                    <p class=\"card__text\">Votre don aide les personnes\u00a0 vivant avec un handicap \u00e0 acqu\u00e9rir de nouvelles<\/p>\n                <\/a>\n            <\/article>\n                                            <article class=\"card card--yellow sm:w-1\/3\">\n                <a href=\"https:\/\/www.able2.org\/fr\/nos-histoires\/\" class=\"block h-full\">\n                    <h2 class=\"card__title\">Apprenez en plus sur comment votre contribution permet de changer des vies<\/h2>\n                    <div class=\"card__img-container\">\n                        <img decoding=\"async\" src=\"https:\/\/www.able2.org\/wp-content\/uploads\/2024\/04\/1About-Bucket-History-300x174.png\" srcset=\"https:\/\/www.able2.org\/wp-content\/uploads\/2024\/04\/1About-Bucket-History-300x174.png 300w, https:\/\/www.able2.org\/wp-content\/uploads\/2024\/04\/1About-Bucket-History-1024x594.png 1024w, https:\/\/www.able2.org\/wp-content\/uploads\/2024\/04\/1About-Bucket-History-768x446.png 768w, https:\/\/www.able2.org\/wp-content\/uploads\/2024\/04\/1About-Bucket-History.png 1329w\" sizes=\"(max-width: 640px) 100vw, 640px\" alt=\"\" class=\"card__img\">\n                    <\/div>\n                    <p class=\"card__text\">Apprenez-en plus sur les histoires des utilisateurs de\u00a0 programmes, des b\u00e9n\u00e9voles et des d\u00e9fenseurs du milieu\u00a0communautaire.<\/p>\n                <\/a>\n            <\/article>\n                                            <article class=\"card sm:w-1\/3\">\n                <a href=\"https:\/\/www.able2.org\/fr\/faire-du-benevolat-avec-able2\/\" class=\"block h-full\">\n                    <h2 class=\"card__title\">B\u00e9n\u00e9vole\u2063<\/h2>\n                    <div class=\"card__img-container\">\n                        <img decoding=\"async\" src=\"https:\/\/www.able2.org\/wp-content\/uploads\/2024\/05\/DonateBucket-May2024-300x174.jpg\" srcset=\"https:\/\/www.able2.org\/wp-content\/uploads\/2024\/05\/DonateBucket-May2024-300x174.jpg 300w, https:\/\/www.able2.org\/wp-content\/uploads\/2024\/05\/DonateBucket-May2024-1024x594.jpg 1024w, https:\/\/www.able2.org\/wp-content\/uploads\/2024\/05\/DonateBucket-May2024-768x446.jpg 768w, https:\/\/www.able2.org\/wp-content\/uploads\/2024\/05\/DonateBucket-May2024.jpg 1329w\" sizes=\"(max-width: 640px) 100vw, 640px\" alt=\"\" class=\"card__img\">\n                    <\/div>\n                    <p class=\"card__text\">Lorsque vous faites du\u00a0b\u00e9n\u00e9volat, vous contribuez \u00e0\u00a0r\u00e9duire la solitude et\u00a0l\u2019isolement social v\u00e9cus par\u00a0de nombreuses personnes<\/p>\n                <\/a>\n            <\/article>\n                        <\/section>\n","protected":false},"excerpt":{"rendered":"<p>Ressources d&rsquo;ABLE2 G\u00e9n\u00e9ral Planification et animation Cliniques juridiques Ressources pour les victimes Recherche<\/p>\n","protected":false},"author":1,"featured_media":0,"parent":0,"menu_order":0,"comment_status":"closed","ping_status":"closed","template":"page-templates\/page-no_sidebar.php","meta":{"_acf_changed":false,"footnotes":""},"acf":[],"yoast_head":"<!-- This site is optimized with the Yoast SEO plugin v22.8 - https:\/\/yoast.com\/wordpress\/plugins\/seo\/ -->\n<title>Biblioth\u00e8que de ressources | ABLE2<\/title>\n<meta name=\"robots\" content=\"index, follow, max-snippet:-1, max-image-preview:large, max-video-preview:-1\" \/>\n<link rel=\"canonical\" href=\"https:\/\/www.able2.org\/fr\/bibliotheque-de-ressources\/\" \/>\n<meta property=\"og:locale\" content=\"fr_FR\" \/>\n<meta property=\"og:type\" content=\"article\" \/>\n<meta property=\"og:title\" content=\"Biblioth\u00e8que de ressources | ABLE2\" \/>\n<meta property=\"og:description\" content=\"Ressources d&rsquo;ABLE2 G\u00e9n\u00e9ral Planification et animation Cliniques juridiques Ressources pour les victimes Recherche\" \/>\n<meta property=\"og:url\" content=\"https:\/\/www.able2.org\/fr\/bibliotheque-de-ressources\/\" \/>\n<meta property=\"og:site_name\" content=\"ABLE2\" \/>\n<meta property=\"article:modified_time\" content=\"2025-09-16T14:29:12+00:00\" \/>\n<meta name=\"twitter:card\" content=\"summary_large_image\" \/>\n<meta name=\"twitter:label1\" content=\"Dur\u00e9e de lecture estim\u00e9e\" \/>\n\t<meta name=\"twitter:data1\" content=\"3 minutes\" \/>\n<script type=\"application\/ld+json\" class=\"yoast-schema-graph\">{\"@context\":\"https:\/\/schema.org\",\"@graph\":[{\"@type\":\"WebPage\",\"@id\":\"https:\/\/www.able2.org\/fr\/bibliotheque-de-ressources\/\",\"url\":\"https:\/\/www.able2.org\/fr\/bibliotheque-de-ressources\/\",\"name\":\"Biblioth\u00e8que de ressources | ABLE2\",\"isPartOf\":{\"@id\":\"https:\/\/www.able2.org\/#website\"},\"datePublished\":\"2023-02-02T19:30:40+00:00\",\"dateModified\":\"2025-09-16T14:29:12+00:00\",\"breadcrumb\":{\"@id\":\"https:\/\/www.able2.org\/fr\/bibliotheque-de-ressources\/#breadcrumb\"},\"inLanguage\":\"fr-FR\",\"potentialAction\":[{\"@type\":\"ReadAction\",\"target\":[\"https:\/\/www.able2.org\/fr\/bibliotheque-de-ressources\/\"]}]},{\"@type\":\"BreadcrumbList\",\"@id\":\"https:\/\/www.able2.org\/fr\/bibliotheque-de-ressources\/#breadcrumb\",\"itemListElement\":[{\"@type\":\"ListItem\",\"position\":1,\"name\":\"Home\",\"item\":\"https:\/\/www.able2.org\/fr\/accueil\/\"},{\"@type\":\"ListItem\",\"position\":2,\"name\":\"Biblioth\u00e8que de ressources\"}]},{\"@type\":\"WebSite\",\"@id\":\"https:\/\/www.able2.org\/#website\",\"url\":\"https:\/\/www.able2.org\/\",\"name\":\"ABLE2\",\"description\":\"\",\"publisher\":{\"@id\":\"https:\/\/www.able2.org\/#organization\"},\"potentialAction\":[{\"@type\":\"SearchAction\",\"target\":{\"@type\":\"EntryPoint\",\"urlTemplate\":\"https:\/\/www.able2.org\/?s={search_term_string}\"},\"query-input\":\"required name=search_term_string\"}],\"inLanguage\":\"fr-FR\"},{\"@type\":\"Organization\",\"@id\":\"https:\/\/www.able2.org\/#organization\",\"name\":\"ABLE2\",\"url\":\"https:\/\/www.able2.org\/\",\"logo\":{\"@type\":\"ImageObject\",\"inLanguage\":\"fr-FR\",\"@id\":\"https:\/\/www.able2.org\/#\/schema\/logo\/image\/\",\"url\":\"https:\/\/www.able2.org\/wp-content\/uploads\/2020\/05\/logo.png\",\"contentUrl\":\"https:\/\/www.able2.org\/wp-content\/uploads\/2020\/05\/logo.png\",\"width\":528,\"height\":137,\"caption\":\"ABLE2\"},\"image\":{\"@id\":\"https:\/\/www.able2.org\/#\/schema\/logo\/image\/\"}}]}<\/script>\n<!-- \/ Yoast SEO plugin. -->","yoast_head_json":{"title":"Biblioth\u00e8que de ressources | ABLE2","robots":{"index":"index","follow":"follow","max-snippet":"max-snippet:-1","max-image-preview":"max-image-preview:large","max-video-preview":"max-video-preview:-1"},"canonical":"https:\/\/www.able2.org\/fr\/bibliotheque-de-ressources\/","og_locale":"fr_FR","og_type":"article","og_title":"Biblioth\u00e8que de ressources | ABLE2","og_description":"Ressources d&rsquo;ABLE2 G\u00e9n\u00e9ral Planification et animation Cliniques juridiques Ressources pour les victimes Recherche","og_url":"https:\/\/www.able2.org\/fr\/bibliotheque-de-ressources\/","og_site_name":"ABLE2","article_modified_time":"2025-09-16T14:29:12+00:00","twitter_card":"summary_large_image","twitter_misc":{"Dur\u00e9e de lecture estim\u00e9e":"3 minutes"},"schema":{"@context":"https:\/\/schema.org","@graph":[{"@type":"WebPage","@id":"https:\/\/www.able2.org\/fr\/bibliotheque-de-ressources\/","url":"https:\/\/www.able2.org\/fr\/bibliotheque-de-ressources\/","name":"Biblioth\u00e8que de ressources | ABLE2","isPartOf":{"@id":"https:\/\/www.able2.org\/#website"},"datePublished":"2023-02-02T19:30:40+00:00","dateModified":"2025-09-16T14:29:12+00:00","breadcrumb":{"@id":"https:\/\/www.able2.org\/fr\/bibliotheque-de-ressources\/#breadcrumb"},"inLanguage":"fr-FR","potentialAction":[{"@type":"ReadAction","target":["https:\/\/www.able2.org\/fr\/bibliotheque-de-ressources\/"]}]},{"@type":"BreadcrumbList","@id":"https:\/\/www.able2.org\/fr\/bibliotheque-de-ressources\/#breadcrumb","itemListElement":[{"@type":"ListItem","position":1,"name":"Home","item":"https:\/\/www.able2.org\/fr\/accueil\/"},{"@type":"ListItem","position":2,"name":"Biblioth\u00e8que de ressources"}]},{"@type":"WebSite","@id":"https:\/\/www.able2.org\/#website","url":"https:\/\/www.able2.org\/","name":"ABLE2","description":"","publisher":{"@id":"https:\/\/www.able2.org\/#organization"},"potentialAction":[{"@type":"SearchAction","target":{"@type":"EntryPoint","urlTemplate":"https:\/\/www.able2.org\/?s={search_term_string}"},"query-input":"required name=search_term_string"}],"inLanguage":"fr-FR"},{"@type":"Organization","@id":"https:\/\/www.able2.org\/#organization","name":"ABLE2","url":"https:\/\/www.able2.org\/","logo":{"@type":"ImageObject","inLanguage":"fr-FR","@id":"https:\/\/www.able2.org\/#\/schema\/logo\/image\/","url":"https:\/\/www.able2.org\/wp-content\/uploads\/2020\/05\/logo.png","contentUrl":"https:\/\/www.able2.org\/wp-content\/uploads\/2020\/05\/logo.png","width":528,"height":137,"caption":"ABLE2"},"image":{"@id":"https:\/\/www.able2.org\/#\/schema\/logo\/image\/"}}]}},"_links":{"self":[{"href":"https:\/\/www.able2.org\/fr\/wp-json\/wp\/v2\/pages\/10086"}],"collection":[{"href":"https:\/\/www.able2.org\/fr\/wp-json\/wp\/v2\/pages"}],"about":[{"href":"https:\/\/www.able2.org\/fr\/wp-json\/wp\/v2\/types\/page"}],"author":[{"embeddable":true,"href":"https:\/\/www.able2.org\/fr\/wp-json\/wp\/v2\/users\/1"}],"replies":[{"embeddable":true,"href":"https:\/\/www.able2.org\/fr\/wp-json\/wp\/v2\/comments?post=10086"}],"version-history":[{"count":37,"href":"https:\/\/www.able2.org\/fr\/wp-json\/wp\/v2\/pages\/10086\/revisions"}],"predecessor-version":[{"id":22139,"href":"https:\/\/www.able2.org\/fr\/wp-json\/wp\/v2\/pages\/10086\/revisions\/22139"}],"wp:attachment":[{"href":"https:\/\/www.able2.org\/fr\/wp-json\/wp\/v2\/media?parent=10086"}],"curies":[{"name":"wp","href":"https:\/\/api.w.org\/{rel}","templated":true}]}}